{"id":3103,"date":"2024-12-12T09:36:42","date_gmt":"2024-12-12T09:36:42","guid":{"rendered":"https:\/\/vapestornado.com\/?post_type=product&#038;p=3103"},"modified":"2025-08-23T11:16:54","modified_gmt":"2025-08-23T11:16:54","slug":"randm-tornado-7k-puffs-hot-sale-rechargeable-vape","status":"publish","type":"product","link":"https:\/\/vapestornado.com\/lt\/product\/randm-tornado-7k-puffs-hot-sale-rechargeable-vape\/","title":{"rendered":"\u201eRandm Tornado 7k Puffs\u201c kar\u0161tai parduodamas \u012fkraunamas garintuvas"},"content":{"rendered":"<h1>\u201eRandm Tornado 7k Puffs\u201c kar\u0161tai parduodamas \u012fkraunamas garintuvas<\/h1>\n<p>&nbsp;<\/p>\n<div role=\"article\" data-tabster=\"{&quot;groupper&quot;:{&quot;tabbability&quot;:2},&quot;focusable&quot;:{}}\" data-content=\"ai-message\" aria-labelledby=\"64JRvXrTnY7mRmPkEQLLT-author 64JRvXrTnY7mRmPkEQLLT-content\">\n<div id=\"64JRvXrTnY7mRmPkEQLLT-content\">\n<p>Pagerinkite savo garinimo patirt\u012f su \u201eRandm Tornado 7000 Puffs\u201c i\u0161 anksto u\u017epildytu \u012fkraunamu garintuvu \u2013 prabangos ir na\u0161umo vir\u0161\u016bne. \u0160is auk\u0161\u010diausios klas\u0117s \u012frenginys pasi\u017eymi \u012fsp\u016bdinga 15 ml talpos talpykla, u\u017etikrinan\u010dia ilgalaik\u012f garinimo malonum\u0105 be nuolatinio poreikio papildyti. Tvirta 850 mAh baterija u\u017etikrina skland\u0173, nepertraukiam\u0105 naudojim\u0105, tod\u0117l tai patikimas kompanionas tiek namuose, tiek keliaujant.<\/p>\n<p>Viena i\u0161 i\u0161skirtini\u0173 \u201eRandM Vape Tornado 7000\u201c savybi\u0173 yra jo universalumas su e-skys\u010diais. Tai leid\u017eia jums i\u0161tirti \u012fvair\u0173 skoni\u0173 asortiment\u0105 \u2013 nuo gaivinan\u010di\u0173 vaisi\u0173 mi\u0161ini\u0173 iki sodraus, patenkinan\u010dio tabako. Suasmeninkite savo garinimo kelion\u0119, kad ji atitikt\u0173 j\u016bs\u0173 rafinuot\u0105 skon\u012f, u\u017etikrindami, kad kiekvienas \u012fkv\u0117pimas b\u016bt\u0173 unikali patirtis.<\/p>\n<p>Pa\u017eangi tinklelio rit\u0117s technologija, \u012fdiegta \u201eRandM Tornado 7k puffs\u201c, maksimaliai padidina skon\u012f ir gar\u0173 gamyb\u0105, paversdama kiekvien\u0105 \u012fkv\u0117pim\u0105 \u012f i\u0161skirtin\u012f skonio poj\u016bt\u012f. Patogus dizainas kartu su patogia USB-C \u012fkrovimo sistema daro \u0161\u012f \u012frengin\u012f tok\u012f pat prakti\u0161k\u0105, kaip ir galing\u0105.<\/p>\n<p>Tiems, kurie reikalauja geriausios kokyb\u0117s ir na\u0161umo, \u201eRandM Tornado 7000\u201c vienkartinis garintuvas yra geriausias pasirinkimas. Jo auk\u0161\u010diausios kokyb\u0117s konstrukcijos, novatori\u0161k\u0173 funkcij\u0173 ir skonio universalumo derinys nustato nauj\u0105 prabangaus garinimo standart\u0105. Pajuskite skirtum\u0105 su \u012frenginiu, skirtu \u017einovams, kurie vertina geresnius dalykus gyvenime.<\/p>\n<\/div>\n<\/div>\n<p>&nbsp;<\/p>\n<p><img fetchpriority=\"high\" decoding=\"async\" class=\"wp-image-2951\" src=\"https:\/\/vapestornado.com\/wp-content\/uploads\/2024\/12\/Wholesale-Disposable-Vape-265x300.jpg\" alt=\"Didmenin\u0117 prekyba vienkartiniais garintuvais\" width=\"295\" height=\"334\" srcset=\"https:\/\/vapestornado.com\/wp-content\/uploads\/2024\/12\/Wholesale-Disposable-Vape-265x300.jpg 265w, https:\/\/vapestornado.com\/wp-content\/uploads\/2024\/12\/Wholesale-Disposable-Vape-768x871.jpg 768w, https:\/\/vapestornado.com\/wp-content\/uploads\/2024\/12\/Wholesale-Disposable-Vape-600x680.jpg 600w, https:\/\/vapestornado.com\/wp-content\/uploads\/2024\/12\/Wholesale-Disposable-Vape.jpg 823w\" sizes=\"(max-width: 295px) 100vw, 295px\" \/><\/p>\n<h6>Pra\u0161ome susisiekti su Mandy per \u201eWhatsApp\u201c d\u0117l nuolaidos kainos:<a href=\"https:\/\/wa.me\/8618077105796\" target=\"_blank\" rel=\"noopener\">+8618077105796<\/a><\/h6>\n<h2><strong>Randm Vape 7000 \u012fkv\u0117pim\u0173 \u2013 pagrindin\u0117s specifikacijos<\/strong><\/h2>\n<ul>\n<li><strong>Baterijos talpa<\/strong>: 850 mAh prailgintoms garinimo sesijoms.<\/li>\n<li><strong>E-skys\u010dio t\u016bris<\/strong>: 15 ml talpykla u\u017etikrina ilgalaik\u012f skon\u012f ir pasitenkinim\u0105.<\/li>\n<li><strong>\u012ekv\u0117pim\u0173 skai\u010dius<\/strong>: Iki 7 000 \u012fkv\u0117pim\u0173 ilgalaikiam naudojimui.<\/li>\n<li><strong>\u012ekrovimas<\/strong>: \u012erengtas USB-C prievadas greitam ir patogiam \u012fkrovimui.<\/li>\n<li><strong>Rit\u0117s tipas<\/strong>: Pa\u017eangi tinklelio rit\u0117 u\u017etikrina sklandesnius ir aromatingesnius garus.<\/li>\n<li><strong>Ap\u0161vietimo funkcija<\/strong>: RGB bako ap\u0161vietimas suteikia stiling\u0105 ir dinami\u0161k\u0105 vizualin\u012f element\u0105.<\/li>\n<\/ul>\n<h2><strong>Tornado Vape Randm 7k \u012fkv\u0117pim\u0173 skoni\u0173 s\u0105ra\u0161as:<\/strong><\/h2>\n<p>1 V\u0117si m\u0117ta<br \/>\n2 Sodrus ledas<br \/>\n3 Mandarin\u0173 ledas<br \/>\n4 Bra\u0161kin\u0117 spurgos<br \/>\n5 Guminukai<br \/>\n6 M\u0117lyn\u0117s ant ledo<br \/>\n7 Mangai ant ledo<br \/>\n8 Persik\u0173 ledas<br \/>\n9 Banan\u0173 ledas<br \/>\n10 Vynuogi\u0173 ledas<br \/>\n11 Ro\u017einis limonadas<br \/>\n12 Pina Colada romas<br \/>\n13 Mi\u0161rios uogos<br \/>\n14 Banan\u0173 pieno kokteilis<br \/>\n15 Bra\u0161ki\u0173 arb\u016bzas<br \/>\n16 Raudonasis obuolys ir citrina<br \/>\n17 Ananas\u0173 ledas<br \/>\n18 Cukraus vata<br \/>\n19 Bra\u0161k\u0117 ir bananas<br \/>\n20 Bra\u0161ki\u0173 ledas<br \/>\n21 Bra\u0161k\u0117 ir kivis<br \/>\n22 Raudon\u0173j\u0173 energini\u0173 g\u0117rim\u0173 ledas<br \/>\n23 M\u0117lyni\u0173 ir avie\u010di\u0173 limonadas<br \/>\n24 Raudon\u0173j\u0173 obuoli\u0173 ledas<br \/>\n25 Uog\u0173 limonadas<br \/>\n26. M\u0117lyni\u0173 kramtomoji guma<br \/>\n27. R\u016bg\u0161\u010dioji m\u0117lynoji aviet\u0117<br \/>\n28. Daktaras M\u0117lynasis<br \/>\n29. Obuoli\u0173 persik\u0173 kriau\u0161\u0117<br \/>\n30. M\u0117lyni\u0173 granatas<br \/>\n31. Vimto<br \/>\n32. Kivio pasifloros gvajava<br \/>\n33. Colaice<br \/>\n34. R\u016bg\u0161tus obuolys<br \/>\n35. Juod\u0173j\u0173 serbent\u0173 mentolis<br \/>\n36. Tigro kraujas<br \/>\n37. Persik\u0173 m\u0117lyni\u0173 saldainiai<br \/>\n38. Persik\u0173 mangas<br \/>\n39. Bra\u0161ki\u0173 Red Bull<br \/>\n40. Juod\u0173j\u0173 serbent\u0173 ledas<br \/>\n41. Bra\u0161ki\u0173 arb\u016bz\u0173 limonadas<br \/>\n42. Vy\u0161nia<br \/>\n43. M\u0117lyna avie\u010di\u0173 vy\u0161nia<br \/>\n44. Skittles<br \/>\n45. M\u0117lyni\u0173 aviet\u0117<br \/>\n46. Bra\u0161ki\u0173 vynuog\u0117s<br \/>\n47. M\u0117lyni\u0173 vy\u0161ni\u0173 spanguol\u0117s<br \/>\n48. Obuoli\u0173 uog\u0173 sprogimas<br \/>\n49. Vy\u0161ni\u0173 kola<br \/>\n50. Citrina<br \/>\n51. Ro\u017einis sprogimas<br \/>\n52. Ramiojo vandenyno au\u0161intuvas<br \/>\n53. Led\u0173 porcija<br \/>\n54. Bingo sutriu\u0161kinimas<br \/>\n55. Vimto sutriu\u0161kinimas<br \/>\n56. Tabakas<\/p>\n<div role=\"article\" data-tabster=\"{&quot;groupper&quot;:{&quot;tabbability&quot;:2},&quot;focusable&quot;:{}}\" data-content=\"ai-message\" aria-labelledby=\"dARUyEWDoEYhnSPXFwx5A-author dARUyEWDoEYhnSPXFwx5A-content\">\n<div id=\"dARUyEWDoEYhnSPXFwx5A-content\">\n<h2>Kod\u0117l verta rinktis RandM Tornado 7000 \u012ftraukim\u0173 garintuvus <a href=\"https:\/\/vapestornado.com\/lt\/store\/\">vapestornado.com<\/a>?<\/h2>\n<p><strong>1. Puiki talpykla<\/strong>: RandM Tornado 7000 \u012ftraukim\u0173 garintuvas pasi\u017eymi i\u0161skirtine 15 ml talpykla, u\u017etikrinan\u010dia ilgesnes garinimo sesijas be nuolatinio papildymo. Puikiai tinka ilgoms dienoms ir nepertraukiamam malonumui.<\/p>\n<p><strong>2. Patikimas akumuliatoriaus veikimas<\/strong>: \u0160is \u012frenginys, apr\u016bpintas 850 mAh \u012fkraunamu akumuliatoriumi, garantuoja nuolatin\u012f ir patikim\u0105 veikim\u0105, u\u017etikrinant\u012f, kad niekada nepraleisite n\u0117 vieno takto, nesvarbu, ar esate namuose, ar keliaujate.<\/p>\n<p><strong>3. Skonio universalumas<\/strong>: RandM Tornado 7000, suderinamas su \u012fvairiais e-skys\u010diais, leid\u017eia pritaikyti savo garinimo patirt\u012f. Nuo \u0161vie\u017ei\u0173 vaisi\u0173 mi\u0161ini\u0173 iki sodri\u0173 tabako skoni\u0173 \u2013 j\u016bs\u0173 galimyb\u0117s yra neribotos.<\/p>\n<p><strong>4. Pa\u017eangi tinklelio rit\u0117s technologija<\/strong>: Novatori\u0161ka tinklelio rit\u0117s technologija u\u017etikrina optimal\u0173 skonio i\u0161ry\u0161kinim\u0105 ir gar\u0173 gamyb\u0105, paversdama kiekvien\u0105 \u012ftraukim\u0105 auk\u0161\u010diausios kokyb\u0117s skonio poj\u016b\u010diu. Patirkite did\u017eiausi\u0105 skonio intensyvum\u0105 su kiekvienu \u012fkv\u0117pimu.<\/p>\n<p><strong>5. Patogus dizainas<\/strong>: Su lengvu papildymu ir prakti\u0161ka USB-C \u012fkrovimo sistema, RandM Tornado 7000 sukurtas patogumui ir efektyvumui. Jis ne tik galingas, bet ir ne\u012ftik\u0117tinai lengvai naudojamas.<\/p>\n<p>Pasirinkite RandM Tornado 7000 Puffs Vape Pod i\u0161 <a href=\"https:\/\/vapestornado.com\/lt\/store\/\">vapestornado.com<\/a> kad patirtum\u0117te prabang\u0105, na\u0161um\u0105 ir universalum\u0105 apjungian\u010di\u0105 garinimo patirt\u012f.<\/p>\n<\/div>\n<\/div>\n<h2>DUK apie RandM Tornado 7000 Puffs \u012fkraunam\u0105 Vape<\/h2>\n<p><strong>K: Kiek \u012ftraukim\u0173 galiu tik\u0117tis i\u0161 RandM Tornado 7000?<\/strong><\/p>\n<p><strong>A:<\/strong> RandM Tornado 7000 si\u016blo ma\u017edaug 7 000 \u012ftraukim\u0173 viename \u012frenginyje, u\u017etikrinant ilgalaik\u0119 garinimo patirt\u012f.<\/p>\n<p><strong>K: Kokia yra RandM Tornado 7000 baterijos talpa?<\/strong><\/p>\n<p><strong>A:<\/strong> RandM Tornado 7000 yra apr\u016bpintas 850 mAh \u012fkraunama baterija, u\u017etikrinan\u010dia nuosekl\u0173 veikim\u0105 ir patikimum\u0105.<\/p>\n<p><strong>K: Kaip \u012fkrauti RandM Tornado 7000 \u012ftraukim\u0173 vienkartin\u012f garintuv\u0105?<\/strong><\/p>\n<p><strong>A:<\/strong> \u012erenginyje yra USB-C \u012fkrovimo prievadas, tod\u0117l j\u012f lengva \u012fkrauti. Tiesiog prijunkite \u012frengin\u012f prie suderinamo \u012fkroviklio ir \u012fkraukite pagal poreik\u012f.<\/p>\n<p><strong>K: Kokia e. skys\u010dio talpa yra randm vape Tornado 7000 \u012ftraukim\u0173?<\/strong><\/p>\n<p><strong>A:<\/strong> RandM Tornado 7k \u012ftraukim\u0173 talpykla yra 15 ml, tod\u0117l galima ilgai naudoti be da\u017eno papildymo.<\/p>\n<p>&nbsp;<\/p>","protected":false},"excerpt":{"rendered":"<p><strong>Griebkite Randm Tornado 7000 \u012fkv\u0117pim\u0173 u\u017e ma\u017eesn\u0119 kain\u0105 \u0161iandien<\/strong><\/p>\n<p><strong>\u012eperkama didmenin\u0117 kaina Randm Tornado 7000 \u012fkv\u0117pim\u0173 garintuvams<\/strong><\/p>\n<p><strong>Pirkite dideliais kiekiais Randm Tornado 7000 \u012fkv\u0117pim\u0173 garintuv\u0105, kad maksimaliai sutaupytum\u0117te<\/strong><\/p>\n<figure id=\"attachment_2951\" aria-describedby=\"caption-attachment-2951\" style=\"width: 265px\" class=\"wp-caption alignnone\"><img decoding=\"async\" class=\"size-medium wp-image-2951\" src=\"https:\/\/vapestornado.com\/wp-content\/uploads\/2024\/12\/Wholesale-Disposable-Vape-265x300.jpg\" alt=\"Didmenin\u0117 prekyba vienkartiniais garintuvais\" width=\"265\" height=\"300\" srcset=\"https:\/\/vapestornado.com\/wp-content\/uploads\/2024\/12\/Wholesale-Disposable-Vape-265x300.jpg 265w, https:\/\/vapestornado.com\/wp-content\/uploads\/2024\/12\/Wholesale-Disposable-Vape-768x871.jpg 768w, https:\/\/vapestornado.com\/wp-content\/uploads\/2024\/12\/Wholesale-Disposable-Vape-600x680.jpg 600w, https:\/\/vapestornado.com\/wp-content\/uploads\/2024\/12\/Wholesale-Disposable-Vape.jpg 823w\" sizes=\"(max-width: 265px) 100vw, 265px\" \/><figcaption id=\"caption-attachment-2951\" class=\"wp-caption-text\">Pra\u0161ome susisiekti su Mandy per \u201eWhatsApp\u201c d\u0117l nuolaidos kainos\u00a0 <a href=\"https:\/\/wa.me\/8618077105796\">+8618077105796<\/a><\/figcaption><\/figure>\n<p>&nbsp;<\/p>","protected":false},"featured_media":3117,"comment_status":"open","ping_status":"closed","template":"","meta":{"_acf_changed":false,"_uag_custom_page_level_css":"","_lmt_disableupdate":"no","_lmt_disable":"","_monsterinsights_skip_tracking":false,"_monsterinsights_sitenote_active":false,"_monsterinsights_sitenote_note":"","_monsterinsights_sitenote_category":0,"site-sidebar-layout":"default","site-content-layout":"","ast-site-content-layout":"default","site-content-style":"default","site-sidebar-style":"default","ast-global-header-display":"","ast-banner-title-visibility":"","ast-main-header-display":"","ast-hfb-above-header-display":"","ast-hfb-below-header-display":"","ast-hfb-mobile-header-display":"","site-post-title":"","ast-breadcrumbs-content":"","ast-featured-img":"","footer-sml-layout":"","ast-disable-related-posts":"","theme-transparent-header-meta":"default","adv-header-id-meta":"","stick-header-meta":"","header-above-stick-meta":"","header-main-stick-meta":"","header-below-stick-meta":"","astra-migrate-meta-layouts":"set","ast-page-background-enabled":"default","ast-page-background-meta":{"desktop":{"background-color":"","background-image":"","background-repeat":"repeat","background-position":"center center","background-size":"auto","background-attachment":"scroll","background-type":"","background-media":"","overlay-type":"","overlay-color":"","overlay-opacity":"","overlay-gradient":""},"tablet":{"background-color":"","background-image":"","background-repeat":"repeat","background-position":"center center","background-size":"auto","background-attachment":"scroll","background-type":"","background-media":"","overlay-type":"","overlay-color":"","overlay-opacity":"","overlay-gradient":""},"mobile":{"background-color":"","background-image":"","background-repeat":"repeat","background-position":"center center","background-size":"auto","background-attachment":"scroll","background-type":"","background-media":"","overlay-type":"","overlay-color":"","overlay-opacity":"","overlay-gradient":""}},"ast-content-background-meta":{"desktop":{"background-color":"var(--ast-global-color-5)","background-image":"","background-repeat":"repeat","background-position":"center center","background-size":"auto","background-attachment":"scroll","background-type":"","background-media":"","overlay-type":"","overlay-color":"","overlay-opacity":"","overlay-gradient":""},"tablet":{"background-color":"var(--ast-global-color-5)","background-image":"","background-repeat":"repeat","background-position":"center center","background-size":"auto","background-attachment":"scroll","background-type":"","background-media":"","overlay-type":"","overlay-color":"","overlay-opacity":"","overlay-gradient":""},"mobile":{"background-color":"var(--ast-global-color-5)","background-image":"","background-repeat":"repeat","background-position":"center center","background-size":"auto","background-attachment":"scroll","background-type":"","background-media":"","overlay-type":"","overlay-color":"","overlay-opacity":"","overlay-gradient":""}},"_joinchat":{"telephone":"+8618077105796"}},"product_brand":[],"product_cat":[58,74,153,154,148],"product_tag":[97,127],"class_list":{"0":"post-3103","1":"product","2":"type-product","3":"status-publish","4":"has-post-thumbnail","6":"product_cat-fumot-vape","7":"product_cat-7000-puff","8":"product_cat-buy-disposable-vapes-in-italy","9":"product_cat-buy-disposable-vapes-in-netherlands","10":"product_cat-tornado-disposable-vapes","11":"product_tag-hot-sale-disposable-vape","12":"product_tag-randm-tornado-7000","13":"desktop-align-left","14":"tablet-align-left","15":"mobile-align-left","17":"first","18":"instock","19":"sale","20":"shipping-taxable","21":"purchasable","22":"product-type-simple"},"acf":[],"uagb_featured_image_src":{"full":["https:\/\/vapestornado.com\/wp-content\/uploads\/2024\/12\/Randm-7000-Puff-Strawberry-Watermelon-Lemonade.jpg",800,800,false],"thumbnail":["https:\/\/vapestornado.com\/wp-content\/uploads\/2024\/12\/Randm-7000-Puff-Strawberry-Watermelon-Lemonade-150x150.jpg",150,150,true],"medium":["https:\/\/vapestornado.com\/wp-content\/uploads\/2024\/12\/Randm-7000-Puff-Strawberry-Watermelon-Lemonade-300x300.jpg",300,300,true],"medium_large":["https:\/\/vapestornado.com\/wp-content\/uploads\/2024\/12\/Randm-7000-Puff-Strawberry-Watermelon-Lemonade-768x768.jpg",768,768,true],"large":["https:\/\/vapestornado.com\/wp-content\/uploads\/2024\/12\/Randm-7000-Puff-Strawberry-Watermelon-Lemonade.jpg",800,800,false],"1536x1536":["https:\/\/vapestornado.com\/wp-content\/uploads\/2024\/12\/Randm-7000-Puff-Strawberry-Watermelon-Lemonade.jpg",800,800,false],"2048x2048":["https:\/\/vapestornado.com\/wp-content\/uploads\/2024\/12\/Randm-7000-Puff-Strawberry-Watermelon-Lemonade.jpg",800,800,false],"trp-custom-language-flag":["https:\/\/vapestornado.com\/wp-content\/uploads\/2024\/12\/Randm-7000-Puff-Strawberry-Watermelon-Lemonade.jpg",12,12,false],"woocommerce_thumbnail":["https:\/\/vapestornado.com\/wp-content\/uploads\/2024\/12\/Randm-7000-Puff-Strawberry-Watermelon-Lemonade-300x300.jpg",300,300,true],"woocommerce_single":["https:\/\/vapestornado.com\/wp-content\/uploads\/2024\/12\/Randm-7000-Puff-Strawberry-Watermelon-Lemonade-600x600.jpg",600,600,true],"woocommerce_gallery_thumbnail":["https:\/\/vapestornado.com\/wp-content\/uploads\/2024\/12\/Randm-7000-Puff-Strawberry-Watermelon-Lemonade-100x100.jpg",100,100,true]},"uagb_author_info":{"display_name":"ESMANDY","author_link":"https:\/\/vapestornado.com\/lt\/author\/"},"uagb_comment_info":0,"uagb_excerpt":"Grab Randm Tornado 7000 Puffs at a Discount Price Today Affordable Wholesale Price for Randm Tornado 7000 Puffs Vapes Bulk Buy Randm Tornado 7000 Puff Vape for Maximum Savings [caption id=\"attachment_2951\" align=\"alignnone\" width=\"265\"] Pls Contact Mandy's WhatsApp For Discount Price\u00a0 +8618077105796[\/caption] &nbsp;","_links":{"self":[{"href":"https:\/\/vapestornado.com\/lt\/wp-json\/wp\/v2\/product\/3103","targetHints":{"allow":["GET"]}}],"collection":[{"href":"https:\/\/vapestornado.com\/lt\/wp-json\/wp\/v2\/product"}],"about":[{"href":"https:\/\/vapestornado.com\/lt\/wp-json\/wp\/v2\/types\/product"}],"replies":[{"embeddable":true,"href":"https:\/\/vapestornado.com\/lt\/wp-json\/wp\/v2\/comments?post=3103"}],"wp:featuredmedia":[{"embeddable":true,"href":"https:\/\/vapestornado.com\/lt\/wp-json\/wp\/v2\/media\/3117"}],"wp:attachment":[{"href":"https:\/\/vapestornado.com\/lt\/wp-json\/wp\/v2\/media?parent=3103"}],"wp:term":[{"taxonomy":"product_brand","embeddable":true,"href":"https:\/\/vapestornado.com\/lt\/wp-json\/wp\/v2\/product_brand?post=3103"},{"taxonomy":"product_cat","embeddable":true,"href":"https:\/\/vapestornado.com\/lt\/wp-json\/wp\/v2\/product_cat?post=3103"},{"taxonomy":"product_tag","embeddable":true,"href":"https:\/\/vapestornado.com\/lt\/wp-json\/wp\/v2\/product_tag?post=3103"}],"curies":[{"name":"wp","href":"https:\/\/api.w.org\/{rel}","templated":true}]}}