{"id":3099,"date":"2024-12-12T08:20:28","date_gmt":"2024-12-12T08:20:28","guid":{"rendered":"https:\/\/vapestornado.com\/?post_type=product&#038;p=3099"},"modified":"2025-12-05T09:13:20","modified_gmt":"2025-12-05T09:13:20","slug":"vapme-shisha-hookah-15000-puff-rechargeable-disposable-vape-wholesale-poland","status":"publish","type":"product","link":"https:\/\/vapestornado.com\/lt\/product\/vapme-shisha-hookah-15000-puff-rechargeable-disposable-vape-wholesale-poland\/","title":{"rendered":"\u201eVapme Shisha Hookah 15000\u201c \u012ftraukim\u0173 \u012fkraunamas vienkartinis garintuvas Didmenin\u0117 prekyba Lenkija"},"content":{"rendered":"<h1 class=\"product-title\">\u201eVapme Shisha Hookah 15000\u201c \u012ftraukim\u0173 \u012fkraunamas vienkartinis garintuvas Didmenin\u0117 prekyba Lenkija<\/h1>\n<p data-start=\"87\" data-end=\"383\">\u0160is <strong data-start=\"91\" data-end=\"136\">Vapme Shisha Hookah 15000 vienkartinis vape<\/strong> pateikia shisha stiliaus seans\u0105 kompakti\u0161kame, lengvai ne\u0161iojame korpuse. Sukurtas ilgalaikiam kasdieniam naudojimui, jis suteikia laik\u0105, kurio tikisi i\u0161 <strong data-start=\"274\" data-end=\"307\">Vapme Shisha Hookah 15K p\u016b\u010di\u0173<\/strong> \u012frenginys, palaikomas su 25 ml pripildytu bakeliu ir \u012fkraunama maitinimo sistema.<\/p>\n<p data-start=\"385\" data-end=\"653\">Tai tikras <strong data-start=\"400\" data-end=\"426\">15000 p\u016b\u010di\u0173 shisha vape<\/strong> sukurtas aplink atvir\u0105, \u0161velni\u0105 \u012fkv\u0117pim\u0105. The <strong data-start=\"469\" data-end=\"506\">0.6\u03a9 shisha stiliaus vienkartinis vape<\/strong> rit\u0117s nustatymas sukuria storesn\u012f gar\u0105 ir platesn\u012f \u012fkv\u0117pim\u0105 nei grie\u017eti MTL vienkartiniai, suteikdamas artimesn\u012f hookah poj\u016bt\u012f be jokios \u012frangos, angli\u0173 ar netvarkos.<\/p>\n<p data-start=\"655\" data-end=\"1025\">Talpa pagr\u012fsta tikru skys\u010dio t\u016briu. Kaip <strong data-start=\"702\" data-end=\"728\">Vapme Hookah vape 25ml<\/strong> modelis, jis turi pakankamai e-skys\u010dio, kad atitikt\u0173 auk\u0161t\u0105 p\u016b\u010di\u0173 skai\u010di\u0173, tod\u0117l naudotojai nesudegina \u012frenginio per kelias dienas. Kai baterija i\u0161sikrauna, <strong data-start=\"876\" data-end=\"922\">Type-C \u012fkraunamas shisha vienkartinis vape<\/strong> sistema leid\u017eia greitai ir paprastai papildyti, leid\u017eiant naudotojams u\u017epildyti vis\u0105 bakel\u012f, o ne j\u012f i\u0161mesti anksti.<\/p>\n<p data-start=\"1027\" data-end=\"1209\">Nikotinas yra dviejose protingose opcijose\u20140% skonio tik seansams ir 2% lengvam kasdieniam naudojimui\u2014bei pla\u010diame skoni\u0173 pasirinkime, kad naudotojai gal\u0117t\u0173 laikytis to, k\u0105 m\u0117gsta ilgais naudojimo laikotarpiais.<\/p>\n<p><strong style=\"font-size: 16px;\">Susisiekite su Amy d\u0117l teisingo atsakymo ir vape kupono!<\/strong><\/p>\n<p><img fetchpriority=\"high\" decoding=\"async\" class=\"size-full wp-image-2932\" src=\"https:\/\/vapestornado.com\/wp-content\/uploads\/2024\/12\/Vape-Wholesale.jpg\" alt=\"Garintuvai Didmenin\u0117 prekyba\" width=\"229\" height=\"300\" \/><\/p>\n<h3><a href=\"https:\/\/wa.me\/8617776015835\" target=\"_blank\" rel=\"noopener\"><span style=\"color: #ff0000;\"><strong>WhatsApp: +86 17776015835<\/strong><\/span><\/a><\/h3>\n<p>&nbsp;<\/p>\n<h2><strong>Vapme Shisha Hookah 15000 produkto savyb\u0117s<\/strong><\/h2>\n<table>\n<thead>\n<tr>\n<th>Funkcija<\/th>\n<th align=\"right\">Specifikacija<\/th>\n<th>Paai\u0161kinimas<\/th>\n<\/tr>\n<\/thead>\n<tbody>\n<tr>\n<td>Produkto pavadinimas<\/td>\n<td align=\"right\">Vapme Shisha Kaljanas 15000<\/td>\n<td>Ai\u0161kus pavadinimas pakartotiniams u\u017esakymams ir paie\u0161kai.<\/td>\n<\/tr>\n<tr>\n<td>\u012ep\u016btim\u0173 talpa<\/td>\n<td align=\"right\">Iki 15 000 p\u016btim\u0173<\/td>\n<td>Ilgesnis naudojimas nei standartiniai vienkartiniai \u012frenginiai; ma\u017eiau keitim\u0173.<\/td>\n<\/tr>\n<tr>\n<td>E-skys\u010dio t\u016bris<\/td>\n<td align=\"right\">25 ml i\u0161 anksto u\u017epildyta<\/td>\n<td>Didelis bakas palaiko 15K \u012fvertinim\u0105.<\/td>\n<\/tr>\n<tr>\n<td>Vamzdelis \/ Var\u017ea<\/td>\n<td align=\"right\">0,6\u03a9<\/td>\n<td>Daugiau atvira \u012fkv\u0117pimo ir storesnis garas, artimesnis \u0161y\u0161os stiliui.<\/td>\n<\/tr>\n<tr>\n<td>Baterija<\/td>\n<td align=\"right\">650mAh \u012fkraunamas<\/td>\n<td>\u012ekraukite, kad naudotum\u0117te vis\u0105 bakel\u012f.<\/td>\n<\/tr>\n<tr>\n<td>\u012ekrovimas<\/td>\n<td align=\"right\">USB Type-C<\/td>\n<td>Bendras kabelio standartas; greiti papildymai.<\/td>\n<\/tr>\n<tr>\n<td>Nikotino pasirinkimai<\/td>\n<td align=\"right\">0% \/ 2%<\/td>\n<td>Pasirinkite tik skon\u012f arba lengv\u0105 nikotino doz\u0119.<\/td>\n<\/tr>\n<tr>\n<td>Skoni\u0173 pasirinkimai<\/td>\n<td align=\"right\">24 skoniai<\/td>\n<td>Diapazonas skirtingiems pageidavimams ir pakartotiniam pardavimui.<\/td>\n<\/tr>\n<tr>\n<td>Aktyvavimas<\/td>\n<td align=\"right\">\u012ejungiama \u012ftraukimu<\/td>\n<td>Be mygtuk\u0173; \u012fkv\u0117pkite, kad \u012fkv\u0117ptum\u0117te gar\u0173.<\/td>\n<\/tr>\n<\/tbody>\n<\/table>\n<h2 class=\"product-title\"><strong>Vapme 15000 E \u0160y\u0161os Skoni\u0173 S\u0105ra\u0161as<\/strong><\/h2>\n<ol start=\"1\">\n<li>M\u0117lyn\u0117s su ledu<\/li>\n<li>Kivi\u0173, pasiflor\u0173 ir gvajav\u0173<\/li>\n<li>M\u0117lyni\u0173 avie\u010di\u0173 limonadas<\/li>\n<li>Bra\u0161ki\u0173 ir kivi\u0173<\/li>\n<li>Mi\u0161rios uogos<\/li>\n<li>Bra\u0161ki\u0173 arb\u016bzas<\/li>\n<li>Vynuogi\u0173 ledas<\/li>\n<li>Arb\u016bz\u0173 ledas<\/li>\n<li>Persik\u0173, mang\u0173 ir ananas\u0173<\/li>\n<li>Bra\u0161ki\u0173 ledas<\/li>\n<li>Persik\u0173 ledas<\/li>\n<li>Mango bananas<\/li>\n<li>Vy\u0161ni\u0173 uogos<\/li>\n<li>M\u0117lyni\u0173 avie\u010di\u0173<\/li>\n<li>Meil\u0117 66<\/li>\n<li>Arb\u016bz\u0173 jautis<\/li>\n<li>Bra\u0161ki\u0173 vynuog\u0117s<\/li>\n<li>Bra\u0161ki\u0173 avie\u010di\u0173 saldainiai<\/li>\n<li>Mamba<\/li>\n<li>Arb\u016bz\u0173 vy\u0161nia<\/li>\n<li>\u0160aldytas obuolys<\/li>\n<li>Citrin\u0173 m\u0117ta<\/li>\n<li>Juod\u0173j\u0173 serbent\u0173 ledas<\/li>\n<li>Ananas\u0173 kokteilis<\/li>\n<\/ol>\n<h3>Kod\u0117l verta rinktis \u201evapestornado\u201c didmeninei prekybai \u201eVapme 15000 Puff\u201c?<\/h3>\n<div class=\"flex-shrink-0 flex flex-col relative items-end\">\n<div class=\"pt-0\">\n<div class=\"gizmo-bot-avatar flex h-8 w-8 items-center justify-center overflow-hidden rounded-full\">\n<div class=\"relative p-1 rounded-sm flex items-center justify-center bg-token-main-surface-primary text-token-text-primary h-8 w-8\">\n<p>Sveiki atvyk\u0119 \u012f vapestornado \u2013 j\u016bs\u0173 patikim\u0105 internetin\u0119 auk\u0161\u010diausios kokyb\u0117s vienkartini\u0173 garinimo priemoni\u0173 parduotuv\u0119. Tur\u0117dami daugiau nei 5 met\u0173 patirt\u012f, si\u016blome populiarius vienkartini\u0173 garinimo priemoni\u0173 prek\u0117s \u017eenklus, tokius kaip Fumot RandM Vape, <a href=\"https:\/\/vapestornado.com\/lt\/product\/vapme-crystal-7000-puffs-rechargeable-disposable-vape-wholesale-cheap-price\/\">Vapme<\/a>, Bang Vape, Waspe Vape, ir WGA Vape ir kt.<\/p>\n<p>M\u016bs\u0173 asortimentas apima populiarias garinimo priemones, tokias kaip <a href=\"https:\/\/vapestornado.com\/lt\/product\/fumot-randm-tornado-15000-puffs-rechargeable-disposable-vape-wholesale\/\">RandM Tornado 15000<\/a>, ir skoni\u0173 turtingus pasirinkimus, tokius kaip <a href=\"https:\/\/vapestornado.com\/lt\/product\/waspe-40000-puffs-double-flavour-led-display-disposable-vape-wholesale\/\">WASPE dvigubo skonio 40000 \u012fkv\u0117pim\u0173<\/a> . Kiekvienas produktas yra atrenkamas, akcentuojant kokyb\u0119, vert\u0119 ir \u012fvairov\u0119, u\u017etikrinant, kad rastum\u0117te tobul\u0105 variant\u0105 savo poreikiams. Atraskite i\u0161skirtin\u012f aptarnavim\u0105 ir plat\u0173 auk\u0161\u010diausios kokyb\u0117s produkt\u0173 asortiment\u0105 didmenin\u0117mis kainomis vapestornado svetain\u0117je.<\/p>\n<\/div>\n<h3><\/h3>\n<div class=\"relative p-1 rounded-sm flex items-center justify-center bg-token-main-surface-primary text-token-text-primary h-8 w-8\">\n<h3>DUK apie vienkartin\u012f \u201eVapme Shisha 15000 Puff\u201c garintuv\u0105<\/h3>\n<p data-start=\"2743\" data-end=\"2944\"><strong data-start=\"2743\" data-end=\"2812\">1. Ar man reikia specialios \u012fkroviklio Vapme \u0160y\u0161ai 15K?<\/strong><br data-start=\"2812\" data-end=\"2815\" \/>Ne. <strong data-start=\"2823\" data-end=\"2861\">Vapme \u0160y\u0161a 15K vienkartin\u0117<\/strong> \u012ekraunama per <strong data-start=\"2874\" data-end=\"2888\">USB Type-C<\/strong>, tod\u0117l bet koks standartinis Type-C kabelis ir saugus adapteris tinka.<\/p>\n<p data-start=\"2946\" data-end=\"3170\"><strong data-start=\"2946\" data-end=\"3021\">2. Ar Vapme \u0160y\u0161a 15000 labiau pana\u0161i \u012f \u0161y\u0161\u0105 ar cigaret\u0117s \u012fkv\u0117pim\u0105?<\/strong><br data-start=\"3021\" data-end=\"3024\" \/>Ji linksta \u012f \u0161y\u0161\u0105. The <strong data-start=\"3045\" data-end=\"3058\">0,6\u03a9 rit\u0117<\/strong> ant <strong data-start=\"3066\" data-end=\"3100\">Vapme \u0160y\u0161a 15000 vape<\/strong> duoda atviresn\u012f \u012fkv\u0117pim\u0105 ir tankesn\u012f gar\u0105 nei grie\u017eti MTL vienkartiniai.<\/p>\n<p data-start=\"3172\" data-end=\"3428\"><strong data-start=\"3172\" data-end=\"3247\">3. Kok\u012f nikotin\u0105 galima rasti Vapme 15k \u0161y\u0161os asortimente?<\/strong><br data-start=\"3247\" data-end=\"3250\" \/>Yra dvi galimyb\u0117s: <strong data-start=\"3273\" data-end=\"3279\">0%<\/strong> be nikotino ir <strong data-start=\"3300\" data-end=\"3306\">2%<\/strong> su \u0161velniu, pastoviu \u012fkv\u0117pimu. The <strong data-start=\"3336\" data-end=\"3377\">Vapme 150000 \u0160y\u0161a 2% nikotinas<\/strong> versija tinka r\u016bkaliams, kurie nori ka\u017eko vidutinio.<\/p>\n<p data-start=\"3430\" data-end=\"3683\"><strong data-start=\"3430\" data-end=\"3510\">4. Kiek laiko trunka Vapme Shisha 15000 vienkartinis naudojimas kasdien?<\/strong><br data-start=\"3510\" data-end=\"3513\" \/>Naudojimas skiriasi, bet <strong data-start=\"3535\" data-end=\"3557\">15 000 \u012fkv\u0117pim\u0173 \u012fvertinimas<\/strong> plius <strong data-start=\"3563\" data-end=\"3578\">25 ml skys\u010dio<\/strong> paprastai jis trunka daug ilgiau nei ma\u017eos vienkartin\u0117s, ypa\u010d kai \u012fkraunate baterij\u0105 pagal poreik\u012f.<\/p>\n<p data-start=\"3685\" data-end=\"3961\"><strong data-start=\"3685\" data-end=\"3758\">5. Kokie skoniai yra prieinami Vapme Shisha 15k \u012fkv\u0117pim\u0173?<\/strong><br data-start=\"3758\" data-end=\"3761\" \/>Tai <strong data-start=\"3765\" data-end=\"3801\">Vapme <\/strong>\u00a0vape linija si\u016blo <strong data-start=\"3814\" data-end=\"3828\">24 skoniai<\/strong>, apimanti vaisi\u0173, led\u0173 ir saldesni\u0173 mi\u0161ini\u0173. Parduotuv\u0117s gali tur\u0117ti plat\u0173 pasirinkim\u0105 pagal vietin\u012f poreik\u012f, o vartotojai gali laikytis pa\u017e\u012fstamo profilio.<\/p>\n<\/div>\n<\/div>\n<\/div>\n<\/div>","protected":false},"excerpt":{"rendered":"<p>Vapme Shisha Hookah 15000 Vienkartinis Vape Didmenin\u0117 Pirkimas Pigiai Kaina<br \/>\nVapme 15K P\u016b\u010di\u0173 Vienkartinis Shisha Hookah Didmenin\u0117 Kaina<br \/>\nVapme Shisha 15k \u012ekraunamas Vape su Pilnais Skoniais Sand\u0117lyje<\/p>\n<p><strong>Prid\u0117kite Amy whatsapp, gaukite tiesiogin\u012f atsakym\u0105 ir kupon\u0105 veipui!<\/strong><\/p>\n<p><img fetchpriority=\"high\" decoding=\"async\" class=\"size-full wp-image-2932\" src=\"https:\/\/vapestornado.com\/wp-content\/uploads\/2024\/12\/Vape-Wholesale.jpg\" alt=\"Garintuvai Didmenin\u0117 prekyba\" width=\"229\" height=\"300\" \/><\/p>\n<h3><a href=\"https:\/\/wa.me\/8617776015835\"><span style=\"color: #ff0000;\"><strong>WhatsApp: +86 17776015835<\/strong><\/span><\/a><\/h3>\n<p>&nbsp;<\/p>","protected":false},"featured_media":3094,"comment_status":"open","ping_status":"closed","template":"","meta":{"_acf_changed":false,"_uag_custom_page_level_css":"","_lmt_disableupdate":"no","_lmt_disable":"","_monsterinsights_skip_tracking":false,"_monsterinsights_sitenote_active":false,"_monsterinsights_sitenote_note":"","_monsterinsights_sitenote_category":0,"site-sidebar-layout":"default","site-content-layout":"","ast-site-content-layout":"default","site-content-style":"default","site-sidebar-style":"default","ast-global-header-display":"","ast-banner-title-visibility":"","ast-main-header-display":"","ast-hfb-above-header-display":"","ast-hfb-below-header-display":"","ast-hfb-mobile-header-display":"","site-post-title":"","ast-breadcrumbs-content":"","ast-featured-img":"","footer-sml-layout":"","ast-disable-related-posts":"","theme-transparent-header-meta":"default","adv-header-id-meta":"","stick-header-meta":"","header-above-stick-meta":"","header-main-stick-meta":"","header-below-stick-meta":"","astra-migrate-meta-layouts":"set","ast-page-background-enabled":"default","ast-page-background-meta":{"desktop":{"background-color":"","background-image":"","background-repeat":"repeat","background-position":"center center","background-size":"auto","background-attachment":"scroll","background-type":"","background-media":"","overlay-type":"","overlay-color":"","overlay-opacity":"","overlay-gradient":""},"tablet":{"background-color":"","background-image":"","background-repeat":"repeat","background-position":"center center","background-size":"auto","background-attachment":"scroll","background-type":"","background-media":"","overlay-type":"","overlay-color":"","overlay-opacity":"","overlay-gradient":""},"mobile":{"background-color":"","background-image":"","background-repeat":"repeat","background-position":"center center","background-size":"auto","background-attachment":"scroll","background-type":"","background-media":"","overlay-type":"","overlay-color":"","overlay-opacity":"","overlay-gradient":""}},"ast-content-background-meta":{"desktop":{"background-color":"var(--ast-global-color-5)","background-image":"","background-repeat":"repeat","background-position":"center center","background-size":"auto","background-attachment":"scroll","background-type":"","background-media":"","overlay-type":"","overlay-color":"","overlay-opacity":"","overlay-gradient":""},"tablet":{"background-color":"var(--ast-global-color-5)","background-image":"","background-repeat":"repeat","background-position":"center center","background-size":"auto","background-attachment":"scroll","background-type":"","background-media":"","overlay-type":"","overlay-color":"","overlay-opacity":"","overlay-gradient":""},"mobile":{"background-color":"var(--ast-global-color-5)","background-image":"","background-repeat":"repeat","background-position":"center center","background-size":"auto","background-attachment":"scroll","background-type":"","background-media":"","overlay-type":"","overlay-color":"","overlay-opacity":"","overlay-gradient":""}},"_joinchat":{"telephone":"+8617776015835"}},"product_brand":[],"product_cat":[71,150,154,156,144,146,147,61],"product_tag":[131,93,132,130],"class_list":{"0":"post-3099","1":"product","2":"type-product","3":"status-publish","4":"has-post-thumbnail","6":"product_cat-15000-puff","7":"product_cat-buy-disposable-vapes-in-belgium","8":"product_cat-buy-disposable-vapes-in-netherlands","9":"product_cat-buy-disposable-vapes-in-poland","10":"product_cat-low-nicotine-disposable-vapes","11":"product_cat-rechargeable-disposable-vapes","12":"product_cat-shisha-hookah-disposable-vapes","13":"product_cat-vapme-shisha","14":"product_tag-shisha-hookah","15":"product_tag-vape-wholesale","16":"product_tag-vapme-shisha-15000","17":"product_tag-vapme-shisha-hookah-15000","18":"desktop-align-left","19":"tablet-align-left","20":"mobile-align-left","22":"first","23":"instock","24":"sale","25":"shipping-taxable","26":"purchasable","27":"product-type-simple"},"acf":[],"uagb_featured_image_src":{"full":["https:\/\/vapestornado.com\/wp-content\/uploads\/2024\/12\/JNR-Vapme-Shisha-Hookah-15000-Wholesale.jpg",1126,1126,false],"thumbnail":["https:\/\/vapestornado.com\/wp-content\/uploads\/2024\/12\/JNR-Vapme-Shisha-Hookah-15000-Wholesale-150x150.jpg",150,150,true],"medium":["https:\/\/vapestornado.com\/wp-content\/uploads\/2024\/12\/JNR-Vapme-Shisha-Hookah-15000-Wholesale-300x300.jpg",300,300,true],"medium_large":["https:\/\/vapestornado.com\/wp-content\/uploads\/2024\/12\/JNR-Vapme-Shisha-Hookah-15000-Wholesale-768x768.jpg",768,768,true],"large":["https:\/\/vapestornado.com\/wp-content\/uploads\/2024\/12\/JNR-Vapme-Shisha-Hookah-15000-Wholesale-1024x1024.jpg",1024,1024,true],"1536x1536":["https:\/\/vapestornado.com\/wp-content\/uploads\/2024\/12\/JNR-Vapme-Shisha-Hookah-15000-Wholesale.jpg",1126,1126,false],"2048x2048":["https:\/\/vapestornado.com\/wp-content\/uploads\/2024\/12\/JNR-Vapme-Shisha-Hookah-15000-Wholesale.jpg",1126,1126,false],"trp-custom-language-flag":["https:\/\/vapestornado.com\/wp-content\/uploads\/2024\/12\/JNR-Vapme-Shisha-Hookah-15000-Wholesale.jpg",12,12,false],"woocommerce_thumbnail":["https:\/\/vapestornado.com\/wp-content\/uploads\/2024\/12\/JNR-Vapme-Shisha-Hookah-15000-Wholesale-300x300.jpg",300,300,true],"woocommerce_single":["https:\/\/vapestornado.com\/wp-content\/uploads\/2024\/12\/JNR-Vapme-Shisha-Hookah-15000-Wholesale-600x600.jpg",600,600,true],"woocommerce_gallery_thumbnail":["https:\/\/vapestornado.com\/wp-content\/uploads\/2024\/12\/JNR-Vapme-Shisha-Hookah-15000-Wholesale-100x100.jpg",100,100,true]},"uagb_author_info":{"display_name":"ESAMY","author_link":"https:\/\/vapestornado.com\/lt\/author\/"},"uagb_comment_info":0,"uagb_excerpt":"Vapme Shisha Hookah 15000 Disposable Vape Bulk Buy Cheap Price Vapme 15K Puff Disposable Shisha Hookah Wholesale Price Vapme Shisha 15k Rechargeable Vape with Full Flavors in Stock Add Amy's whatsapp get right reply and vape vape coupon! WhatsApp: +86 17776015835 &nbsp;","_links":{"self":[{"href":"https:\/\/vapestornado.com\/lt\/wp-json\/wp\/v2\/product\/3099","targetHints":{"allow":["GET"]}}],"collection":[{"href":"https:\/\/vapestornado.com\/lt\/wp-json\/wp\/v2\/product"}],"about":[{"href":"https:\/\/vapestornado.com\/lt\/wp-json\/wp\/v2\/types\/product"}],"replies":[{"embeddable":true,"href":"https:\/\/vapestornado.com\/lt\/wp-json\/wp\/v2\/comments?post=3099"}],"wp:featuredmedia":[{"embeddable":true,"href":"https:\/\/vapestornado.com\/lt\/wp-json\/wp\/v2\/media\/3094"}],"wp:attachment":[{"href":"https:\/\/vapestornado.com\/lt\/wp-json\/wp\/v2\/media?parent=3099"}],"wp:term":[{"taxonomy":"product_brand","embeddable":true,"href":"https:\/\/vapestornado.com\/lt\/wp-json\/wp\/v2\/product_brand?post=3099"},{"taxonomy":"product_cat","embeddable":true,"href":"https:\/\/vapestornado.com\/lt\/wp-json\/wp\/v2\/product_cat?post=3099"},{"taxonomy":"product_tag","embeddable":true,"href":"https:\/\/vapestornado.com\/lt\/wp-json\/wp\/v2\/product_tag?post=3099"}],"curies":[{"name":"wp","href":"https:\/\/api.w.org\/{rel}","templated":true}]}}