{"id":3076,"date":"2024-12-11T08:15:21","date_gmt":"2024-12-11T08:15:21","guid":{"rendered":"https:\/\/vapestornado.com\/?post_type=product&#038;p=3076"},"modified":"2025-12-09T09:39:23","modified_gmt":"2025-12-09T09:39:23","slug":"randm-tornado-30000-puffs-music-rechargeable-disposable-vape-pen-wholesale","status":"publish","type":"product","link":"https:\/\/vapestornado.com\/lt\/product\/randm-tornado-30000-puffs-music-rechargeable-disposable-vape-pen-wholesale\/","title":{"rendered":"RandM Tornado 30000 \u012fkv\u0117pim\u0173 muzikin\u0117 pakraunama vienkartin\u0117 garinimo priemon\u0117, didmenin\u0117 prekyba"},"content":{"rendered":"<h1 class=\"product-title\">RandM Tornado 30000 \u012fkv\u0117pim\u0173 muzikin\u0117 pakraunama vienkartin\u0117 garinimo priemon\u0117, didmenin\u0117 prekyba<\/h1>\n<p data-start=\"1141\" data-end=\"1425\">Fumot RandM Tornado 30000 Puffs yra \u012fkraunamas vienkartinis \u012frenginys su 30 000 \u012fkv\u0117pim\u0173, 1.0\u03a9 tinklelio rit\u0117 ir muzikos sinchronizuojama LED ap\u0161vietimu, sukurtas ilgiems seansams, stabiliai skoniui ir i\u0161skirtiniam stiliui.<\/p>\n<p data-start=\"915\" data-end=\"1120\"><strong data-start=\"915\" data-end=\"946\">Ilgaam\u017ei\u0161kumas be didelio dyd\u017eio.<\/strong> \u0160is <strong data-start=\"951\" data-end=\"1000\">RandM Tornado 30000 Puffs vienkartinis vape ra\u0161iklis<\/strong> skirtas reguliariems vartotojams, kurie nori \u012frenginio, kuris tarnaut\u0173 savaites, o ne dienas, ir b\u016bt\u0173 lengvai ne\u0161iojamas kasdien\u0117ms rutinoms.<\/p>\n<p data-start=\"1124\" data-end=\"1346\"><strong data-start=\"1124\" data-end=\"1172\">Tinklelio rit\u0117s stabilumas esant dideliam \u012fkv\u0117pim\u0173 skai\u010diui.<\/strong> \u0160is FUMOT<strong data-start=\"1177\" data-end=\"1232\">\u00a030K tinklelio rit\u0117s \u012fkraunamas vienkartinis<\/strong> naudoja <strong data-start=\"1240\" data-end=\"1258\">1.0\u03a9 tinklelio rit\u0117<\/strong> u\u017etikrina skland\u0173 \u012fkv\u0117pim\u0105, tank\u0173 gar\u0105 ir l\u0117tesn\u012f skonio nykim\u0105 giliau \u012f 30K diapazon\u0105.<\/p>\n<p data-start=\"1350\" data-end=\"1534\"><strong data-start=\"1350\" data-end=\"1397\">Type-C maitinimas, kuris neleid\u017eia \u0161vaistyti e-liquido.<\/strong> Su <strong data-start=\"1405\" data-end=\"1455\">650mAh Type-C \u012fkraunamas Tornado Vape 30k<\/strong>, papildote kai reikia ir t\u0119siate vaping'\u0105, kol \u012frenginys i\u0161 tikr\u0173j\u0173 baigsis.<\/p>\n<p data-start=\"1538\" data-end=\"1781\"><strong data-start=\"1538\" data-end=\"1577\">Muzikos sinchronizuojamas LED ap\u0161vietimas socialin\u0117ms aplinkoms.<\/strong> Fumot <strong data-start=\"1582\" data-end=\"1616\">Tornado Vape<\/strong> \u0161viesos pulsuoja pagal j\u016bs\u0173 grojara\u0161t\u012f, tai ypa\u010d populiaru <strong data-start=\"1682\" data-end=\"1736\">Lietuvoje, Lenkijoje, Ispanijoje, Italijoje ir Nyderlanduose<\/strong>, ypa\u010d naktinio gyvenimo ir savaitgalio scenose.<\/p>\n<p data-start=\"1785\" data-end=\"1987\"><strong data-start=\"1785\" data-end=\"1820\">\u012emontuotas plat\u0173 skonio rotacij\u0105.<\/strong> Dvide\u0161imt skoni\u0173 apima vaisius, led\u0105 ir klasikinius profilius, tod\u0117l <strong data-start=\"1884\" data-end=\"1922\">RandM 30K vienkartinis<\/strong> lieka \u012fdomus ilg\u0105 laik\u0105 naudojant, nereikalaujant antro \u012frenginio.<\/p>\n<p><strong>Prid\u0117kite Amy's Whatsapp, gaukite teising\u0105 atsakym\u0105 ir kupon\u0105 garintuvui!<\/strong><\/p>\n<p><img fetchpriority=\"high\" decoding=\"async\" class=\"size-full wp-image-2932\" src=\"https:\/\/vapestornado.com\/wp-content\/uploads\/2024\/12\/Vape-Wholesale.jpg\" alt=\"Garintuvai Didmenin\u0117 prekyba\" width=\"229\" height=\"300\" \/><\/p>\n<h3><a href=\"https:\/\/wa.me\/8617776015835\" target=\"_blank\" rel=\"noopener\"><span style=\"color: #ff0000;\"><strong>WhatsApp: +86 17776015835<\/strong><\/span><\/a><\/h3>\n<p>&nbsp;<\/p>\n<h2><strong>RandM Tornado 30000 produkto savyb\u0117s<\/strong><\/h2>\n<table>\n<thead>\n<tr>\n<th>Funkcija<\/th>\n<th>Specifikacija<\/th>\n<th>Detal\u0117s<\/th>\n<\/tr>\n<\/thead>\n<tbody>\n<tr>\n<td>Produkto pavadinimas<\/td>\n<td>RandM Tornado 30000 P\u016b\u010di\u0173 Muzikinis Vape<\/td>\n<td>Didel\u0117s talpos \u012fkraunamas vienkartinis \u012frenginys su \u0161viesos funkcijomis.<\/td>\n<\/tr>\n<tr>\n<td>\u012ep\u016btim\u0173 talpa<\/td>\n<td>Iki 30 000 p\u016btim\u0173<\/td>\n<td>Sukurtas ilgalaikiam kasdieniam naudojimui su ma\u017eiau keitim\u0173.<\/td>\n<\/tr>\n<tr>\n<td>Rit\u0117s tipas<\/td>\n<td>1.0\u03a9 tinklelio rit\u0117<\/td>\n<td>Vienodas \u0161ilumos paskirstymas, u\u017etikrinantis skland\u0173 gar\u0105 ir nuosekl\u0173 skon\u012f.<\/td>\n<\/tr>\n<tr>\n<td>Baterija<\/td>\n<td>650mAh \u012fkraunamas<\/td>\n<td>Patikimas i\u0161\u0117jimas; \u012fkraukite, kad naudotum\u0117te vis\u0105 \u012frenginio gyvavimo laik\u0105.<\/td>\n<\/tr>\n<tr>\n<td>\u012ekrovimas<\/td>\n<td>Type-C greitas \u012fkrovimas<\/td>\n<td>Greiti papildymai su moderniais ES standarto kabeliais.<\/td>\n<\/tr>\n<tr>\n<td>Ap\u0161vietimo funkcija<\/td>\n<td>Muzikos sinchronizacijos LED sistema<\/td>\n<td>LED \u0161viesos pulsuoja pagal muzik\u0105, sukurdamos vizualin\u012f, interaktyv\u0173 efekt\u0105.<\/td>\n<\/tr>\n<tr>\n<td>Skoni\u0173 \u012fvairov\u0117<\/td>\n<td>30 skoni\u0173<\/td>\n<td>Pla\u010dios pasirinkimo galimyb\u0117s ilgalaikiam rotacijai.<\/td>\n<\/tr>\n<tr>\n<td>Nikotino stilius<\/td>\n<td>Palaikoma ma\u017eo nikotino opcija<\/td>\n<td>Tinka vartotojams, kurie m\u0117gsta \u0161velnesn\u012f poveik\u012f.<\/td>\n<\/tr>\n<tr>\n<td>Pozicionavimas<\/td>\n<td>Ma\u017emenin\u0117 ir didmenin\u0117 prekyba auk\u0161to apyvartumo modeliu<\/td>\n<td>Lentynos \u012fsp\u016bd\u012f daranti dizaino ir ilgas veikimo laikas.<\/td>\n<\/tr>\n<\/tbody>\n<\/table>\n<h2 class=\"product-title\"><strong>RandM Tornado 30000 skoni\u0173 s\u0105ra\u0161as<\/strong><\/h2>\n<p>1. Banan\u0173 ledai<br \/>\n2. Juodieji ledai<br \/>\n3. M\u0117lyni\u0173 avie\u010di\u0173 ledas<br \/>\n4. M\u0117lyn\u0117s ant ledo<br \/>\n5. M\u0117lyni\u0173 aviet\u0117s<br \/>\n6. M\u0117lyni\u0173 r\u016bg\u0161\u010diosios aviet\u0117s<br \/>\n7. Vy\u0161ni\u0173 ledas<br \/>\n8. Vy\u0161ni\u0173 kola<br \/>\n9. Kolos ledas<br \/>\n10. V\u0117si m\u0117ta<br \/>\n11. Dvigubas obuolys<br \/>\n12. Daktaras M\u0117lynasis<br \/>\n13. Vynuogi\u0173 ledas<br \/>\n14. Led\u0173 porcija<br \/>\n15. Kiviai, pasiflorai, gvajava<br \/>\n16. Meil\u0117 66<br \/>\n17. Sodrus ledas<br \/>\n18. Mi\u0161rios uogos<br \/>\n19. Persik\u0173 uogos<br \/>\n20. Persik\u0173 ledas<br \/>\n21. Persik\u0173, mang\u0173, ananas\u0173<br \/>\n22. Ananas\u0173 ledas<br \/>\n23. Ro\u017einis limonadas<br \/>\n24. Skittles<br \/>\n25. Bra\u0161ki\u0173 bananas<br \/>\n26. Bra\u0161ki\u0173 vynuog\u0117s<br \/>\n27. Bra\u0161ki\u0173 ledas<br \/>\n28. Bra\u0161ki\u0173 arb\u016bzas<br \/>\n29. Trigubas mangas<br \/>\n30. Vimto<\/p>\n<h2>Kod\u0117l verta rinktis \u201evapestornado\u201c didmeninei \u201eFumot 30k Vape\u201c prekybai?<\/h2>\n<div class=\"flex-shrink-0 flex flex-col relative items-end\">\n<div class=\"pt-0\">\n<div class=\"gizmo-bot-avatar flex h-8 w-8 items-center justify-center overflow-hidden rounded-full\">\n<div class=\"relative p-1 rounded-sm flex items-center justify-center bg-token-main-surface-primary text-token-text-primary h-8 w-8\">\n<p>Sveiki atvyk\u0119 \u012f vapestornado \u2013 j\u016bs\u0173 patikim\u0105 internetin\u0119 auk\u0161\u010diausios kokyb\u0117s vienkartini\u0173 garinimo priemoni\u0173 parduotuv\u0119. Tur\u0117dami daugiau nei 5 met\u0173 patirt\u012f, si\u016blome populiarius vienkartini\u0173 garinimo priemoni\u0173 prek\u0117s \u017eenklus, tokius kaip Fumot RandM Vape, <a href=\"https:\/\/vapestornado.com\/lt\/product\/vapme-crystal-7000-puffs-rechargeable-disposable-vape-wholesale-cheap-price\/\">Vapme<\/a>, Bang Vape, Waspe Vape, ir WGA Vape ir kt.<\/p>\n<p>M\u016bs\u0173 asortimentas apima populiarias garinimo priemones, tokias kaip <a href=\"https:\/\/vapestornado.com\/lt\/product\/fumot-randm-tornado-15000-puffs-rechargeable-disposable-vape-wholesale\/\">RandM Tornado 15000<\/a>, ir skoni\u0173 turtingus pasirinkimus, tokius kaip <a href=\"https:\/\/vapestornado.com\/lt\/product\/waspe-40000-puffs-double-flavour-led-display-disposable-vape-wholesale\/\">WASPE dvigubo skonio 40000 \u012fkv\u0117pim\u0173<\/a> . Kiekvienas produktas yra atrenkamas, akcentuojant kokyb\u0119, vert\u0119 ir \u012fvairov\u0119, u\u017etikrinant, kad rastum\u0117te tobul\u0105 variant\u0105 savo poreikiams. Atraskite i\u0161skirtin\u012f aptarnavim\u0105 ir plat\u0173 auk\u0161\u010diausios kokyb\u0117s produkt\u0173 asortiment\u0105 didmenin\u0117mis kainomis vapestornado svetain\u0117je.<\/p>\n<\/div>\n<h3><\/h3>\n<div class=\"relative p-1 rounded-sm flex items-center justify-center bg-token-main-surface-primary text-token-text-primary h-8 w-8\">\n<h2>DUK apie \u201eRandM 30k Music\u201c vienkartin\u012f garintuv\u0105<\/h2>\n<\/div>\n<\/div>\n<\/div>\n<\/div>\n<div class=\"flex-shrink-0 flex flex-col relative items-end\">\n<div class=\"pt-0\">\n<div class=\"gizmo-bot-avatar flex h-8 w-8 items-center justify-center overflow-hidden rounded-full\">\n<div class=\"relative p-1 rounded-sm flex items-center justify-center bg-token-main-surface-primary text-token-text-primary h-8 w-8\">\n<div class=\"mb-2 flex gap-3 empty:hidden -ml-2\">\n<h2 data-start=\"2910\" data-end=\"2929\"><\/h2>\n<ol data-start=\"2931\" data-end=\"4128\">\n<li data-start=\"2931\" data-end=\"3167\">\n<p data-start=\"2934\" data-end=\"3167\"><strong data-start=\"2934\" data-end=\"3034\">Kaip RandM Tornado 30000 P\u016b\u010di\u0173 muzikos tinklinio rit\u0117s vienkartinis \u012frenginys i\u0161laiko skon\u012f stabil\u0173 ilgalaikio naudojimo metu?<\/strong><br data-start=\"3034\" data-end=\"3037\" \/>\u0160is <strong data-start=\"3041\" data-end=\"3059\">1.0\u03a9 tinklelio rit\u0117<\/strong> lygiai paskirsto \u0161ilum\u0105, padedant\u012f garui i\u0161likti \u0161velniam ir skon\u012f i\u0161likti giliau \u012f \u012frenginio gyvavimo laik\u0105.<\/p>\n<\/li>\n<li data-start=\"3169\" data-end=\"3415\">\n<p data-start=\"3172\" data-end=\"3415\"><strong data-start=\"3172\" data-end=\"3281\">Kas skiria RandM Tornado 30K Muzikin\u012f \u012fkraunam\u0105 vienkartin\u012f \u012frengin\u012f nuo \u012fprasto 30K \u012frenginio?<\/strong><br data-start=\"3281\" data-end=\"3284\" \/>\u0160is <strong data-start=\"3288\" data-end=\"3315\">muzikos sinchronizacijos LED ap\u0161vietimas<\/strong> reaguoja \u012f j\u016bs\u0173 grojara\u0161t\u012f, suteikdamas vizual\u0173 ritmo efekt\u0105, kuris tinka socialin\u0117ms ir naktinio gyvenimo aplinkoms.<\/p>\n<\/li>\n<li data-start=\"3417\" data-end=\"3661\">\n<p data-start=\"3420\" data-end=\"3661\"><strong data-start=\"3420\" data-end=\"3533\">Ar Fumot Tornado 30000 Type-C \u012fkraunamas vape'as i\u0161naudoja savo piln\u0105 p\u016btimo talp\u0105 be akumuliatoriaus i\u0161sikrovimo?<\/strong><br data-start=\"3533\" data-end=\"3536\" \/>\u012ekrovimo galimyb\u0117 i\u0161sprend\u017eia ankstyvosios akumuliatoriaus problem\u0105. Kai energija ima ma\u017e\u0117ti, Type-C papildymas leid\u017eia j\u012f naudoti tol, kol p\u016btimai baigsis.<\/p>\n<\/li>\n<li data-start=\"3663\" data-end=\"3885\">\n<p data-start=\"3666\" data-end=\"3885\"><strong data-start=\"3666\" data-end=\"3768\">Ar Fumot 30K LED vienkartinis vape'as tinka kasdieniam ne\u0161iojimui ir naktiniams pasivaik\u0161\u010diojimams?<\/strong><br data-start=\"3768\" data-end=\"3771\" \/>Taip. Jis i\u0161lieka ne\u0161iojamas kasdieniam naudojimui, o LED funkcija prideda patrauklumo baruose, klubuose ir savaitgalio renginiuose.<\/p>\n<\/li>\n<li data-start=\"3887\" data-end=\"4128\">\n<p data-start=\"3890\" data-end=\"4128\"><strong data-start=\"3890\" data-end=\"3982\">Kaip 30 skoni\u0173 RandM Tornado 30000 Puffs Music Vape padeda ilgalaikiams naudotojams?<\/strong><br data-start=\"3982\" data-end=\"3985\" \/>Didelis skoni\u0173 pasirinkimas daro ilgalaik\u012f naudojim\u0105 malonesn\u012f, leid\u017eiant vartotojams keisti profilius vietoje to, kad b\u016bt\u0173 \u012fstrig\u0119 su vienu skoniu savaites.<\/p>\n<\/li>\n<\/ol>\n<\/div>\n<\/div>\n<\/div>\n<\/div>\n<\/div>\n<div class=\"group\/conversation-turn relative flex w-full min-w-0 flex-col agent-turn\">\n<div class=\"flex-col gap-1 md:gap-3\">\n<div class=\"flex max-w-full flex-col flex-grow\">\n<div class=\"min-h-8 text-message flex w-full flex-col items-end gap-2 whitespace-normal break-words [.text-message+&amp;]:mt-5\" dir=\"auto\" data-message-author-role=\"assistant\" data-message-id=\"db716a1c-9ed0-4b8d-b3b0-7bdb913c3d42\" data-message-model-slug=\"gpt-4o\">\n<div class=\"flex w-full flex-col gap-1 empty:hidden first:pt-[3px]\">\n<div class=\"markdown prose w-full break-words dark:prose-invert light\">\n<p>&nbsp;<\/p>\n<\/div>\n<\/div>\n<\/div>\n<\/div>\n<\/div>\n<\/div>","protected":false},"excerpt":{"rendered":"<p data-start=\"1465\" data-end=\"1662\">Fumot RandM Tornado 30000 p\u016btim\u0173 muzikos \u012fkraunamas vienkartinis vape su 1.0\u03a9 tinklelio rit\u0117, 650mAh Type-C greitas \u012fkrovimas, muzikos sinchronizacijos LED ap\u0161vietimas ir 20 skoni\u0173. Sukurtas ilgiems, skland\u017eioms sesijoms ir stipriam Europos ma\u017emenin\u0117s prekybos poreikiui. I\u0161skirtinis vienkartinis \u012frenginys, skirtas <strong data-start=\"1624\" data-end=\"1659\">didmeniniams pirk\u0117jams Europoje<\/strong>.<\/p>\n<p><strong>Prid\u0117kite Amy whatsapp, gaukite tiesiogin\u012f atsakym\u0105 ir kupon\u0105 veipui!<\/strong><\/p>\n<p><img fetchpriority=\"high\" decoding=\"async\" class=\"size-full wp-image-2932\" src=\"https:\/\/vapestornado.com\/wp-content\/uploads\/2024\/12\/Vape-Wholesale.jpg\" alt=\"Garintuvai Didmenin\u0117 prekyba\" width=\"229\" height=\"300\" \/><\/p>\n<h3><a href=\"https:\/\/wa.me\/8617776015835\"><span style=\"color: #ff0000;\"><strong>WhatsApp: +86 17776015835<\/strong><\/span><\/a><\/h3>\n<p>&nbsp;<\/p>","protected":false},"featured_media":3025,"comment_status":"open","ping_status":"closed","template":"","meta":{"_acf_changed":false,"_uag_custom_page_level_css":"","_lmt_disableupdate":"no","_lmt_disable":"","_monsterinsights_skip_tracking":false,"_monsterinsights_sitenote_active":false,"_monsterinsights_sitenote_note":"","_monsterinsights_sitenote_category":0,"site-sidebar-layout":"default","site-content-layout":"","ast-site-content-layout":"default","site-content-style":"default","site-sidebar-style":"default","ast-global-header-display":"","ast-banner-title-visibility":"","ast-main-header-display":"","ast-hfb-above-header-display":"","ast-hfb-below-header-display":"","ast-hfb-mobile-header-display":"","site-post-title":"","ast-breadcrumbs-content":"","ast-featured-img":"","footer-sml-layout":"","ast-disable-related-posts":"","theme-transparent-header-meta":"default","adv-header-id-meta":"","stick-header-meta":"","header-above-stick-meta":"","header-main-stick-meta":"","header-below-stick-meta":"","astra-migrate-meta-layouts":"set","ast-page-background-enabled":"default","ast-page-background-meta":{"desktop":{"background-color":"","background-image":"","background-repeat":"repeat","background-position":"center center","background-size":"auto","background-attachment":"scroll","background-type":"","background-media":"","overlay-type":"","overlay-color":"","overlay-opacity":"","overlay-gradient":""},"tablet":{"background-color":"","background-image":"","background-repeat":"repeat","background-position":"center center","background-size":"auto","background-attachment":"scroll","background-type":"","background-media":"","overlay-type":"","overlay-color":"","overlay-opacity":"","overlay-gradient":""},"mobile":{"background-color":"","background-image":"","background-repeat":"repeat","background-position":"center center","background-size":"auto","background-attachment":"scroll","background-type":"","background-media":"","overlay-type":"","overlay-color":"","overlay-opacity":"","overlay-gradient":""}},"ast-content-background-meta":{"desktop":{"background-color":"var(--ast-global-color-5)","background-image":"","background-repeat":"repeat","background-position":"center center","background-size":"auto","background-attachment":"scroll","background-type":"","background-media":"","overlay-type":"","overlay-color":"","overlay-opacity":"","overlay-gradient":""},"tablet":{"background-color":"var(--ast-global-color-5)","background-image":"","background-repeat":"repeat","background-position":"center center","background-size":"auto","background-attachment":"scroll","background-type":"","background-media":"","overlay-type":"","overlay-color":"","overlay-opacity":"","overlay-gradient":""},"mobile":{"background-color":"var(--ast-global-color-5)","background-image":"","background-repeat":"repeat","background-position":"center center","background-size":"auto","background-attachment":"scroll","background-type":"","background-media":"","overlay-type":"","overlay-color":"","overlay-opacity":"","overlay-gradient":""}},"_joinchat":{"telephone":"+8617776015835"}},"product_brand":[],"product_cat":[67,153,154,160,142,58,148],"product_tag":[83,125,124,126,78,114],"class_list":{"0":"post-3076","1":"product","2":"type-product","3":"status-publish","4":"has-post-thumbnail","6":"product_cat-30000-puff","7":"product_cat-buy-disposable-vapes-in-italy","8":"product_cat-buy-disposable-vapes-in-netherlands","9":"product_cat-buy-disposable-vapes-in-switzerland","10":"product_cat-digital-box-disposable-vapes","11":"product_cat-fumot-vape","12":"product_cat-tornado-disposable-vapes","13":"product_tag-fumot-vape","14":"product_tag-randm-30000","15":"product_tag-randm-tornado-30000","16":"product_tag-randm-tornado-30k","17":"product_tag-randm-vape","18":"product_tag-tornado-vape","19":"desktop-align-left","20":"tablet-align-left","21":"mobile-align-left","23":"first","24":"instock","25":"sale","26":"shipping-taxable","27":"purchasable","28":"product-type-simple"},"acf":[],"uagb_featured_image_src":{"full":["https:\/\/vapestornado.com\/wp-content\/uploads\/2024\/12\/Randm-Tornado-30K-Puffs-Rechargeable-Disposable-Vapes.jpg",1126,1126,false],"thumbnail":["https:\/\/vapestornado.com\/wp-content\/uploads\/2024\/12\/Randm-Tornado-30K-Puffs-Rechargeable-Disposable-Vapes-150x150.jpg",150,150,true],"medium":["https:\/\/vapestornado.com\/wp-content\/uploads\/2024\/12\/Randm-Tornado-30K-Puffs-Rechargeable-Disposable-Vapes-300x300.jpg",300,300,true],"medium_large":["https:\/\/vapestornado.com\/wp-content\/uploads\/2024\/12\/Randm-Tornado-30K-Puffs-Rechargeable-Disposable-Vapes-768x768.jpg",768,768,true],"large":["https:\/\/vapestornado.com\/wp-content\/uploads\/2024\/12\/Randm-Tornado-30K-Puffs-Rechargeable-Disposable-Vapes-1024x1024.jpg",1024,1024,true],"1536x1536":["https:\/\/vapestornado.com\/wp-content\/uploads\/2024\/12\/Randm-Tornado-30K-Puffs-Rechargeable-Disposable-Vapes.jpg",1126,1126,false],"2048x2048":["https:\/\/vapestornado.com\/wp-content\/uploads\/2024\/12\/Randm-Tornado-30K-Puffs-Rechargeable-Disposable-Vapes.jpg",1126,1126,false],"trp-custom-language-flag":["https:\/\/vapestornado.com\/wp-content\/uploads\/2024\/12\/Randm-Tornado-30K-Puffs-Rechargeable-Disposable-Vapes.jpg",12,12,false],"woocommerce_thumbnail":["https:\/\/vapestornado.com\/wp-content\/uploads\/2024\/12\/Randm-Tornado-30K-Puffs-Rechargeable-Disposable-Vapes-300x300.jpg",300,300,true],"woocommerce_single":["https:\/\/vapestornado.com\/wp-content\/uploads\/2024\/12\/Randm-Tornado-30K-Puffs-Rechargeable-Disposable-Vapes-600x600.jpg",600,600,true],"woocommerce_gallery_thumbnail":["https:\/\/vapestornado.com\/wp-content\/uploads\/2024\/12\/Randm-Tornado-30K-Puffs-Rechargeable-Disposable-Vapes-100x100.jpg",100,100,true]},"uagb_author_info":{"display_name":"ESAMY","author_link":"https:\/\/vapestornado.com\/lt\/author\/"},"uagb_comment_info":0,"uagb_excerpt":"Fumot RandM Tornado 30000 Puffs Music rechargeable disposable vape with 1.0\u03a9 mesh coil, 650mAh Type-C fast charging, music-sync LED lighting, and 20 flavours. Built for long, smooth sessions and strong EU retail demand.\u00a0A standout disposable designed for wholesale bulk buyers in Europe. Add Amy's whatsapp get right reply and vape vape coupon! WhatsApp: +86 17776015835&hellip;","_links":{"self":[{"href":"https:\/\/vapestornado.com\/lt\/wp-json\/wp\/v2\/product\/3076","targetHints":{"allow":["GET"]}}],"collection":[{"href":"https:\/\/vapestornado.com\/lt\/wp-json\/wp\/v2\/product"}],"about":[{"href":"https:\/\/vapestornado.com\/lt\/wp-json\/wp\/v2\/types\/product"}],"replies":[{"embeddable":true,"href":"https:\/\/vapestornado.com\/lt\/wp-json\/wp\/v2\/comments?post=3076"}],"wp:featuredmedia":[{"embeddable":true,"href":"https:\/\/vapestornado.com\/lt\/wp-json\/wp\/v2\/media\/3025"}],"wp:attachment":[{"href":"https:\/\/vapestornado.com\/lt\/wp-json\/wp\/v2\/media?parent=3076"}],"wp:term":[{"taxonomy":"product_brand","embeddable":true,"href":"https:\/\/vapestornado.com\/lt\/wp-json\/wp\/v2\/product_brand?post=3076"},{"taxonomy":"product_cat","embeddable":true,"href":"https:\/\/vapestornado.com\/lt\/wp-json\/wp\/v2\/product_cat?post=3076"},{"taxonomy":"product_tag","embeddable":true,"href":"https:\/\/vapestornado.com\/lt\/wp-json\/wp\/v2\/product_tag?post=3076"}],"curies":[{"name":"wp","href":"https:\/\/api.w.org\/{rel}","templated":true}]}}