{"id":3074,"date":"2024-12-11T07:30:25","date_gmt":"2024-12-11T07:30:25","guid":{"rendered":"https:\/\/vapestornado.com\/?post_type=product&#038;p=3074"},"modified":"2025-12-05T09:24:08","modified_gmt":"2025-12-05T09:24:08","slug":"vapme-crystal-7000-puffs-rechargeable-disposable-vape-wholesale-cheap-price","status":"publish","type":"product","link":"https:\/\/vapestornado.com\/lt\/product\/vapme-crystal-7000-puffs-rechargeable-disposable-vape-wholesale-cheap-price\/","title":{"rendered":"Vapme Crystal 7000 \u012ftraukim\u0173 \u012fkraunamas vienkartinis garintuvas didmenin\u0117 prekyba pigia kaina"},"content":{"rendered":"<h1 class=\"product-title\">Vapme Crystal 7000 \u012ftraukim\u0173 \u012fkraunamas vienkartinis garintuvas didmenin\u0117 prekyba pigia kaina<\/h1>\n<p data-start=\"1107\" data-end=\"1320\">Vapme Crystal 7000 yra \u012fkraunamas kristalinio stiliaus vienkartinis \u012frenginys su 7 000 \u012fkv\u0117pim\u0173, 14 ml i\u0161 anksto pripildyto bako, 650mAh Type-C maitinimu ir 0,8\u03a9 tinklelio rit\u0117le \u2014 skirtas nuolatiniam kasdieniam naudojimui ir \u0161variam skoniui be nuolatinio keitimo.<\/p>\n<p data-start=\"585\" data-end=\"884\"><strong data-start=\"585\" data-end=\"638\">7 000 \u012fkv\u0117pim\u0173 su talpa, kuri palaiko \u0161\u012f skai\u010di\u0173.<\/strong><br data-start=\"638\" data-end=\"641\" \/>\u0160is <strong data-start=\"645\" data-end=\"683\">Vapme Crystal 7000 vienkartinis vape<\/strong> veikia su <strong data-start=\"692\" data-end=\"723\">14 ml i\u0161 anksto pripildyto e-skys\u010dio<\/strong>, tod\u0117l \u012fkv\u0117pim\u0173 skai\u010dius n\u0117ra tik etiket\u0117. Jis tarnauja ilgiau nei ma\u017eos vienkartin\u0117s ir tinka kasdieniams naudotojams, kurie nori \u012frenginio, kuris i\u0161laiko veikl\u0105 darbo dienomis ir savaitgaliais.<\/p>\n<p data-start=\"886\" data-end=\"1167\"><strong data-start=\"886\" data-end=\"934\">\u012ekraunama baterija, paprasti Type-C \u012fkrovimai.<\/strong><br data-start=\"934\" data-end=\"937\" \/>A <strong data-start=\"939\" data-end=\"970\">650mAh \u012fkraunama baterija<\/strong> maitina \u012frengin\u012f. Kai ji i\u0161sikrauna, greitas <strong data-start=\"1010\" data-end=\"1031\">USB Type-C \u012fkrovimas<\/strong> gr\u0105\u017eina j\u012f atgal, leid\u017eiant naudoti vis\u0105 bak\u0105, o ne i\u0161mesti \u012frengin\u012f anksti. 7K klas\u0117s vape praktin\u0117 nauda yra b\u016btent tai.<\/p>\n<p data-start=\"1169\" data-end=\"1423\"><strong data-start=\"1169\" data-end=\"1210\">0,8\u03a9 tinklelio rit\u0117 u\u017etikrina skland\u0173 \u012fkv\u0117pim\u0105.<\/strong><br data-start=\"1210\" data-end=\"1213\" \/>\u0160is <strong data-start=\"1217\" data-end=\"1235\">0,8\u03a9 tinklelio rit\u0117<\/strong> lygiai \u0161ildo skyst\u012f, suteikdama pastov\u0173 garo sraut\u0105 ir padedant i\u0161laikyti skonius ai\u0161kius ilgainiui. Taip pat suma\u017eina saus\u0105, degan\u010di\u0105 kra\u0161t\u0105, kur\u012f da\u017enai sukuria pigesn\u0117s rit\u0117s v\u0117liau \u012frenginyje.<\/p>\n<p data-start=\"1425\" data-end=\"1669\"><strong data-start=\"1425\" data-end=\"1471\">Kristalin\u0117 korpuso dalis, kuri atlaiko kasdien\u012f ne\u0161iojim\u0105.<\/strong><br data-start=\"1471\" data-end=\"1474\" \/>Kristalinio dizaino tikrai n\u0117ra tik i\u0161vaizda. Forma yra kompakti\u0161ka, lengva ir patogi naudoti \u2014 ki\u0161en\u0117je, automobilyje, darbalaukyje, vakare. Jis jau\u010diasi kaip \u0161varus, baigtas produktas, o ne vienkartinis, kur\u012f slepiate.<\/p>\n<p data-start=\"1671\" data-end=\"1939\"><strong data-start=\"1671\" data-end=\"1719\">30 skoni\u0173 skirtingiems skoniams ir rinkoms.<\/strong><br data-start=\"1719\" data-end=\"1722\" \/>Su <strong data-start=\"1727\" data-end=\"1755\">apie 30 skoni\u0173 pasirinkim\u0173<\/strong>, <strong data-start=\"1757\" data-end=\"1783\">Vapme Crystal 7K \u012fkv\u0117pim\u0173<\/strong> \u012fkraunamas vape tinka naudotojams, kurie m\u0117gsta laikytis vieno profilio arba keisti tarp vaisi\u0173, led\u0173 ir saldesni\u0173 mi\u0161ini\u0173. Pardav\u0117jai gali apimti plat\u0173 baz\u0119 be modeli\u0173 keitimo.<\/p>\n<p>&nbsp;<\/p>\n<p><strong>Prid\u0117kite Amy \u201eWhatsapp\u201c, kad gautum\u0117te teising\u0105 atsakym\u0105 ir gar\u0173 kupon\u0105!<\/strong><\/p>\n<p><img fetchpriority=\"high\" decoding=\"async\" class=\"size-full wp-image-2932\" src=\"https:\/\/vapestornado.com\/wp-content\/uploads\/2024\/12\/Vape-Wholesale.jpg\" alt=\"Garintuvai Didmenin\u0117 prekyba\" width=\"229\" height=\"300\" \/><\/p>\n<h3><a href=\"https:\/\/wa.me\/8617776015835\" target=\"_blank\" rel=\"noopener\"><span style=\"color: #ff0000;\"><strong>WhatsApp: +86 17776015835<\/strong><\/span><\/a><\/h3>\n<p>&nbsp;<\/p>\n<h2><strong>Vapme Crystal 7000 Produkto savyb\u0117s<\/strong><\/h2>\n<table>\n<thead>\n<tr>\n<th>Funkcija \/ Parametras<\/th>\n<th align=\"right\">Specifikacija<\/th>\n<th>Paai\u0161kinimas<\/th>\n<\/tr>\n<\/thead>\n<tbody>\n<tr>\n<td>Produkto pavadinimas<\/td>\n<td align=\"right\">Vapme Kristalas 7000<\/td>\n<td>Ai\u0161kus modelio pavadinimas pakartotiniams u\u017esakymams ir paie\u0161kai.<\/td>\n<\/tr>\n<tr>\n<td>\u012ep\u016btim\u0173 talpa<\/td>\n<td align=\"right\">Iki 7 000 \u012fkv\u0117pim\u0173<\/td>\n<td>Ilgesnis naudojimas nei standartiniai vienkartiniai \u012frenginiai; ma\u017eiau keitim\u0173.<\/td>\n<\/tr>\n<tr>\n<td>E-skys\u010dio t\u016bris<\/td>\n<td align=\"right\">14 ml i\u0161 anksto pripildyta<\/td>\n<td>Pakankamai didelis, kad palaikyt\u0173 7K \u012fvertinim\u0105.<\/td>\n<\/tr>\n<tr>\n<td>Vamzdelis \/ Var\u017ea<\/td>\n<td align=\"right\">0,8\u03a9 tinklelio rit\u0117<\/td>\n<td>Tolygi \u0161iluma = sklandesnis traukimas ir pastovesnis skonis.<\/td>\n<\/tr>\n<tr>\n<td>Baterija<\/td>\n<td align=\"right\">650mAh \u012fkraunamas<\/td>\n<td>\u012ekraukite, kad u\u017ebaigtum\u0117te bak\u0105, o ne \u0161vaistytum\u0117te p\u016btimus.<\/td>\n<\/tr>\n<tr>\n<td>\u012ekrovimas<\/td>\n<td align=\"right\">USB Type-C greitas \u012fkrovimas<\/td>\n<td>Bendras kabelio standartas; greiti papildymai.<\/td>\n<\/tr>\n<tr>\n<td>Dizainas<\/td>\n<td align=\"right\">Kristalo stiliaus, lengvas korpusas<\/td>\n<td>Lengva ne\u0161iotis su \u0161variu, patvariu poj\u016b\u010diu.<\/td>\n<\/tr>\n<tr>\n<td>Skoni\u0173 pasirinkimai<\/td>\n<td align=\"right\">~30 skoni\u0173<\/td>\n<td>Platus pasirinkimas skirtingiems pageidavimams ir Europos S\u0105jungos rinkoms.<\/td>\n<\/tr>\n<tr>\n<td>Aktyvavimas<\/td>\n<td align=\"right\">\u012ejungiama \u012ftraukimu<\/td>\n<td>Be mygtuk\u0173; \u012fkv\u0117pkite, kad \u012fkv\u0117ptum\u0117te gar\u0173.<\/td>\n<\/tr>\n<\/tbody>\n<\/table>\n<h2 class=\"product-title\"><strong>Vapme 7000 P\u016btim\u0173 Skoni\u0173 S\u0105ra\u0161as<\/strong><\/h2>\n<p>1. M\u0117lyni\u0173 avie\u010di\u0173<br \/>\n2. Vynuogi\u0173 uoga<br \/>\n3. Bra\u0161ki\u0173 arb\u016bz\u0173 kramtomoji guma<br \/>\n4. Bra\u0161ki\u0173 avie\u010di\u0173 saldainiai<br \/>\n5. Bra\u0161ki\u0173 bananas<br \/>\n6. Bra\u0161ki\u0173 mangai<br \/>\n7. Persik\u0173 mang\u0173 ananasai<br \/>\n8. Arb\u016bz\u0173 ledas<br \/>\n9. Trigubas mangas<br \/>\n10. Vy\u0161ni\u0173 ledas<br \/>\n11. Pasifloros vaisi\u0173 melion\u0173 ledas<br \/>\n12.Kivi, pasifloros vaisius, gvajava<br \/>\n13.Bra\u0161ki\u0173 ledas<br \/>\n14.Persik\u0173 ledas<br \/>\n15.M\u0117lyn\u0173j\u0173 avie\u010di\u0173 limonadas<br \/>\n16.Bra\u0161k\u0117, kivi<br \/>\n17.Energinis g\u0117rimas<br \/>\n18.Vy\u0161ni\u0173 kola<br \/>\n19.Mi\u0161ri\u0173 uog\u0173 ledas<br \/>\n20.Citrina<br \/>\n21.Bra\u0161k\u0117, vynuog\u0117<br \/>\n22.Juod\u0173j\u0173 serbent\u0173 ledas<br \/>\n23.M\u0117lyn\u0117, spanguol\u0117, vy\u0161nia<br \/>\n24.Arb\u016bzas, kivi, ledas<br \/>\n25.Vy\u0161nia, uoga<br \/>\n26.M\u0117ta<br \/>\n27.Tropini\u0173 vaisi\u0173 pun\u0161as<br \/>\n28.Ponas m\u0117lynas<br \/>\n29.Dvigubas obuolys<br \/>\n30.Banan\u0173 ledas<\/p>\n<h3>Kod\u0117l verta rinktis \"vapestornado\" didmeninei prekybai \u201eVapme Crystal 7k\u201c garintuvais?<\/h3>\n<div class=\"flex-shrink-0 flex flex-col relative items-end\">\n<div class=\"pt-0\">\n<div class=\"gizmo-bot-avatar flex h-8 w-8 items-center justify-center overflow-hidden rounded-full\">\n<div class=\"relative p-1 rounded-sm flex items-center justify-center bg-token-main-surface-primary text-token-text-primary h-8 w-8\">\n<p>Sveiki atvyk\u0119 \u012f \u201evapestornado\u201c, j\u016bs\u0173 patikim\u0105 internetin\u0119 elektronini\u0173 cigare\u010di\u0173 parduotuv\u0119, kurioje rasite auk\u0161\u010diausios kokyb\u0117s vienkartini\u0173 elektronini\u0173 cigare\u010di\u0173. Tur\u0117dami daugiau nei 5 met\u0173 patirt\u012f, si\u016blome jums populiarius vienkartini\u0173 elektronini\u0173 cigare\u010di\u0173 preki\u0173 \u017eenklus, tokius kaip \u201eFumot RandM Vape\u201c, \u201eVapme\u201c, \u201eBang Vape\u201c, \u201eWaspe Vape\u201c ir \u201eWGA Vape\u201c ir kt.<\/p>\n<p>M\u016bs\u0173 asortimentas apima populiarias garinimo priemones, tokias kaip <a href=\"https:\/\/vapestornado.com\/lt\/product\/fumot-randm-tornado-15000-puffs-rechargeable-disposable-vape-wholesale\/\">RandM Tornado 15000<\/a>, ir skoni\u0173 turtingus pasirinkimus, tokius kaip <a href=\"https:\/\/vapestornado.com\/lt\/product\/waspe-40000-puffs-double-flavour-led-display-disposable-vape-wholesale\/\">WASPE dvigubo skonio 40000 \u012fkv\u0117pim\u0173<\/a> . Kiekvienas produktas yra atrenkamas, akcentuojant kokyb\u0119, vert\u0119 ir \u012fvairov\u0119, u\u017etikrinant, kad rastum\u0117te tobul\u0105 variant\u0105 savo poreikiams. Atraskite i\u0161skirtin\u012f aptarnavim\u0105 ir plat\u0173 auk\u0161\u010diausios kokyb\u0117s produkt\u0173 asortiment\u0105 didmenin\u0117mis kainomis vapestornado svetain\u0117je.<\/p>\n<\/div>\n<h3><\/h3>\n<div class=\"relative p-1 rounded-sm flex items-center justify-center bg-token-main-surface-primary text-token-text-primary h-8 w-8\">\n<h3>DUK apie \u201eVapme 7000\u201c vienkartin\u012f garintuv\u0105<\/h3>\n<p data-start=\"2880\" data-end=\"3068\"><strong data-start=\"2880\" data-end=\"2941\">1. Ar Vapme Kristalas 7000 reikia \u012fkrauti prie\u0161 pirm\u0105 naudojim\u0105?<\/strong><br data-start=\"2941\" data-end=\"2944\" \/>Ne. <strong data-start=\"2948\" data-end=\"2986\">Vapme Crystal 7000 vienkartinis vape<\/strong> paruo\u0161tas naudoti. \u012ekrovimas reikalingas tik v\u0117liau, kad u\u017ebaigtum\u0117te piln\u0105 14 ml bak\u0105.<\/p>\n<p data-start=\"3070\" data-end=\"3341\"><strong data-start=\"3070\" data-end=\"3148\">2. Kiek laiko Vapme Kristalas 7K \u012frenginys veikia \u012fprastam r\u016bkytojui?<\/strong><br data-start=\"3148\" data-end=\"3151\" \/>Tai priklauso nuo naudojimo, ta\u010diau dauguma kasdienini\u0173 vartotoj\u0173 gauna \u017eymiai ilgesn\u012f tarnavimo laik\u0105 nei 3k\u20135k modeliai, nes <strong data-start=\"3250\" data-end=\"3276\">Vapme Crystal 7K \u012fkv\u0117pim\u0173<\/strong> sud\u0117tis sujungia didesn\u012f p\u016btim\u0173 \u012fvert\u012f su \u012fkraunama baterija.<\/p>\n<p data-start=\"3343\" data-end=\"3564\"><strong data-start=\"3343\" data-end=\"3415\">3. Ar Vapme Kristalas 7000 tinka tvirtesniam cigaret\u0117s stiliaus traukos poj\u016b\u010diui?<\/strong><br data-start=\"3415\" data-end=\"3418\" \/>Taip. The <strong data-start=\"3427\" data-end=\"3445\">0,8\u03a9 tinklelio rit\u0117<\/strong> \u012f <strong data-start=\"3453\" data-end=\"3475\">Vapme Kristalas 7000<\/strong> palaiko skland\u0173, subalansuot\u0105 trauk\u0105, kuri\u0105 daugelis buvusi\u0173 r\u016bkyti \u017emoni\u0173 laiko patogi\u0105 kasdieniams pertraukoms.<\/p>\n<p data-start=\"3566\" data-end=\"3754\"><strong data-start=\"3566\" data-end=\"3616\">4. Ar skoniai i\u0161blunka anksti Vapme Kristalas 7000?<\/strong><br data-start=\"3616\" data-end=\"3619\" \/>Tinklelio rit\u0117 yra sukurta tolygiam \u0161ildymui, kas padeda i\u0161laikyti skon\u012f stabil\u0173 giliau \u012frenginyje, palyginti su paprastomis rit\u0117mis vienkartiniuose \u012frenginiuose.<\/p>\n<p data-start=\"3756\" data-end=\"3972\"><strong data-start=\"3756\" data-end=\"3824\">5. Ar ma\u017emenininkai gali mai\u0161yti skonius viename Vapme Kristalas 7000 d\u0117\u017eut\u0117je?<\/strong><br data-start=\"3824\" data-end=\"3827\" \/>Dauguma didmenini\u0173 prekybinink\u0173 leid\u017eia mai\u0161yti skoni\u0173 d\u0117\u017eutes, ir su <strong data-start=\"3881\" data-end=\"3895\">30 skoni\u0173<\/strong> \u012f <strong data-start=\"3903\" data-end=\"3931\">Vapme Crystal 7000 asortimentu<\/strong>, parduotuv\u0117s gali pritaikyti atsargas pagal vietos paklaus\u0105.<\/p>\n<\/div>\n<\/div>\n<\/div>\n<\/div>","protected":false},"excerpt":{"rendered":"<p>Vapme Crystal 7K Puffs \u012fkraunamas vienkartinis garintuvas<br \/>\nVapme Crystal 7000 vienkartinis garintuvas didmenin\u0117 kaina<br \/>\nVapme Vape Crystal 7000 ma\u017eai nikotino turintis vienkartinis garintuvas<\/p>\n<p><strong>Prid\u0117kite Amy whatsapp, gaukite tiesiogin\u012f atsakym\u0105 ir kupon\u0105 veipui!<\/strong><\/p>\n<p><img fetchpriority=\"high\" decoding=\"async\" class=\"size-full wp-image-2932\" src=\"https:\/\/vapestornado.com\/wp-content\/uploads\/2024\/12\/Vape-Wholesale.jpg\" alt=\"Garintuvai Didmenin\u0117 prekyba\" width=\"229\" height=\"300\" \/><\/p>\n<h3><a href=\"https:\/\/wa.me\/8617776015835\"><span style=\"color: #ff0000;\"><strong>WhatsApp: +86 17776015835<\/strong><\/span><\/a><\/h3>\n<p>&nbsp;<\/p>","protected":false},"featured_media":3071,"comment_status":"open","ping_status":"closed","template":"","meta":{"_acf_changed":false,"_uag_custom_page_level_css":"","_lmt_disableupdate":"no","_lmt_disable":"","_monsterinsights_skip_tracking":false,"_monsterinsights_sitenote_active":false,"_monsterinsights_sitenote_note":"","_monsterinsights_sitenote_category":0,"site-sidebar-layout":"default","site-content-layout":"","ast-site-content-layout":"default","site-content-style":"default","site-sidebar-style":"default","ast-global-header-display":"","ast-banner-title-visibility":"","ast-main-header-display":"","ast-hfb-above-header-display":"","ast-hfb-below-header-display":"","ast-hfb-mobile-header-display":"","site-post-title":"","ast-breadcrumbs-content":"","ast-featured-img":"","footer-sml-layout":"","ast-disable-related-posts":"","theme-transparent-header-meta":"default","adv-header-id-meta":"","stick-header-meta":"","header-above-stick-meta":"","header-main-stick-meta":"","header-below-stick-meta":"","astra-migrate-meta-layouts":"set","ast-page-background-enabled":"default","ast-page-background-meta":{"desktop":{"background-color":"","background-image":"","background-repeat":"repeat","background-position":"center center","background-size":"auto","background-attachment":"scroll","background-type":"","background-media":"","overlay-type":"","overlay-color":"","overlay-opacity":"","overlay-gradient":""},"tablet":{"background-color":"","background-image":"","background-repeat":"repeat","background-position":"center center","background-size":"auto","background-attachment":"scroll","background-type":"","background-media":"","overlay-type":"","overlay-color":"","overlay-opacity":"","overlay-gradient":""},"mobile":{"background-color":"","background-image":"","background-repeat":"repeat","background-position":"center center","background-size":"auto","background-attachment":"scroll","background-type":"","background-media":"","overlay-type":"","overlay-color":"","overlay-opacity":"","overlay-gradient":""}},"ast-content-background-meta":{"desktop":{"background-color":"var(--ast-global-color-5)","background-image":"","background-repeat":"repeat","background-position":"center center","background-size":"auto","background-attachment":"scroll","background-type":"","background-media":"","overlay-type":"","overlay-color":"","overlay-opacity":"","overlay-gradient":""},"tablet":{"background-color":"var(--ast-global-color-5)","background-image":"","background-repeat":"repeat","background-position":"center center","background-size":"auto","background-attachment":"scroll","background-type":"","background-media":"","overlay-type":"","overlay-color":"","overlay-opacity":"","overlay-gradient":""},"mobile":{"background-color":"var(--ast-global-color-5)","background-image":"","background-repeat":"repeat","background-position":"center center","background-size":"auto","background-attachment":"scroll","background-type":"","background-media":"","overlay-type":"","overlay-color":"","overlay-opacity":"","overlay-gradient":""}},"_joinchat":{"telephone":"+8617776015835"}},"product_brand":[],"product_cat":[19,74,141,146,61],"product_tag":[120,122,121,123,93,119,118],"class_list":{"0":"post-3074","1":"product","2":"type-product","3":"status-publish","4":"has-post-thumbnail","6":"product_cat-vapes","7":"product_cat-7000-puff","8":"product_cat-crystal-disposable-vapes","9":"product_cat-rechargeable-disposable-vapes","10":"product_cat-vapme-shisha","11":"product_tag-crystal-vape","12":"product_tag-disposable-vape","13":"product_tag-puff-70000","14":"product_tag-rechargeable-vape","15":"product_tag-vape-wholesale","16":"product_tag-vapme-crystal-7000","17":"product_tag-vapme-vape","18":"desktop-align-left","19":"tablet-align-left","20":"mobile-align-left","22":"first","23":"instock","24":"sale","25":"shipping-taxable","26":"purchasable","27":"product-type-simple"},"acf":[],"uagb_featured_image_src":{"full":["https:\/\/vapestornado.com\/wp-content\/uploads\/2024\/12\/Vapme-Crystal-7000-Puffs-Disposable-Vape-Wholesale.jpg",1126,1126,false],"thumbnail":["https:\/\/vapestornado.com\/wp-content\/uploads\/2024\/12\/Vapme-Crystal-7000-Puffs-Disposable-Vape-Wholesale-150x150.jpg",150,150,true],"medium":["https:\/\/vapestornado.com\/wp-content\/uploads\/2024\/12\/Vapme-Crystal-7000-Puffs-Disposable-Vape-Wholesale-300x300.jpg",300,300,true],"medium_large":["https:\/\/vapestornado.com\/wp-content\/uploads\/2024\/12\/Vapme-Crystal-7000-Puffs-Disposable-Vape-Wholesale-768x768.jpg",768,768,true],"large":["https:\/\/vapestornado.com\/wp-content\/uploads\/2024\/12\/Vapme-Crystal-7000-Puffs-Disposable-Vape-Wholesale-1024x1024.jpg",1024,1024,true],"1536x1536":["https:\/\/vapestornado.com\/wp-content\/uploads\/2024\/12\/Vapme-Crystal-7000-Puffs-Disposable-Vape-Wholesale.jpg",1126,1126,false],"2048x2048":["https:\/\/vapestornado.com\/wp-content\/uploads\/2024\/12\/Vapme-Crystal-7000-Puffs-Disposable-Vape-Wholesale.jpg",1126,1126,false],"trp-custom-language-flag":["https:\/\/vapestornado.com\/wp-content\/uploads\/2024\/12\/Vapme-Crystal-7000-Puffs-Disposable-Vape-Wholesale.jpg",12,12,false],"woocommerce_thumbnail":["https:\/\/vapestornado.com\/wp-content\/uploads\/2024\/12\/Vapme-Crystal-7000-Puffs-Disposable-Vape-Wholesale-300x300.jpg",300,300,true],"woocommerce_single":["https:\/\/vapestornado.com\/wp-content\/uploads\/2024\/12\/Vapme-Crystal-7000-Puffs-Disposable-Vape-Wholesale-600x600.jpg",600,600,true],"woocommerce_gallery_thumbnail":["https:\/\/vapestornado.com\/wp-content\/uploads\/2024\/12\/Vapme-Crystal-7000-Puffs-Disposable-Vape-Wholesale-100x100.jpg",100,100,true]},"uagb_author_info":{"display_name":"ESAMY","author_link":"https:\/\/vapestornado.com\/lt\/author\/"},"uagb_comment_info":0,"uagb_excerpt":"Vapme Crystal 7K Puffs Rechargeable Disposable Vape Vapme Crystal 7000 Disposable Vape Wholesale Price Vapme Vape Crystal 7000 Low Nicotine Disposable Vape Add Amy's whatsapp get right reply and vape vape coupon! WhatsApp: +86 17776015835 &nbsp;","_links":{"self":[{"href":"https:\/\/vapestornado.com\/lt\/wp-json\/wp\/v2\/product\/3074","targetHints":{"allow":["GET"]}}],"collection":[{"href":"https:\/\/vapestornado.com\/lt\/wp-json\/wp\/v2\/product"}],"about":[{"href":"https:\/\/vapestornado.com\/lt\/wp-json\/wp\/v2\/types\/product"}],"replies":[{"embeddable":true,"href":"https:\/\/vapestornado.com\/lt\/wp-json\/wp\/v2\/comments?post=3074"}],"wp:featuredmedia":[{"embeddable":true,"href":"https:\/\/vapestornado.com\/lt\/wp-json\/wp\/v2\/media\/3071"}],"wp:attachment":[{"href":"https:\/\/vapestornado.com\/lt\/wp-json\/wp\/v2\/media?parent=3074"}],"wp:term":[{"taxonomy":"product_brand","embeddable":true,"href":"https:\/\/vapestornado.com\/lt\/wp-json\/wp\/v2\/product_brand?post=3074"},{"taxonomy":"product_cat","embeddable":true,"href":"https:\/\/vapestornado.com\/lt\/wp-json\/wp\/v2\/product_cat?post=3074"},{"taxonomy":"product_tag","embeddable":true,"href":"https:\/\/vapestornado.com\/lt\/wp-json\/wp\/v2\/product_tag?post=3074"}],"curies":[{"name":"wp","href":"https:\/\/api.w.org\/{rel}","templated":true}]}}