{"id":3033,"date":"2024-12-10T06:54:50","date_gmt":"2024-12-10T06:54:50","guid":{"rendered":"https:\/\/vapestornado.com\/?post_type=product&#038;p=3033"},"modified":"2025-08-23T10:12:12","modified_gmt":"2025-08-23T10:12:12","slug":"wga-crystal-pro-max-15k-puffs-wholesale-price-vape-pods","status":"publish","type":"product","link":"https:\/\/vapestornado.com\/lt\/product\/wga-crystal-pro-max-15k-puffs-wholesale-price-vape-pods\/","title":{"rendered":"WGA Crystal Pro Max 15k \u012ftraukim\u0173 didmenin\u0117s kainos garintuvo kapsul\u0117s"},"content":{"rendered":"<h1>WGA Crystal Pro Max 15k \u012ftraukim\u0173 didmenin\u0117s kainos garintuvo kapsul\u0117s<\/h1>\n<p data-start=\"286\" data-end=\"581\">\u0160is <strong data-start=\"290\" data-end=\"339\">WGA Crystal Pro Max 15K vienkartinis garintuvas<\/strong> yra sukurtas didmenininkams ir ma\u017emenininkams, ie\u0161kantiems patikim\u0173, didel\u0117s paklausos produkt\u0173 Europos rinkai. Su iki <strong data-start=\"457\" data-end=\"484\">15 000 \u012ftraukim\u0173 viename \u012frenginyje<\/strong> ir <strong data-start=\"491\" data-end=\"524\">25 ml i\u0161 anksto u\u017epildytu el. skys\u010dio bakeliu<\/strong>, jis u\u017etikrina ilgalaik\u012f naudojim\u0105 ir didel\u012f perpardavimo potencial\u0105.<\/p>\n<p data-start=\"583\" data-end=\"874\">Maitinamas <strong data-start=\"596\" data-end=\"627\">650mAh \u012fkraunama baterija<\/strong> su <strong data-start=\"633\" data-end=\"657\">C tipo greit\u0105j\u012f \u012fkrovim\u0105<\/strong>, Crystal Pro Max u\u017etikrina nuolatines sesijas be pertr\u016bki\u0173. A <strong data-start=\"732\" data-end=\"759\">realaus laiko LED indikatorius<\/strong> informuoja vartotojus apie akumuliatoriaus b\u016bkl\u0119, o <strong data-start=\"810\" data-end=\"828\">0,8\u03a9 tinklelio rit\u0117<\/strong> padidina gar\u0173 tank\u012f ir skonio pateikim\u0105.<\/p>\n<p data-start=\"876\" data-end=\"1231\">Kompakti\u0161kas ir ne\u0161iojamas, matmenys <strong data-start=\"900\" data-end=\"923\">43mm \u00d7 23mm \u00d7 105mm<\/strong>, <strong data-start=\"929\" data-end=\"961\">WGA Kristal\u0173 Pro Max 15K Vape<\/strong> yra lengvai ne\u0161iojamas, stilingai atrodo vitrinose ir yra prieinamas pla\u010diame skoni\u0173 pasirinkime, atitinkan\u010diame skirtingus pageidavimus. Jo talpos, dizaino ir konkurencingos <strong data-start=\"1133\" data-end=\"1154\">didmenin\u0117mis kainomis<\/strong> derinys daro j\u012f puikiu pasirinkimu ma\u017emenininkams ir platintojams visoje Europoje.<\/p>\n<p>&nbsp;<\/p>\n<p><img fetchpriority=\"high\" decoding=\"async\" class=\"size-medium wp-image-2951\" src=\"https:\/\/vapestornado.com\/wp-content\/uploads\/2024\/12\/Wholesale-Disposable-Vape-265x300.jpg\" alt=\"Didmenin\u0117 prekyba vienkartiniais garintuvais\" width=\"265\" height=\"300\" srcset=\"https:\/\/vapestornado.com\/wp-content\/uploads\/2024\/12\/Wholesale-Disposable-Vape-265x300.jpg 265w, https:\/\/vapestornado.com\/wp-content\/uploads\/2024\/12\/Wholesale-Disposable-Vape-768x871.jpg 768w, https:\/\/vapestornado.com\/wp-content\/uploads\/2024\/12\/Wholesale-Disposable-Vape-600x680.jpg 600w, https:\/\/vapestornado.com\/wp-content\/uploads\/2024\/12\/Wholesale-Disposable-Vape.jpg 823w\" sizes=\"(max-width: 265px) 100vw, 265px\" \/><\/p>\n<h6><span style=\"font-size: 1.1em; font-weight: bold;\">Pra\u0161ome susisiekti su Mandy per \u201eWhatsApp\u201c d\u0117l nuolaidos kainos<\/span><a style=\"font-size: 1.1em; font-weight: bold; background-color: #ffffff;\" href=\"https:\/\/wa.me\/8618077105796\" target=\"_blank\" rel=\"noopener\">+8618077105796<\/a><\/h6>\n<p>&nbsp;<\/p>\n<h2><strong>WGA The Crystal Pro Max Extra 15 000 Puffs Vape \u2013 Pagrindin\u0117s specifikacijos<\/strong><\/h2>\n<ul>\n<li><strong>Platus \u012ftraukim\u0173 paj\u0117gumas<\/strong>: U\u017etikrina iki 15 000 \u012ftraukim\u0173 vienam \u012frenginiui, si\u016blant\u012f ilgalaik\u012f naudojim\u0105 ir suma\u017eint\u0105 poreik\u012f pakeisti.<\/li>\n<li><strong>650 mAh \u012fkraunama baterija<\/strong>: Turi patvari\u0105 650 mAh baterij\u0105, u\u017etikrinan\u010di\u0105 stabil\u0173 energijos tiekim\u0105 kiekvienos sesijos metu.<\/li>\n<li><strong>Efektyvus C tipo \u012fkrovimas<\/strong>: \u012etraukia modern\u0173 C tipo prievad\u0105 greitam ir patogiam \u012fkrovimui, kad j\u016bs\u0173 \u012frenginys b\u016bt\u0173 paruo\u0161tas.<\/li>\n<li><strong>Didelis e-skys\u010dio talpa<\/strong>: \u012erengtas 25 ml e-skys\u010dio rezervuaras, palaikantis ilgas garinimo sesijas be nuolatinio papildymo.<\/li>\n<li><strong>LED baterijos b\u016bsenos ekranas<\/strong>: Apima realaus laiko LED indikatori\u0173, skirt\u0105 steb\u0117ti baterijos lygius ir i\u0161vengti netik\u0117t\u0173 pertraukim\u0173.<\/li>\n<li><strong>Ne\u0161iojamas ir stilingas dizainas<\/strong>: Kompakti\u0161ki matmenys 43 mm x 23 mm x 105 mm u\u017etikrina lengv\u0105 valdym\u0105 ir ne\u0161iojamum\u0105, idealiai tinka naudoti keliaujant.<\/li>\n<\/ul>\n<h2><strong>WGA Crystal Pro Max 15k Puffs Skoni\u0173 s\u0105ra\u0161as:<\/strong><\/h2>\n<p>1.ARB\u016aZ\u0172 LEDAS<br \/>\n2.M\u0116LYNI\u0172 AVIE\u010cI\u0172<br \/>\n3. FIZZY VY\u0160NIA<br \/>\n4. GUMINIS LOKYS<br \/>\n5. CITRINA SU \u017dALIAISIAIS LAIMAIS<br \/>\n6. BRA\u0160KI\u0172 LEDAS<br \/>\n7. M\u0116LYNI\u0172 R\u016aG\u0160TI AVIE\u010c\u0116<br \/>\n8. M\u0116LYN\u0172J\u0172 AVIE\u010cI\u0172 LEDAS<br \/>\n9. PONAS M\u0116LYNASIS<br \/>\n10. SKITTLES<br \/>\n11. M\u0116LYNI\u0172 VY\u0160NI\u0172 SPANGUOL\u0116<br \/>\n12. SULTINGAS PERSIKAS<br \/>\n13. Bra\u0161ki\u0173 avie\u010di\u0173 vy\u0161ni\u0173 ledas<br \/>\n14. HUBBA BUBBA<br \/>\n15. Gervuogi\u0173 m\u0117lyni\u0173 avie\u010di\u0173<br \/>\n16. Bra\u0161ki\u0173 led\u0173 porcija<br \/>\n17. M\u0117lyni\u0173 led\u0173 porcija<br \/>\n18. Auk\u0161\u010diausios kokyb\u0117s bra\u0161ki\u0173 arb\u016bzas<br \/>\n19. Bra\u0161ki\u0173 vy\u0161ni\u0173 kramtomoji guma<br \/>\n20. Avie\u010di\u0173 vy\u0161ni\u0173 ledas<br \/>\n21. ANANAS\u0172 LEDAS<br \/>\n22. VASAROS SVAJON\u0116<br \/>\n23.WGA RO\u017dIN\u0116<br \/>\n24.\u0160VIE\u017dIA M\u0116TA<br \/>\n25.DVIGUBAS OBUOLYS<br \/>\n26.TRIGUBAS MANGAS<br \/>\n27.JUODASIS SLIBINAS SU LEDU<br \/>\n28.KOLA SU LEDU<br \/>\n29.ANANAS\u0172 CITRINA<br \/>\n30.PONAS JUODAS<br \/>\n31.KIVI\u0172 PASIFRUITAS GVAJAVA<\/p>\n<h3><strong>Kod\u0117l verta rinktis \u201eWGA The Crystal Pro Max 15 000\u201c \u012ftraukim\u0173 elektronines cigaretes?<\/strong><\/h3>\n<ul>\n<li><strong>I\u0161skirtiniai skoni\u0173 profiliai<\/strong>: Pasinerkite \u012f kuruojam\u0105 ry\u0161ki\u0173 ir gaivi\u0173 vaisi\u0173 skoni\u0173 pasirinkim\u0105, kuri\u0173 kiekvienas sukurtas taip, kad suteikt\u0173 nuolat maloni\u0105 garinimo patirt\u012f.<\/li>\n<li><strong>Lengvas patogumas<\/strong>: Sukurtas atsi\u017evelgiant \u012f paprastum\u0105, \u0161is vienkartinis garintuvas si\u016blo skland\u0173 ir be streso b\u016bd\u0105 m\u0117gautis auk\u0161\u010diausios kokyb\u0117s garinimu bet kada ir bet kur.<\/li>\n<li><strong>Patvarumas ir na\u0161umas<\/strong>: Iki 15 000 \u012fkv\u0117pim\u0173, tvirta 650 mAh \u012fkraunama baterija ir 25 ml e. skys\u010dio talpa \u2013 \u0161is garintuvas sukurtas patikimam veikimui ilg\u0105 laik\u0105 u\u017etikrinti.<\/li>\n<li><strong>Modernus ir kompakti\u0161kas dizainas<\/strong>: Jo aptak\u016bs matmenys ir eleganti\u0161ka konstrukcija u\u017etikrina perkeliamum\u0105 neprarandant stiliaus ar funkcionalumo.<\/li>\n<\/ul>\n<p>\u0160is <strong>WGA \u201eThe Crystal Pro Max Extra\u201c 15000 \u012fkv\u0117pim\u0173 garinimo kapsul\u0117\u00a0<\/strong> yra geriausias pasirinkimas garintojams, ie\u0161kantiems patogumo, na\u0161umo ir i\u0161skirtin\u0117s jutimin\u0117s patirties. J\u016bs\u0173 laukia puikus pa\u017eangiausi\u0173 technologij\u0173 ir auk\u0161\u010diausios kokyb\u0117s skonio derinys.<\/p>\n<p>&nbsp;<\/p>\n<h3><strong>DUK apie WGA \u201eThe Crystal Pro Max\u201c 15 000 \u012fkv\u0117pim\u0173 \u012fkraunam\u0105 garintuv\u0105<\/strong><\/h3>\n<ol>\n<li><strong>Kiek \u012fkv\u0117pim\u0173 si\u016blo WGA \u201eCrystal Pro Max\u201c 15k?<\/strong><br \/>\nPrietaisas suteikia iki 15 000 \u012fkv\u0117pim\u0173, tod\u0117l idealiai tinka ilgam naudojimui be da\u017eno keitimo.<\/li>\n<li><strong>Kokio tipo baterij\u0105 jis naudoja?<\/strong><br \/>\nJame yra 650 mAh \u012fkraunama baterija su C tipo \u012fkrovimo prievadu, u\u017etikrinanti greit\u0105 ir efektyv\u0173 \u012fkrovim\u0105.<\/li>\n<li><strong>Kokia yra \u201eVape 15000 Puffs\u201c e. skys\u010dio talpa? <a href=\"https:\/\/vapestornado.com\/lt\/product\/wga-crystal-pro-max-15k-puffs-wholesale-price-vape-pods\/\">WGA Vape<\/a>?<\/strong><br \/>\n\u201eCrystal Pro Max\u201c yra su didele 25 ml e. skys\u010dio talpa, leid\u017eian\u010dia ilgai garinti.<\/li>\n<li><strong>Ar WGA \u201eCrystal Vape 15000 Puffs\u201c turi baterijos indikatori\u0173?<\/strong><br \/>\nTaip, jame yra realaus laiko LED baterijos indikatorius, tod\u0117l galite steb\u0117ti baterijos lyg\u012f ir \u012fkrauti, kai reikia.<\/li>\n<li><strong>Ar galima papildyti WGA 15000 Puffs e-skyst\u012f?<\/strong><br \/>\nNe, WGA Crystal Pro Max 15000 Puffs yra i\u0161 anksto u\u017epildytas vienkartinis \u012frenginys ir nepalaiko papildymo.<\/li>\n<\/ol>","protected":false},"excerpt":{"rendered":"<p>WGA Crystal Pro Max 15k Puffs vape kapsul\u0117s didmenin\u0117mis kainomis. M\u0117gaukit\u0117s ilgai i\u0161liekan\u010diais \u012ftraukimais, auk\u0161\u010diausios kokyb\u0117s skoniais ir dideliais pirkimo variantais j\u016bs\u0173 verslui.<\/p>\n<figure id=\"attachment_2951\" aria-describedby=\"caption-attachment-2951\" style=\"width: 265px\" class=\"wp-caption alignnone\"><img fetchpriority=\"high\" decoding=\"async\" class=\"size-medium wp-image-2951\" src=\"https:\/\/vapestornado.com\/wp-content\/uploads\/2024\/12\/Wholesale-Disposable-Vape-265x300.jpg\" alt=\"Didmenin\u0117 prekyba vienkartiniais garintuvais\" width=\"265\" height=\"300\" srcset=\"https:\/\/vapestornado.com\/wp-content\/uploads\/2024\/12\/Wholesale-Disposable-Vape-265x300.jpg 265w, https:\/\/vapestornado.com\/wp-content\/uploads\/2024\/12\/Wholesale-Disposable-Vape-768x871.jpg 768w, https:\/\/vapestornado.com\/wp-content\/uploads\/2024\/12\/Wholesale-Disposable-Vape-600x680.jpg 600w, https:\/\/vapestornado.com\/wp-content\/uploads\/2024\/12\/Wholesale-Disposable-Vape.jpg 823w\" sizes=\"(max-width: 265px) 100vw, 265px\" \/><figcaption id=\"caption-attachment-2951\" class=\"wp-caption-text\">Pra\u0161ome susisiekti su Mandy per \u201eWhatsApp\u201c d\u0117l nuolaidos kainos<a href=\"https:\/\/wa.me\/8618077105796\">+8618077105796<\/a><\/figcaption><\/figure>\n<p>&nbsp;<\/p>","protected":false},"featured_media":3052,"comment_status":"open","ping_status":"closed","template":"","meta":{"_acf_changed":false,"_uag_custom_page_level_css":"","_lmt_disableupdate":"no","_lmt_disable":"","_monsterinsights_skip_tracking":false,"_monsterinsights_sitenote_active":false,"_monsterinsights_sitenote_note":"","_monsterinsights_sitenote_category":0,"site-sidebar-layout":"default","site-content-layout":"","ast-site-content-layout":"default","site-content-style":"default","site-sidebar-style":"default","ast-global-header-display":"","ast-banner-title-visibility":"","ast-main-header-display":"","ast-hfb-above-header-display":"","ast-hfb-below-header-display":"","ast-hfb-mobile-header-display":"","site-post-title":"","ast-breadcrumbs-content":"","ast-featured-img":"","footer-sml-layout":"","ast-disable-related-posts":"","theme-transparent-header-meta":"default","adv-header-id-meta":"","stick-header-meta":"","header-above-stick-meta":"","header-main-stick-meta":"","header-below-stick-meta":"","astra-migrate-meta-layouts":"set","ast-page-background-enabled":"default","ast-page-background-meta":{"desktop":{"background-color":"","background-image":"","background-repeat":"repeat","background-position":"center center","background-size":"auto","background-attachment":"scroll","background-type":"","background-media":"","overlay-type":"","overlay-color":"","overlay-opacity":"","overlay-gradient":""},"tablet":{"background-color":"","background-image":"","background-repeat":"repeat","background-position":"center center","background-size":"auto","background-attachment":"scroll","background-type":"","background-media":"","overlay-type":"","overlay-color":"","overlay-opacity":"","overlay-gradient":""},"mobile":{"background-color":"","background-image":"","background-repeat":"repeat","background-position":"center center","background-size":"auto","background-attachment":"scroll","background-type":"","background-media":"","overlay-type":"","overlay-color":"","overlay-opacity":"","overlay-gradient":""}},"ast-content-background-meta":{"desktop":{"background-color":"var(--ast-global-color-5)","background-image":"","background-repeat":"repeat","background-position":"center center","background-size":"auto","background-attachment":"scroll","background-type":"","background-media":"","overlay-type":"","overlay-color":"","overlay-opacity":"","overlay-gradient":""},"tablet":{"background-color":"var(--ast-global-color-5)","background-image":"","background-repeat":"repeat","background-position":"center center","background-size":"auto","background-attachment":"scroll","background-type":"","background-media":"","overlay-type":"","overlay-color":"","overlay-opacity":"","overlay-gradient":""},"mobile":{"background-color":"var(--ast-global-color-5)","background-image":"","background-repeat":"repeat","background-position":"center center","background-size":"auto","background-attachment":"scroll","background-type":"","background-media":"","overlay-type":"","overlay-color":"","overlay-opacity":"","overlay-gradient":""}},"_joinchat":{"telephone":"+8618077105796"}},"product_brand":[],"product_cat":[71,140,153,158,159,160,141,59],"product_tag":[97,111],"class_list":{"0":"post-3033","1":"product","2":"type-product","3":"status-publish","4":"has-post-thumbnail","6":"product_cat-15000-puff","7":"product_cat-big-puffs-disposable-vapes","8":"product_cat-buy-disposable-vapes-in-italy","9":"product_cat-buy-disposable-vapes-in-spain","10":"product_cat-buy-disposable-vapes-in-sweden","11":"product_cat-buy-disposable-vapes-in-switzerland","12":"product_cat-crystal-disposable-vapes","13":"product_cat-wga-crystal-vape","14":"product_tag-hot-sale-disposable-vape","15":"product_tag-wga-15k-puffs","16":"desktop-align-left","17":"tablet-align-left","18":"mobile-align-left","20":"first","21":"instock","22":"sale","23":"shipping-taxable","24":"purchasable","25":"product-type-simple"},"acf":[],"uagb_featured_image_src":{"full":["https:\/\/vapestornado.com\/wp-content\/uploads\/2024\/12\/WGA-15000-PUFFS-JUICY-PEACH-Disposable-Vape.jpg",800,800,false],"thumbnail":["https:\/\/vapestornado.com\/wp-content\/uploads\/2024\/12\/WGA-15000-PUFFS-JUICY-PEACH-Disposable-Vape-150x150.jpg",150,150,true],"medium":["https:\/\/vapestornado.com\/wp-content\/uploads\/2024\/12\/WGA-15000-PUFFS-JUICY-PEACH-Disposable-Vape-300x300.jpg",300,300,true],"medium_large":["https:\/\/vapestornado.com\/wp-content\/uploads\/2024\/12\/WGA-15000-PUFFS-JUICY-PEACH-Disposable-Vape-768x768.jpg",768,768,true],"large":["https:\/\/vapestornado.com\/wp-content\/uploads\/2024\/12\/WGA-15000-PUFFS-JUICY-PEACH-Disposable-Vape.jpg",800,800,false],"1536x1536":["https:\/\/vapestornado.com\/wp-content\/uploads\/2024\/12\/WGA-15000-PUFFS-JUICY-PEACH-Disposable-Vape.jpg",800,800,false],"2048x2048":["https:\/\/vapestornado.com\/wp-content\/uploads\/2024\/12\/WGA-15000-PUFFS-JUICY-PEACH-Disposable-Vape.jpg",800,800,false],"trp-custom-language-flag":["https:\/\/vapestornado.com\/wp-content\/uploads\/2024\/12\/WGA-15000-PUFFS-JUICY-PEACH-Disposable-Vape.jpg",12,12,false],"woocommerce_thumbnail":["https:\/\/vapestornado.com\/wp-content\/uploads\/2024\/12\/WGA-15000-PUFFS-JUICY-PEACH-Disposable-Vape-300x300.jpg",300,300,true],"woocommerce_single":["https:\/\/vapestornado.com\/wp-content\/uploads\/2024\/12\/WGA-15000-PUFFS-JUICY-PEACH-Disposable-Vape-600x600.jpg",600,600,true],"woocommerce_gallery_thumbnail":["https:\/\/vapestornado.com\/wp-content\/uploads\/2024\/12\/WGA-15000-PUFFS-JUICY-PEACH-Disposable-Vape-100x100.jpg",100,100,true]},"uagb_author_info":{"display_name":"ESMANDY","author_link":"https:\/\/vapestornado.com\/lt\/author\/"},"uagb_comment_info":0,"uagb_excerpt":"WGA Crystal Pro Max 15k Puffs vape pods at wholesale prices. Enjoy long-lasting puffs, premium flavors, and bulk purchase options for your business. [caption id=\"attachment_2951\" align=\"alignnone\" width=\"265\"] Pls Contact Mandy's WhatsApp For Discount Price+8618077105796[\/caption] &nbsp;","_links":{"self":[{"href":"https:\/\/vapestornado.com\/lt\/wp-json\/wp\/v2\/product\/3033","targetHints":{"allow":["GET"]}}],"collection":[{"href":"https:\/\/vapestornado.com\/lt\/wp-json\/wp\/v2\/product"}],"about":[{"href":"https:\/\/vapestornado.com\/lt\/wp-json\/wp\/v2\/types\/product"}],"replies":[{"embeddable":true,"href":"https:\/\/vapestornado.com\/lt\/wp-json\/wp\/v2\/comments?post=3033"}],"wp:featuredmedia":[{"embeddable":true,"href":"https:\/\/vapestornado.com\/lt\/wp-json\/wp\/v2\/media\/3052"}],"wp:attachment":[{"href":"https:\/\/vapestornado.com\/lt\/wp-json\/wp\/v2\/media?parent=3033"}],"wp:term":[{"taxonomy":"product_brand","embeddable":true,"href":"https:\/\/vapestornado.com\/lt\/wp-json\/wp\/v2\/product_brand?post=3033"},{"taxonomy":"product_cat","embeddable":true,"href":"https:\/\/vapestornado.com\/lt\/wp-json\/wp\/v2\/product_cat?post=3033"},{"taxonomy":"product_tag","embeddable":true,"href":"https:\/\/vapestornado.com\/lt\/wp-json\/wp\/v2\/product_tag?post=3033"}],"curies":[{"name":"wp","href":"https:\/\/api.w.org\/{rel}","templated":true}]}}