{"id":3021,"date":"2024-12-09T09:52:59","date_gmt":"2024-12-09T09:52:59","guid":{"rendered":"https:\/\/vapestornado.com\/?post_type=product&#038;p=3021"},"modified":"2025-12-05T09:42:57","modified_gmt":"2025-12-05T09:42:57","slug":"bang-36000-smart-disposable-vape-wholesale-shop-online","status":"publish","type":"product","link":"https:\/\/vapestornado.com\/lt\/product\/bang-36000-smart-disposable-vape-wholesale-shop-online\/","title":{"rendered":"Bang 36000 i\u0161manioji vienkartin\u0117 elektronin\u0117 cigaret\u0117 didmenin\u0117s prekybos parduotuv\u0117 internetu"},"content":{"rendered":"<div class=\"flex-shrink-0 flex flex-col relative items-end\">\n<div>\n<div class=\"pt-0\">\n<div class=\"gizmo-bot-avatar flex h-8 w-8 items-center justify-center overflow-hidden rounded-full\">\n<div class=\"relative p-1 rounded-sm flex items-center justify-center bg-token-main-surface-primary text-token-text-primary h-8 w-8\"><\/div>\n<\/div>\n<\/div>\n<\/div>\n<\/div>\n<div class=\"group\/conversation-turn relative flex w-full min-w-0 flex-col agent-turn\">\n<div class=\"flex-col gap-1 md:gap-3\">\n<div class=\"flex max-w-full flex-col flex-grow\">\n<div class=\"min-h-8 text-message flex w-full flex-col items-end gap-2 whitespace-normal break-words text-start [.text-message+&amp;]:mt-5\" dir=\"auto\" data-message-author-role=\"assistant\" data-message-id=\"24923bbb-bc24-49c4-aeeb-a72cf182457d\" data-message-model-slug=\"gpt-4o\">\n<div class=\"flex w-full flex-col gap-1 empty:hidden first:pt-[3px]\">\n<div class=\"markdown prose w-full break-words dark:prose-invert light\">\n<h3><strong>Bang 36000 i\u0161manioji vienkartin\u0117 elektronin\u0117 cigaret\u0117 didmenin\u0117s prekybos parduotuv\u0117 internetu<\/strong><\/h3>\n<\/div>\n<\/div>\n<\/div>\n<\/div>\n<\/div>\n<\/div>\n<p data-start=\"289\" data-end=\"603\">Bang 36000 I\u0161manus vienkartinis vape suteikia ilgalaik\u012f 36 000 p\u016btim\u0173 tarnavim\u0105 su 30 ml talpa, 0,6\u03a9 tinklelio rit\u0117, reguliuojamu oro srautu, gyvu LED b\u016bsenos ekranu ir 650mAh Type-C \u012fkrovimo baterija viename kompakti\u0161kame \u012frenginyje.<\/p>\n<p data-start=\"571\" data-end=\"921\"><strong data-start=\"571\" data-end=\"615\">36 000 p\u016btim\u0173, palaikomas pilna 30 ml talpa.<\/strong><br data-start=\"615\" data-end=\"618\" \/>\u0160is <strong data-start=\"622\" data-end=\"658\">Bang 36000 Smart vienkartinis garintuvas<\/strong> patenka \u012f didel\u0117s talpos segment\u0105 \u017emon\u0117ms, kurie kasdien vartoja vape ir nenori nuolat keisti ma\u017e\u0173 vienet\u0173. A <strong data-start=\"768\" data-end=\"797\">30 ml i\u0161 anksto u\u017epildytas rezervuaras<\/strong> palaiko p\u016btim\u0173 \u012fvertinim\u0105 \u012fprastu naudojimu, tod\u0117l \u012frenginys tarnauja ilgiau nei standartiniai vienkartiniai ir i\u0161laiko j\u016bs\u0173 rutin\u0105 stabiliai.<\/p>\n<p data-start=\"923\" data-end=\"1193\"><strong data-start=\"923\" data-end=\"971\">I\u0161manus LED ekranas, kuris rodo, kas liko.<\/strong><br data-start=\"971\" data-end=\"974\" \/>Integruotas <strong data-start=\"985\" data-end=\"1010\">LED indikatorius<\/strong> rodo <strong data-start=\"1017\" data-end=\"1067\">baterijos lygis ir e-skys\u010dio b\u016bkl\u0117 realiu laiku<\/strong>. Tai paprasta funkcija, bet naudinga: \u017einote, kada \u012fkrauti ir kada bakelis art\u0117ja prie pabaigos, be sp\u0117jimo sesijos metu.<\/p>\n<p data-start=\"1195\" data-end=\"1456\"><strong data-start=\"1195\" data-end=\"1238\">0,6\u03a9 tinklelio rit\u0117 tankiam, lygiam garui.<\/strong><br data-start=\"1238\" data-end=\"1241\" \/>\u0160is <strong data-start=\"1245\" data-end=\"1265\">0,6 om\u0173 tinklelio rit\u0117<\/strong> yra sureguliuota atviro \u012fkv\u0117pimo ir storesnio garo poreikiui. Tinklelio \u0161ildymas tolygiai paskirsto temperat\u016br\u0105, padeda i\u0161laikyti skon\u012f ai\u0161k\u0173 ir suma\u017eina t\u0105 saus\u0105, degan\u010dio kra\u0161telio poj\u016bt\u012f, kur\u012f da\u017enai patiria daug p\u016btim\u0173 turintys vienkartiniai \u012frenginiai arti pabaigos.<\/p>\n<p data-start=\"1458\" data-end=\"1688\"><strong data-start=\"1458\" data-end=\"1496\">Oro srauto reguliavimas pagal j\u016bs\u0173 stili\u0173.<\/strong><br data-start=\"1496\" data-end=\"1499\" \/>Oro srauto valdymas leid\u017eia pasirinkti tikslesn\u012f \u012fkv\u0117pim\u0105 arba atvir\u0105 \u012fkv\u0117pim\u0105. R\u016bkaliai, norintys pasiekti r\u016bkymo pasiprie\u0161inim\u0105 pana\u0161\u0173 \u012f cigaret\u0119, gali suma\u017einti; vartotojai, m\u0117gstantys laisvesn\u012f \u012fkv\u0117pim\u0105, gali j\u012f atidaryti.<\/p>\n<p data-start=\"1690\" data-end=\"1987\"><strong data-start=\"1690\" data-end=\"1740\">\u012ekraunama Type-C galia ir nikotino diapazonas.<\/strong><br data-start=\"1740\" data-end=\"1743\" \/>Bang 36k Smart Vienkartinis Vape su <strong data-start=\"1745\" data-end=\"1776\">650mAh \u012fkraunama baterija<\/strong> su <strong data-start=\"1782\" data-end=\"1810\">USB Type-C greituoju \u012fkrovimu<\/strong> suma\u017eina prastov\u0173 laik\u0105 ir leid\u017eia u\u017ebaigti bakel\u012f, o ne i\u0161mesti vape anksti. Nikotino pasirinkimai apima <strong data-start=\"1919\" data-end=\"1941\">0%, 2%, 3% ir 5%<\/strong>, tod\u0117l naudotojai gali pritaikyti stiprum\u0105 prie kasdieni\u0173 \u012fpro\u010di\u0173.<\/p>\n<p>&nbsp;<\/p>\n<p><strong>Prid\u0117kite Amy \u201eWhatsapp\u201c, kad gautum\u0117te teising\u0105 atsakym\u0105 ir gar\u0173 kupon\u0105!<\/strong><\/p>\n<p><img fetchpriority=\"high\" decoding=\"async\" class=\"size-full wp-image-2932\" src=\"https:\/\/vapestornado.com\/wp-content\/uploads\/2024\/12\/Vape-Wholesale.jpg\" alt=\"Garintuvai Didmenin\u0117 prekyba\" width=\"229\" height=\"300\" \/><\/p>\n<h3><a href=\"https:\/\/wa.me\/8617776015835\" target=\"_blank\" rel=\"noopener\"><span style=\"color: #ff0000;\"><strong>WhatsApp: +86 17776015835<\/strong><\/span><\/a><\/h3>\n<p>&nbsp;<\/p>\n<h4><strong style=\"font-size: 1.7em;\">\u00a0Bang 36000 produkto savyb\u0117s<\/strong><\/h4>\n<table>\n<thead>\n<tr>\n<th>Funkcija \/ Parametras<\/th>\n<th align=\"right\">Specifikacija<\/th>\n<th>Paai\u0161kinimas<\/th>\n<\/tr>\n<\/thead>\n<tbody>\n<tr>\n<td>Produkto pavadinimas<\/td>\n<td align=\"right\">Bang 36000 Smart vienkartinis garintuvas<\/td>\n<td>Ai\u0161kus modelio pavadinimas pakartotiniams u\u017esakymams ir paie\u0161kai.<\/td>\n<\/tr>\n<tr>\n<td>\u012ep\u016btim\u0173 talpa<\/td>\n<td align=\"right\">Iki 36 000 \u012fkv\u0117pim\u0173<\/td>\n<td>Auk\u0161tos talpos vienkartinis \u012frenginys; ma\u017eiau keitim\u0173.<\/td>\n<\/tr>\n<tr>\n<td>E-skys\u010dio t\u016bris<\/td>\n<td align=\"right\">30 ml i\u0161 anksto u\u017epildyta<\/td>\n<td>Didelis bakelis palaiko 36K \u012fvertinim\u0105.<\/td>\n<\/tr>\n<tr>\n<td>Vamzdelis \/ Var\u017ea<\/td>\n<td align=\"right\">0,6 \u03a9 tinklelio rit\u0117<\/td>\n<td>Atvira trauka, tankus garas, stabilus skonis.<\/td>\n<\/tr>\n<tr>\n<td>Oras srautas<\/td>\n<td align=\"right\">Reguliuojamas<\/td>\n<td>Siaura trauka arba atvira \u012fkv\u0117pimas, naudotojas pasirenka.<\/td>\n<\/tr>\n<tr>\n<td>Baterija<\/td>\n<td align=\"right\">650mAh \u012fkraunamas<\/td>\n<td>\u012ekraukite, kad naudotum\u0117te vis\u0105 bakel\u012f.<\/td>\n<\/tr>\n<tr>\n<td>\u012ekrovimas<\/td>\n<td align=\"right\">USB Type-C greitas \u012fkrovimas<\/td>\n<td>Bendra kabelio standartas ir greiti papildymai.<\/td>\n<\/tr>\n<tr>\n<td>Nikotino pasirinkimai<\/td>\n<td align=\"right\">0% \/ 2% \/ 3% \/ 5%<\/td>\n<td>Pasirinkite nuo nulio nikotino iki stipresnio poveikio.<\/td>\n<\/tr>\n<tr>\n<td>Skoniai<\/td>\n<td align=\"right\">12 pasirinkim\u0173<\/td>\n<td>Apima pagrindines ES skonio tendencijas.<\/td>\n<\/tr>\n<tr>\n<td>Ekranas<\/td>\n<td align=\"right\">I\u0161manus LED baterijos + e-liquido ekranas<\/td>\n<td>Realaus laiko b\u016bsenos steb\u0117jimas naudojant vape.<\/td>\n<\/tr>\n<tr>\n<td>Formos faktorius<\/td>\n<td align=\"right\">Kompakti\u0161kas, ki\u0161en\u0117je telpantis korpusas<\/td>\n<td>Naudinga kasdieniam ne\u0161iojimui ir kelion\u0117ms.<\/td>\n<\/tr>\n<\/tbody>\n<\/table>\n<p>&nbsp;<\/p>\n<h2 class=\"product-title\"><strong>\u00a0Bang 36000 skoni\u0173 s\u0105ra\u0161as<\/strong><\/h2>\n<p>1. Bra\u0161ki\u0173 ir kivi\u0173<br \/>\n2. Mi\u0161rios uogos<br \/>\n3. M\u0117lyn\u0117s su ledu<br \/>\n4. Vynuogi\u0173 ledas<br \/>\n5. Vy\u0161ni\u0173 ledas<br \/>\n6. M\u0117lyni\u0173, avie\u010di\u0173 ir limonado<br \/>\n7. Persik\u0173 ledas<br \/>\n8. Bra\u0161ki\u0173 ir arb\u016bz\u0173<br \/>\n9. Persik\u0173, mang\u0173 ir arb\u016bz\u0173<br \/>\n10. Arb\u016bz\u0173 ledas<\/p>\n<h3>Kod\u0117l verta rinktis vapestornado Bang 36k elektronini\u0173 cigare\u010di\u0173 didmeninei prekybai?<\/h3>\n<div class=\"flex-shrink-0 flex flex-col relative items-end\">\n<div class=\"pt-0\">\n<div class=\"gizmo-bot-avatar flex h-8 w-8 items-center justify-center overflow-hidden rounded-full\">\n<div class=\"relative p-1 rounded-sm flex items-center justify-center bg-token-main-surface-primary text-token-text-primary h-8 w-8\">\n<p>Sveiki atvyk\u0119 \u012f \u201evapestornado\u201c, j\u016bs\u0173 patikim\u0105 internetin\u0119 elektronini\u0173 cigare\u010di\u0173 parduotuv\u0119, kurioje rasite auk\u0161\u010diausios kokyb\u0117s vienkartini\u0173 elektronini\u0173 cigare\u010di\u0173. Tur\u0117dami daugiau nei 5 met\u0173 patirt\u012f, si\u016blome jums populiarius vienkartini\u0173 elektronini\u0173 cigare\u010di\u0173 preki\u0173 \u017eenklus, tokius kaip \u201eFumot RandM Vape\u201c, \u201eVapme\u201c, \u201eBang Vape\u201c, \u201eWaspe Vape\u201c ir \u201eWGA Vape\u201c ir kt.<\/p>\n<p>M\u016bs\u0173 asortimentas apima populiarias garinimo priemones, tokias kaip <a href=\"https:\/\/vapestornado.com\/lt\/product\/fumot-randm-tornado-15000-puffs-rechargeable-disposable-vape-wholesale\/\">RandM Tornado 15000<\/a>, ir skoni\u0173 turtingus pasirinkimus, tokius kaip <a href=\"https:\/\/vapestornado.com\/lt\/product\/waspe-40000-puffs-double-flavour-led-display-disposable-vape-wholesale\/\">WASPE dvigubo skonio 40000 \u012fkv\u0117pim\u0173<\/a> . Kiekvienas produktas parenkamas atsi\u017evelgiant \u012f kokyb\u0119, vert\u0119 ir \u012fvairov\u0119, u\u017etikrinant, kad rastum\u0117te tobul\u0105 atitikmen\u012f savo poreikiams. Atraskite i\u0161skirtin\u012f aptarnavim\u0105 ir plat\u0173 auk\u0161\u010diausios kokyb\u0117s produkt\u0173 asortiment\u0105 \u201evapestornado\u201c.<\/p>\n<\/div>\n<h3><\/h3>\n<div class=\"relative p-1 rounded-sm flex items-center justify-center bg-token-main-surface-primary text-token-text-primary h-8 w-8\">\n<h3>DUK apie Bang 36000 \u012fkraunam\u0105 vienkartin\u0119 elektronin\u0119 cigaret\u0119<\/h3>\n<\/div>\n<\/div>\n<\/div>\n<\/div>\n<div class=\"group\/conversation-turn relative flex w-full min-w-0 flex-col agent-turn\">\n<div class=\"flex-col gap-1 md:gap-3\">\n<div class=\"flex max-w-full flex-col flex-grow\">\n<div class=\"min-h-8 text-message flex w-full flex-col items-end gap-2 whitespace-normal break-words [.text-message+&amp;]:mt-5\" dir=\"auto\" data-message-author-role=\"assistant\" data-message-id=\"db716a1c-9ed0-4b8d-b3b0-7bdb913c3d42\" data-message-model-slug=\"gpt-4o\">\n<div class=\"flex w-full flex-col gap-1 empty:hidden first:pt-[3px]\">\n<div class=\"markdown prose w-full break-words dark:prose-invert light\">\n<div class=\"flex max-w-full flex-col flex-grow\">\n<div class=\"min-h-8 text-message flex w-full flex-col items-end gap-2 whitespace-normal break-words text-start [.text-message+&amp;]:mt-5\" dir=\"auto\" data-message-author-role=\"assistant\" data-message-id=\"2dbf2369-71ab-44c2-8168-31d5a517a1e4\" data-message-model-slug=\"gpt-4o-mini\">\n<div class=\"flex w-full flex-col gap-1 empty:hidden first:pt-[3px]\">\n<div class=\"markdown prose w-full break-words dark:prose-invert light\">\n<article class=\"text-token-text-primary w-full focus:outline-none [--shadow-height:45px] has-data-writing-block:pointer-events-none has-data-writing-block:-mt-(--shadow-height) has-data-writing-block:pt-(--shadow-height) [&amp;:has([data-writing-block])&gt;*]:pointer-events-auto scroll-mt-[calc(var(--header-height)+min(200px,max(70px,20svh)))]\" dir=\"auto\" tabindex=\"-1\" data-turn-id=\"ee759558-2db1-4861-8932-66c87485c242\" data-testid=\"conversation-turn-82\" data-scroll-anchor=\"true\" data-turn=\"assistant\">\n<div class=\"text-base my-auto mx-auto pb-10 [--thread-content-margin:--spacing(4)] @w-sm\/main:[--thread-content-margin:--spacing(6)] @w-lg\/main:[--thread-content-margin:--spacing(16)] px-(--thread-content-margin)\">\n<div class=\"[--thread-content-max-width:40rem] @w-lg\/main:[--thread-content-max-width:48rem] mx-auto max-w-(--thread-content-max-width) flex-1 group\/turn-messages focus-visible:outline-hidden relative flex w-full min-w-0 flex-col agent-turn\" tabindex=\"-1\">\n<div class=\"flex max-w-full flex-col grow\">\n<div class=\"min-h-8 text-message relative flex w-full flex-col items-end gap-2 text-start break-words whitespace-normal [.text-message+&amp;]:mt-1\" dir=\"auto\" data-message-author-role=\"assistant\" data-message-id=\"370325a1-2e03-4ed2-9b16-18960ddf0293\" data-message-model-slug=\"gpt-5-1\">\n<div class=\"flex w-full flex-col gap-1 empty:hidden first:pt-[1px]\">\n<div class=\"markdown prose dark:prose-invert w-full break-words light markdown-new-styling\">\n<p data-start=\"0\" data-end=\"139\">\n<ol data-start=\"141\" data-end=\"1633\">\n<li data-start=\"141\" data-end=\"427\">\n<p data-start=\"144\" data-end=\"427\"><strong data-start=\"144\" data-end=\"221\">Ar Bang 36000 Smart vienkartinis vape ar yra tinkamas MTL arba laisvesniam \u012fkv\u0117pimui<\/strong><br data-start=\"221\" data-end=\"224\" \/>Taip. The <strong data-start=\"233\" data-end=\"269\" data-is-only-node=\"\">Bang 36000 Smart vienkartinis garintuvas<\/strong> turi reguliuojam\u0105 oro sraut\u0105, tod\u0117l j\u012f galima nustatyti tvirtesniam MTL stiliaus traukiniui arba atidaryti laisvesniam \u012fkv\u0117pimui. Tai padeda buvusiems r\u016bkytiems pritaikyti \u012fprast\u0105 traukimo jausm\u0105.<\/p>\n<\/li>\n<li data-start=\"429\" data-end=\"754\">\n<p data-start=\"432\" data-end=\"754\"><strong data-start=\"432\" data-end=\"517\">Ar Bang King 36K galima naudoti iki paskutinio la\u0161o, nesuma\u017einant veikimo efektyvumo<\/strong><br data-start=\"517\" data-end=\"520\" \/>\u0160is <strong data-start=\"524\" data-end=\"552\" data-is-only-node=\"\">Bang King 36K vienkartinis<\/strong> naudoja 0.6\u03a9 tinklelio rit\u0119 ir \u012fkraunam\u0105 baterij\u0105. Tinklelio \u0161ildymas u\u017etikrina pastovesn\u012f i\u0161\u0117jim\u0105 dideliame bakelyje, o \u012fkrovimas apsaugo nuo ankstyvo baterijos i\u0161sikrovimo, tod\u0117l veikimas i\u0161lieka nuoseklus ir toliau naudojant.<\/p>\n<\/li>\n<li data-start=\"756\" data-end=\"1035\">\n<p data-start=\"759\" data-end=\"1035\"><strong data-start=\"759\" data-end=\"839\">Kod\u0117l mano Bang 36 000 p\u016btimo vienkartinis kartais atrodo silpnesnis po \u012fkrovimo<\/strong><br data-start=\"839\" data-end=\"842\" \/>Po \u012fkrovimo oro srauto kondensacija gali \u0161iek tiek sumink\u0161tinti pirmuosius kelis \u012fkv\u0117pimus. Paimkite kelet\u0105 trump\u0173 \u012fkv\u0117pim\u0173 ir da\u017eniausiai tai i\u0161sisklaido. Jei jis lieka silpnas, patikrinkite, ar oro srautas n\u0117ra per stipriai nustatytas.<\/p>\n<\/li>\n<li data-start=\"1037\" data-end=\"1313\">\n<p data-start=\"1040\" data-end=\"1313\"><strong data-start=\"1040\" data-end=\"1120\">Ar Bang 36000 Smart vienkartinis turi mi\u0161ri\u0173 skoni\u0173 didel\u0117ms u\u017esakym\u0173 partijoms<\/strong><br data-start=\"1120\" data-end=\"1123\" \/>Dauguma didmenini\u0173 pirk\u0117j\u0173 leid\u017eia mi\u0161ri\u0173 skoni\u0173 d\u0117\u017eutes <strong data-start=\"1175\" data-end=\"1206\" data-is-only-node=\"\">Bang 36000 Smart vienkartinis<\/strong> linijai. Turint 12 skoni\u0173, parduotuv\u0117s da\u017enai mai\u0161o geriausiai parduodamus produktus su keletu regionini\u0173 m\u0117gstamiausi\u0173, kad i\u0161bandyt\u0173 paklaus\u0105.<\/p>\n<\/li>\n<li data-start=\"1315\" data-end=\"1633\">\n<p data-start=\"1318\" data-end=\"1633\"><strong data-start=\"1318\" data-end=\"1399\">Kaip tur\u0117\u010diau laikyti Bang 36K Smart vienkartin\u012f, kad i\u0161vengti nuot\u0117kio ar saus\u0173 \u012fkv\u0117pim\u0173<\/strong><br data-start=\"1399\" data-end=\"1402\" \/>Laikyti <strong data-start=\"1412\" data-end=\"1446\" data-is-only-node=\"\">Bang 36K Smart vienkartin\u012f vape<\/strong> vertikaliai, jei \u012fmanoma, ir laikyti j\u012f toli nuo kar\u0161t\u0173 automobili\u0173 ar u\u017e\u0161alimo s\u0105lyg\u0173. Ekstremal\u016bs temperat\u016bros svyravimai gali sukelti kondensacij\u0105 arba skystosios med\u017eiagos plon\u0117jim\u0105, kas da\u017eniausiai sukelia nedidelius nuot\u0117kius.<\/p>\n<\/li>\n<\/ol>\n<\/div>\n<\/div>\n<\/div>\n<\/div>\n<\/div>\n<\/div>\n<\/article>\n<\/div>\n<\/div>\n<\/div>\n<\/div>\n<\/div>\n<\/div>\n<\/div>\n<\/div>\n<\/div>\n<\/div>","protected":false},"excerpt":{"rendered":"<p>Bang 36000 I\u0161manus vienkartinis vape \u2013 36 t\u016bkst. p\u016btim\u0173, sukurtas ilgam kasdieniam naudojimui<br \/>\nBang 36K tinklelio rit\u0117 ir reguliuojamas oro srautas skland\u017eiam, tankiam garui<br \/>\nBang 36000 I\u0161manus vienkartinis su LED ekranu ir Type-C \u012fkrovimo galia<\/p>\n<p><strong>Prid\u0117kite Amy whatsapp, gaukite tiesiogin\u012f atsakym\u0105 ir kupon\u0105 veipui!<\/strong><\/p>\n<p><img fetchpriority=\"high\" decoding=\"async\" class=\"size-full wp-image-2932\" src=\"https:\/\/vapestornado.com\/wp-content\/uploads\/2024\/12\/Vape-Wholesale.jpg\" alt=\"Garintuvai Didmenin\u0117 prekyba\" width=\"229\" height=\"300\" \/><\/p>\n<h3><a href=\"https:\/\/wa.me\/8617776015835\"><span style=\"color: #ff0000;\"><strong>WhatsApp: +86 17776015835<\/strong><\/span><\/a><\/h3>\n<p>&nbsp;<\/p>","protected":false},"featured_media":3006,"comment_status":"open","ping_status":"closed","template":"","meta":{"_acf_changed":false,"_uag_custom_page_level_css":"","_lmt_disableupdate":"no","_lmt_disable":"","_monsterinsights_skip_tracking":false,"_monsterinsights_sitenote_active":false,"_monsterinsights_sitenote_note":"","_monsterinsights_sitenote_category":0,"site-sidebar-layout":"default","site-content-layout":"","ast-site-content-layout":"default","site-content-style":"default","site-sidebar-style":"default","ast-global-header-display":"","ast-banner-title-visibility":"","ast-main-header-display":"","ast-hfb-above-header-display":"","ast-hfb-below-header-display":"","ast-hfb-mobile-header-display":"","site-post-title":"","ast-breadcrumbs-content":"","ast-featured-img":"","footer-sml-layout":"","ast-disable-related-posts":"","theme-transparent-header-meta":"default","adv-header-id-meta":"","stick-header-meta":"","header-above-stick-meta":"","header-main-stick-meta":"","header-below-stick-meta":"","astra-migrate-meta-layouts":"set","ast-page-background-enabled":"default","ast-page-background-meta":{"desktop":{"background-color":"","background-image":"","background-repeat":"repeat","background-position":"center center","background-size":"auto","background-attachment":"scroll","background-type":"","background-media":"","overlay-type":"","overlay-color":"","overlay-opacity":"","overlay-gradient":""},"tablet":{"background-color":"","background-image":"","background-repeat":"repeat","background-position":"center center","background-size":"auto","background-attachment":"scroll","background-type":"","background-media":"","overlay-type":"","overlay-color":"","overlay-opacity":"","overlay-gradient":""},"mobile":{"background-color":"","background-image":"","background-repeat":"repeat","background-position":"center center","background-size":"auto","background-attachment":"scroll","background-type":"","background-media":"","overlay-type":"","overlay-color":"","overlay-opacity":"","overlay-gradient":""}},"ast-content-background-meta":{"desktop":{"background-color":"var(--ast-global-color-5)","background-image":"","background-repeat":"repeat","background-position":"center center","background-size":"auto","background-attachment":"scroll","background-type":"","background-media":"","overlay-type":"","overlay-color":"","overlay-opacity":"","overlay-gradient":""},"tablet":{"background-color":"var(--ast-global-color-5)","background-image":"","background-repeat":"repeat","background-position":"center center","background-size":"auto","background-attachment":"scroll","background-type":"","background-media":"","overlay-type":"","overlay-color":"","overlay-opacity":"","overlay-gradient":""},"mobile":{"background-color":"var(--ast-global-color-5)","background-image":"","background-repeat":"repeat","background-position":"center center","background-size":"auto","background-attachment":"scroll","background-type":"","background-media":"","overlay-type":"","overlay-color":"","overlay-opacity":"","overlay-gradient":""}},"_joinchat":{"telephone":"+8617776015835"}},"product_brand":[],"product_cat":[66,62,149,154,160,146],"product_tag":[109,108,110,105,93],"class_list":{"0":"post-3021","1":"product","2":"type-product","3":"status-publish","4":"has-post-thumbnail","6":"product_cat-36000-puff","7":"product_cat-bang-vape","8":"product_cat-buy-disposable-vapes-in-austria","9":"product_cat-buy-disposable-vapes-in-netherlands","10":"product_cat-buy-disposable-vapes-in-switzerland","11":"product_cat-rechargeable-disposable-vapes","12":"product_tag-bang-36000","13":"product_tag-bang-vape-36000","14":"product_tag-bang-vape-36k","15":"product_tag-digital-disposable-vape","16":"product_tag-vape-wholesale","17":"desktop-align-left","18":"tablet-align-left","19":"mobile-align-left","21":"first","22":"instock","23":"sale","24":"shipping-taxable","25":"purchasable","26":"product-type-simple"},"acf":[],"uagb_featured_image_src":{"full":["https:\/\/vapestornado.com\/wp-content\/uploads\/2024\/12\/Bang-36000-Puffs-Disposable-Vape-Wholesale-Price.jpg",1126,1126,false],"thumbnail":["https:\/\/vapestornado.com\/wp-content\/uploads\/2024\/12\/Bang-36000-Puffs-Disposable-Vape-Wholesale-Price-150x150.jpg",150,150,true],"medium":["https:\/\/vapestornado.com\/wp-content\/uploads\/2024\/12\/Bang-36000-Puffs-Disposable-Vape-Wholesale-Price-300x300.jpg",300,300,true],"medium_large":["https:\/\/vapestornado.com\/wp-content\/uploads\/2024\/12\/Bang-36000-Puffs-Disposable-Vape-Wholesale-Price-768x768.jpg",768,768,true],"large":["https:\/\/vapestornado.com\/wp-content\/uploads\/2024\/12\/Bang-36000-Puffs-Disposable-Vape-Wholesale-Price-1024x1024.jpg",1024,1024,true],"1536x1536":["https:\/\/vapestornado.com\/wp-content\/uploads\/2024\/12\/Bang-36000-Puffs-Disposable-Vape-Wholesale-Price.jpg",1126,1126,false],"2048x2048":["https:\/\/vapestornado.com\/wp-content\/uploads\/2024\/12\/Bang-36000-Puffs-Disposable-Vape-Wholesale-Price.jpg",1126,1126,false],"trp-custom-language-flag":["https:\/\/vapestornado.com\/wp-content\/uploads\/2024\/12\/Bang-36000-Puffs-Disposable-Vape-Wholesale-Price.jpg",12,12,false],"woocommerce_thumbnail":["https:\/\/vapestornado.com\/wp-content\/uploads\/2024\/12\/Bang-36000-Puffs-Disposable-Vape-Wholesale-Price-300x300.jpg",300,300,true],"woocommerce_single":["https:\/\/vapestornado.com\/wp-content\/uploads\/2024\/12\/Bang-36000-Puffs-Disposable-Vape-Wholesale-Price-600x600.jpg",600,600,true],"woocommerce_gallery_thumbnail":["https:\/\/vapestornado.com\/wp-content\/uploads\/2024\/12\/Bang-36000-Puffs-Disposable-Vape-Wholesale-Price-100x100.jpg",100,100,true]},"uagb_author_info":{"display_name":"ESAMY","author_link":"https:\/\/vapestornado.com\/lt\/author\/"},"uagb_comment_info":0,"uagb_excerpt":"Bang 36000 Smart Disposable Vape \u2014 36K Puffs Built for Long Daily Use Bang 36K Mesh Coil and Adjustable Airflow for Smooth, Dense Vapor Bang 36000 Smart Disposable with LED Screen and Type-C Rechargeable Power Add Amy's whatsapp to get right reply and vape vape coupon! WhatsApp: +86 17776015835 &nbsp;","_links":{"self":[{"href":"https:\/\/vapestornado.com\/lt\/wp-json\/wp\/v2\/product\/3021","targetHints":{"allow":["GET"]}}],"collection":[{"href":"https:\/\/vapestornado.com\/lt\/wp-json\/wp\/v2\/product"}],"about":[{"href":"https:\/\/vapestornado.com\/lt\/wp-json\/wp\/v2\/types\/product"}],"replies":[{"embeddable":true,"href":"https:\/\/vapestornado.com\/lt\/wp-json\/wp\/v2\/comments?post=3021"}],"wp:featuredmedia":[{"embeddable":true,"href":"https:\/\/vapestornado.com\/lt\/wp-json\/wp\/v2\/media\/3006"}],"wp:attachment":[{"href":"https:\/\/vapestornado.com\/lt\/wp-json\/wp\/v2\/media?parent=3021"}],"wp:term":[{"taxonomy":"product_brand","embeddable":true,"href":"https:\/\/vapestornado.com\/lt\/wp-json\/wp\/v2\/product_brand?post=3021"},{"taxonomy":"product_cat","embeddable":true,"href":"https:\/\/vapestornado.com\/lt\/wp-json\/wp\/v2\/product_cat?post=3021"},{"taxonomy":"product_tag","embeddable":true,"href":"https:\/\/vapestornado.com\/lt\/wp-json\/wp\/v2\/product_tag?post=3021"}],"curies":[{"name":"wp","href":"https:\/\/api.w.org\/{rel}","templated":true}]}}