{"id":3000,"date":"2024-12-09T07:00:42","date_gmt":"2024-12-09T07:00:42","guid":{"rendered":"https:\/\/vapestornado.com\/?post_type=product&#038;p=3000"},"modified":"2025-08-23T10:18:27","modified_gmt":"2025-08-23T10:18:27","slug":"waspe-25000-puffs-digital-disposable-vape-wholesale-price-in-poland","status":"publish","type":"product","link":"https:\/\/vapestornado.com\/lt\/product\/waspe-25000-puffs-digital-disposable-vape-wholesale-price-in-poland\/","title":{"rendered":"Waspe 25000 Puffs Digitalinis vienkartinis garintuvas didmenin\u0117 kaina Lietuvoje"},"content":{"rendered":"<h1 class=\"product-title\">Waspe 25000 Puffs Digitalinis vienkartinis garintuvas didmenin\u0117 kaina Lietuvoje<\/h1>\n<p data-start=\"525\" data-end=\"808\">\u0160is <strong data-start=\"529\" data-end=\"574\">Waspe 25000 \u012ekv\u0117pim\u0173 Skaitmeninis Vienkartinis Garintuvas<\/strong> yra prakti\u0161kas pasirinkimas didmenininkams ir ma\u017emenininkams Lietuvoje, ie\u0161kantiems ilgalaikio, daug funkcij\u0173 turin\u010dio produkto. Su iki <strong data-start=\"690\" data-end=\"715\">25 000 \u012ftraukim\u0173 viename \u012frenginyje<\/strong> ir <strong data-start=\"722\" data-end=\"744\">dviej\u0173 skoni\u0173 sistema<\/strong>, jis suteikia klientams ilgesn\u012f naudojim\u0105 ir didesn\u0119 \u012fvairov\u0119.<\/p>\n<p data-start=\"810\" data-end=\"1090\">\u012erengtas su <strong data-start=\"826\" data-end=\"848\">skaitmeninis LED ekranas<\/strong>, \u201eWaspe 25K\u201c realiuoju laiku informuoja vartotojus apie baterijos veikimo laik\u0105 ir \u012ftraukim\u0173 skai\u010di\u0173. Jo <strong data-start=\"937\" data-end=\"960\">\u012fkraunamas dizainas<\/strong> su <strong data-start=\"966\" data-end=\"990\">C tipo greit\u0105j\u012f \u012fkrovim\u0105<\/strong> u\u017etikrina nuosekl\u0173 veikim\u0105 ir suma\u017eina atliek\u0173 kiek\u012f, tod\u0117l jis yra ekonomi\u0161kas ir nekenksmingas aplinkai.<\/p>\n<p data-start=\"1092\" data-end=\"1373\">Galima \u012fsigyti su skirtingais <strong data-start=\"1114\" data-end=\"1133\">nikotino lygiais<\/strong> ir <strong data-start=\"1138\" data-end=\"1161\">skoni\u0173 deriniai<\/strong>, <strong data-start=\"1167\" data-end=\"1185\">\u201eWaspe 25K Vape\u201c<\/strong> patrauklus pla\u010diam vartotoj\u0173 ratui \u2013 nuo pradedan\u010di\u0173j\u0173 iki patyrusi\u0173 garintoj\u0173. Kompakti\u0161kas ir ne\u0161iojamas, jis tinka kasdieniam naudojimui, o pa\u017eangi rit\u0117s technologija u\u017etikrina nuosekl\u0173 skon\u012f.<\/p>\n<p data-start=\"1375\" data-end=\"1604\">Platintojams ir parduotuvi\u0173 savininkams Lietuvoje <strong data-start=\"1423\" data-end=\"1449\">\u201eWaspe 25000 Puffs Vape\u201c<\/strong> apjungia didel\u0119 \u012ftraukim\u0173 talp\u0105, novatori\u0161kas funkcijas ir <strong data-start=\"1504\" data-end=\"1537\">konkurencingos didmenin\u0117s kainos<\/strong>, tod\u0117l tai yra pelningas priedas prie vienkartini\u0173 garintuv\u0173 atsarg\u0173.<\/p>\n<p>&nbsp;<\/p>\n<p><strong>Prid\u0117kite Amy \u201eWhatsapp\u201c, kad gautum\u0117te teising\u0105 atsakym\u0105 ir gar\u0173 kupon\u0105!<\/strong><\/p>\n<p><img fetchpriority=\"high\" decoding=\"async\" class=\"size-full wp-image-2932\" src=\"https:\/\/vapestornado.com\/wp-content\/uploads\/2024\/12\/Vape-Wholesale.jpg\" alt=\"Garintuvai Didmenin\u0117 prekyba\" width=\"229\" height=\"300\" \/><\/p>\n<h3><a href=\"https:\/\/wa.me\/8617776015835\" target=\"_blank\" rel=\"noopener\"><span style=\"color: #ff0000;\"><strong>WhatsApp: +86 17776015835<\/strong><\/span><\/a><\/h3>\n<p>&nbsp;<\/p>\n<h4><strong style=\"font-size: 1.7em;\">Waspe Vape 25000 Produkto Savyb\u0117s<\/strong><\/h4>\n<ul>\n<li><strong>25 000 gryno pasitenkinimo \u012fkv\u0117pim\u0173<\/strong>: M\u0117gaukit\u0117s ilgesn\u0117mis garinimo sesijomis su iki <strong>25 000 \u012fp\u016btim\u0173<\/strong>, tod\u0117l <strong>WASPE 25000 \u012fkv\u0117pim\u0173<\/strong> yra idealus pasirinkimas tiek lengviems, tiek sunkiems vartotojams.<\/li>\n<li><strong>Keli nikotino stiprumai<\/strong>: Pasirinkite i\u0161 <strong>0%, 2% arba 5% nikotino<\/strong>, si\u016blant pritaikyt\u0105 patirt\u012f vartotojams, ie\u0161kantiems <strong>vienkartinis vape su ma\u017eu nikotino kiekiu<\/strong> arba stipresnio sm\u016bgio.<\/li>\n<li><strong>25 ml e. skys\u010dio talpa<\/strong>: I\u0161 anksto \u012fkrautas su dosniu <strong>25 ml e. skys\u010dio<\/strong>, u\u017etikrinant ma\u017eiau pertrauk\u0173 ir ilgesn\u012f malonum\u0105.<\/li>\n<li><strong>Pa\u017eangios dvigubos tinklelio rit\u0117s<\/strong>: Integruotos dvigubos tinklelio rit\u0117s garantuoja skland\u0173 gar\u0173 gamyb\u0105, nuosekl\u0173 skonio perdavim\u0105 ir auk\u0161\u010diausios kokyb\u0117s patirt\u012f kiekviename \u012fkv\u0117pime.<\/li>\n<li><strong>Skaitmeninis LED ekranas<\/strong>: <strong>LED ekranas vienkartinis garintuvas<\/strong> turi i\u0161man\u0173j\u012f LCD ekran\u0105, leid\u017eiant\u012f steb\u0117ti <strong>baterijos veikimo laik\u0105 ir \u012ftraukim\u0173 skai\u010di\u0173<\/strong> be vargo.<\/li>\n<li><strong>\u012ekraunamas ir patvarus<\/strong>: Maitinamas <strong>650mAh baterij\u0105<\/strong> ir palaikomas <strong>C tipo greit\u0105j\u012f \u012fkrovim\u0105<\/strong>, \u0161is <strong>\u012fkraunamas garintuvas<\/strong> u\u017etikrina energij\u0105 ilgam naudojimui be ilg\u0173 prastov\u0173.<\/li>\n<li><strong>Kompakti\u0161kas dizainas dideliems pirkimams<\/strong>: Lengvas ir patogus naudoti \u201eWaspe 25k\u201c puikiai tinka dideliems pirkimams, tod\u0117l idealiai tinka platintojams, ie\u0161kantiems patikimo produkto <strong>gar\u0173 didmenin\u0117 prekyba<\/strong>.<\/li>\n<\/ul>\n<p>&nbsp;<\/p>\n<h2 class=\"product-title\"><strong>WASPE 25000 skoni\u0173 s\u0105ra\u0161as<\/strong><\/h2>\n<p>1. Bra\u0161ki\u0173 ir kivi\u0173<br \/>\n2. Mi\u0161rios uogos<br \/>\n3. M\u0117lyn\u0117s su ledu<br \/>\n4. Vynuogi\u0173 ledas<br \/>\n5. Vy\u0161ni\u0173 ledas<br \/>\n6. M\u0117lyni\u0173, avie\u010di\u0173 ir limonado<br \/>\n7. Persik\u0173 ledas<br \/>\n8. Bra\u0161ki\u0173 ir arb\u016bz\u0173<br \/>\n9. Persik\u0173, mang\u0173 ir arb\u016bz\u0173<br \/>\n10. Arb\u016bz\u0173 ledas<\/p>\n<h3>Kod\u0117l verta rinktis \u201evapestornado\u201c WASPE 25k Vape didmeninei prekybai?<\/h3>\n<div class=\"flex-shrink-0 flex flex-col relative items-end\">\n<div class=\"pt-0\">\n<div class=\"gizmo-bot-avatar flex h-8 w-8 items-center justify-center overflow-hidden rounded-full\">\n<div class=\"relative p-1 rounded-sm flex items-center justify-center bg-token-main-surface-primary text-token-text-primary h-8 w-8\">\n<p>Sveiki atvyk\u0119 \u012f \u201evapestornado\u201c, j\u016bs\u0173 patikim\u0105 internetin\u0119 elektronini\u0173 cigare\u010di\u0173 parduotuv\u0119, kurioje rasite auk\u0161\u010diausios kokyb\u0117s vienkartini\u0173 elektronini\u0173 cigare\u010di\u0173. Tur\u0117dami daugiau nei 5 met\u0173 patirt\u012f, si\u016blome jums populiarius vienkartini\u0173 elektronini\u0173 cigare\u010di\u0173 preki\u0173 \u017eenklus, tokius kaip \u201eFumot RandM Vape\u201c, \u201eVapme\u201c, \u201eBang Vape\u201c, \u201eWaspe Vape\u201c ir \u201eWGA Vape\u201c ir kt.<\/p>\n<p>M\u016bs\u0173 asortimentas apima populiarias garinimo priemones, tokias kaip <a href=\"https:\/\/vapestornado.com\/lt\/product\/fumot-randm-tornado-15000-puffs-rechargeable-disposable-vape-wholesale\/\">RandM Tornado 15000<\/a>, ir skoni\u0173 turtingus pasirinkimus, tokius kaip <a href=\"https:\/\/vapestornado.com\/lt\/product\/waspe-40000-puffs-double-flavour-led-display-disposable-vape-wholesale\/\">WASPE dvigubo skonio 40000 \u012fkv\u0117pim\u0173<\/a> . Kiekvienas produktas parenkamas atsi\u017evelgiant \u012f kokyb\u0119, vert\u0119 ir \u012fvairov\u0119, u\u017etikrinant, kad rastum\u0117te tobul\u0105 atitikmen\u012f savo poreikiams. Atraskite i\u0161skirtin\u012f aptarnavim\u0105 ir plat\u0173 auk\u0161\u010diausios kokyb\u0117s produkt\u0173 asortiment\u0105 \u201evapestornado\u201c.<\/p>\n<\/div>\n<h3><\/h3>\n<div class=\"relative p-1 rounded-sm flex items-center justify-center bg-token-main-surface-primary text-token-text-primary h-8 w-8\">\n<h3>DUK apie WASPE 25k \u012fkraunam\u0105 vienkartin\u0119 elektronin\u0119 cigaret\u0119<\/h3>\n<\/div>\n<\/div>\n<\/div>\n<\/div>\n<div class=\"group\/conversation-turn relative flex w-full min-w-0 flex-col agent-turn\">\n<div class=\"flex-col gap-1 md:gap-3\">\n<div class=\"flex max-w-full flex-col flex-grow\">\n<div class=\"min-h-8 text-message flex w-full flex-col items-end gap-2 whitespace-normal break-words [.text-message+&amp;]:mt-5\" dir=\"auto\" data-message-author-role=\"assistant\" data-message-id=\"db716a1c-9ed0-4b8d-b3b0-7bdb913c3d42\" data-message-model-slug=\"gpt-4o\">\n<div class=\"flex w-full flex-col gap-1 empty:hidden first:pt-[3px]\">\n<div class=\"markdown prose w-full break-words dark:prose-invert light\">\n<h3><\/h3>\n<ol>\n<li><strong>Kur Lenkijoje galiu nusipirkti \u201eWaspe 25000 Puffs Digital Disposable Vape\u201c didmenine kaina?<\/strong><br \/>\n\u201eWaspe 25000 Puffs Digital Disposable Vape\u201c galite \u012fsigyti konkurencingomis didmenin\u0117mis kainomis i\u0161 patikim\u0173 platintoj\u0173, kurie specializuojasi <strong>gar\u0173 didmenin\u0117 prekyba<\/strong> Lenkijoje.<\/li>\n<li><strong>Kiek \u012ftraukim\u0173 suteikia \u201eWaspe 25000 Puffs Digital Disposable Vape\u201c?<\/strong><br \/>\n\u201eWaspe 25k\u201c suteikia \u012fsp\u016bding\u0105 <strong>25 000 \u012fp\u016btim\u0173<\/strong>, u\u017etikrinant\u012f ilgalaik\u012f naudojim\u0105 ir puik\u0173 kainos ir kokyb\u0117s santyk\u012f.<\/li>\n<li><strong>Kuo \u201eWaspe 25000 Puffs\u201c elektronin\u0117 cigaret\u0117 yra unikali, palyginti su kitomis vienkartin\u0117mis elektronin\u0117mis cigaret\u0117mis?<\/strong><br \/>\n\u201eWaspe 25k\u201c i\u0161siskiria savo <strong>LED skaitmeninis ekranas<\/strong> skirta steb\u0117ti \u012fp\u016btim\u0173 skai\u010di\u0173 ir baterijos veikimo laik\u0105, <strong>dvigubas skonis<\/strong> parinktys ir <strong>\u012fkraunamas dizainas<\/strong> maitinamas greito \u012fkrovimo <strong>Type-C prievad\u0105<\/strong>.<\/li>\n<li><strong>Kokie nikotino lygiai yra galimi \u201eWaspe 25000 Puffs\u201c vienkartiniame vape?<\/strong><br \/>\n\u201eWaspe 25k\u201c si\u016blo tris nikotino stiprumo pasirinkimus: <strong>0%, 2% ir 5%<\/strong>, skirtas vartotojams, kurie teikia pirmenyb\u0119 <strong>vienkartinis vape su ma\u017eu nikotino kiekiu<\/strong> arba stipresni sm\u016bgiai.<\/li>\n<li><strong>Kaip \u201eWaspe 25k\u201c u\u017etikrina auk\u0161tesn\u0119 garinimo patirt\u012f?<\/strong><br \/>\n\u012erengtas <strong>dvigubomis tinklelio spiral\u0117mis<\/strong> pagerintam gar\u0173 gamybai, didelis <strong>25 ml e. skys\u010dio talpa<\/strong>ir pritaikomas oro srautas, \u201eWaspe 25k\u201c u\u017etikrina nuoseklius, aromatingus \u012ftraukimus, kad garinimo patirtis b\u016bt\u0173 i\u0161skirtin\u0117.<\/li>\n<\/ol>\n<\/div>\n<\/div>\n<\/div>\n<\/div>\n<\/div>\n<\/div>","protected":false},"excerpt":{"rendered":"<p>\u0160is <strong data-start=\"290\" data-end=\"327\">Vienkartinis \u201eWaspe 25000 Puffs\u201c garintuvas<\/strong> si\u016blo dvigubus skonius, LED ekran\u0105 ir iki 25 t\u016bkst. \u012ftraukim\u0173. Puikiai tinka <strong data-start=\"395\" data-end=\"425\">didmeniniams pirk\u0117jams Lietuvoje<\/strong>, apjungiant talp\u0105, skoni\u0173 \u012fvairov\u0119 ir konkurencingas didmenines kainas.<\/p>\n<p><strong>Prid\u0117kite Amy whatsapp, gaukite tiesiogin\u012f atsakym\u0105 ir kupon\u0105 veipui!<\/strong><\/p>\n<p><img fetchpriority=\"high\" decoding=\"async\" class=\"size-full wp-image-2932\" src=\"https:\/\/vapestornado.com\/wp-content\/uploads\/2024\/12\/Vape-Wholesale.jpg\" alt=\"Garintuvai Didmenin\u0117 prekyba\" width=\"229\" height=\"300\" \/><\/p>\n<h3><a href=\"https:\/\/wa.me\/8617776015835\"><span style=\"color: #ff0000;\"><strong>WhatsApp: +86 17776015835<\/strong><\/span><\/a><\/h3>\n<p>&nbsp;<\/p>","protected":false},"featured_media":2995,"comment_status":"open","ping_status":"closed","template":"","meta":{"_acf_changed":false,"_uag_custom_page_level_css":"","_lmt_disableupdate":"no","_lmt_disable":"","_monsterinsights_skip_tracking":false,"_monsterinsights_sitenote_active":false,"_monsterinsights_sitenote_note":"","_monsterinsights_sitenote_category":0,"site-sidebar-layout":"default","site-content-layout":"","ast-site-content-layout":"default","site-content-style":"default","site-sidebar-style":"default","ast-global-header-display":"","ast-banner-title-visibility":"","ast-main-header-display":"","ast-hfb-above-header-display":"","ast-hfb-below-header-display":"","ast-hfb-mobile-header-display":"","site-post-title":"","ast-breadcrumbs-content":"","ast-featured-img":"","footer-sml-layout":"","ast-disable-related-posts":"","theme-transparent-header-meta":"default","adv-header-id-meta":"","stick-header-meta":"","header-above-stick-meta":"","header-main-stick-meta":"","header-below-stick-meta":"","astra-migrate-meta-layouts":"set","ast-page-background-enabled":"default","ast-page-background-meta":{"desktop":{"background-color":"","background-image":"","background-repeat":"repeat","background-position":"center center","background-size":"auto","background-attachment":"scroll","background-type":"","background-media":"","overlay-type":"","overlay-color":"","overlay-opacity":"","overlay-gradient":""},"tablet":{"background-color":"","background-image":"","background-repeat":"repeat","background-position":"center center","background-size":"auto","background-attachment":"scroll","background-type":"","background-media":"","overlay-type":"","overlay-color":"","overlay-opacity":"","overlay-gradient":""},"mobile":{"background-color":"","background-image":"","background-repeat":"repeat","background-position":"center center","background-size":"auto","background-attachment":"scroll","background-type":"","background-media":"","overlay-type":"","overlay-color":"","overlay-opacity":"","overlay-gradient":""}},"ast-content-background-meta":{"desktop":{"background-color":"var(--ast-global-color-5)","background-image":"","background-repeat":"repeat","background-position":"center center","background-size":"auto","background-attachment":"scroll","background-type":"","background-media":"","overlay-type":"","overlay-color":"","overlay-opacity":"","overlay-gradient":""},"tablet":{"background-color":"var(--ast-global-color-5)","background-image":"","background-repeat":"repeat","background-position":"center center","background-size":"auto","background-attachment":"scroll","background-type":"","background-media":"","overlay-type":"","overlay-color":"","overlay-opacity":"","overlay-gradient":""},"mobile":{"background-color":"var(--ast-global-color-5)","background-image":"","background-repeat":"repeat","background-position":"center center","background-size":"auto","background-attachment":"scroll","background-type":"","background-media":"","overlay-type":"","overlay-color":"","overlay-opacity":"","overlay-gradient":""}},"_joinchat":{"telephone":"+8617776015835"}},"product_brand":[],"product_cat":[68,151,158,159,144,60],"product_tag":[105,100,103,104],"class_list":{"0":"post-3000","1":"product","2":"type-product","3":"status-publish","4":"has-post-thumbnail","6":"product_cat-25000-puff","7":"product_cat-buy-disposable-vapes-in-france","8":"product_cat-buy-disposable-vapes-in-spain","9":"product_cat-buy-disposable-vapes-in-sweden","10":"product_cat-low-nicotine-disposable-vapes","11":"product_cat-waspe-fihp-vape","12":"product_tag-digital-disposable-vape","13":"product_tag-wasoe-vape","14":"product_tag-waspe-25000","15":"product_tag-waspe-25k","16":"desktop-align-left","17":"tablet-align-left","18":"mobile-align-left","20":"first","21":"instock","22":"sale","23":"shipping-taxable","24":"purchasable","25":"product-type-simple"},"acf":[],"uagb_featured_image_src":{"full":["https:\/\/vapestornado.com\/wp-content\/uploads\/2024\/12\/WASPE-25000-Puffs-Disposable-Vape-Wholesale-Price.jpg",1126,1137,false],"thumbnail":["https:\/\/vapestornado.com\/wp-content\/uploads\/2024\/12\/WASPE-25000-Puffs-Disposable-Vape-Wholesale-Price-150x150.jpg",150,150,true],"medium":["https:\/\/vapestornado.com\/wp-content\/uploads\/2024\/12\/WASPE-25000-Puffs-Disposable-Vape-Wholesale-Price-297x300.jpg",297,300,true],"medium_large":["https:\/\/vapestornado.com\/wp-content\/uploads\/2024\/12\/WASPE-25000-Puffs-Disposable-Vape-Wholesale-Price-768x776.jpg",768,776,true],"large":["https:\/\/vapestornado.com\/wp-content\/uploads\/2024\/12\/WASPE-25000-Puffs-Disposable-Vape-Wholesale-Price-1014x1024.jpg",1014,1024,true],"1536x1536":["https:\/\/vapestornado.com\/wp-content\/uploads\/2024\/12\/WASPE-25000-Puffs-Disposable-Vape-Wholesale-Price.jpg",1126,1137,false],"2048x2048":["https:\/\/vapestornado.com\/wp-content\/uploads\/2024\/12\/WASPE-25000-Puffs-Disposable-Vape-Wholesale-Price.jpg",1126,1137,false],"trp-custom-language-flag":["https:\/\/vapestornado.com\/wp-content\/uploads\/2024\/12\/WASPE-25000-Puffs-Disposable-Vape-Wholesale-Price.jpg",12,12,false],"woocommerce_thumbnail":["https:\/\/vapestornado.com\/wp-content\/uploads\/2024\/12\/WASPE-25000-Puffs-Disposable-Vape-Wholesale-Price-300x300.jpg",300,300,true],"woocommerce_single":["https:\/\/vapestornado.com\/wp-content\/uploads\/2024\/12\/WASPE-25000-Puffs-Disposable-Vape-Wholesale-Price-600x606.jpg",600,606,true],"woocommerce_gallery_thumbnail":["https:\/\/vapestornado.com\/wp-content\/uploads\/2024\/12\/WASPE-25000-Puffs-Disposable-Vape-Wholesale-Price-100x100.jpg",100,100,true]},"uagb_author_info":{"display_name":"ESAMY","author_link":"https:\/\/vapestornado.com\/lt\/author\/"},"uagb_comment_info":0,"uagb_excerpt":"The Waspe 25000 Puffs Disposable Vape offers dual flavors, LED display, and up to 25K puffs. Perfect for wholesale buyers in Poland, combining capacity, flavor variety, and competitive bulk pricing. Add Amy's whatsapp to get right reply and vape vape coupon! WhatsApp: +86 17776015835 &nbsp;","_links":{"self":[{"href":"https:\/\/vapestornado.com\/lt\/wp-json\/wp\/v2\/product\/3000","targetHints":{"allow":["GET"]}}],"collection":[{"href":"https:\/\/vapestornado.com\/lt\/wp-json\/wp\/v2\/product"}],"about":[{"href":"https:\/\/vapestornado.com\/lt\/wp-json\/wp\/v2\/types\/product"}],"replies":[{"embeddable":true,"href":"https:\/\/vapestornado.com\/lt\/wp-json\/wp\/v2\/comments?post=3000"}],"wp:featuredmedia":[{"embeddable":true,"href":"https:\/\/vapestornado.com\/lt\/wp-json\/wp\/v2\/media\/2995"}],"wp:attachment":[{"href":"https:\/\/vapestornado.com\/lt\/wp-json\/wp\/v2\/media?parent=3000"}],"wp:term":[{"taxonomy":"product_brand","embeddable":true,"href":"https:\/\/vapestornado.com\/lt\/wp-json\/wp\/v2\/product_brand?post=3000"},{"taxonomy":"product_cat","embeddable":true,"href":"https:\/\/vapestornado.com\/lt\/wp-json\/wp\/v2\/product_cat?post=3000"},{"taxonomy":"product_tag","embeddable":true,"href":"https:\/\/vapestornado.com\/lt\/wp-json\/wp\/v2\/product_tag?post=3000"}],"curies":[{"name":"wp","href":"https:\/\/api.w.org\/{rel}","templated":true}]}}