{"id":2993,"date":"2024-12-06T08:51:10","date_gmt":"2024-12-06T08:51:10","guid":{"rendered":"https:\/\/vapestornado.com\/?post_type=product&#038;p=2993"},"modified":"2025-08-23T10:20:29","modified_gmt":"2025-08-23T10:20:29","slug":"randm-tornado-25000-puffs-2-nicotine-bulk-buy-vape-pods","status":"publish","type":"product","link":"https:\/\/vapestornado.com\/lt\/product\/randm-tornado-25000-puffs-2-nicotine-bulk-buy-vape-pods\/","title":{"rendered":"Randm Tornado 25000 \u012fkv\u0117pim\u0173 2% nikotino vienkartin\u0117s e-cigaret\u0117s, didmenin\u0117 prekyba"},"content":{"rendered":"<h1>Randm Tornado 25000 Puffs 2% nikotino didmenin\u0117 prekyba garinimo kapsul\u0117mis<\/h1>\n<p>&nbsp;<\/p>\n<p data-start=\"281\" data-end=\"553\">\u0160is <strong data-start=\"285\" data-end=\"323\">Randm Tornado 25000 \u012ftraukim\u0173 vienkartinis garintuvas<\/strong> yra skirtas didmenininkams ir parduotuvi\u0173 savininkams, ie\u0161kantiems didel\u0117s talpos, daug funkcij\u0173 turin\u010dio vienkartinio garintuvo. Iki <strong data-start=\"436\" data-end=\"463\">25 000 \u012ftraukim\u0173 viename \u012frenginyje<\/strong> ir <strong data-start=\"470\" data-end=\"492\">20 ml e. skys\u010dio talpa<\/strong>jis u\u017etikrina ilgalaik\u012f naudojim\u0105 ir didel\u012f perpardavimo potencial\u0105.<\/p>\n<p data-start=\"555\" data-end=\"811\">\u012erengtas su <strong data-start=\"571\" data-end=\"602\">700 mAh \u012fkraunama baterija<\/strong> ir <strong data-start=\"607\" data-end=\"631\">C tipo greit\u0105j\u012f \u012fkrovim\u0105<\/strong>, Randm 25K suma\u017eina prastovas. Jo <strong data-start=\"671\" data-end=\"698\">jutiklinio jungiklio technologija<\/strong> ir <strong data-start=\"703\" data-end=\"720\">linksmas \u017eaidimo re\u017eimas<\/strong> prideda interaktyvumo, tod\u0117l jis populiarus tarp jaunesni\u0173 Europos vartotoj\u0173. Funkcijos apima:<\/p>\n<ul data-start=\"812\" data-end=\"925\">\n<li data-start=\"812\" data-end=\"849\">\n<p data-start=\"814\" data-end=\"849\"><strong data-start=\"814\" data-end=\"828\">Dukart bakstel\u0117kite<\/strong> nor\u0117dami pa\u017eadinti ekran\u0105<\/p>\n<\/li>\n<li data-start=\"850\" data-end=\"886\">\n<p data-start=\"852\" data-end=\"886\"><strong data-start=\"852\" data-end=\"866\">Tris kartus bakstel\u0117kite<\/strong> nor\u0117dami reguliuoti gali\u0105<\/p>\n<\/li>\n<li data-start=\"887\" data-end=\"925\">\n<p data-start=\"889\" data-end=\"925\"><strong data-start=\"889\" data-end=\"901\">Keturis kartus bakstel\u0117kite<\/strong> nor\u0117dami \u012fjungti \u017eaidimo re\u017eim\u0105<\/p>\n<\/li>\n<\/ul>\n<p data-start=\"927\" data-end=\"1181\">Galima \u012fsigyti <strong data-start=\"940\" data-end=\"979\">0%, 2%, 3% ir 5% nikotino pasirinkimai<\/strong>, <strong data-start=\"985\" data-end=\"1006\">Randm Tornado 25K<\/strong> tinka tiek lengviems, tiek sunkiems vartotojams. Kompakti\u0161kas, stilingas ir ne\u0161iojamas, jis sujungia na\u0161um\u0105 su patogumu, tod\u0117l yra stiprus pardav\u0117jas Lietuvos didmenin\u0117je garinimo rinkoje.<\/p>\n<p><img fetchpriority=\"high\" decoding=\"async\" class=\"size-medium wp-image-2951\" src=\"https:\/\/vapestornado.com\/wp-content\/uploads\/2024\/12\/Wholesale-Disposable-Vape-265x300.jpg\" alt=\"Didmenin\u0117 prekyba vienkartiniais garintuvais\" width=\"265\" height=\"300\" srcset=\"https:\/\/vapestornado.com\/wp-content\/uploads\/2024\/12\/Wholesale-Disposable-Vape-265x300.jpg 265w, https:\/\/vapestornado.com\/wp-content\/uploads\/2024\/12\/Wholesale-Disposable-Vape-768x871.jpg 768w, https:\/\/vapestornado.com\/wp-content\/uploads\/2024\/12\/Wholesale-Disposable-Vape-600x680.jpg 600w, https:\/\/vapestornado.com\/wp-content\/uploads\/2024\/12\/Wholesale-Disposable-Vape.jpg 823w\" sizes=\"(max-width: 265px) 100vw, 265px\" \/><\/p>\n<h6>Pra\u0161ome susisiekti su Mandy per \u201eWhatsApp\u201c d\u0117l nuolaidos kainos<a href=\"https:\/\/wa.me\/8618077105796\" target=\"_blank\" rel=\"noopener\">+8618077105796<\/a><\/h6>\n<p>&nbsp;<\/p>\n<h2><strong>Fumot Tornado Vape 25000 \u012fkv\u0117pim\u0173 Pagrindin\u0117s savyb\u0117s<\/strong><\/h2>\n<ul>\n<li><strong>\u012etraukim\u0173 skai\u010dius:<\/strong> 25 000 \u012fkv\u0117pim\u0173<\/li>\n<li><strong>Baterija:<\/strong> 700 mAh, \u012fkraunamas<\/li>\n<li><strong>E-skys\u010dio talpa:<\/strong> 20 ml<\/li>\n<li><strong>Nikotino kiekis:<\/strong> 0%, 2%, 3%, 5%<\/li>\n<li><strong>\u012ekrovimas:<\/strong> C tipo greit\u0105j\u012f \u012fkrovim\u0105<\/li>\n<li><strong>\u017daidimo re\u017eimas:<\/strong> Interaktyvi smagaus \u017eaidimo funkcija<\/li>\n<li><strong>Jutiklinio jungiklio funkcijos:<\/strong>\n<ul>\n<li>Dvigubas bakstel\u0117jimas: pa\u017eadinti ekran\u0105<\/li>\n<li>Trigubas bakstel\u0117jimas: reguliuoti gali\u0105<\/li>\n<li>Keturgubas bakstel\u0117jimas: \u012fjungti \u017eaidimo re\u017eim\u0105; spustel\u0117kite vien\u0105 kart\u0105, kad \u017eaistum\u0117te<\/li>\n<\/ul>\n<\/li>\n<li><strong>Dizainas:<\/strong> Ne\u0161iojamas ir patogus naudoti garinimo \u012frenginys<\/li>\n<\/ul>\n<h2><strong>RandM Tornado 25k \u012fkv\u0117pim\u0173 vienkartinis garintuvas Skoni\u0173 s\u0105ra\u0161as:<\/strong><\/h2>\n<p>1. Banan\u0173 ledai<br \/>\n2. Bra\u0161ki\u0173 arb\u016bzas<br \/>\n3. Majamio m\u0117t\u0173<br \/>\n4. M\u0117lyni\u0173 avie\u010di\u0173<br \/>\n5. Juodasis ledas<br \/>\n6. Baltojo guminuko ledas<br \/>\n7. Arb\u016bz\u0173 ledas<br \/>\n8. Sultingas persik\u0173 ledas<br \/>\n9. Ro\u017einis limonadas<br \/>\n10. Bra\u0161ki\u0173 mango<br \/>\n11. Persik\u0173, mang\u0173, arb\u016bz\u0173<br \/>\n12. Vynuogi\u0173 citrin\u0173<br \/>\n13. Tropinis vaivoryk\u0161t\u0117s sprogimas<br \/>\n14. Vy\u0161ni\u0173 bomba<br \/>\n15. Bra\u0161ki\u0173, m\u0117t\u0173 saldainis<br \/>\n16. Dvigubas obuolys<br \/>\n17. M\u0117lyn\u0117s ant ledo<br \/>\n18. Bra\u0161kinis ledas<br \/>\n19. Sodrus ledas<br \/>\n20. Ananas\u0173 ledas<br \/>\n21. Vynuogi\u0173 ledas<br \/>\n22. Dr. Blue<br \/>\n23. Kiviai, pasifloros, gvajava<br \/>\n24. Vy\u0161ni\u0173 kola<\/p>\n<h3>Kod\u0117l verta rinktis RandM Tornado 25000 \u012fkv\u0117pim\u0173 i\u0161 <a href=\"https:\/\/vapestornado.com\/lt\/\">vapestornado<\/a>?<\/h3>\n<p><strong>1. Apsipirkimo vapestornado privalumai<\/strong><\/p>\n<ul>\n<li><strong>Platus pasirinkimas<\/strong>: vapestornado si\u016blo plat\u0173 auk\u0161tos kokyb\u0117s garinimo preki\u0173 \u017eenkl\u0173 ir modeli\u0173 asortiment\u0105, patenkinant\u012f visus klient\u0173 poreikius vienoje vietoje.<\/li>\n<li><strong>Puikus aptarnavimas<\/strong>: M\u0117gaukit\u0117s greitu pristatymu ir patikimu palaikymu po pirkimo, kad apsipirkimo patirtis b\u016bt\u0173 be r\u016bpes\u010di\u0173.<\/li>\n<li><strong>Skaidri kainodara<\/strong>: Kiekvienas produktas pateikiamas su ai\u0161kia ir detalia kaina\u2014joki\u0173 pasl\u0117pt\u0173 mokes\u010di\u0173.<\/li>\n<li><strong>Ypatingi pasi\u016blymai<\/strong>: Reguliarios nuolaidos ir akcijos, su i\u0161skirtiniais pasi\u016blymais nariams.<\/li>\n<li><strong>Patogi platforma<\/strong>: Lengvai valdoma svetain\u0117, palaikanti kelias kalbas ir mok\u0117jimo b\u016bdus, \u012fskaitant kredito korteles ir \u201ePayPal\u201c.<\/li>\n<\/ul>\n<p><strong>2. RandM Tornado 25k Puffs privalumai<\/strong><\/p>\n<ul>\n<li><strong>Ilgalaikis naudojimas<\/strong>: Sukurta 25 000 \u012fkv\u0117pim\u0173, u\u017etikrinant patvarum\u0105 ir ilgesn\u012f naudojim\u0105 da\u017enai r\u016bkantiems.<\/li>\n<li><strong>Galingas akumuliatorius<\/strong>: su 700 mAh \u012fkraunama baterija ir C tipo greituoju \u012fkrovimu, u\u017etikrinan\u010diu patogum\u0105 ir ekologi\u0161kum\u0105.<\/li>\n<li><strong>Gausus skoni\u0173 pasirinkimas<\/strong>: si\u016blo iki 30 skoni\u0173, \u012fskaitant vaisi\u0173, mentolio ir g\u0117rim\u0173, kad patenkint\u0173 \u012fvair\u0173 skon\u012f.<\/li>\n<li><strong>Stilingas dizainas<\/strong>: su LED lemput\u0117mis, kurios sukuria mading\u0105 ir ak\u012f traukiant\u012f \u012fvaizd\u012f.<\/li>\n<li><strong>Paprastas naudojimas<\/strong>: paruo\u0161tas naudoti i\u0161 karto, be jokio s\u0105rankos, puikiai tinka tiek pradedantiesiems, tiek patyrusiems vartotojams.<\/li>\n<\/ul>\n<p><strong>3. vapestornado specialios kainos<\/strong><\/p>\n<ul>\n<li><strong>Prieinama kaina<\/strong>: RandM Tornado 25000 Puffs galima \u012fsigyti u\u017e speciali\u0105 vapestornado reklamin\u0119 kain\u0105, taip sutaupant pinig\u0173, lyginant su rinkos kainomis.<\/li>\n<li><strong>Didmeninink\u0173 nuolaidos<\/strong>: papildomos nuolaidos didmeniniams pirkiniams, idealiai tinkan\u010dios platintojams ir dideliems pirk\u0117jams.<\/li>\n<li><strong>Riboto laiko pasi\u016blymai<\/strong>: Apsilankykite pagrindiniame puslapyje, kad rastum\u0117te i\u0161skirtini\u0173 nuolaid\u0173 kupon\u0173 RandM produktams.<\/li>\n<\/ul>\n<p>Pirkite dabar vapestornado, kad pasinaudotum\u0117te neprilygstamais pasi\u016blymais ir i\u0161skirtine garinimo patirtimi su RandM Tornado 25000 Puffs!<\/p>\n<h3><\/h3>\n<h3>Da\u017enai u\u017eduodami klausimai apie Randm Vape 25000 Puffs pakraunam\u0105 garintuv\u0105:<\/h3>\n<ul>\n<li><strong>Kiek ilgai tur\u0117t\u0173 tarnauti RandM Tornado 25000 Puffs?<\/strong><br \/>\nRandM Tornado 25000 Puffs suteikia ilgalaik\u0119 garinimo patirt\u012f, leid\u017eian\u010di\u0105 atlikti iki 25 000 \u012fkv\u0117pim\u0173, tod\u0117l puikiai tinka ilgam naudojimui be da\u017eno keitimo.<\/li>\n<li><strong>Kaip aktyvuoti RandM Tornado 25000 Puffs?<\/strong><br \/>\nRandM Tornado 25000 Puffs yra paruo\u0161tas naudoti i\u0161 karto. Tiesiog \u012fkv\u0117pkite per kandikl\u012f, kad \u012fjungtum\u0117te \u012frengin\u012f - nereikia joki\u0173 mygtuk\u0173 ar sud\u0117ting\u0173 s\u0105rank\u0173.<\/li>\n<li><strong>Ar RandM Tornado 25000 Puffs yra pakraunamas?<\/strong><br \/>\nTaip, \u201eRandM Tornado 25000 Puffs\u201c turi \u012fkraunam\u0105 700 mAh baterij\u0105, kuri u\u017etikrina nuosekl\u0173 veikim\u0105 su greitu Type-C \u012fkrovimu.<\/li>\n<li><strong>Kaip su\u017einoti, kada mano \u201eRandM Tornado 25000 Puffs\u201c baterija arba e-skystis baigiasi?<\/strong><br \/>\nKai gar\u0173 gamyba suma\u017e\u0117ja arba skonis tampa ma\u017eiau intensyvus, tai yra \u017eenklas, kad baterija arba e-skystis baigiasi. \u012ekraukite baterij\u0105 arba pakeiskite \u012frengin\u012f, kai e-skystis pasibaigs.<\/li>\n<\/ul>","protected":false},"excerpt":{"rendered":"<p data-start=\"1221\" data-end=\"1388\">\u0160is <strong data-start=\"1225\" data-end=\"1263\">Randm Tornado 25000 \u012ftraukim\u0173 vienkartinis garintuvas<\/strong> si\u016blo dvigubas nikotino pasirinkimo galimybes, i\u0161maniuosius jutiklinius valdiklius ir 25 t\u016bkst. \u012ftraukim\u0173. Patikimas pasirinkimas <strong data-start=\"1353\" data-end=\"1385\">didmeninei prekybai Europoje<\/strong>.<\/p>\n<figure id=\"attachment_2951\" aria-describedby=\"caption-attachment-2951\" style=\"width: 265px\" class=\"wp-caption alignnone\"><img fetchpriority=\"high\" decoding=\"async\" class=\"size-medium wp-image-2951\" src=\"https:\/\/vapestornado.com\/wp-content\/uploads\/2024\/12\/Wholesale-Disposable-Vape-265x300.jpg\" alt=\"Didmenin\u0117 prekyba vienkartiniais garintuvais\" width=\"265\" height=\"300\" srcset=\"https:\/\/vapestornado.com\/wp-content\/uploads\/2024\/12\/Wholesale-Disposable-Vape-265x300.jpg 265w, https:\/\/vapestornado.com\/wp-content\/uploads\/2024\/12\/Wholesale-Disposable-Vape-768x871.jpg 768w, https:\/\/vapestornado.com\/wp-content\/uploads\/2024\/12\/Wholesale-Disposable-Vape-600x680.jpg 600w, https:\/\/vapestornado.com\/wp-content\/uploads\/2024\/12\/Wholesale-Disposable-Vape.jpg 823w\" sizes=\"(max-width: 265px) 100vw, 265px\" \/><figcaption id=\"caption-attachment-2951\" class=\"wp-caption-text\">Pra\u0161ome susisiekti su Mandy per \u201eWhatsApp\u201c d\u0117l nuolaidos kainos<a href=\"https:\/\/wa.me\/8618077105796\">+8618077105796<\/a><\/figcaption><\/figure>\n<p>&nbsp;<\/p>","protected":false},"featured_media":2987,"comment_status":"open","ping_status":"closed","template":"","meta":{"_acf_changed":false,"_uag_custom_page_level_css":"","_lmt_disableupdate":"no","_lmt_disable":"","_monsterinsights_skip_tracking":false,"_monsterinsights_sitenote_active":false,"_monsterinsights_sitenote_note":"","_monsterinsights_sitenote_category":0,"site-sidebar-layout":"default","site-content-layout":"","ast-site-content-layout":"default","site-content-style":"default","site-sidebar-style":"default","ast-global-header-display":"","ast-banner-title-visibility":"","ast-main-header-display":"","ast-hfb-above-header-display":"","ast-hfb-below-header-display":"","ast-hfb-mobile-header-display":"","site-post-title":"","ast-breadcrumbs-content":"","ast-featured-img":"","footer-sml-layout":"","ast-disable-related-posts":"","theme-transparent-header-meta":"default","adv-header-id-meta":"","stick-header-meta":"","header-above-stick-meta":"","header-main-stick-meta":"","header-below-stick-meta":"","astra-migrate-meta-layouts":"set","ast-page-background-enabled":"default","ast-page-background-meta":{"desktop":{"background-color":"","background-image":"","background-repeat":"repeat","background-position":"center center","background-size":"auto","background-attachment":"scroll","background-type":"","background-media":"","overlay-type":"","overlay-color":"","overlay-opacity":"","overlay-gradient":""},"tablet":{"background-color":"","background-image":"","background-repeat":"repeat","background-position":"center center","background-size":"auto","background-attachment":"scroll","background-type":"","background-media":"","overlay-type":"","overlay-color":"","overlay-opacity":"","overlay-gradient":""},"mobile":{"background-color":"","background-image":"","background-repeat":"repeat","background-position":"center center","background-size":"auto","background-attachment":"scroll","background-type":"","background-media":"","overlay-type":"","overlay-color":"","overlay-opacity":"","overlay-gradient":""}},"ast-content-background-meta":{"desktop":{"background-color":"var(--ast-global-color-5)","background-image":"","background-repeat":"repeat","background-position":"center center","background-size":"auto","background-attachment":"scroll","background-type":"","background-media":"","overlay-type":"","overlay-color":"","overlay-opacity":"","overlay-gradient":""},"tablet":{"background-color":"var(--ast-global-color-5)","background-image":"","background-repeat":"repeat","background-position":"center center","background-size":"auto","background-attachment":"scroll","background-type":"","background-media":"","overlay-type":"","overlay-color":"","overlay-opacity":"","overlay-gradient":""},"mobile":{"background-color":"var(--ast-global-color-5)","background-image":"","background-repeat":"repeat","background-position":"center center","background-size":"auto","background-attachment":"scroll","background-type":"","background-media":"","overlay-type":"","overlay-color":"","overlay-opacity":"","overlay-gradient":""}},"_joinchat":{"telephone":"+8618077105796"}},"product_brand":[],"product_cat":[68,153,156,58,148],"product_tag":[97,102],"class_list":{"0":"post-2993","1":"product","2":"type-product","3":"status-publish","4":"has-post-thumbnail","6":"product_cat-25000-puff","7":"product_cat-buy-disposable-vapes-in-italy","8":"product_cat-buy-disposable-vapes-in-poland","9":"product_cat-fumot-vape","10":"product_cat-tornado-disposable-vapes","11":"product_tag-hot-sale-disposable-vape","12":"product_tag-randm-tornado-25k","13":"desktop-align-left","14":"tablet-align-left","15":"mobile-align-left","17":"first","18":"instock","19":"sale","20":"shipping-taxable","21":"purchasable","22":"product-type-simple"},"acf":[],"uagb_featured_image_src":{"full":["https:\/\/vapestornado.com\/wp-content\/uploads\/2024\/12\/RandM-Fumot-25000-Dr-Blue-Disposable-Vape.jpg",800,800,false],"thumbnail":["https:\/\/vapestornado.com\/wp-content\/uploads\/2024\/12\/RandM-Fumot-25000-Dr-Blue-Disposable-Vape-150x150.jpg",150,150,true],"medium":["https:\/\/vapestornado.com\/wp-content\/uploads\/2024\/12\/RandM-Fumot-25000-Dr-Blue-Disposable-Vape-300x300.jpg",300,300,true],"medium_large":["https:\/\/vapestornado.com\/wp-content\/uploads\/2024\/12\/RandM-Fumot-25000-Dr-Blue-Disposable-Vape-768x768.jpg",768,768,true],"large":["https:\/\/vapestornado.com\/wp-content\/uploads\/2024\/12\/RandM-Fumot-25000-Dr-Blue-Disposable-Vape.jpg",800,800,false],"1536x1536":["https:\/\/vapestornado.com\/wp-content\/uploads\/2024\/12\/RandM-Fumot-25000-Dr-Blue-Disposable-Vape.jpg",800,800,false],"2048x2048":["https:\/\/vapestornado.com\/wp-content\/uploads\/2024\/12\/RandM-Fumot-25000-Dr-Blue-Disposable-Vape.jpg",800,800,false],"trp-custom-language-flag":["https:\/\/vapestornado.com\/wp-content\/uploads\/2024\/12\/RandM-Fumot-25000-Dr-Blue-Disposable-Vape.jpg",12,12,false],"woocommerce_thumbnail":["https:\/\/vapestornado.com\/wp-content\/uploads\/2024\/12\/RandM-Fumot-25000-Dr-Blue-Disposable-Vape-300x300.jpg",300,300,true],"woocommerce_single":["https:\/\/vapestornado.com\/wp-content\/uploads\/2024\/12\/RandM-Fumot-25000-Dr-Blue-Disposable-Vape-600x600.jpg",600,600,true],"woocommerce_gallery_thumbnail":["https:\/\/vapestornado.com\/wp-content\/uploads\/2024\/12\/RandM-Fumot-25000-Dr-Blue-Disposable-Vape-100x100.jpg",100,100,true]},"uagb_author_info":{"display_name":"ESMANDY","author_link":"https:\/\/vapestornado.com\/lt\/author\/"},"uagb_comment_info":0,"uagb_excerpt":"The Randm Tornado 25000 Puffs Vape Pod offers dual nicotine options, smart touch controls, and 25K puffs. A reliable choice for wholesale bulk buy in Europe. [caption id=\"attachment_2951\" align=\"alignnone\" width=\"265\"] Pls Contact Mandy's WhatsApp For Discount Price+8618077105796[\/caption] &nbsp;","_links":{"self":[{"href":"https:\/\/vapestornado.com\/lt\/wp-json\/wp\/v2\/product\/2993","targetHints":{"allow":["GET"]}}],"collection":[{"href":"https:\/\/vapestornado.com\/lt\/wp-json\/wp\/v2\/product"}],"about":[{"href":"https:\/\/vapestornado.com\/lt\/wp-json\/wp\/v2\/types\/product"}],"replies":[{"embeddable":true,"href":"https:\/\/vapestornado.com\/lt\/wp-json\/wp\/v2\/comments?post=2993"}],"wp:featuredmedia":[{"embeddable":true,"href":"https:\/\/vapestornado.com\/lt\/wp-json\/wp\/v2\/media\/2987"}],"wp:attachment":[{"href":"https:\/\/vapestornado.com\/lt\/wp-json\/wp\/v2\/media?parent=2993"}],"wp:term":[{"taxonomy":"product_brand","embeddable":true,"href":"https:\/\/vapestornado.com\/lt\/wp-json\/wp\/v2\/product_brand?post=2993"},{"taxonomy":"product_cat","embeddable":true,"href":"https:\/\/vapestornado.com\/lt\/wp-json\/wp\/v2\/product_cat?post=2993"},{"taxonomy":"product_tag","embeddable":true,"href":"https:\/\/vapestornado.com\/lt\/wp-json\/wp\/v2\/product_tag?post=2993"}],"curies":[{"name":"wp","href":"https:\/\/api.w.org\/{rel}","templated":true}]}}