{"id":2980,"date":"2024-12-06T06:49:43","date_gmt":"2024-12-06T06:49:43","guid":{"rendered":"https:\/\/vapestornado.com\/?post_type=product&#038;p=2980"},"modified":"2025-08-23T12:26:33","modified_gmt":"2025-08-23T12:26:33","slug":"waspe-vape-30000-fihp-30k-puffs-disposable-vape-wholesale-price-in-germany","status":"publish","type":"product","link":"https:\/\/vapestornado.com\/lt\/product\/waspe-vape-30000-fihp-30k-puffs-disposable-vape-wholesale-price-in-germany\/","title":{"rendered":"Waspe Vape 30000 FIHP 30K \u012fp\u016btim\u0173 vienkartinis garintuvas didmenin\u0117 kaina Lietuvoje"},"content":{"rendered":"<h1 class=\"product-title\">Waspe Vape 30000 FIHP 30K \u012fp\u016btim\u0173 vienkartinis garintuvas didmenin\u0117 kaina Lietuvoje<\/h1>\n<p>Ie\u0161kote auk\u0161\u010diausios klas\u0117s garinimo sprendimo, kuris sujungia auk\u0161t\u0105 na\u0161um\u0105 su i\u0161skirtin\u0117mis skoni\u0173 galimyb\u0117mis? <strong>Waspe garintuvas FIHP 30000 Puffs vienkartinis garintuvas<\/strong> yra \u010dia, kad pagerint\u0173 j\u016bs\u0173 garinimo patirt\u012f. Su <strong>dviem re\u017eimais<\/strong>, reguliuojamais nikotino lygiais ir eleganti\u0161ku LED ekranu, \u0161is prietaisas puikiai tinka tiems, kurie ie\u0161ko kokyb\u0117s ir pritaikymo u\u017e konkurencing\u0105 didmenin\u0119 kain\u0105 Lietuvoje.<\/p>\n<p>Nesvarbu, ar esate ma\u017emenininkas, ie\u0161kantis <strong>didmenini\u0173 garintuv\u0173 pasi\u016blym\u0173 Lietuvoje<\/strong> ar asmuo, ie\u0161kantis didelio na\u0161umo <strong>vienkartinis vape su ma\u017eu nikotino kiekiu<\/strong>, \u201eWaspe 30K\u201c si\u016blo neprilygstam\u0105 vert\u0119. Jo <strong>\u012fkraunamas garintuvas<\/strong> dizainas ir naujovi\u0161kos funkcijos i\u0161skiria j\u012f rinkoje.<\/p>\n<p>\u201eWaspe FIHP\u201c yra \u012fvairi\u0173 <strong>dvigub\u0173 skoni\u0173 derini\u0173<\/strong>, suteikian\u010di\u0173 sodrius ir malonius skonius, kurie patinka kiekvienam skoniui.<\/p>\n<p>Pasinaudokite <strong>Waspe Vape 30000 FIHP 30K \u012fp\u016btim\u0173 vienkartinis garintuvas didmenin\u0117 kaina Lietuvoje<\/strong> ir pristatykite \u0161\u012f pa\u017eang\u0173 produkt\u0105 savo klientams jau \u0161iandien!<\/p>\n<p>&nbsp;<\/p>\n<p><strong>Prid\u0117kite Amy \u201eWhatsapp\u201c, kad gautum\u0117te teising\u0105 atsakym\u0105 ir gar\u0173 kupon\u0105!<\/strong><\/p>\n<p><img fetchpriority=\"high\" decoding=\"async\" class=\"size-full wp-image-2932\" src=\"https:\/\/vapestornado.com\/wp-content\/uploads\/2024\/12\/Vape-Wholesale.jpg\" alt=\"Garintuvai Didmenin\u0117 prekyba\" width=\"229\" height=\"300\" \/><\/p>\n<h3><a href=\"https:\/\/wa.me\/8617776015835\" target=\"_blank\" rel=\"noopener\"><span style=\"color: #ff0000;\"><strong>WhatsApp: +86 17776015835<\/strong><\/span><\/a><\/h3>\n<p>&nbsp;<\/p>\n<h4><strong style=\"font-size: 1.7em;\">\u201eWaspe 30000\u201c gaminio savyb\u0117s<\/strong><\/h4>\n<h4><\/h4>\n<ul>\n<li><strong>30000 \u012fkv\u0117pim\u0173 su dviem re\u017eimais<\/strong>:<br \/>\nM\u0117gaukit\u0117s iki <strong>30 000 \u012ftraukim\u0173<\/strong> \u012fprastu re\u017eimu ilgoms sesijoms arba perjunkite \u012f <strong>impulsin\u012f re\u017eim\u0105<\/strong> kad patirtum\u0117te intensyvesn\u012f potyr\u012f, suteikiant\u012f 15 000 \u012fkv\u0117pim\u0173. Puikiai tinka naudotojams, vertinantiems lankstum\u0105.<\/li>\n<li><strong>Keli nikotino pasirinkimai<\/strong>:<br \/>\nIndividualizuokite savo garinimo patirt\u012f su <strong>0%, 2% arba 5% nikotino kiekis<\/strong>, pritaikytas tiek ma\u017eai nikotino m\u0117g\u0117jams, tiek tiems, kurie nori stipresnio sm\u016bgio.<\/li>\n<li><strong>28 ml elektroninio skys\u010dio talpa<\/strong>:<br \/>\n\u0160iame prietaise telpa didelis <strong>28 ml elektroninio skys\u010dio<\/strong>, tod\u0117l suma\u017e\u0117ja da\u017en\u0173 papildym\u0173 poreikis ir u\u017etikrinamas ilgesnis naudojimas.<\/li>\n<li><strong>Dviguba tinklelio rit\u0117s technologija<\/strong>:<br \/>\n\u012erengtas pa\u017eangus <strong>1 omo + 1 omo dvigubos tinklelio rit\u0117s<\/strong>, Waspe 30K tiekia sklandesnius garus ir nuolat sodr\u0173 skon\u012f.<\/li>\n<li><strong>\u012ekraunamas ir efektyvus<\/strong>:<br \/>\nSu <strong>850mAh \u012fkraunama baterija<\/strong> su <strong>C tipo greit\u0105j\u012f \u012fkrovim\u0105<\/strong>, \u0161is garintuvas u\u017etikrina, kad b\u016bsite \u012fkrautas vis\u0105 dien\u0105 su minimaliu prastovos laiku.<\/li>\n<li><strong>LED ekranas lengvam steb\u0117jimui<\/strong>:<br \/>\nIntegruotas <strong>LED ekranas<\/strong> rodo \u012fkv\u0117pim\u0173 skai\u010di\u0173 realiuoju laiku ir baterijos veikimo laik\u0105, suteikdamas jums visi\u0161k\u0105 kontrol\u0119 per garinimo sesijas.<\/li>\n<li><strong>Reguliuojamas oro srautas individualizavimui<\/strong>:<br \/>\nSu <strong>reguliuojama oro srauto sistema<\/strong>, galite keisti traukimo intensyvum\u0105 pritaikytam garinimo potyriui.<\/li>\n<\/ul>\n<h2 class=\"product-title\"><strong>WASPE 30000 Skoni\u0173 s\u0105ra\u0161as<\/strong><\/h2>\n<p>1. Bra\u0161ki\u0173 Mango<br \/>\n2.Uog\u0173 mi\u0161inys<br \/>\n3. Arb\u016bz\u0173 ledas<br \/>\n4. Bra\u0161ki\u0173 arb\u016bzas<br \/>\n5.Bra\u0161ki\u0173 Red Bull<br \/>\n6.Kivio, pasifloros ir gvajavos<br \/>\n7.Vynuogi\u0173 ledas<br \/>\n8.Dvigubas obuoli\u0173 ledas<br \/>\n9.M\u0117lyni\u0173 ir avie\u010di\u0173<br \/>\n10.Arb\u016bz\u0173 ir mang\u0173 ledas<br \/>\n11. M\u0117lyni\u0173 ledai<br \/>\n12. Persik\u0173 ir uog\u0173<br \/>\n13.Bra\u0161ki\u0173 ir kivio<br \/>\n14.Vy\u0161ni\u0173 ledas<br \/>\n15.Bra\u0161ki\u0173, superbra\u0161ki\u0173 ir vy\u0161ni\u0173<br \/>\n16.Arb\u016bz\u0173 kramtomoji guma<\/p>\n<h3>Kod\u0117l verta rinktis \"vapestornado\" didmeninei prekybai \"WASPE 30k\" elektronin\u0117mis cigaret\u0117mis?<\/h3>\n<div class=\"flex-shrink-0 flex flex-col relative items-end\">\n<div class=\"pt-0\">\n<div class=\"gizmo-bot-avatar flex h-8 w-8 items-center justify-center overflow-hidden rounded-full\">\n<div class=\"relative p-1 rounded-sm flex items-center justify-center bg-token-main-surface-primary text-token-text-primary h-8 w-8\">\n<p>Sveiki atvyk\u0119 \u012f \u201evapestornado\u201c, j\u016bs\u0173 patikim\u0105 internetin\u0119 elektronini\u0173 cigare\u010di\u0173 parduotuv\u0119, kurioje rasite auk\u0161\u010diausios kokyb\u0117s vienkartini\u0173 elektronini\u0173 cigare\u010di\u0173. Tur\u0117dami daugiau nei 5 met\u0173 patirt\u012f, si\u016blome jums populiarius vienkartini\u0173 elektronini\u0173 cigare\u010di\u0173 preki\u0173 \u017eenklus, tokius kaip \u201eFumot RandM Vape\u201c, \u201eVapme\u201c, \u201eBang Vape\u201c, \u201eWaspe Vape\u201c ir \u201eWGA Vape\u201c ir kt.<\/p>\n<p>M\u016bs\u0173 asortimentas apima populiarias garinimo priemones, tokias kaip <a href=\"https:\/\/vapestornado.com\/lt\/product\/fumot-randm-tornado-15000-puffs-rechargeable-disposable-vape-wholesale\/\">RandM Tornado 15000<\/a>, ir skoni\u0173 turtingus pasirinkimus, tokius kaip <a href=\"https:\/\/vapestornado.com\/lt\/product\/waspe-40000-puffs-double-flavour-led-display-disposable-vape-wholesale\/\">WASPE dvigubo skonio 40000 \u012fkv\u0117pim\u0173<\/a> . Kiekvienas produktas parenkamas atsi\u017evelgiant \u012f kokyb\u0119, vert\u0119 ir \u012fvairov\u0119, u\u017etikrinant, kad rastum\u0117te tobul\u0105 atitikmen\u012f savo poreikiams. Atraskite i\u0161skirtin\u012f aptarnavim\u0105 ir plat\u0173 auk\u0161\u010diausios kokyb\u0117s produkt\u0173 asortiment\u0105 \u201evapestornado\u201c.<\/p>\n<\/div>\n<h3><\/h3>\n<div class=\"relative p-1 rounded-sm flex items-center justify-center bg-token-main-surface-primary text-token-text-primary h-8 w-8\">\n<h3>DUK apie WASPE 40k \u012fkraunam\u0105 vienkartin\u012f garintuv\u0105<\/h3>\n<\/div>\n<\/div>\n<\/div>\n<\/div>\n<div class=\"group\/conversation-turn relative flex w-full min-w-0 flex-col agent-turn\">\n<div class=\"flex-col gap-1 md:gap-3\">\n<div class=\"flex max-w-full flex-col flex-grow\">\n<div class=\"min-h-8 text-message flex w-full flex-col items-end gap-2 whitespace-normal break-words [.text-message+&amp;]:mt-5\" dir=\"auto\" data-message-author-role=\"assistant\" data-message-id=\"db716a1c-9ed0-4b8d-b3b0-7bdb913c3d42\" data-message-model-slug=\"gpt-4o\">\n<div class=\"flex w-full flex-col gap-1 empty:hidden first:pt-[3px]\">\n<div class=\"markdown prose w-full break-words dark:prose-invert light\">\n<ul>\n<li><strong>Kur \u012fsigyti \"WASPE FIHP 30000 Puffs\" vienkartini\u0173 elektronini\u0173 cigare\u010di\u0173 didmenine kaina Lietuvoje?<\/strong><br \/>\n\"WASPE FIHP 30000 Puffs\" vienkartines elektronines cigaretes didmenine kaina Lietuvoje galite \u012fsigyti i\u0161 patikim\u0173 <strong>didmenin\u0117s prekybos elektronin\u0117mis cigaret\u0117mis tiek\u0117j\u0173<\/strong> arba internetin\u0117se didmenin\u0117s prekybos platformose, pavyzd\u017eiui, \"vapestornado\", kurios specializuojasi elektronini\u0173 cigare\u010di\u0173 gaminiuose.<\/li>\n<li><strong>Kiek \u012fkv\u0117pim\u0173 suteikia \"WASPE FIHP 30k Puffs\"?<\/strong><br \/>\n\"WASPE FIHP 30K\" si\u016blo <strong>30 000 \u012ftraukim\u0173<\/strong> \u012fprastu re\u017eimu arba <strong>15 000 \u012ftraukim\u0173<\/strong> pulso re\u017eimu intensyvesnei patir\u010diai.<\/li>\n<li><strong>Kiek laiko tarnauja populiari \"WASPE vape 30000 puffs Ultra\" vienkartin\u0117 elektronini\u0173 cigare\u010di\u0173 d\u0117\u017eut\u0117?<\/strong><br \/>\nPrietaiso ilgaam\u017ei\u0161kumas priklauso nuo naudojimo da\u017enumo. Vidutinio intensyvumo vartotojams <strong>30 000 \u012ftraukim\u0173<\/strong> gali tarnauti kelias savaites, tod\u0117l tai yra idealus pasirinkimas ilgalaikiam naudojimui.<\/li>\n<li><strong>Kokie yra populiar\u016bs \"WASPE 30000 digital box\" elektronini\u0173 cigare\u010di\u0173 skoniai?<\/strong><br \/>\n\"WASPE 30000 digital box\" elektronin\u0117s cigaret\u0117s pasi\u017eymi <strong>dvigubo skonio patirtimi<\/strong>, si\u016blan\u010diomis \u012fvairius ir malonius derinius. Populiar\u016bs pasirinkimai skiriasi, ta\u010diau da\u017enai apima vaisi\u0173, m\u0117t\u0173 ir desert\u0173 \u012fkv\u0117ptus mi\u0161inius, kad atitikt\u0173 skirtingus pageidavimus.<\/li>\n<li><strong>Kiek laiko u\u017etrunka \u012fkrauti \"WASPE FIHP 30k\" vienkartines elektronines cigaretes?<\/strong><br \/>\n\u0160is <strong>850mAh \u012fkraunama baterija<\/strong> greitai \u012fkraunamos per <strong>C tipo \u012fkrovimo prievadas<\/strong>, paprastai u\u017etrunkant apie <strong>1 iki 1,5 valandos<\/strong> pilnam \u012fkrovimui.<\/li>\n<li><strong>Kiek nikotino yra WASPE 30000 Digital Screen Box vienkartiniuose garintuvuose?<\/strong><br \/>\nWASPE 30000 si\u016blo <strong>nikotino parinktis: 0%, 2% arba 5%<\/strong>, leid\u017eian\u010dias vartotojams pasirinkti nikotino stiprum\u0105, kuris geriausiai atitinka j\u0173 pageidavimus.<\/li>\n<\/ul>\n<\/div>\n<\/div>\n<\/div>\n<\/div>\n<\/div>\n<\/div>","protected":false},"excerpt":{"rendered":"<p>WASPE FIHP 30000 Puffs LED ekranas vienkartinis garintuvas<br \/>\nWaspe 30000 Puffs FIHP garintuvas, elektronin\u0117 cigaret\u0117 30k<br \/>\nWASPE garintuvas 30000 Puffs, dvigubas tinklelis 0% 2% 5% nikotinas<\/p>\n<p><strong>Prid\u0117kite Amy whatsapp, gaukite tiesiogin\u012f atsakym\u0105 ir kupon\u0105 veipui!<\/strong><\/p>\n<p><img fetchpriority=\"high\" decoding=\"async\" class=\"size-full wp-image-2932\" src=\"https:\/\/vapestornado.com\/wp-content\/uploads\/2024\/12\/Vape-Wholesale.jpg\" alt=\"Garintuvai Didmenin\u0117 prekyba\" width=\"229\" height=\"300\" \/><\/p>\n<h3><a href=\"https:\/\/wa.me\/8617776015835\"><span style=\"color: #ff0000;\"><strong>WhatsApp: +86 17776015835<\/strong><\/span><\/a><\/h3>\n<p>&nbsp;<\/p>","protected":false},"featured_media":2977,"comment_status":"open","ping_status":"closed","template":"","meta":{"_acf_changed":false,"_uag_custom_page_level_css":"","_lmt_disableupdate":"no","_lmt_disable":"","_monsterinsights_skip_tracking":false,"_monsterinsights_sitenote_active":false,"_monsterinsights_sitenote_note":"","_monsterinsights_sitenote_category":0,"site-sidebar-layout":"default","site-content-layout":"","ast-site-content-layout":"default","site-content-style":"default","site-sidebar-style":"default","ast-global-header-display":"","ast-banner-title-visibility":"","ast-main-header-display":"","ast-hfb-above-header-display":"","ast-hfb-below-header-display":"","ast-hfb-mobile-header-display":"","site-post-title":"","ast-breadcrumbs-content":"","ast-featured-img":"","footer-sml-layout":"","ast-disable-related-posts":"","theme-transparent-header-meta":"default","adv-header-id-meta":"","stick-header-meta":"","header-above-stick-meta":"","header-main-stick-meta":"","header-below-stick-meta":"","astra-migrate-meta-layouts":"set","ast-page-background-enabled":"default","ast-page-background-meta":{"desktop":{"background-color":"","background-image":"","background-repeat":"repeat","background-position":"center center","background-size":"auto","background-attachment":"scroll","background-type":"","background-media":"","overlay-type":"","overlay-color":"","overlay-opacity":"","overlay-gradient":""},"tablet":{"background-color":"","background-image":"","background-repeat":"repeat","background-position":"center center","background-size":"auto","background-attachment":"scroll","background-type":"","background-media":"","overlay-type":"","overlay-color":"","overlay-opacity":"","overlay-gradient":""},"mobile":{"background-color":"","background-image":"","background-repeat":"repeat","background-position":"center center","background-size":"auto","background-attachment":"scroll","background-type":"","background-media":"","overlay-type":"","overlay-color":"","overlay-opacity":"","overlay-gradient":""}},"ast-content-background-meta":{"desktop":{"background-color":"var(--ast-global-color-5)","background-image":"","background-repeat":"repeat","background-position":"center center","background-size":"auto","background-attachment":"scroll","background-type":"","background-media":"","overlay-type":"","overlay-color":"","overlay-opacity":"","overlay-gradient":""},"tablet":{"background-color":"var(--ast-global-color-5)","background-image":"","background-repeat":"repeat","background-position":"center center","background-size":"auto","background-attachment":"scroll","background-type":"","background-media":"","overlay-type":"","overlay-color":"","overlay-opacity":"","overlay-gradient":""},"mobile":{"background-color":"var(--ast-global-color-5)","background-image":"","background-repeat":"repeat","background-position":"center center","background-size":"auto","background-attachment":"scroll","background-type":"","background-media":"","overlay-type":"","overlay-color":"","overlay-opacity":"","overlay-gradient":""}},"_joinchat":{"telephone":"+8617776015835"}},"product_brand":[],"product_cat":[67,152,157,158,142,146,60],"product_tag":[100,99,101],"class_list":{"0":"post-2980","1":"product","2":"type-product","3":"status-publish","4":"has-post-thumbnail","6":"product_cat-30000-puff","7":"product_cat-buy-disposable-vapes-in-cermany","8":"product_cat-buy-disposable-vapes-in-portugal","9":"product_cat-buy-disposable-vapes-in-spain","10":"product_cat-digital-box-disposable-vapes","11":"product_cat-rechargeable-disposable-vapes","12":"product_cat-waspe-fihp-vape","13":"product_tag-wasoe-vape","14":"product_tag-waspe-30000-puffs","15":"product_tag-waspe-30k","16":"desktop-align-left","17":"tablet-align-left","18":"mobile-align-left","20":"first","21":"instock","22":"sale","23":"shipping-taxable","24":"purchasable","25":"product-type-simple"},"acf":[],"uagb_featured_image_src":{"full":["https:\/\/vapestornado.com\/wp-content\/uploads\/2024\/12\/Waspe-FIHP-30000-30K-Puffs-Disposable-Vape.jpg",800,800,false],"thumbnail":["https:\/\/vapestornado.com\/wp-content\/uploads\/2024\/12\/Waspe-FIHP-30000-30K-Puffs-Disposable-Vape-150x150.jpg",150,150,true],"medium":["https:\/\/vapestornado.com\/wp-content\/uploads\/2024\/12\/Waspe-FIHP-30000-30K-Puffs-Disposable-Vape-300x300.jpg",300,300,true],"medium_large":["https:\/\/vapestornado.com\/wp-content\/uploads\/2024\/12\/Waspe-FIHP-30000-30K-Puffs-Disposable-Vape-768x768.jpg",768,768,true],"large":["https:\/\/vapestornado.com\/wp-content\/uploads\/2024\/12\/Waspe-FIHP-30000-30K-Puffs-Disposable-Vape.jpg",800,800,false],"1536x1536":["https:\/\/vapestornado.com\/wp-content\/uploads\/2024\/12\/Waspe-FIHP-30000-30K-Puffs-Disposable-Vape.jpg",800,800,false],"2048x2048":["https:\/\/vapestornado.com\/wp-content\/uploads\/2024\/12\/Waspe-FIHP-30000-30K-Puffs-Disposable-Vape.jpg",800,800,false],"trp-custom-language-flag":["https:\/\/vapestornado.com\/wp-content\/uploads\/2024\/12\/Waspe-FIHP-30000-30K-Puffs-Disposable-Vape.jpg",12,12,false],"woocommerce_thumbnail":["https:\/\/vapestornado.com\/wp-content\/uploads\/2024\/12\/Waspe-FIHP-30000-30K-Puffs-Disposable-Vape-300x300.jpg",300,300,true],"woocommerce_single":["https:\/\/vapestornado.com\/wp-content\/uploads\/2024\/12\/Waspe-FIHP-30000-30K-Puffs-Disposable-Vape-600x600.jpg",600,600,true],"woocommerce_gallery_thumbnail":["https:\/\/vapestornado.com\/wp-content\/uploads\/2024\/12\/Waspe-FIHP-30000-30K-Puffs-Disposable-Vape-100x100.jpg",100,100,true]},"uagb_author_info":{"display_name":"ESAMY","author_link":"https:\/\/vapestornado.com\/lt\/author\/"},"uagb_comment_info":0,"uagb_excerpt":"WASPE FIHP 30000 Puffs LED Display Disposable Vape Waspe 30000 Puffs FIHP Vape Electric Cigarette 30k WASPE Vape 30000 Puffs Dual Mesh 0% 2% 5% Nicotine Add Amy's whatsapp to get right reply and vape vape coupon! WhatsApp: +86 17776015835 &nbsp;","_links":{"self":[{"href":"https:\/\/vapestornado.com\/lt\/wp-json\/wp\/v2\/product\/2980","targetHints":{"allow":["GET"]}}],"collection":[{"href":"https:\/\/vapestornado.com\/lt\/wp-json\/wp\/v2\/product"}],"about":[{"href":"https:\/\/vapestornado.com\/lt\/wp-json\/wp\/v2\/types\/product"}],"replies":[{"embeddable":true,"href":"https:\/\/vapestornado.com\/lt\/wp-json\/wp\/v2\/comments?post=2980"}],"wp:featuredmedia":[{"embeddable":true,"href":"https:\/\/vapestornado.com\/lt\/wp-json\/wp\/v2\/media\/2977"}],"wp:attachment":[{"href":"https:\/\/vapestornado.com\/lt\/wp-json\/wp\/v2\/media?parent=2980"}],"wp:term":[{"taxonomy":"product_brand","embeddable":true,"href":"https:\/\/vapestornado.com\/lt\/wp-json\/wp\/v2\/product_brand?post=2980"},{"taxonomy":"product_cat","embeddable":true,"href":"https:\/\/vapestornado.com\/lt\/wp-json\/wp\/v2\/product_cat?post=2980"},{"taxonomy":"product_tag","embeddable":true,"href":"https:\/\/vapestornado.com\/lt\/wp-json\/wp\/v2\/product_tag?post=2980"}],"curies":[{"name":"wp","href":"https:\/\/api.w.org\/{rel}","templated":true}]}}