{"id":2974,"date":"2024-12-05T03:54:55","date_gmt":"2024-12-05T03:54:55","guid":{"rendered":"https:\/\/vapestornado.com\/?post_type=product&#038;p=2974"},"modified":"2025-08-23T11:41:10","modified_gmt":"2025-08-23T11:41:10","slug":"vopk-ultra-40000-puffs-2-in-1-digital-screen-rechargeable-disposable-vape","status":"publish","type":"product","link":"https:\/\/vapestornado.com\/lt\/product\/vopk-ultra-40000-puffs-2-in-1-digital-screen-rechargeable-disposable-vape\/","title":{"rendered":"VOPK ULTRA 40000 P\u016btim\u0173 2 in 1 Skaitmeninio Ekrano \u012ekraunamas Vienkartinis Garintuvas"},"content":{"rendered":"<h1 class=\"product-title\">VOPK ULTRA 40000 P\u016btim\u0173 2 in 1 Skaitmeninio Ekrano \u012ekraunamas Vienkartinis Garintuvas<\/h1>\n<p>Patirkite nauj\u0105 garinimo lyg\u012f su <strong>VOPK ULTRA 40000<\/strong>, pa\u017eangiausiu <strong>\u012fkraunamas vienkartinis garintuvas<\/strong> sukurtu u\u017etikrinti neprilygstam\u0105 patogum\u0105, skon\u012f ir na\u0161um\u0105. Su nepaprasta <strong>40000 \u012ftraukim\u0173<\/strong> ir <strong>2 viename dvigubo skonio<\/strong> sistema, \u0161is prietaisas leid\u017eia vartotojams skland\u017eiai perjungti du skirtingus skonius, i\u0161 naujo apibr\u0117\u017eiant skonio \u012fvairov\u0117s s\u0105vok\u0105.<\/p>\n<p>Supakuotas su did\u017eiuliu <strong>36 ml e-skys\u010dio talpa<\/strong> ir prieinamas <strong>2% arba 5% nikotino stiprumo<\/strong>, <strong>VOPK 40K<\/strong> u\u017etikrina, kad kiekvienas \u012ftraukimas b\u016bt\u0173 \u0161velnus, patenkinantis ir pritaikytas j\u016bs\u0173 pageidavimams. Novatori\u0161kas <strong>LED ekranas<\/strong> patogum\u0105 perkelia \u012f kit\u0105 lyg\u012f, teikdamas realaus laiko informacij\u0105 apie baterijos veikimo laik\u0105 ir likus\u012f e-skys\u010dio lyg\u012f, kad gal\u0117tum\u0117te garinti be r\u016bpes\u010di\u0173.<\/p>\n<p>\u0160is <strong>C tipo \u012fkraunama baterija<\/strong> u\u017etikrina greit\u0105, patikim\u0105 \u012fkrovim\u0105, o kompakti\u0161kas ir ne\u0161iojamas dizainas daro <strong>VOPK ULTRA 40000<\/strong> puikiai tinka garinimui keliaujant. Rinkit\u0117s i\u0161 10 viliojan\u010di\u0173 skoni\u0173, kad pasim\u0117gautum\u0117te tikrai pritaikoma patirtimi, m\u0117gaudamiesi <strong>vienkartinis vape su ma\u017eu nikotino kiekiu<\/strong>.<\/p>\n<p>Nesvarbu, ar esate ma\u017emenininkas, ar ie\u0161kote dideli\u0173 pirkini\u0173, <strong>VOPK ULTRA 40000<\/strong> i\u0161siskiria <strong>gar\u0173 didmenin\u0117 prekyba<\/strong> rinkoje kaip puikus patvarumo, inovacij\u0173 ir prieinamumo derinys. Pagerinkite savo garinimo patirt\u012f naudodami prietais\u0105, sukurt\u0105 tarnauti ilgai ir suteikti dvigubai daugiau skonio, tuo pa\u010diu informuodami jus apie jo i\u0161man\u0173j\u012f <strong>skaitmeninis ekranas<\/strong>.<\/p>\n<p>Pereikite prie <strong>VOPK ULTRA 40000 \u012fkv\u0117pim\u0173<\/strong> ir m\u0117gaukit\u0117s geriausiu \u0161iuolaikiniu garinimu stilingai ir patogiai!<\/p>\n<p>&nbsp;<\/p>\n<p><strong>Prid\u0117kite Amy \u201eWhatsapp\u201c, kad gautum\u0117te teising\u0105 atsakym\u0105 ir gar\u0173 kupon\u0105!<\/strong><\/p>\n<p><img fetchpriority=\"high\" decoding=\"async\" class=\"size-full wp-image-2932\" src=\"https:\/\/vapestornado.com\/wp-content\/uploads\/2024\/12\/Vape-Wholesale.jpg\" alt=\"Garintuvai Didmenin\u0117 prekyba\" width=\"229\" height=\"300\" \/><\/p>\n<h3><a href=\"https:\/\/wa.me\/8617776015835\" target=\"_blank\" rel=\"noopener\"><span style=\"color: #ff0000;\"><strong>WhatsApp: +86 17776015835<\/strong><\/span><\/a><\/h3>\n<p>&nbsp;<\/p>\n<h2><strong>VOPK ULTRA 40000 \u012fkv\u0117pim\u0173 produkto savyb\u0117s<\/strong><\/h2>\n<p>\u012etraukimai: 40000 \u012ftraukim\u0173<br \/>\nE-skys\u010dio talpa: 36 ml<br \/>\nNikotinas: 2%\/5%<br \/>\n\u012ekraunamas per C tipo jungt\u012f greitam \u012fkrovimui<br \/>\nI\u0161manusis LED ekranas rodo baterijos veikimo laik\u0105 ir e-skys\u010dio lygius<br \/>\nDvigubo skonio patirtis<br \/>\nGalima rinktis i\u0161 10 skoni\u0173<\/p>\n<h2 class=\"product-title\"><strong>VOPK ULTRA 40000 skoni\u0173 s\u0105ra\u0161as<\/strong><\/h2>\n<p>1. Bra\u0161ki\u0173 arb\u016bzas \/ Kivio pasiflor\u0173 gvajava<br \/>\n2. M\u0117lyni\u0173 avie\u010di\u0173 \/ Persik\u0173 mango arb\u016bzas<br \/>\n3. M\u0117lyn\u0173j\u0173 avie\u010di\u0173 guminukas \/ Bra\u0161ki\u0173 kivis<br \/>\n4. M\u0117lyn\u0173j\u0173 avie\u010di\u0173 vy\u0161nia \/ Bra\u0161ki\u0173 avie\u010di\u0173<br \/>\n5. Putojantis citrin\u0173 skonis<br \/>\n6. Arb\u016bz\u0173 ledas \/ M\u0117lyn\u0173j\u0173 avie\u010di\u0173 ledas<br \/>\n7. M\u0117lyn\u0173j\u0173 avie\u010di\u0173 ananas\u0173 \/ Trigubas mango<br \/>\n8. Vynuogi\u0173 uog\u0173 sprogimas \/ Kriau\u0161i\u0173 obuoli\u0173 avie\u010di\u0173<br \/>\n9. Bra\u0161ki\u0173 spanguoli\u0173 vy\u0161nia \/ Ananas\u0173 pasiflor\u0173 laimas<br \/>\n10. M\u0117lyni\u0173 bra\u0161ki\u0173 mentolis \/ M\u0117lyni\u0173 avie\u010di\u0173 mentolis<\/p>\n<p>&nbsp;<\/p>\n<h2>Kod\u0117l verta rinktis \u201evapestornado\u201c didmeninei VOPK 40k Vape prekybai?<\/h2>\n<div class=\"flex-shrink-0 flex flex-col relative items-end\">\n<div class=\"pt-0\">\n<div class=\"gizmo-bot-avatar flex h-8 w-8 items-center justify-center overflow-hidden rounded-full\">\n<div class=\"relative p-1 rounded-sm flex items-center justify-center bg-token-main-surface-primary text-token-text-primary h-8 w-8\">\n<p>Sveiki atvyk\u0119 \u012f \u201evapestornado\u201c, j\u016bs\u0173 patikim\u0105 internetin\u0119 elektronini\u0173 cigare\u010di\u0173 parduotuv\u0119, kurioje rasite auk\u0161\u010diausios kokyb\u0117s vienkartini\u0173 elektronini\u0173 cigare\u010di\u0173. Tur\u0117dami daugiau nei 5 met\u0173 patirt\u012f, si\u016blome jums populiarius vienkartini\u0173 elektronini\u0173 cigare\u010di\u0173 preki\u0173 \u017eenklus, tokius kaip \u201eFumot RandM Vape\u201c, \u201eVapme\u201c, \u201eBang Vape\u201c, \u201eWaspe Vape\u201c ir \u201eWGA Vape\u201c ir kt.<\/p>\n<p>M\u016bs\u0173 asortimentas apima populiarias garinimo priemones, tokias kaip <a href=\"https:\/\/vapestornado.com\/lt\/product\/fumot-randm-tornado-15000-puffs-rechargeable-disposable-vape-wholesale\/\">RandM Tornado 15000<\/a>, ir skoni\u0173 turtingus pasirinkimus, tokius kaip <a href=\"https:\/\/vapestornado.com\/lt\/product\/waspe-40000-puffs-double-flavour-led-display-disposable-vape-wholesale\/\">WASPE dvigubo skonio 40000 \u012fkv\u0117pim\u0173<\/a> . Kiekvienas produktas parenkamas atsi\u017evelgiant \u012f kokyb\u0119, vert\u0119 ir \u012fvairov\u0119, u\u017etikrinant, kad rastum\u0117te tobul\u0105 atitikmen\u012f savo poreikiams. Atraskite i\u0161skirtin\u012f aptarnavim\u0105 ir plat\u0173 auk\u0161\u010diausios kokyb\u0117s produkt\u0173 asortiment\u0105 \u201evapestornado\u201c.<\/p>\n<\/div>\n<h3><\/h3>\n<div class=\"relative p-1 rounded-sm flex items-center justify-center bg-token-main-surface-primary text-token-text-primary h-8 w-8\">\n<h2>DUK apie VOPK 40k \u012fkraunam\u0105 vienkartin\u012f garintuv\u0105<\/h2>\n<\/div>\n<\/div>\n<\/div>\n<\/div>\n<div class=\"group\/conversation-turn relative flex w-full min-w-0 flex-col agent-turn\">\n<div class=\"flex-col gap-1 md:gap-3\">\n<div class=\"flex max-w-full flex-col flex-grow\">\n<div class=\"min-h-8 text-message flex w-full flex-col items-end gap-2 whitespace-normal break-words [.text-message+&amp;]:mt-5\" dir=\"auto\" data-message-author-role=\"assistant\" data-message-id=\"db716a1c-9ed0-4b8d-b3b0-7bdb913c3d42\" data-message-model-slug=\"gpt-4o\">\n<div class=\"flex w-full flex-col gap-1 empty:hidden first:pt-[3px]\">\n<div class=\"markdown prose w-full break-words dark:prose-invert light\">\n<p>&nbsp;<\/p>\n<p><strong>1. Kur Vokietijoje \u012fsigyti VOPK 40000 \u012fkv\u0117pim\u0173 vienkartin\u012f garintuv\u0105 didmenine kaina<\/strong><br \/>\nGalite \u012fsigyti <strong>VOPK 40000 \u012fkv\u0117pim\u0173 vienkartin\u012f garintuv\u0105<\/strong> didmenin\u0117mis kainomis per internetines <strong>gar\u0173 didmenin\u0117 prekyba<\/strong> platformas, skirtas Lietuvai.<\/p>\n<p><strong>2. Kiek \u012fkv\u0117pim\u0173 suteikia VOPK Ultra 40k \u012fkv\u0117pim\u0173?<\/strong><br \/>\n\u0160is <strong>VOPK Ultra 40k \u012fkv\u0117pim\u0173 vienkartinis garintuvas<\/strong> suteikia iki <strong>40 000 \u012ftraukim\u0173<\/strong>, tod\u0117l tai yra vienas ilgiausiai veikian\u010di\u0173 prietais\u0173.<\/p>\n<p><strong>3. Kiek laiko veikia populiarusis vienkartinis \u201eVOPK 40000 puffs Ultra\u201c garinimo prietaisas?<\/strong><br \/>\nTrukm\u0117 <strong>VOPK Ultra 40000<\/strong> priklauso nuo naudojimo \u012fpro\u010di\u0173, ta\u010diau d\u0117l did\u017eiulio <strong>36 ml e-skys\u010dio talpa<\/strong> ir \u012fkraunamos baterijos jis sukurtas veikti \u017eymiai ilgiau nei dauguma vienkartini\u0173 garinimo prietais\u0173.<\/p>\n<p><strong>4. Kokie yra populiar\u016bs \u201eVOPK 40000 Puffs\u201c skaitmenin\u0117s d\u0117\u017eut\u0117s skoniai?<\/strong><br \/>\n\u0160is <strong>VOPK 40k R\u016bkali\u0173<\/strong> si\u016blo 10 \u012fdomi\u0173 skoni\u0173, o jo <strong>dvigubu skoniu<\/strong> sistema leid\u017eia vartotojams m\u0117gautis dviem skoniais viename \u012frenginyje. Populiar\u016bs skoniai skiriasi priklausomai nuo pageidavim\u0173, ta\u010diau ypa\u010d m\u0117gstami vaisi\u0173 ir mentolio deriniai.<\/p>\n<p><strong>5. Kiek laiko u\u017etrunka \u012fkrauti \u201eVOPK 40k Puffs Spaceman\u201c vienkartinius garinimo prietaisus?<\/strong><br \/>\n\u0160is <strong>VOPK Ultra 40k R\u016bkali\u0173<\/strong> naudoja <strong>C tipo \u012fkraunama baterija<\/strong>, kuriam paprastai reikia ma\u017edaug <strong>1\u20132 valandos<\/strong> visi\u0161kai \u012fkrauti, priklausomai nuo maitinimo \u0161altinio.<\/p>\n<p><strong>6. Kiek nikotino yra \u201eVOPK 40k Digital screen box\u201c vienkartiniuose garinimo prietaisuose?<\/strong><br \/>\n\u0160is <strong>VOPK Ultra 40000<\/strong> galima \u012fsigyti su <strong>2% (20 mg)<\/strong> or <strong>5% (50 mg)<\/strong> nikotino stiprumo, atitinkan\u010dio skirtingus nikotino pageidavimus.<\/p>\n<\/div>\n<\/div>\n<\/div>\n<\/div>\n<\/div>\n<\/div>","protected":false},"excerpt":{"rendered":"<p>VOPK 40000 \u012etraukim\u0173 2 viename Vienkartinis Garintuvas Dvigubo Skonio 40K Didmenin\u0117 Prekyba<br \/>\nVOPK Dvigubo Skonio 40000 \u012etraukim\u0173 \u012ekraunamas Vienkartinis Garintuvas<br \/>\nVOPK 40000 \u012etraukim\u0173 Dvigubo Skonio su LED Ekranu<\/p>\n<p><strong>Prid\u0117kite Amy whatsapp, gaukite tiesiogin\u012f atsakym\u0105 ir kupon\u0105 veipui!<\/strong><\/p>\n<p><img fetchpriority=\"high\" decoding=\"async\" class=\"size-full wp-image-2932\" src=\"https:\/\/vapestornado.com\/wp-content\/uploads\/2024\/12\/Vape-Wholesale.jpg\" alt=\"Garintuvai Didmenin\u0117 prekyba\" width=\"229\" height=\"300\" \/><\/p>","protected":false},"featured_media":2973,"comment_status":"open","ping_status":"closed","template":"","meta":{"_acf_changed":false,"_uag_custom_page_level_css":"","_lmt_disableupdate":"no","_lmt_disable":"","_monsterinsights_skip_tracking":false,"_monsterinsights_sitenote_active":false,"_monsterinsights_sitenote_note":"","_monsterinsights_sitenote_category":0,"site-sidebar-layout":"default","site-content-layout":"","ast-site-content-layout":"default","site-content-style":"default","site-sidebar-style":"default","ast-global-header-display":"","ast-banner-title-visibility":"","ast-main-header-display":"","ast-hfb-above-header-display":"","ast-hfb-below-header-display":"","ast-hfb-mobile-header-display":"","site-post-title":"","ast-breadcrumbs-content":"","ast-featured-img":"","footer-sml-layout":"","ast-disable-related-posts":"","theme-transparent-header-meta":"default","adv-header-id-meta":"","stick-header-meta":"","header-above-stick-meta":"","header-main-stick-meta":"","header-below-stick-meta":"","astra-migrate-meta-layouts":"set","ast-page-background-enabled":"default","ast-page-background-meta":{"desktop":{"background-color":"","background-image":"","background-repeat":"repeat","background-position":"center center","background-size":"auto","background-attachment":"scroll","background-type":"","background-media":"","overlay-type":"","overlay-color":"","overlay-opacity":"","overlay-gradient":""},"tablet":{"background-color":"","background-image":"","background-repeat":"repeat","background-position":"center center","background-size":"auto","background-attachment":"scroll","background-type":"","background-media":"","overlay-type":"","overlay-color":"","overlay-opacity":"","overlay-gradient":""},"mobile":{"background-color":"","background-image":"","background-repeat":"repeat","background-position":"center center","background-size":"auto","background-attachment":"scroll","background-type":"","background-media":"","overlay-type":"","overlay-color":"","overlay-opacity":"","overlay-gradient":""}},"ast-content-background-meta":{"desktop":{"background-color":"var(--ast-global-color-5)","background-image":"","background-repeat":"repeat","background-position":"center center","background-size":"auto","background-attachment":"scroll","background-type":"","background-media":"","overlay-type":"","overlay-color":"","overlay-opacity":"","overlay-gradient":""},"tablet":{"background-color":"var(--ast-global-color-5)","background-image":"","background-repeat":"repeat","background-position":"center center","background-size":"auto","background-attachment":"scroll","background-type":"","background-media":"","overlay-type":"","overlay-color":"","overlay-opacity":"","overlay-gradient":""},"mobile":{"background-color":"var(--ast-global-color-5)","background-image":"","background-repeat":"repeat","background-position":"center center","background-size":"auto","background-attachment":"scroll","background-type":"","background-media":"","overlay-type":"","overlay-color":"","overlay-opacity":"","overlay-gradient":""}},"_joinchat":{"telephone":"+8617776015835"}},"product_brand":[],"product_cat":[65,140,153,157,158,142,144,290],"product_tag":[94,95,93,96,92],"class_list":{"0":"post-2974","1":"product","2":"type-product","3":"status-publish","4":"has-post-thumbnail","6":"product_cat-40000-puff","7":"product_cat-big-puffs-disposable-vapes","8":"product_cat-buy-disposable-vapes-in-italy","9":"product_cat-buy-disposable-vapes-in-portugal","10":"product_cat-buy-disposable-vapes-in-spain","11":"product_cat-digital-box-disposable-vapes","12":"product_cat-low-nicotine-disposable-vapes","13":"product_cat-vopk-vape","14":"product_tag-rechargeable-disposable-vape","15":"product_tag-spaceman-disposable-vape","16":"product_tag-vape-wholesale","17":"product_tag-vopk-40000","18":"product_tag-vopk-vape","19":"desktop-align-left","20":"tablet-align-left","21":"mobile-align-left","23":"first","24":"instock","25":"sale","26":"shipping-taxable","27":"purchasable","28":"product-type-simple"},"acf":[],"uagb_featured_image_src":{"full":["https:\/\/vapestornado.com\/wp-content\/uploads\/2024\/12\/VOPK-ULTRA-40000-Disposable-Vape.jpg",1126,1126,false],"thumbnail":["https:\/\/vapestornado.com\/wp-content\/uploads\/2024\/12\/VOPK-ULTRA-40000-Disposable-Vape-150x150.jpg",150,150,true],"medium":["https:\/\/vapestornado.com\/wp-content\/uploads\/2024\/12\/VOPK-ULTRA-40000-Disposable-Vape-300x300.jpg",300,300,true],"medium_large":["https:\/\/vapestornado.com\/wp-content\/uploads\/2024\/12\/VOPK-ULTRA-40000-Disposable-Vape-768x768.jpg",768,768,true],"large":["https:\/\/vapestornado.com\/wp-content\/uploads\/2024\/12\/VOPK-ULTRA-40000-Disposable-Vape-1024x1024.jpg",1024,1024,true],"1536x1536":["https:\/\/vapestornado.com\/wp-content\/uploads\/2024\/12\/VOPK-ULTRA-40000-Disposable-Vape.jpg",1126,1126,false],"2048x2048":["https:\/\/vapestornado.com\/wp-content\/uploads\/2024\/12\/VOPK-ULTRA-40000-Disposable-Vape.jpg",1126,1126,false],"trp-custom-language-flag":["https:\/\/vapestornado.com\/wp-content\/uploads\/2024\/12\/VOPK-ULTRA-40000-Disposable-Vape.jpg",12,12,false],"woocommerce_thumbnail":["https:\/\/vapestornado.com\/wp-content\/uploads\/2024\/12\/VOPK-ULTRA-40000-Disposable-Vape-300x300.jpg",300,300,true],"woocommerce_single":["https:\/\/vapestornado.com\/wp-content\/uploads\/2024\/12\/VOPK-ULTRA-40000-Disposable-Vape-600x600.jpg",600,600,true],"woocommerce_gallery_thumbnail":["https:\/\/vapestornado.com\/wp-content\/uploads\/2024\/12\/VOPK-ULTRA-40000-Disposable-Vape-100x100.jpg",100,100,true]},"uagb_author_info":{"display_name":"ESAMY","author_link":"https:\/\/vapestornado.com\/lt\/author\/"},"uagb_comment_info":0,"uagb_excerpt":"VOPK 40000 Puffs 2 in 1 Disposable Vape Dual Taste 40K Wholesale VOPK Double Flavor 40000 Puffs Rechargeable Disposable Vape VOPK 40000 Puffs Double Flavor with LED Display Add Amy's whatsapp to get right reply and vape vape coupon!","_links":{"self":[{"href":"https:\/\/vapestornado.com\/lt\/wp-json\/wp\/v2\/product\/2974","targetHints":{"allow":["GET"]}}],"collection":[{"href":"https:\/\/vapestornado.com\/lt\/wp-json\/wp\/v2\/product"}],"about":[{"href":"https:\/\/vapestornado.com\/lt\/wp-json\/wp\/v2\/types\/product"}],"replies":[{"embeddable":true,"href":"https:\/\/vapestornado.com\/lt\/wp-json\/wp\/v2\/comments?post=2974"}],"wp:featuredmedia":[{"embeddable":true,"href":"https:\/\/vapestornado.com\/lt\/wp-json\/wp\/v2\/media\/2973"}],"wp:attachment":[{"href":"https:\/\/vapestornado.com\/lt\/wp-json\/wp\/v2\/media?parent=2974"}],"wp:term":[{"taxonomy":"product_brand","embeddable":true,"href":"https:\/\/vapestornado.com\/lt\/wp-json\/wp\/v2\/product_brand?post=2974"},{"taxonomy":"product_cat","embeddable":true,"href":"https:\/\/vapestornado.com\/lt\/wp-json\/wp\/v2\/product_cat?post=2974"},{"taxonomy":"product_tag","embeddable":true,"href":"https:\/\/vapestornado.com\/lt\/wp-json\/wp\/v2\/product_tag?post=2974"}],"curies":[{"name":"wp","href":"https:\/\/api.w.org\/{rel}","templated":true}]}}