{"id":2958,"date":"2024-12-05T08:16:37","date_gmt":"2024-12-05T08:16:37","guid":{"rendered":"https:\/\/vapestornado.com\/?post_type=product&#038;p=2958"},"modified":"2025-08-23T10:27:04","modified_gmt":"2025-08-23T10:27:04","slug":"randm-vape-tornado-15k-puffs-disposable-vapes-wholesale-price-2-5-nicotine","status":"publish","type":"product","link":"https:\/\/vapestornado.com\/lt\/product\/randm-vape-tornado-15k-puffs-disposable-vapes-wholesale-price-2-5-nicotine\/","title":{"rendered":"\u201eRandm Vape Tornado 15k\u201c \u012ftraukim\u0173 vienkartiniai garintuvai Didmenin\u0117 kaina 2% 5% Nikotinas"},"content":{"rendered":"<h1>Randm Vape Tornado 15k Puffs vienkartiniai garintuvai didmenine kaina 2% 5% nikotinas<\/h1>\n<p>&nbsp;<\/p>\n<p data-start=\"206\" data-end=\"513\">\u0160is <strong data-start=\"210\" data-end=\"247\">RandM Tornado 15K vienkartinis garintuvas<\/strong> yra sukurtas tam, kad ma\u017emenininkams ir platintojams b\u016bt\u0173 patikimas didelio kiekio pasirinkimas j\u0173 lentynoms. Kiekvienas \u012frenginys yra i\u0161 anksto u\u017epildytas <strong data-start=\"383\" data-end=\"403\">25 ml e. skys\u010dio<\/strong> ir maitinamas <strong data-start=\"425\" data-end=\"456\">850mAh \u012fkraunama baterija<\/strong>, suteikdamas iki <strong data-start=\"473\" data-end=\"489\">15 000 \u012ftraukim\u0173<\/strong> be pertrauk\u0173.<\/p>\n<p data-start=\"515\" data-end=\"845\">Sukurtas su <strong data-start=\"533\" data-end=\"553\">tinklelio rit\u0117s sistema<\/strong>, prietaisas u\u017etikrina stabil\u0173 gar\u0173 gamyb\u0105 ir sodr\u0173 skon\u012f. Vartotojai gali lengvai steb\u0117ti veikim\u0105 per <strong data-start=\"672\" data-end=\"691\">dvigubus indikatorius<\/strong> baterijos ir skys\u010dio lygiams. Jo <strong data-start=\"732\" data-end=\"767\">\u012fjungimo mechanizmas \u012ftraukimu<\/strong> u\u017etikrina paprast\u0105 naudojim\u0105 be mygtuk\u0173, tod\u0117l jis tinka kasdieniams klientams.<\/p>\n<p data-start=\"847\" data-end=\"1119\">\u0160is <strong data-start=\"851\" data-end=\"875\">C tipo greit\u0105j\u012f \u012fkrovim\u0105<\/strong> prievadas suma\u017eina prastovos laik\u0105 tarp seans\u0173, o lengvas <strong data-start=\"936\" data-end=\"950\">103 g r\u0117mas<\/strong> leid\u017eia lengvai ne\u0161iotis keliaujant. Su <strong data-start=\"990\" data-end=\"1022\">2% ir 5% nikotino koncentracija<\/strong>, <strong data-start=\"1028\" data-end=\"1041\">RandM 15K<\/strong> tinka tiek lengvesniems vartotojams, tiek tiems, kurie m\u0117gsta stipresn\u012f gerkl\u0117s sm\u016bg\u012f.<\/p>\n<p data-start=\"1121\" data-end=\"1311\">Sukurtas galvojant apie didmenin\u0119 prekyb\u0105, <strong data-start=\"1158\" data-end=\"1193\">RandM Tornado 15 000 \u012fkv\u0117pim\u0173 garintuvas<\/strong> subalansuoja paj\u0117gum\u0105, patogum\u0105 naudoti ir konkurencingas didmenines kainas, tod\u0117l tai yra protingas priedas prie Europos elektronini\u0173 cigare\u010di\u0173 atsarg\u0173.<\/p>\n<p><img fetchpriority=\"high\" decoding=\"async\" class=\"size-medium wp-image-2951\" src=\"https:\/\/vapestornado.com\/wp-content\/uploads\/2024\/12\/Wholesale-Disposable-Vape-265x300.jpg\" alt=\"Didmenin\u0117 prekyba vienkartiniais garintuvais\" width=\"265\" height=\"300\" srcset=\"https:\/\/vapestornado.com\/wp-content\/uploads\/2024\/12\/Wholesale-Disposable-Vape-265x300.jpg 265w, https:\/\/vapestornado.com\/wp-content\/uploads\/2024\/12\/Wholesale-Disposable-Vape-768x871.jpg 768w, https:\/\/vapestornado.com\/wp-content\/uploads\/2024\/12\/Wholesale-Disposable-Vape-600x680.jpg 600w, https:\/\/vapestornado.com\/wp-content\/uploads\/2024\/12\/Wholesale-Disposable-Vape.jpg 823w\" sizes=\"(max-width: 265px) 100vw, 265px\" \/><\/p>\n<h6>Pra\u0161ome susisiekti su Mandy per \u201eWhatsApp\u201c d\u0117l nuolaidos kainos<a href=\"https:\/\/wa.me\/8618077105796\" target=\"_blank\" rel=\"noopener\">+8618077105796<\/a><\/h6>\n<p>&nbsp;<\/p>\n<h2><strong>RandM Tornado Vape 15000 Puffs \u2013 produkto ypatyb\u0117s<\/strong><\/h2>\n<ul>\n<li><strong>Ilgalaikis naudojimas<\/strong>: Suteikia \u012fsp\u016bding\u0105 15 000 \u012ftraukim\u0173, u\u017etikrinant ilgalaik\u012f veikim\u0105 da\u017enai naudojantiems.<\/li>\n<li><strong>I\u0161manieji indikatoriai<\/strong>: \u012erengti baterijos ir e-skys\u010dio lygio indikatoriai, teikiantys realaus laiko atnaujinimus, kad b\u016bt\u0173 i\u0161vengta netik\u0117t\u0173 pertrauk\u0173.<\/li>\n<li><strong>Valdymas be pastang\u0173<\/strong>: Aktyvuojamas paprastu \u012fkv\u0117pimu, pa\u0161alinant mygtuk\u0173 poreik\u012f ir si\u016blant garinimo patirt\u012f be vargo.<\/li>\n<li><strong>Patogus \u012fkrovimas<\/strong>: Maitinamas 850 mAh \u012fkraunamos baterijos su C tipo \u012fkrovimo prievadu, skirtu greitam ir efektyviam \u012fkrovimui.<\/li>\n<li><strong>Auk\u0161\u010diausios kokyb\u0117s rit\u0117s sistema<\/strong>: Pa\u017eangi tinklelio rit\u0117s technologija, skirta nuosekliems, sodriems skoniams ir storiems gar\u0173 debesims.<\/li>\n<li><strong>Paruo\u0161ta didmeninei prekybai<\/strong>: Didmeninei prekybai skirtos pakuot\u0117s su 200 vnt. d\u0117\u017e\u0117je tinka didmenininkams ir ma\u017emenin\u0117s prekybos platintojams.<\/li>\n<li><strong>Ne\u0161iojama konstrukcija<\/strong>: Sveriantis tik 103 g, \u0161is lengvas dizainas puikiai tinka gyvenimo b\u016bdui kelyje.<\/li>\n<\/ul>\n<p>&nbsp;<\/p>\n<h2><strong>RandM Tornado 15000 Puff i\u0161sam\u016bs skoni\u0173 apra\u0161ymai<\/strong><\/h2>\n<p>1.M\u0117lyn\u0173j\u0173 avie\u010di\u0173 limonadas<br \/>\n2.Persik\u0173 ledas<br \/>\n3.R\u016bg\u0161tus obuolys<br \/>\n4. Arb\u016bz\u0173 ledas<br \/>\n5.M\u0117lyn\u0117 su ledu<br \/>\n6.M\u0117lyn\u0117 aviet\u0117<br \/>\n7.Ananas\u0173 ledas<br \/>\n8.Vy\u0161nia<br \/>\n9. Bra\u0161ki\u0173 ledas<br \/>\n10.Vimto<br \/>\n11.Vynuogi\u0173 ledas<br \/>\n12.Kolos ledas<br \/>\n13. Bra\u0161ki\u0173 arb\u016bzas<br \/>\n14.Ro\u017einis limonadas<br \/>\n15.Uog\u0173 mi\u0161inys<br \/>\n16.Persikai ir mangai<br \/>\n17.Drakono vaisius<br \/>\n18.\u017demuog\u0117s ir vynuog\u0117s<br \/>\n19.Ponas M\u0117lynasis<br \/>\n20.Sodrus ledas<br \/>\n21.Ledinukai<br \/>\n22.\u017demuog\u0117s ir kiviai<br \/>\n23.Kivi\u0173, pasiflor\u0173, gvajav\u0173<br \/>\n24.Triju uog\u0173<br \/>\n25.Banan\u0173 ledinukai<br \/>\n26.Persik\u0173, m\u0117lyni\u0173, saldaini\u0173<br \/>\n27.Obuoli\u0173, persik\u0173, kriau\u0161i\u0173<br \/>\n28.Uog\u0173 limonadas<br \/>\n29.M\u0117lyn\u0173j\u0173 avie\u010di\u0173, vy\u0161ni\u0173<br \/>\n30.M\u0117lyni\u0173, kramtomosios gumos<br \/>\n31.M\u0117lyni\u0173, vy\u0161ni\u0173, spanguoli\u0173<br \/>\n32.M\u0117lyni\u0173, granat\u0173<br \/>\n33.R\u016bg\u0161\u010diosios m\u0117lynosios aviet\u0117s<br \/>\n34.Vy\u0161ni\u0173 limonadas<br \/>\n35.Guminukas<br \/>\n36.Citrin\u0173<br \/>\n37.Mangai ant ledo<br \/>\n38.Raudonasis energinis g\u0117rimas su ledu<br \/>\n39.Bra\u0161ki\u0173, banan\u0173<br \/>\n40.Bra\u0161ki\u0173, Red Bull<br \/>\n41.Bra\u0161ki\u0173, arb\u016bz\u0173, limonadas<br \/>\n42.\u0160alta arbata, citrin\u0173 ledinukai<br \/>\n43.Ledo arbata su persikais<br \/>\n44.\u0160nyp\u0161\u010dianti vy\u0161nia<br \/>\n45.Skittles<\/p>\n<h3><strong>Kod\u0117l verta rinktis RandM Tornado 15000 d\u016bm\u0173?<\/strong><\/h3>\n<ul>\n<li><strong>Neprilygstamas ilgaam\u017ei\u0161kumas<\/strong><br \/>\nM\u0117gaukit\u0117s iki 15 000 \u012ftraukim\u0173 su kiekvienu prietaisu, u\u017etikrindami ilgalaik\u012f naudojim\u0105 be da\u017eno keitimo \u2013 puikus pasirinkimas nuolatiniams garintojams.<\/li>\n<li><strong>Pa\u017eangi technologija<\/strong><br \/>\nNaudojant tinklelio rit\u0117s technologij\u0105, RandM Tornado suteikia puikius skonio profilius ir tankius gar\u0173 debesis, pagerindamas j\u016bs\u0173 garinimo patirt\u012f.<\/li>\n<li><strong>Patogumas i\u0161 naujo apibr\u0117\u017etas<\/strong><br \/>\nSu automatine \u012fjungimo sistema, garinimas yra toks pat paprastas kaip \u012fkv\u0117pimas \u2013 joki\u0173 mygtuk\u0173, jokio vargo, tiesiog malonumas be pastang\u0173.<\/li>\n<li><strong>\u012ekraunama baterija<\/strong><br \/>\n850 mAh \u012fkraunama baterija, kartu su C tipo \u012fkrovimo jungtimi, u\u017etikrina greit\u0105 \u012fkrovim\u0105, kad b\u016btum\u0117te pasiruo\u0161\u0119 garinti bet kada.<\/li>\n<li><strong>Steb\u0117jimas realiuoju laiku<\/strong><br \/>\n\u012erengtas su baterijos ir e-skys\u010dio indikatoriais, galite nuolat steb\u0117ti savo prietaiso b\u016bkl\u0119, i\u0161vengiant netik\u0117t\u0173 pertr\u016bki\u0173.<\/li>\n<\/ul>\n<h3><strong>RandM Tornado 15000 Puffs pirkimas dideliais kiekiais<\/strong><\/h3>\n<p><strong>\u012eperkama kokyb\u0117<\/strong><br \/>\nDidelio kiekio RandM Tornado 15000 Puffs pirkimas yra ekonomi\u0161kas b\u016bdas m\u0117gautis auk\u0161\u010diausios kokyb\u0117s garinimu u\u017e ma\u017eesn\u0119 kain\u0105 u\u017e vienet\u0105. \u0160is pasirinkimas idealiai tinka ma\u017emenininkams ir individualiems pirk\u0117jams, ie\u0161kantiems maksimalios vert\u0117s neprarandant kokyb\u0117s.<\/p>\n<p><strong>Nuolatinis prieinamumas<\/strong><br \/>\nU\u017etikrinkite, kad jums niekada nepritr\u016bkt\u0173 m\u0117gstamiausio vienkartinio garinimo prietaiso pirkdami dideliais kiekiais. Nesvarbu, ar esate ma\u017emenininkas, ar aistringas garintojas, nuolatinis \u0161i\u0173 ilgai tarnaujan\u010di\u0173 prietais\u0173 tiekimas garantuoja nenutr\u016bkstam\u0105 pasitenkinim\u0105.<\/p>\n<p><strong>Puikiai tinka verslui<\/strong><br \/>\nMa\u017emenininkai ir garinimo preki\u0173 parduotuvi\u0173 savininkai gali gauti didel\u0119 naud\u0105 sand\u0117liuodami RandM Tornado 15000. Jo reputacija d\u0117l auk\u0161to na\u0161umo, \u012fkraunamos funkcijos ir \u012fsp\u016bdingo \u012ftraukim\u0173 skai\u010diaus daro j\u012f perkamiausiu produktu, pritraukian\u010diu plat\u0173 klient\u0173 rat\u0105.<\/p>\n<p><strong>Pritaikomas skoni\u0173 pasirinkimas<\/strong><br \/>\nSu dideliu skoni\u0173 asortimentu, nuo sald\u017ei\u0173 ir vaisini\u0173 iki klasikini\u0173 ir mentolio, dideli u\u017esakymai gali b\u016bti pritaikyti \u012ftraukiant \u012fvairias parinktis, atitinkan\u010dias \u012fvairius pageidavimus. \u0160is lankstumas u\u017etikrina, kad kiekvienas klientas rast\u0173 savo ideal\u0173 garinimo patyrim\u0105.<\/p>\n<h3><\/h3>\n<h3><strong>Kod\u0117l verta rinktis vapestornado didelio kiekio pirkim\u0105 Randm Vape 15k puff?<\/strong><\/h3>\n<ul>\n<li><strong>Didmenin\u0117s prekybos privalumai<\/strong>: Dideliems u\u017esakymams taikomos nuolaidos, tod\u0117l tai yra protingas pasirinkimas verslui.<\/li>\n<li><strong>Ekologi\u0161kas dizainas<\/strong>: \u012ekraunama technologija suma\u017eina atliek\u0173 kiek\u012f, palyginti su vienkartiniais prietaisais.<\/li>\n<li><strong>Padidintos pelno mar\u017eos<\/strong>: Ma\u017emenininkai gali pasinaudoti \u0161io didel\u0117s paklausos produkto populiarumu.<\/li>\n<\/ul>\n<h3><strong>Atraskite RandM Vape pasaul\u012f<\/strong><\/h3>\n<p>Pasinerkite \u012f plat\u0173 \u012fdomi\u0173 skoni\u0173 pasirinkim\u0105, toki\u0173 kaip <strong>M\u0117lyni\u0173 ledas<\/strong>, <strong>Mango Persikas<\/strong>, <strong>V\u0117si m\u0117ta<\/strong>ir daug daugiau. Kiekvienas skonis yra sukurtas taip, kad suteikt\u0173 unikal\u0173 ir nuosekl\u0173 skon\u012f, u\u017etikrinant, kad kiekvienas d\u016bmas b\u016bt\u0173 toks pat malonus kaip ir pirmasis. Atraskite did\u017eiausi\u0105 pasitenkinim\u0105 su RandM Tornado 15000 Puffs. Dideli kiekiai dabar prieinami adresu <a href=\"https:\/\/vapestornado.com\/lt\/\"><strong>vapestornado<\/strong><\/a>, j\u016bs\u0173 patikimu auk\u0161\u010diausios kokyb\u0117s vienkartini\u0173 garintuv\u0173 \u0161altiniu. Apsipirkite \u0161iandien ir perkelkite savo garinimo kelion\u0119 \u012f kit\u0105 lyg\u012f!<\/p>","protected":false},"excerpt":{"rendered":"<p>\u0160is <strong data-start=\"1355\" data-end=\"1381\">RandM Tornado 15K Vape<\/strong> si\u016blo 25 ml talp\u0105, 15 000 \u012fkv\u0117pim\u0173 ir dvigubus indikatorius. Lengvas, \u012fkraunamas variantas, pritaikytas <strong data-start=\"1487\" data-end=\"1523\">didmenin\u0117s prekybos garintuv\u0173 rinkoms Europoje<\/strong>.<\/p>\n<figure id=\"attachment_2951\" aria-describedby=\"caption-attachment-2951\" style=\"width: 265px\" class=\"wp-caption alignnone\"><img fetchpriority=\"high\" decoding=\"async\" class=\"size-medium wp-image-2951\" src=\"https:\/\/vapestornado.com\/wp-content\/uploads\/2024\/12\/Wholesale-Disposable-Vape-265x300.jpg\" alt=\"Didmenin\u0117 prekyba vienkartiniais garintuvais\" width=\"265\" height=\"300\" srcset=\"https:\/\/vapestornado.com\/wp-content\/uploads\/2024\/12\/Wholesale-Disposable-Vape-265x300.jpg 265w, https:\/\/vapestornado.com\/wp-content\/uploads\/2024\/12\/Wholesale-Disposable-Vape-768x871.jpg 768w, https:\/\/vapestornado.com\/wp-content\/uploads\/2024\/12\/Wholesale-Disposable-Vape-600x680.jpg 600w, https:\/\/vapestornado.com\/wp-content\/uploads\/2024\/12\/Wholesale-Disposable-Vape.jpg 823w\" sizes=\"(max-width: 265px) 100vw, 265px\" \/><figcaption id=\"caption-attachment-2951\" class=\"wp-caption-text\">Pra\u0161ome susisiekti su Mandy per \u201eWhatsApp\u201c d\u0117l nuolaidos kainos<a href=\"https:\/\/wa.me\/8618077105796\">+8618077105796<\/a><\/figcaption><\/figure>\n<p>&nbsp;<\/p>","protected":false},"featured_media":2933,"comment_status":"open","ping_status":"closed","template":"","meta":{"_acf_changed":false,"_uag_custom_page_level_css":"","_lmt_disableupdate":"no","_lmt_disable":"","_monsterinsights_skip_tracking":false,"_monsterinsights_sitenote_active":false,"_monsterinsights_sitenote_note":"","_monsterinsights_sitenote_category":0,"site-sidebar-layout":"default","site-content-layout":"","ast-site-content-layout":"default","site-content-style":"default","site-sidebar-style":"default","ast-global-header-display":"","ast-banner-title-visibility":"","ast-main-header-display":"","ast-hfb-above-header-display":"","ast-hfb-below-header-display":"","ast-hfb-mobile-header-display":"","site-post-title":"","ast-breadcrumbs-content":"","ast-featured-img":"","footer-sml-layout":"","ast-disable-related-posts":"","theme-transparent-header-meta":"default","adv-header-id-meta":"","stick-header-meta":"","header-above-stick-meta":"","header-main-stick-meta":"","header-below-stick-meta":"","astra-migrate-meta-layouts":"set","ast-page-background-enabled":"default","ast-page-background-meta":{"desktop":{"background-color":"","background-image":"","background-repeat":"repeat","background-position":"center center","background-size":"auto","background-attachment":"scroll","background-type":"","background-media":"","overlay-type":"","overlay-color":"","overlay-opacity":"","overlay-gradient":""},"tablet":{"background-color":"","background-image":"","background-repeat":"repeat","background-position":"center center","background-size":"auto","background-attachment":"scroll","background-type":"","background-media":"","overlay-type":"","overlay-color":"","overlay-opacity":"","overlay-gradient":""},"mobile":{"background-color":"","background-image":"","background-repeat":"repeat","background-position":"center center","background-size":"auto","background-attachment":"scroll","background-type":"","background-media":"","overlay-type":"","overlay-color":"","overlay-opacity":"","overlay-gradient":""}},"ast-content-background-meta":{"desktop":{"background-color":"var(--ast-global-color-5)","background-image":"","background-repeat":"repeat","background-position":"center center","background-size":"auto","background-attachment":"scroll","background-type":"","background-media":"","overlay-type":"","overlay-color":"","overlay-opacity":"","overlay-gradient":""},"tablet":{"background-color":"var(--ast-global-color-5)","background-image":"","background-repeat":"repeat","background-position":"center center","background-size":"auto","background-attachment":"scroll","background-type":"","background-media":"","overlay-type":"","overlay-color":"","overlay-opacity":"","overlay-gradient":""},"mobile":{"background-color":"var(--ast-global-color-5)","background-image":"","background-repeat":"repeat","background-position":"center center","background-size":"auto","background-attachment":"scroll","background-type":"","background-media":"","overlay-type":"","overlay-color":"","overlay-opacity":"","overlay-gradient":""}},"_joinchat":{"telephone":"+8618077105796"}},"product_brand":[],"product_cat":[71,154,157,58,148],"product_tag":[97,80],"class_list":{"0":"post-2958","1":"product","2":"type-product","3":"status-publish","4":"has-post-thumbnail","6":"product_cat-15000-puff","7":"product_cat-buy-disposable-vapes-in-netherlands","8":"product_cat-buy-disposable-vapes-in-portugal","9":"product_cat-fumot-vape","10":"product_cat-tornado-disposable-vapes","11":"product_tag-hot-sale-disposable-vape","12":"product_tag-randm-15k","13":"desktop-align-left","14":"tablet-align-left","15":"mobile-align-left","17":"first","18":"instock","19":"sale","20":"shipping-taxable","21":"purchasable","22":"product-type-simple"},"acf":[],"uagb_featured_image_src":{"full":["https:\/\/vapestornado.com\/wp-content\/uploads\/2024\/12\/Discount-Price-Randm-Vape-Tornado-15000-Puffs-Apple-Peach-Pear.jpg",800,800,false],"thumbnail":["https:\/\/vapestornado.com\/wp-content\/uploads\/2024\/12\/Discount-Price-Randm-Vape-Tornado-15000-Puffs-Apple-Peach-Pear-150x150.jpg",150,150,true],"medium":["https:\/\/vapestornado.com\/wp-content\/uploads\/2024\/12\/Discount-Price-Randm-Vape-Tornado-15000-Puffs-Apple-Peach-Pear-300x300.jpg",300,300,true],"medium_large":["https:\/\/vapestornado.com\/wp-content\/uploads\/2024\/12\/Discount-Price-Randm-Vape-Tornado-15000-Puffs-Apple-Peach-Pear-768x768.jpg",768,768,true],"large":["https:\/\/vapestornado.com\/wp-content\/uploads\/2024\/12\/Discount-Price-Randm-Vape-Tornado-15000-Puffs-Apple-Peach-Pear.jpg",800,800,false],"1536x1536":["https:\/\/vapestornado.com\/wp-content\/uploads\/2024\/12\/Discount-Price-Randm-Vape-Tornado-15000-Puffs-Apple-Peach-Pear.jpg",800,800,false],"2048x2048":["https:\/\/vapestornado.com\/wp-content\/uploads\/2024\/12\/Discount-Price-Randm-Vape-Tornado-15000-Puffs-Apple-Peach-Pear.jpg",800,800,false],"trp-custom-language-flag":["https:\/\/vapestornado.com\/wp-content\/uploads\/2024\/12\/Discount-Price-Randm-Vape-Tornado-15000-Puffs-Apple-Peach-Pear.jpg",12,12,false],"woocommerce_thumbnail":["https:\/\/vapestornado.com\/wp-content\/uploads\/2024\/12\/Discount-Price-Randm-Vape-Tornado-15000-Puffs-Apple-Peach-Pear-300x300.jpg",300,300,true],"woocommerce_single":["https:\/\/vapestornado.com\/wp-content\/uploads\/2024\/12\/Discount-Price-Randm-Vape-Tornado-15000-Puffs-Apple-Peach-Pear-600x600.jpg",600,600,true],"woocommerce_gallery_thumbnail":["https:\/\/vapestornado.com\/wp-content\/uploads\/2024\/12\/Discount-Price-Randm-Vape-Tornado-15000-Puffs-Apple-Peach-Pear-100x100.jpg",100,100,true]},"uagb_author_info":{"display_name":"ESMANDY","author_link":"https:\/\/vapestornado.com\/lt\/author\/"},"uagb_comment_info":0,"uagb_excerpt":"The RandM Tornado 15K Vape offers 25ml capacity, 15,000 puffs, and dual indicators. A lightweight, rechargeable option tailored for wholesale vape markets in Europe. [caption id=\"attachment_2951\" align=\"alignnone\" width=\"265\"] Pls Contact Mandy's WhatsApp For Discount Price+8618077105796[\/caption] &nbsp;","_links":{"self":[{"href":"https:\/\/vapestornado.com\/lt\/wp-json\/wp\/v2\/product\/2958","targetHints":{"allow":["GET"]}}],"collection":[{"href":"https:\/\/vapestornado.com\/lt\/wp-json\/wp\/v2\/product"}],"about":[{"href":"https:\/\/vapestornado.com\/lt\/wp-json\/wp\/v2\/types\/product"}],"replies":[{"embeddable":true,"href":"https:\/\/vapestornado.com\/lt\/wp-json\/wp\/v2\/comments?post=2958"}],"wp:featuredmedia":[{"embeddable":true,"href":"https:\/\/vapestornado.com\/lt\/wp-json\/wp\/v2\/media\/2933"}],"wp:attachment":[{"href":"https:\/\/vapestornado.com\/lt\/wp-json\/wp\/v2\/media?parent=2958"}],"wp:term":[{"taxonomy":"product_brand","embeddable":true,"href":"https:\/\/vapestornado.com\/lt\/wp-json\/wp\/v2\/product_brand?post=2958"},{"taxonomy":"product_cat","embeddable":true,"href":"https:\/\/vapestornado.com\/lt\/wp-json\/wp\/v2\/product_cat?post=2958"},{"taxonomy":"product_tag","embeddable":true,"href":"https:\/\/vapestornado.com\/lt\/wp-json\/wp\/v2\/product_tag?post=2958"}],"curies":[{"name":"wp","href":"https:\/\/api.w.org\/{rel}","templated":true}]}}