{"id":2926,"date":"2024-12-03T08:03:07","date_gmt":"2024-12-03T08:03:07","guid":{"rendered":"https:\/\/vapestornado.com\/?post_type=product&#038;p=2926"},"modified":"2025-08-23T10:05:34","modified_gmt":"2025-08-23T10:05:34","slug":"fumot-digital-box-12000-puffs-cheap-price-disposable-vape","status":"publish","type":"product","link":"https:\/\/vapestornado.com\/lt\/product\/fumot-digital-box-12000-puffs-cheap-price-disposable-vape\/","title":{"rendered":"Fumot Digital Box 12000 \u012ftraukim\u0173 pigi kaina vienkartinis garintuvas"},"content":{"rendered":"<h1>Fumot Digital Box 12000 \u012ftraukim\u0173 pigi kaina vienkartinis garintuvas<\/h1>\n<p>&nbsp;<\/p>\n<p data-start=\"298\" data-end=\"609\">\u0160is <strong data-start=\"302\" data-end=\"351\">Fumot Digital Box 12000 \u012ftraukim\u0173 vienkartinis garintuvas<\/strong> si\u016blo ilgalaik\u012f veikim\u0105 ir didel\u012f didmenin\u0117s prekybos patrauklum\u0105. Su <strong data-start=\"420\" data-end=\"453\">20 ml i\u0161 anksto u\u017epildytu e-skys\u010dio baku<\/strong> ir iki <strong data-start=\"464\" data-end=\"491\">12 000 \u012ftraukim\u0173 vienam prietaisui<\/strong>jis u\u017etikrina ilgalaik\u012f naudojim\u0105 ir pastov\u0173 skon\u012f, tod\u0117l yra patrauklus pasirinkimas tiek ma\u017emenininkams, tiek dideliems pirk\u0117jams.<\/p>\n<p data-start=\"611\" data-end=\"868\">Maitinamas <strong data-start=\"624\" data-end=\"655\">550 mAh \u012fkraunamas akumuliatorius<\/strong> su <strong data-start=\"661\" data-end=\"685\">C tipo greit\u0105j\u012f \u012fkrovim\u0105<\/strong>\u0161is garintuvas suma\u017eina prastovas ir u\u017etikrina patikim\u0105 veikim\u0105. Jo <strong data-start=\"759\" data-end=\"789\">reguliuojam\u0105 oro srauto valdym\u0105<\/strong> leid\u017eia klientams pritaikyti gar\u0173 i\u0161siskyrim\u0105, patraukdami plat\u0173 vartotoj\u0173 rat\u0105.<\/p>\n<p data-start=\"870\" data-end=\"1111\">Unikali savyb\u0117 <strong data-start=\"894\" data-end=\"919\">Fumot 12K Skaitmenin\u0117 d\u0117\u017eut\u0117<\/strong> yra <strong data-start=\"927\" data-end=\"943\">6 RGB lemput\u0117s<\/strong>kurie \u012fsijungia naudojimo metu, kad suteikt\u0173 vizualinio patrauklumo \u2013 populiarus tarp jaunesni\u0173 Europos vartotoj\u0173. Kompakti\u0161kas, patvarus ir lengvai ne\u0161iojamas, tinka tiek kasdieniam, tiek socialiniam naudojimui.<\/p>\n<p data-start=\"1113\" data-end=\"1315\">D\u0117l didel\u0117s \u012fp\u016btim\u0173 talpos, pritaikom\u0173 funkcij\u0173 ir <strong data-start=\"1180\" data-end=\"1213\">konkurencingos didmenin\u0117s kainos<\/strong>, <strong data-start=\"1219\" data-end=\"1246\">Fumot Skaitmenin\u0117 d\u0117\u017eut\u0117 12000<\/strong> yra protingas priedas Lietuvos vape parduotuv\u0117ms ir platintojams visoje Europoje.<\/p>\n<p><img fetchpriority=\"high\" decoding=\"async\" class=\"size-medium wp-image-2951\" src=\"https:\/\/vapestornado.com\/wp-content\/uploads\/2024\/12\/Wholesale-Disposable-Vape-265x300.jpg\" alt=\"Didmenin\u0117 prekyba vienkartiniais garintuvais\" width=\"265\" height=\"300\" srcset=\"https:\/\/vapestornado.com\/wp-content\/uploads\/2024\/12\/Wholesale-Disposable-Vape-265x300.jpg 265w, https:\/\/vapestornado.com\/wp-content\/uploads\/2024\/12\/Wholesale-Disposable-Vape-768x871.jpg 768w, https:\/\/vapestornado.com\/wp-content\/uploads\/2024\/12\/Wholesale-Disposable-Vape-600x680.jpg 600w, https:\/\/vapestornado.com\/wp-content\/uploads\/2024\/12\/Wholesale-Disposable-Vape.jpg 823w\" sizes=\"(max-width: 265px) 100vw, 265px\" \/><\/p>\n<h6>Pra\u0161ome susisiekti su Mandy per \u201eWhatsApp\u201c d\u0117l nuolaidos kainos<a href=\"https:\/\/wa.me\/8618077105796\" target=\"_blank\" rel=\"noopener\">+8618077105796<\/a><\/h6>\n<p>&nbsp;<\/p>\n<h3>Produkto savyb\u0117s<\/h3>\n<ul>\n<li><strong>20 ml e-skys\u010dio<\/strong>: Suteikia i\u0161skirtin\u012f skon\u012f ir iki 12 000 \u012fp\u016btim\u0173.<\/li>\n<li><strong>550 mAh \u012fkraunamas akumuliatorius<\/strong>: U\u017etikrina ilgalaik\u0119 gali\u0105 su greitu C tipo \u012fkrovimu.<\/li>\n<li><strong>6 RGB lemput\u0117s<\/strong>: Pagerina j\u016bs\u0173 garinimo patirt\u012f v\u0117siu ir stilingu \u0161vyt\u0117jimu.<\/li>\n<li><strong>Oro srauto valdymo jungiklis<\/strong>: Be vargo reguliuokite gar\u0173 intensyvum\u0105 pagal savo pageidavimus.<\/li>\n<li><strong>Kompakti\u0161kas ir patvarus<\/strong>: Puikiai tinka naudoti keliaujant su aptakiu, auk\u0161\u010diausios klas\u0117s dizainu.<\/li>\n<\/ul>\n<h4><strong>Fumot 12000 skoni\u0173<\/strong><\/h4>\n<p>1 V\u0117si m\u0117ta<br \/>\n2 Arb\u016bzo ledas<br \/>\n3 Vynuogi\u0173 ledas<br \/>\n4 M\u0117lyni\u0173 avie\u010di\u0173<br \/>\n5 Bra\u0161ki\u0173 arb\u016bzas<br \/>\n6 Bra\u0161ki\u0173 bananas<br \/>\n7 Sodrus ledas<br \/>\n8 Vy\u0161nia<br \/>\n9 Bra\u0161ki\u0173 ledas<br \/>\n10 Led\u0173 porcija<br \/>\n11 Ro\u017einis limonadas<br \/>\n12 Mango su ledu<br \/>\n13 Mi\u0161rios uogos<br \/>\n14 Bra\u0161ki\u0173 spurgos<br \/>\n15 Bra\u0161ki\u0173 vynuog\u0117s<br \/>\n16 Vy\u0161ni\u0173 kola<br \/>\n17 M\u0117lynas daktaras<br \/>\n18 M\u0117lyn\u0117s su ledu<br \/>\n19 Kivio pasiflor\u0173 gvajava<br \/>\n20 Bra\u0161ki\u0173 kivis<br \/>\n21 Persik\u0173 mango<br \/>\n22 Persik\u0173 ledas<br \/>\n23 Raudon\u0173 obuoli\u0173 ledas<br \/>\n24 M\u0117lyni\u0173 kramtomoji guma<br \/>\n25 Uog\u0173 limonadas<br \/>\n26 M\u0117lyna avie\u010di\u0173 limonadas<br \/>\n27 M\u0117lyna r\u016bg\u0161ti aviet\u0117<br \/>\n28 Bra\u0161kinis \u201eRed Bull\u201c<br \/>\n29 Obuoli\u0173 uog\u0173 sprogimas<br \/>\n30 Arb\u016bzin\u0117 kramtomoji guma<br \/>\n31 Avie\u010di\u0173 arb\u016bzas<br \/>\n32 Juodas ledas<br \/>\n33 M\u0117lyni\u0173 vy\u0161ni\u0173 spanguol\u0117s<br \/>\n34 Bra\u0161kinis granatas<br \/>\n35 Vimto<br \/>\n36 Vy\u0161ni\u0173 uogos<br \/>\n37 Citrina<br \/>\n38 Bingo Crush<br \/>\n39 M\u0117lyni\u0173 kivis<br \/>\n40 Obuoli\u0173 cinamonas<\/p>\n<p>&nbsp;<\/p>\n<h3>Da\u017eniausiai u\u017eduodami klausimai apie vienkartin\u012f garintuv\u0105 Fumot Digital Box 12000 \u012ftraukim\u0173<\/h3>\n<p><strong>K: Ar Fumot garintuvai yra auk\u0161tos kokyb\u0117s?<\/strong><br \/>\n<strong>A:<\/strong> Taip, Fumot garintuvai yra \u017einomi d\u0117l savo auk\u0161\u010diausios kokyb\u0117s ir i\u0161skirtinio veikimo. Juose \u012fdiegta pa\u017eangi technologija, u\u017etikrinanti pastov\u0173 skon\u012f, patenkinam\u0105 garinimo patirt\u012f ir \u012fsp\u016bding\u0105 \u012ftraukim\u0173 skai\u010di\u0173, tod\u0117l jie yra patikimas pasirinkimas garinimo entuziastams.<\/p>\n<p><strong>K: Kiek laiko veikia randm garintuvas su 12 000 \u012ftraukim\u0173?<\/strong><br \/>\n<strong>A:<\/strong> Trukm\u0117 priklauso nuo individuali\u0173 naudojimo \u012fpro\u010di\u0173. Intensyviai naudojantiems jis gali trukti kelias savaites, o saikingai naudojantiems jo gali pakakti vienam ar dviem m\u0117nesiams. Retai naudojantys asmenys gali m\u0117gautis savo prietaisu iki trij\u0173 m\u0117nesi\u0173, tod\u0117l jis idealiai tinka tiems, kurie nori ilgalaikio garinimo varianto be da\u017eno keitimo.<\/p>\n<p><strong>K: Kiek kainuoja 12 000 \u012ftraukim\u0173 Fumot garintuvas?<\/strong><br \/>\n<strong>A:<\/strong> 12 000 \u012ftraukim\u0173 garintuvo kaina priklauso nuo prek\u0117s \u017eenklo, savybi\u0173 ir pardav\u0117jo. Paprastai Lietuvoje ji svyruoja nuo 15 iki 30 eur\u0173. Sezonin\u0117s nuolaidos, prieinamumas ir modeli\u0173 skirtumai taip pat gali tur\u0117ti \u012ftakos kainai.<\/p>\n<p><strong>K: Kiek nikotino yra 12 000 \u012ftraukim\u0173 garintuve?<\/strong><br \/>\n<strong>A:<\/strong> Fumot Digital Box si\u016blo kelis nikotino stiprumo variantus, \u012fskaitant 0%, 2%, 3% ir 5%. \u0160i \u012fvairov\u0117 leid\u017eia vartotojams pasirinkti lyg\u012f, kuris atitinka j\u0173 pageidavimus ir garinimo \u012fpro\u010dius.<\/p>\n<p><strong>K: Kiek laiko u\u017etrunka \u012fkrauti Fumot garintuv\u0105?<\/strong><br \/>\n<strong>A:<\/strong> Fumot garintuvo \u012fkrovimo laikas yra ma\u017edaug 1\u20132 valandos, priklausomai nuo prietaiso akumuliatoriaus talpos ir \u012fkroviklio tipo. Greito \u012fkrovimo funkcija u\u017etikrina minimali\u0105 prastov\u0105, tod\u0117l vartotojai gali greitai atnaujinti garinim\u0105.<\/p>\n<p>&nbsp;<\/p>\n<h3>Prie\u017eastys pasirinkti didmenin\u0119 kain\u0105 <a href=\"https:\/\/vapestornado.com\/lt\/product\/fumot-digital-box-12000-puffs-cheap-price-disposable-vape\/\">Fumot Digital Box 12000 \u012ftraukim\u0173<\/a> Vienkartinis garintuvas <a href=\"https:\/\/vapestornado.com\/lt\/store\/\">vapestornado<\/a><\/h3>\n<ol>\n<li><strong>Didelis \u012ftraukim\u0173 skai\u010dius ilgaam\u017ei\u0161kumui<\/strong><br \/>\n\u012esp\u016bdingos 12 000 \u012fp\u016btim\u0173 talpos \u0161is \u012frenginys u\u017etikrina ilgalaik\u012f naudojim\u0105, puikiai tinkantis tiems, kurie ie\u0161ko ilgai veikian\u010dio garintuvo be da\u017eno keitimo.<\/li>\n<li><strong>Pritaikomos nikotino parinktys<\/strong><br \/>\n\u201eFumot Digital Box\u201c yra \u012fvairi\u0173 stiprum\u0173 \u2013 0%, 2%, 3% ir 5% nikotino, tod\u0117l tinka \u012fvairiems pageidavimams, nesvarbu, ar ie\u0161kote bed\u016bmio, ar stipresnio poj\u016b\u010dio.<\/li>\n<li><strong>Kompakti\u0161kas dizainas su pa\u017eangiomis funkcijomis<\/strong><br \/>\nEleganti\u0161kas, lengvas dizainas suderintas su moderniomis funkcijomis, tokiomis kaip oro srauto valdymas ir 6 RGB lemput\u0117s, suteikian\u010dios tiek funkcionalum\u0105, tiek stili\u0173.<\/li>\n<li><strong>Patogus \u012fkraunamas akumuliatorius<\/strong><br \/>\n\u012erengtas 550 mAh \u012fkraunamas akumuliatorius ir C tipo \u012fkrovimo prievadas, jis si\u016blo greit\u0105 \u012fkrovim\u0105, suma\u017einant prastovos laik\u0105.<\/li>\n<li><strong>\u012eperkama kaina<\/strong><br \/>\nSi\u016blydamas auk\u0161\u010diausios kokyb\u0117s funkcijas konkurencinga kaina, \u201eFumot Digital Box\u201c suteikia puiki\u0105 vert\u0119 tiems, kurie ie\u0161ko nebrangaus, didelio na\u0161umo garinimo sprendimo.<\/li>\n<\/ol>","protected":false},"excerpt":{"rendered":"<p>Atraskite neprilygstamus pasi\u016blymus Fumot Digital Box 12000 \u012fp\u016btim\u0173 \u012fkraunamam garintuvui. Susisiekite \u0161iandien, kad u\u017esitikrintum\u0117te speciali\u0105 nuolaid\u0105!<strong>(MOQ yra 50 vnt)<\/strong><\/p>\n<figure id=\"attachment_2951\" aria-describedby=\"caption-attachment-2951\" style=\"width: 265px\" class=\"wp-caption alignnone\"><img fetchpriority=\"high\" decoding=\"async\" class=\"size-medium wp-image-2951\" src=\"https:\/\/vapestornado.com\/wp-content\/uploads\/2024\/12\/Wholesale-Disposable-Vape-265x300.jpg\" alt=\"Didmenin\u0117 prekyba vienkartiniais garintuvais\" width=\"265\" height=\"300\" srcset=\"https:\/\/vapestornado.com\/wp-content\/uploads\/2024\/12\/Wholesale-Disposable-Vape-265x300.jpg 265w, https:\/\/vapestornado.com\/wp-content\/uploads\/2024\/12\/Wholesale-Disposable-Vape-768x871.jpg 768w, https:\/\/vapestornado.com\/wp-content\/uploads\/2024\/12\/Wholesale-Disposable-Vape-600x680.jpg 600w, https:\/\/vapestornado.com\/wp-content\/uploads\/2024\/12\/Wholesale-Disposable-Vape.jpg 823w\" sizes=\"(max-width: 265px) 100vw, 265px\" \/><figcaption id=\"caption-attachment-2951\" class=\"wp-caption-text\">Pra\u0161ome susisiekti su Mandy per \u201eWhatsApp\u201c d\u0117l nuolaidos kainos<a href=\"https:\/\/wa.me\/8618077105796\">+8618077105796<\/a><\/figcaption><\/figure>","protected":false},"featured_media":2943,"comment_status":"open","ping_status":"closed","template":"","meta":{"_acf_changed":false,"_uag_custom_page_level_css":"","_lmt_disableupdate":"no","_lmt_disable":"","_monsterinsights_skip_tracking":false,"_monsterinsights_sitenote_active":false,"_monsterinsights_sitenote_note":"","_monsterinsights_sitenote_category":0,"site-sidebar-layout":"default","site-content-layout":"","ast-site-content-layout":"default","site-content-style":"default","site-sidebar-style":"default","ast-global-header-display":"","ast-banner-title-visibility":"","ast-main-header-display":"","ast-hfb-above-header-display":"","ast-hfb-below-header-display":"","ast-hfb-mobile-header-display":"","site-post-title":"","ast-breadcrumbs-content":"","ast-featured-img":"","footer-sml-layout":"","ast-disable-related-posts":"","theme-transparent-header-meta":"default","adv-header-id-meta":"","stick-header-meta":"","header-above-stick-meta":"","header-main-stick-meta":"","header-below-stick-meta":"","astra-migrate-meta-layouts":"set","ast-page-background-enabled":"default","ast-page-background-meta":{"desktop":{"background-color":"","background-image":"","background-repeat":"repeat","background-position":"center center","background-size":"auto","background-attachment":"scroll","background-type":"","background-media":"","overlay-type":"","overlay-color":"","overlay-opacity":"","overlay-gradient":""},"tablet":{"background-color":"","background-image":"","background-repeat":"repeat","background-position":"center center","background-size":"auto","background-attachment":"scroll","background-type":"","background-media":"","overlay-type":"","overlay-color":"","overlay-opacity":"","overlay-gradient":""},"mobile":{"background-color":"","background-image":"","background-repeat":"repeat","background-position":"center center","background-size":"auto","background-attachment":"scroll","background-type":"","background-media":"","overlay-type":"","overlay-color":"","overlay-opacity":"","overlay-gradient":""}},"ast-content-background-meta":{"desktop":{"background-color":"var(--ast-global-color-5)","background-image":"","background-repeat":"repeat","background-position":"center center","background-size":"auto","background-attachment":"scroll","background-type":"","background-media":"","overlay-type":"","overlay-color":"","overlay-opacity":"","overlay-gradient":""},"tablet":{"background-color":"var(--ast-global-color-5)","background-image":"","background-repeat":"repeat","background-position":"center center","background-size":"auto","background-attachment":"scroll","background-type":"","background-media":"","overlay-type":"","overlay-color":"","overlay-opacity":"","overlay-gradient":""},"mobile":{"background-color":"var(--ast-global-color-5)","background-image":"","background-repeat":"repeat","background-position":"center center","background-size":"auto","background-attachment":"scroll","background-type":"","background-media":"","overlay-type":"","overlay-color":"","overlay-opacity":"","overlay-gradient":""}},"_joinchat":{"telephone":"+8618077105796"}},"product_brand":[],"product_cat":[72,154,155,142,58],"product_tag":[82,98],"class_list":{"0":"post-2926","1":"product","2":"type-product","3":"status-publish","4":"has-post-thumbnail","6":"product_cat-12000-puff","7":"product_cat-buy-disposable-vapes-in-netherlands","8":"product_cat-buy-disposable-vapes-in-norway","9":"product_cat-digital-box-disposable-vapes","10":"product_cat-fumot-vape","11":"product_tag-fumot-digital-box-12000-puffs","12":"product_tag-wholesale-price-disposable-vape","13":"desktop-align-left","14":"tablet-align-left","15":"mobile-align-left","17":"first","18":"instock","19":"sale","20":"shipping-taxable","21":"purchasable","22":"product-type-simple"},"acf":[],"uagb_featured_image_src":{"full":["https:\/\/vapestornado.com\/wp-content\/uploads\/2024\/12\/Fumot-Digital-Box-12000-Puffs-Grape-Ice.jpg",800,800,false],"thumbnail":["https:\/\/vapestornado.com\/wp-content\/uploads\/2024\/12\/Fumot-Digital-Box-12000-Puffs-Grape-Ice-150x150.jpg",150,150,true],"medium":["https:\/\/vapestornado.com\/wp-content\/uploads\/2024\/12\/Fumot-Digital-Box-12000-Puffs-Grape-Ice-300x300.jpg",300,300,true],"medium_large":["https:\/\/vapestornado.com\/wp-content\/uploads\/2024\/12\/Fumot-Digital-Box-12000-Puffs-Grape-Ice-768x768.jpg",768,768,true],"large":["https:\/\/vapestornado.com\/wp-content\/uploads\/2024\/12\/Fumot-Digital-Box-12000-Puffs-Grape-Ice.jpg",800,800,false],"1536x1536":["https:\/\/vapestornado.com\/wp-content\/uploads\/2024\/12\/Fumot-Digital-Box-12000-Puffs-Grape-Ice.jpg",800,800,false],"2048x2048":["https:\/\/vapestornado.com\/wp-content\/uploads\/2024\/12\/Fumot-Digital-Box-12000-Puffs-Grape-Ice.jpg",800,800,false],"trp-custom-language-flag":["https:\/\/vapestornado.com\/wp-content\/uploads\/2024\/12\/Fumot-Digital-Box-12000-Puffs-Grape-Ice.jpg",12,12,false],"woocommerce_thumbnail":["https:\/\/vapestornado.com\/wp-content\/uploads\/2024\/12\/Fumot-Digital-Box-12000-Puffs-Grape-Ice-300x300.jpg",300,300,true],"woocommerce_single":["https:\/\/vapestornado.com\/wp-content\/uploads\/2024\/12\/Fumot-Digital-Box-12000-Puffs-Grape-Ice-600x600.jpg",600,600,true],"woocommerce_gallery_thumbnail":["https:\/\/vapestornado.com\/wp-content\/uploads\/2024\/12\/Fumot-Digital-Box-12000-Puffs-Grape-Ice-100x100.jpg",100,100,true]},"uagb_author_info":{"display_name":"ESMANDY","author_link":"https:\/\/vapestornado.com\/lt\/author\/"},"uagb_comment_info":0,"uagb_excerpt":"Discover unbeatable deals on the Fumot Digital Box 12000 puff Rechargeable Vape. Reach out today to secure your special discount!(MOQ is 50pcs) [caption id=\"attachment_2951\" align=\"alignnone\" width=\"265\"] Pls Contact Mandy's WhatsApp For Discount Price+8618077105796[\/caption]","_links":{"self":[{"href":"https:\/\/vapestornado.com\/lt\/wp-json\/wp\/v2\/product\/2926","targetHints":{"allow":["GET"]}}],"collection":[{"href":"https:\/\/vapestornado.com\/lt\/wp-json\/wp\/v2\/product"}],"about":[{"href":"https:\/\/vapestornado.com\/lt\/wp-json\/wp\/v2\/types\/product"}],"replies":[{"embeddable":true,"href":"https:\/\/vapestornado.com\/lt\/wp-json\/wp\/v2\/comments?post=2926"}],"wp:featuredmedia":[{"embeddable":true,"href":"https:\/\/vapestornado.com\/lt\/wp-json\/wp\/v2\/media\/2943"}],"wp:attachment":[{"href":"https:\/\/vapestornado.com\/lt\/wp-json\/wp\/v2\/media?parent=2926"}],"wp:term":[{"taxonomy":"product_brand","embeddable":true,"href":"https:\/\/vapestornado.com\/lt\/wp-json\/wp\/v2\/product_brand?post=2926"},{"taxonomy":"product_cat","embeddable":true,"href":"https:\/\/vapestornado.com\/lt\/wp-json\/wp\/v2\/product_cat?post=2926"},{"taxonomy":"product_tag","embeddable":true,"href":"https:\/\/vapestornado.com\/lt\/wp-json\/wp\/v2\/product_tag?post=2926"}],"curies":[{"name":"wp","href":"https:\/\/api.w.org\/{rel}","templated":true}]}}