{"id":2922,"date":"2024-12-02T03:41:29","date_gmt":"2024-12-02T03:41:29","guid":{"rendered":"https:\/\/vapestornado.com\/?post_type=product&#038;p=2922"},"modified":"2025-10-31T09:41:30","modified_gmt":"2025-10-31T09:41:30","slug":"fumot-randm-tornado-15000-puffs-rechargeable-disposable-vape-wholesale","status":"publish","type":"product","link":"https:\/\/vapestornado.com\/lt\/product\/fumot-randm-tornado-15000-puffs-rechargeable-disposable-vape-wholesale\/","title":{"rendered":"\u201eFumot RandM Tornado 15000 Puffs\u201c \u012fkraunamas vienkartinis veipas didmena"},"content":{"rendered":"<h1 class=\"product-title\">\u201eFumot RandM Tornado 15000 Puffs\u201c \u012fkraunamas vienkartinis veipas didmena<\/h1>\n<p data-start=\"0\" data-end=\"528\">\u0160is <strong data-start=\"4\" data-end=\"55\">Fumot RandM Tornado 15000 \u012ftraukim\u0173 vienkartinis garintuvas<\/strong> yra galingas <strong data-start=\"70\" data-end=\"82\">15 t\u016bkst. vape<\/strong> sukurtas na\u0161umui, patikimumui ir vertei. Kiekvienas <strong data-start=\"135\" data-end=\"158\">RandM Tornado 15000<\/strong> vienetas suteikia iki <strong data-start=\"179\" data-end=\"195\">15 000 \u012ftraukim\u0173<\/strong> su did\u017eiuliu <strong data-start=\"211\" data-end=\"235\">22 ml i\u0161 anksto u\u017epildyta talpykla<\/strong>, si\u016blydamas i\u0161skirtin\u012f ilgaam\u017ei\u0161kum\u0105 ma\u017emenininkams ir didmenininkams, ie\u0161kantiems didelio paklausos preki\u0173. Sukurtas su precizija, \u0161is <strong data-start=\"355\" data-end=\"375\">15 t\u016bkst. Tornado vape<\/strong> u\u017etikrina nuolatin\u012f garo gamyb\u0105 ir turting\u0105 skonio perteikim\u0105, tod\u0117l yra vienas i\u0161 populiariausi\u0173 <strong data-start=\"473\" data-end=\"495\">tornado vape 15000<\/strong> modeli\u0173 Europos rinkoje.<\/p>\n<p data-start=\"530\" data-end=\"866\">\u012erengtas <strong data-start=\"547\" data-end=\"578\">850mAh \u012fkraunama baterija<\/strong> ir <strong data-start=\"583\" data-end=\"607\">C tipo greit\u0105j\u012f \u012fkrovim\u0105<\/strong>, \u012frenginys suma\u017eina prastovas ir i\u0161laiko stabil\u0173 i\u0161\u0117jim\u0105 kiekvienos sesijos metu. The <strong data-start=\"700\" data-end=\"720\">tinklelio rit\u0117s sistema<\/strong> pagerina skonio intensyvum\u0105 ir garo \u0161velnum\u0105, o <strong data-start=\"779\" data-end=\"797\">LED indikatoriai<\/strong> laiko vartotojus informuotus apie e-skys\u010dio ir akumuliatoriaus b\u016bsen\u0105 akimirksniu.<\/p>\n<p data-start=\"868\" data-end=\"1247\" data-is-last-node=\"\" data-is-only-node=\"\">Galima \u012fsigyti <strong data-start=\"881\" data-end=\"910\">2% ir 5% nikotino variantuose<\/strong> su daugiau nei <strong data-start=\"926\" data-end=\"940\">45 skoni\u0173<\/strong>, <strong data-start=\"946\" data-end=\"966\">Fumot vape 15000<\/strong> tinka tiek atsitiktiniams naudotojams, tiek intensyviems vaperiams. Kompakti\u0161kas, stilingas ir lengvai ne\u0161iojamas, jis yra puikus papildymas bet kuriai didmeninei katalogui. Vartotojams visoje Europoje, <strong data-start=\"1132\" data-end=\"1166\">RandM Tornado 15000 \u012fkv\u0117pim\u0173 Vape<\/strong> si\u016blo auk\u0161\u010diausios kokyb\u0117s na\u0161um\u0105, skonio \u012fvairov\u0119 ir ne\u012fveikiamas didmenines kainas.<\/p>\n<p>&nbsp;<\/p>\n<p><strong>Prid\u0117kite Amy's Whatsapp, gaukite teising\u0105 atsakym\u0105 ir kupon\u0105 garintuvui!<\/strong><\/p>\n<p><img fetchpriority=\"high\" decoding=\"async\" class=\"size-full wp-image-2932\" src=\"https:\/\/vapestornado.com\/wp-content\/uploads\/2024\/12\/Vape-Wholesale.jpg\" alt=\"Garintuvai Didmenin\u0117 prekyba\" width=\"229\" height=\"300\" \/><\/p>\n<h3><a href=\"https:\/\/wa.me\/8617776015835\" target=\"_blank\" rel=\"noopener\"><span style=\"color: #ff0000;\"><strong>WhatsApp: +86 17776015835<\/strong><\/span><\/a><\/h3>\n<p>&nbsp;<\/p>\n<h2><strong>RandM Tornado 15000 Produkto savyb\u0117s<\/strong><\/h2>\n<p>\u012ep\u016btimai: Iki 15000 \u012fp\u016btim\u0173.<br \/>\nBaterijos talpa: 850mAh pakraunama baterija<br \/>\nGreitas \u012fkrovimas: USB Type-C<br \/>\nLED baterijos ir skys\u010dio lygio indikatorius.<br \/>\nTinklelio rit\u0117<br \/>\nYra 45 skoniai.<br \/>\nNikotinas: 2% 5%<br \/>\nKompakti\u0161kas<\/p>\n<h2 class=\"product-title\"><strong>RandM 15k Vape skoni\u0173 s\u0105ra\u0161as<\/strong><\/h2>\n<p>1.M\u0117lyn\u0173j\u0173 avie\u010di\u0173 limonadas<br \/>\n2.Persik\u0173 ledas<br \/>\n3.R\u016bg\u0161tus obuolys<br \/>\n4. Arb\u016bz\u0173 ledas<br \/>\n5.M\u0117lyn\u0117 su ledu<br \/>\n6.M\u0117lyn\u0117 aviet\u0117<br \/>\n7.Ananas\u0173 ledas<br \/>\n8.Vy\u0161nia<br \/>\n9. Bra\u0161ki\u0173 ledas<br \/>\n10.Vimto<br \/>\n11.Vynuogi\u0173 ledas<br \/>\n12.Kolos ledas<br \/>\n13. Bra\u0161ki\u0173 arb\u016bzas<br \/>\n14.Ro\u017einis limonadas<br \/>\n15.Uog\u0173 mi\u0161inys<br \/>\n16.Persikai ir mangai<br \/>\n17.Drakono vaisius<br \/>\n18.\u017demuog\u0117s ir vynuog\u0117s<br \/>\n19.Ponas M\u0117lynasis<br \/>\n20.Sodrus ledas<br \/>\n21.Ledinukai<br \/>\n22.\u017demuog\u0117s ir kiviai<br \/>\n23.Kivi\u0173, pasiflor\u0173, gvajav\u0173<br \/>\n24.Triju uog\u0173<br \/>\n25.Banan\u0173 ledinukai<br \/>\n26.Persik\u0173, m\u0117lyni\u0173, saldaini\u0173<br \/>\n27.Obuoli\u0173, persik\u0173, kriau\u0161i\u0173<br \/>\n28.Uog\u0173 limonadas<br \/>\n29.M\u0117lyn\u0173j\u0173 avie\u010di\u0173, vy\u0161ni\u0173<br \/>\n30.M\u0117lyni\u0173, kramtomosios gumos<br \/>\n31.M\u0117lyni\u0173, vy\u0161ni\u0173, spanguoli\u0173<br \/>\n32.M\u0117lyni\u0173, granat\u0173<br \/>\n33.R\u016bg\u0161\u010diosios m\u0117lynosios aviet\u0117s<br \/>\n34.Vy\u0161ni\u0173 limonadas<br \/>\n35.Guminukas<br \/>\n36.Citrin\u0173<br \/>\n37.Mangai ant ledo<br \/>\n38.Raudonasis energinis g\u0117rimas su ledu<br \/>\n39.Bra\u0161ki\u0173, banan\u0173<br \/>\n40.Bra\u0161ki\u0173, Red Bull<br \/>\n41.Bra\u0161ki\u0173, arb\u016bz\u0173, limonadas<br \/>\n42.\u0160alta arbata, citrin\u0173 ledinukai<br \/>\n43.Ledo arbata su persikais<br \/>\n44.\u0160nyp\u0161\u010dianti vy\u0161nia<br \/>\n45.Skittles<\/p>\n<h3>Kod\u0117l rinktis vapestornado Fumot 15k Tornado Vape didmenai?<\/h3>\n<div class=\"flex-shrink-0 flex flex-col relative items-end\">\n<div class=\"pt-0\">\n<div class=\"gizmo-bot-avatar flex h-8 w-8 items-center justify-center overflow-hidden rounded-full\">\n<div class=\"relative p-1 rounded-sm flex items-center justify-center bg-token-main-surface-primary text-token-text-primary h-8 w-8\">\n<p>Sveiki atvyk\u0119 \u012f vapestornado, j\u016bs\u0173 patikim\u0105 internetin\u0119 vape parduotuv\u0119 auk\u0161tos kokyb\u0117s vienkartiniams vapes. Su daugiau nei 5 met\u0173 patirtimi, mes si\u016blome populiarias vienkartini\u0173 vape prek\u0117s \u017eenklus, tokius kaip <a href=\"https:\/\/vapestornado.com\/lt\/product\/jnr-ragegorilla-55000-puffs-55k-vape-disposables-42ml-2-nicotine-wholesale-price\/\">JNR Vape<\/a>, Vapme, Bang Vape, Waspe Vape, ir <a href=\"https:\/\/vapestornado.com\/lt\/product\/original-wga-ultra-35k-35000-puff-rechargeable-crystal-disposable-nicotine-vape-best-discount-price\/\">WGA Vape<\/a>, kt.<\/p>\n<p>M\u016bs\u0173 asortimente yra populiari\u0173 garintuv\u0173, toki\u0173 kaip RandM Tornado 15000, ir turtingo skonio pasirinkimas, pavyzd\u017eiui, WASPE Double Flavor 40000 Puffs. Kiekvienas produktas yra pasirinktas atsi\u017evelgiant \u012f kokyb\u0119, vert\u0119 ir \u012fvairov\u0119, u\u017etikrinant, kad rasite tobulai tinkan\u010dius produktus savo poreikiams. Atraskite i\u0161skirtin\u012f aptarnavim\u0105 ir plat\u0173 populiariausi\u0173 produkt\u0173 asortiment\u0105 vapestornado.<\/p>\n<\/div>\n<h3><\/h3>\n<div class=\"relative p-1 rounded-sm flex items-center justify-center bg-token-main-surface-primary text-token-text-primary h-8 w-8\">\n<h3>DUK apie RandM 15k vienkartinius garintuvus<\/h3>\n<\/div>\n<\/div>\n<\/div>\n<\/div>\n<div class=\"flex-shrink-0 flex flex-col relative items-end\">\n<div class=\"pt-0\">\n<div class=\"gizmo-bot-avatar flex h-8 w-8 items-center justify-center overflow-hidden rounded-full\">\n<div class=\"relative p-1 rounded-sm flex items-center justify-center bg-token-main-surface-primary text-token-text-primary h-8 w-8\"><\/div>\n<\/div>\n<\/div>\n<\/div>\n<div class=\"group\/conversation-turn relative flex w-full min-w-0 flex-col agent-turn\">\n<div class=\"flex-col gap-1 md:gap-3\">\n<div class=\"flex max-w-full flex-col flex-grow\">\n<div class=\"min-h-8 text-message flex w-full flex-col items-end gap-2 whitespace-normal break-words [.text-message+&amp;]:mt-5\" dir=\"auto\" data-message-author-role=\"assistant\" data-message-id=\"db716a1c-9ed0-4b8d-b3b0-7bdb913c3d42\" data-message-model-slug=\"gpt-4o\">\n<div class=\"flex w-full flex-col gap-1 empty:hidden first:pt-[3px]\">\n<div class=\"markdown prose w-full break-words dark:prose-invert light\">\n<p><strong>Kur \u012fsigyti RandM Tornado 15000 garintuv\u0105 didmenine kaina Lietuvoje?<\/strong><br \/>\nNor\u0117dami \u012fsigyti RandM Tornado 15000 garintuv\u0105 didmenine kaina Lietuvoje, kreipkit\u0117s \u012f \u012fgaliotus didmenin\u0117s prekybos garintuv\u0173 platintojus arba internetinius tiek\u0117jus, kurie specializuojasi RandM Vape gaminiuose. \u012esitikinkite, kad jie atitinka vietinius teis\u0117s aktus ir si\u016blo autenti\u0161kus produktus.<\/p>\n<p><strong>Kiek \u012fkv\u0117pim\u0173 si\u016blo Fumot 15k garintuvas?<\/strong><br \/>\nFumot 15k garintuvas suteikia iki 15 000 \u012fkv\u0117pim\u0173, u\u017etikrindamas i\u0161skirtin\u012f ilgaam\u017ei\u0161kum\u0105 ilgesniems garinimo seansams.<\/p>\n<p><strong>Kiek laiko tarnauja populiarus RandM 15000 vienkartinis garintuvas?<\/strong><br \/>\nRandM 15000 tarnavimo laikas priklauso nuo vartotojo \u012fpro\u010di\u0173. Vidutini\u0161kai garinantiems, jis paprastai tarnauja nuo dviej\u0173 iki trij\u0173 savai\u010di\u0173 d\u0117l didel\u0117s \u012fkv\u0117pim\u0173 talpos ir \u012fkraunamo dizaino.<\/p>\n<p><strong>Kokie yra populiar\u016bs Fumot 15k Puffs vienkartin\u0117s d\u0117\u017eut\u0117s skoniai?<\/strong><br \/>\nPopuliar\u016bs Fumot 15k skoniai apima vaisinius, tokius kaip mang\u0173 ledas, bra\u0161ki\u0173 arb\u016bzas ir m\u0117lyni\u0173 avie\u010di\u0173, taip pat v\u0117sinantys mentolio mi\u0161iniai ir desert\u0173 \u012fkv\u0117pti profiliai.<\/p>\n<p><strong>Kiek laiko u\u017etrunka \u012fkrauti RandM 15k \u012fkraunam\u0105 garintuv\u0105?<\/strong><br \/>\nRandM 15k \u012fkraunamo garintuvo \u012fkrovimas trunka apie 1\u20132 valandas naudojant USB Type-C greitojo \u012fkrovimo prievad\u0105, u\u017etikrinant greit\u0105 ir efektyv\u0173 energijos atk\u016brim\u0105.<\/p>\n<p><strong>Kiek nikotino yra RandM Tornado 15000 Puffs vienkartiniame garintuve?<\/strong><br \/>\nRandM Tornado 15000 si\u016blo pritaikom\u0105 nikotino patirt\u012f, kurio stiprumas siekia iki 50 mg, priklausomai nuo varianto, atsi\u017evelgiant \u012f \u012fvairius vartotoj\u0173 pageidavimus.<\/p>\n<\/div>\n<\/div>\n<\/div>\n<\/div>\n<\/div>\n<\/div>","protected":false},"excerpt":{"rendered":"<p>Geriausi \u201eRandM Tornado 15000 Puffs\u201c skoniai u\u017e ma\u017eiausi\u0105 kain\u0105<br \/>\n\u201eFumot RandM 15000 Puffs\u201c vienkartiniai garintuvai didmena<br \/>\n\u201eRandM Tornado 15000\u201c \u012fkraunami vienkartiniai garintuvai didmenin\u0117 kaina<\/p>\n<p><strong>Prid\u0117kite Amy whatsapp, gaukite tiesiogin\u012f atsakym\u0105 ir kupon\u0105 veipui!<\/strong><\/p>\n<p><img fetchpriority=\"high\" decoding=\"async\" class=\"size-full wp-image-2932\" src=\"https:\/\/vapestornado.com\/wp-content\/uploads\/2024\/12\/Vape-Wholesale.jpg\" alt=\"Garintuvai Didmenin\u0117 prekyba\" width=\"229\" height=\"300\" \/><\/p>\n<h3><a href=\"https:\/\/wa.me\/8617776015835\"><span style=\"color: #ff0000;\"><strong>WhatsApp: +86 17776015835<\/strong><\/span><\/a><\/h3>\n<p>&nbsp;<\/p>","protected":false},"featured_media":2929,"comment_status":"open","ping_status":"closed","template":"","meta":{"_acf_changed":false,"_uag_custom_page_level_css":"","_lmt_disableupdate":"no","_lmt_disable":"","_monsterinsights_skip_tracking":false,"_monsterinsights_sitenote_active":false,"_monsterinsights_sitenote_note":"","_monsterinsights_sitenote_category":0,"site-sidebar-layout":"default","site-content-layout":"","ast-site-content-layout":"default","site-content-style":"default","site-sidebar-style":"default","ast-global-header-display":"","ast-banner-title-visibility":"","ast-main-header-display":"","ast-hfb-above-header-display":"","ast-hfb-below-header-display":"","ast-hfb-mobile-header-display":"","site-post-title":"","ast-breadcrumbs-content":"","ast-featured-img":"","footer-sml-layout":"","ast-disable-related-posts":"","theme-transparent-header-meta":"default","adv-header-id-meta":"","stick-header-meta":"","header-above-stick-meta":"","header-main-stick-meta":"","header-below-stick-meta":"","astra-migrate-meta-layouts":"set","ast-page-background-enabled":"default","ast-page-background-meta":{"desktop":{"background-color":"","background-image":"","background-repeat":"repeat","background-position":"center center","background-size":"auto","background-attachment":"scroll","background-type":"","background-media":"","overlay-type":"","overlay-color":"","overlay-opacity":"","overlay-gradient":""},"tablet":{"background-color":"","background-image":"","background-repeat":"repeat","background-position":"center center","background-size":"auto","background-attachment":"scroll","background-type":"","background-media":"","overlay-type":"","overlay-color":"","overlay-opacity":"","overlay-gradient":""},"mobile":{"background-color":"","background-image":"","background-repeat":"repeat","background-position":"center center","background-size":"auto","background-attachment":"scroll","background-type":"","background-media":"","overlay-type":"","overlay-color":"","overlay-opacity":"","overlay-gradient":""}},"ast-content-background-meta":{"desktop":{"background-color":"var(--ast-global-color-5)","background-image":"","background-repeat":"repeat","background-position":"center center","background-size":"auto","background-attachment":"scroll","background-type":"","background-media":"","overlay-type":"","overlay-color":"","overlay-opacity":"","overlay-gradient":""},"tablet":{"background-color":"var(--ast-global-color-5)","background-image":"","background-repeat":"repeat","background-position":"center center","background-size":"auto","background-attachment":"scroll","background-type":"","background-media":"","overlay-type":"","overlay-color":"","overlay-opacity":"","overlay-gradient":""},"mobile":{"background-color":"var(--ast-global-color-5)","background-image":"","background-repeat":"repeat","background-position":"center center","background-size":"auto","background-attachment":"scroll","background-type":"","background-media":"","overlay-type":"","overlay-color":"","overlay-opacity":"","overlay-gradient":""}},"_joinchat":{"telephone":"+8617776015835"}},"product_brand":[],"product_cat":[71,140,149,150,152,157,58],"product_tag":[414,415,79,416,81,80,77,78,214],"class_list":{"0":"post-2922","1":"product","2":"type-product","3":"status-publish","4":"has-post-thumbnail","6":"product_cat-15000-puff","7":"product_cat-big-puffs-disposable-vapes","8":"product_cat-buy-disposable-vapes-in-austria","9":"product_cat-buy-disposable-vapes-in-belgium","10":"product_cat-buy-disposable-vapes-in-cermany","11":"product_cat-buy-disposable-vapes-in-portugal","12":"product_cat-fumot-vape","13":"product_tag-15k-tornado-vape","14":"product_tag-15k-vape","15":"product_tag-fumot-15k","16":"product_tag-fumot-vape-15000","17":"product_tag-randm-15000","18":"product_tag-randm-15k","19":"product_tag-randm-tornado-15000","20":"product_tag-randm-vape","21":"product_tag-tornado-vape-15000","22":"desktop-align-left","23":"tablet-align-left","24":"mobile-align-left","26":"first","27":"instock","28":"sale","29":"shipping-taxable","30":"purchasable","31":"product-type-simple"},"acf":[],"uagb_featured_image_src":{"full":["https:\/\/vapestornado.com\/wp-content\/uploads\/2024\/12\/RandM-15000-Tornado-Vape-Wholesale.jpg",1182,1182,false],"thumbnail":["https:\/\/vapestornado.com\/wp-content\/uploads\/2024\/12\/RandM-15000-Tornado-Vape-Wholesale-150x150.jpg",150,150,true],"medium":["https:\/\/vapestornado.com\/wp-content\/uploads\/2024\/12\/RandM-15000-Tornado-Vape-Wholesale-300x300.jpg",300,300,true],"medium_large":["https:\/\/vapestornado.com\/wp-content\/uploads\/2024\/12\/RandM-15000-Tornado-Vape-Wholesale-768x768.jpg",768,768,true],"large":["https:\/\/vapestornado.com\/wp-content\/uploads\/2024\/12\/RandM-15000-Tornado-Vape-Wholesale-1024x1024.jpg",1024,1024,true],"1536x1536":["https:\/\/vapestornado.com\/wp-content\/uploads\/2024\/12\/RandM-15000-Tornado-Vape-Wholesale.jpg",1182,1182,false],"2048x2048":["https:\/\/vapestornado.com\/wp-content\/uploads\/2024\/12\/RandM-15000-Tornado-Vape-Wholesale.jpg",1182,1182,false],"trp-custom-language-flag":["https:\/\/vapestornado.com\/wp-content\/uploads\/2024\/12\/RandM-15000-Tornado-Vape-Wholesale.jpg",12,12,false],"woocommerce_thumbnail":["https:\/\/vapestornado.com\/wp-content\/uploads\/2024\/12\/RandM-15000-Tornado-Vape-Wholesale-300x300.jpg",300,300,true],"woocommerce_single":["https:\/\/vapestornado.com\/wp-content\/uploads\/2024\/12\/RandM-15000-Tornado-Vape-Wholesale-600x600.jpg",600,600,true],"woocommerce_gallery_thumbnail":["https:\/\/vapestornado.com\/wp-content\/uploads\/2024\/12\/RandM-15000-Tornado-Vape-Wholesale-100x100.jpg",100,100,true]},"uagb_author_info":{"display_name":"ESAMY","author_link":"https:\/\/vapestornado.com\/lt\/author\/"},"uagb_comment_info":1,"uagb_excerpt":"Best RandM Tornado 15000 Puffs Flavours Lowest Price Fumot RandM 15000 Puffs Disposable Vape Wholesale RandM Tornado 15000 Rechargeable Disposable Vape Bulk Buy Price Add Amy's whatsapp get right reply and vape vape coupon! WhatsApp: +86 17776015835 &nbsp;","_links":{"self":[{"href":"https:\/\/vapestornado.com\/lt\/wp-json\/wp\/v2\/product\/2922","targetHints":{"allow":["GET"]}}],"collection":[{"href":"https:\/\/vapestornado.com\/lt\/wp-json\/wp\/v2\/product"}],"about":[{"href":"https:\/\/vapestornado.com\/lt\/wp-json\/wp\/v2\/types\/product"}],"replies":[{"embeddable":true,"href":"https:\/\/vapestornado.com\/lt\/wp-json\/wp\/v2\/comments?post=2922"}],"wp:featuredmedia":[{"embeddable":true,"href":"https:\/\/vapestornado.com\/lt\/wp-json\/wp\/v2\/media\/2929"}],"wp:attachment":[{"href":"https:\/\/vapestornado.com\/lt\/wp-json\/wp\/v2\/media?parent=2922"}],"wp:term":[{"taxonomy":"product_brand","embeddable":true,"href":"https:\/\/vapestornado.com\/lt\/wp-json\/wp\/v2\/product_brand?post=2922"},{"taxonomy":"product_cat","embeddable":true,"href":"https:\/\/vapestornado.com\/lt\/wp-json\/wp\/v2\/product_cat?post=2922"},{"taxonomy":"product_tag","embeddable":true,"href":"https:\/\/vapestornado.com\/lt\/wp-json\/wp\/v2\/product_tag?post=2922"}],"curies":[{"name":"wp","href":"https:\/\/api.w.org\/{rel}","templated":true}]}}