{"id":2918,"date":"2024-12-19T09:35:14","date_gmt":"2024-12-19T09:35:14","guid":{"rendered":"https:\/\/vapestornado.com\/?post_type=product&#038;p=2918"},"modified":"2025-08-23T12:26:04","modified_gmt":"2025-08-23T12:26:04","slug":"buy-fumot-tornado-25000-touch-screen-vape","status":"publish","type":"product","link":"https:\/\/vapestornado.com\/lt\/product\/buy-fumot-tornado-25000-touch-screen-vape\/","title":{"rendered":"Pirkite Fumot 25000 \u012ftraukim\u0173 jutiklinio ekrano garintuv\u0105"},"content":{"rendered":"<h3>Kas yra RandM Fumot 25000 \u012ftraukim\u0173 vienkartinis garintuvas?<\/h3>\n<p>Fumot 25000 \u012ftraukim\u0173 vienkartinis garintuvas yra revoliucinis garinimo prietaisas, sukurtas ilgam naudojimui ir neprilygstamam patogumui. Sukurtas su tvirta 700 mAh \u012fkraunama baterija ir didele 20 ml e. skys\u010dio talpa, \u0161is garintuvas suteikia iki 25 000 \u012ftraukim\u0173, tod\u0117l tai yra puikus pasirinkimas ilgalaikiam m\u0117gavimuisi be da\u017eno papildymo. Su keliais nikotino stiprumo pasirinkimais (0%, 2%, 3% ir 5%), jis patenkina \u012fvairius vartotoj\u0173 pageidavimus. \u012erengtas C tipo \u012fkraunamas prievadas u\u017etikrina greit\u0105 ir efektyv\u0173 \u012fkrovim\u0105. \u0160is prietaisas taip pat turi interaktyv\u0173 jutiklin\u012f jungikl\u012f, si\u016blant\u012f pa\u017eangius valdiklius, tokius kaip galios reguliavimas, ekrano pa\u017eadinimas ir netgi smagus \u017eaidimo re\u017eimas papildomoms pramogoms. Jo aptakus, ergonomi\u0161kas dizainas ir ry\u0161k\u016bs skoniai i\u0161skiria j\u012f konkurencingoje vienkartini\u0173 garintuv\u0173 rinkoje, suteikdami auk\u0161\u010diausios kokyb\u0117s garinimo patirt\u012f vartotojams, ie\u0161kantiems stiliaus, funkcionalumo ir ilgaam\u017ei\u0161kumo.<\/p>\n<h3><strong>Produkto savyb\u0117s<\/strong><\/h3>\n<ul>\n<li><strong>Didel\u0117 \u012ftraukim\u0173 talpa<\/strong>: Iki 25 000 \u012ftraukim\u0173 ilgalaikiam naudojimui.<\/li>\n<li><strong>\u012ekraunama baterija<\/strong>: 700 mAh baterija su C tipo \u012fkrovimu patogumui.<\/li>\n<li><strong>Interaktyvus jutiklinis jungiklis<\/strong>: Pa\u017eangios funkcijos, tokios kaip galios reguliavimas ir \u017eaidimo re\u017eimas.<\/li>\n<li><strong>Keli nikotino pasirinkimai<\/strong>: Galima \u012fsigyti 0%, 2%, 3% ir 5% nikotino stiprumo.<\/li>\n<li><strong>Skoni\u0173 \u012fvairov\u0117<\/strong>: 24 \u012fdom\u016bs skoniai asmeninei garinimo patir\u010diai<\/li>\n<\/ul>\n<p><img fetchpriority=\"high\" decoding=\"async\" class=\"alignnone size-full wp-image-3269\" src=\"https:\/\/vapestornado.com\/wp-content\/uploads\/2024\/12\/Fumot-Disposable-Vape-25K.png\" alt=\"Fumot vienkartinis garintuvas 25K\" width=\"900\" height=\"348\" srcset=\"https:\/\/vapestornado.com\/wp-content\/uploads\/2024\/12\/Fumot-Disposable-Vape-25K.png 900w, https:\/\/vapestornado.com\/wp-content\/uploads\/2024\/12\/Fumot-Disposable-Vape-25K-300x116.png 300w, https:\/\/vapestornado.com\/wp-content\/uploads\/2024\/12\/Fumot-Disposable-Vape-25K-768x297.png 768w, https:\/\/vapestornado.com\/wp-content\/uploads\/2024\/12\/Fumot-Disposable-Vape-25K-600x232.png 600w\" sizes=\"(max-width: 900px) 100vw, 900px\" \/><img decoding=\"async\" class=\"alignnone size-full wp-image-3270\" src=\"https:\/\/vapestornado.com\/wp-content\/uploads\/2024\/12\/Fumot-Vape-25000-Puffs.png\" alt=\"Fumot garintuvas 25000 \u012ftraukim\u0173\" width=\"900\" height=\"425\" srcset=\"https:\/\/vapestornado.com\/wp-content\/uploads\/2024\/12\/Fumot-Vape-25000-Puffs.png 900w, https:\/\/vapestornado.com\/wp-content\/uploads\/2024\/12\/Fumot-Vape-25000-Puffs-300x142.png 300w, https:\/\/vapestornado.com\/wp-content\/uploads\/2024\/12\/Fumot-Vape-25000-Puffs-768x363.png 768w, https:\/\/vapestornado.com\/wp-content\/uploads\/2024\/12\/Fumot-Vape-25000-Puffs-600x283.png 600w\" sizes=\"(max-width: 900px) 100vw, 900px\" \/><img decoding=\"async\" class=\"alignnone size-full wp-image-3272\" src=\"https:\/\/vapestornado.com\/wp-content\/uploads\/2024\/12\/Fumot-Vapes-25000-Puffs-Near-Me.png\" alt=\"Fumot garintuvai 25000 \u012ftraukim\u0173 \u0161alia man\u0119s\" width=\"900\" height=\"354\" srcset=\"https:\/\/vapestornado.com\/wp-content\/uploads\/2024\/12\/Fumot-Vapes-25000-Puffs-Near-Me.png 900w, https:\/\/vapestornado.com\/wp-content\/uploads\/2024\/12\/Fumot-Vapes-25000-Puffs-Near-Me-300x118.png 300w, https:\/\/vapestornado.com\/wp-content\/uploads\/2024\/12\/Fumot-Vapes-25000-Puffs-Near-Me-768x302.png 768w, https:\/\/vapestornado.com\/wp-content\/uploads\/2024\/12\/Fumot-Vapes-25000-Puffs-Near-Me-600x236.png 600w\" sizes=\"(max-width: 900px) 100vw, 900px\" \/> <img loading=\"lazy\" decoding=\"async\" class=\"alignnone size-full wp-image-3273\" src=\"https:\/\/vapestornado.com\/wp-content\/uploads\/2024\/12\/RandM-Vape-Tornado-25K.png\" alt=\"RandM Vape Tornado 25K\" width=\"900\" height=\"331\" srcset=\"https:\/\/vapestornado.com\/wp-content\/uploads\/2024\/12\/RandM-Vape-Tornado-25K.png 900w, https:\/\/vapestornado.com\/wp-content\/uploads\/2024\/12\/RandM-Vape-Tornado-25K-300x110.png 300w, https:\/\/vapestornado.com\/wp-content\/uploads\/2024\/12\/RandM-Vape-Tornado-25K-768x282.png 768w, https:\/\/vapestornado.com\/wp-content\/uploads\/2024\/12\/RandM-Vape-Tornado-25K-600x221.png 600w\" sizes=\"(max-width: 900px) 100vw, 900px\" \/> <img loading=\"lazy\" decoding=\"async\" class=\"alignnone size-full wp-image-3274\" src=\"https:\/\/vapestornado.com\/wp-content\/uploads\/2024\/12\/Wholesale-Fumot-Vape-25K.png\" alt=\"Didmenin\u0117 prekyba Fumot garintuvais 25K\" width=\"900\" height=\"336\" srcset=\"https:\/\/vapestornado.com\/wp-content\/uploads\/2024\/12\/Wholesale-Fumot-Vape-25K.png 900w, https:\/\/vapestornado.com\/wp-content\/uploads\/2024\/12\/Wholesale-Fumot-Vape-25K-300x112.png 300w, https:\/\/vapestornado.com\/wp-content\/uploads\/2024\/12\/Wholesale-Fumot-Vape-25K-768x287.png 768w, https:\/\/vapestornado.com\/wp-content\/uploads\/2024\/12\/Wholesale-Fumot-Vape-25K-600x224.png 600w\" sizes=\"(max-width: 900px) 100vw, 900px\" \/><\/p>\n<h4><strong>Fumot 25000 \u012ftraukim\u0173 skoni\u0173 s\u0105ra\u0161as:<\/strong><\/h4>\n<ol>\n<li>Banan\u0173 ledai<\/li>\n<li>Bra\u0161ki\u0173 arb\u016bzas<\/li>\n<li>Majamio m\u0117ta<\/li>\n<li>M\u0117lyni\u0173 avie\u010di\u0173<\/li>\n<li>Juodi ledai<\/li>\n<li>Balti guminukai su ledais<\/li>\n<li>Arb\u016bz\u0173 ledas<\/li>\n<li>Sultingas persik\u0173 ledas<\/li>\n<li>Ro\u017einis limonadas<\/li>\n<li>Bra\u0161ki\u0173 mango<\/li>\n<li>Persik\u0173 mang\u0173 arb\u016bzas<\/li>\n<li>Vynuogi\u0173 citrina<\/li>\n<li>Atogr\u0105\u017e\u0173 vaivoryk\u0161t\u0117s sprogimas<\/li>\n<li>Vy\u0161ni\u0173 bomba<\/li>\n<li>Bra\u0161ki\u0173 m\u0117t\u0173 saldainiai<\/li>\n<li>Dvigubas obuolys<\/li>\n<li>M\u0117lyn\u0117s su ledu<\/li>\n<li>Bra\u0161ki\u0173 ledas<\/li>\n<li>Ve\u0161l\u016bs ledai<\/li>\n<li>Ananas\u0173 ledas<\/li>\n<li>Vynuogi\u0173 ledas<\/li>\n<li>Daktaras M\u0117lynasis<\/li>\n<li>Kivi\u0173, pasiflor\u0173 ir gvajav\u0173<\/li>\n<li>Vy\u0161ni\u0173 kola<\/li>\n<\/ol>\n<h3>Fumot 25000 \u012fkv\u0117pim\u0173 5 populiariausi skoniai<\/h3>\n<ol>\n<li><strong>Banan\u0173 ledai<\/strong>: Kreminis bananas su gaiviu mentolio prieskoniu.<\/li>\n<li><strong>Bra\u0161ki\u0173 arb\u016bzas<\/strong>: Sultingas sald\u017ei\u0173 bra\u0161ki\u0173 ir prinokusio arb\u016bzo mi\u0161inys.<\/li>\n<li><strong>Majamio m\u0117ta<\/strong>: Tra\u0161ki ir gaivinanti m\u0117ta v\u0117siam poj\u016b\u010diui.<\/li>\n<li><strong>M\u0117lyni\u0173 avie\u010di\u0173<\/strong>: Sald\u017eios m\u0117lyn\u0117s kartu su a\u0161triomis aviet\u0117mis.<\/li>\n<li><strong>Ro\u017einis limonadas<\/strong>: A\u0161trus citrusas su sald\u017ei\u0173 uog\u0173 u\u017euomina.<\/li>\n<\/ol>\n<h3>Kod\u0117l verta rinktis Fumot 25000 \u012fkv\u0117pim\u0173 vienkartin\u012f garintuv\u0105?<\/h3>\n<ul>\n<li><strong>Neprilygstamas ilgaam\u017ei\u0161kumas<\/strong>: Su 25 000 \u012fkv\u0117pim\u0173 jis tarnauja \u017eymiai ilgiau nei dauguma vienkartini\u0173 garintuv\u0173 rinkoje.<\/li>\n<li><strong>Pritaikoma patirtis<\/strong>: Si\u016blo reguliuojam\u0105 gali\u0105 ir \u012fvairius nikotino lygius, kad atitikt\u0173 j\u016bs\u0173 pageidavimus.<\/li>\n<li><strong>Inovatyvios funkcijos<\/strong>: Interaktyvus jutiklinis jungiklis ir \u017eaidimo re\u017eimas suteikia unikal\u0173, linksm\u0105 aspekt\u0105.<\/li>\n<li><strong>Skan\u016bs pasirinkimai<\/strong>: 24 \u012fvair\u016bs skoniai, patenkinantys kiekvien\u0105 skon\u012f.<\/li>\n<li><strong>Ekologi\u0161kas dizainas<\/strong>: \u012ekraunama baterija suma\u017eina atliek\u0173 kiek\u012f, palyginti su tradiciniais vienkartiniais gaminiais.<\/li>\n<\/ul>\n<h4>Fumot Tornado 25000 didmenin\u0117 prekyba Susisiekite ir gaukite nuolaid\u0105 dabar!<\/h4>\n<figure id=\"attachment_2921\" aria-describedby=\"caption-attachment-2921\" style=\"width: 887px\" class=\"wp-caption alignnone\"><img loading=\"lazy\" decoding=\"async\" class=\"size-large wp-image-2921\" src=\"https:\/\/vapestornado.com\/wp-content\/uploads\/2024\/11\/20062b3a285f900e79520aad496b94d-887x1024.jpg\" alt=\"vapestornado Vicky\" width=\"887\" height=\"1024\" srcset=\"https:\/\/vapestornado.com\/wp-content\/uploads\/2024\/11\/20062b3a285f900e79520aad496b94d-887x1024.jpg 887w, https:\/\/vapestornado.com\/wp-content\/uploads\/2024\/11\/20062b3a285f900e79520aad496b94d-260x300.jpg 260w, https:\/\/vapestornado.com\/wp-content\/uploads\/2024\/11\/20062b3a285f900e79520aad496b94d-768x887.jpg 768w, https:\/\/vapestornado.com\/wp-content\/uploads\/2024\/11\/20062b3a285f900e79520aad496b94d-600x693.jpg 600w, https:\/\/vapestornado.com\/wp-content\/uploads\/2024\/11\/20062b3a285f900e79520aad496b94d.jpg 1080w\" sizes=\"(max-width: 887px) 100vw, 887px\" \/><figcaption id=\"caption-attachment-2921\" class=\"wp-caption-text\">vapestornado Vicky<\/figcaption><\/figure>","protected":false},"excerpt":{"rendered":"<p><strong>RandM Fumot 25000 \u012ftraukim\u0173 vienkartinis garintuvas<\/strong> si\u016blo 25 000 \u012ftraukim\u0173, 700 mAh \u012fkraunam\u0105 baterij\u0105, pritaikomus nustatymus ir 24 skonius, kad garinimas b\u016bt\u0173 auk\u0161\u010diausios kokyb\u0117s.<br \/>\nminimalus u\u017esakymas 50 vnt!<strong><span style=\"color: #ff0000;\">(\u012f m\u016bs\u0173 svetain\u0117s kain\u0105 ne\u012fskai\u010diuotas pristatymo mokestis, susisiekite su manimi, kad gautum\u0117te vis\u0105 kain\u0105 ir savo nuolaid\u0105!)<\/span><\/strong><\/p>\n<p><img loading=\"lazy\" decoding=\"async\" class=\"size-medium wp-image-2921\" src=\"https:\/\/vapestornado.com\/wp-content\/uploads\/2024\/11\/20062b3a285f900e79520aad496b94d-260x300.jpg\" alt=\"vapestornado Vicky\" width=\"260\" height=\"300\" srcset=\"https:\/\/vapestornado.com\/wp-content\/uploads\/2024\/11\/20062b3a285f900e79520aad496b94d-260x300.jpg 260w, https:\/\/vapestornado.com\/wp-content\/uploads\/2024\/11\/20062b3a285f900e79520aad496b94d-887x1024.jpg 887w, https:\/\/vapestornado.com\/wp-content\/uploads\/2024\/11\/20062b3a285f900e79520aad496b94d-768x887.jpg 768w, https:\/\/vapestornado.com\/wp-content\/uploads\/2024\/11\/20062b3a285f900e79520aad496b94d-600x693.jpg 600w, https:\/\/vapestornado.com\/wp-content\/uploads\/2024\/11\/20062b3a285f900e79520aad496b94d.jpg 1080w\" sizes=\"(max-width: 260px) 100vw, 260px\" \/><\/p>","protected":false},"featured_media":3266,"comment_status":"open","ping_status":"closed","template":"","meta":{"_acf_changed":false,"_uag_custom_page_level_css":"","_lmt_disableupdate":"no","_lmt_disable":"","_monsterinsights_skip_tracking":false,"_monsterinsights_sitenote_active":false,"_monsterinsights_sitenote_note":"","_monsterinsights_sitenote_category":0,"site-sidebar-layout":"default","site-content-layout":"","ast-site-content-layout":"default","site-content-style":"default","site-sidebar-style":"default","ast-global-header-display":"","ast-banner-title-visibility":"","ast-main-header-display":"","ast-hfb-above-header-display":"","ast-hfb-below-header-display":"","ast-hfb-mobile-header-display":"","site-post-title":"","ast-breadcrumbs-content":"","ast-featured-img":"","footer-sml-layout":"","ast-disable-related-posts":"","theme-transparent-header-meta":"default","adv-header-id-meta":"","stick-header-meta":"","header-above-stick-meta":"","header-main-stick-meta":"","header-below-stick-meta":"","astra-migrate-meta-layouts":"set","ast-page-background-enabled":"default","ast-page-background-meta":{"desktop":{"background-color":"","background-image":"","background-repeat":"repeat","background-position":"center center","background-size":"auto","background-attachment":"scroll","background-type":"","background-media":"","overlay-type":"","overlay-color":"","overlay-opacity":"","overlay-gradient":""},"tablet":{"background-color":"","background-image":"","background-repeat":"repeat","background-position":"center center","background-size":"auto","background-attachment":"scroll","background-type":"","background-media":"","overlay-type":"","overlay-color":"","overlay-opacity":"","overlay-gradient":""},"mobile":{"background-color":"","background-image":"","background-repeat":"repeat","background-position":"center center","background-size":"auto","background-attachment":"scroll","background-type":"","background-media":"","overlay-type":"","overlay-color":"","overlay-opacity":"","overlay-gradient":""}},"ast-content-background-meta":{"desktop":{"background-color":"var(--ast-global-color-5)","background-image":"","background-repeat":"repeat","background-position":"center center","background-size":"auto","background-attachment":"scroll","background-type":"","background-media":"","overlay-type":"","overlay-color":"","overlay-opacity":"","overlay-gradient":""},"tablet":{"background-color":"var(--ast-global-color-5)","background-image":"","background-repeat":"repeat","background-position":"center center","background-size":"auto","background-attachment":"scroll","background-type":"","background-media":"","overlay-type":"","overlay-color":"","overlay-opacity":"","overlay-gradient":""},"mobile":{"background-color":"var(--ast-global-color-5)","background-image":"","background-repeat":"repeat","background-position":"center center","background-size":"auto","background-attachment":"scroll","background-type":"","background-media":"","overlay-type":"","overlay-color":"","overlay-opacity":"","overlay-gradient":""}},"_joinchat":{"telephone":"+8618077105750"}},"product_brand":[],"product_cat":[68,155,157,142,58,144],"product_tag":[],"class_list":{"0":"post-2918","1":"product","2":"type-product","3":"status-publish","4":"has-post-thumbnail","6":"product_cat-25000-puff","7":"product_cat-buy-disposable-vapes-in-norway","8":"product_cat-buy-disposable-vapes-in-portugal","9":"product_cat-digital-box-disposable-vapes","10":"product_cat-fumot-vape","11":"product_cat-low-nicotine-disposable-vapes","12":"desktop-align-left","13":"tablet-align-left","14":"mobile-align-left","16":"first","17":"instock","18":"sale","19":"shipping-taxable","20":"purchasable","21":"product-type-simple"},"acf":[],"uagb_featured_image_src":{"full":["https:\/\/vapestornado.com\/wp-content\/uploads\/2024\/12\/Buy-RandM-Tornado-25K-Vape.png",900,604,false],"thumbnail":["https:\/\/vapestornado.com\/wp-content\/uploads\/2024\/12\/Buy-RandM-Tornado-25K-Vape-150x150.png",150,150,true],"medium":["https:\/\/vapestornado.com\/wp-content\/uploads\/2024\/12\/Buy-RandM-Tornado-25K-Vape-300x201.png",300,201,true],"medium_large":["https:\/\/vapestornado.com\/wp-content\/uploads\/2024\/12\/Buy-RandM-Tornado-25K-Vape-768x515.png",768,515,true],"large":["https:\/\/vapestornado.com\/wp-content\/uploads\/2024\/12\/Buy-RandM-Tornado-25K-Vape.png",900,604,false],"1536x1536":["https:\/\/vapestornado.com\/wp-content\/uploads\/2024\/12\/Buy-RandM-Tornado-25K-Vape.png",900,604,false],"2048x2048":["https:\/\/vapestornado.com\/wp-content\/uploads\/2024\/12\/Buy-RandM-Tornado-25K-Vape.png",900,604,false],"trp-custom-language-flag":["https:\/\/vapestornado.com\/wp-content\/uploads\/2024\/12\/Buy-RandM-Tornado-25K-Vape.png",18,12,false],"woocommerce_thumbnail":["https:\/\/vapestornado.com\/wp-content\/uploads\/2024\/12\/Buy-RandM-Tornado-25K-Vape-300x300.png",300,300,true],"woocommerce_single":["https:\/\/vapestornado.com\/wp-content\/uploads\/2024\/12\/Buy-RandM-Tornado-25K-Vape-600x403.png",600,403,true],"woocommerce_gallery_thumbnail":["https:\/\/vapestornado.com\/wp-content\/uploads\/2024\/12\/Buy-RandM-Tornado-25K-Vape-100x100.png",100,100,true]},"uagb_author_info":{"display_name":"ESvicky","author_link":"https:\/\/vapestornado.com\/lt\/author\/"},"uagb_comment_info":0,"uagb_excerpt":"RandM Fumot 25000 Puffs Disposable Vape offers 25,000 puffs, a 700mAh rechargeable battery, customizable settings, and 24 flavors for a premium vaping experience. min order 50pcs!(our website price not include shipping cost, please contact me to get whole price and your disccount!)","_links":{"self":[{"href":"https:\/\/vapestornado.com\/lt\/wp-json\/wp\/v2\/product\/2918","targetHints":{"allow":["GET"]}}],"collection":[{"href":"https:\/\/vapestornado.com\/lt\/wp-json\/wp\/v2\/product"}],"about":[{"href":"https:\/\/vapestornado.com\/lt\/wp-json\/wp\/v2\/types\/product"}],"replies":[{"embeddable":true,"href":"https:\/\/vapestornado.com\/lt\/wp-json\/wp\/v2\/comments?post=2918"}],"wp:featuredmedia":[{"embeddable":true,"href":"https:\/\/vapestornado.com\/lt\/wp-json\/wp\/v2\/media\/3266"}],"wp:attachment":[{"href":"https:\/\/vapestornado.com\/lt\/wp-json\/wp\/v2\/media?parent=2918"}],"wp:term":[{"taxonomy":"product_brand","embeddable":true,"href":"https:\/\/vapestornado.com\/lt\/wp-json\/wp\/v2\/product_brand?post=2918"},{"taxonomy":"product_cat","embeddable":true,"href":"https:\/\/vapestornado.com\/lt\/wp-json\/wp\/v2\/product_cat?post=2918"},{"taxonomy":"product_tag","embeddable":true,"href":"https:\/\/vapestornado.com\/lt\/wp-json\/wp\/v2\/product_tag?post=2918"}],"curies":[{"name":"wp","href":"https:\/\/api.w.org\/{rel}","templated":true}]}}