{"id":2784,"date":"2024-11-12T10:04:17","date_gmt":"2024-11-12T10:04:17","guid":{"rendered":"https:\/\/vapestornado.com\/?page_id=2784"},"modified":"2024-11-12T10:04:19","modified_gmt":"2024-11-12T10:04:19","slug":"payment-methods-at-vapestornado","status":"publish","type":"page","link":"https:\/\/vapestornado.com\/lt\/payment-methods-at-vapestornado\/","title":{"rendered":"Atsiskaitymo B\u016bdai vapestornado"},"content":{"rendered":"<p>D\u0117kojame, kad pasirinkote <strong>vapestornado<\/strong>, j\u016bs\u0173 patikim\u0105 internetin\u0119 parduotuv\u0119, kurioje rasite auk\u0161\u010diausios kokyb\u0117s vienkartini\u0173 elektronini\u0173 cigare\u010di\u0173 gamini\u0173. Tur\u0117dami ilgamet\u0119 patirt\u012f \u0161ioje srityje, did\u017eiuojam\u0117s gal\u0117dami pasi\u016blyti plat\u0173 geriausi\u0173 preki\u0173 \u017eenkl\u0173 pasirinkim\u0105 ir si\u0173sti savo produktus \u012f \u012fvairias \u0161alis visame pasaulyje. Esame \u012fsipareigoj\u0119 suteikti jums saugi\u0105, patogi\u0105 ir skland\u017ei\u0105 apsipirkimo patirt\u012f.<\/p>\n\n\n\n<p>Mes priimame \u0161iuos mok\u0117jimo b\u016bdus:<\/p>\n\n\n\n<ol class=\"wp-block-list\">\n<li><strong>PayPal<\/strong>: M\u0117gaukit\u0117s saugiais ir paprastais mok\u0117jimais per PayPal u\u017e savo u\u017esakymus. <em>(Taikomas 21% PVM)<\/em><\/li>\n\n\n\n<li><strong>Kreditin\u0117 kortel\u0117<\/strong>: Mes priimame pagrindines kreditines korteles, u\u017etikrindami be r\u016bpes\u010di\u0173 atsiskaitymo proces\u0105. <em>(Taikomas 21% PVM)<\/em><\/li>\n\n\n\n<li><strong>Banko pavedimas<\/strong>: Tradiciniams mok\u0117jimams galimi banko pavedimai. <em>(Be PVM)<\/em><\/li>\n\n\n\n<li><strong>Kriptovaliuta<\/strong>: Mes si\u016blome atsiskaitymus kriptovaliuta kaip moderni\u0105, \u012f ateit\u012f orientuot\u0105 mok\u0117jimo galimyb\u0119. <em>(Be PVM)<\/em><\/li>\n\n\n\n<li><strong>Wise pavedimas<\/strong>: Naudokite Wise efektyvioms ir ekonomi\u0161koms pervedimo paslaugoms. <em>(Be PVM)<\/em><\/li>\n<\/ol>\n\n\n\n<p>Jei turite koki\u0173 nors konkre\u010di\u0173 mok\u0117jimo klausim\u0173 ar pageidavim\u0173, m\u016bs\u0173 klient\u0173 aptarnavimo komanda visada pasiruo\u0161usi jums pad\u0117ti. Esame \u010dia, kad u\u017etikrintume, jog j\u016bs\u0173 apsipirkimas vapestornado b\u016bt\u0173 sklandus ir saugus!<\/p>\n\n\n\n<p><\/p>","protected":false},"excerpt":{"rendered":"<p>D\u0117kojame, kad pasirinkote \u201evapestornado\u201c \u2013 j\u016bs\u0173 patikim\u0105 internetin\u0119 parduotuv\u0119, prekiaujan\u010di\u0105 auk\u0161\u010diausios kokyb\u0117s vienkartiniais elektroniniais cigare\u010di\u0173 gaminiais. Tur\u0117dami ilgamet\u0119 patirt\u012f \u0161ioje pramon\u0117je, did\u017eiuojam\u0117s gal\u0117dami pasi\u016blyti plat\u0173 geriausi\u0173 preki\u0173 \u017eenkl\u0173 pasirinkim\u0105 ir siun\u010diame savo produktus \u012f \u012fvairias \u0161alis visame pasaulyje. Esame \u012fsipareigoj\u0119 u\u017etikrinti jums saugi\u0105, patogi\u0105 ir skland\u017ei\u0105 apsipirkimo patirt\u012f.<\/p>","protected":false},"author":1,"featured_media":0,"parent":0,"menu_order":0,"comment_status":"closed","ping_status":"closed","template":"","meta":{"_acf_changed":false,"_uag_custom_page_level_css":"","_lmt_disableupdate":"","_lmt_disable":"","_monsterinsights_skip_tracking":false,"_monsterinsights_sitenote_active":false,"_monsterinsights_sitenote_note":"","_monsterinsights_sitenote_category":0,"site-sidebar-layout":"default","site-content-layout":"","ast-site-content-layout":"default","site-content-style":"default","site-sidebar-style":"default","ast-global-header-display":"","ast-banner-title-visibility":"","ast-main-header-display":"","ast-hfb-above-header-display":"","ast-hfb-below-header-display":"","ast-hfb-mobile-header-display":"","site-post-title":"","ast-breadcrumbs-content":"","ast-featured-img":"","footer-sml-layout":"","ast-disable-related-posts":"","theme-transparent-header-meta":"","adv-header-id-meta":"","stick-header-meta":"","header-above-stick-meta":"","header-main-stick-meta":"","header-below-stick-meta":"","astra-migrate-meta-layouts":"set","ast-page-background-enabled":"default","ast-page-background-meta":{"desktop":{"background-color":"","background-image":"","background-repeat":"repeat","background-position":"center center","background-size":"auto","background-attachment":"scroll","background-type":"","background-media":"","overlay-type":"","overlay-color":"","overlay-opacity":"","overlay-gradient":""},"tablet":{"background-color":"","background-image":"","background-repeat":"repeat","background-position":"center center","background-size":"auto","background-attachment":"scroll","background-type":"","background-media":"","overlay-type":"","overlay-color":"","overlay-opacity":"","overlay-gradient":""},"mobile":{"background-color":"","background-image":"","background-repeat":"repeat","background-position":"center center","background-size":"auto","background-attachment":"scroll","background-type":"","background-media":"","overlay-type":"","overlay-color":"","overlay-opacity":"","overlay-gradient":""}},"ast-content-background-meta":{"desktop":{"background-color":"var(--ast-global-color-5)","background-image":"","background-repeat":"repeat","background-position":"center center","background-size":"auto","background-attachment":"scroll","background-type":"","background-media":"","overlay-type":"","overlay-color":"","overlay-opacity":"","overlay-gradient":""},"tablet":{"background-color":"var(--ast-global-color-5)","background-image":"","background-repeat":"repeat","background-position":"center center","background-size":"auto","background-attachment":"scroll","background-type":"","background-media":"","overlay-type":"","overlay-color":"","overlay-opacity":"","overlay-gradient":""},"mobile":{"background-color":"var(--ast-global-color-5)","background-image":"","background-repeat":"repeat","background-position":"center center","background-size":"auto","background-attachment":"scroll","background-type":"","background-media":"","overlay-type":"","overlay-color":"","overlay-opacity":"","overlay-gradient":""}},"_joinchat":[],"footnotes":""},"class_list":["post-2784","page","type-page","status-publish","hentry"],"acf":[],"uagb_featured_image_src":{"full":false,"thumbnail":false,"medium":false,"medium_large":false,"large":false,"1536x1536":false,"2048x2048":false,"trp-custom-language-flag":false,"woocommerce_thumbnail":false,"woocommerce_single":false,"woocommerce_gallery_thumbnail":false},"uagb_author_info":{"display_name":"yannazhan@gmail.com","author_link":"https:\/\/vapestornado.com\/lt\/author\/yannazhangmail-com\/"},"uagb_comment_info":0,"uagb_excerpt":"Thank you for choosing vapestornado, your trusted online store for premium disposable vape products. With years of expertise in the industry, we are proud to offer a wide selection of top brands and ship our products globally to various countries. We are committed to providing you with a secure, convenient, and seamless shopping experience. We&hellip;","_links":{"self":[{"href":"https:\/\/vapestornado.com\/lt\/wp-json\/wp\/v2\/pages\/2784","targetHints":{"allow":["GET"]}}],"collection":[{"href":"https:\/\/vapestornado.com\/lt\/wp-json\/wp\/v2\/pages"}],"about":[{"href":"https:\/\/vapestornado.com\/lt\/wp-json\/wp\/v2\/types\/page"}],"author":[{"embeddable":true,"href":"https:\/\/vapestornado.com\/lt\/wp-json\/wp\/v2\/users\/1"}],"replies":[{"embeddable":true,"href":"https:\/\/vapestornado.com\/lt\/wp-json\/wp\/v2\/comments?post=2784"}],"version-history":[{"count":1,"href":"https:\/\/vapestornado.com\/lt\/wp-json\/wp\/v2\/pages\/2784\/revisions"}],"predecessor-version":[{"id":2785,"href":"https:\/\/vapestornado.com\/lt\/wp-json\/wp\/v2\/pages\/2784\/revisions\/2785"}],"wp:attachment":[{"href":"https:\/\/vapestornado.com\/lt\/wp-json\/wp\/v2\/media?parent=2784"}],"curies":[{"name":"wp","href":"https:\/\/api.w.org\/{rel}","templated":true}]}}