{"id":2778,"date":"2024-11-12T09:59:42","date_gmt":"2024-11-12T09:59:42","guid":{"rendered":"https:\/\/vapestornado.com\/?page_id=2778"},"modified":"2024-11-12T09:59:43","modified_gmt":"2024-11-12T09:59:43","slug":"privacy-policy-for-vapestornado","status":"publish","type":"page","link":"https:\/\/vapestornado.com\/lt\/privacy-policy-for-vapestornado\/","title":{"rendered":"Privatumo politika, taikoma vapestornado"},"content":{"rendered":"<p>\u201evapestornado\u201c svetain\u0117je mums svarbiausia j\u016bs\u0173 asmenin\u0117s informacijos apsauga ir konfidencialumas. \u0160ioje privatumo politikoje paai\u0161kinama, kaip renkame, naudojame ir saugome informacij\u0105, kuri\u0105 pateikiate naudodamiesi m\u016bs\u0173 svetaine vapestornado.com.<\/p>\n\n\n\n<p><strong>Informacijos rinkimas<\/strong><\/p>\n\n\n\n<p>Kai lankot\u0117s m\u016bs\u0173 svetain\u0117je, galime rinkti \u0161i\u0173 tip\u0173 informacij\u0105:<\/p>\n\n\n\n<ul class=\"wp-block-list\">\n<li><strong>Asmenin\u0117 informacija<\/strong>: Tai apima tokius duomenis kaip j\u016bs\u0173 vardas, el. pa\u0161to adresas ir kontaktin\u0117 informacija, kuri\u0105 pateikiate pirkdami arba susisiekdami su mumis.<\/li>\n\n\n\n<li><strong>Nar\u0161ymo ir \u012frenginio informacija<\/strong>: Mes renkame informacij\u0105 apie j\u016bs\u0173 nar\u0161ymo elgsen\u0105 ir \u012frengin\u012f naudodami slapukus ir pana\u0161ias technologijas, kad pagerintume j\u016bs\u0173 patirt\u012f.<\/li>\n\n\n\n<li><strong>Kita informacija<\/strong>: Bet kokia papildoma informacija, kuria savanori\u0161kai dalijat\u0117s su mumis.<\/li>\n<\/ul>\n\n\n\n<p><strong>Informacijos naudojimas<\/strong><\/p>\n\n\n\n<p>Surinkt\u0105 informacij\u0105 naudojame tokiais tikslais:<\/p>\n\n\n\n<ul class=\"wp-block-list\">\n<li><strong>Prane\u0161imai apie u\u017esakymus<\/strong>: Kai pateikiate u\u017esakym\u0105, naudosime j\u016bs\u0173 nurodyt\u0105 el. pa\u0161to adres\u0105, kad si\u0173stume svarbius atnaujinimus, pvz., u\u017esakymo patvirtinimus, prane\u0161imus apie i\u0161siuntim\u0105 ir kitus su u\u017esakymu susijusius prane\u0161imus.<\/li>\n\n\n\n<li><strong>Rinkodaros prane\u0161imai<\/strong>: Pateikdami u\u017esakym\u0105 m\u016bs\u0173 svetain\u0117je, sutinkate periodi\u0161kai gauti rinkodaros el. lai\u0161kus su informacija apie naujus produktus, specialius pasi\u016blymus, akcijas ir renginius. Galite bet kada atsisakyti prenumeratos vadovaudamiesi kiekviename el. lai\u0161ke pateiktomis instrukcijomis.<\/li>\n\n\n\n<li><strong>Bendravimas su klientais<\/strong>: Galime susisiekti su jumis d\u0117l j\u016bs\u0173 u\u017esakym\u0173, u\u017eklaus\u0173 ir reklamini\u0173 atnaujinim\u0173.<\/li>\n\n\n\n<li><strong>Svetain\u0117s tobulinimas<\/strong>: Mes naudojame duomenis, kad patobulintume savo svetain\u0119 ir paslaugas, atsi\u017evelgdami \u012f naudotoj\u0173 atsiliepimus ir s\u0105veikas.<\/li>\n\n\n\n<li><strong>Saugumas ir suk\u010diavimo prevencija<\/strong>: Mes naudojame j\u016bs\u0173 informacij\u0105, kad pad\u0117tume apsaugoti m\u016bs\u0173 svetain\u0119 ir u\u017ekirstume keli\u0105 suk\u010diavimo atvejams.<\/li>\n<\/ul>\n\n\n\n<p><strong>Informacijos dalijimasis<\/strong><\/p>\n\n\n\n<p>Mes neparduodame ir nesidalijame j\u016bs\u0173 asmenine informacija su tre\u010diaisiais asmenimis be j\u016bs\u0173 sutikimo, i\u0161skyrus atvejus, kai tai b\u016btina j\u016bs\u0173 u\u017eklausoms \u012fvykdyti (pvz., dalijantis su siuntimo partneriais) arba kai to reikalauja \u012fstatymai.<\/p>\n\n\n\n<p><strong>Duomen\u0173 saugumas<\/strong><\/p>\n\n\n\n<p>Mes naudojame pramon\u0117s standartus atitinkan\u010dias saugumo priemones, \u012fskaitant \u0161ifravim\u0105, Secure Socket Layer (SSL) technologij\u0105 ir reguliarius saugumo \u012fvertinimus, kad apsaugotume j\u016bs\u0173 asmenin\u0119 informacij\u0105.<\/p>\n\n\n\n<p><strong>J\u016bs\u0173 teis\u0117s<\/strong><\/p>\n\n\n\n<p>J\u016bs turite teis\u0119 bet kuriuo metu pasiekti, atnaujinti arba i\u0161trinti savo asmenin\u0119 informacij\u0105. Taip pat galite atsisakyti rinkodaros prane\u0161im\u0173 spustel\u0117dami nuorod\u0105 \u201eatsisakyti prenumeratos\u201c m\u016bs\u0173 el. lai\u0161kuose.<\/p>\n\n\n\n<p><strong>Politikos atnaujinimai<\/strong><\/p>\n\n\n\n<p>\u0160i privatumo politika gali b\u016bti periodi\u0161kai atnaujinama, kad atspind\u0117t\u0173 m\u016bs\u0173 praktikos ar teisini\u0173 reikalavim\u0173 pakeitimus. Rekomenduojame reguliariai per\u017ei\u016br\u0117ti \u0161i\u0105 politik\u0105.<\/p>\n\n\n\n<p>Naudodamiesi m\u016bs\u0173 svetaine, j\u016bs sutinkate su s\u0105lygomis, nurodytomis \u0161ioje privatumo politikoje. Jei turite klausim\u0173 ar r\u016bpes\u010di\u0173 d\u0117l m\u016bs\u0173 privatumo praktikos, susisiekite su mumis adresu <a>info@vapestornado.com<\/a>.<\/p>\n\n\n\n<p>D\u0117kojame, kad pasirinkote \u201evapestornado\u201c savo vienkartini\u0173 gar\u0173 poreikiams.<\/p>","protected":false},"excerpt":{"rendered":"<p>\u201evapestornado\u201c prioritetas yra j\u016bs\u0173 asmenin\u0117s informacijos apsauga ir konfidencialumas. \u0160i privatumo politika paai\u0161kina, kaip mes renkame, naudojame ir saugome informacij\u0105, kuri\u0105 pateikiate naudodamiesi m\u016bs\u0173 svetaine vapestornado.com. Informacijos rinkimas Kai lankot\u0117s m\u016bs\u0173 svetain\u0117je, mes galime rinkti \u0161i\u0173 tip\u0173 informacij\u0105: Informacijos naudojimas Mes naudojame informacij\u0105, kuri\u0105 renkame [\u2026]<\/p>","protected":false},"author":1,"featured_media":0,"parent":0,"menu_order":0,"comment_status":"closed","ping_status":"closed","template":"","meta":{"_acf_changed":false,"_uag_custom_page_level_css":"","_lmt_disableupdate":"","_lmt_disable":"","_monsterinsights_skip_tracking":false,"_monsterinsights_sitenote_active":false,"_monsterinsights_sitenote_note":"","_monsterinsights_sitenote_category":0,"site-sidebar-layout":"default","site-content-layout":"","ast-site-content-layout":"default","site-content-style":"default","site-sidebar-style":"default","ast-global-header-display":"","ast-banner-title-visibility":"","ast-main-header-display":"","ast-hfb-above-header-display":"","ast-hfb-below-header-display":"","ast-hfb-mobile-header-display":"","site-post-title":"","ast-breadcrumbs-content":"","ast-featured-img":"","footer-sml-layout":"","ast-disable-related-posts":"","theme-transparent-header-meta":"","adv-header-id-meta":"","stick-header-meta":"","header-above-stick-meta":"","header-main-stick-meta":"","header-below-stick-meta":"","astra-migrate-meta-layouts":"set","ast-page-background-enabled":"default","ast-page-background-meta":{"desktop":{"background-color":"","background-image":"","background-repeat":"repeat","background-position":"center center","background-size":"auto","background-attachment":"scroll","background-type":"","background-media":"","overlay-type":"","overlay-color":"","overlay-opacity":"","overlay-gradient":""},"tablet":{"background-color":"","background-image":"","background-repeat":"repeat","background-position":"center center","background-size":"auto","background-attachment":"scroll","background-type":"","background-media":"","overlay-type":"","overlay-color":"","overlay-opacity":"","overlay-gradient":""},"mobile":{"background-color":"","background-image":"","background-repeat":"repeat","background-position":"center center","background-size":"auto","background-attachment":"scroll","background-type":"","background-media":"","overlay-type":"","overlay-color":"","overlay-opacity":"","overlay-gradient":""}},"ast-content-background-meta":{"desktop":{"background-color":"var(--ast-global-color-5)","background-image":"","background-repeat":"repeat","background-position":"center center","background-size":"auto","background-attachment":"scroll","background-type":"","background-media":"","overlay-type":"","overlay-color":"","overlay-opacity":"","overlay-gradient":""},"tablet":{"background-color":"var(--ast-global-color-5)","background-image":"","background-repeat":"repeat","background-position":"center center","background-size":"auto","background-attachment":"scroll","background-type":"","background-media":"","overlay-type":"","overlay-color":"","overlay-opacity":"","overlay-gradient":""},"mobile":{"background-color":"var(--ast-global-color-5)","background-image":"","background-repeat":"repeat","background-position":"center center","background-size":"auto","background-attachment":"scroll","background-type":"","background-media":"","overlay-type":"","overlay-color":"","overlay-opacity":"","overlay-gradient":""}},"_joinchat":[],"footnotes":""},"class_list":["post-2778","page","type-page","status-publish","hentry"],"acf":[],"uagb_featured_image_src":{"full":false,"thumbnail":false,"medium":false,"medium_large":false,"large":false,"1536x1536":false,"2048x2048":false,"trp-custom-language-flag":false,"woocommerce_thumbnail":false,"woocommerce_single":false,"woocommerce_gallery_thumbnail":false},"uagb_author_info":{"display_name":"yannazhan@gmail.com","author_link":"https:\/\/vapestornado.com\/lt\/author\/yannazhangmail-com\/"},"uagb_comment_info":0,"uagb_excerpt":"At vapestornado, we prioritize the protection and confidentiality of your personal information. This Privacy Policy explains how we collect, use, and protect the information you provide while using our website, vapestornado.com. Information Collection When you visit our website, we may collect the following types of information: Use of Information We use the information we collect&hellip;","_links":{"self":[{"href":"https:\/\/vapestornado.com\/lt\/wp-json\/wp\/v2\/pages\/2778","targetHints":{"allow":["GET"]}}],"collection":[{"href":"https:\/\/vapestornado.com\/lt\/wp-json\/wp\/v2\/pages"}],"about":[{"href":"https:\/\/vapestornado.com\/lt\/wp-json\/wp\/v2\/types\/page"}],"author":[{"embeddable":true,"href":"https:\/\/vapestornado.com\/lt\/wp-json\/wp\/v2\/users\/1"}],"replies":[{"embeddable":true,"href":"https:\/\/vapestornado.com\/lt\/wp-json\/wp\/v2\/comments?post=2778"}],"version-history":[{"count":1,"href":"https:\/\/vapestornado.com\/lt\/wp-json\/wp\/v2\/pages\/2778\/revisions"}],"predecessor-version":[{"id":2779,"href":"https:\/\/vapestornado.com\/lt\/wp-json\/wp\/v2\/pages\/2778\/revisions\/2779"}],"wp:attachment":[{"href":"https:\/\/vapestornado.com\/lt\/wp-json\/wp\/v2\/media?parent=2778"}],"curies":[{"name":"wp","href":"https:\/\/api.w.org\/{rel}","templated":true}]}}