{"id":2776,"date":"2024-11-12T09:55:46","date_gmt":"2024-11-12T09:55:46","guid":{"rendered":"https:\/\/vapestornado.com\/?page_id=2776"},"modified":"2024-11-12T09:55:48","modified_gmt":"2024-11-12T09:55:48","slug":"terms-conditions","status":"publish","type":"page","link":"https:\/\/vapestornado.com\/lt\/terms-conditions\/","title":{"rendered":"Taisykl\u0117s ir s\u0105lygos"},"content":{"rendered":"<p>Sveiki atvyk\u0119 \u012f vapestornado! Prisijungdami prie m\u016bs\u0173 svetain\u0117s ir j\u0105 naudodami, sutinkate laikytis \u0161i\u0173 s\u0105lyg\u0173 ir nuostat\u0173 bei taikom\u0173 \u012fstatym\u0173. Jei nesutinkate su \u0161iomis s\u0105lygomis, pra\u0161ome nesinaudoti m\u016bs\u0173 svetaine. Pirkdami m\u016bs\u0173 svetain\u0117je, sutinkate su S\u0105lygomis<\/p>\n\n\n\n<p><strong>Tarptautiniai u\u017esakymai<\/strong><\/p>\n\n\n\n<p>\u201evapestornado\u201c yra \u012fsik\u016brusi Honkonge ir veikia visame pasaulyje. Pirk\u0117jai, apsiperkantys pas mus ir siun\u010diantys \u012f \u0161alis u\u017e Honkongo rib\u0173, bus laikomi tarptautiniais klientais. Prie\u0161 pirkdami \u012fsitikinkite, kad suprantate savo \u0161alies nuostatas d\u0117l garinimo produkt\u0173 tur\u0117jimo, importo, eksporto ir naudojimo. Papildoma politika konkre\u010dioms \u0161alims yra apra\u0161yta m\u016bs\u0173 siuntimo, gr\u0105\u017einimo ir garantijos politikoje.<\/p>\n\n\n\n<p><strong>Autori\u0173 teis\u0117s<\/strong><\/p>\n\n\n\n<p>Visas \u0161ioje svetain\u0117je esantis turinys, \u012fskaitant tekst\u0105, grafik\u0105 ir kod\u0105, yra saugomas autori\u0173 teisi\u0173 kaip kolektyvinis k\u016brinys pagal autori\u0173 teisi\u0173 \u012fstatymus. \u0160is kolektyvinis k\u016brinys apima k\u016brinius, licencijuotus vapestornado. Autori\u0173 teis\u0117s 2022, vapestornado. Visos teis\u0117s saugomos. Galite elektroniniu b\u016bdu kopijuoti ir spausdinti \u0161ios svetain\u0117s dalis tik tam, kad pateiktum\u0117te u\u017esakym\u0105 vapestornado arba \u012fsigytum\u0117te vapestornado produkt\u0173. Bet koks kitas naudojimas, \u012fskaitant svetain\u0117s turinio atk\u016brim\u0105, platinim\u0105, demonstravim\u0105 ar perdavim\u0105, yra grie\u017etai draud\u017eiamas be ai\u0161kaus vapestornado Inc. leidimo.<\/p>\n\n\n\n<p><strong>Preki\u0173 \u017eenklai<\/strong><\/p>\n\n\n\n<p>Visi preki\u0173 \u017eenklai, paslaug\u0173 \u017eenklai ir preki\u0173 pavadinimai, naudojami svetain\u0117je, yra \u201evapestornado\u201c preki\u0173 \u017eenklai arba registruoti preki\u0173 \u017eenklai.<\/p>\n\n\n\n<p><strong>Garantijos atsisakymas<\/strong><\/p>\n\n\n\n<p>M\u016bs\u0173 svetain\u0117 ir pateikta med\u017eiaga bei produktai si\u016blomi \u201etokie, kokie yra\u201c, be joki\u0173 tiesiogini\u0173 ar numanom\u0173 garantij\u0173. \u201evapestornado\u201c atsisako vis\u0173 garantij\u0173, \u012fskaitant tinkamum\u0105 parduoti, tinkamum\u0105 konkre\u010diam tikslui ir teisi\u0173 nepa\u017eeidim\u0105. Negarantuojame, kad svetain\u0117s funkcijos veiks be trikd\u017ei\u0173 ar klaid\u0173 arba kad visi defektai bus i\u0161taisyti. Taip pat negarantuojame svetain\u0117je esan\u010dios med\u017eiagos tikslumo, savalaiki\u0161kumo ar patikimumo.<\/p>\n\n\n\n<p><strong>Atsakomyb\u0117s apribojimas<\/strong><\/p>\n\n\n\n<p>\u201evapestornado\u201c neatsako u\u017e joki\u0105 speciali\u0105 ar pasekmin\u0119 \u017eal\u0105, atsiradusi\u0105 d\u0117l med\u017eiag\u0173 naudojimo \u0161ioje svetain\u0117je ar produkt\u0173 veikimo, net jei buvo \u012fsp\u0117ta apie tokios \u017ealos galimyb\u0119. Kai kuriose jurisdikcijose neleid\u017eiami garantij\u0173 apribojimai arba atsakomyb\u0117s u\u017e pasekmin\u0119 \u017eal\u0105 i\u0161imtys, tod\u0117l \u0161ie apribojimai jums gali b\u016bti netaikomi.<\/p>\n\n\n\n<p><strong>Nutraukimas<\/strong><\/p>\n\n\n\n<p>\u0160ios s\u0105lygos taikomos jums prisijungus prie svetain\u0117s arba atlikus bet kokius registracijos ar pirkimo procesus. vapestornado gali nutraukti \u0161ias s\u0105lygas arba bet kuri\u0105 j\u0173 dal\u012f be \u012fsp\u0117jimo bet kuriuo metu ir d\u0117l bet kokios prie\u017easties. Tam tikros nuostatos, \u012fskaitant autori\u0173 teises, preki\u0173 \u017eenklus, atsakomyb\u0117s apribojim\u0105, atsakomyb\u0117s apribojim\u0105, atlyginim\u0105 u\u017e \u017eal\u0105 ir \u012fvair\u016bs dalykai, galioja po nutraukimo.<\/p>\n\n\n\n<p><strong>Prane\u0161imas<\/strong><\/p>\n\n\n\n<p>\u201evapestornado\u201c gali pateikti jums prane\u0161im\u0105 el. pa\u0161tu, bendr\u0105 prane\u0161im\u0105 svetain\u0117je arba kitais patikimais b\u016bdais, naudodama j\u016bs\u0173 pateikt\u0105 kontaktin\u0119 informacij\u0105.<\/p>\n\n\n\n<p><strong>\u012evair\u016bs<\/strong><\/p>\n\n\n\n<p>J\u016bs\u0173 naudojim\u0105si \u0161ia svetaine reglamentuoja Honkongo \u012fstatymai, neatsi\u017evelgiant \u012f \u012fstatym\u0173 pasirinkimo nuostatas. Bet kokie teisiniai procesai, susij\u0119 su \u0161ia svetaine, vyksta Honkongo teismuose. Bet kokios pretenzijos, susijusios su \u0161ia svetaine, turi b\u016bti pateiktos per vienerius metus nuo pretenzijos atsiradimo. \u201evapestornado\u201c ne\u012fvykdymas bet kurios \u0161i\u0173 s\u0105lyg\u0173 nuostatos neatleid\u017eia nuo joki\u0173 teisi\u0173. \u201evapestornado\u201c gali perleisti savo teises ir pareigas pagal \u0161i\u0105 Sutart\u012f be \u012fsp\u0117jimo.<\/p>\n\n\n\n<p><strong>Naudojimasis svetaine<\/strong><\/p>\n\n\n\n<p>Bet koks priekabiavimas svetain\u0117je yra draud\u017eiamas. J\u016bs negalite \u012fkelti nepriimtino turinio arba si\u016blyti kitiems komercini\u0173 paslaug\u0173. \u201evapestornado\u201c pasilieka teis\u0119 savo nuo\u017ei\u016bra blokuoti arba pa\u0161alinti netinkam\u0105 turin\u012f.<\/p>\n\n\n\n<p><strong>Atsisakymas d\u0117l dalyvavimo<\/strong><\/p>\n\n\n\n<p>\u201evapestornado\u201c neatsako u\u017e vartotoj\u0173 sukurt\u0105 turin\u012f svetain\u0117je. Mes veikiame kaip platinimo kanalas ir pasiliekame teis\u0119 pa\u0161alinti bet koki\u0105 nepriimtin\u0105 med\u017eiag\u0105.<\/p>\n\n\n\n<p><strong>Produkt\u0173 naudojimas<\/strong><\/p>\n\n\n\n<p>vapestornado neteikia joki\u0173 pretenzij\u0173 d\u0117l m\u016bs\u0173 produkt\u0173 veiksmingumo bet kokiam konkre\u010diam naudojimui. \u012esigydami m\u016bs\u0173 produktus, sutinkate juos naudoti savo rizika. Nikotino produktai skirti tik suaugusiems. Prie\u0161 naudodami nikotino produktus, pasitarkite su gydytoju.<\/p>\n\n\n\n<p><strong>Atsakomyb\u0117s atlyginimas<\/strong><\/p>\n\n\n\n<p>J\u016bs sutinkate atlyginti vapestornado ir jos paslaug\u0173 teik\u0117jams nuostolius, i\u0161laidas, su\u017ealojimus, \u017eal\u0105 ir i\u0161laidas, atsirandan\u010dias d\u0117l bet kokio \u0161i\u0173 s\u0105lyg\u0173 pa\u017eeidimo ar veiklos, susijusios su j\u016bs\u0173 paskyra.<\/p>\n\n\n\n<p><strong>Tre\u010di\u0173j\u0173 \u0161ali\u0173 nuorodos<\/strong><\/p>\n\n\n\n<p>vapestornado gali pateikti nuorodas \u012f tre\u010di\u0173j\u0173 \u0161ali\u0173 svetaines lankytoj\u0173 patogumui. Mes nekontroliuojame \u0161i\u0173 svetaini\u0173 ir nesame atsakingi u\u017e j\u0173 praktik\u0105.<\/p>\n\n\n\n<p><strong>Atsisakymas d\u0117l produkt\u0173<\/strong><\/p>\n\n\n\n<p>Tam tikriems produktams gali b\u016bti taikomi special\u016bs atsisakymai d\u0117l tinkamumo keitimui ar gr\u0105\u017einimui. Prie\u0161 pirkdami perskaitykite visus produkt\u0173 atsisakymus. Sutikdami su m\u016bs\u0173 taisykl\u0117mis ir s\u0105lygomis kasoje, patvirtinate, kad perskait\u0117te ir supratote visus produkt\u0173 atsisakymus.<\/p>\n\n\n\n<p>D\u0117kojame, kad pasirinkote vapestornado!<\/p>","protected":false},"excerpt":{"rendered":"<p>Welcome to vapestornado! By accessing and using our website, you agree to comply with the following terms and conditions, along with applicable laws. If you do not agree with these terms, please do not use our site. By making a purchase on our website, you agree to the Terms &amp; Conditions below, as well as [&hellip;]<\/p>","protected":false},"author":1,"featured_media":0,"parent":0,"menu_order":0,"comment_status":"closed","ping_status":"closed","template":"","meta":{"_acf_changed":false,"_uag_custom_page_level_css":"","_lmt_disableupdate":"","_lmt_disable":"","_monsterinsights_skip_tracking":false,"_monsterinsights_sitenote_active":false,"_monsterinsights_sitenote_note":"","_monsterinsights_sitenote_category":0,"site-sidebar-layout":"default","site-content-layout":"","ast-site-content-layout":"default","site-content-style":"default","site-sidebar-style":"default","ast-global-header-display":"","ast-banner-title-visibility":"","ast-main-header-display":"","ast-hfb-above-header-display":"","ast-hfb-below-header-display":"","ast-hfb-mobile-header-display":"","site-post-title":"","ast-breadcrumbs-content":"","ast-featured-img":"","footer-sml-layout":"","ast-disable-related-posts":"","theme-transparent-header-meta":"","adv-header-id-meta":"","stick-header-meta":"","header-above-stick-meta":"","header-main-stick-meta":"","header-below-stick-meta":"","astra-migrate-meta-layouts":"set","ast-page-background-enabled":"default","ast-page-background-meta":{"desktop":{"background-color":"","background-image":"","background-repeat":"repeat","background-position":"center center","background-size":"auto","background-attachment":"scroll","background-type":"","background-media":"","overlay-type":"","overlay-color":"","overlay-opacity":"","overlay-gradient":""},"tablet":{"background-color":"","background-image":"","background-repeat":"repeat","background-position":"center center","background-size":"auto","background-attachment":"scroll","background-type":"","background-media":"","overlay-type":"","overlay-color":"","overlay-opacity":"","overlay-gradient":""},"mobile":{"background-color":"","background-image":"","background-repeat":"repeat","background-position":"center center","background-size":"auto","background-attachment":"scroll","background-type":"","background-media":"","overlay-type":"","overlay-color":"","overlay-opacity":"","overlay-gradient":""}},"ast-content-background-meta":{"desktop":{"background-color":"var(--ast-global-color-5)","background-image":"","background-repeat":"repeat","background-position":"center center","background-size":"auto","background-attachment":"scroll","background-type":"","background-media":"","overlay-type":"","overlay-color":"","overlay-opacity":"","overlay-gradient":""},"tablet":{"background-color":"var(--ast-global-color-5)","background-image":"","background-repeat":"repeat","background-position":"center center","background-size":"auto","background-attachment":"scroll","background-type":"","background-media":"","overlay-type":"","overlay-color":"","overlay-opacity":"","overlay-gradient":""},"mobile":{"background-color":"var(--ast-global-color-5)","background-image":"","background-repeat":"repeat","background-position":"center center","background-size":"auto","background-attachment":"scroll","background-type":"","background-media":"","overlay-type":"","overlay-color":"","overlay-opacity":"","overlay-gradient":""}},"_joinchat":[],"footnotes":""},"class_list":["post-2776","page","type-page","status-publish","hentry"],"acf":[],"uagb_featured_image_src":{"full":false,"thumbnail":false,"medium":false,"medium_large":false,"large":false,"1536x1536":false,"2048x2048":false,"trp-custom-language-flag":false,"woocommerce_thumbnail":false,"woocommerce_single":false,"woocommerce_gallery_thumbnail":false},"uagb_author_info":{"display_name":"yannazhan@gmail.com","author_link":"https:\/\/vapestornado.com\/lt\/author\/yannazhangmail-com\/"},"uagb_comment_info":0,"uagb_excerpt":"Welcome to vapestornado! By accessing and using our website, you agree to comply with the following terms and conditions, along with applicable laws. If you do not agree with these terms, please do not use our site. By making a purchase on our website, you agree to the Terms &amp; Conditions below, as well as&hellip;","_links":{"self":[{"href":"https:\/\/vapestornado.com\/lt\/wp-json\/wp\/v2\/pages\/2776","targetHints":{"allow":["GET"]}}],"collection":[{"href":"https:\/\/vapestornado.com\/lt\/wp-json\/wp\/v2\/pages"}],"about":[{"href":"https:\/\/vapestornado.com\/lt\/wp-json\/wp\/v2\/types\/page"}],"author":[{"embeddable":true,"href":"https:\/\/vapestornado.com\/lt\/wp-json\/wp\/v2\/users\/1"}],"replies":[{"embeddable":true,"href":"https:\/\/vapestornado.com\/lt\/wp-json\/wp\/v2\/comments?post=2776"}],"version-history":[{"count":1,"href":"https:\/\/vapestornado.com\/lt\/wp-json\/wp\/v2\/pages\/2776\/revisions"}],"predecessor-version":[{"id":2777,"href":"https:\/\/vapestornado.com\/lt\/wp-json\/wp\/v2\/pages\/2776\/revisions\/2777"}],"wp:attachment":[{"href":"https:\/\/vapestornado.com\/lt\/wp-json\/wp\/v2\/media?parent=2776"}],"curies":[{"name":"wp","href":"https:\/\/api.w.org\/{rel}","templated":true}]}}