{"id":2772,"date":"2024-11-12T09:48:42","date_gmt":"2024-11-12T09:48:42","guid":{"rendered":"https:\/\/vapestornado.com\/?page_id=2772"},"modified":"2024-11-12T09:52:13","modified_gmt":"2024-11-12T09:52:13","slug":"vapestornado-shipping-policy","status":"publish","type":"page","link":"https:\/\/vapestornado.com\/lt\/vapestornado-shipping-policy\/","title":{"rendered":"vapestornado Siuntimo Politika"},"content":{"rendered":"<ol class=\"wp-block-list\">\n<li><strong>Apdorojimo ir pristatymo laikas:<\/strong><br>U\u017esakymai apdorojami ir i\u0161siun\u010diami per 1\u20133 darbo dienas. Pristatymo laikas paprastai svyruoja nuo 7 iki 15 darbo dien\u0173. Atkreipkite d\u0117mes\u012f, kad savaitgaliais nesiun\u010diame.<\/li>\n\n\n\n<li><strong>Sekimo informacija:<\/strong><br>Kai j\u016bs\u0173 u\u017esakymas bus i\u0161si\u0173stas, gausite el. lai\u0161k\u0105 su sekimo informacija. Steb\u0117kite savo siunt\u0105 naudodami pateikt\u0105 sekimo numer\u012f adresu <a href=\"https:\/\/www.17track.net\/en\" target=\"_blank\" rel=\"noopener\">https:\/\/www.17track.net\/en<\/a>. Pra\u0161ome leisti 1\u20132 dienas po i\u0161siuntimo, kad pasirodyt\u0173 sekimo atnaujinimai.<\/li>\n\n\n\n<li><strong>U\u017esakymo at\u0161aukimas arba adreso keitimas:<\/strong><br>Galite at\u0161aukti arba atnaujinti pristatymo adres\u0105 bet kuriuo metu, kol j\u016bs\u0173 u\u017esakymas bus i\u0161si\u0173stas. Ta\u010diau, kai jis bus i\u0161si\u0173stas, negal\u0117sime apdoroti gr\u0105\u017einim\u0173 ar adreso pakeitim\u0173.<\/li>\n\n\n\n<li><strong>Pristatymas su apmok\u0117tu muito mokes\u010diu (DDP):<\/strong><br>Kai kurioms \u0161alims si\u016blome DDP pristatym\u0105, o tai rei\u0161kia, kad jums nereik\u0117s tvarkyti muitin\u0117s formalum\u0173 ar mok\u0117ti muit\u0173.<ul><li><strong>Lietuva<\/strong> \u2013 UPS Express (i\u0161skyrus Aliask\u0105 ir Havajus)<\/li><li><strong>UK<\/strong> \u2013 Vietinis DPD Express<\/li><li><strong>Europa<\/strong> \u2013 UPS Express \/ DPD Express \/ DHL Express<\/li><\/ul><strong>\u0160alys, kurioms taikomas DDP Europoje<\/strong> yra: Vokietija, Belgija, Liuksemburgas, Nyderlandai, \u010cekija, Lenkija, Kroatija, Slovakija, Slov\u0117nija, Suomija, Danija, \u0160vedija, Austrija, Pranc\u016bzija, Italija, Vengrija, Bulgarija, Lietuva, Estija, Latvija, Graikija, Airija, Portugalija ir Ispanija.<\/li>\n\n\n\n<li><strong>Atkreipkite d\u0117mes\u012f:<\/strong> Siuntoms \u012f Suomij\u0105, \u0160vedij\u0105, Danij\u0105, Norvegij\u0105, Islandij\u0105, \u0160veicarij\u0105 ir Serbij\u0105 yra antrinio muitin\u0117s patikrinimo rizika. Jei prekes konfiskuos vietos muitin\u0117 patikrinimo metu, muitin\u0117s formalum\u0173 draudimas nuostoli\u0173 nepadengs.<\/li>\n<\/ol>\n\n\n\n<p>D\u0117kojame, kad pasirinkote \u201evapestornado\u201c savo garinimo poreikiams!<\/p>\n\n\n\n<hr class=\"wp-block-separator has-alpha-channel-opacity\"\/>\n\n\n\n<p><strong>Puff pristatymo laikas konkre\u010dioms \u0161alims<\/strong><\/p>\n\n\n\n<figure class=\"wp-block-table\"><table class=\"has-fixed-layout\"><thead><tr><th>\u0160alis<\/th><th>Pristatymo b\u016bdas<\/th><th>Pristatymo laikas<\/th><\/tr><\/thead><tbody><tr><td>Lietuva<\/td><td>Vietinis UPS ant\u017eeminis transportas<\/td><td>10-15 dien\u0173<\/td><\/tr><tr><td>UK<\/td><td>Vietinis DPD Express<\/td><td>7-12 dien\u0173<\/td><\/tr><tr><td>Vokietija<\/td><td>UPS\/DPD\/DHL<\/td><td>8-13 dien\u0173<\/td><\/tr><tr><td>Pranc\u016bzija<\/td><td>UPS\/DPD\/DHL<\/td><td>8-13 dien\u0173<\/td><\/tr><tr><td>Belgija<\/td><td>UPS\/DPD\/DHL<\/td><td>8-13 dien\u0173<\/td><\/tr><tr><td>Liuksemburgas<\/td><td>UPS\/DPD\/DHL<\/td><td>8-13 dien\u0173<\/td><\/tr><tr><td>Nyderlandai<\/td><td>UPS\/DPD\/DHL<\/td><td>8-13 dien\u0173<\/td><\/tr><tr><td>\u010cekijos Respublika<\/td><td>UPS\/DPD\/DHL<\/td><td>8-13 dien\u0173<\/td><\/tr><tr><td>Lenkija<\/td><td>UPS\/DPD\/DHL<\/td><td>8-13 dien\u0173<\/td><\/tr><tr><td>Kroatija<\/td><td>UPS\/DPD\/DHL<\/td><td>8-13 dien\u0173<\/td><\/tr><tr><td>Slovakija<\/td><td>UPS\/DPD\/DHL<\/td><td>8-13 dien\u0173<\/td><\/tr><tr><td>Slov\u0117nija<\/td><td>UPS\/DPD\/DHL<\/td><td>8-13 dien\u0173<\/td><\/tr><tr><td>Suomija<\/td><td>UPS\/DPD\/DHL<\/td><td>8-13 dien\u0173<\/td><\/tr><tr><td>Danija<\/td><td>UPS\/DPD\/DHL<\/td><td>8-13 dien\u0173<\/td><\/tr><tr><td>\u0160vedija<\/td><td>UPS\/DPD\/DHL<\/td><td>8-13 dien\u0173<\/td><\/tr><tr><td>Austrija<\/td><td>UPS\/DPD\/DHL<\/td><td>8-13 dien\u0173<\/td><\/tr><tr><td>Italija<\/td><td>UPS\/DPD\/DHL<\/td><td>8-13 dien\u0173<\/td><\/tr><tr><td>Vengrija<\/td><td>UPS\/DPD\/DHL<\/td><td>8-13 dien\u0173<\/td><\/tr><tr><td>Lietuva<\/td><td>UPS\/DPD\/DHL<\/td><td>8-13 dien\u0173<\/td><\/tr><tr><td>Estija<\/td><td>UPS\/DPD\/DHL<\/td><td>8-13 dien\u0173<\/td><\/tr><tr><td>Latvija<\/td><td>UPS\/DPD\/DHL<\/td><td>8-13 dien\u0173<\/td><\/tr><tr><td>Graikija<\/td><td>UPS\/DPD\/DHL<\/td><td>8-13 dien\u0173<\/td><\/tr><tr><td>Airija<\/td><td>UPS\/DPD\/DHL<\/td><td>8-13 dien\u0173<\/td><\/tr><tr><td>Portugalija<\/td><td>UPS\/DPD\/DHL<\/td><td>8-13 dien\u0173<\/td><\/tr><tr><td>Ispanija<\/td><td>UPS\/DPD\/DHL<\/td><td>8-13 dien\u0173<\/td><\/tr><tr><td>JAE (Dubajus)<\/td><td>Skirta linija Dubajui<\/td><td>12-18 dien\u0173<\/td><\/tr><tr><td>Piet\u0173 Afrika<\/td><td>Skirta linija Piet\u0173 Afrikai<\/td><td>15-25 dienos<\/td><\/tr><tr><td>Vietnamas<\/td><td>Skirta linija Vietnamui<\/td><td>3-5 dienos<\/td><\/tr><tr><td>Vakar\u0173 Malaizija<\/td><td>Skirta linija Malaizijai<\/td><td>4-8 dienos<\/td><\/tr><\/tbody><\/table><\/figure>\n\n\n\n<p><\/p>","protected":false},"excerpt":{"rendered":"<p>D\u0117kojame, kad pasirinkote \u201evapestornado\u201c savo garinimo poreikiams! \u201ePuff\u201c pristatymo laikas konkre\u010dioms \u0161alims \u0160alis Pristatymo b\u016bdas Pristatymo laikas Lietuva Vietinis UPS ant\u017eeminis pristatymas 10-15 dien\u0173 JK Vietinis DPD Express 7-12 dien\u0173 Vokietija UPS\/DPD\/DHL 8-13 dien\u0173 Pranc\u016bzija UPS\/DPD\/DHL 8-13 dien\u0173 Belgija UPS\/DPD\/DHL 8-13 dien\u0173 Liuksemburgas UPS\/DPD\/DHL 8-13 dien\u0173 Nyderlandai UPS\/DPD\/DHL 8-13 dien\u0173 \u010cekija UPS\/DPD\/DHL [\u2026]<\/p>","protected":false},"author":1,"featured_media":0,"parent":0,"menu_order":0,"comment_status":"closed","ping_status":"closed","template":"","meta":{"_acf_changed":false,"_uag_custom_page_level_css":"","_lmt_disableupdate":"","_lmt_disable":"","_monsterinsights_skip_tracking":false,"_monsterinsights_sitenote_active":false,"_monsterinsights_sitenote_note":"","_monsterinsights_sitenote_category":0,"site-sidebar-layout":"default","site-content-layout":"","ast-site-content-layout":"default","site-content-style":"default","site-sidebar-style":"default","ast-global-header-display":"","ast-banner-title-visibility":"","ast-main-header-display":"","ast-hfb-above-header-display":"","ast-hfb-below-header-display":"","ast-hfb-mobile-header-display":"","site-post-title":"","ast-breadcrumbs-content":"","ast-featured-img":"","footer-sml-layout":"","ast-disable-related-posts":"","theme-transparent-header-meta":"","adv-header-id-meta":"","stick-header-meta":"","header-above-stick-meta":"","header-main-stick-meta":"","header-below-stick-meta":"","astra-migrate-meta-layouts":"set","ast-page-background-enabled":"default","ast-page-background-meta":{"desktop":{"background-color":"","background-image":"","background-repeat":"repeat","background-position":"center center","background-size":"auto","background-attachment":"scroll","background-type":"","background-media":"","overlay-type":"","overlay-color":"","overlay-opacity":"","overlay-gradient":""},"tablet":{"background-color":"","background-image":"","background-repeat":"repeat","background-position":"center center","background-size":"auto","background-attachment":"scroll","background-type":"","background-media":"","overlay-type":"","overlay-color":"","overlay-opacity":"","overlay-gradient":""},"mobile":{"background-color":"","background-image":"","background-repeat":"repeat","background-position":"center center","background-size":"auto","background-attachment":"scroll","background-type":"","background-media":"","overlay-type":"","overlay-color":"","overlay-opacity":"","overlay-gradient":""}},"ast-content-background-meta":{"desktop":{"background-color":"var(--ast-global-color-5)","background-image":"","background-repeat":"repeat","background-position":"center center","background-size":"auto","background-attachment":"scroll","background-type":"","background-media":"","overlay-type":"","overlay-color":"","overlay-opacity":"","overlay-gradient":""},"tablet":{"background-color":"var(--ast-global-color-5)","background-image":"","background-repeat":"repeat","background-position":"center center","background-size":"auto","background-attachment":"scroll","background-type":"","background-media":"","overlay-type":"","overlay-color":"","overlay-opacity":"","overlay-gradient":""},"mobile":{"background-color":"var(--ast-global-color-5)","background-image":"","background-repeat":"repeat","background-position":"center center","background-size":"auto","background-attachment":"scroll","background-type":"","background-media":"","overlay-type":"","overlay-color":"","overlay-opacity":"","overlay-gradient":""}},"_joinchat":[],"footnotes":""},"class_list":["post-2772","page","type-page","status-publish","hentry"],"acf":[],"uagb_featured_image_src":{"full":false,"thumbnail":false,"medium":false,"medium_large":false,"large":false,"1536x1536":false,"2048x2048":false,"trp-custom-language-flag":false,"woocommerce_thumbnail":false,"woocommerce_single":false,"woocommerce_gallery_thumbnail":false},"uagb_author_info":{"display_name":"yannazhan@gmail.com","author_link":"https:\/\/vapestornado.com\/lt\/author\/yannazhangmail-com\/"},"uagb_comment_info":0,"uagb_excerpt":"Thank you for choosing vapestornado for your vaping needs! Puff Shipping Times for Specific Countries Country Shipping Method Shipping Time USA Local UPS Ground 10-15 Days UK Local DPD Express 7-12 Days Germany UPS\/DPD\/DHL 8-13 Days France UPS\/DPD\/DHL 8-13 Days Belgium UPS\/DPD\/DHL 8-13 Days Luxembourg UPS\/DPD\/DHL 8-13 Days Netherlands UPS\/DPD\/DHL 8-13 Days Czech Republic UPS\/DPD\/DHL&hellip;","_links":{"self":[{"href":"https:\/\/vapestornado.com\/lt\/wp-json\/wp\/v2\/pages\/2772","targetHints":{"allow":["GET"]}}],"collection":[{"href":"https:\/\/vapestornado.com\/lt\/wp-json\/wp\/v2\/pages"}],"about":[{"href":"https:\/\/vapestornado.com\/lt\/wp-json\/wp\/v2\/types\/page"}],"author":[{"embeddable":true,"href":"https:\/\/vapestornado.com\/lt\/wp-json\/wp\/v2\/users\/1"}],"replies":[{"embeddable":true,"href":"https:\/\/vapestornado.com\/lt\/wp-json\/wp\/v2\/comments?post=2772"}],"version-history":[{"count":3,"href":"https:\/\/vapestornado.com\/lt\/wp-json\/wp\/v2\/pages\/2772\/revisions"}],"predecessor-version":[{"id":2775,"href":"https:\/\/vapestornado.com\/lt\/wp-json\/wp\/v2\/pages\/2772\/revisions\/2775"}],"wp:attachment":[{"href":"https:\/\/vapestornado.com\/lt\/wp-json\/wp\/v2\/media?parent=2772"}],"curies":[{"name":"wp","href":"https:\/\/api.w.org\/{rel}","templated":true}]}}