{"id":2769,"date":"2024-11-12T09:44:18","date_gmt":"2024-11-12T09:44:18","guid":{"rendered":"https:\/\/vapestornado.com\/?page_id=2769"},"modified":"2024-11-12T09:45:01","modified_gmt":"2024-11-12T09:45:01","slug":"refund-policy","status":"publish","type":"page","link":"https:\/\/vapestornado.com\/lt\/refund-policy\/","title":{"rendered":"Gr\u0105\u017einimo politika"},"content":{"rendered":"<p>D\u0117kojame, kad perkate i\u0161 vapestornado. Atid\u017eiai per\u017ei\u016br\u0117kite m\u016bs\u0173 pinig\u0173 gr\u0105\u017einimo politik\u0105:<\/p>\n\n\n\n<p><strong>Pinig\u0173 gr\u0105\u017einimo u\u017eklausos per 24 valandas:<\/strong><br>Galite pateikti pinig\u0173 gr\u0105\u017einimo u\u017eklaus\u0105 per 24 valandas nuo u\u017esakymo pateikimo. Nedelsdami susisiekite su mumis, kad gautum\u0117te vis\u0105 pinig\u0173 gr\u0105\u017einim\u0105.<\/p>\n\n\n\n<p><strong>Pinig\u0173 gr\u0105\u017einimo u\u017eklausos po 24 valand\u0173:<\/strong><br>Jei u\u017esakymai pateikti daugiau nei prie\u0161 24 valandas, viso pinig\u0173 gr\u0105\u017einimo gali b\u016bti ne\u012fmanoma, nes u\u017esakymai paprastai ruo\u0161iami muitinei. Tokiais atvejais galime gr\u0105\u017einti dal\u012f sumos iki 50% u\u017esakymo sumos d\u0117l pakuot\u0117s at\u0161aukimo i\u0161laid\u0173.<\/p>\n\n\n\n<p><strong>Pinigai negr\u0105\u017einami po i\u0161siuntimo:<\/strong><br>Kai j\u016bs\u0173 paketas bus i\u0161si\u0173stas ir i\u0161duotas sekimo numeris, nebegal\u0117site atgauti pinig\u0173.<\/p>\n\n\n\n<p><strong>Draudimo ir muitin\u0117s klausimai:<\/strong><br>Visi paketai yra apdrausti. Jei j\u016bs\u0173 paket\u0105 sulaiko muitin\u0117 ir jis nebus i\u0161leistas, gr\u0105\u017einsime vis\u0105 sum\u0105.<\/p>\n\n\n\n<p><strong>Neteisingas adresas arba pristatymo problemos:<\/strong><br>Jei paketo nepavyksta pristatyti d\u0117l neteisingo adreso ar kit\u0173 su klientu susijusi\u0173 problem\u0173, klientas yra atsakingas u\u017e pakartotinio i\u0161siuntimo i\u0161laidas.<\/p>\n\n\n\n<p>Jei turite klausim\u0173 ar r\u016bpes\u010di\u0173 d\u0117l m\u016bs\u0173 pinig\u0173 gr\u0105\u017einimo politikos, susisiekite su m\u016bs\u0173 klient\u0173 aptarnavimo komanda adresu vapestornado.<\/p>\n\n\n\n<p><\/p>","protected":false},"excerpt":{"rendered":"<p>D\u0117kojame, kad perkate i\u0161 vapestornado. Atid\u017eiai per\u017ei\u016br\u0117kite m\u016bs\u0173 pinig\u0173 gr\u0105\u017einimo politik\u0105: Pinig\u0173 gr\u0105\u017einimo u\u017eklausos per 24 valandas: Galite pateikti pinig\u0173 gr\u0105\u017einimo u\u017eklaus\u0105 per 24 valandas nuo u\u017esakymo pateikimo. Nedelsdami susisiekite su mumis, kad gautum\u0117te vis\u0105 pinig\u0173 gr\u0105\u017einim\u0105. Pinig\u0173 gr\u0105\u017einimo u\u017eklausos po 24 valand\u0173: Jei u\u017esakymai pateikti daugiau nei prie\u0161 24 valandas, viso pinig\u0173 gr\u0105\u017einimo gali b\u016bti ne\u012fmanoma [\u2026]<\/p>","protected":false},"author":1,"featured_media":0,"parent":0,"menu_order":0,"comment_status":"closed","ping_status":"closed","template":"","meta":{"_acf_changed":false,"_uag_custom_page_level_css":"","_lmt_disableupdate":"","_lmt_disable":"","_monsterinsights_skip_tracking":false,"_monsterinsights_sitenote_active":false,"_monsterinsights_sitenote_note":"","_monsterinsights_sitenote_category":0,"site-sidebar-layout":"default","site-content-layout":"","ast-site-content-layout":"default","site-content-style":"default","site-sidebar-style":"default","ast-global-header-display":"","ast-banner-title-visibility":"","ast-main-header-display":"","ast-hfb-above-header-display":"","ast-hfb-below-header-display":"","ast-hfb-mobile-header-display":"","site-post-title":"","ast-breadcrumbs-content":"","ast-featured-img":"","footer-sml-layout":"","ast-disable-related-posts":"","theme-transparent-header-meta":"","adv-header-id-meta":"","stick-header-meta":"","header-above-stick-meta":"","header-main-stick-meta":"","header-below-stick-meta":"","astra-migrate-meta-layouts":"set","ast-page-background-enabled":"default","ast-page-background-meta":{"desktop":{"background-color":"","background-image":"","background-repeat":"repeat","background-position":"center center","background-size":"auto","background-attachment":"scroll","background-type":"","background-media":"","overlay-type":"","overlay-color":"","overlay-opacity":"","overlay-gradient":""},"tablet":{"background-color":"","background-image":"","background-repeat":"repeat","background-position":"center center","background-size":"auto","background-attachment":"scroll","background-type":"","background-media":"","overlay-type":"","overlay-color":"","overlay-opacity":"","overlay-gradient":""},"mobile":{"background-color":"","background-image":"","background-repeat":"repeat","background-position":"center center","background-size":"auto","background-attachment":"scroll","background-type":"","background-media":"","overlay-type":"","overlay-color":"","overlay-opacity":"","overlay-gradient":""}},"ast-content-background-meta":{"desktop":{"background-color":"var(--ast-global-color-5)","background-image":"","background-repeat":"repeat","background-position":"center center","background-size":"auto","background-attachment":"scroll","background-type":"","background-media":"","overlay-type":"","overlay-color":"","overlay-opacity":"","overlay-gradient":""},"tablet":{"background-color":"var(--ast-global-color-5)","background-image":"","background-repeat":"repeat","background-position":"center center","background-size":"auto","background-attachment":"scroll","background-type":"","background-media":"","overlay-type":"","overlay-color":"","overlay-opacity":"","overlay-gradient":""},"mobile":{"background-color":"var(--ast-global-color-5)","background-image":"","background-repeat":"repeat","background-position":"center center","background-size":"auto","background-attachment":"scroll","background-type":"","background-media":"","overlay-type":"","overlay-color":"","overlay-opacity":"","overlay-gradient":""}},"_joinchat":[],"footnotes":""},"class_list":["post-2769","page","type-page","status-publish","hentry"],"acf":[],"uagb_featured_image_src":{"full":false,"thumbnail":false,"medium":false,"medium_large":false,"large":false,"1536x1536":false,"2048x2048":false,"trp-custom-language-flag":false,"woocommerce_thumbnail":false,"woocommerce_single":false,"woocommerce_gallery_thumbnail":false},"uagb_author_info":{"display_name":"yannazhan@gmail.com","author_link":"https:\/\/vapestornado.com\/lt\/author\/yannazhangmail-com\/"},"uagb_comment_info":0,"uagb_excerpt":"Thank you for shopping with vapestornado. Please review our refund policy carefully: Refund Requests Within 24 Hours:You may request a refund within 24 hours of placing your order. Contact us promptly to receive a full refund. Refund Requests After 24 Hours:For orders placed more than 24 hours ago, a full refund may not be possible&hellip;","_links":{"self":[{"href":"https:\/\/vapestornado.com\/lt\/wp-json\/wp\/v2\/pages\/2769","targetHints":{"allow":["GET"]}}],"collection":[{"href":"https:\/\/vapestornado.com\/lt\/wp-json\/wp\/v2\/pages"}],"about":[{"href":"https:\/\/vapestornado.com\/lt\/wp-json\/wp\/v2\/types\/page"}],"author":[{"embeddable":true,"href":"https:\/\/vapestornado.com\/lt\/wp-json\/wp\/v2\/users\/1"}],"replies":[{"embeddable":true,"href":"https:\/\/vapestornado.com\/lt\/wp-json\/wp\/v2\/comments?post=2769"}],"version-history":[{"count":2,"href":"https:\/\/vapestornado.com\/lt\/wp-json\/wp\/v2\/pages\/2769\/revisions"}],"predecessor-version":[{"id":2771,"href":"https:\/\/vapestornado.com\/lt\/wp-json\/wp\/v2\/pages\/2769\/revisions\/2771"}],"wp:attachment":[{"href":"https:\/\/vapestornado.com\/lt\/wp-json\/wp\/v2\/media?parent=2769"}],"curies":[{"name":"wp","href":"https:\/\/api.w.org\/{rel}","templated":true}]}}