{"id":4858,"date":"2026-02-04T08:09:21","date_gmt":"2026-02-04T08:09:21","guid":{"rendered":"https:\/\/vapestornado.com\/?post_type=product&#038;p=4858"},"modified":"2026-02-04T08:17:33","modified_gmt":"2026-02-04T08:17:33","slug":"bang-box-160k-puff-160000-new-long-lasting-disposable-vaper-4-in-1-flavor","status":"publish","type":"product","link":"https:\/\/vapestornado.com\/it\/product\/bang-box-160k-puff-160000-new-long-lasting-disposable-vaper-4-in-1-flavor\/","title":{"rendered":"BANG BOX 160k Puff 160000 Nuovo Vaper usa e getta a lunga durata 4 in 1 Gusto"},"content":{"rendered":"<h1 data-start=\"0\" data-end=\"87\">BANG BOX 160k Puff 160000 Nuovo Vaper usa e getta a lunga durata 4 in 1 Gusto<\/h1>\n<p data-start=\"246\" data-end=\"609\">La <strong data-start=\"250\" data-end=\"267\">BANG BOX 160k<\/strong> pensato per acquirenti che vogliono scalabilit\u00e0, velocit\u00e0 e un chiaro valore. Con un <strong data-start=\"340\" data-end=\"364\">BANG BOX 160000 puff<\/strong> output reale, questo <strong data-start=\"378\" data-end=\"392\">vaper 160k<\/strong> utilizza un sistema di e-juice 4\u00d720ml e una coil a maglia stabile per mantenere il sapore costante dalla prima tirata all'ultima. \u00c8 un <strong data-start=\"511\" data-end=\"543\">Vape usa e getta a lunga durata<\/strong> progettato per scaffali ad alta rotazione in qualsiasi <strong data-start=\"586\" data-end=\"608\">negozio di sigarette elettroniche<\/strong>.<\/p>\n<p data-start=\"611\" data-end=\"1063\">Un display digitale mostra lo stato dell'olio e della batteria in tempo reale, riducendo errori e problemi post-vendita. La <strong data-start=\"720\" data-end=\"758\">Batteria ricaricabile Type-C da 650 mAh<\/strong> \u00e8 abbinata al volume di liquido, cos\u00ec gli utenti terminano l'olio senza perdita di potenza. La <strong data-start=\"840\" data-end=\"868\">design a cambio di gusto 4 in 1 regolabile<\/strong> consente ai clienti di cambiare profilo su richiesta, rendendo questo un vero <strong data-start=\"937\" data-end=\"970\">Vape a cambio di gusto<\/strong> che stimola acquisti ripetuti\u2014mantenendo allo stesso tempo un <strong data-start=\"1016\" data-end=\"1036\">prezzi bassi per lo svapo<\/strong> vantaggio per i grossisti.<\/p>\n<p data-start=\"1065\" data-end=\"1271\">Questo modello \u00e8 rivolto a utenti quotidiani di et\u00e0 compresa tra 25 e 35 anni che si preoccupano di prestazioni, chiarezza e scelta. Se stai cercando un dispositivo usa e getta ad alta capacit\u00e0 che si venda rapidamente e restituisca meno, il <strong data-start=\"1240\" data-end=\"1257\">BANG BOX 160k<\/strong> si adatta al lavoro.<\/p>\n<p data-start=\"1273\" data-end=\"1375\">\u00a0<strong data-start=\"1299\" data-end=\"1375\">Contattaci ora per prezzi all'ingrosso BANG BOX 160k .<\/strong><\/p>\n<p><strong><span style=\"color: #ff0000;\">Aggiungi il whatsapp di Amy per ottenere subito una risposta e un coupon per il vape!<\/span><\/strong><\/p>\n<p><img fetchpriority=\"high\" decoding=\"async\" class=\"size-full wp-image-2932\" src=\"https:\/\/vapestornado.com\/wp-content\/uploads\/2024\/12\/Vape-Wholesale.jpg\" alt=\"Vape all&#039;ingrosso\" width=\"229\" height=\"300\" \/><\/p>\n<h3><a href=\"https:\/\/wa.me\/8617776015835\" target=\"_blank\" rel=\"noopener\"><span style=\"color: #ff0000;\"><strong>WhatsApp: +86 17776015835<\/strong><\/span><\/a><\/h3>\n<h2><strong>Caratteristiche principali del prodotto BANG BOX 160k Puff<\/strong><\/h2>\n<ul>\n<li data-start=\"1429\" data-end=\"1531\">\n<p data-start=\"1431\" data-end=\"1531\"><strong data-start=\"1431\" data-end=\"1455\">Output di 160000 Puff:<\/strong> Struttura ad alta capacit\u00e0 supporta cicli lunghi e forte fidelizzazione dei clienti al dettaglio.<\/p>\n<\/li>\n<li data-start=\"1532\" data-end=\"1626\">\n<p data-start=\"1534\" data-end=\"1626\"><strong data-start=\"1534\" data-end=\"1560\">Sistema di E-juice 4\u00d720ml:<\/strong> Grande volume di liquido mantiene la profondit\u00e0 del sapore durante un uso prolungato.<\/p>\n<\/li>\n<li data-start=\"1627\" data-end=\"1697\">\n<p data-start=\"1629\" data-end=\"1697\"><strong data-start=\"1629\" data-end=\"1643\">Resistenza a rete:<\/strong> Riscaldamento uniforme garantisce vapore pulito e gusto stabile.<\/p>\n<\/li>\n<li data-start=\"1698\" data-end=\"1774\">\n<p data-start=\"1700\" data-end=\"1774\"><strong data-start=\"1700\" data-end=\"1720\">Display digitale:<\/strong> Indicatori di olio e batteria chiari riducono gli errori dell'utente.<\/p>\n<\/li>\n<li data-start=\"1775\" data-end=\"1870\">\n<p data-start=\"1777\" data-end=\"1870\"><strong data-start=\"1777\" data-end=\"1808\">Ricaricabile da 650mAh con Type-C:<\/strong> Sistema di alimentazione progettato per terminare il liquido, non per fallire presto.<\/p>\n<\/li>\n<li data-start=\"1871\" data-end=\"1957\">\n<p data-start=\"1873\" data-end=\"1957\"><strong data-start=\"1873\" data-end=\"1902\">Gusto regolabile 4-in-1:<\/strong> Cambio semplice aumenta l'uso quotidiano e l'attrattiva sugli scaffali.<\/p>\n<\/li>\n<\/ul>\n<h2 class=\"product-title\"><strong>Elenco dei gusti di BANG BOX 160k Puff<\/strong><\/h2>\n<h2 data-start=\"1964\" data-end=\"2014\"><\/h2>\n<ol data-start=\"2016\" data-end=\"2780\">\n<li data-start=\"2016\" data-end=\"2093\">\n<p data-start=\"2019\" data-end=\"2093\">Lemon Lime \/ Watermelon Ice \/ Black Ice Dragonfruit Strawberry \/ Love 66<\/p>\n<\/li>\n<li data-start=\"2094\" data-end=\"2171\">\n<p data-start=\"2097\" data-end=\"2171\">Vaniglia Cola \/ Limone Pesca \/ Fragola Ribes Ciliegia Ice \/ Uva Ice<\/p>\n<\/li>\n<li data-start=\"2172\" data-end=\"2240\">\n<p data-start=\"2175\" data-end=\"2240\">Uva Ice \/ Litchi Ice \/ Pesca Bacca \/ Kiwi Frutto della Passione Guava<\/p>\n<\/li>\n<li data-start=\"2241\" data-end=\"2310\">\n<p data-start=\"2244\" data-end=\"2310\">Watermelon Ice \/ Mango Fragola \/ Mirtillo Ice \/ Ciliegia Frizzante<\/p>\n<\/li>\n<li data-start=\"2311\" data-end=\"2389\">\n<p data-start=\"2314\" data-end=\"2389\">Fragola Watermelon \/ Red Bull \/ Pesca Succosa Ice \/ Rinfrescante di Pompelmo<\/p>\n<\/li>\n<li data-start=\"2390\" data-end=\"2459\">\n<p data-start=\"2393\" data-end=\"2459\">Lemon Lime \/ Fragola Ghiaccio \/ Lampone Anguria \/ Mango Pesca<\/p>\n<\/li>\n<li data-start=\"2460\" data-end=\"2537\">\n<p data-start=\"2463\" data-end=\"2537\">Mango Aspro Ananas \/ Cola Limone Soda \/ Pesca Frutti di Bosco \/ Fragola Banana<\/p>\n<\/li>\n<li data-start=\"2538\" data-end=\"2619\">\n<p data-start=\"2541\" data-end=\"2619\">Fragola Mango \/ Cola Vaniglia Fragola \/ Razz Blue Ghiaccio \/ Kiwi Fragola<\/p>\n<\/li>\n<li data-start=\"2620\" data-end=\"2699\">\n<p data-start=\"2623\" data-end=\"2699\">Ciliegia Cranberry \/ Triplo Frutti di Bosco \/ Pitaya Fragola \/ Gomme da Masticare Anguria<\/p>\n<\/li>\n<li data-start=\"2700\" data-end=\"2780\">\n<p data-start=\"2704\" data-end=\"2780\">Fragola Anguria \/ Pink Lemonade \/ Triplo Melone \/ Drago Nero Ghiaccio<\/p>\n<\/li>\n<\/ol>\n<figure id=\"attachment_4853\" aria-describedby=\"caption-attachment-4853\" style=\"width: 300px\" class=\"wp-caption alignnone\"><img decoding=\"async\" class=\"size-medium wp-image-4853\" src=\"https:\/\/vapestornado.com\/wp-content\/uploads\/2026\/02\/Bang-Box-160K-Puffs-4-Flavor-Disposable-Vape-Wholesale-300x300.png\" alt=\"Bang Box 160K Puff 4 Gusti Vape usa e getta all&#039;ingrosso\" width=\"300\" height=\"300\" srcset=\"https:\/\/vapestornado.com\/wp-content\/uploads\/2026\/02\/Bang-Box-160K-Puffs-4-Flavor-Disposable-Vape-Wholesale-300x300.png 300w, https:\/\/vapestornado.com\/wp-content\/uploads\/2026\/02\/Bang-Box-160K-Puffs-4-Flavor-Disposable-Vape-Wholesale-150x150.png 150w, https:\/\/vapestornado.com\/wp-content\/uploads\/2026\/02\/Bang-Box-160K-Puffs-4-Flavor-Disposable-Vape-Wholesale-768x768.png 768w, https:\/\/vapestornado.com\/wp-content\/uploads\/2026\/02\/Bang-Box-160K-Puffs-4-Flavor-Disposable-Vape-Wholesale-12x12.png 12w, https:\/\/vapestornado.com\/wp-content\/uploads\/2026\/02\/Bang-Box-160K-Puffs-4-Flavor-Disposable-Vape-Wholesale-600x600.png 600w, https:\/\/vapestornado.com\/wp-content\/uploads\/2026\/02\/Bang-Box-160K-Puffs-4-Flavor-Disposable-Vape-Wholesale-100x100.png 100w, https:\/\/vapestornado.com\/wp-content\/uploads\/2026\/02\/Bang-Box-160K-Puffs-4-Flavor-Disposable-Vape-Wholesale.png 800w\" sizes=\"(max-width: 300px) 100vw, 300px\" \/><figcaption id=\"caption-attachment-4853\" class=\"wp-caption-text\">Bang Box 160K Puff 4 Gusti Vape usa e getta all'ingrosso<\/figcaption><\/figure>\n<figure id=\"attachment_4854\" aria-describedby=\"caption-attachment-4854\" style=\"width: 300px\" class=\"wp-caption alignnone\"><img decoding=\"async\" class=\"size-medium wp-image-4854\" src=\"https:\/\/vapestornado.com\/wp-content\/uploads\/2026\/02\/Bang-Box-160K-Puffs-4-in-1-Disposable-Vape-Packing-300x300.png\" alt=\"Bang Box 160K Puff 4 in 1 Confezione Vape usa e getta\" width=\"300\" height=\"300\" srcset=\"https:\/\/vapestornado.com\/wp-content\/uploads\/2026\/02\/Bang-Box-160K-Puffs-4-in-1-Disposable-Vape-Packing-300x300.png 300w, https:\/\/vapestornado.com\/wp-content\/uploads\/2026\/02\/Bang-Box-160K-Puffs-4-in-1-Disposable-Vape-Packing-150x150.png 150w, https:\/\/vapestornado.com\/wp-content\/uploads\/2026\/02\/Bang-Box-160K-Puffs-4-in-1-Disposable-Vape-Packing-768x768.png 768w, https:\/\/vapestornado.com\/wp-content\/uploads\/2026\/02\/Bang-Box-160K-Puffs-4-in-1-Disposable-Vape-Packing-12x12.png 12w, https:\/\/vapestornado.com\/wp-content\/uploads\/2026\/02\/Bang-Box-160K-Puffs-4-in-1-Disposable-Vape-Packing-600x600.png 600w, https:\/\/vapestornado.com\/wp-content\/uploads\/2026\/02\/Bang-Box-160K-Puffs-4-in-1-Disposable-Vape-Packing-100x100.png 100w, https:\/\/vapestornado.com\/wp-content\/uploads\/2026\/02\/Bang-Box-160K-Puffs-4-in-1-Disposable-Vape-Packing.png 800w\" sizes=\"(max-width: 300px) 100vw, 300px\" \/><figcaption id=\"caption-attachment-4854\" class=\"wp-caption-text\">Bang Box 160K Puff 4 in 1 Confezione Vape usa e getta<\/figcaption><\/figure>\n<h2 data-start=\"2787\" data-end=\"2826\">Perch\u00e9 i grossisti scelgono BANG BOX 160k<\/h2>\n<ul data-start=\"2828\" data-end=\"3057\">\n<li data-start=\"2828\" data-end=\"2882\">\n<p data-start=\"2830\" data-end=\"2882\">Meno sostituzioni grazie al design a lunga durata reale<\/p>\n<\/li>\n<li data-start=\"2883\" data-end=\"2940\">\n<p data-start=\"2885\" data-end=\"2940\">Conversione superiore con cambio di gusto in un solo dispositivo<\/p>\n<\/li>\n<li data-start=\"2941\" data-end=\"3002\">\n<p data-start=\"2943\" data-end=\"3002\">Rischio post-vendita pi\u00f9 basso grazie ai livelli visibili di olio e batteria<\/p>\n<\/li>\n<li data-start=\"3003\" data-end=\"3057\">\n<p data-start=\"3005\" data-end=\"3057\">Sostegno forte ai margini con un costo unitario competitivo<\/p>\n<\/li>\n<\/ul>\n<div class=\"flex-shrink-0 flex flex-col relative items-end\">\n<div class=\"pt-0\">\n<div class=\"gizmo-bot-avatar flex h-8 w-8 items-center justify-center overflow-hidden rounded-full\">\n<div class=\"relative p-1 rounded-sm flex items-center justify-center bg-token-main-surface-primary text-token-text-primary h-8 w-8\">\n<h2 data-start=\"1200\" data-end=\"1487\">Vapes Tornado \u2013 Il tuo negozio all'ingrosso online di vaporizzatori popolari<\/h2>\n<p data-start=\"72\" data-end=\"396\"><strong data-start=\"72\" data-end=\"89\">Vape Tornado<\/strong> \u00e8 un negozio all'ingrosso online di vaporizzatori con focus sull'Europa che fornisce una gamma accuratamente selezionata di <strong data-start=\"178\" data-end=\"195\">vaporizzatori popolari<\/strong> per acquirenti professionisti. Collaboriamo con rivenditori, distributori e negozi online in tutta l'UE che necessitano di fornitura stabile, informazioni chiare sui prodotti e marchi che i clienti gi\u00e0 riconoscono e di cui si fidano.<\/p>\n<p data-start=\"398\" data-end=\"687\">Lavoriamo con nomi affidabili come <strong data-start=\"247\" data-end=\"352\"><a href=\"https:\/\/vapestornado.com\/it\/product\/randm-12000-puffs-fumot-digital-disposable-vape-wholesale-price\/\">Fumot VAPE<\/a>, <a href=\"https:\/\/vapestornado.com\/it\/product\/original-wga-ultra-35k-35000-puff-rechargeable-crystal-disposable-nicotine-vape-best-discount-price\/\">WGA VAPE<\/a>, <a href=\"https:\/\/vapestornado.com\/it\/product\/vozol-gear-shisha-25k-25000-puffs-best-dtl-disposable-vape-hookah-cheap-price\/\">VOZOL BAR VAPE<\/a>, <\/strong><strong data-start=\"247\" data-end=\"352\">Elf Bar Vape, WASPE Vape, <a href=\"https:\/\/vapestornado.com\/it\/product\/uzy-150k-puffs-6-in-1-flavor-switch-disposable-vape-pen-wholesale\/\">Vaporizzatore UZY<\/a>, Bang Vape, Razz Bar Vape, e Stag Bar Vape<\/strong>, scelti per qualit\u00e0 costante e forte domanda nel mercato europeo.<\/p>\n<h4 data-start=\"1080\" data-end=\"1120\">Realizzato per Rivenditori di Vaping in Italia<\/h4>\n<p data-start=\"1121\" data-end=\"1189\">Vapes Tornado \u00e8 strutturato attorno alle vere esigenze dei grossisti dell'UE:<\/p>\n<ul data-start=\"1190\" data-end=\"1400\">\n<li data-start=\"1190\" data-end=\"1239\">\n<p data-start=\"1192\" data-end=\"1239\">Prezzi all'ingrosso competitivi per ordini all'ingrosso<\/p>\n<\/li>\n<li data-start=\"1240\" data-end=\"1289\">\n<p data-start=\"1242\" data-end=\"1289\">Descrizioni e specifiche chiare del prodotto<\/p>\n<\/li>\n<li data-start=\"1290\" data-end=\"1330\">\n<p data-start=\"1292\" data-end=\"1330\">Logistica rapida e affidabile orientata all'UE<\/p>\n<\/li>\n<li data-start=\"1331\" data-end=\"1400\">\n<p data-start=\"1333\" data-end=\"1400\">Un catalogo focalizzato su <strong data-start=\"1356\" data-end=\"1373\">vaporizzatori popolari<\/strong>, non su SKU sovraccarichi<\/p>\n<\/li>\n<\/ul>\n<h2 data-start=\"2064\" data-end=\"2115\">Domande frequenti su BANG BOX 160k Vape usa e getta<\/h2>\n<p data-start=\"3105\" data-end=\"3252\"><strong data-start=\"3105\" data-end=\"3163\">1. Il BANG BOX 160k \u00e8 adatto per ordini all'ingrosso?<\/strong><br data-start=\"3163\" data-end=\"3166\" \/>S\u00ec, \u00e8 progettato per distribuzione in grandi quantit\u00e0 con prestazioni stabili e bassi tassi di reso.<\/p>\n<p data-start=\"3254\" data-end=\"3377\"><strong data-start=\"3254\" data-end=\"3300\">2. Come funziona il sistema di 4 gusti in 1?<\/strong><br data-start=\"3300\" data-end=\"3303\" \/>Gli utenti possono passare tra quattro gusti preimpostati in un solo dispositivo senza mescolare.<\/p>\n<p data-start=\"3379\" data-end=\"3502\"><strong data-start=\"3379\" data-end=\"3441\">3. Il modello BANG BOX 160000 puff supporta la ricarica?<\/strong><br data-start=\"3441\" data-end=\"3444\" \/>S\u00ec, include una <strong data-start=\"3463\" data-end=\"3501\">Batteria ricaricabile Type-C da 650 mAh<\/strong>.<\/p>\n<p data-start=\"3504\" data-end=\"3637\"><strong data-start=\"3504\" data-end=\"3558\">4. Cosa rende questo un vape usa e getta di lunga durata?<\/strong><br data-start=\"3558\" data-end=\"3561\" \/>La batteria abbinata, il grande volume di e-juice e la coil a mesh prolungano la vita utile.<\/p>\n<p data-start=\"3639\" data-end=\"3787\"><strong data-start=\"3639\" data-end=\"3707\">5. Questo prodotto \u00e8 adatto per un negozio di sigarette elettroniche in Europa?<\/strong><br data-start=\"3707\" data-end=\"3710\" \/>S\u00ec, il suo display chiaro, alta capacit\u00e0 e gamma di aromi soddisfano la domanda al dettaglio dell'UE.<\/p>\n<\/div>\n<\/div>\n<\/div>\n<\/div>","protected":false},"excerpt":{"rendered":"<div class=\"flex max-w-full flex-col grow\">\n<div class=\"min-h-8 text-message relative flex w-full flex-col items-end gap-2 text-start break-words whitespace-normal [.text-message+&amp;]:mt-1\" dir=\"auto\" data-message-author-role=\"assistant\" data-message-id=\"2a9d6edf-5b3a-41c0-afc9-caef2e4c2c3b\" data-message-model-slug=\"gpt-5-2\">\n<div class=\"flex w-full flex-col gap-1 empty:hidden first:pt-[1px]\">\n<div class=\"markdown prose dark:prose-invert w-full break-words light markdown-new-styling\">\n<p data-start=\"4300\" data-end=\"4384\">BANG BOX 160K Vape usa e getta 160000 Puff 4-in-1 Cambio di gusto<br \/>\nBANG BOX 160000 Puff Vaper usa e getta a lunga durata per vendita all'ingrosso<br \/>\nBANG BOX 160K Cambio di gusto Vape usa e getta a prezzo economico fornitura UE<\/p>\n<\/div>\n<\/div>\n<\/div>\n<\/div>\n<p><strong>Aggiungi il whatsapp di Amy per ottenere la risposta giusta e il prezzo scontato!<\/strong><\/p>\n<p><img fetchpriority=\"high\" decoding=\"async\" class=\"size-full wp-image-2932\" src=\"https:\/\/vapestornado.com\/wp-content\/uploads\/2024\/12\/Vape-Wholesale.jpg\" alt=\"Vape all&#039;ingrosso\" width=\"229\" height=\"300\" \/><\/p>\n<h3><a href=\"https:\/\/wa.me\/8617776015835\"><span style=\"color: #ff0000;\"><strong>WhatsApp: +86 17776015835<\/strong><\/span><\/a><\/h3>","protected":false},"featured_media":4857,"comment_status":"open","ping_status":"closed","template":"","meta":{"_acf_changed":false,"_uag_custom_page_level_css":"","_lmt_disableupdate":"no","_lmt_disable":"","_monsterinsights_skip_tracking":false,"_monsterinsights_sitenote_active":false,"_monsterinsights_sitenote_note":"","_monsterinsights_sitenote_category":0,"site-sidebar-layout":"default","site-content-layout":"","ast-site-content-layout":"default","site-content-style":"default","site-sidebar-style":"default","ast-global-header-display":"","ast-banner-title-visibility":"","ast-main-header-display":"","ast-hfb-above-header-display":"","ast-hfb-below-header-display":"","ast-hfb-mobile-header-display":"","site-post-title":"","ast-breadcrumbs-content":"","ast-featured-img":"","footer-sml-layout":"","ast-disable-related-posts":"","theme-transparent-header-meta":"default","adv-header-id-meta":"","stick-header-meta":"","header-above-stick-meta":"","header-main-stick-meta":"","header-below-stick-meta":"","astra-migrate-meta-layouts":"set","ast-page-background-enabled":"default","ast-page-background-meta":{"desktop":{"background-color":"","background-image":"","background-repeat":"repeat","background-position":"center center","background-size":"auto","background-attachment":"scroll","background-type":"","background-media":"","overlay-type":"","overlay-color":"","overlay-opacity":"","overlay-gradient":""},"tablet":{"background-color":"","background-image":"","background-repeat":"repeat","background-position":"center center","background-size":"auto","background-attachment":"scroll","background-type":"","background-media":"","overlay-type":"","overlay-color":"","overlay-opacity":"","overlay-gradient":""},"mobile":{"background-color":"","background-image":"","background-repeat":"repeat","background-position":"center center","background-size":"auto","background-attachment":"scroll","background-type":"","background-media":"","overlay-type":"","overlay-color":"","overlay-opacity":"","overlay-gradient":""}},"ast-content-background-meta":{"desktop":{"background-color":"var(--ast-global-color-5)","background-image":"","background-repeat":"repeat","background-position":"center center","background-size":"auto","background-attachment":"scroll","background-type":"","background-media":"","overlay-type":"","overlay-color":"","overlay-opacity":"","overlay-gradient":""},"tablet":{"background-color":"var(--ast-global-color-5)","background-image":"","background-repeat":"repeat","background-position":"center center","background-size":"auto","background-attachment":"scroll","background-type":"","background-media":"","overlay-type":"","overlay-color":"","overlay-opacity":"","overlay-gradient":""},"mobile":{"background-color":"var(--ast-global-color-5)","background-image":"","background-repeat":"repeat","background-position":"center center","background-size":"auto","background-attachment":"scroll","background-type":"","background-media":"","overlay-type":"","overlay-color":"","overlay-opacity":"","overlay-gradient":""}},"_joinchat":[]},"product_brand":[],"product_cat":[64,152,153,154,156,158,141,492,357,144,146],"product_tag":[576,575,578,426,579,549,580,577],"class_list":{"0":"post-4858","1":"product","2":"type-product","3":"status-publish","4":"has-post-thumbnail","6":"product_cat-bangbox-vape","7":"product_cat-buy-disposable-vapes-in-cermany","8":"product_cat-buy-disposable-vapes-in-italy","9":"product_cat-buy-disposable-vapes-in-netherlands","10":"product_cat-buy-disposable-vapes-in-poland","11":"product_cat-buy-disposable-vapes-in-spain","12":"product_cat-crystal-disposable-vapes","13":"product_cat-eu-warehouse","14":"product_cat-flavor-adjustable-vape","15":"product_cat-low-nicotine-disposable-vapes","16":"product_cat-rechargeable-disposable-vapes","17":"product_tag-bang-box-160000-puff","18":"product_tag-bang-box-160k","19":"product_tag-e-cigarettes-store","20":"product_tag-flavor-switch-disposable-vape","21":"product_tag-long-lasting-disposable-vape","22":"product_tag-vape-cheap-price","23":"product_tag-vape-wholesale-spain","24":"product_tag-vaper-160k","25":"desktop-align-left","26":"tablet-align-left","27":"mobile-align-left","29":"first","30":"instock","31":"sale","32":"shipping-taxable","33":"purchasable","34":"product-type-simple"},"acf":[],"uagb_featured_image_src":{"full":["https:\/\/vapestornado.com\/wp-content\/uploads\/2026\/02\/Bang-Box-160K-Puffs-4-in-1.webp",1000,1000,false],"thumbnail":["https:\/\/vapestornado.com\/wp-content\/uploads\/2026\/02\/Bang-Box-160K-Puffs-4-in-1-150x150.webp",150,150,true],"medium":["https:\/\/vapestornado.com\/wp-content\/uploads\/2026\/02\/Bang-Box-160K-Puffs-4-in-1-300x300.webp",300,300,true],"medium_large":["https:\/\/vapestornado.com\/wp-content\/uploads\/2026\/02\/Bang-Box-160K-Puffs-4-in-1-768x768.webp",768,768,true],"large":["https:\/\/vapestornado.com\/wp-content\/uploads\/2026\/02\/Bang-Box-160K-Puffs-4-in-1.webp",1000,1000,false],"1536x1536":["https:\/\/vapestornado.com\/wp-content\/uploads\/2026\/02\/Bang-Box-160K-Puffs-4-in-1.webp",1000,1000,false],"2048x2048":["https:\/\/vapestornado.com\/wp-content\/uploads\/2026\/02\/Bang-Box-160K-Puffs-4-in-1.webp",1000,1000,false],"trp-custom-language-flag":["https:\/\/vapestornado.com\/wp-content\/uploads\/2026\/02\/Bang-Box-160K-Puffs-4-in-1-12x12.webp",12,12,true],"woocommerce_thumbnail":["https:\/\/vapestornado.com\/wp-content\/uploads\/2026\/02\/Bang-Box-160K-Puffs-4-in-1-300x300.webp",300,300,true],"woocommerce_single":["https:\/\/vapestornado.com\/wp-content\/uploads\/2026\/02\/Bang-Box-160K-Puffs-4-in-1-600x600.webp",600,600,true],"woocommerce_gallery_thumbnail":["https:\/\/vapestornado.com\/wp-content\/uploads\/2026\/02\/Bang-Box-160K-Puffs-4-in-1-100x100.webp",100,100,true]},"uagb_author_info":{"display_name":"ESAMY","author_link":"https:\/\/vapestornado.com\/it\/author\/"},"uagb_comment_info":0,"uagb_excerpt":"BANG BOX 160K Disposable Vape 160000 Puffs 4-in-1 Flavor Switch BANG BOX 160000 Puff Long Lasting Disposable Vaper for Wholesale BANG BOX 160K Flavor Switch Disposable Vape Cheap Price EU Supply Add Amy's whatsapp to get right reply and discount price! WhatsApp: +86 17776015835","_links":{"self":[{"href":"https:\/\/vapestornado.com\/it\/wp-json\/wp\/v2\/product\/4858","targetHints":{"allow":["GET"]}}],"collection":[{"href":"https:\/\/vapestornado.com\/it\/wp-json\/wp\/v2\/product"}],"about":[{"href":"https:\/\/vapestornado.com\/it\/wp-json\/wp\/v2\/types\/product"}],"replies":[{"embeddable":true,"href":"https:\/\/vapestornado.com\/it\/wp-json\/wp\/v2\/comments?post=4858"}],"wp:featuredmedia":[{"embeddable":true,"href":"https:\/\/vapestornado.com\/it\/wp-json\/wp\/v2\/media\/4857"}],"wp:attachment":[{"href":"https:\/\/vapestornado.com\/it\/wp-json\/wp\/v2\/media?parent=4858"}],"wp:term":[{"taxonomy":"product_brand","embeddable":true,"href":"https:\/\/vapestornado.com\/it\/wp-json\/wp\/v2\/product_brand?post=4858"},{"taxonomy":"product_cat","embeddable":true,"href":"https:\/\/vapestornado.com\/it\/wp-json\/wp\/v2\/product_cat?post=4858"},{"taxonomy":"product_tag","embeddable":true,"href":"https:\/\/vapestornado.com\/it\/wp-json\/wp\/v2\/product_tag?post=4858"}],"curies":[{"name":"wp","href":"https:\/\/api.w.org\/{rel}","templated":true}]}}