{"id":4781,"date":"2026-01-07T09:28:57","date_gmt":"2026-01-07T09:28:57","guid":{"rendered":"https:\/\/vapestornado.com\/?post_type=product&#038;p=4781"},"modified":"2026-01-07T09:59:16","modified_gmt":"2026-01-07T09:59:16","slug":"al-fakher-mega-max-40k-puffs-crown-bar-disposable-e-shisha-hookah-vape-adjustable-airflow","status":"publish","type":"product","link":"https:\/\/vapestornado.com\/it\/product\/al-fakher-mega-max-40k-puffs-crown-bar-disposable-e-shisha-hookah-vape-adjustable-airflow\/","title":{"rendered":"Al Fakher Mega Max 40K Puffs Crown Bar Disposable E Shisha Hookah Vape Regolabile Flusso d'Aria"},"content":{"rendered":"<h1 data-start=\"0\" data-end=\"87\">Al Fakher Mega Max 40K Puffs Crown Bar Dispositivo E Shisha Usa e Svapa con Flusso d'Aria Regolabile<\/h1>\n<p data-start=\"207\" data-end=\"581\">Realizzato per utenti ad alto volume e mercati all'ingrosso, il <strong data-start=\"262\" data-end=\"288\">Al Fakher Mega Max 40K<\/strong> rappresenta la prossima evoluzione delle prestazioni della e-shisha usa e getta. Con fino a <strong data-start=\"366\" data-end=\"382\">40.000 boccate<\/strong>, flusso d'aria regolabile e l'ingegneria del gusto signature di Al Fakher, questo dispositivo si posiziona come una soluzione premium ma pratica per i distributori in Italia che cercano un turnover stabile e una forte domanda ripetuta.<\/p>\n<p data-start=\"583\" data-end=\"1045\">Come parte della <strong data-start=\"598\" data-end=\"621\">Al Fakher Crown Bar<\/strong> lineup, il Mega Max 40000 \u00e8 progettato per offrire un output costante durante tutto il ciclo di vita. La combinazione di un <strong data-start=\"738\" data-end=\"756\">doppia mesh coil<\/strong>, <strong data-start=\"758\" data-end=\"785\">liquido elettronico pre-riempito da 20ml<\/strong>, e un <strong data-start=\"793\" data-end=\"824\">batteria ricaricabile da 850 mAh<\/strong> garantisce una densit\u00e0 di vapore affidabile e una chiarezza di sapore dal primo tiro all'ultimo. Questo lo rende particolarmente adatto per clienti che passano da sistemi di hookah tradizionali o e-shisha riutilizzabili a formati usa e getta.<\/p>\n<p data-start=\"1047\" data-end=\"1332\">La <strong data-start=\"1051\" data-end=\"1080\">sistema di flusso d'aria regolabile<\/strong> consente agli utenti di perfezionare l'inspirazione, passando da un tiro pi\u00f9 stretto in stile hookah a un colpo pi\u00f9 aperto e arioso. Questa flessibilit\u00e0 ne amplia l'appello tra le diverse preferenze di svapo, aiutando i rivenditori a coprire pi\u00f9 profili di clienti con un singolo SKU.<\/p>\n<p data-start=\"1334\" data-end=\"1686\">Per gli acquirenti all'ingrosso, l'Al Fakher Mega Max 40K offre ci\u00f2 che conta di pi\u00f9: branding riconoscibile, forza di nicotina controllata, ricarica moderna Type-C e una qualit\u00e0 costruttiva che riflette affidabilit\u00e0 a lungo termine piuttosto che novit\u00e0 a breve termine. Posizionato come un <strong data-start=\"1589\" data-end=\"1620\">prezzo all'ingrosso competitivo<\/strong>, \u00e8 un forte performer nella categoria delle e-shisha usa e getta in Italia.<\/p>\n<h2 data-start=\"2768\" data-end=\"2821\">Perch\u00e9 scegliere l'Al Fakher Mega Max 40000 all'ingrosso?<\/h2>\n<p data-start=\"2823\" data-end=\"3237\">La <strong data-start=\"2827\" data-end=\"2855\">Al Fakher Mega Max 40000<\/strong> \u00e8 progettato per la coerenza, non per trucchi. Sfrutta la fiducia nel marchio globale di Al Fakher, soddisfacendo le aspettative dei distributori in Italia che prioritizzano affidabilit\u00e0, posizionamento legale e vendite prevedibili. Il suo formato di e-shisha usa e getta, flusso d'aria regolabile e lunga durata di tiro lo rendono un'aggiunta forte sia ai canali retail focalizzati sullo svapo che a quelli orientati alla hookah.<\/p>\n<p><strong><span style=\"color: #ff0000;\">Aggiungi il whatsapp di Amy per ottenere subito una risposta e un coupon per il vape!<\/span><\/strong><\/p>\n<p><img fetchpriority=\"high\" decoding=\"async\" class=\"size-full wp-image-2932\" src=\"https:\/\/vapestornado.com\/wp-content\/uploads\/2024\/12\/Vape-Wholesale.jpg\" alt=\"Vape all&#039;ingrosso\" width=\"229\" height=\"300\" \/><\/p>\n<h3><a href=\"https:\/\/wa.me\/8617776015835\" target=\"_blank\" rel=\"noopener\"><span style=\"color: #ff0000;\"><strong>WhatsApp: +86 17776015835<\/strong><\/span><\/a><\/h3>\n<p>&nbsp;<\/p>\n<h2><strong>Caratteristiche del prodotto Al Fakher Mega Max 40K Puffs<\/strong><\/h2>\n<ul>\n<li data-start=\"113\" data-end=\"228\">\n<p data-start=\"115\" data-end=\"228\"><strong data-start=\"115\" data-end=\"139\">Capacit\u00e0 di 40.000 puff<\/strong> \u2013 Offre prestazioni di svapo DTL prolungate, progettate per un uso a lungo termine e ad alta frequenza.<\/p>\n<\/li>\n<li data-start=\"229\" data-end=\"361\">\n<p data-start=\"231\" data-end=\"361\"><strong data-start=\"231\" data-end=\"258\">Stile Shisha Hookah DTL<\/strong> \u2013 Ottimizzato per inalazioni dirette ai polmoni, producendo nuvole dense simili alle sessioni di shisha tradizionali.<\/p>\n<\/li>\n<li data-start=\"362\" data-end=\"476\">\n<p data-start=\"364\" data-end=\"476\"><strong data-start=\"364\" data-end=\"393\">Tecnologia a Doppia Bobina Mesh<\/strong> \u2013 Garantisce riscaldamento uniforme e uscita di sapore stabile dal primo tiro all'ultimo.<\/p>\n<\/li>\n<li data-start=\"477\" data-end=\"605\">\n<p data-start=\"479\" data-end=\"605\"><strong data-start=\"479\" data-end=\"508\">Sistema di flusso d'aria regolabile<\/strong> \u2013 Permette agli utenti di regolare finemente la resistenza all'aspirazione per un'inspirazione personalizzata in stile DTL o shisha.<\/p>\n<\/li>\n<li data-start=\"606\" data-end=\"729\">\n<p data-start=\"608\" data-end=\"729\"><strong data-start=\"608\" data-end=\"636\">E-liquid pre-riempito da 20ml<\/strong> \u2013 Grande capacit\u00e0 di e-liquid riduce la frequenza di sostituzione e supporta sessioni di svapo lunghe.<\/p>\n<\/li>\n<li data-start=\"730\" data-end=\"841\">\n<p data-start=\"732\" data-end=\"841\"><strong data-start=\"732\" data-end=\"757\">Forza di nicotina 0.6%<\/strong> \u2013 Fornisce una consegna di nicotina morbida e controllata, adatta per un uso quotidiano prolungato.<\/p>\n<\/li>\n<li data-start=\"842\" data-end=\"945\">\n<p data-start=\"844\" data-end=\"945\"><strong data-start=\"844\" data-end=\"875\">Batteria ricaricabile da 850 mAh<\/strong> \u2013 Fornisce potenza costante per l'intero ciclo di 40K puff.<\/p>\n<\/li>\n<li data-start=\"946\" data-end=\"1051\">\n<p data-start=\"948\" data-end=\"1051\"><strong data-start=\"948\" data-end=\"976\">Ricarica rapida USB Type-C<\/strong> \u2013 Consente una ricarica rapida e conveniente con compatibilit\u00e0 con dispositivi moderni.<\/p>\n<\/li>\n<li data-start=\"1052\" data-end=\"1148\">\n<p data-start=\"1054\" data-end=\"1148\"><strong data-start=\"1054\" data-end=\"1076\">Schermo a LED<\/strong> \u2013 Mostra chiaramente i livelli di batteria e e-liquido per un miglior controllo dell'uso.<\/p>\n<\/li>\n<li data-start=\"1149\" data-end=\"1259\">\n<p data-start=\"1151\" data-end=\"1259\"><strong data-start=\"1151\" data-end=\"1176\">Corpo in Alluminio Premium<\/strong> \u2013 Combina durabilit\u00e0 con una finitura ergonomica di alta qualit\u00e0 per la portabilit\u00e0 quotidiana.<\/p>\n<\/li>\n<\/ul>\n<figure id=\"attachment_4777\" aria-describedby=\"caption-attachment-4777\" style=\"width: 300px\" class=\"wp-caption alignnone\"><img decoding=\"async\" class=\"size-medium wp-image-4777\" src=\"https:\/\/vapestornado.com\/wp-content\/uploads\/2026\/01\/Al-Fakher-Mega-Max-40K-40000-Puff-Vape-Wholesale-Spain-300x300.webp\" alt=\"Al Fakher Mega Max 40K 40000 Puff Vape All&#039;ingrosso Italia\" width=\"300\" height=\"300\" srcset=\"https:\/\/vapestornado.com\/wp-content\/uploads\/2026\/01\/Al-Fakher-Mega-Max-40K-40000-Puff-Vape-Wholesale-Spain-300x300.webp 300w, https:\/\/vapestornado.com\/wp-content\/uploads\/2026\/01\/Al-Fakher-Mega-Max-40K-40000-Puff-Vape-Wholesale-Spain-150x150.webp 150w, https:\/\/vapestornado.com\/wp-content\/uploads\/2026\/01\/Al-Fakher-Mega-Max-40K-40000-Puff-Vape-Wholesale-Spain-768x768.webp 768w, https:\/\/vapestornado.com\/wp-content\/uploads\/2026\/01\/Al-Fakher-Mega-Max-40K-40000-Puff-Vape-Wholesale-Spain-12x12.webp 12w, https:\/\/vapestornado.com\/wp-content\/uploads\/2026\/01\/Al-Fakher-Mega-Max-40K-40000-Puff-Vape-Wholesale-Spain-600x600.webp 600w, https:\/\/vapestornado.com\/wp-content\/uploads\/2026\/01\/Al-Fakher-Mega-Max-40K-40000-Puff-Vape-Wholesale-Spain-100x100.webp 100w, https:\/\/vapestornado.com\/wp-content\/uploads\/2026\/01\/Al-Fakher-Mega-Max-40K-40000-Puff-Vape-Wholesale-Spain.webp 800w\" sizes=\"(max-width: 300px) 100vw, 300px\" \/><figcaption id=\"caption-attachment-4777\" class=\"wp-caption-text\">Al Fakher Mega Max 40K 40000 Puff Vape All'ingrosso Italia<\/figcaption><\/figure>\n<p>&nbsp;<\/p>\n<div><\/div>\n<h2 class=\"product-title\"><strong>Lista dei gusti di Al Fakher Mega Max 40K Puff<\/strong><\/h2>\n<p>1 Berry Blue<br \/>\n2 Berry Ice<br \/>\n3 Blackcurrant Ice<br \/>\n4 Blackcurrant Mint<br \/>\n5 Blue Razz Blast<br \/>\n6 Blue Razz Lemonade<br \/>\n7 Blueberry Cherry<br \/>\n8 Goma Mirtillo Blu<br \/>\n9 Limonata Mirtillo Blu<br \/>\n10 Menta Mirtillo Blu<br \/>\n11 Lampone Mirtillo Blu<br \/>\n12 Mirtillo Raspberry Acido<br \/>\n13 Festa di Ciliegie<br \/>\n14 Frizzante di Ciliegie<br \/>\n15 Ghiaccio di Ciliegie<br \/>\n16 Mango Fresco<br \/>\n17 Fusion Pop<br \/>\n18 Uva<br \/>\n19 Uva Bacca<br \/>\n20 Uva Menta<br \/>\n21 Goma Menta<br \/>\n22 Hubba<br \/>\n23 Ghiaccio Blu<br \/>\n24 Limone Lime<br \/>\n25 Frizzante Limone Lime Ciliegia<br \/>\n26 Limone Menta<br \/>\n27 Ghiaccio Lussureggiante<br \/>\n28 Amore Magico<br \/>\n29 Mango Ananas<br \/>\n30 Mentolo<br \/>\n31 Menta<br \/>\n32 Frutti di Bosco Misti<br \/>\n33 Arancia Menta<br \/>\n34 Pesca Ghiaccio<br \/>\n35 Ananas Ghiaccio<br \/>\n36 Sogno Spaziale<br \/>\n37 Menta Verde<br \/>\n38 Fragola Ciliegia<br \/>\n39 Punch di Fragola<br \/>\n40 Sogno Estivo<br \/>\n41 Due Mele<br \/>\n42 Anguria Ciliegia<br \/>\n43 Anguria Kiwi<br \/>\n44 Anguria Lime<br \/>\n45 Anguria Ananas<\/p>\n<div class=\"flex-shrink-0 flex flex-col relative items-end\">\n<div class=\"pt-0\">\n<div class=\"gizmo-bot-avatar flex h-8 w-8 items-center justify-center overflow-hidden rounded-full\">\n<div class=\"relative p-1 rounded-sm flex items-center justify-center bg-token-main-surface-primary text-token-text-primary h-8 w-8\">\n<h2 data-start=\"1200\" data-end=\"1487\">Vapes Tornado \u2013 Il tuo negozio all'ingrosso online di vaporizzatori popolari<\/h2>\n<p data-start=\"72\" data-end=\"396\"><strong data-start=\"72\" data-end=\"89\">Vape Tornado<\/strong> \u00e8 un negozio all'ingrosso online di vaporizzatori con focus sull'Europa che fornisce una gamma accuratamente selezionata di <strong data-start=\"178\" data-end=\"195\">vaporizzatori popolari<\/strong> per acquirenti professionisti. Collaboriamo con rivenditori, distributori e negozi online in tutta l'UE che necessitano di fornitura stabile, informazioni chiare sui prodotti e marchi che i clienti gi\u00e0 riconoscono e di cui si fidano.<\/p>\n<p data-start=\"398\" data-end=\"687\">Lavoriamo con nomi affidabili come <strong data-start=\"307\" data-end=\"362\"><a href=\"https:\/\/vapestornado.com\/it\/product\/randm-12000-puffs-fumot-digital-disposable-vape-wholesale-price\/\">Fumot VAPE<\/a>, <a href=\"https:\/\/vapestornado.com\/it\/product\/original-wga-ultra-35k-35000-puff-rechargeable-crystal-disposable-nicotine-vape-best-discount-price\/\">WGA VAPE<\/a>, <\/strong><strong data-start=\"307\" data-end=\"362\"><a href=\"https:\/\/vapestornado.com\/it\/product\/vozol-gear-shisha-25k-25000-puffs-best-dtl-disposable-vape-hookah-cheap-price\/\">VOZOL BAR VAPE<\/a>,<\/strong><strong data-start=\"247\" data-end=\"352\">\u00a0Elf Bar Vape, WASPE Vape, <a href=\"https:\/\/vapestornado.com\/it\/product\/uzy-150k-puffs-6-in-1-flavor-switch-disposable-vape-pen-wholesale\/\">Vaporizzatore UZY<\/a>, Bang Vape, Razz Bar Vape, e Stag Bar Vape<\/strong>, scelti per qualit\u00e0 costante e forte domanda nel mercato europeo.<\/p>\n<h4 data-start=\"1080\" data-end=\"1120\">Progettato per acquirenti all'ingrosso europei<\/h4>\n<p data-start=\"1121\" data-end=\"1189\">Vapes Tornado \u00e8 strutturato attorno alle vere esigenze dei grossisti dell'UE:<\/p>\n<ul data-start=\"1190\" data-end=\"1400\">\n<li data-start=\"1190\" data-end=\"1239\">\n<p data-start=\"1192\" data-end=\"1239\">Prezzi all'ingrosso competitivi per ordini all'ingrosso<\/p>\n<\/li>\n<li data-start=\"1240\" data-end=\"1289\">\n<p data-start=\"1242\" data-end=\"1289\">Descrizioni e specifiche chiare del prodotto<\/p>\n<\/li>\n<li data-start=\"1290\" data-end=\"1330\">\n<p data-start=\"1292\" data-end=\"1330\">Logistica rapida e affidabile orientata all'UE<\/p>\n<\/li>\n<li data-start=\"1331\" data-end=\"1400\">\n<p data-start=\"1333\" data-end=\"1400\">Un catalogo focalizzato su <strong data-start=\"1356\" data-end=\"1373\">vaporizzatori popolari<\/strong>, non su SKU sovraccarichi<\/p>\n<\/li>\n<\/ul>\n<h2 data-start=\"2064\" data-end=\"2115\">Domande frequenti su Al Fakher Mega Max 40000 Vape usa e getta<\/h2>\n<p data-start=\"3278\" data-end=\"3451\"><strong data-start=\"3278\" data-end=\"3343\">1. Quanto dura in uso reale l'Al Fakher Mega Max 40K?<\/strong><br data-start=\"3343\" data-end=\"3346\" \/>L'uso dipende dalle abitudini individuali, ma la maggior parte degli utenti segnala prestazioni di diverse settimane con un uso quotidiano regolare.<\/p>\n<p data-start=\"3453\" data-end=\"3579\"><strong data-start=\"3453\" data-end=\"3497\">2. \u00c8 possibile regolare il flusso d'aria durante l'uso?<\/strong><br data-start=\"3497\" data-end=\"3500\" \/>S\u00ec, il flusso d'aria regolabile consente agli utenti di modificare la resistenza dell'aspirazione in qualsiasi momento.<\/p>\n<p data-start=\"3581\" data-end=\"3678\"><strong data-start=\"3581\" data-end=\"3615\">3. Il dispositivo \u00e8 ricaricabile?<\/strong><br data-start=\"3615\" data-end=\"3618\" \/>S\u00ec, \u00e8 dotato di una batteria da 850mAh con ricarica USB Type-C.<\/p>\n<p data-start=\"3680\" data-end=\"3856\"><strong data-start=\"3680\" data-end=\"3744\">4. Cosa rende questo diverso dai vaporizzatori usa e getta standard?<\/strong><br data-start=\"3744\" data-end=\"3747\" \/>Il suo design di shisha elettronica, la grande capacit\u00e0 di liquido e il controllo del flusso d'aria lo distinguono dai dispositivi usa e getta di base.<\/p>\n<p data-start=\"3858\" data-end=\"4007\"><strong data-start=\"3858\" data-end=\"3912\">5. \u00c8 adatto alla distribuzione all'ingrosso in Italia?<\/strong><br data-start=\"3912\" data-end=\"3915\" \/>S\u00ec, \u00e8 progettato per i mercati italiani e viene comunemente fornito a prezzo all'ingrosso per ordini all'ingrosso.<\/p>\n<\/div>\n<\/div>\n<\/div>\n<\/div>","protected":false},"excerpt":{"rendered":"<p data-start=\"4472\" data-end=\"4562\"><strong data-start=\"4472\" data-end=\"4560\">Al Fakher Mega Max 40K Dispositivo usa e getta E Shisha con flusso d'aria regolabile \u2013 Pronto per il commercio all'ingrosso<\/strong><\/p>\n<p data-start=\"4566\" data-end=\"4641\"><strong data-start=\"4566\" data-end=\"4639\">Al Fakher Crown Bar Mega Max 40000 Puff Hookah Vape per commercio all'ingrosso in Italia<\/strong><\/p>\n<p data-start=\"4645\" data-end=\"4728\"><strong data-start=\"4645\" data-end=\"4728\">Mega Max 40K di Al Fakher \u2013 E Shisha usa e getta durevole a prezzo all'ingrosso<\/strong><\/p>\n<p><strong>Aggiungi il whatsapp di Amy per ottenere la risposta giusta e il prezzo scontato!<\/strong><\/p>\n<p><img fetchpriority=\"high\" decoding=\"async\" class=\"size-full wp-image-2932\" src=\"https:\/\/vapestornado.com\/wp-content\/uploads\/2024\/12\/Vape-Wholesale.jpg\" alt=\"Vape all&#039;ingrosso\" width=\"229\" height=\"300\" \/><\/p>\n<h3><a href=\"https:\/\/wa.me\/8617776015835\"><span style=\"color: #ff0000;\"><strong>WhatsApp: +86 17776015835<\/strong><\/span><\/a><\/h3>","protected":false},"featured_media":4776,"comment_status":"open","ping_status":"closed","template":"","meta":{"_acf_changed":false,"_uag_custom_page_level_css":"","_lmt_disableupdate":"no","_lmt_disable":"","_monsterinsights_skip_tracking":false,"_monsterinsights_sitenote_active":false,"_monsterinsights_sitenote_note":"","_monsterinsights_sitenote_category":0,"site-sidebar-layout":"default","site-content-layout":"","ast-site-content-layout":"default","site-content-style":"default","site-sidebar-style":"default","ast-global-header-display":"","ast-banner-title-visibility":"","ast-main-header-display":"","ast-hfb-above-header-display":"","ast-hfb-below-header-display":"","ast-hfb-mobile-header-display":"","site-post-title":"","ast-breadcrumbs-content":"","ast-featured-img":"","footer-sml-layout":"","ast-disable-related-posts":"","theme-transparent-header-meta":"default","adv-header-id-meta":"","stick-header-meta":"","header-above-stick-meta":"","header-main-stick-meta":"","header-below-stick-meta":"","astra-migrate-meta-layouts":"set","ast-page-background-enabled":"default","ast-page-background-meta":{"desktop":{"background-color":"","background-image":"","background-repeat":"repeat","background-position":"center center","background-size":"auto","background-attachment":"scroll","background-type":"","background-media":"","overlay-type":"","overlay-color":"","overlay-opacity":"","overlay-gradient":""},"tablet":{"background-color":"","background-image":"","background-repeat":"repeat","background-position":"center center","background-size":"auto","background-attachment":"scroll","background-type":"","background-media":"","overlay-type":"","overlay-color":"","overlay-opacity":"","overlay-gradient":""},"mobile":{"background-color":"","background-image":"","background-repeat":"repeat","background-position":"center center","background-size":"auto","background-attachment":"scroll","background-type":"","background-media":"","overlay-type":"","overlay-color":"","overlay-opacity":"","overlay-gradient":""}},"ast-content-background-meta":{"desktop":{"background-color":"var(--ast-global-color-5)","background-image":"","background-repeat":"repeat","background-position":"center center","background-size":"auto","background-attachment":"scroll","background-type":"","background-media":"","overlay-type":"","overlay-color":"","overlay-opacity":"","overlay-gradient":""},"tablet":{"background-color":"var(--ast-global-color-5)","background-image":"","background-repeat":"repeat","background-position":"center center","background-size":"auto","background-attachment":"scroll","background-type":"","background-media":"","overlay-type":"","overlay-color":"","overlay-opacity":"","overlay-gradient":""},"mobile":{"background-color":"var(--ast-global-color-5)","background-image":"","background-repeat":"repeat","background-position":"center center","background-size":"auto","background-attachment":"scroll","background-type":"","background-media":"","overlay-type":"","overlay-color":"","overlay-opacity":"","overlay-gradient":""}},"_joinchat":[]},"product_brand":[],"product_cat":[65,531,140,150,156,158,141,142,146,147],"product_tag":[533,534,535,532,355,287,513,512],"class_list":{"0":"post-4781","1":"product","2":"type-product","3":"status-publish","4":"has-post-thumbnail","6":"product_cat-40000-puff","7":"product_cat-al-fakher-crown-bar","8":"product_cat-big-puffs-disposable-vapes","9":"product_cat-buy-disposable-vapes-in-belgium","10":"product_cat-buy-disposable-vapes-in-poland","11":"product_cat-buy-disposable-vapes-in-spain","12":"product_cat-crystal-disposable-vapes","13":"product_cat-digital-box-disposable-vapes","14":"product_cat-rechargeable-disposable-vapes","15":"product_cat-shisha-hookah-disposable-vapes","16":"product_tag-al-fakher-crown-bar-mega-max","17":"product_tag-al-fakher-crown-bar-mega-max-40000-puffs","18":"product_tag-al-fakher-crown-bar-mega-max-40k","19":"product_tag-al-fakher-mega-max-40k","20":"product_tag-big-puff-vape","21":"product_tag-disposable-vape-pen","22":"product_tag-vape-discount-price","23":"product_tag-vape-wholesale-distributor","24":"desktop-align-left","25":"tablet-align-left","26":"mobile-align-left","28":"first","29":"instock","30":"sale","31":"shipping-taxable","32":"purchasable","33":"product-type-simple"},"acf":[],"uagb_featured_image_src":{"full":["https:\/\/vapestornado.com\/wp-content\/uploads\/2026\/01\/Al-Fakher-Mega-Max-40K-40000-Puff-Disposable-Vapor.webp",800,800,false],"thumbnail":["https:\/\/vapestornado.com\/wp-content\/uploads\/2026\/01\/Al-Fakher-Mega-Max-40K-40000-Puff-Disposable-Vapor-150x150.webp",150,150,true],"medium":["https:\/\/vapestornado.com\/wp-content\/uploads\/2026\/01\/Al-Fakher-Mega-Max-40K-40000-Puff-Disposable-Vapor-300x300.webp",300,300,true],"medium_large":["https:\/\/vapestornado.com\/wp-content\/uploads\/2026\/01\/Al-Fakher-Mega-Max-40K-40000-Puff-Disposable-Vapor-768x768.webp",768,768,true],"large":["https:\/\/vapestornado.com\/wp-content\/uploads\/2026\/01\/Al-Fakher-Mega-Max-40K-40000-Puff-Disposable-Vapor.webp",800,800,false],"1536x1536":["https:\/\/vapestornado.com\/wp-content\/uploads\/2026\/01\/Al-Fakher-Mega-Max-40K-40000-Puff-Disposable-Vapor.webp",800,800,false],"2048x2048":["https:\/\/vapestornado.com\/wp-content\/uploads\/2026\/01\/Al-Fakher-Mega-Max-40K-40000-Puff-Disposable-Vapor.webp",800,800,false],"trp-custom-language-flag":["https:\/\/vapestornado.com\/wp-content\/uploads\/2026\/01\/Al-Fakher-Mega-Max-40K-40000-Puff-Disposable-Vapor-12x12.webp",12,12,true],"woocommerce_thumbnail":["https:\/\/vapestornado.com\/wp-content\/uploads\/2026\/01\/Al-Fakher-Mega-Max-40K-40000-Puff-Disposable-Vapor-300x300.webp",300,300,true],"woocommerce_single":["https:\/\/vapestornado.com\/wp-content\/uploads\/2026\/01\/Al-Fakher-Mega-Max-40K-40000-Puff-Disposable-Vapor-600x600.webp",600,600,true],"woocommerce_gallery_thumbnail":["https:\/\/vapestornado.com\/wp-content\/uploads\/2026\/01\/Al-Fakher-Mega-Max-40K-40000-Puff-Disposable-Vapor-100x100.webp",100,100,true]},"uagb_author_info":{"display_name":"ESAMY","author_link":"https:\/\/vapestornado.com\/it\/author\/"},"uagb_comment_info":0,"uagb_excerpt":"Al Fakher Mega Max 40K Disposable E Shisha with Adjustable Airflow \u2013 Wholesale Ready Al Fakher Crown Bar Mega Max 40000 Puffs Hookah Vape for EU Wholesale Mega Max 40K by Al Fakher \u2013 Long-Lasting Disposable E Shisha at Wholesale Price Add Amy's whatsapp to get right reply and discount price! WhatsApp: +86 17776015835","_links":{"self":[{"href":"https:\/\/vapestornado.com\/it\/wp-json\/wp\/v2\/product\/4781","targetHints":{"allow":["GET"]}}],"collection":[{"href":"https:\/\/vapestornado.com\/it\/wp-json\/wp\/v2\/product"}],"about":[{"href":"https:\/\/vapestornado.com\/it\/wp-json\/wp\/v2\/types\/product"}],"replies":[{"embeddable":true,"href":"https:\/\/vapestornado.com\/it\/wp-json\/wp\/v2\/comments?post=4781"}],"wp:featuredmedia":[{"embeddable":true,"href":"https:\/\/vapestornado.com\/it\/wp-json\/wp\/v2\/media\/4776"}],"wp:attachment":[{"href":"https:\/\/vapestornado.com\/it\/wp-json\/wp\/v2\/media?parent=4781"}],"wp:term":[{"taxonomy":"product_brand","embeddable":true,"href":"https:\/\/vapestornado.com\/it\/wp-json\/wp\/v2\/product_brand?post=4781"},{"taxonomy":"product_cat","embeddable":true,"href":"https:\/\/vapestornado.com\/it\/wp-json\/wp\/v2\/product_cat?post=4781"},{"taxonomy":"product_tag","embeddable":true,"href":"https:\/\/vapestornado.com\/it\/wp-json\/wp\/v2\/product_tag?post=4781"}],"curies":[{"name":"wp","href":"https:\/\/api.w.org\/{rel}","templated":true}]}}