{"id":4772,"date":"2026-01-06T07:32:26","date_gmt":"2026-01-06T07:32:26","guid":{"rendered":"https:\/\/vapestornado.com\/?post_type=product&#038;p=4772"},"modified":"2026-01-06T08:25:40","modified_gmt":"2026-01-06T08:25:40","slug":"al-fakher-crystal-8k-v2-8000-puffs-disposable-vape-dual-vaping-mode","status":"publish","type":"product","link":"https:\/\/vapestornado.com\/it\/product\/al-fakher-crystal-8k-v2-8000-puffs-disposable-vape-dual-vaping-mode\/","title":{"rendered":"Al Fakher CRYSTAL 8k V2 8000 Puff Disposable Vape Modalit\u00e0 Dual Vaping"},"content":{"rendered":"<h1 data-start=\"0\" data-end=\"87\">Al Fakher CRYSTAL 8K V2 8000 Puff Vape usa e getta \u2013 Modalit\u00e0 Dual Vaping<\/h1>\n<p data-start=\"249\" data-end=\"723\">La <strong data-start=\"253\" data-end=\"280\">Al Fakher CRYSTAL 8K V2<\/strong> progettato per i grossisti che valorizzano la credibilit\u00e0 del marchio, la consegna di sapore costante e un turnover affidabile. Come parte della <strong data-start=\"409\" data-end=\"432\">Al Fakher Crown Bar<\/strong> lineup, questo modello si concentra sulla stabilit\u00e0 piuttosto che su gadget, rendendolo un'opzione sicura e comprovata per il mercato dei dispositivi usa e getta in Italia. Con un corpo in stile cristallo raffinato, riscaldamento a coil in mesh e <strong data-start=\"618\" data-end=\"638\">modalit\u00e0 di svapo duale<\/strong>, offre un'esperienza controllata e ripetibile dalla prima boccata all'ultima.<\/p>\n<p data-start=\"725\" data-end=\"1103\">A differenza di modelli sovradimensionati ad alto numero di puff come <strong data-start=\"767\" data-end=\"787\">Airmez Fox 80000<\/strong>, il <strong data-start=\"793\" data-end=\"830\">Al Fakher Crown Bar Crystal 8000 V2<\/strong> si rivolge agli utenti che preferiscono un'assunzione pi\u00f9 leggera e affidabilit\u00e0 quotidiana. La bassa <strong data-start=\"902\" data-end=\"939\">0.5% (0,5mg\/ml) di nicotina<\/strong> risponde alla domanda di clienti che cercano una soddisfazione morbida senza durezza, mentre il <strong data-start=\"1025\" data-end=\"1051\">capacit\u00e0 di e-liquid di 18ml<\/strong> supporta un uso prolungato senza sostituzioni frequenti.<\/p>\n<p data-start=\"1105\" data-end=\"1509\">Le prestazioni di aroma rimangono costanti grazie a un sistema di coil a maglia migliorato, che produce un riscaldamento uniforme e una vaporizzazione morbida sia in impostazioni MTL che DTL. Il <strong data-start=\"1263\" data-end=\"1283\">modalit\u00e0 di svapo duale<\/strong> consente agli utenti di cambiare lo stile di inalazione in base alle preferenze, ampliando l'appeal tra diversi abitudini degli utenti. Alimentato da un <strong data-start=\"1401\" data-end=\"1432\">batteria ricaricabile da 850 mAh<\/strong> e <strong data-start=\"1437\" data-end=\"1456\">ricarica di tipo C<\/strong>, il dispositivo mantiene un output stabile fino all'esaurimento.<\/p>\n<p data-start=\"1511\" data-end=\"1833\">Con <strong data-start=\"1516\" data-end=\"1538\">45 opzioni di aroma<\/strong>, il <strong data-start=\"1544\" data-end=\"1571\">Al Fakher CRYSTAL 8k V2<\/strong> \u00e8 ideale per la rotazione dei sapori, la visibilit\u00e0 sugli scaffali e gli acquisti ripetuti. Fornito in bulk con <strong data-start=\"1666\" data-end=\"1688\">200 pezzi per cartone<\/strong>, \u00e8 molto adatto per <strong data-start=\"1712\" data-end=\"1750\">Vape usa e getta all'ingrosso Italia<\/strong> acquirenti alla ricerca di un marchio forte a un <strong data-start=\"1790\" data-end=\"1805\">prezzo economico<\/strong> con affidabilit\u00e0 a lungo termine.<\/p>\n<p><strong><span style=\"color: #ff0000;\">Aggiungi il whatsapp di Amy per ottenere subito una risposta e un coupon per il vape!<\/span><\/strong><\/p>\n<p><img fetchpriority=\"high\" decoding=\"async\" class=\"size-full wp-image-2932\" src=\"https:\/\/vapestornado.com\/wp-content\/uploads\/2024\/12\/Vape-Wholesale.jpg\" alt=\"Vape all&#039;ingrosso\" width=\"229\" height=\"300\" \/><\/p>\n<h3><a href=\"https:\/\/wa.me\/8617776015835\" target=\"_blank\" rel=\"noopener\"><span style=\"color: #ff0000;\"><strong>WhatsApp: +86 17776015835<\/strong><\/span><\/a><\/h3>\n<p>&nbsp;<\/p>\n<h2><strong>Al Fakher CRYSTAL 8k V2 Puffs Caratteristiche del prodotto<\/strong><\/h2>\n<div>\n<ul>\n<li data-start=\"0\" data-end=\"138\">\n<p data-start=\"2\" data-end=\"138\"><strong data-start=\"2\" data-end=\"31\" data-is-only-node=\"\">Fino a 8.000\u201312.000 Puff:<\/strong> Progettato per offrire prestazioni durature, riducendo la necessit\u00e0 di sostituzioni frequenti per gli utenti finali.<\/p>\n<\/li>\n<li data-start=\"140\" data-end=\"263\">\n<p data-start=\"142\" data-end=\"263\"><strong data-start=\"142\" data-end=\"163\" data-is-only-node=\"\">Modalit\u00e0 di vaporizzazione duale:<\/strong> Supporta sia stili MTL che DTL, consentendo agli utenti di regolare l'inalazione in base alle proprie preferenze.<\/p>\n<\/li>\n<li data-start=\"265\" data-end=\"392\">\n<p data-start=\"267\" data-end=\"392\"><strong data-start=\"267\" data-end=\"298\" data-is-only-node=\"\">0,5% Bassa forza di nicotina:<\/strong> Offre un colpo pi\u00f9 leggero e morbido, adatto a clienti che cercano un'assunzione di nicotina controllata.<\/p>\n<\/li>\n<li data-start=\"394\" data-end=\"502\">\n<p data-start=\"396\" data-end=\"502\"><strong data-start=\"396\" data-end=\"423\" data-is-only-node=\"\">Capacit\u00e0 di liquido elettronico di 18 ml:<\/strong> Garantisce un'uscita di sapore costante durante tutta la vita utile del dispositivo.<\/p>\n<\/li>\n<li data-start=\"504\" data-end=\"615\">\n<p data-start=\"506\" data-end=\"615\"><strong data-start=\"506\" data-end=\"535\" data-is-only-node=\"\">Sistema di riscaldamento a coil a maglia:<\/strong> Fornisce un riscaldamento uniforme per una produzione di vapore stabile e un sapore pulito e preciso.<\/p>\n<\/li>\n<li data-start=\"617\" data-end=\"737\">\n<p data-start=\"619\" data-end=\"737\"><strong data-start=\"619\" data-end=\"651\" data-is-only-node=\"\">Batteria ricaricabile da 850mAh:<\/strong> Offre energia affidabile dalla prima inspirazione all'ultima senza perdita di prestazioni.<\/p>\n<\/li>\n<li data-start=\"739\" data-end=\"828\">\n<p data-start=\"741\" data-end=\"828\"><strong data-start=\"741\" data-end=\"766\" data-is-only-node=\"\">Porta di ricarica Type-C:<\/strong> Consente una ricarica rapida, comoda e ampiamente compatibile.<\/p>\n<\/li>\n<li data-start=\"830\" data-end=\"942\">\n<p data-start=\"832\" data-end=\"942\"><strong data-start=\"832\" data-end=\"854\" data-is-only-node=\"\">45 opzioni di gusto:<\/strong> Supporta una rotazione di gusti forte e acquisti ripetuti nei mercati al dettaglio e all'ingrosso.<\/p>\n<\/li>\n<li data-start=\"944\" data-end=\"1050\">\n<p data-start=\"946\" data-end=\"1050\"><strong data-start=\"946\" data-end=\"976\" data-is-only-node=\"\">Design del corpo in stile cristallo:<\/strong> Combina estetica di alta qualit\u00e0 con durabilit\u00e0 pratica per l'uso quotidiano.<\/p>\n<\/li>\n<li data-start=\"1052\" data-end=\"1160\" data-is-last-node=\"\">\n<p data-start=\"1054\" data-end=\"1160\" data-is-last-node=\"\"><strong data-start=\"1054\" data-end=\"1095\" data-is-only-node=\"\">Confezione in cartone all'ingrosso (200 pezzi):<\/strong> Ottimizzata per una distribuzione e logistica all'ingrosso efficiente in Italia.<\/p>\n<\/li>\n<\/ul>\n<\/div>\n<div>\n<figure id=\"attachment_4766\" aria-describedby=\"caption-attachment-4766\" style=\"width: 300px\" class=\"wp-caption alignnone\"><img decoding=\"async\" class=\"size-medium wp-image-4766\" src=\"https:\/\/vapestornado.com\/wp-content\/uploads\/2026\/01\/Al-Fakher-Crown-Bar-Crystal-8000-Disposable-Wholesale-Price-300x300.webp\" alt=\"Prezzo all&#039;ingrosso di Al Fakher Crown Bar Crystal 8000 usa e getta\" width=\"300\" height=\"300\" srcset=\"https:\/\/vapestornado.com\/wp-content\/uploads\/2026\/01\/Al-Fakher-Crown-Bar-Crystal-8000-Disposable-Wholesale-Price-300x300.webp 300w, https:\/\/vapestornado.com\/wp-content\/uploads\/2026\/01\/Al-Fakher-Crown-Bar-Crystal-8000-Disposable-Wholesale-Price-150x150.webp 150w, https:\/\/vapestornado.com\/wp-content\/uploads\/2026\/01\/Al-Fakher-Crown-Bar-Crystal-8000-Disposable-Wholesale-Price-768x768.webp 768w, https:\/\/vapestornado.com\/wp-content\/uploads\/2026\/01\/Al-Fakher-Crown-Bar-Crystal-8000-Disposable-Wholesale-Price-12x12.webp 12w, https:\/\/vapestornado.com\/wp-content\/uploads\/2026\/01\/Al-Fakher-Crown-Bar-Crystal-8000-Disposable-Wholesale-Price-600x600.webp 600w, https:\/\/vapestornado.com\/wp-content\/uploads\/2026\/01\/Al-Fakher-Crown-Bar-Crystal-8000-Disposable-Wholesale-Price-100x100.webp 100w, https:\/\/vapestornado.com\/wp-content\/uploads\/2026\/01\/Al-Fakher-Crown-Bar-Crystal-8000-Disposable-Wholesale-Price.webp 800w\" sizes=\"(max-width: 300px) 100vw, 300px\" \/><figcaption id=\"caption-attachment-4766\" class=\"wp-caption-text\">Prezzo all'ingrosso di Al Fakher Crown Bar Crystal 8000 usa e getta<\/figcaption><\/figure>\n<\/div>\n<div>\n<figure id=\"attachment_4771\" aria-describedby=\"caption-attachment-4771\" style=\"width: 289px\" class=\"wp-caption alignnone\"><img decoding=\"async\" class=\"size-medium wp-image-4771\" src=\"https:\/\/vapestornado.com\/wp-content\/uploads\/2026\/01\/Al-Fakher-Crystal-8k-Disposable-Vapes-289x300.jpg\" alt=\"Al Fakher Crystal 8k V2 Vape usa e getta\" width=\"289\" height=\"300\" srcset=\"https:\/\/vapestornado.com\/wp-content\/uploads\/2026\/01\/Al-Fakher-Crystal-8k-Disposable-Vapes-289x300.jpg 289w, https:\/\/vapestornado.com\/wp-content\/uploads\/2026\/01\/Al-Fakher-Crystal-8k-Disposable-Vapes-987x1024.jpg 987w, https:\/\/vapestornado.com\/wp-content\/uploads\/2026\/01\/Al-Fakher-Crystal-8k-Disposable-Vapes-768x797.jpg 768w, https:\/\/vapestornado.com\/wp-content\/uploads\/2026\/01\/Al-Fakher-Crystal-8k-Disposable-Vapes-12x12.jpg 12w, https:\/\/vapestornado.com\/wp-content\/uploads\/2026\/01\/Al-Fakher-Crystal-8k-Disposable-Vapes-600x623.jpg 600w, https:\/\/vapestornado.com\/wp-content\/uploads\/2026\/01\/Al-Fakher-Crystal-8k-Disposable-Vapes.jpg 1411w\" sizes=\"(max-width: 289px) 100vw, 289px\" \/><figcaption id=\"caption-attachment-4771\" class=\"wp-caption-text\">Al Fakher Crystal 8k V2 Vape usa e getta<\/figcaption><\/figure>\n<\/div>\n<h2 class=\"product-title\"><strong>Lista dei gusti di Al Fakher CRYSTAL 8k V2Puff<\/strong><\/h2>\n<p>1 Berry Blue<br \/>\n2 Berry Ice<br \/>\n3 Blackcurrant Ice<br \/>\n4 Blackcurrant Mint<br \/>\n5 Blue Razz Blast<br \/>\n6 Blue Razz Lemonade<br \/>\n7 Blueberry Cherry<br \/>\n8 Goma Mirtillo Blu<br \/>\n9 Limonata Mirtillo Blu<br \/>\n10 Menta Mirtillo Blu<br \/>\n11 Lampone Mirtillo Blu<br \/>\n12 Mirtillo Raspberry Acido<br \/>\n13 Festa di Ciliegie<br \/>\n14 Frizzante di Ciliegie<br \/>\n15 Ghiaccio di Ciliegie<br \/>\n16 Mango Fresco<br \/>\n17 Fusion Pop<br \/>\n18 Uva<br \/>\n19 Uva Bacca<br \/>\n20 Uva Menta<br \/>\n21 Goma Menta<br \/>\n22 Hubba<br \/>\n23 Ghiaccio Blu<br \/>\n24 Limone Lime<br \/>\n25 Frizzante Limone Lime Ciliegia<br \/>\n26 Limone Menta<br \/>\n27 Ghiaccio Lussureggiante<br \/>\n28 Amore Magico<br \/>\n29 Mango Ananas<br \/>\n30 Mentolo<br \/>\n31 Menta<br \/>\n32 Frutti di Bosco Misti<br \/>\n33 Arancia Menta<br \/>\n34 Pesca Ghiaccio<br \/>\n35 Ananas Ghiaccio<br \/>\n36 Sogno Spaziale<br \/>\n37 Menta Verde<br \/>\n38 Fragola Ciliegia<br \/>\n39 Punch di Fragola<br \/>\n40 Sogno Estivo<br \/>\n41 Due Mele<br \/>\n42 Anguria Ciliegia<br \/>\n43 Anguria Kiwi<br \/>\n44 Anguria Lime<br \/>\n45 Anguria Ananas<\/p>\n<div class=\"flex-shrink-0 flex flex-col relative items-end\">\n<div class=\"pt-0\">\n<div class=\"gizmo-bot-avatar flex h-8 w-8 items-center justify-center overflow-hidden rounded-full\">\n<div class=\"relative p-1 rounded-sm flex items-center justify-center bg-token-main-surface-primary text-token-text-primary h-8 w-8\">\n<h2 data-start=\"1200\" data-end=\"1487\">Vapes Tornado \u2013 Il tuo negozio all'ingrosso online di vaporizzatori popolari<\/h2>\n<p data-start=\"72\" data-end=\"396\"><strong data-start=\"72\" data-end=\"89\">Vape Tornado<\/strong> \u00e8 un negozio all'ingrosso online di vaporizzatori con focus sull'Europa che fornisce una gamma accuratamente selezionata di <strong data-start=\"178\" data-end=\"195\">vaporizzatori popolari<\/strong> per acquirenti professionisti. Collaboriamo con rivenditori, distributori e negozi online in tutta l'UE che necessitano di fornitura stabile, informazioni chiare sui prodotti e marchi che i clienti gi\u00e0 riconoscono e di cui si fidano.<\/p>\n<p data-start=\"398\" data-end=\"687\">Lavoriamo con nomi affidabili come <strong data-start=\"307\" data-end=\"362\"><a href=\"https:\/\/vapestornado.com\/it\/product\/randm-12000-puffs-fumot-digital-disposable-vape-wholesale-price\/\">Fumot VAPE<\/a>, <a href=\"https:\/\/vapestornado.com\/it\/product\/original-wga-ultra-35k-35000-puff-rechargeable-crystal-disposable-nicotine-vape-best-discount-price\/\">WGA VAPE<\/a>, <\/strong><strong data-start=\"307\" data-end=\"362\"><a href=\"https:\/\/vapestornado.com\/it\/product\/vozol-gear-shisha-25k-25000-puffs-best-dtl-disposable-vape-hookah-cheap-price\/\">VOZOL BAR VAPE<\/a>,<\/strong><strong data-start=\"247\" data-end=\"352\">\u00a0Elf Bar Vape, WASPE Vape, <a href=\"https:\/\/vapestornado.com\/it\/product\/uzy-150k-puffs-6-in-1-flavor-switch-disposable-vape-pen-wholesale\/\">Vaporizzatore UZY<\/a>, Bang Vape, Razz Bar Vape, e Stag Bar Vape<\/strong>, scelti per qualit\u00e0 costante e forte domanda nel mercato europeo.<\/p>\n<h4 data-start=\"1080\" data-end=\"1120\">Progettato per acquirenti all'ingrosso europei<\/h4>\n<p data-start=\"1121\" data-end=\"1189\">Vapes Tornado \u00e8 strutturato attorno alle vere esigenze dei grossisti dell'UE:<\/p>\n<ul data-start=\"1190\" data-end=\"1400\">\n<li data-start=\"1190\" data-end=\"1239\">\n<p data-start=\"1192\" data-end=\"1239\">Prezzi all'ingrosso competitivi per ordini all'ingrosso<\/p>\n<\/li>\n<li data-start=\"1240\" data-end=\"1289\">\n<p data-start=\"1242\" data-end=\"1289\">Descrizioni e specifiche chiare del prodotto<\/p>\n<\/li>\n<li data-start=\"1290\" data-end=\"1330\">\n<p data-start=\"1292\" data-end=\"1330\">Logistica rapida e affidabile orientata all'UE<\/p>\n<\/li>\n<li data-start=\"1331\" data-end=\"1400\">\n<p data-start=\"1333\" data-end=\"1400\">Un catalogo focalizzato su <strong data-start=\"1356\" data-end=\"1373\">vaporizzatori popolari<\/strong>, non su SKU sovraccarichi<\/p>\n<\/li>\n<\/ul>\n<h2 data-start=\"2064\" data-end=\"2115\">Domande frequenti su Al Fakher CRYSTAL 8000 V2 Vape usa e getta<\/h2>\n<p data-start=\"3467\" data-end=\"3658\"><strong data-start=\"3467\" data-end=\"3546\">1. Cosa rende l'Al Fakher CRYSTAL 8K V2 diverso dagli altri usa e getta?<\/strong><br data-start=\"3546\" data-end=\"3549\" \/>Si concentra sulla stabilit\u00e0 del sapore, sulla bassa concentrazione di nicotina e sulla modalit\u00e0 di svapo duale piuttosto che su un numero estremo di puff.<\/p>\n<p data-start=\"3660\" data-end=\"3780\"><strong data-start=\"3660\" data-end=\"3721\">2. La Al Fakher Crown Bar Crystal 8K V2 \u00e8 ricaricabile?<\/strong><br data-start=\"3721\" data-end=\"3724\" \/>S\u00ec, dispone di una batteria da 850mAh con ricarica Type-C.<\/p>\n<p data-start=\"3782\" data-end=\"3917\"><strong data-start=\"3782\" data-end=\"3825\">3. Per chi \u00e8 pi\u00f9 adatto questo prodotto?<\/strong><br data-start=\"3825\" data-end=\"3828\" \/>Utenti che desiderano un sapore morbido, un'assunzione di nicotina pi\u00f9 leggera e prestazioni quotidiane costanti.<\/p>\n<p data-start=\"3919\" data-end=\"4102\"><strong data-start=\"3919\" data-end=\"3989\">4. Come si confronta con dispositivi ad alto numero di puff come Airmez Fox 80000?<\/strong><br data-start=\"3989\" data-end=\"3992\" \/>Il Crystal 8K V2 privilegia il controllo e la precisione del sapore, mentre i modelli ad alto numero di puff si concentrano sulla durata estesa.<\/p>\n<p data-start=\"4104\" data-end=\"4265\"><strong data-start=\"4104\" data-end=\"4166\">5. Questo prodotto \u00e8 adatto alla distribuzione all'ingrosso in Italia?<\/strong><br data-start=\"4166\" data-end=\"4169\" \/>S\u00ec, \u00e8 confezionato in cartoni all'ingrosso ed \u00e8 popolare per <strong data-start=\"4219\" data-end=\"4257\">Vape usa e getta all'ingrosso Italia<\/strong> fornitura.<\/p>\n<\/div>\n<\/div>\n<\/div>\n<\/div>","protected":false},"excerpt":{"rendered":"<p data-start=\"1873\" data-end=\"1964\"><strong data-start=\"1873\" data-end=\"1964\">Al Fakher Crown Bar Crystal 8K V2 \u2013 Vape usa e getta a prestazioni stabili per il commercio all'ingrosso in Italia<\/strong><\/p>\n<p data-start=\"1968\" data-end=\"2039\"><strong data-start=\"1968\" data-end=\"2039\">Al Fakher CRYSTAL 8K V2 con Modalit\u00e0 Dual Vaping e Bassa Nicotina<\/strong><\/p>\n<p data-start=\"2043\" data-end=\"2136\"><strong data-start=\"2043\" data-end=\"2136\">Crystal 8K V2 di Al Fakher \u2013 Vape usa e getta affidabile da 8000 puff a prezzo competitivo all'ingrosso<\/strong><\/p>\n<p><strong>Aggiungi il whatsapp di Amy per ottenere la risposta giusta e il prezzo scontato!<\/strong><\/p>\n<p><img fetchpriority=\"high\" decoding=\"async\" class=\"size-full wp-image-2932\" src=\"https:\/\/vapestornado.com\/wp-content\/uploads\/2024\/12\/Vape-Wholesale.jpg\" alt=\"Vape all&#039;ingrosso\" width=\"229\" height=\"300\" \/><\/p>\n<h3><a href=\"https:\/\/wa.me\/8617776015835\"><span style=\"color: #ff0000;\"><strong>WhatsApp: +86 17776015835<\/strong><\/span><\/a><\/h3>","protected":false},"featured_media":4770,"comment_status":"open","ping_status":"closed","template":"","meta":{"_acf_changed":false,"_uag_custom_page_level_css":"","_lmt_disableupdate":"no","_lmt_disable":"","_monsterinsights_skip_tracking":false,"_monsterinsights_sitenote_active":false,"_monsterinsights_sitenote_note":"","_monsterinsights_sitenote_category":0,"site-sidebar-layout":"default","site-content-layout":"","ast-site-content-layout":"default","site-content-style":"default","site-sidebar-style":"default","ast-global-header-display":"","ast-banner-title-visibility":"","ast-main-header-display":"","ast-hfb-above-header-display":"","ast-hfb-below-header-display":"","ast-hfb-mobile-header-display":"","site-post-title":"","ast-breadcrumbs-content":"","ast-featured-img":"","footer-sml-layout":"","ast-disable-related-posts":"","theme-transparent-header-meta":"default","adv-header-id-meta":"","stick-header-meta":"","header-above-stick-meta":"","header-main-stick-meta":"","header-below-stick-meta":"","astra-migrate-meta-layouts":"set","ast-page-background-enabled":"default","ast-page-background-meta":{"desktop":{"background-color":"","background-image":"","background-repeat":"repeat","background-position":"center center","background-size":"auto","background-attachment":"scroll","background-type":"","background-media":"","overlay-type":"","overlay-color":"","overlay-opacity":"","overlay-gradient":""},"tablet":{"background-color":"","background-image":"","background-repeat":"repeat","background-position":"center center","background-size":"auto","background-attachment":"scroll","background-type":"","background-media":"","overlay-type":"","overlay-color":"","overlay-opacity":"","overlay-gradient":""},"mobile":{"background-color":"","background-image":"","background-repeat":"repeat","background-position":"center center","background-size":"auto","background-attachment":"scroll","background-type":"","background-media":"","overlay-type":"","overlay-color":"","overlay-opacity":"","overlay-gradient":""}},"ast-content-background-meta":{"desktop":{"background-color":"var(--ast-global-color-5)","background-image":"","background-repeat":"repeat","background-position":"center center","background-size":"auto","background-attachment":"scroll","background-type":"","background-media":"","overlay-type":"","overlay-color":"","overlay-opacity":"","overlay-gradient":""},"tablet":{"background-color":"var(--ast-global-color-5)","background-image":"","background-repeat":"repeat","background-position":"center center","background-size":"auto","background-attachment":"scroll","background-type":"","background-media":"","overlay-type":"","overlay-color":"","overlay-opacity":"","overlay-gradient":""},"mobile":{"background-color":"var(--ast-global-color-5)","background-image":"","background-repeat":"repeat","background-position":"center center","background-size":"auto","background-attachment":"scroll","background-type":"","background-media":"","overlay-type":"","overlay-color":"","overlay-opacity":"","overlay-gradient":""}},"_joinchat":[]},"product_brand":[],"product_cat":[140,149,156,158,141,142,146,147],"product_tag":[529,530,528,355,287,513,512],"class_list":{"0":"post-4772","1":"product","2":"type-product","3":"status-publish","4":"has-post-thumbnail","6":"product_cat-big-puffs-disposable-vapes","7":"product_cat-buy-disposable-vapes-in-austria","8":"product_cat-buy-disposable-vapes-in-poland","9":"product_cat-buy-disposable-vapes-in-spain","10":"product_cat-crystal-disposable-vapes","11":"product_cat-digital-box-disposable-vapes","12":"product_cat-rechargeable-disposable-vapes","13":"product_cat-shisha-hookah-disposable-vapes","14":"product_tag-al-fakher-8k-v2","15":"product_tag-al-fakher-crystal-8000-v2","16":"product_tag-al-fakher-crystal-8k-v2","17":"product_tag-big-puff-vape","18":"product_tag-disposable-vape-pen","19":"product_tag-vape-discount-price","20":"product_tag-vape-wholesale-distributor","21":"desktop-align-left","22":"tablet-align-left","23":"mobile-align-left","25":"first","26":"instock","27":"sale","28":"shipping-taxable","29":"purchasable","30":"product-type-simple"},"acf":[],"uagb_featured_image_src":{"full":["https:\/\/vapestornado.com\/wp-content\/uploads\/2026\/01\/Al-Fakher-Disposable-Vapes-Best-Price.webp",800,800,false],"thumbnail":["https:\/\/vapestornado.com\/wp-content\/uploads\/2026\/01\/Al-Fakher-Disposable-Vapes-Best-Price-150x150.webp",150,150,true],"medium":["https:\/\/vapestornado.com\/wp-content\/uploads\/2026\/01\/Al-Fakher-Disposable-Vapes-Best-Price-300x300.webp",300,300,true],"medium_large":["https:\/\/vapestornado.com\/wp-content\/uploads\/2026\/01\/Al-Fakher-Disposable-Vapes-Best-Price-768x768.webp",768,768,true],"large":["https:\/\/vapestornado.com\/wp-content\/uploads\/2026\/01\/Al-Fakher-Disposable-Vapes-Best-Price.webp",800,800,false],"1536x1536":["https:\/\/vapestornado.com\/wp-content\/uploads\/2026\/01\/Al-Fakher-Disposable-Vapes-Best-Price.webp",800,800,false],"2048x2048":["https:\/\/vapestornado.com\/wp-content\/uploads\/2026\/01\/Al-Fakher-Disposable-Vapes-Best-Price.webp",800,800,false],"trp-custom-language-flag":["https:\/\/vapestornado.com\/wp-content\/uploads\/2026\/01\/Al-Fakher-Disposable-Vapes-Best-Price-12x12.webp",12,12,true],"woocommerce_thumbnail":["https:\/\/vapestornado.com\/wp-content\/uploads\/2026\/01\/Al-Fakher-Disposable-Vapes-Best-Price-300x300.webp",300,300,true],"woocommerce_single":["https:\/\/vapestornado.com\/wp-content\/uploads\/2026\/01\/Al-Fakher-Disposable-Vapes-Best-Price-600x600.webp",600,600,true],"woocommerce_gallery_thumbnail":["https:\/\/vapestornado.com\/wp-content\/uploads\/2026\/01\/Al-Fakher-Disposable-Vapes-Best-Price-100x100.webp",100,100,true]},"uagb_author_info":{"display_name":"ESAMY","author_link":"https:\/\/vapestornado.com\/it\/author\/"},"uagb_comment_info":0,"uagb_excerpt":"Al Fakher Crown Bar Crystal 8K V2 \u2013 Stable Performance Disposable Vape for EU Wholesale Al Fakher CRYSTAL 8K V2 with Dual Vaping Mode &amp; Low Nicotine Output Crystal 8K V2 by Al Fakher \u2013 Reliable 8000 Puff Disposable at Competitive Wholesale Price Add Amy's whatsapp to get right reply and discount price! WhatsApp: +86&hellip;","_links":{"self":[{"href":"https:\/\/vapestornado.com\/it\/wp-json\/wp\/v2\/product\/4772","targetHints":{"allow":["GET"]}}],"collection":[{"href":"https:\/\/vapestornado.com\/it\/wp-json\/wp\/v2\/product"}],"about":[{"href":"https:\/\/vapestornado.com\/it\/wp-json\/wp\/v2\/types\/product"}],"replies":[{"embeddable":true,"href":"https:\/\/vapestornado.com\/it\/wp-json\/wp\/v2\/comments?post=4772"}],"wp:featuredmedia":[{"embeddable":true,"href":"https:\/\/vapestornado.com\/it\/wp-json\/wp\/v2\/media\/4770"}],"wp:attachment":[{"href":"https:\/\/vapestornado.com\/it\/wp-json\/wp\/v2\/media?parent=4772"}],"wp:term":[{"taxonomy":"product_brand","embeddable":true,"href":"https:\/\/vapestornado.com\/it\/wp-json\/wp\/v2\/product_brand?post=4772"},{"taxonomy":"product_cat","embeddable":true,"href":"https:\/\/vapestornado.com\/it\/wp-json\/wp\/v2\/product_cat?post=4772"},{"taxonomy":"product_tag","embeddable":true,"href":"https:\/\/vapestornado.com\/it\/wp-json\/wp\/v2\/product_tag?post=4772"}],"curies":[{"name":"wp","href":"https:\/\/api.w.org\/{rel}","templated":true}]}}