{"id":4716,"date":"2025-12-24T03:47:14","date_gmt":"2025-12-24T03:47:14","guid":{"rendered":"https:\/\/vapestornado.com\/?post_type=product&#038;p=4716"},"modified":"2025-12-24T06:53:12","modified_gmt":"2025-12-24T06:53:12","slug":"fihp-90k-puffs-90000-3-in-1-triple-flavors-crystal-vape-shop-wholesale-disposable-e-cigarette","status":"publish","type":"product","link":"https:\/\/vapestornado.com\/it\/product\/fihp-90k-puffs-90000-3-in-1-triple-flavors-crystal-vape-shop-wholesale-disposable-e-cigarette\/","title":{"rendered":"FIHP 90K Puffs 90000 3 in 1 Triple Flavors Sigaretta Elettronica Usa e Getta Crystal Vape Shop All'ingrosso"},"content":{"rendered":"<h2 data-pm-slice=\"1 1 []\">FIHP 90K Puffs 90000 Sigaretta Elettronica Usa e Getta Tripla Gusto in Cristallo All'ingrosso<\/h2>\n<p data-start=\"90\" data-end=\"562\">La <strong data-start=\"94\" data-end=\"112\">FIHP 90K Puffs<\/strong> \u00e8 progettato per adulti che desiderano un dispositivo a lunga durata che rimanga interessante. La specifica principale \u00e8 ovvia\u2014<strong data-start=\"213\" data-end=\"229\">90.000 puff<\/strong>\u2014ma ci\u00f2 che lo rende utilizzabile giorno dopo giorno \u00e8 la combinazione di un <strong data-start=\"293\" data-end=\"324\">sistema triplo a 3 in 1 di gusti<\/strong>, una <strong data-start=\"328\" data-end=\"344\">schermo intelligente<\/strong>, e hardware della bobina progettato per un output di gusto stabile. Questo \u00e8 il tipo di <strong data-start=\"420\" data-end=\"446\">Sigaretta Elettronica Usa e Getta<\/strong> che si adatta sia all'uso personale che alla fornitura all'ingrosso nei negozi di vape perch\u00e9 \u00e8 facile da spiegare e facile da fidarsi in mano.<\/p>\n<p data-start=\"564\" data-end=\"847\">Il corpo trasparente \u201ccristallo\u201d non \u00e8 solo per stile; rende anche il prodotto moderno e diretto\u2014quello che vedi \u00e8 quello che ottieni. Per molti acquirenti in Europa, questo conta: un aspetto pulito, feedback chiaro dallo schermo e nessun mistero sul fatto che il dispositivo sia in esaurimento.<\/p>\n<p data-start=\"876\" data-end=\"1116\">Le disposables ad alta capacit\u00e0 spesso falliscono in modi prevedibili: il gusto diventa insipido, l'output diventa incoerente, o gli utenti non riescono a capire se il dispositivo \u00e8 vuoto o semplicemente necessita di essere ricaricato. FIHP 90000 puff affronta questi problemi con scelte hardware pratiche.<\/p>\n<p data-start=\"1118\" data-end=\"1588\">La <strong data-start=\"1122\" data-end=\"1138\">schermo intelligente<\/strong> mostra <strong data-start=\"1145\" data-end=\"1181\">livello della batteria e livello del liquido<\/strong>, cos\u00ec non devi indovinare. Ci\u00f2 riduce la frustrazione e riduce i momenti di \u201cha smesso di funzionare\u201d che sono in realt\u00e0 solo bassa potenza. I <strong data-start=\"1318\" data-end=\"1342\">Resistenze dual mesh da 0,9\u03a9<\/strong> sono progettati con una superficie di riscaldamento pi\u00f9 ampia, che aiuta a mantenere la produzione di vapore costante e il gusto pi\u00f9 pulito durante un uso prolungato. Aggiungi il <strong data-start=\"1469\" data-end=\"1488\">ricarica di tipo C<\/strong> e <strong data-start=\"1493\" data-end=\"1511\">650 mAh<\/strong>, e il dispositivo si adatta alle vere routine quotidiane\u2014ricarica rapidamente, usa pi\u00f9 a lungo, ripeti.<\/p>\n<h3 data-start=\"1590\" data-end=\"1635\">Perch\u00e9 acquistare la sigaretta elettronica usa e getta FIHP 90K 90000 Puff<\/h3>\n<ul data-start=\"1636\" data-end=\"2259\">\n<li data-start=\"1636\" data-end=\"1764\">\n<p data-start=\"1638\" data-end=\"1764\"><strong data-start=\"1638\" data-end=\"1665\">Lunga durata della sostituzione:<\/strong> il <strong data-start=\"1670\" data-end=\"1679\">90000<\/strong> il design a soffio riduce la frequenza con cui \u00e8 necessario un nuovo dispositivo, soprattutto per gli utenti abituali.<\/p>\n<\/li>\n<li data-start=\"1765\" data-end=\"1936\">\n<p data-start=\"1767\" data-end=\"1936\"><strong data-start=\"1767\" data-end=\"1801\">Variazioni senza dispositivi extra:<\/strong> il <strong data-start=\"1806\" data-end=\"1824\">3 gusti in 1<\/strong> il sistema \u00e8 pratico\u2014cambiare profili aiuta a evitare la stanchezza del sapore, comune con le sigarette elettroniche ad alta capacit\u00e0.<\/p>\n<\/li>\n<li data-start=\"1937\" data-end=\"2094\">\n<p data-start=\"1939\" data-end=\"2094\"><strong data-start=\"1939\" data-end=\"1968\">Stato chiaro a colpo d'occhio:<\/strong> lo schermo rende il dispositivo pi\u00f9 prevedibile, soprattutto per chi vaporizza durante tutta la giornata e non vuole sorprese.<\/p>\n<\/li>\n<li data-start=\"2095\" data-end=\"2259\">\n<p data-start=\"2097\" data-end=\"2259\"><strong data-start=\"2097\" data-end=\"2120\">Compatibile con il commercio all'ingrosso:<\/strong> per un'esposizione in negozio di sigarette elettroniche in stile cristallo, il prodotto appare di alta qualit\u00e0 pur rimanendo semplice da presentare: 90K + tripli gusti + schermo + Type-C.<\/p>\n<\/li>\n<\/ul>\n<p><strong><span style=\"color: #ff0000;\">Aggiungi il whatsapp di Amy per ottenere subito una risposta e un coupon per il vape!<\/span><\/strong><\/p>\n<p><img fetchpriority=\"high\" decoding=\"async\" class=\"size-full wp-image-2932\" src=\"https:\/\/vapestornado.com\/wp-content\/uploads\/2024\/12\/Vape-Wholesale.jpg\" alt=\"Vape all&#039;ingrosso\" width=\"229\" height=\"300\" \/><\/p>\n<h3><a href=\"https:\/\/wa.me\/8617776015835\" target=\"_blank\" rel=\"noopener\"><span style=\"color: #ff0000;\"><strong>WhatsApp: +86 17776015835<\/strong><\/span><\/a><\/h3>\n<figure id=\"attachment_4711\" aria-describedby=\"caption-attachment-4711\" style=\"width: 300px\" class=\"wp-caption alignnone\"><img decoding=\"async\" class=\"size-medium wp-image-4711\" src=\"https:\/\/vapestornado.com\/wp-content\/uploads\/2025\/12\/FIHP-90K-90000-Puff-Bar-Disposables-Triple-Flavors-300x300.webp\" alt=\"FIHP 90K 90000 Puff Bar Disposables Tripli Gusti\" width=\"300\" height=\"300\" srcset=\"https:\/\/vapestornado.com\/wp-content\/uploads\/2025\/12\/FIHP-90K-90000-Puff-Bar-Disposables-Triple-Flavors-300x300.webp 300w, https:\/\/vapestornado.com\/wp-content\/uploads\/2025\/12\/FIHP-90K-90000-Puff-Bar-Disposables-Triple-Flavors-150x150.webp 150w, https:\/\/vapestornado.com\/wp-content\/uploads\/2025\/12\/FIHP-90K-90000-Puff-Bar-Disposables-Triple-Flavors-768x768.webp 768w, https:\/\/vapestornado.com\/wp-content\/uploads\/2025\/12\/FIHP-90K-90000-Puff-Bar-Disposables-Triple-Flavors-12x12.webp 12w, https:\/\/vapestornado.com\/wp-content\/uploads\/2025\/12\/FIHP-90K-90000-Puff-Bar-Disposables-Triple-Flavors-600x600.webp 600w, https:\/\/vapestornado.com\/wp-content\/uploads\/2025\/12\/FIHP-90K-90000-Puff-Bar-Disposables-Triple-Flavors-100x100.webp 100w, https:\/\/vapestornado.com\/wp-content\/uploads\/2025\/12\/FIHP-90K-90000-Puff-Bar-Disposables-Triple-Flavors.webp 800w\" sizes=\"(max-width: 300px) 100vw, 300px\" \/><figcaption id=\"caption-attachment-4711\" class=\"wp-caption-text\">FIHP 90K 90000 Puff Bar Disposables Tripli Gusti<\/figcaption><\/figure>\n<p>&nbsp;<\/p>\n<h2><strong>Caratteristiche del prodotto FIHP 90K Puff<\/strong><\/h2>\n<table>\n<thead>\n<tr>\n<th>Caratteristica<\/th>\n<th>lo rende facile da avere a portata di mano quando sei fuori. \u00c8 progettato per l'uso quotidiano senza sentirsi ingombrante. Le opzioni di concentrazione di nicotina includono<\/th>\n<th>Cosa significa nell'uso reale<\/th>\n<\/tr>\n<\/thead>\n<tbody>\n<tr>\n<td>Capacit\u00e0 di tiri<\/td>\n<td>Fino a 90.000 puff<\/td>\n<td>Progettato per un uso prolungato; il conteggio effettivo di puff dipende dalla lunghezza dell'aspirazione e dalle abitudini di utilizzo.<\/td>\n<\/tr>\n<tr>\n<td>Sistema di gusto<\/td>\n<td>3 in 1 Tripli Gusti<\/td>\n<td>Alterna tra tre gusti in un solo dispositivo per ridurre la stanchezza del sapore durante un uso prolungato.<\/td>\n<\/tr>\n<tr>\n<td>Tipo di bobina<\/td>\n<td>Resistenze a doppia maglia da 0,9\u03a9<\/td>\n<td>Area di riscaldamento pi\u00f9 grande supporta vapori pi\u00f9 stabili e un sapore pi\u00f9 pulito durante sessioni prolungate.<\/td>\n<\/tr>\n<tr>\n<td>Batteria<\/td>\n<td>Batteria ricaricabile da 650mAh<\/td>\n<td>Realizzato per l'uso quotidiano; ricaricare quando necessario piuttosto che gettare via prematuramente.<\/td>\n<\/tr>\n<tr>\n<td>Ricarica<\/td>\n<td>Type-C (circa 30 minuti dichiarati)<\/td>\n<td>Ricarica pi\u00f9 veloce e comoda rispetto alle porte pi\u00f9 vecchie; i tempi variano in base al caricatore e alle condizioni.<\/td>\n<\/tr>\n<tr>\n<td>Espositore<\/td>\n<td>Schermo intelligente (batteria + e-liquid)<\/td>\n<td>Riduce le supposizioni mostrando lo stato del dispositivo a colpo d'occhio.<\/td>\n<\/tr>\n<tr>\n<td>Opzioni di nicotina<\/td>\n<td>2% \/ 5%<\/td>\n<td>Due intensit\u00e0 per diverse preferenze degli adulti (disponibilit\u00e0 sul mercato pu\u00f2 variare).<\/td>\n<\/tr>\n<tr>\n<td>Design<\/td>\n<td>Corpo trasparente in stile cristallo<\/td>\n<td>Aspetto moderno adatto per esposizione al dettaglio e facile presentazione del prodotto.<\/td>\n<\/tr>\n<\/tbody>\n<\/table>\n<h2 class=\"product-title\"><strong>FIHP 90K Puff Elenco di gusti Puff Puff<\/strong><\/h2>\n<h2 data-start=\"4164\" data-end=\"4193\"><\/h2>\n<ol data-start=\"4195\" data-end=\"4730\">\n<li data-start=\"4195\" data-end=\"4239\">\n<p data-start=\"4198\" data-end=\"4239\">Ciliegia frizzante &amp; Lady Killer &amp; Gummy Bear<\/p>\n<\/li>\n<li data-start=\"4240\" data-end=\"4287\">\n<p data-start=\"4243\" data-end=\"4287\">Mirtillo lampone &amp; Love 666 &amp; Pesca ghiacciata<\/p>\n<\/li>\n<li data-start=\"4288\" data-end=\"4343\">\n<p data-start=\"4291\" data-end=\"4343\">Lampone anguria &amp; Frutti misti &amp; Mango pesca<\/p>\n<\/li>\n<li data-start=\"4344\" data-end=\"4406\">\n<p data-start=\"4347\" data-end=\"4406\">Limonata Blue Razz &amp; Fragola lampone &amp; Caramella arcobaleno<\/p>\n<\/li>\n<li data-start=\"4407\" data-end=\"4463\">\n<p data-start=\"4410\" data-end=\"4463\">Gomma da masticare anguria &amp; Ghiaccio uva &amp; Ghiaccio drago nero<\/p>\n<\/li>\n<li data-start=\"4464\" data-end=\"4514\">\n<p data-start=\"4467\" data-end=\"4514\">Ananas cocco &amp; Frutta mista &amp; Limone pesca<\/p>\n<\/li>\n<li data-start=\"4515\" data-end=\"4575\">\n<p data-start=\"4518\" data-end=\"4575\">Doppio mela &amp; Fragola banana &amp; Lampone anguria<\/p>\n<\/li>\n<li data-start=\"4576\" data-end=\"4624\">\n<p data-start=\"4579\" data-end=\"4624\">Anguria ghiacciata &amp; Red Bull &amp; Kiwi fragola<\/p>\n<\/li>\n<li data-start=\"4625\" data-end=\"4680\">\n<p data-start=\"4628\" data-end=\"4680\">Mirtillo ghiacciato &amp; Fragola anguria &amp; Limone lime<\/p>\n<\/li>\n<li data-start=\"4681\" data-end=\"4730\">\n<p data-start=\"4685\" data-end=\"4730\">Pesca frutti di bosco &amp; Triplo melone &amp; Anguria ghiacciata<\/p>\n<\/li>\n<\/ol>\n<div class=\"flex-shrink-0 flex flex-col relative items-end\">\n<div class=\"pt-0\">\n<div class=\"gizmo-bot-avatar flex h-8 w-8 items-center justify-center overflow-hidden rounded-full\">\n<div class=\"relative p-1 rounded-sm flex items-center justify-center bg-token-main-surface-primary text-token-text-primary h-8 w-8\">\n<h2 data-start=\"1200\" data-end=\"1487\">Vapes Tornado \u2013 Il tuo negozio all'ingrosso online di vaporizzatori popolari<\/h2>\n<p data-start=\"72\" data-end=\"396\"><strong data-start=\"72\" data-end=\"89\">Vape Tornado<\/strong> \u00e8 un negozio all'ingrosso online di vaporizzatori con focus sull'Europa che fornisce una gamma accuratamente selezionata di <strong data-start=\"178\" data-end=\"195\">vaporizzatori popolari<\/strong> per acquirenti professionisti. Collaboriamo con rivenditori, distributori e negozi online in tutta l'UE che necessitano di fornitura stabile, informazioni chiare sui prodotti e marchi che i clienti gi\u00e0 riconoscono e di cui si fidano.<\/p>\n<p data-start=\"398\" data-end=\"687\">Lavoriamo con nomi affidabili come <strong data-start=\"307\" data-end=\"362\"><a href=\"https:\/\/vapestornado.com\/it\/product\/randm-12000-puffs-fumot-digital-disposable-vape-wholesale-price\/\">Fumot VAPE<\/a>, <a href=\"https:\/\/vapestornado.com\/it\/product\/original-wga-ultra-35k-35000-puff-rechargeable-crystal-disposable-nicotine-vape-best-discount-price\/\">WGA VAPE<\/a>, <\/strong><strong data-start=\"307\" data-end=\"362\"><a href=\"https:\/\/vapestornado.com\/it\/product\/vozol-gear-shisha-25k-25000-puffs-best-dtl-disposable-vape-hookah-cheap-price\/\">VOZOL BAR VAPE<\/a>,<\/strong><strong data-start=\"247\" data-end=\"352\">\u00a0Elf Bar Vape, WASPE Vape, <a href=\"https:\/\/vapestornado.com\/it\/product\/uzy-150k-puffs-6-in-1-flavor-switch-disposable-vape-pen-wholesale\/\">Vaporizzatore UZY<\/a>, Bang Vape, Razz Bar Vape, e Stag Bar Vape<\/strong>, scelti per qualit\u00e0 costante e forte domanda nel mercato europeo.<\/p>\n<h4 data-start=\"1080\" data-end=\"1120\">Progettato per acquirenti all'ingrosso europei<\/h4>\n<p data-start=\"1121\" data-end=\"1189\">Vapes Tornado \u00e8 strutturato attorno alle vere esigenze dei grossisti dell'UE:<\/p>\n<ul data-start=\"1190\" data-end=\"1400\">\n<li data-start=\"1190\" data-end=\"1239\">\n<p data-start=\"1192\" data-end=\"1239\">Prezzi all'ingrosso competitivi per ordini all'ingrosso<\/p>\n<\/li>\n<li data-start=\"1240\" data-end=\"1289\">\n<p data-start=\"1242\" data-end=\"1289\">Descrizioni e specifiche chiare del prodotto<\/p>\n<\/li>\n<li data-start=\"1290\" data-end=\"1330\">\n<p data-start=\"1292\" data-end=\"1330\">Logistica rapida e affidabile orientata all'UE<\/p>\n<\/li>\n<li data-start=\"1331\" data-end=\"1400\">\n<p data-start=\"1333\" data-end=\"1400\">Un catalogo focalizzato su <strong data-start=\"1356\" data-end=\"1373\">vaporizzatori popolari<\/strong>, non su SKU sovraccarichi<\/p>\n<\/li>\n<\/ul>\n<p data-start=\"1200\" data-end=\"1487\">\n<h2 data-start=\"2064\" data-end=\"2115\">FAQ sulla sigaretta elettronica usa e getta FIHP 90K Puffs<\/h2>\n<p data-start=\"5001\" data-end=\"5156\"><strong data-start=\"5001\" data-end=\"5050\">1) \u00c8 garantito 90.000 puff per ogni utente?<\/strong><br data-start=\"5050\" data-end=\"5053\" \/>No. Il conteggio dei puff varia in base alla lunghezza dell'aspirazione, alla frequenza e allo stile di utilizzo; 90K \u00e8 un obiettivo di progettazione massimo.<\/p>\n<p data-start=\"5158\" data-end=\"5316\"><strong data-start=\"5158\" data-end=\"5211\">2) Come funziona il sistema a tripla aromatizzazione 3 in 1?<\/strong><br data-start=\"5211\" data-end=\"5214\" \/>Un dispositivo include tre aromi, consentendo di passare da uno all'altro ogni volta che si desidera un gusto diverso durante l'uso.<\/p>\n<p data-start=\"5318\" data-end=\"5457\"><strong data-start=\"5318\" data-end=\"5357\">3) Cosa mostra lo schermo intelligente?<\/strong><br data-start=\"5357\" data-end=\"5360\" \/>\u00c8 progettato per visualizzare il livello della batteria e il livello di e-liquid, cos\u00ec gli utenti possono controllare lo stato con un'occhiata.<\/p>\n<p data-start=\"5459\" data-end=\"5633\"><strong data-start=\"5459\" data-end=\"5498\">4) Perch\u00e9 scegliere le coil a doppia mesh da 0,9\u03a9?<\/strong><br data-start=\"5498\" data-end=\"5501\" \/>Le coil a doppia mesh offrono una superficie di riscaldamento pi\u00f9 ampia, che aiuta a mantenere un'uscita di vapore e un sapore pi\u00f9 costanti durante un uso prolungato.<\/p>\n<p data-start=\"5635\" data-end=\"5802\" data-is-last-node=\"\" data-is-only-node=\"\"><strong data-start=\"5635\" data-end=\"5670\">5) Quanto tempo richiede la ricarica?<\/strong><br data-start=\"5670\" data-end=\"5673\" \/>La ricarica Type-C \u00e8 indicata intorno ai 30 minuti, anche se il tempo reale di ricarica pu\u00f2 variare a seconda dell'adattatore di alimentazione e delle condizioni.<\/p>\n<\/div>\n<\/div>\n<\/div>\n<\/div>","protected":false},"excerpt":{"rendered":"<p data-start=\"5635\" data-end=\"5802\" data-is-last-node=\"\" data-is-only-node=\"\">La <strong data-start=\"37\" data-end=\"55\">FIHP 90K Puffs<\/strong> \u00e8 progettato per chi si aspetta di pi\u00f9 da un usa e getta. Con fino a <strong data-start=\"121\" data-end=\"137\">90.000 puff<\/strong>, una <strong data-start=\"141\" data-end=\"172\">sistema di triplo gusto 3-in-1<\/strong>, e un <strong data-start=\"180\" data-end=\"196\">schermo intelligente<\/strong> che mantiene la batteria e il liquido visibili, offre prestazioni durature senza il solito indovinare. Alimentato da un <strong data-start=\"323\" data-end=\"346\">bobina dual mesh da 0,9\u03a9<\/strong> e una ricarica veloce <strong data-start=\"356\" data-end=\"375\">ricarica di tipo C<\/strong>, questa sigaretta elettronica usa e getta in stile cristallo offre un gusto morbido, vapore consistente e affidabilit\u00e0 quotidiana\u2014rendendola una scelta eccezionale per uso personale e vendita all'ingrosso nei negozi di vape.<\/p>\n<p><strong>Aggiungi il whatsapp di Amy per ottenere la risposta giusta e il prezzo scontato!<\/strong><\/p>\n<p><img fetchpriority=\"high\" decoding=\"async\" class=\"size-full wp-image-2932\" src=\"https:\/\/vapestornado.com\/wp-content\/uploads\/2024\/12\/Vape-Wholesale.jpg\" alt=\"Vape all&#039;ingrosso\" width=\"229\" height=\"300\" \/><\/p>\n<h3><a href=\"https:\/\/wa.me\/8617776015835\"><span style=\"color: #ff0000;\"><strong>WhatsApp: +86 17776015835<\/strong><\/span><\/a><\/h3>","protected":false},"featured_media":4715,"comment_status":"open","ping_status":"closed","template":"","meta":{"_acf_changed":false,"_uag_custom_page_level_css":"","_lmt_disableupdate":"no","_lmt_disable":"","_monsterinsights_skip_tracking":false,"_monsterinsights_sitenote_active":false,"_monsterinsights_sitenote_note":"","_monsterinsights_sitenote_category":0,"site-sidebar-layout":"default","site-content-layout":"","ast-site-content-layout":"default","site-content-style":"default","site-sidebar-style":"default","ast-global-header-display":"","ast-banner-title-visibility":"","ast-main-header-display":"","ast-hfb-above-header-display":"","ast-hfb-below-header-display":"","ast-hfb-mobile-header-display":"","site-post-title":"","ast-breadcrumbs-content":"","ast-featured-img":"","footer-sml-layout":"","ast-disable-related-posts":"","theme-transparent-header-meta":"default","adv-header-id-meta":"","stick-header-meta":"","header-above-stick-meta":"","header-main-stick-meta":"","header-below-stick-meta":"","astra-migrate-meta-layouts":"set","ast-page-background-enabled":"default","ast-page-background-meta":{"desktop":{"background-color":"","background-image":"","background-repeat":"repeat","background-position":"center center","background-size":"auto","background-attachment":"scroll","background-type":"","background-media":"","overlay-type":"","overlay-color":"","overlay-opacity":"","overlay-gradient":""},"tablet":{"background-color":"","background-image":"","background-repeat":"repeat","background-position":"center center","background-size":"auto","background-attachment":"scroll","background-type":"","background-media":"","overlay-type":"","overlay-color":"","overlay-opacity":"","overlay-gradient":""},"mobile":{"background-color":"","background-image":"","background-repeat":"repeat","background-position":"center center","background-size":"auto","background-attachment":"scroll","background-type":"","background-media":"","overlay-type":"","overlay-color":"","overlay-opacity":"","overlay-gradient":""}},"ast-content-background-meta":{"desktop":{"background-color":"var(--ast-global-color-5)","background-image":"","background-repeat":"repeat","background-position":"center center","background-size":"auto","background-attachment":"scroll","background-type":"","background-media":"","overlay-type":"","overlay-color":"","overlay-opacity":"","overlay-gradient":""},"tablet":{"background-color":"var(--ast-global-color-5)","background-image":"","background-repeat":"repeat","background-position":"center center","background-size":"auto","background-attachment":"scroll","background-type":"","background-media":"","overlay-type":"","overlay-color":"","overlay-opacity":"","overlay-gradient":""},"mobile":{"background-color":"var(--ast-global-color-5)","background-image":"","background-repeat":"repeat","background-position":"center center","background-size":"auto","background-attachment":"scroll","background-type":"","background-media":"","overlay-type":"","overlay-color":"","overlay-opacity":"","overlay-gradient":""}},"_joinchat":[]},"product_brand":[],"product_cat":[154,156,158,142,146,60],"product_tag":[387,120,287,505,504,503,393],"class_list":{"0":"post-4716","1":"product","2":"type-product","3":"status-publish","4":"has-post-thumbnail","6":"product_cat-buy-disposable-vapes-in-netherlands","7":"product_cat-buy-disposable-vapes-in-poland","8":"product_cat-buy-disposable-vapes-in-spain","9":"product_cat-digital-box-disposable-vapes","10":"product_cat-rechargeable-disposable-vapes","11":"product_cat-waspe-fihp-vape","12":"product_tag-cigarette-vapor","13":"product_tag-crystal-vape","14":"product_tag-disposable-vape-pen","15":"product_tag-fihp-90000-puff","16":"product_tag-fihp-90k-puffs","17":"product_tag-multi-flavor-disposable-vape","18":"product_tag-vape-cartridge","19":"desktop-align-left","20":"tablet-align-left","21":"mobile-align-left","23":"first","24":"instock","25":"sale","26":"shipping-taxable","27":"purchasable","28":"product-type-simple"},"acf":[],"uagb_featured_image_src":{"full":["https:\/\/vapestornado.com\/wp-content\/uploads\/2025\/12\/FIHP-90000-Puff-90k-Disposable-Vape-Pod.webp",800,800,false],"thumbnail":["https:\/\/vapestornado.com\/wp-content\/uploads\/2025\/12\/FIHP-90000-Puff-90k-Disposable-Vape-Pod-150x150.webp",150,150,true],"medium":["https:\/\/vapestornado.com\/wp-content\/uploads\/2025\/12\/FIHP-90000-Puff-90k-Disposable-Vape-Pod-300x300.webp",300,300,true],"medium_large":["https:\/\/vapestornado.com\/wp-content\/uploads\/2025\/12\/FIHP-90000-Puff-90k-Disposable-Vape-Pod-768x768.webp",768,768,true],"large":["https:\/\/vapestornado.com\/wp-content\/uploads\/2025\/12\/FIHP-90000-Puff-90k-Disposable-Vape-Pod.webp",800,800,false],"1536x1536":["https:\/\/vapestornado.com\/wp-content\/uploads\/2025\/12\/FIHP-90000-Puff-90k-Disposable-Vape-Pod.webp",800,800,false],"2048x2048":["https:\/\/vapestornado.com\/wp-content\/uploads\/2025\/12\/FIHP-90000-Puff-90k-Disposable-Vape-Pod.webp",800,800,false],"trp-custom-language-flag":["https:\/\/vapestornado.com\/wp-content\/uploads\/2025\/12\/FIHP-90000-Puff-90k-Disposable-Vape-Pod-12x12.webp",12,12,true],"woocommerce_thumbnail":["https:\/\/vapestornado.com\/wp-content\/uploads\/2025\/12\/FIHP-90000-Puff-90k-Disposable-Vape-Pod-300x300.webp",300,300,true],"woocommerce_single":["https:\/\/vapestornado.com\/wp-content\/uploads\/2025\/12\/FIHP-90000-Puff-90k-Disposable-Vape-Pod-600x600.webp",600,600,true],"woocommerce_gallery_thumbnail":["https:\/\/vapestornado.com\/wp-content\/uploads\/2025\/12\/FIHP-90000-Puff-90k-Disposable-Vape-Pod-100x100.webp",100,100,true]},"uagb_author_info":{"display_name":"ESAMY","author_link":"https:\/\/vapestornado.com\/it\/author\/"},"uagb_comment_info":0,"uagb_excerpt":"The FIHP 90K Puffs is built for those who expect more from a disposable. With up to 90,000 puffs, a 3-in-1 triple flavor system, and a smart screen that keeps battery and e-liquid in clear view, it delivers long-lasting performance without the usual guesswork. Powered by a 0.9\u03a9 dual mesh coil and fast Type-C charging,&hellip;","_links":{"self":[{"href":"https:\/\/vapestornado.com\/it\/wp-json\/wp\/v2\/product\/4716","targetHints":{"allow":["GET"]}}],"collection":[{"href":"https:\/\/vapestornado.com\/it\/wp-json\/wp\/v2\/product"}],"about":[{"href":"https:\/\/vapestornado.com\/it\/wp-json\/wp\/v2\/types\/product"}],"replies":[{"embeddable":true,"href":"https:\/\/vapestornado.com\/it\/wp-json\/wp\/v2\/comments?post=4716"}],"wp:featuredmedia":[{"embeddable":true,"href":"https:\/\/vapestornado.com\/it\/wp-json\/wp\/v2\/media\/4715"}],"wp:attachment":[{"href":"https:\/\/vapestornado.com\/it\/wp-json\/wp\/v2\/media?parent=4716"}],"wp:term":[{"taxonomy":"product_brand","embeddable":true,"href":"https:\/\/vapestornado.com\/it\/wp-json\/wp\/v2\/product_brand?post=4716"},{"taxonomy":"product_cat","embeddable":true,"href":"https:\/\/vapestornado.com\/it\/wp-json\/wp\/v2\/product_cat?post=4716"},{"taxonomy":"product_tag","embeddable":true,"href":"https:\/\/vapestornado.com\/it\/wp-json\/wp\/v2\/product_tag?post=4716"}],"curies":[{"name":"wp","href":"https:\/\/api.w.org\/{rel}","templated":true}]}}