{"id":4703,"date":"2025-12-19T06:50:39","date_gmt":"2025-12-19T06:50:39","guid":{"rendered":"https:\/\/vapestornado.com\/?post_type=product&#038;p=4703"},"modified":"2025-12-19T07:56:00","modified_gmt":"2025-12-19T07:56:00","slug":"bang-box-200k-200000-puff-disposable-vape-pen-wholesale-price-8-flavor-adjustable","status":"publish","type":"product","link":"https:\/\/vapestornado.com\/it\/product\/bang-box-200k-200000-puff-disposable-vape-pen-wholesale-price-8-flavor-adjustable\/","title":{"rendered":"Bang Box 200k 200000 Puff Vape Disposable Prezzo all'ingrosso \u2014 8 gusti regolabili"},"content":{"rendered":"<h2 data-pm-slice=\"1 1 []\">Bang Box 200k 200000 Puff Vape Disposable Prezzo all'ingrosso \u2014 8 gusti regolabili<\/h2>\n<p data-start=\"88\" data-end=\"695\">La <strong data-start=\"92\" data-end=\"109\">Bang Box 200k<\/strong> (noto anche come <strong data-start=\"128\" data-end=\"152\">Bang Box 200000 puff<\/strong>) \u00e8 un dispositivo ad alta capacit\u00e0 <strong data-start=\"173\" data-end=\"196\">penna vape monouso<\/strong> pensato per adulti che desiderano un dispositivo che possa funzionare a lungo senza il ciclo costante di sostituzioni. Combina un obiettivo di puff molto grande con un <strong data-start=\"358\" data-end=\"374\">serbatoio di e-juice da 40ml<\/strong> , un <strong data-start=\"388\" data-end=\"401\">resistenza a mesh<\/strong> core per un'uscita stabile, e un <strong data-start=\"433\" data-end=\"443\">850mAh<\/strong> batteria progettata per mantenere il dispositivo utilizzabile durante lunghe sessioni. La principale differenza, tuttavia, \u00e8 il sistema di aromi: invece di acquistare pi\u00f9 dispositivi per ruotare i gusti, questo modello viene venduto con <strong data-start=\"642\" data-end=\"665\">8 opzioni di aroma regolabili<\/strong> all\u2019interno di un\u2019unica unit\u00e0.<\/p>\n<p data-start=\"697\" data-end=\"1165\">La fiducia, in questa categoria, deriva dal fatto che l\u2019hardware corrisponda alla promessa. Una dichiarazione di \u201c200k\u201d senza abbastanza liquido o una coil progettata per un uso prolungato si percepisce rapidamente come marketing. Qui, la <strong data-start=\"884\" data-end=\"892\">capacit\u00e0 di 40ml<\/strong> \u00e8 la vera base, e il <strong data-start=\"934\" data-end=\"947\">resistenza a mesh<\/strong> \u00e8 la scelta pratica per un riscaldamento uniforme e una consegna di sapore costante. La dimensione della batteria \u00e8 importante anche: <strong data-start=\"1056\" data-end=\"1066\">850mAh<\/strong> \u00e8 pensata per supportare un uso prolungato, cos\u00ec l\u2019esperienza non si riduce prematuramente solo a causa della potenza.<\/p>\n<p data-start=\"1167\" data-end=\"1741\">Il concetto di aroma \u00e8 anche pi\u00f9 funzionale di quanto sembri. Con <strong data-start=\"1232\" data-end=\"1255\">8 opzioni di aroma regolabili<\/strong>, il dispositivo \u00e8 pensato per persone che si annoiano di un singolo profilo dopo un giorno o due. Invece di finire un intero dispositivo con un solo aroma, gli utenti possono passare tra i profili a seconda dell\u2019ora del giorno\u2014qualcosa di pi\u00f9 pulito come menta quando si desidera un gusto croccante, o una miscela di frutta\/dolci quando si cerca pi\u00f9 dolcezza. Per i grossisti, questo \u00e8 pi\u00f9 facile da vendere perch\u00e9 riduce il rischio di \u201cgusto sbagliato\u201d: i clienti hanno variet\u00e0 all\u2019interno di un solo dispositivo, il che pu\u00f2 migliorare la soddisfazione e gli ordini ripetuti.<\/p>\n<p data-start=\"1743\" data-end=\"2146\">Da una prospettiva all\u2019ingrosso, il <strong data-start=\"1777\" data-end=\"1796\">prezzo all'ingrosso<\/strong> L'appello non riguarda solo il costo unitario. Si tratta di ci\u00f2 che puoi promettere con sicurezza al banco: lunga durata, forte variet\u00e0 di sapori e un sistema a coil progettato per mantenere stabile la performance. Questo rende il Bang Box 200k una scelta forte per i rivenditori che vogliono un prodotto di punta che sembri di alta qualit\u00e0 nell'uso, pur rimanendo un acquisto orientato al valore.<\/p>\n<p><strong><span style=\"color: #ff0000;\">Aggiungi il whatsapp di Amy per ottenere subito una risposta e un coupon per il vape!<\/span><\/strong><\/p>\n<p><img fetchpriority=\"high\" decoding=\"async\" class=\"size-full wp-image-2932\" src=\"https:\/\/vapestornado.com\/wp-content\/uploads\/2024\/12\/Vape-Wholesale.jpg\" alt=\"Vape all&#039;ingrosso\" width=\"229\" height=\"300\" \/><\/p>\n<h3><a href=\"https:\/\/wa.me\/8617776015835\" target=\"_blank\" rel=\"noopener\"><span style=\"color: #ff0000;\"><strong>WhatsApp: +86 17776015835<\/strong><\/span><\/a><\/h3>\n<h2 class=\"product-title\"><strong>Elenco dei gusti di Puff Bang Box 200000<\/strong><\/h2>\n<ol data-start=\"2433\" data-end=\"3152\">\n<li data-start=\"2433\" data-end=\"2499\">\n<p data-start=\"2436\" data-end=\"2499\">Mirtillo Ghiacciato \/ Mirtillo Watermelon \/ Ribes \/ Limone Lime<\/p>\n<\/li>\n<li data-start=\"2500\" data-end=\"2567\">\n<p data-start=\"2503\" data-end=\"2567\">Watermelon Ghiacciato \/ Gomme da masticare Watermelon \/ Ghiaccio Ciliegia \/ Gomme da masticare<\/p>\n<\/li>\n<li data-start=\"2568\" data-end=\"2632\">\n<p data-start=\"2571\" data-end=\"2632\">Menta Ghiacciata \/ Mirtillo Ribes Ghiacciato \/ Uva Ghiacciata \/ Caramella Nerd<\/p>\n<\/li>\n<li data-start=\"2633\" data-end=\"2703\">\n<p data-start=\"2636\" data-end=\"2703\">Triple Melone \/ Love 66 \/ Frutto della Passione \/ Ananas Cocco Ghiacciato<\/p>\n<\/li>\n<li data-start=\"2704\" data-end=\"2779\">\n<p data-start=\"2707\" data-end=\"2779\">Doppio Mela \/ Mela Aspro Ribes \/ Mirtillo Ghiacciato \/ Pesca Ananas<\/p>\n<\/li>\n<li data-start=\"2780\" data-end=\"2854\">\n<p data-start=\"2783\" data-end=\"2854\">Fragola Ghiacciata \/ Fragola Kiwi \/ Mirtillo Blu Ghiacciato \/ Limonata Rosa<\/p>\n<\/li>\n<li data-start=\"2855\" data-end=\"2925\">\n<p data-start=\"2858\" data-end=\"2925\">Cola alla Ciliegia \/ Mirtillo Ciliegia \/ Mirtillo Rosso \/ Fragola Ribes<\/p>\n<\/li>\n<li data-start=\"2926\" data-end=\"3000\">\n<p data-start=\"2929\" data-end=\"3000\">Ananas Ghiacciato \/ Mango Aspro Ananas \/ Pesca Ghiacciata \/ Ananas Limonata<\/p>\n<\/li>\n<li data-start=\"3001\" data-end=\"3076\">\n<p data-start=\"3004\" data-end=\"3076\">Drago Nero Ghiacciato \/ Pitaya Fragola \/ Triplo Frutti di Bosco \/ Ciliegia Mirtillo<\/p>\n<\/li>\n<li data-start=\"3077\" data-end=\"3152\">\n<p data-start=\"3081\" data-end=\"3152\">Triplo Mango \/ Mango Frutto della Passione \/ Ananas Ghiacciato \/ Fragola Mango<\/p>\n<\/li>\n<\/ol>\n<p><strong>Questi set coprono le preferenze principali del mercato europeo: menta ghiacciata, frutta mista, note dolci di caramella e alcuni profili pi\u00f9 ricchi come cola e frutti del drago.<\/strong><\/p>\n<div class=\"flex-shrink-0 flex flex-col relative items-end\">\n<div class=\"pt-0\">\n<div class=\"gizmo-bot-avatar flex h-8 w-8 items-center justify-center overflow-hidden rounded-full\">\n<div class=\"relative p-1 rounded-sm flex items-center justify-center bg-token-main-surface-primary text-token-text-primary h-8 w-8\">\n<p data-start=\"4971\" data-end=\"5180\">\n<\/div>\n<h2><strong>Caratteristiche principali del prodotto Bang Box 200k Puff<\/strong><\/h2>\n<div class=\"relative p-1 rounded-sm flex items-center justify-center bg-token-main-surface-primary text-token-text-primary h-8 w-8\">\n<table>\n<thead>\n<tr>\n<th>Caratteristica<\/th>\n<th>lo rende facile da avere a portata di mano quando sei fuori. \u00c8 progettato per l'uso quotidiano senza sentirsi ingombrante. Le opzioni di concentrazione di nicotina includono<\/th>\n<th>Spiegazione<\/th>\n<\/tr>\n<\/thead>\n<tbody>\n<tr>\n<td>Capacit\u00e0 di tiri<\/td>\n<td>200.000 puff<\/td>\n<td>Progettato per un uso prolungato nel tempo; il conteggio effettivo di puff varia a seconda della lunghezza dell'aspirazione e della frequenza di utilizzo.<\/td>\n<\/tr>\n<tr>\n<td>Capacit\u00e0 della batteria<\/td>\n<td>850mAh<\/td>\n<td>Fornisce energia sufficiente per supportare cicli di utilizzo lunghi e mantenere un output stabile durante sessioni prolungate.<\/td>\n<\/tr>\n<tr>\n<td>Capacit\u00e0 di E-juice<\/td>\n<td>capacit\u00e0 di 40ml<\/td>\n<td>Un grande volume di liquido aiuta a garantire che il dispositivo possa offrire sapore in modo costante durante tutta la sua vita utile.<\/td>\n<\/tr>\n<tr>\n<td>Tipo di bobina<\/td>\n<td>Coil in Mesh<\/td>\n<td>La struttura a mesh permette un riscaldamento pi\u00f9 uniforme, supportando una produzione di vapore pi\u00f9 liscia e un sapore costante nel tempo.<\/td>\n<\/tr>\n<tr>\n<td>Sistema di gusto<\/td>\n<td>8 Aromi Regolabili<\/td>\n<td>Consente agli utenti di passare tra pi\u00f9 profili di gusto all'interno di un dispositivo, riducendo l'affaticamento del sapore durante un uso prolungato.<\/td>\n<\/tr>\n<tr>\n<td>Opzioni di gusto<\/td>\n<td>10 Set di Aromi (4 aromi per set)<\/td>\n<td>Ogni set offre un mix equilibrato di profili fruttati, ghiacciati e dolci per soddisfare le preferenze di gusto comuni in Europa.<\/td>\n<\/tr>\n<tr>\n<td>Tipo di dispositivo<\/td>\n<td>Penna Vape Monouso<\/td>\n<td>Pre-riempito e pronto all'uso, senza bisogno di ricariche o sostituzione della coil.<\/td>\n<\/tr>\n<tr>\n<td>Stile di Utilizzo<\/td>\n<td>Durevole<\/td>\n<td>Realizzato per utenti che preferiscono meno sostituzioni e intervalli pi\u00f9 lunghi tra i cambi di dispositivo.<\/td>\n<\/tr>\n<tr>\n<td>Mercato di destinazione<\/td>\n<td>Utenti adulti &amp; fornitura all'ingrosso<\/td>\n<td>Adatto per vendite al dettaglio e acquisti all'ingrosso a prezzi di fabbrica.<\/td>\n<\/tr>\n<\/tbody>\n<\/table>\n<figure id=\"attachment_4699\" aria-describedby=\"caption-attachment-4699\" style=\"width: 263px\" class=\"wp-caption alignnone\"><img decoding=\"async\" class=\"size-medium wp-image-4699\" src=\"https:\/\/vapestornado.com\/wp-content\/uploads\/2025\/12\/Bang-Box-200k-200000-Puffs-Disposable-Vape-Shop-Online-263x300.webp\" alt=\"Bang Box 200k 200000 Puffs Vape usa e getta negozio online\" width=\"263\" height=\"300\" srcset=\"https:\/\/vapestornado.com\/wp-content\/uploads\/2025\/12\/Bang-Box-200k-200000-Puffs-Disposable-Vape-Shop-Online-263x300.webp 263w, https:\/\/vapestornado.com\/wp-content\/uploads\/2025\/12\/Bang-Box-200k-200000-Puffs-Disposable-Vape-Shop-Online-768x875.webp 768w, https:\/\/vapestornado.com\/wp-content\/uploads\/2025\/12\/Bang-Box-200k-200000-Puffs-Disposable-Vape-Shop-Online-11x12.webp 11w, https:\/\/vapestornado.com\/wp-content\/uploads\/2025\/12\/Bang-Box-200k-200000-Puffs-Disposable-Vape-Shop-Online-600x683.webp 600w, https:\/\/vapestornado.com\/wp-content\/uploads\/2025\/12\/Bang-Box-200k-200000-Puffs-Disposable-Vape-Shop-Online.webp 800w\" sizes=\"(max-width: 263px) 100vw, 263px\" \/><figcaption id=\"caption-attachment-4699\" class=\"wp-caption-text\">Bang Box 200k 200000 Puffs Vape usa e getta negozio online<\/figcaption><\/figure>\n<figure id=\"attachment_4697\" aria-describedby=\"caption-attachment-4697\" style=\"width: 300px\" class=\"wp-caption alignnone\"><img decoding=\"async\" class=\"size-medium wp-image-4697\" src=\"https:\/\/vapestornado.com\/wp-content\/uploads\/2025\/12\/Bang-Box-200k-200000-Puffs-Disposable-Vape-Long-Lasting-300x218.webp\" alt=\"Bang Box 200k 200000 Puffs Vape usa e getta a lunga durata\" width=\"300\" height=\"218\" srcset=\"https:\/\/vapestornado.com\/wp-content\/uploads\/2025\/12\/Bang-Box-200k-200000-Puffs-Disposable-Vape-Long-Lasting-300x218.webp 300w, https:\/\/vapestornado.com\/wp-content\/uploads\/2025\/12\/Bang-Box-200k-200000-Puffs-Disposable-Vape-Long-Lasting-1024x744.webp 1024w, https:\/\/vapestornado.com\/wp-content\/uploads\/2025\/12\/Bang-Box-200k-200000-Puffs-Disposable-Vape-Long-Lasting-768x558.webp 768w, https:\/\/vapestornado.com\/wp-content\/uploads\/2025\/12\/Bang-Box-200k-200000-Puffs-Disposable-Vape-Long-Lasting-1536x1117.webp 1536w, https:\/\/vapestornado.com\/wp-content\/uploads\/2025\/12\/Bang-Box-200k-200000-Puffs-Disposable-Vape-Long-Lasting-2048x1489.webp 2048w, https:\/\/vapestornado.com\/wp-content\/uploads\/2025\/12\/Bang-Box-200k-200000-Puffs-Disposable-Vape-Long-Lasting-18x12.webp 18w, https:\/\/vapestornado.com\/wp-content\/uploads\/2025\/12\/Bang-Box-200k-200000-Puffs-Disposable-Vape-Long-Lasting-600x436.webp 600w\" sizes=\"(max-width: 300px) 100vw, 300px\" \/><figcaption id=\"caption-attachment-4697\" class=\"wp-caption-text\">Bang Box 200k 200000 Puffs Vape usa e getta a lunga durata<\/figcaption><\/figure>\n<h2 data-start=\"1200\" data-end=\"1487\">Vapes Tornado \u2013 Il tuo negozio online all'ingrosso di vape per i migliori marchi di vape<\/h2>\n<p data-start=\"1200\" data-end=\"1487\"><strong data-start=\"141\" data-end=\"177\">Negozio online di sigarette elettroniche Vapes Tornado<\/strong> \u00e8 la tua fonte affidabile per <strong data-start=\"205\" data-end=\"270\">vaporizzatori usa e getta di alta qualit\u00e0 e sigarette elettroniche all'ingrosso in Europa<\/strong>. Presentiamo marchi di successo come <strong data-start=\"307\" data-end=\"362\"><a href=\"https:\/\/vapestornado.com\/it\/product\/randm-12000-puffs-fumot-digital-disposable-vape-wholesale-price\/\">Fumot VAPE<\/a>, <a href=\"https:\/\/vapestornado.com\/it\/product\/original-wga-ultra-35k-35000-puff-rechargeable-crystal-disposable-nicotine-vape-best-discount-price\/\">WGA VAPE<\/a>, <\/strong><strong data-start=\"307\" data-end=\"362\"><a href=\"https:\/\/vapestornado.com\/it\/product\/vozol-gear-shisha-25k-25000-puffs-best-dtl-disposable-vape-hookah-cheap-price\/\">VOZOL BAR VAPE<\/a>, \u00a0 Bang Vape<\/strong>, e altri, garantendo qualit\u00e0 e variet\u00e0 per ogni cliente. Che tu sia un vaper individuale o un acquirente all'ingrosso, consegniamo <strong data-start=\"481\" data-end=\"550\">dispositivi ad alte prestazioni, design eleganti e prezzi competitivi<\/strong> per soddisfare le tue esigenze.<\/p>\n<h2 data-start=\"2064\" data-end=\"2115\">Domande frequenti su WASPE 150K 150000 Puff Vape usa e getta<\/h2>\n<p data-start=\"4211\" data-end=\"4399\"><strong data-start=\"4211\" data-end=\"4264\">1) Il \u201cBang Box 200000 puff\u201d \u00e8 un numero garantito?<\/strong><br data-start=\"4264\" data-end=\"4267\" \/>No. Il conteggio delle puff dipende dalla lunghezza dell'aspirazione, dalla frequenza di svapo e dallo stile di utilizzo. \u00c8 una stima massima, non un risultato fisso per ogni utente.<\/p>\n<p data-start=\"4401\" data-end=\"4622\"><strong data-start=\"4401\" data-end=\"4457\">2) Cosa significa in pratica \u201c8 aromi regolabili\u201d?<\/strong><br data-start=\"4457\" data-end=\"4460\" \/>Significa che il dispositivo \u00e8 progettato per permettere agli utenti di passare tra pi\u00f9 profili di gusto all'interno di un'unit\u00e0 (venduta come set di aromi), riducendo l'affaticamento del sapore durante un uso prolungato.<\/p>\n<p data-start=\"4624\" data-end=\"4844\"><strong data-start=\"4624\" data-end=\"4688\">3) Perch\u00e9 una coil a mesh \u00e8 importante in un usa e getta a lunga durata?<\/strong><br data-start=\"4688\" data-end=\"4691\" \/>Le coil a mesh sono usate per un riscaldamento pi\u00f9 uniforme, il che aiuta a mantenere il sapore e la produzione di vapore pi\u00f9 costanti durante un uso prolungato rispetto a strutture di coil pi\u00f9 semplici.<\/p>\n<p data-start=\"4846\" data-end=\"4969\"><strong data-start=\"4846\" data-end=\"4883\">4) Quanto liquido e-juice contiene?<\/strong><br data-start=\"4883\" data-end=\"4886\" \/>\u00c8 specificato come <strong data-start=\"4904\" data-end=\"4912\">capacit\u00e0 di 40ml<\/strong>, che \u00e8 la base pratica che supporta un lungo tempo di funzionamento.<\/p>\n<p data-start=\"4971\" data-end=\"5180\"><strong data-start=\"4971\" data-end=\"5030\">5) \u00c8 principalmente per utenti al dettaglio o acquirenti all'ingrosso?<\/strong><br data-start=\"5030\" data-end=\"5033\" \/>Entrambi. Gli utenti finali ottengono un uso duraturo e variet\u00e0; gli acquirenti all'ingrosso ottengono un prodotto principale chiaro e facile da vendere a un prezzo competitivo <strong data-start=\"5160\" data-end=\"5179\">prezzo all'ingrosso<\/strong>.<\/p>\n<\/div>\n<\/div>\n<\/div>\n<\/div>","protected":false},"excerpt":{"rendered":"<p data-start=\"3411\" data-end=\"3490\">La <strong data-start=\"35\" data-end=\"52\">Bang Box 200k<\/strong> \u00e8 una sigaretta elettronica usa e getta a lunga durata progettata per un uso prolungato e una flessibilit\u00e0 di gusto. Offre fino a <strong data-start=\"160\" data-end=\"176\">200000 puff<\/strong>, presenta un <strong data-start=\"189\" data-end=\"214\">capacit\u00e0 di e-juice di 40ml<\/strong>, un <strong data-start=\"219\" data-end=\"237\">batteria da 850 mAh<\/strong>, e un <strong data-start=\"245\" data-end=\"258\">resistenza a mesh<\/strong> per un'uscita di vapore stabile. Con <strong data-start=\"290\" data-end=\"313\">8 opzioni di aroma regolabili<\/strong> opzioni in un unico dispositivo, offre variet\u00e0 senza sostituzioni frequenti, rendendolo una scelta pratica per utenti adulti e un'opzione forte per il posizionamento del prezzo all'ingrosso.<\/p>\n<p><strong>Aggiungi il whatsapp di Amy per ottenere la risposta giusta e il prezzo scontato!<\/strong><\/p>\n<p><img fetchpriority=\"high\" decoding=\"async\" class=\"size-full wp-image-2932\" src=\"https:\/\/vapestornado.com\/wp-content\/uploads\/2024\/12\/Vape-Wholesale.jpg\" alt=\"Vape all&#039;ingrosso\" width=\"229\" height=\"300\" \/><\/p>\n<h3><a href=\"https:\/\/wa.me\/8617776015835\"><span style=\"color: #ff0000;\"><strong>WhatsApp: +86 17776015835<\/strong><\/span><\/a><\/h3>","protected":false},"featured_media":4696,"comment_status":"open","ping_status":"closed","template":"","meta":{"_acf_changed":false,"_uag_custom_page_level_css":"","_lmt_disableupdate":"no","_lmt_disable":"","_monsterinsights_skip_tracking":false,"_monsterinsights_sitenote_active":false,"_monsterinsights_sitenote_note":"","_monsterinsights_sitenote_category":0,"site-sidebar-layout":"default","site-content-layout":"","ast-site-content-layout":"default","site-content-style":"default","site-sidebar-style":"default","ast-global-header-display":"","ast-banner-title-visibility":"","ast-main-header-display":"","ast-hfb-above-header-display":"","ast-hfb-below-header-display":"","ast-hfb-mobile-header-display":"","site-post-title":"","ast-breadcrumbs-content":"","ast-featured-img":"","footer-sml-layout":"","ast-disable-related-posts":"","theme-transparent-header-meta":"default","adv-header-id-meta":"","stick-header-meta":"","header-above-stick-meta":"","header-main-stick-meta":"","header-below-stick-meta":"","astra-migrate-meta-layouts":"set","ast-page-background-enabled":"default","ast-page-background-meta":{"desktop":{"background-color":"","background-image":"","background-repeat":"repeat","background-position":"center center","background-size":"auto","background-attachment":"scroll","background-type":"","background-media":"","overlay-type":"","overlay-color":"","overlay-opacity":"","overlay-gradient":""},"tablet":{"background-color":"","background-image":"","background-repeat":"repeat","background-position":"center center","background-size":"auto","background-attachment":"scroll","background-type":"","background-media":"","overlay-type":"","overlay-color":"","overlay-opacity":"","overlay-gradient":""},"mobile":{"background-color":"","background-image":"","background-repeat":"repeat","background-position":"center center","background-size":"auto","background-attachment":"scroll","background-type":"","background-media":"","overlay-type":"","overlay-color":"","overlay-opacity":"","overlay-gradient":""}},"ast-content-background-meta":{"desktop":{"background-color":"var(--ast-global-color-5)","background-image":"","background-repeat":"repeat","background-position":"center center","background-size":"auto","background-attachment":"scroll","background-type":"","background-media":"","overlay-type":"","overlay-color":"","overlay-opacity":"","overlay-gradient":""},"tablet":{"background-color":"var(--ast-global-color-5)","background-image":"","background-repeat":"repeat","background-position":"center center","background-size":"auto","background-attachment":"scroll","background-type":"","background-media":"","overlay-type":"","overlay-color":"","overlay-opacity":"","overlay-gradient":""},"mobile":{"background-color":"var(--ast-global-color-5)","background-image":"","background-repeat":"repeat","background-position":"center center","background-size":"auto","background-attachment":"scroll","background-type":"","background-media":"","overlay-type":"","overlay-color":"","overlay-opacity":"","overlay-gradient":""}},"_joinchat":[]},"product_brand":[],"product_cat":[64,151,152,153,154,142,144,146],"product_tag":[500,499,387,287,498,390,393,386],"class_list":{"0":"post-4703","1":"product","2":"type-product","3":"status-publish","4":"has-post-thumbnail","6":"product_cat-bangbox-vape","7":"product_cat-buy-disposable-vapes-in-france","8":"product_cat-buy-disposable-vapes-in-cermany","9":"product_cat-buy-disposable-vapes-in-italy","10":"product_cat-buy-disposable-vapes-in-netherlands","11":"product_cat-digital-box-disposable-vapes","12":"product_cat-low-nicotine-disposable-vapes","13":"product_cat-rechargeable-disposable-vapes","14":"product_tag-200k-puff-vape","15":"product_tag-bang-box-200k","16":"product_tag-cigarette-vapor","17":"product_tag-disposable-vape-pen","18":"product_tag-long-lasting-vape","19":"product_tag-online-vape-shop","20":"product_tag-vape-cartridge","21":"product_tag-vape-pen","22":"desktop-align-left","23":"tablet-align-left","24":"mobile-align-left","26":"first","27":"instock","28":"sale","29":"shipping-taxable","30":"purchasable","31":"product-type-simple"},"acf":[],"uagb_featured_image_src":{"full":["https:\/\/vapestornado.com\/wp-content\/uploads\/2025\/12\/Bang-Box-200k-200000-Puffs-Disposable-Vape-Box-Wholesale-Price.webp",1000,1000,false],"thumbnail":["https:\/\/vapestornado.com\/wp-content\/uploads\/2025\/12\/Bang-Box-200k-200000-Puffs-Disposable-Vape-Box-Wholesale-Price-150x150.webp",150,150,true],"medium":["https:\/\/vapestornado.com\/wp-content\/uploads\/2025\/12\/Bang-Box-200k-200000-Puffs-Disposable-Vape-Box-Wholesale-Price-300x300.webp",300,300,true],"medium_large":["https:\/\/vapestornado.com\/wp-content\/uploads\/2025\/12\/Bang-Box-200k-200000-Puffs-Disposable-Vape-Box-Wholesale-Price-768x768.webp",768,768,true],"large":["https:\/\/vapestornado.com\/wp-content\/uploads\/2025\/12\/Bang-Box-200k-200000-Puffs-Disposable-Vape-Box-Wholesale-Price.webp",1000,1000,false],"1536x1536":["https:\/\/vapestornado.com\/wp-content\/uploads\/2025\/12\/Bang-Box-200k-200000-Puffs-Disposable-Vape-Box-Wholesale-Price.webp",1000,1000,false],"2048x2048":["https:\/\/vapestornado.com\/wp-content\/uploads\/2025\/12\/Bang-Box-200k-200000-Puffs-Disposable-Vape-Box-Wholesale-Price.webp",1000,1000,false],"trp-custom-language-flag":["https:\/\/vapestornado.com\/wp-content\/uploads\/2025\/12\/Bang-Box-200k-200000-Puffs-Disposable-Vape-Box-Wholesale-Price-12x12.webp",12,12,true],"woocommerce_thumbnail":["https:\/\/vapestornado.com\/wp-content\/uploads\/2025\/12\/Bang-Box-200k-200000-Puffs-Disposable-Vape-Box-Wholesale-Price-300x300.webp",300,300,true],"woocommerce_single":["https:\/\/vapestornado.com\/wp-content\/uploads\/2025\/12\/Bang-Box-200k-200000-Puffs-Disposable-Vape-Box-Wholesale-Price-600x600.webp",600,600,true],"woocommerce_gallery_thumbnail":["https:\/\/vapestornado.com\/wp-content\/uploads\/2025\/12\/Bang-Box-200k-200000-Puffs-Disposable-Vape-Box-Wholesale-Price-100x100.webp",100,100,true]},"uagb_author_info":{"display_name":"ESAMY","author_link":"https:\/\/vapestornado.com\/it\/author\/"},"uagb_comment_info":0,"uagb_excerpt":"The Bang Box 200k is a long lasting disposable vape pen designed for extended use and flavour flexibility. It delivers up to 200000 puffs, features a 40ml e-juice capacity, an 850mAh battery, and a mesh coil for stable vapour output. With 8 adjustable flavor options in one device, it offers variety without frequent replacements, making&hellip;","_links":{"self":[{"href":"https:\/\/vapestornado.com\/it\/wp-json\/wp\/v2\/product\/4703","targetHints":{"allow":["GET"]}}],"collection":[{"href":"https:\/\/vapestornado.com\/it\/wp-json\/wp\/v2\/product"}],"about":[{"href":"https:\/\/vapestornado.com\/it\/wp-json\/wp\/v2\/types\/product"}],"replies":[{"embeddable":true,"href":"https:\/\/vapestornado.com\/it\/wp-json\/wp\/v2\/comments?post=4703"}],"wp:featuredmedia":[{"embeddable":true,"href":"https:\/\/vapestornado.com\/it\/wp-json\/wp\/v2\/media\/4696"}],"wp:attachment":[{"href":"https:\/\/vapestornado.com\/it\/wp-json\/wp\/v2\/media?parent=4703"}],"wp:term":[{"taxonomy":"product_brand","embeddable":true,"href":"https:\/\/vapestornado.com\/it\/wp-json\/wp\/v2\/product_brand?post=4703"},{"taxonomy":"product_cat","embeddable":true,"href":"https:\/\/vapestornado.com\/it\/wp-json\/wp\/v2\/product_cat?post=4703"},{"taxonomy":"product_tag","embeddable":true,"href":"https:\/\/vapestornado.com\/it\/wp-json\/wp\/v2\/product_tag?post=4703"}],"curies":[{"name":"wp","href":"https:\/\/api.w.org\/{rel}","templated":true}]}}