{"id":4702,"date":"2025-12-19T06:49:15","date_gmt":"2025-12-19T06:49:15","guid":{"rendered":"https:\/\/vapestornado.com\/?post_type=product&#038;p=4702"},"modified":"2025-12-22T09:50:48","modified_gmt":"2025-12-22T09:50:48","slug":"okso-120k-120000-puffs-6-in-1-multiple-flavors-screen-digital-display-disposable-vaper","status":"publish","type":"product","link":"https:\/\/vapestornado.com\/it\/product\/okso-120k-120000-puffs-6-in-1-multiple-flavors-screen-digital-display-disposable-vaper\/","title":{"rendered":"OKSO 120k 120000 Puff 6 in 1 Multi Gusti Schermo Digitale Display Dispositivo Usa e Getta Vaper"},"content":{"rendered":"<h2 data-pm-slice=\"1 1 []\">OKSO 120k 120000 Puff 6 in 1 Multi Gusti Schermo Digitale Display Dispositivo Usa e Getta Vaper<\/h2>\n<p data-start=\"84\" data-end=\"483\">La <strong data-start=\"88\" data-end=\"106\">OKSO 120k Puff<\/strong> (noto anche come <strong data-start=\"122\" data-end=\"143\">OKSO 120000 Puff<\/strong>) \u00e8 un dispositivo ad alta capacit\u00e0 <strong data-start=\"164\" data-end=\"184\">Vaporizzatore usa e getta<\/strong> progettato per utenti adulti che desiderano un lungo tempo di utilizzo, feedback chiaro del dispositivo e flessibilit\u00e0 di gusto in un'unit\u00e0 solida. Questo modello \u00e8 costruito attorno a un <strong data-start=\"331\" data-end=\"364\">sistema multi gusto 6 in 1<\/strong>, una <strong data-start=\"368\" data-end=\"387\">display digitale<\/strong>, e a una disposizione interna strutturata che supporta un uso prolungato senza affidarsi a promesse vaghe.<\/p>\n<p data-start=\"485\" data-end=\"734\">Piuttosto che concentrarsi sull'aspetto o sulle tendenze, l'OKSO 120k \u00e8 progettato in base a come le persone usano effettivamente un dispositivo ad alto numero di puff nel tempo: uso quotidiano frequente, preferenze di gusto in cambiamento e la necessit\u00e0 di capire cosa sta facendo il dispositivo in ogni momento.<\/p>\n<h3 data-start=\"741\" data-end=\"772\">Perch\u00e9 questo dispositivo Vape OKSO 120K sta diventando popolare?<\/h3>\n<p data-start=\"774\" data-end=\"930\">\u00a0Un dispositivo valutato a <strong data-start=\"871\" data-end=\"887\">120000 puff<\/strong> serve pi\u00f9 di un grande numero sulla confezione. Okso 120000 puff vape fa lavorare insieme gli elementi per rendere le prestazioni pi\u00f9 prevedibili, che \u00e8 alla base della fiducia dell'utente a lungo termine.<\/p>\n<ul data-start=\"932\" data-end=\"1451\">\n<li data-start=\"932\" data-end=\"1111\">\n<p data-start=\"934\" data-end=\"1111\"><strong data-start=\"934\" data-end=\"977\">Sistema di coil a tripla maglia (Mesh coil \u00d73):<\/strong> pi\u00f9 nuclei a maglia aiutano a distribuire il calore in modo pi\u00f9 uniforme mentre il liquido viene consumato, supportando un'emissione di vapore pi\u00f9 stabile durante l'uso prolungato.<\/p>\n<\/li>\n<li data-start=\"1112\" data-end=\"1258\">\n<p data-start=\"1114\" data-end=\"1258\"><strong data-start=\"1114\" data-end=\"1152\">Tre camere per liquido (20ml \u00d73):<\/strong> il volume del liquido \u00e8 diviso per supportare una consegna costante piuttosto che affidarsi a un serbatoio singolo di grandi dimensioni.<\/p>\n<\/li>\n<li data-start=\"1259\" data-end=\"1451\">\n<p data-start=\"1261\" data-end=\"1451\"><strong data-start=\"1261\" data-end=\"1301\">Batteria da 850mAh con display digitale:<\/strong> la capacit\u00e0 della batteria \u00e8 adeguata all'uso quotidiano regolare, mentre il <strong data-start=\"1366\" data-end=\"1385\">Display digitale<\/strong> mostra lo stato del dispositivo in tempo reale, riducendo l'incertezza per l'utente.<\/p>\n<\/li>\n<li data-start=\"1696\" data-end=\"1852\">\n<p data-start=\"1698\" data-end=\"1852\"><strong data-start=\"1698\" data-end=\"1733\">Sistema di aromi regolabile 6 in 1<\/strong> consente agli utenti di passare tra le opzioni di aroma all'interno di un dispositivo, aiutando a evitare la stanchezza da aroma durante un uso prolungato.<\/p>\n<\/li>\n<li data-start=\"1853\" data-end=\"1964\">\n<p data-start=\"1855\" data-end=\"1964\"><strong data-start=\"1855\" data-end=\"1874\">Display digitale<\/strong> fornisce feedback visibile invece di affidarsi a supposizioni quando la forza del vapore cambia.<\/p>\n<\/li>\n<li data-start=\"1965\" data-end=\"2065\">\n<p data-start=\"1967\" data-end=\"2065\"><strong data-start=\"1967\" data-end=\"1989\">Alta capacit\u00e0 di puff<\/strong> riduce la frequenza di sostituzione necessaria, importante per gli utenti regolari.<\/p>\n<\/li>\n<\/ul>\n<p>Per rivenditori e distributori, questi stessi punti rendono il dispositivo pi\u00f9 facile da spiegare, pi\u00f9 facile da supportare e adatto a <strong data-start=\"2188\" data-end=\"2210\">Fornitore all'ingrosso<\/strong> canali che competono su <strong data-start=\"2236\" data-end=\"2251\">Prezzo Economico<\/strong> senza sacrificare la credibilit\u00e0.<\/p>\n<p><strong><span style=\"color: #ff0000;\">Aggiungi il whatsapp di Amy per ottenere subito una risposta e un coupon per il vape!<\/span><\/strong><\/p>\n<p><img fetchpriority=\"high\" decoding=\"async\" class=\"size-full wp-image-2932\" src=\"https:\/\/vapestornado.com\/wp-content\/uploads\/2024\/12\/Vape-Wholesale.jpg\" alt=\"Vape all&#039;ingrosso\" width=\"229\" height=\"300\" \/><\/p>\n<h3><a href=\"https:\/\/wa.me\/8617776015835\" target=\"_blank\" rel=\"noopener\"><span style=\"color: #ff0000;\"><strong>WhatsApp: +86 17776015835<\/strong><\/span><\/a><\/h3>\n<p>&nbsp;<\/p>\n<h2><strong>Caratteristiche del prodotto OKSO 120k 120000 Puff<\/strong><\/h2>\n<table>\n<thead>\n<tr>\n<th>Caratteristica<\/th>\n<th>lo rende facile da avere a portata di mano quando sei fuori. \u00c8 progettato per l'uso quotidiano senza sentirsi ingombrante. Le opzioni di concentrazione di nicotina includono<\/th>\n<th>Descrizione<\/th>\n<\/tr>\n<\/thead>\n<tbody>\n<tr>\n<td>Marca<\/td>\n<td>OKSO<\/td>\n<td>Marca di svapo consolidata focalizzata su dispositivi usa e getta ad alta capacit\u00e0.<\/td>\n<\/tr>\n<tr>\n<td>Capacit\u00e0 di tiri<\/td>\n<td>Fino a 120000 puff<\/td>\n<td>Progettato per un uso prolungato; il conteggio effettivo di puff varia in base alla lunghezza dell'aspirazione e alle abitudini di utilizzo.<\/td>\n<\/tr>\n<tr>\n<td>Struttura della Resistenza<\/td>\n<td>Resistenza a maglia \u00d73<\/td>\n<td>Pi\u00f9 core in mesh aiutano a distribuire il calore in modo uniforme per un output di vapori pi\u00f9 stabile nel tempo.<\/td>\n<\/tr>\n<tr>\n<td>Capacit\u00e0 di e-liquid<\/td>\n<td>20ml \u00d73<\/td>\n<td>Camere di liquido divise supportano una consegna costante durante cicli di utilizzo prolungati.<\/td>\n<\/tr>\n<tr>\n<td>Opzioni di nicotina<\/td>\n<td>2% \/ 5%<\/td>\n<td>Due opzioni di intensit\u00e0 per adattarsi alle preferenze di diversi adulti (dipendente dal mercato).<\/td>\n<\/tr>\n<tr>\n<td>Capacit\u00e0 della batteria<\/td>\n<td>850mAh<\/td>\n<td>Supporta un uso quotidiano regolare e un output stabile durante sessioni prolungate.<\/td>\n<\/tr>\n<tr>\n<td>Espositore<\/td>\n<td>Display digitale<\/td>\n<td>Mostra chiaramente lo stato del dispositivo, riducendo l'incertezza durante l'uso.<\/td>\n<\/tr>\n<tr>\n<td>Sistema di gusto<\/td>\n<td>Gusto Regolabile 6 in 1<\/td>\n<td>Permette di passare tra pi\u00f9 combinazioni di sapori all'interno di un singolo dispositivo.<\/td>\n<\/tr>\n<tr>\n<td>Peso del prodotto<\/td>\n<td>166g<\/td>\n<td>Costruzione solida progettata per un uso ad alta capacit\u00e0.<\/td>\n<\/tr>\n<tr>\n<td>Dimensioni del prodotto<\/td>\n<td>51 \u00d7 51 \u00d7 131mm<\/td>\n<td>Compatto per la sua capacit\u00e0, pur ospitando una struttura interna.<\/td>\n<\/tr>\n<\/tbody>\n<\/table>\n<figure id=\"attachment_4705\" aria-describedby=\"caption-attachment-4705\" style=\"width: 300px\" class=\"wp-caption alignnone\"><img decoding=\"async\" class=\"size-medium wp-image-4705\" src=\"https:\/\/vapestornado.com\/wp-content\/uploads\/2025\/12\/OKSO-120K-120000-Puff-Disposable-Vape-POD-300x300.webp\" alt=\"OKSO 120K 120000 Puff Vape usa e getta POD\" width=\"300\" height=\"300\" srcset=\"https:\/\/vapestornado.com\/wp-content\/uploads\/2025\/12\/OKSO-120K-120000-Puff-Disposable-Vape-POD-300x300.webp 300w, https:\/\/vapestornado.com\/wp-content\/uploads\/2025\/12\/OKSO-120K-120000-Puff-Disposable-Vape-POD-150x150.webp 150w, https:\/\/vapestornado.com\/wp-content\/uploads\/2025\/12\/OKSO-120K-120000-Puff-Disposable-Vape-POD-768x768.webp 768w, https:\/\/vapestornado.com\/wp-content\/uploads\/2025\/12\/OKSO-120K-120000-Puff-Disposable-Vape-POD-12x12.webp 12w, https:\/\/vapestornado.com\/wp-content\/uploads\/2025\/12\/OKSO-120K-120000-Puff-Disposable-Vape-POD-600x600.webp 600w, https:\/\/vapestornado.com\/wp-content\/uploads\/2025\/12\/OKSO-120K-120000-Puff-Disposable-Vape-POD-100x100.webp 100w, https:\/\/vapestornado.com\/wp-content\/uploads\/2025\/12\/OKSO-120K-120000-Puff-Disposable-Vape-POD.webp 800w\" sizes=\"(max-width: 300px) 100vw, 300px\" \/><figcaption id=\"caption-attachment-4705\" class=\"wp-caption-text\">OKSO 120K 120000 Puff Vape usa e getta POD<\/figcaption><\/figure>\n<h2 class=\"product-title\"><strong>OKSO 120k 120000 Puff Lista di gusti<\/strong><\/h2>\n<p data-start=\"2550\" data-end=\"2736\">Ogni dispositivo OKSO 120k include <strong data-start=\"4483\" data-end=\"4502\">10 set di gusti<\/strong>, e ogni set contiene <strong data-start=\"4526\" data-end=\"4545\">3 gusti di base<\/strong> e 3 gusti combinati che possono essere usati singolarmente o come combinazioni abbinate. Questa struttura permette di cambiare gusto senza cambiare dispositivo e copre profili di frutta, ghiaccio, caramella, bevanda e misti comunemente preferiti nei mercati europei.<\/p>\n<p data-start=\"238\" data-end=\"252\">1. Fragola Ghiaccio \/ Ghiaccio Lussureggiante \/ Mamba<br data-start=\"290\" data-end=\"293\" \/>Fragola Ghiaccio + Ghiaccio Lussureggiante \/ Mamba + Fragola Ghiaccio \/ Ghiaccio Lussureggiante + Mamba<\/p>\n<p data-start=\"369\" data-end=\"383\">2. Orsetto Gommoso alla Fragola \/ Ananas Ghiaccio \/ Limonata Blue Razz<br data-start=\"446\" data-end=\"449\" \/>Orsetto Gommoso alla Fragola + Ananas Ghiaccio \/ Orsetto Gommoso alla Fragola + Limonata Blue Razz \/ Limonata Blue Razz + Ananas Ghiaccio<\/p>\n<p data-start=\"575\" data-end=\"589\">3. Blue Razz \/ Lime Limone \/ Ghiaccio Ciliegia<br data-start=\"629\" data-end=\"632\" \/>Blue Razz + Ghiaccio Ciliegia \/ Blue Razz + Lime Limone \/ Lime Limone + Ghiaccio Ciliegia<\/p>\n<p data-start=\"712\" data-end=\"726\">4. Kiwi Frutto della Passione Guava \/ Frutto del Dragone Ghiaccio \/ Mirtillo Ghiaccio<br data-start=\"790\" data-end=\"793\" \/>Kiwi Frutto della Passione Guava + Mirtillo Ghiaccio \/ Kiwi Frutto della Passione Guava + Frutto del Dragone Ghiaccio \/ Frutto del Dragone Ghiaccio + Mirtillo Ghiaccio<\/p>\n<p data-start=\"921\" data-end=\"935\">5. Due Mele \/ Fanta \/ Red Bull<br data-start=\"968\" data-end=\"971\" \/>Due Mele + Red Bull \/ Due Mele + Fanta \/ Fanta + Red Bull<\/p>\n<p data-start=\"1037\" data-end=\"1051\">6. Mela Aspro Arancia \/ Ribes Nero \/ Ghiaccio Uva<br data-start=\"1101\" data-end=\"1104\" \/>Mela Aspro Arancia + Ghiaccio Uva \/ Mela Aspro Arancia + Ribes Nero \/ Ribes Nero + Ghiaccio Uva<\/p>\n<p data-start=\"1204\" data-end=\"1218\">7. Fragola Anguria \/ Mango Ghiaccio \/ Pesca Ghiaccio<br data-start=\"1268\" data-end=\"1271\" \/>Acqua di Fragola Anguria + Pesca Ghiaccio \/ Acqua di Fragola Anguria + Mango Ghiaccio \/ Mango Ghiaccio + Pesca Ghiaccio<\/p>\n<p data-start=\"1371\" data-end=\"1385\">8. Lampone Fragola \/ Frutta Kiwi \/ Mango Fragola<br data-start=\"1442\" data-end=\"1445\" \/>Acqua di Fragola Lampone + Mango Fragola \/ Acqua di Fragola Lampone + Frutta Kiwi \/ Frutta Kiwi + Mango Fragola<\/p>\n<p data-start=\"1559\" data-end=\"1573\">9. Kiwi Fragola \/ Menta Fresca \/ Ghiaccio di Mirtillo Pesca<br data-start=\"1627\" data-end=\"1630\" \/>Kiwi Fragola + Ghiaccio di Mirtillo Pesca \/ Kiwi Fragola + Menta Fresca \/ Menta Fresca + Ghiaccio di Mirtillo Pesca<\/p>\n<p data-start=\"1738\" data-end=\"1753\">10. Pere Mela \/ Frutti Misti \/ Fragola Melograno<br data-start=\"1810\" data-end=\"1813\" \/>Pere Mela + Fragola Melograno \/ Pere Mela + Frutti Misti \/ Frutti Misti + Pere Mela<\/p>\n<div class=\"flex-shrink-0 flex flex-col relative items-end\">\n<div class=\"pt-0\">\n<div class=\"gizmo-bot-avatar flex h-8 w-8 items-center justify-center overflow-hidden rounded-full\">\n<div class=\"relative p-1 rounded-sm flex items-center justify-center bg-token-main-surface-primary text-token-text-primary h-8 w-8\">\n<h2 data-start=\"1200\" data-end=\"1487\">Vapes Tornado \u2013 Il tuo negozio online all'ingrosso di vape per i migliori marchi di vape<\/h2>\n<p data-start=\"1200\" data-end=\"1487\"><strong data-start=\"141\" data-end=\"177\">Negozio online di sigarette elettroniche Vapes Tornado<\/strong> \u00e8 la tua fonte affidabile per <strong data-start=\"205\" data-end=\"270\">vaporizzatori usa e getta di alta qualit\u00e0 e sigarette elettroniche all'ingrosso in Europa<\/strong>. Presentiamo marchi di successo come <strong data-start=\"307\" data-end=\"362\"><a href=\"https:\/\/vapestornado.com\/it\/product\/randm-12000-puffs-fumot-digital-disposable-vape-wholesale-price\/\">Fumot VAPE<\/a>, <a href=\"https:\/\/vapestornado.com\/it\/product\/original-wga-ultra-35k-35000-puff-rechargeable-crystal-disposable-nicotine-vape-best-discount-price\/\">WGA VAPE<\/a>, <\/strong><strong data-start=\"307\" data-end=\"362\"><a href=\"https:\/\/vapestornado.com\/it\/product\/vozol-gear-shisha-25k-25000-puffs-best-dtl-disposable-vape-hookah-cheap-price\/\">VOZOL BAR VAPE<\/a>, \u00a0 Bang Vape<\/strong>, e altri, garantendo qualit\u00e0 e variet\u00e0 per ogni cliente. Che tu sia un vaper individuale o un acquirente all'ingrosso, consegniamo <strong data-start=\"481\" data-end=\"550\">dispositivi ad alte prestazioni, design eleganti e prezzi competitivi<\/strong> per soddisfare le tue esigenze.<\/p>\n<h2 data-start=\"2064\" data-end=\"2115\">Domande frequenti su OKSO 120k Vape usa e getta da 120000 puff<\/h2>\n<p data-start=\"5010\" data-end=\"5178\"><strong data-start=\"5010\" data-end=\"5059\">1) \u00c8 garantito 120000 puff per ogni utente?<\/strong><br data-start=\"5059\" data-end=\"5062\" \/>No. Il conteggio dei puff dipende dalla lunghezza dell'aspirazione, dalla frequenza e dallo stile di utilizzo individuale. Rappresenta un obiettivo di progettazione massimo.<\/p>\n<p data-start=\"5180\" data-end=\"5363\"><strong data-start=\"5180\" data-end=\"5227\">2) Cosa significa flavor regolabile 6 in 1?<\/strong><br data-start=\"5227\" data-end=\"5230\" \/>Significa che un dispositivo permette di passare tra pi\u00f9 opzioni di gusto e combinazioni, aiutando a ridurre la fatica da gusto durante un uso prolungato.<\/p>\n<p data-start=\"5365\" data-end=\"5536\"><strong data-start=\"5365\" data-end=\"5414\">3) Perch\u00e9 questo dispositivo utilizza tre coil in mesh?<\/strong><br data-start=\"5414\" data-end=\"5417\" \/>L'uso di pi\u00f9 coil in mesh aiuta a distribuire il calore in modo pi\u00f9 uniforme, supportando una produzione di vapore costante durante un uso prolungato.<\/p>\n<p data-start=\"5538\" data-end=\"5709\"><strong data-start=\"5538\" data-end=\"5592\">4) Quali informazioni mostra il Display Digitale?<\/strong><br data-start=\"5592\" data-end=\"5595\" \/>Il display fornisce lo stato visibile del dispositivo in modo che gli utenti possano comprendere meglio le variazioni di prestazioni invece di indovinare.<\/p>\n<p data-start=\"5711\" data-end=\"5913\"><strong data-start=\"5711\" data-end=\"5766\">5) Questo prodotto \u00e8 adatto all'acquisto all'ingrosso?<\/strong><br data-start=\"5766\" data-end=\"5769\" \/>S\u00ec. La gamma di funzionalit\u00e0, il design stabile delle prestazioni e la struttura dei prezzi lo rendono adatto a <strong data-start=\"5861\" data-end=\"5883\">Fornitore all'ingrosso<\/strong> distribuzione e ordini all'ingrosso.<\/p>\n<p data-start=\"5915\" data-end=\"6067\" data-is-last-node=\"\" data-is-only-node=\"\">Se vuoi, posso anche preparare un <strong data-start=\"5949\" data-end=\"5974\">elenco B2B abbreviato<\/strong>, una <strong data-start=\"5978\" data-end=\"6007\">scheda tecnica solo specifiche<\/strong>, o un <strong data-start=\"6014\" data-end=\"6041\">versione specifica per il mercato<\/strong> per diverse regioni dell'UE.<\/p>\n<\/div>\n<\/div>\n<\/div>\n<\/div>","protected":false},"excerpt":{"rendered":"<p data-start=\"3411\" data-end=\"3490\">La <strong data-start=\"35\" data-end=\"53\">OKSO 120k Puff<\/strong> \u00e8 un dispositivo ad alta capacit\u00e0 <strong data-start=\"73\" data-end=\"93\">Vaporizzatore usa e getta<\/strong> consegna fino a <strong data-start=\"111\" data-end=\"127\">120000 puff<\/strong> con un <strong data-start=\"135\" data-end=\"161\">6 in 1 multi gusto<\/strong> sistema regolabile. Presenta un <strong data-start=\"195\" data-end=\"214\">display digitale<\/strong>, <strong data-start=\"216\" data-end=\"237\">triple mesh coil<\/strong>, <strong data-start=\"239\" data-end=\"269\">capacit\u00e0 di e-liquid di 20ml \u00d7 3<\/strong>, e un <strong data-start=\"278\" data-end=\"296\">batteria da 850 mAh<\/strong> per prestazioni stabili e a lungo termine. Progettato per utenti adulti e fornitura all'ingrosso, il <strong data-start=\"383\" data-end=\"427\">OKSO 120000 Puff Sigaretta elettronica usa e getta<\/strong>\u00a0offre un pratico controllo del gusto a un <strong data-start=\"466\" data-end=\"481\">prezzo economico<\/strong>, con l'opzione di <strong data-start=\"502\" data-end=\"516\">acquistare online<\/strong> da un fornitore all'ingrosso affidabile.<\/p>\n<p><strong>Aggiungi il whatsapp di Amy per ottenere la risposta giusta e il prezzo scontato!<\/strong><\/p>\n<p><img fetchpriority=\"high\" decoding=\"async\" class=\"size-full wp-image-2932\" src=\"https:\/\/vapestornado.com\/wp-content\/uploads\/2024\/12\/Vape-Wholesale.jpg\" alt=\"Vape all&#039;ingrosso\" width=\"229\" height=\"300\" \/><\/p>\n<h3><a href=\"https:\/\/wa.me\/8617776015835\"><span style=\"color: #ff0000;\"><strong>WhatsApp: +86 17776015835<\/strong><\/span><\/a><\/h3>","protected":false},"featured_media":4707,"comment_status":"open","ping_status":"closed","template":"","meta":{"_acf_changed":false,"_uag_custom_page_level_css":"","_lmt_disableupdate":"no","_lmt_disable":"","_monsterinsights_skip_tracking":false,"_monsterinsights_sitenote_active":false,"_monsterinsights_sitenote_note":"","_monsterinsights_sitenote_category":0,"site-sidebar-layout":"default","site-content-layout":"","ast-site-content-layout":"default","site-content-style":"default","site-sidebar-style":"default","ast-global-header-display":"","ast-banner-title-visibility":"","ast-main-header-display":"","ast-hfb-above-header-display":"","ast-hfb-below-header-display":"","ast-hfb-mobile-header-display":"","site-post-title":"","ast-breadcrumbs-content":"","ast-featured-img":"","footer-sml-layout":"","ast-disable-related-posts":"","theme-transparent-header-meta":"default","adv-header-id-meta":"","stick-header-meta":"","header-above-stick-meta":"","header-main-stick-meta":"","header-below-stick-meta":"","astra-migrate-meta-layouts":"set","ast-page-background-enabled":"default","ast-page-background-meta":{"desktop":{"background-color":"","background-image":"","background-repeat":"repeat","background-position":"center center","background-size":"auto","background-attachment":"scroll","background-type":"","background-media":"","overlay-type":"","overlay-color":"","overlay-opacity":"","overlay-gradient":""},"tablet":{"background-color":"","background-image":"","background-repeat":"repeat","background-position":"center center","background-size":"auto","background-attachment":"scroll","background-type":"","background-media":"","overlay-type":"","overlay-color":"","overlay-opacity":"","overlay-gradient":""},"mobile":{"background-color":"","background-image":"","background-repeat":"repeat","background-position":"center center","background-size":"auto","background-attachment":"scroll","background-type":"","background-media":"","overlay-type":"","overlay-color":"","overlay-opacity":"","overlay-gradient":""}},"ast-content-background-meta":{"desktop":{"background-color":"var(--ast-global-color-5)","background-image":"","background-repeat":"repeat","background-position":"center center","background-size":"auto","background-attachment":"scroll","background-type":"","background-media":"","overlay-type":"","overlay-color":"","overlay-opacity":"","overlay-gradient":""},"tablet":{"background-color":"var(--ast-global-color-5)","background-image":"","background-repeat":"repeat","background-position":"center center","background-size":"auto","background-attachment":"scroll","background-type":"","background-media":"","overlay-type":"","overlay-color":"","overlay-opacity":"","overlay-gradient":""},"mobile":{"background-color":"var(--ast-global-color-5)","background-image":"","background-repeat":"repeat","background-position":"center center","background-size":"auto","background-attachment":"scroll","background-type":"","background-media":"","overlay-type":"","overlay-color":"","overlay-opacity":"","overlay-gradient":""}},"_joinchat":[]},"product_brand":[],"product_cat":[347,153,158,142,144,146,60],"product_tag":[387,287,503,502,501,393],"class_list":{"0":"post-4702","1":"product","2":"type-product","3":"status-publish","4":"has-post-thumbnail","6":"product_cat-120000-puff","7":"product_cat-buy-disposable-vapes-in-italy","8":"product_cat-buy-disposable-vapes-in-spain","9":"product_cat-digital-box-disposable-vapes","10":"product_cat-low-nicotine-disposable-vapes","11":"product_cat-rechargeable-disposable-vapes","12":"product_cat-waspe-fihp-vape","13":"product_tag-cigarette-vapor","14":"product_tag-disposable-vape-pen","15":"product_tag-multi-flavor-disposable-vape","16":"product_tag-okso-120000-puff","17":"product_tag-okso-120k","18":"product_tag-vape-cartridge","19":"desktop-align-left","20":"tablet-align-left","21":"mobile-align-left","23":"first","24":"instock","25":"sale","26":"shipping-taxable","27":"purchasable","28":"product-type-simple"},"acf":[],"uagb_featured_image_src":{"full":["https:\/\/vapestornado.com\/wp-content\/uploads\/2025\/12\/OKSO-120K-120000-Puff-Disposable-Vaper.webp",800,800,false],"thumbnail":["https:\/\/vapestornado.com\/wp-content\/uploads\/2025\/12\/OKSO-120K-120000-Puff-Disposable-Vaper-150x150.webp",150,150,true],"medium":["https:\/\/vapestornado.com\/wp-content\/uploads\/2025\/12\/OKSO-120K-120000-Puff-Disposable-Vaper-300x300.webp",300,300,true],"medium_large":["https:\/\/vapestornado.com\/wp-content\/uploads\/2025\/12\/OKSO-120K-120000-Puff-Disposable-Vaper-768x768.webp",768,768,true],"large":["https:\/\/vapestornado.com\/wp-content\/uploads\/2025\/12\/OKSO-120K-120000-Puff-Disposable-Vaper.webp",800,800,false],"1536x1536":["https:\/\/vapestornado.com\/wp-content\/uploads\/2025\/12\/OKSO-120K-120000-Puff-Disposable-Vaper.webp",800,800,false],"2048x2048":["https:\/\/vapestornado.com\/wp-content\/uploads\/2025\/12\/OKSO-120K-120000-Puff-Disposable-Vaper.webp",800,800,false],"trp-custom-language-flag":["https:\/\/vapestornado.com\/wp-content\/uploads\/2025\/12\/OKSO-120K-120000-Puff-Disposable-Vaper-12x12.webp",12,12,true],"woocommerce_thumbnail":["https:\/\/vapestornado.com\/wp-content\/uploads\/2025\/12\/OKSO-120K-120000-Puff-Disposable-Vaper-300x300.webp",300,300,true],"woocommerce_single":["https:\/\/vapestornado.com\/wp-content\/uploads\/2025\/12\/OKSO-120K-120000-Puff-Disposable-Vaper-600x600.webp",600,600,true],"woocommerce_gallery_thumbnail":["https:\/\/vapestornado.com\/wp-content\/uploads\/2025\/12\/OKSO-120K-120000-Puff-Disposable-Vaper-100x100.webp",100,100,true]},"uagb_author_info":{"display_name":"ESAMY","author_link":"https:\/\/vapestornado.com\/it\/author\/"},"uagb_comment_info":0,"uagb_excerpt":"The OKSO 120k Puff is a high-capacity Disposable Vaper delivering up to 120000 puffs with a 6 in 1 multiple flavor adjustable system. It features a digital display, triple mesh coils, 20ml \u00d7 3 e-liquid capacity, and an 850mAh battery for stable, long-term performance. Designed for adult users and wholesale supply, the OKSO 120000 Puffs&hellip;","_links":{"self":[{"href":"https:\/\/vapestornado.com\/it\/wp-json\/wp\/v2\/product\/4702","targetHints":{"allow":["GET"]}}],"collection":[{"href":"https:\/\/vapestornado.com\/it\/wp-json\/wp\/v2\/product"}],"about":[{"href":"https:\/\/vapestornado.com\/it\/wp-json\/wp\/v2\/types\/product"}],"replies":[{"embeddable":true,"href":"https:\/\/vapestornado.com\/it\/wp-json\/wp\/v2\/comments?post=4702"}],"wp:featuredmedia":[{"embeddable":true,"href":"https:\/\/vapestornado.com\/it\/wp-json\/wp\/v2\/media\/4707"}],"wp:attachment":[{"href":"https:\/\/vapestornado.com\/it\/wp-json\/wp\/v2\/media?parent=4702"}],"wp:term":[{"taxonomy":"product_brand","embeddable":true,"href":"https:\/\/vapestornado.com\/it\/wp-json\/wp\/v2\/product_brand?post=4702"},{"taxonomy":"product_cat","embeddable":true,"href":"https:\/\/vapestornado.com\/it\/wp-json\/wp\/v2\/product_cat?post=4702"},{"taxonomy":"product_tag","embeddable":true,"href":"https:\/\/vapestornado.com\/it\/wp-json\/wp\/v2\/product_tag?post=4702"}],"curies":[{"name":"wp","href":"https:\/\/api.w.org\/{rel}","templated":true}]}}