{"id":4603,"date":"2025-11-28T07:57:59","date_gmt":"2025-11-28T07:57:59","guid":{"rendered":"https:\/\/vapestornado.com\/?post_type=product&#038;p=4603"},"modified":"2025-11-28T08:20:23","modified_gmt":"2025-11-28T08:20:23","slug":"airmez-fox-80000-puffs-2-in-1-best-80k-vape-wholesale-eu-warehouse","status":"publish","type":"product","link":"https:\/\/vapestornado.com\/it\/product\/airmez-fox-80000-puffs-2-in-1-best-80k-vape-wholesale-eu-warehouse\/","title":{"rendered":"Airmez Fox 80000 Puffs 2 In 1 Miglior Vape all\u201980k Wholesaler EU magazzino"},"content":{"rendered":"<h2 data-pm-slice=\"1 1 []\">Airmez Fox 80000 Puff Vape usa e getta 2-in-1 di cristallo in magazzino all'ingrosso UE<\/h2>\n<p data-start=\"663\" data-end=\"1062\">La <strong data-start=\"667\" data-end=\"693\">Airmez Fox 80000 Puff<\/strong> \u00e8 compatto, ad alta capacit\u00e0 <strong data-start=\"722\" data-end=\"755\">sigaretta elettronica usa e getta a doppio gusto<\/strong> progettato per rivenditori europei alla ricerca di un'unit\u00e0 affidabile e a lunga durata con forte richiamo di sapore. Questo sistema 2-in-1 offre agli utenti accesso immediato a due diversi profili di gusto all'interno di un unico dispositivo, rendendo la <strong data-start=\"966\" data-end=\"984\">Airmez Fox 80k<\/strong> una scelta eccellente per i clienti che desiderano variet\u00e0 senza cambiare dispositivo.<\/p>\n<p data-start=\"1064\" data-end=\"1435\">Ogni dispositivo \u00e8 pre-riempito con <strong data-start=\"1094\" data-end=\"1114\">30 ml di e-liquid<\/strong> (15ml per gusto) e alimentato da un <strong data-start=\"1151\" data-end=\"1189\">Batteria ricaricabile Type-C da 650 mAh<\/strong>, offrendo un output costante adatto all'intero ciclo di 80.000 puff. Il <strong data-start=\"1267\" data-end=\"1285\">resistenza a mesh da 1.0\u03a9<\/strong> produce vapore morbido, una sensazione stabile in gola e prestazioni di sapore affidabili che si allineano bene con le preferenze dei consumatori nei principali mercati europei.<\/p>\n<p data-start=\"1437\" data-end=\"1897\">Un display LED luminoso fornisce lo stato della batteria e del liquido in tempo reale, riducendo l'incertezza e migliorando la soddisfazione dell'utente. I rivenditori beneficiano di vendite ripetute costanti e di una gestione dell'inventario semplificata, soprattutto con un rapido movimento da parte del nostro <strong data-start=\"1680\" data-end=\"1701\">Vape Magazzino EU<\/strong>. Grazie alla sua finitura in stile cristallo, l'Airmez Fox 80000 si distingue anche visivamente, attirando acquirenti giovani adulti di et\u00e0 compresa tra 25 e 35 anni alla ricerca di un dispositivo di aspetto premium all'interno della categoria da 80k puff.<\/p>\n<p data-start=\"1899\" data-end=\"2203\">Per i grossisti, l'Airmez Fox 80k si inserisce comodamente nelle gamme di prodotti ad alto numero di puff esistenti e funge da forte SKU di fascia media-premium nel segmento <strong data-start=\"2032\" data-end=\"2048\">cristallo vape<\/strong> Il formato a doppio gusto, la grande capacit\u00e0 del serbatoio e la lunga durata lo rendono una delle opzioni di acquisto all'ingrosso pi\u00f9 pratiche nella classe da 80.000 puff.<\/p>\n<p data-start=\"666\" data-end=\"1235\"><strong style=\"font-size: 16px;\"><span style=\"color: #ff0000;\">Aggiungi il WhatsApp di Amy per ottenere una risposta immediata e un prezzo scontato!<\/span><\/strong><\/p>\n<p><img fetchpriority=\"high\" decoding=\"async\" class=\"size-full wp-image-2932\" src=\"https:\/\/vapestornado.com\/wp-content\/uploads\/2024\/12\/Vape-Wholesale.jpg\" alt=\"Vape all&#039;ingrosso\" width=\"229\" height=\"300\" \/><\/p>\n<h3><a href=\"https:\/\/wa.me\/8617776015835\" target=\"_blank\" rel=\"noopener\"><span style=\"color: #ff0000;\"><strong>WhatsApp: +86 17776015835<\/strong><\/span><\/a><\/h3>\n<p>&nbsp;<\/p>\n<h2><strong>Elenco dei gusti delle sigarette elettroniche usa e getta AIRMEZ FOX 120000 Puff<\/strong><\/h2>\n<ul>\n<li data-start=\"2691\" data-end=\"2752\">\n<p data-start=\"2693\" data-end=\"2752\"><strong data-start=\"2693\" data-end=\"2715\">Interruttore a doppio gusto<\/strong> con due aromi in ogni dispositivo.<\/p>\n<\/li>\n<li data-start=\"2753\" data-end=\"2814\">\n<p data-start=\"2755\" data-end=\"2814\"><strong data-start=\"2755\" data-end=\"2777\">Fino a 80.000 puff<\/strong> per un uso prolungato e a bassa manutenzione.<\/p>\n<\/li>\n<li data-start=\"2815\" data-end=\"2862\">\n<p data-start=\"2817\" data-end=\"2862\"><strong data-start=\"2817\" data-end=\"2840\">Capacit\u00e0 totale di 30ml<\/strong> (15ml per aroma).<\/p>\n<\/li>\n<li data-start=\"2863\" data-end=\"2926\">\n<p data-start=\"2865\" data-end=\"2926\"><strong data-start=\"2865\" data-end=\"2883\">resistenza a mesh da 1.0\u03a9<\/strong> per una consegna di sapore forte e costante.<\/p>\n<\/li>\n<li data-start=\"2927\" data-end=\"2984\">\n<p data-start=\"2929\" data-end=\"2984\"><strong data-start=\"2929\" data-end=\"2955\">Ricarica Type-C da 650mAh<\/strong> per mantenere un output stabile.<\/p>\n<\/li>\n<li data-start=\"2985\" data-end=\"3040\">\n<p data-start=\"2987\" data-end=\"3040\"><strong data-start=\"2987\" data-end=\"3012\">Indicatori a schermo LED<\/strong> per batteria e liquido elettronico.<\/p>\n<\/li>\n<li data-start=\"3041\" data-end=\"3100\">\n<p data-start=\"3043\" data-end=\"3100\"><strong data-start=\"3043\" data-end=\"3072\">Design del corpo in stile cristallo<\/strong> per un appeal di alta qualit\u00e0 sugli scaffali.<\/p>\n<\/li>\n<li data-start=\"3101\" data-end=\"3165\">\n<p data-start=\"3103\" data-end=\"3165\"><strong data-start=\"3103\" data-end=\"3132\">Disponibilit\u00e0 in magazzino in Italia<\/strong> per una consegna all'ingrosso rapida.<\/p>\n<\/li>\n<\/ul>\n<figure id=\"attachment_4605\" aria-describedby=\"caption-attachment-4605\" style=\"width: 800px\" class=\"wp-caption alignnone\"><img decoding=\"async\" class=\"wp-image-4605 size-full\" src=\"https:\/\/vapestornado.com\/wp-content\/uploads\/2025\/11\/Airmez-FOX-2IN1-80K-Dual-Flavors-Disposable-Vapor.webp\" alt=\"Airmez FOX 2IN1 80K Dispositivo usa e getta con aromi doppi\" width=\"800\" height=\"800\" srcset=\"https:\/\/vapestornado.com\/wp-content\/uploads\/2025\/11\/Airmez-FOX-2IN1-80K-Dual-Flavors-Disposable-Vapor.webp 800w, https:\/\/vapestornado.com\/wp-content\/uploads\/2025\/11\/Airmez-FOX-2IN1-80K-Dual-Flavors-Disposable-Vapor-300x300.webp 300w, https:\/\/vapestornado.com\/wp-content\/uploads\/2025\/11\/Airmez-FOX-2IN1-80K-Dual-Flavors-Disposable-Vapor-150x150.webp 150w, https:\/\/vapestornado.com\/wp-content\/uploads\/2025\/11\/Airmez-FOX-2IN1-80K-Dual-Flavors-Disposable-Vapor-768x768.webp 768w, https:\/\/vapestornado.com\/wp-content\/uploads\/2025\/11\/Airmez-FOX-2IN1-80K-Dual-Flavors-Disposable-Vapor-12x12.webp 12w, https:\/\/vapestornado.com\/wp-content\/uploads\/2025\/11\/Airmez-FOX-2IN1-80K-Dual-Flavors-Disposable-Vapor-600x600.webp 600w, https:\/\/vapestornado.com\/wp-content\/uploads\/2025\/11\/Airmez-FOX-2IN1-80K-Dual-Flavors-Disposable-Vapor-100x100.webp 100w\" sizes=\"(max-width: 800px) 100vw, 800px\" \/><figcaption id=\"caption-attachment-4605\" class=\"wp-caption-text\">Airmez FOX 2IN1 80K Dispositivo usa e getta con aromi doppi<\/figcaption><\/figure>\n<h2><strong>Cosa rende il vaporizzatore usa e getta Airmez Fox 80000 Puff speciale?<\/strong><\/h2>\n<ol data-start=\"2243\" data-end=\"2640\">\n<li data-start=\"2243\" data-end=\"2296\">\n<p data-start=\"2246\" data-end=\"2296\"><strong data-start=\"2246\" data-end=\"2294\">Fragola Anguria \/ Fragola Ribes<\/strong><\/p>\n<\/li>\n<li data-start=\"2297\" data-end=\"2336\">\n<p data-start=\"2300\" data-end=\"2336\"><strong data-start=\"2300\" data-end=\"2334\">Limonata Blue Razz \/ Blue Razz<\/strong><\/p>\n<\/li>\n<li data-start=\"2337\" data-end=\"2384\">\n<p data-start=\"2340\" data-end=\"2384\"><strong data-start=\"2340\" data-end=\"2382\">Mirtillo su Ghiaccio \/ Mirtillo Ribes<\/strong><\/p>\n<\/li>\n<li data-start=\"2385\" data-end=\"2426\">\n<p data-start=\"2388\" data-end=\"2426\"><strong data-start=\"2388\" data-end=\"2424\">Fragola Kiwi \/ Ghiaccio alla Fragola<\/strong><\/p>\n<\/li>\n<li data-start=\"2427\" data-end=\"2473\">\n<p data-start=\"2430\" data-end=\"2473\"><strong data-start=\"2430\" data-end=\"2471\">Anguria Ghiaccio \/ Anguria Ribes<\/strong><\/p>\n<\/li>\n<li data-start=\"2474\" data-end=\"2510\">\n<p data-start=\"2477\" data-end=\"2510\"><strong data-start=\"2477\" data-end=\"2508\">Berry Lemonade \/ Limone Lime<\/strong><\/p>\n<\/li>\n<li data-start=\"2511\" data-end=\"2544\">\n<p data-start=\"2514\" data-end=\"2544\"><strong data-start=\"2514\" data-end=\"2542\">Frutta Tropicale \/ Love 66<\/strong><\/p>\n<\/li>\n<li data-start=\"2545\" data-end=\"2577\">\n<p data-start=\"2548\" data-end=\"2577\"><strong data-start=\"2548\" data-end=\"2575\">Pesca Ghiaccio \/ Mango Pesca<\/strong><\/p>\n<\/li>\n<li data-start=\"2578\" data-end=\"2610\">\n<p data-start=\"2581\" data-end=\"2610\"><strong data-start=\"2581\" data-end=\"2608\">Miscele di Frutti di Bosco \/ Dr Blue<\/strong><\/p>\n<\/li>\n<li data-start=\"2611\" data-end=\"2640\">\n<p data-start=\"2615\" data-end=\"2640\"><strong data-start=\"2615\" data-end=\"2640\">Uva Ghiaccio \/ Ghiaccio Nero<\/strong><\/p>\n<\/li>\n<\/ol>\n<h3 data-start=\"168\" data-end=\"239\"><strong data-start=\"172\" data-end=\"239\">Airmez Fox 80K vs Airmez Fox 120K \u2014 Quale si adatta al tuo mercato?<\/strong><\/h3>\n<p data-start=\"241\" data-end=\"1149\">Quando si confrontano <strong data-start=\"260\" data-end=\"278\">Airmez Fox 80K<\/strong> con il <strong data-start=\"288\" data-end=\"307\">Airmez Fox 120K<\/strong>, la differenza principale riguarda la capacit\u00e0 di puff e la flessibilit\u00e0 del sapore. <strong data-start=\"380\" data-end=\"398\">Airmez Fox 80K<\/strong> \u00e8 progettato per acquirenti che desiderano un <em data-start=\"430\" data-end=\"470\">vaporizzatore usa e getta compatto, doppio gusto<\/em> con 30ml di e-liquid totale e un sapore di maglia a coil croccante, rendendolo ideale per ordini all'ingrosso ad alta rotazione rivolti a negozi di convenienza in rapido movimento. D'altra parte, <strong data-start=\"636\" data-end=\"655\">Airmez Fox 120K<\/strong> offre un numero di puff molto pi\u00f9 elevato con una configurazione multi-gusto e una camera di e-liquid pi\u00f9 grande, offrendo agli utenti di sessioni lunghe pi\u00f9 variet\u00e0 e resistenza. Entrambi utilizzano un sistema ricaricabile Type-C e display LED, ma il <strong data-start=\"862\" data-end=\"912\">80K si concentra su prestazioni efficienti quotidiane<\/strong>, mentre il <strong data-start=\"924\" data-end=\"1019\">120K \u00e8 progettato per clienti che desiderano una sessione estesa e di alta qualit\u00e0 con pi\u00f9 profondit\u00e0 di sapore<\/strong>. Per gli acquirenti all'ingrosso, la scelta \u00e8 semplice: <strong data-start=\"1065\" data-end=\"1100\">Airmez Fox 80K per vendite in volume<\/strong>, <strong data-start=\"1102\" data-end=\"1148\"><a href=\"https:\/\/vapestornado.com\/it\/product\/airmez-fox-120000-puffs-4-flavour-big-puff-disposable-vape-pen-shop-eu-warehouse\/\">Airmez Fox 120K<\/a> per margini di upsell premium<\/strong>.<\/p>\n<h2>Perch\u00e9 scegliere Vapestornado per l'acquisto di sigarette elettroniche usa e getta online?<\/h2>\n<div class=\"flex-shrink-0 flex flex-col relative items-end\">\n<div class=\"pt-0\">\n<div class=\"gizmo-bot-avatar flex h-8 w-8 items-center justify-center overflow-hidden rounded-full\">\n<div class=\"relative p-1 rounded-sm flex items-center justify-center bg-token-main-surface-primary text-token-text-primary h-8 w-8\">\n<p data-start=\"136\" data-end=\"686\">Scegliere <strong data-start=\"145\" data-end=\"161\">Vapestornado<\/strong> come tua fonte affidabile per il <strong data-start=\"193\" data-end=\"227\">Elf Bar Moon Night 40000 Puff<\/strong> significa collaborare con un fornitore che comprende veramente le esigenze dei grossisti e rivenditori in Italia. Prioritizziamo <strong data-start=\"343\" data-end=\"409\">spedizione rapida, inventario verificato e fornitura stabile a lungo termine<\/strong>, assicurandoti di non affrontare interruzioni di stock\u2014specialmente per articoli ad alto volume come il <a href=\"https:\/\/vapestornado.com\/it\/product\/airmez-140k-puff-6-in-1-flavor-disposable-vape-wholesale-disposable-vape-pen-eu-warehouse\/\">Airmez 140k 6 in 1 ,<\/a>\u00a0<a href=\"https:\/\/vapestornado.com\/it\/product\/bang-legend-150000-puffs-6-in-1-flavor-newest-disposable-vape\/\">HiFancy Space 50000, Bang Legend 150k <\/a>Tutti i prodotti sono provenienti da canali certificati, offrendo a te <strong data-start=\"582\" data-end=\"651\">qualit\u00e0 autentica, prestazioni di sapore coerenti e affidabilit\u00e0<\/strong> che soddisfa le aspettative del mercato UE.<\/p>\n<\/div>\n<h2>FAQ su Airmez Fox 80000 Puff Bar<\/h2>\n<div class=\"relative p-1 rounded-sm flex items-center justify-center bg-token-main-surface-primary text-token-text-primary h-8 w-8\">\n<p data-start=\"3200\" data-end=\"3383\"><strong data-start=\"3200\" data-end=\"3262\">1. Come cambio i gusti sull'Airmez Fox 80000 Puffs?<\/strong><br data-start=\"3262\" data-end=\"3265\" \/>Il dispositivo utilizza un semplice sistema a doppio canale\u2014gli utenti cambiano i gusti tramite il selettore superiore senza riavviare il dispositivo.<\/p>\n<p data-start=\"3385\" data-end=\"3533\"><strong data-start=\"3385\" data-end=\"3438\">2. Quanto dura di solito l'Airmez Fox 80k?<\/strong><br data-start=\"3438\" data-end=\"3441\" \/>La sua capacit\u00e0 di 80.000 puff garantisce un ciclo di utilizzo prolungato, a seconda delle abitudini di svapo individuali.<\/p>\n<p data-start=\"3535\" data-end=\"3651\"><strong data-start=\"3535\" data-end=\"3587\">3. L'Airmez Fox 80000 supporta la ricarica?<\/strong><br data-start=\"3587\" data-end=\"3590\" \/>S\u00ec, include una porta di ricarica Type-C e una batteria da 650mAh.<\/p>\n<p data-start=\"3653\" data-end=\"3769\"><strong data-start=\"3653\" data-end=\"3703\">4. Quali informazioni mostra il display LED?<\/strong><br data-start=\"3703\" data-end=\"3706\" \/>Livello della batteria e residuo di liquido per entrambe le camere di gusto.<\/p>\n<p data-start=\"3771\" data-end=\"3934\"><strong data-start=\"3771\" data-end=\"3834\">5. L'Airmez Fox 80k pu\u00f2 essere spedito dal magazzino dell'UE?<\/strong><br data-start=\"3834\" data-end=\"3837\" \/>S\u00ec, i grossisti possono ricevere un fulfillment rapido ed efficiente dal punto di vista fiscale tramite il nostro <strong data-start=\"3912\" data-end=\"3933\">Vape Magazzino EU<\/strong>.<\/p>\n<\/div>\n<\/div>\n<\/div>\n<\/div>","protected":false},"excerpt":{"rendered":"<article class=\"text-token-text-primary w-full focus:outline-none [--shadow-height:45px] has-data-writing-block:pointer-events-none has-data-writing-block:-mt-(--shadow-height) has-data-writing-block:pt-(--shadow-height) [&amp;:has([data-writing-block])&gt;*]:pointer-events-auto [content-visibility:auto] supports-[content-visibility:auto]:[contain-intrinsic-size:auto_100lvh] scroll-mt-[calc(var(--header-height)+min(200px,max(70px,20svh)))]\" dir=\"auto\" tabindex=\"-1\" data-turn-id=\"86ca9d92-7a10-4e6b-bda0-15f9df36adca\" data-testid=\"conversation-turn-120\" data-scroll-anchor=\"true\" data-turn=\"assistant\">\n<div class=\"text-base my-auto mx-auto pb-10 [--thread-content-margin:--spacing(4)] thread-sm:[--thread-content-margin:--spacing(6)] thread-lg:[--thread-content-margin:--spacing(16)] px-(--thread-content-margin)\">\n<div class=\"[--thread-content-max-width:40rem] thread-lg:[--thread-content-max-width:48rem] mx-auto max-w-(--thread-content-max-width) flex-1 group\/turn-messages focus-visible:outline-hidden relative flex w-full min-w-0 flex-col agent-turn\" tabindex=\"-1\">\n<div class=\"flex max-w-full flex-col grow\">\n<div class=\"min-h-8 text-message relative flex w-full flex-col items-end gap-2 text-start break-words whitespace-normal [.text-message+&amp;]:mt-1\" dir=\"auto\" data-message-author-role=\"assistant\" data-message-id=\"43b070d6-bf28-4fbe-8049-1032a61ea3ac\" data-message-model-slug=\"gpt-5\">\n<div class=\"flex w-full flex-col gap-1 empty:hidden first:pt-[1px]\">\n<div class=\"markdown prose dark:prose-invert w-full break-words light markdown-new-styling\">\n<article class=\"text-token-text-primary w-full focus:outline-none [--shadow-height:45px] has-data-writing-block:pointer-events-none has-data-writing-block:-mt-(--shadow-height) has-data-writing-block:pt-(--shadow-height) [&amp;:has([data-writing-block])&gt;*]:pointer-events-auto [content-visibility:auto] supports-[content-visibility:auto]:[contain-intrinsic-size:auto_100lvh] scroll-mt-[calc(var(--header-height)+min(200px,max(70px,20svh)))]\" dir=\"auto\" tabindex=\"-1\" data-turn-id=\"4d6f00b8-d41a-438b-8912-05a895842882\" data-testid=\"conversation-turn-130\" data-scroll-anchor=\"true\" data-turn=\"assistant\">\n<div class=\"text-base my-auto mx-auto pb-10 [--thread-content-margin:--spacing(4)] thread-sm:[--thread-content-margin:--spacing(6)] thread-lg:[--thread-content-margin:--spacing(16)] px-(--thread-content-margin)\">\n<div class=\"[--thread-content-max-width:40rem] thread-lg:[--thread-content-max-width:48rem] mx-auto max-w-(--thread-content-max-width) flex-1 group\/turn-messages focus-visible:outline-hidden relative flex w-full min-w-0 flex-col agent-turn\" tabindex=\"-1\">\n<div class=\"flex max-w-full flex-col grow\">\n<div class=\"min-h-8 text-message relative flex w-full flex-col items-end gap-2 text-start break-words whitespace-normal [.text-message+&amp;]:mt-1\" dir=\"auto\" data-message-author-role=\"assistant\" data-message-id=\"f3c520bf-c043-4392-87ea-b3bf1b3ae6d3\" data-message-model-slug=\"gpt-5-1\">\n<div class=\"flex w-full flex-col gap-1 empty:hidden first:pt-[1px]\">\n<div class=\"markdown prose dark:prose-invert w-full break-words light markdown-new-styling\">\n<p>Airmez Fox 80000 Puff 2-in-1 Vape di Cristallo \u2013 Miglior 80k all'ingrosso da magazzino UE<br \/>\nAirmez Fox 80k Vape usa e getta a doppio gusto \u2013 Acquisto all'ingrosso pronto in Europa<br \/>\nAirmez Fox 80000 Puff Pen usa e getta a doppio gusto di cristallo \u2013 Magazzino in UE<\/p>\n<\/div>\n<\/div>\n<\/div>\n<\/div>\n<\/div>\n<\/div>\n<\/article>\n<\/div>\n<\/div>\n<\/div>\n<\/div>\n<\/div>\n<\/div>\n<\/article>\n<p><img fetchpriority=\"high\" decoding=\"async\" class=\"size-full wp-image-2932\" src=\"https:\/\/vapestornado.com\/wp-content\/uploads\/2024\/12\/Vape-Wholesale.jpg\" alt=\"Vape all&#039;ingrosso\" width=\"229\" height=\"300\" \/><\/p>\n<h3><a href=\"https:\/\/wa.me\/8617776015835\"><span style=\"color: #ff0000;\"><strong>WhatsApp: +86 17776015835<\/strong><\/span><\/a><\/h3>\n<p>&nbsp;<\/p>","protected":false},"featured_media":4604,"comment_status":"open","ping_status":"closed","template":"","meta":{"_acf_changed":false,"_uag_custom_page_level_css":"","_lmt_disableupdate":"no","_lmt_disable":"","_monsterinsights_skip_tracking":false,"_monsterinsights_sitenote_active":false,"_monsterinsights_sitenote_note":"","_monsterinsights_sitenote_category":0,"site-sidebar-layout":"default","site-content-layout":"","ast-site-content-layout":"default","site-content-style":"default","site-sidebar-style":"default","ast-global-header-display":"","ast-banner-title-visibility":"","ast-main-header-display":"","ast-hfb-above-header-display":"","ast-hfb-below-header-display":"","ast-hfb-mobile-header-display":"","site-post-title":"","ast-breadcrumbs-content":"","ast-featured-img":"","footer-sml-layout":"","ast-disable-related-posts":"","theme-transparent-header-meta":"default","adv-header-id-meta":"","stick-header-meta":"","header-above-stick-meta":"","header-main-stick-meta":"","header-below-stick-meta":"","astra-migrate-meta-layouts":"set","ast-page-background-enabled":"default","ast-page-background-meta":{"desktop":{"background-color":"","background-image":"","background-repeat":"repeat","background-position":"center center","background-size":"auto","background-attachment":"scroll","background-type":"","background-media":"","overlay-type":"","overlay-color":"","overlay-opacity":"","overlay-gradient":""},"tablet":{"background-color":"","background-image":"","background-repeat":"repeat","background-position":"center center","background-size":"auto","background-attachment":"scroll","background-type":"","background-media":"","overlay-type":"","overlay-color":"","overlay-opacity":"","overlay-gradient":""},"mobile":{"background-color":"","background-image":"","background-repeat":"repeat","background-position":"center center","background-size":"auto","background-attachment":"scroll","background-type":"","background-media":"","overlay-type":"","overlay-color":"","overlay-opacity":"","overlay-gradient":""}},"ast-content-background-meta":{"desktop":{"background-color":"var(--ast-global-color-5)","background-image":"","background-repeat":"repeat","background-position":"center center","background-size":"auto","background-attachment":"scroll","background-type":"","background-media":"","overlay-type":"","overlay-color":"","overlay-opacity":"","overlay-gradient":""},"tablet":{"background-color":"var(--ast-global-color-5)","background-image":"","background-repeat":"repeat","background-position":"center center","background-size":"auto","background-attachment":"scroll","background-type":"","background-media":"","overlay-type":"","overlay-color":"","overlay-opacity":"","overlay-gradient":""},"mobile":{"background-color":"var(--ast-global-color-5)","background-image":"","background-repeat":"repeat","background-position":"center center","background-size":"auto","background-attachment":"scroll","background-type":"","background-media":"","overlay-type":"","overlay-color":"","overlay-opacity":"","overlay-gradient":""}},"_joinchat":{"telephone":"17776015835"}},"product_brand":[],"product_cat":[149,150,151,152,144],"product_tag":[460,458,459,105,446,436,451,455],"class_list":{"0":"post-4603","1":"product","2":"type-product","3":"status-publish","4":"has-post-thumbnail","6":"product_cat-buy-disposable-vapes-in-austria","7":"product_cat-buy-disposable-vapes-in-belgium","8":"product_cat-buy-disposable-vapes-in-france","9":"product_cat-buy-disposable-vapes-in-cermany","10":"product_cat-low-nicotine-disposable-vapes","11":"product_tag-80k-puff-vape","12":"product_tag-airmez-fox-80000","13":"product_tag-airmez-fox-80k","14":"product_tag-digital-disposable-vape","15":"product_tag-disposable-vape-kit","16":"product_tag-shop-vape-online","17":"product_tag-vape-free-shipping","18":"product_tag-vape-pen-eu-warehouse","19":"desktop-align-left","20":"tablet-align-left","21":"mobile-align-left","23":"first","24":"instock","25":"sale","26":"shipping-taxable","27":"purchasable","28":"product-type-simple"},"acf":[],"uagb_featured_image_src":{"full":["https:\/\/vapestornado.com\/wp-content\/uploads\/2025\/11\/80K-Puffs-Double-Taste-LED-Display-Disposable-Vape-Airmez.webp",800,800,false],"thumbnail":["https:\/\/vapestornado.com\/wp-content\/uploads\/2025\/11\/80K-Puffs-Double-Taste-LED-Display-Disposable-Vape-Airmez-150x150.webp",150,150,true],"medium":["https:\/\/vapestornado.com\/wp-content\/uploads\/2025\/11\/80K-Puffs-Double-Taste-LED-Display-Disposable-Vape-Airmez-300x300.webp",300,300,true],"medium_large":["https:\/\/vapestornado.com\/wp-content\/uploads\/2025\/11\/80K-Puffs-Double-Taste-LED-Display-Disposable-Vape-Airmez-768x768.webp",768,768,true],"large":["https:\/\/vapestornado.com\/wp-content\/uploads\/2025\/11\/80K-Puffs-Double-Taste-LED-Display-Disposable-Vape-Airmez.webp",800,800,false],"1536x1536":["https:\/\/vapestornado.com\/wp-content\/uploads\/2025\/11\/80K-Puffs-Double-Taste-LED-Display-Disposable-Vape-Airmez.webp",800,800,false],"2048x2048":["https:\/\/vapestornado.com\/wp-content\/uploads\/2025\/11\/80K-Puffs-Double-Taste-LED-Display-Disposable-Vape-Airmez.webp",800,800,false],"trp-custom-language-flag":["https:\/\/vapestornado.com\/wp-content\/uploads\/2025\/11\/80K-Puffs-Double-Taste-LED-Display-Disposable-Vape-Airmez-12x12.webp",12,12,true],"woocommerce_thumbnail":["https:\/\/vapestornado.com\/wp-content\/uploads\/2025\/11\/80K-Puffs-Double-Taste-LED-Display-Disposable-Vape-Airmez-300x300.webp",300,300,true],"woocommerce_single":["https:\/\/vapestornado.com\/wp-content\/uploads\/2025\/11\/80K-Puffs-Double-Taste-LED-Display-Disposable-Vape-Airmez-600x600.webp",600,600,true],"woocommerce_gallery_thumbnail":["https:\/\/vapestornado.com\/wp-content\/uploads\/2025\/11\/80K-Puffs-Double-Taste-LED-Display-Disposable-Vape-Airmez-100x100.webp",100,100,true]},"uagb_author_info":{"display_name":"ESAMY","author_link":"https:\/\/vapestornado.com\/it\/author\/"},"uagb_comment_info":0,"uagb_excerpt":"Airmez Fox 80000 Puffs 2-in-1 Crystal Vape \u2013 Best 80k Wholesale from EU Warehouse Airmez Fox 80k Dual Flavor Disposable Vape \u2013 Bulk Buy Ready in Europe Airmez Fox 80000 Puffs Double Flavor Crystal Disposable Pen \u2013 EU Warehouse Stock WhatsApp: +86 17776015835 &nbsp;","_links":{"self":[{"href":"https:\/\/vapestornado.com\/it\/wp-json\/wp\/v2\/product\/4603","targetHints":{"allow":["GET"]}}],"collection":[{"href":"https:\/\/vapestornado.com\/it\/wp-json\/wp\/v2\/product"}],"about":[{"href":"https:\/\/vapestornado.com\/it\/wp-json\/wp\/v2\/types\/product"}],"replies":[{"embeddable":true,"href":"https:\/\/vapestornado.com\/it\/wp-json\/wp\/v2\/comments?post=4603"}],"wp:featuredmedia":[{"embeddable":true,"href":"https:\/\/vapestornado.com\/it\/wp-json\/wp\/v2\/media\/4604"}],"wp:attachment":[{"href":"https:\/\/vapestornado.com\/it\/wp-json\/wp\/v2\/media?parent=4603"}],"wp:term":[{"taxonomy":"product_brand","embeddable":true,"href":"https:\/\/vapestornado.com\/it\/wp-json\/wp\/v2\/product_brand?post=4603"},{"taxonomy":"product_cat","embeddable":true,"href":"https:\/\/vapestornado.com\/it\/wp-json\/wp\/v2\/product_cat?post=4603"},{"taxonomy":"product_tag","embeddable":true,"href":"https:\/\/vapestornado.com\/it\/wp-json\/wp\/v2\/product_tag?post=4603"}],"curies":[{"name":"wp","href":"https:\/\/api.w.org\/{rel}","templated":true}]}}