{"id":4566,"date":"2025-11-18T08:50:18","date_gmt":"2025-11-18T08:50:18","guid":{"rendered":"https:\/\/vapestornado.com\/?post_type=product&#038;p=4566"},"modified":"2025-11-18T09:04:54","modified_gmt":"2025-11-18T09:04:54","slug":"bang-legend-150000-puffs-6-in-1-flavor-newest-disposable-vape","status":"publish","type":"product","link":"https:\/\/vapestornado.com\/it\/product\/bang-legend-150000-puffs-6-in-1-flavor-newest-disposable-vape\/","title":{"rendered":"Bang Legend 150000 Puff 6 in 1 Gusto Nuova Sigaretta Elettronica Monouso"},"content":{"rendered":"<h2 data-pm-slice=\"1 1 []\">Bang Legend 150000 Puff 6 in 1 Flavor Nuovo vaporizzatore usa e getta \u2014 Il grossista di vaporizzatori pi\u00f9 venduto in Italia<\/h2>\n<p data-start=\"419\" data-end=\"845\">La <strong data-start=\"423\" data-end=\"451\">Bang Legend 150000 Puff<\/strong> sta plasmando il mercato del vaping dell'UE 2025 con un formato pensato per i grossisti e i giovani consumatori maschi in cerca di potenza, profondit\u00e0 di gusto e prestazioni durature. Questo <strong data-start=\"614\" data-end=\"640\">Nuovo vaporizzatore usa e getta<\/strong> porta un sistema migliorato <strong data-start=\"660\" data-end=\"682\">vaporizzatore 6 in 1 flavor<\/strong> che permette agli utenti di passare tra sei miscele premium in un solo dispositivo, semplificando l'inventario per i rivenditori e offrendo un'esperienza versatile per gli utenti finali.<\/p>\n<p data-start=\"847\" data-end=\"1062\">Progettato con la distribuzione all'ingrosso in mente, il Bang Legend 150K combina durabilit\u00e0, uscita di vapore stabile e tecnologia di riscaldamento di alto livello, rendendolo una scelta da tenere in magazzino per <strong data-start=\"1023\" data-end=\"1052\">Il miglior grossista di vaporizzatori in Italia<\/strong> canali.<\/p>\n<p data-start=\"1064\" data-end=\"1568\">Alimentato da una batteria ricaricabile da 850mAh e da una coil mesh 1.0*3, il dispositivo offre vapore morbido e gusto deciso dalla prima inspirazione all'ultima puff. Con ricarica rapida Type-C e una capacit\u00e0 enorme di <strong data-start=\"1256\" data-end=\"1271\">150000 puff<\/strong> questo modello risponde alla domanda del mercato EU di vaporizzatori usa e getta duraturi che riducono i tempi di inattivit\u00e0 e aumentano la comodit\u00e0 dell'utente.<\/p>\n<p data-start=\"1570\" data-end=\"1827\">Questo \u00e8 il tipo di dispositivo che i negozi EU apprezzano: affidabile, gustoso, ad alta capacit\u00e0 e pronto per acquisti all'ingrosso. Il <strong data-start=\"1682\" data-end=\"1710\">Bang Legend 150000 Puff<\/strong> non \u00e8 solo un altro usa e getta\u2014\u00e8 un leader di categoria progettato per rivenditori e distributori seri in tutta Italia.<\/p>\n<p data-start=\"666\" data-end=\"1235\"><strong style=\"font-size: 16px;\"><span style=\"color: #ff0000;\">Aggiungi il WhatsApp di Amy per ottenere una risposta immediata e un prezzo scontato!<\/span><\/strong><\/p>\n<p><img fetchpriority=\"high\" decoding=\"async\" class=\"size-full wp-image-2932\" src=\"https:\/\/vapestornado.com\/wp-content\/uploads\/2024\/12\/Vape-Wholesale.jpg\" alt=\"Vape all&#039;ingrosso\" width=\"229\" height=\"300\" \/><\/p>\n<h3><a href=\"https:\/\/wa.me\/8617776015835\" target=\"_blank\" rel=\"noopener\"><span style=\"color: #ff0000;\"><strong>WhatsApp: +86 17776015835<\/strong><\/span><\/a><\/h3>\n<p>&nbsp;<\/p>\n<h2><strong>Cosa rende il Vape Pen usa e getta Bang Legend 150000 Puffs unico?<\/strong><\/h2>\n<ul>\n<li data-start=\"3944\" data-end=\"3990\">\n<p data-start=\"3946\" data-end=\"3990\"><strong data-start=\"3946\" data-end=\"3970\">capacit\u00e0 di 150000 puff<\/strong> per uso a lungo termine<\/p>\n<\/li>\n<li data-start=\"3991\" data-end=\"4055\">\n<p data-start=\"3993\" data-end=\"4055\"><strong data-start=\"3993\" data-end=\"4019\">Rotazione aromi 6-in-1<\/strong> progettato per le preferenze dei giovani in Italia<\/p>\n<\/li>\n<li data-start=\"4056\" data-end=\"4109\">\n<p data-start=\"4058\" data-end=\"4109\"><strong data-start=\"4058\" data-end=\"4077\">bobina mesh 1.0*3<\/strong> consegna vapore pulito e denso<\/p>\n<\/li>\n<li data-start=\"4110\" data-end=\"4151\">\n<p data-start=\"4112\" data-end=\"4151\"><strong data-start=\"4112\" data-end=\"4130\">batteria da 850 mAh<\/strong> con uscita stabile<\/p>\n<\/li>\n<li data-start=\"4152\" data-end=\"4201\">\n<p data-start=\"4154\" data-end=\"4201\"><strong data-start=\"4154\" data-end=\"4178\">ricarica rapida di tipo C<\/strong> per tempi di inattivit\u00e0 minimi<\/p>\n<\/li>\n<li data-start=\"4202\" data-end=\"4272\">\n<p data-start=\"4204\" data-end=\"4272\"><strong data-start=\"4204\" data-end=\"4229\">personalizzazione OEM\/ODM<\/strong> per grossisti e marchi privati<\/p>\n<\/li>\n<\/ul>\n<figure id=\"attachment_4561\" aria-describedby=\"caption-attachment-4561\" style=\"width: 300px\" class=\"wp-caption alignnone\"><img decoding=\"async\" class=\"size-medium wp-image-4561\" src=\"https:\/\/vapestornado.com\/wp-content\/uploads\/2025\/11\/Bang-Legend-150K-Puff-Multi-Flavor-Disposable-Vape-300x300.webp\" alt=\"Vape usa e getta Bang Legend 150K Puff Multi Flavor\" width=\"300\" height=\"300\" srcset=\"https:\/\/vapestornado.com\/wp-content\/uploads\/2025\/11\/Bang-Legend-150K-Puff-Multi-Flavor-Disposable-Vape-300x300.webp 300w, https:\/\/vapestornado.com\/wp-content\/uploads\/2025\/11\/Bang-Legend-150K-Puff-Multi-Flavor-Disposable-Vape-150x150.webp 150w, https:\/\/vapestornado.com\/wp-content\/uploads\/2025\/11\/Bang-Legend-150K-Puff-Multi-Flavor-Disposable-Vape-768x768.webp 768w, https:\/\/vapestornado.com\/wp-content\/uploads\/2025\/11\/Bang-Legend-150K-Puff-Multi-Flavor-Disposable-Vape-12x12.webp 12w, https:\/\/vapestornado.com\/wp-content\/uploads\/2025\/11\/Bang-Legend-150K-Puff-Multi-Flavor-Disposable-Vape-600x600.webp 600w, https:\/\/vapestornado.com\/wp-content\/uploads\/2025\/11\/Bang-Legend-150K-Puff-Multi-Flavor-Disposable-Vape-100x100.webp 100w, https:\/\/vapestornado.com\/wp-content\/uploads\/2025\/11\/Bang-Legend-150K-Puff-Multi-Flavor-Disposable-Vape.webp 800w\" sizes=\"(max-width: 300px) 100vw, 300px\" \/><figcaption id=\"caption-attachment-4561\" class=\"wp-caption-text\">Vape usa e getta Bang Legend 150K Puff Multi Flavor<\/figcaption><\/figure>\n<h2 class=\"product-title\"><strong>Elenco dei gusti di Vape usa e getta Bang Legend 150000 Puffs<\/strong><\/h2>\n<h2 data-start=\"1834\" data-end=\"1884\"><\/h2>\n<ol>\n<li style=\"list-style-type: none;\">\n<ol data-start=\"1886\" data-end=\"3879\">\n<li data-start=\"1886\" data-end=\"2027\">\n<p data-start=\"1889\" data-end=\"2027\"><strong data-start=\"1889\" data-end=\"1934\">Pesca ghiacciata \/ Pesca Mango \/ Pesca Mirtillo<\/strong><br data-start=\"1934\" data-end=\"1937\" \/>Pesca ghiacciata + Pesca Mango \/ Pesca ghiacciata + Pesca Mirtillo \/ Pesca Mango + Pesca Mirtillo<\/p>\n<\/li>\n<li data-start=\"2028\" data-end=\"2214\">\n<p data-start=\"2031\" data-end=\"2214\"><strong data-start=\"2031\" data-end=\"2091\">Ananas ghiacciato \/ Ananas Cocco \/ Kiwi Ananas<\/strong><br data-start=\"2091\" data-end=\"2094\" \/>Ananas ghiacciato + Ananas Cocco \/ Ananas ghiacciato + Kiwi Ananas \/ Ananas Cocco + Kiwi Ananas<\/p>\n<\/li>\n<li data-start=\"2215\" data-end=\"2371\">\n<p data-start=\"2218\" data-end=\"2371\"><strong data-start=\"2218\" data-end=\"2268\">Uva ghiacciata \/ Gomme alla uva \/ Ribes uva<\/strong><br data-start=\"2268\" data-end=\"2271\" \/>Uva ghiacciata + Gomme alla uva \/ Uva ghiacciata + Ribes uva \/ Gomme alla uva + Ribes uva<\/p>\n<\/li>\n<li data-start=\"2372\" data-end=\"2567\">\n<p data-start=\"2375\" data-end=\"2567\"><strong data-start=\"2375\" data-end=\"2438\">Anguria ghiacciata \/ Frutti di bosco anguria \/ Fragola anguria<\/strong><br data-start=\"2438\" data-end=\"2441\" \/>Watermelon Ice + Watermelon Berries \/ Watermelon Ice + Fragola Watermelon \/ Watermelon Berries + Fragola Watermelon<\/p>\n<\/li>\n<li data-start=\"2568\" data-end=\"2778\">\n<p data-start=\"2571\" data-end=\"2778\"><strong data-start=\"2571\" data-end=\"2639\">Mirtillo Blu Ice \/ Mirtillo Blu Lampone \/ Mirtillo Blu Mirtillo Rosso Ciliegia<\/strong><br data-start=\"2639\" data-end=\"2642\" \/>Mirtillo Blu Ice + Mirtillo Blu Lampone \/ Mirtillo Blu Ice + Mirtillo Blu Mirtillo Rosso Ciliegia \/ Mirtillo Blu Lampone + Mirtillo Blu Mirtillo Rosso Ciliegia<\/p>\n<\/li>\n<li data-start=\"2779\" data-end=\"2950\">\n<p data-start=\"2782\" data-end=\"2950\"><strong data-start=\"2782\" data-end=\"2837\">Banana Ice \/ Banana Fragola \/ Acido Citrico Arancia<\/strong><br data-start=\"2837\" data-end=\"2840\" \/>Banana Ice + Banana Fragola \/ Ice Banana + Acido Citrico Arancia \/ Banana Fragola + Acido Citrico Arancia<\/p>\n<\/li>\n<li data-start=\"2951\" data-end=\"3092\">\n<p data-start=\"2954\" data-end=\"3092\"><strong data-start=\"2954\" data-end=\"2999\">Mela Ice \/ Mela Uva \/ Mirtillo Uva<\/strong><br data-start=\"2999\" data-end=\"3002\" \/>Mela Ice + Mela Uva \/ Mela Ice + Mirtillo Uva \/ Mela Uva + Mirtillo Uva<\/p>\n<\/li>\n<li data-start=\"3093\" data-end=\"3252\">\n<p data-start=\"3096\" data-end=\"3252\"><strong data-start=\"3096\" data-end=\"3147\">Mango Ice \/ Pesca Mango Watermelon \/ Orsetto Gommosa<\/strong><br data-start=\"3147\" data-end=\"3150\" \/>Mango Ice + Pesca Mango Watermelon \/ Mango Ice + Orsetto Gommosa \/ Pesca Mango Watermelon + Orsetto Gommosa<\/p>\n<\/li>\n<li data-start=\"3253\" data-end=\"3382\">\n<p data-start=\"3256\" data-end=\"3382\"><strong data-start=\"3256\" data-end=\"3297\">Ciliegia Ice \/ Frutti di Bosco Misti \/ Cola Rossa<\/strong><br data-start=\"3297\" data-end=\"3300\" \/>Ciliegia Ice + Frutti di Bosco Misti \/ Ciliegia Ice + Cola Rossa \/ Frutti di Bosco Misti + Cola Rossa<\/p>\n<\/li>\n<li data-start=\"3383\" data-end=\"3528\">\n<p data-start=\"3387\" data-end=\"3528\"><strong data-start=\"3387\" data-end=\"3433\">Red Bull \/ Gomme da Masticare Watermelon \/ Love 66<\/strong><br data-start=\"3433\" data-end=\"3436\" \/>Red Bull + Gomme da Masticare Watermelon \/ Red Bull + Love 66 \/ Gomme da Masticare Watermelon + Love 66<\/p>\n<\/li>\n<li data-start=\"3529\" data-end=\"3704\">\n<p data-start=\"3533\" data-end=\"3704\"><strong data-start=\"3533\" data-end=\"3589\">Fragola Ice \/ Fragola Kiwi \/ Fragola Litchi<\/strong><br data-start=\"3589\" data-end=\"3592\" \/>Fragola Ice + Fragola Kiwi \/ Fragola Ice + Fragola Litchi \/ Fragola Kiwi + Fragola Litchi<\/p>\n<\/li>\n<li data-start=\"3705\" data-end=\"3879\">\n<p data-start=\"3709\" data-end=\"3879\"><strong data-start=\"3709\" data-end=\"3772\">Passione Frutto della Passione \/ Guava Lime \/ Frutto della Passione Limone<\/strong><br data-start=\"3772\" data-end=\"3775\" \/>Frutto della Passione + Guava Lime \/ Frutto della Passione + Frutto della Passione Limone \/ Guava Lime + Frutto della Passione Limone<\/p>\n<\/li>\n<\/ol>\n<\/li>\n<\/ol>\n<p>&nbsp;<\/p>\n<h2>Perch\u00e9 Scegliere Vapestornado per Bang Legend 150000 Puffs Acquisto all'ingrosso?<\/h2>\n<div class=\"flex-shrink-0 flex flex-col relative items-end\">\n<div class=\"pt-0\">\n<div class=\"gizmo-bot-avatar flex h-8 w-8 items-center justify-center overflow-hidden rounded-full\">\n<div class=\"relative p-1 rounded-sm flex items-center justify-center bg-token-main-surface-primary text-token-text-primary h-8 w-8\">\n<p data-start=\"648\" data-end=\"799\">Scegliere <strong data-start=\"189\" data-end=\"205\">Vapestornado<\/strong> come tuo fornitore per <strong data-start=\"227\" data-end=\"261\">Elf Bar Moon Night 40000 Puff<\/strong> significa assicurarsi un partner che comprenda le esigenze dei grossisti e rivenditori basati in Italia. Ci concentriamo su consegne rapide, stock verificati e fornitura stabile a lungo termine\u2014fattori chiave per le aziende che vendono prodotti ad alto volume come il <strong data-start=\"489\" data-end=\"515\">Elf Bar Luna Notte 40K<\/strong>. Ogni lotto \u00e8 fornito direttamente da canali certificati, garantendo prodotti autentici, forte coerenza del sapore e qualit\u00e0 affidabile che soddisfa le aspettative degli acquirenti in Italia.<\/p>\n<p data-start=\"559\" data-end=\"933\" data-is-last-node=\"\" data-is-only-node=\"\">Abbiamo anche altri vaporizzatori usa e getta popolari con schermo come <a href=\"https:\/\/vapestornado.com\/it\/product\/uzy-150k-puffs-6-in-1-flavor-switch-disposable-vape-pen-wholesale\/\">UZY 150K Puff vape con cambio di gusto<\/a>, <a href=\"https:\/\/vapestornado.com\/it\/product\/vozol-rave-40k-40000-puffs-disposable-vape-smart-screen-5-nicotine\/\">VOZOL RAVE 40K Vape usa e getta<\/a>, <a href=\"https:\/\/vapestornado.com\/it\/product\/waspe-150k-150000-puff-6-in-1-disposable-vape-pen-cartridge-best-wholesale-price-in-poland\/\">WASPE 150K Puff 6 in 1<\/a>, e altro ancora.<\/p>\n<\/div>\n<div class=\"relative p-1 rounded-sm flex items-center justify-center bg-token-main-surface-primary text-token-text-primary h-8 w-8\">\n<h2>FAQS su Bang Legend 150000 Puff<\/h2>\n<p data-start=\"4658\" data-end=\"4815\"><strong data-start=\"4658\" data-end=\"4721\">1. Quanto dura di solito il Bang Legend 150000 Puff?<\/strong><br data-start=\"4721\" data-end=\"4724\" \/>Per gli utenti medi, il dispositivo pu\u00f2 durare diverse settimane grazie alla sua capacit\u00e0 massima di 150K puff.<\/p>\n<p data-start=\"4817\" data-end=\"4927\"><strong data-start=\"4817\" data-end=\"4861\">2. Il Bang Legend 150K \u00e8 ricaricabile?<\/strong><br data-start=\"4861\" data-end=\"4864\" \/>S\u00ec, include una porta Type-C per una ricarica rapida ed efficiente.<\/p>\n<p data-start=\"4929\" data-end=\"5084\"><strong data-start=\"4929\" data-end=\"4980\">3. Cosa rende speciale il sistema di aromi 6-in-1?<\/strong><br data-start=\"4980\" data-end=\"4983\" \/>Permette agli utenti di passare istantaneamente tra sei aromi, riducendo la necessit\u00e0 di portare pi\u00f9 dispositivi.<\/p>\n<p data-start=\"5086\" data-end=\"5240\"><strong data-start=\"5086\" data-end=\"5146\">4. Questo modello \u00e8 adatto per il miglior grossista di vape in Italia?<\/strong><br data-start=\"5146\" data-end=\"5149\" \/>S\u00ec, \u00e8 altamente raccomandato per le reti di vendita all'ingrosso grazie alla domanda e alla stabilit\u00e0 della fornitura.<\/p>\n<p data-start=\"5242\" data-end=\"5375\"><strong data-start=\"5242\" data-end=\"5287\">5. Il Bang Legend 150K utilizza una coil mesh?<\/strong><br data-start=\"5287\" data-end=\"5290\" \/>Presenta una coil mesh 1.0*3, che garantisce un riscaldamento uniforme e un sapore forte e costante.<\/p>\n<\/div>\n<\/div>\n<\/div>\n<\/div>","protected":false},"excerpt":{"rendered":"<article class=\"text-token-text-primary w-full focus:outline-none [--shadow-height:45px] has-data-writing-block:pointer-events-none has-data-writing-block:-mt-(--shadow-height) has-data-writing-block:pt-(--shadow-height) [&amp;:has([data-writing-block])&gt;*]:pointer-events-auto [content-visibility:auto] supports-[content-visibility:auto]:[contain-intrinsic-size:auto_100lvh] scroll-mt-[calc(var(--header-height)+min(200px,max(70px,20svh)))]\" dir=\"auto\" tabindex=\"-1\" data-turn-id=\"86ca9d92-7a10-4e6b-bda0-15f9df36adca\" data-testid=\"conversation-turn-120\" data-scroll-anchor=\"true\" data-turn=\"assistant\">\n<div class=\"text-base my-auto mx-auto pb-10 [--thread-content-margin:--spacing(4)] thread-sm:[--thread-content-margin:--spacing(6)] thread-lg:[--thread-content-margin:--spacing(16)] px-(--thread-content-margin)\">\n<div class=\"[--thread-content-max-width:40rem] thread-lg:[--thread-content-max-width:48rem] mx-auto max-w-(--thread-content-max-width) flex-1 group\/turn-messages focus-visible:outline-hidden relative flex w-full min-w-0 flex-col agent-turn\" tabindex=\"-1\">\n<div class=\"flex max-w-full flex-col grow\">\n<div class=\"min-h-8 text-message relative flex w-full flex-col items-end gap-2 text-start break-words whitespace-normal [.text-message+&amp;]:mt-1\" dir=\"auto\" data-message-author-role=\"assistant\" data-message-id=\"43b070d6-bf28-4fbe-8049-1032a61ea3ac\" data-message-model-slug=\"gpt-5\">\n<div class=\"flex w-full flex-col gap-1 empty:hidden first:pt-[1px]\">\n<div class=\"markdown prose dark:prose-invert w-full break-words light markdown-new-styling\">\n<article class=\"text-token-text-primary w-full focus:outline-none [--shadow-height:45px] has-data-writing-block:pointer-events-none has-data-writing-block:-mt-(--shadow-height) has-data-writing-block:pt-(--shadow-height) [&amp;:has([data-writing-block])&gt;*]:pointer-events-auto [content-visibility:auto] supports-[content-visibility:auto]:[contain-intrinsic-size:auto_100lvh] scroll-mt-[calc(var(--header-height)+min(200px,max(70px,20svh)))]\" dir=\"auto\" tabindex=\"-1\" data-turn-id=\"4d6f00b8-d41a-438b-8912-05a895842882\" data-testid=\"conversation-turn-130\" data-scroll-anchor=\"true\" data-turn=\"assistant\">\n<div class=\"text-base my-auto mx-auto pb-10 [--thread-content-margin:--spacing(4)] thread-sm:[--thread-content-margin:--spacing(6)] thread-lg:[--thread-content-margin:--spacing(16)] px-(--thread-content-margin)\">\n<div class=\"[--thread-content-max-width:40rem] thread-lg:[--thread-content-max-width:48rem] mx-auto max-w-(--thread-content-max-width) flex-1 group\/turn-messages focus-visible:outline-hidden relative flex w-full min-w-0 flex-col agent-turn\" tabindex=\"-1\">\n<div class=\"flex max-w-full flex-col grow\">\n<div class=\"min-h-8 text-message relative flex w-full flex-col items-end gap-2 text-start break-words whitespace-normal [.text-message+&amp;]:mt-1\" dir=\"auto\" data-message-author-role=\"assistant\" data-message-id=\"f3c520bf-c043-4392-87ea-b3bf1b3ae6d3\" data-message-model-slug=\"gpt-5-1\">\n<div class=\"flex w-full flex-col gap-1 empty:hidden first:pt-[1px]\">\n<div class=\"markdown prose dark:prose-invert w-full break-words light markdown-new-styling\">\n<p>Bang Legend 150000 Puff 6 in 1 \u2014 Il vaporizzatore usa e getta pi\u00f9 venduto e pi\u00f9 recente in Italia<\/p>\n<p>Bang Legend 150K 6 in 1 Flavor Vape per grossisti EU \u2014 Potente, durevole, pronto per ordini all'ingrosso<\/p>\n<p>Bang Legend 150000 Puff Vape usa e getta \u2014 Rotazione premium di 6 gusti per il mercato del vaping in Europa<\/p>\n<\/div>\n<\/div>\n<\/div>\n<\/div>\n<\/div>\n<\/div>\n<\/article>\n<div class=\"pointer-events-none h-px w-px\" aria-hidden=\"true\" data-edge=\"true\"><\/div>\n<\/div>\n<\/div>\n<\/div>\n<\/div>\n<\/div>\n<\/div>\n<\/article>\n<p><img fetchpriority=\"high\" decoding=\"async\" class=\"size-full wp-image-2932\" src=\"https:\/\/vapestornado.com\/wp-content\/uploads\/2024\/12\/Vape-Wholesale.jpg\" alt=\"Vape all&#039;ingrosso\" width=\"229\" height=\"300\" \/><\/p>\n<h3><a href=\"https:\/\/wa.me\/8617776015835\"><span style=\"color: #ff0000;\"><strong>WhatsApp: +86 17776015835<\/strong><\/span><\/a><\/h3>\n<p>&nbsp;<\/p>","protected":false},"featured_media":4560,"comment_status":"open","ping_status":"closed","template":"","meta":{"_acf_changed":false,"_uag_custom_page_level_css":"","_lmt_disableupdate":"no","_lmt_disable":"","_monsterinsights_skip_tracking":false,"_monsterinsights_sitenote_active":false,"_monsterinsights_sitenote_note":"","_monsterinsights_sitenote_category":0,"site-sidebar-layout":"default","site-content-layout":"","ast-site-content-layout":"default","site-content-style":"default","site-sidebar-style":"default","ast-global-header-display":"","ast-banner-title-visibility":"","ast-main-header-display":"","ast-hfb-above-header-display":"","ast-hfb-below-header-display":"","ast-hfb-mobile-header-display":"","site-post-title":"","ast-breadcrumbs-content":"","ast-featured-img":"","footer-sml-layout":"","ast-disable-related-posts":"","theme-transparent-header-meta":"default","adv-header-id-meta":"","stick-header-meta":"","header-above-stick-meta":"","header-main-stick-meta":"","header-below-stick-meta":"","astra-migrate-meta-layouts":"set","ast-page-background-enabled":"default","ast-page-background-meta":{"desktop":{"background-color":"","background-image":"","background-repeat":"repeat","background-position":"center center","background-size":"auto","background-attachment":"scroll","background-type":"","background-media":"","overlay-type":"","overlay-color":"","overlay-opacity":"","overlay-gradient":""},"tablet":{"background-color":"","background-image":"","background-repeat":"repeat","background-position":"center center","background-size":"auto","background-attachment":"scroll","background-type":"","background-media":"","overlay-type":"","overlay-color":"","overlay-opacity":"","overlay-gradient":""},"mobile":{"background-color":"","background-image":"","background-repeat":"repeat","background-position":"center center","background-size":"auto","background-attachment":"scroll","background-type":"","background-media":"","overlay-type":"","overlay-color":"","overlay-opacity":"","overlay-gradient":""}},"ast-content-background-meta":{"desktop":{"background-color":"var(--ast-global-color-5)","background-image":"","background-repeat":"repeat","background-position":"center center","background-size":"auto","background-attachment":"scroll","background-type":"","background-media":"","overlay-type":"","overlay-color":"","overlay-opacity":"","overlay-gradient":""},"tablet":{"background-color":"var(--ast-global-color-5)","background-image":"","background-repeat":"repeat","background-position":"center center","background-size":"auto","background-attachment":"scroll","background-type":"","background-media":"","overlay-type":"","overlay-color":"","overlay-opacity":"","overlay-gradient":""},"mobile":{"background-color":"var(--ast-global-color-5)","background-image":"","background-repeat":"repeat","background-position":"center center","background-size":"auto","background-attachment":"scroll","background-type":"","background-media":"","overlay-type":"","overlay-color":"","overlay-opacity":"","overlay-gradient":""}},"_joinchat":{"telephone":"17776015835"}},"product_brand":[],"product_cat":[394,62,149,150,156,357,146],"product_tag":[440,105,441,436,435,439,301],"class_list":{"0":"post-4566","1":"product","2":"type-product","3":"status-publish","4":"has-post-thumbnail","6":"product_cat-150000-puff","7":"product_cat-bang-vape","8":"product_cat-buy-disposable-vapes-in-austria","9":"product_cat-buy-disposable-vapes-in-belgium","10":"product_cat-buy-disposable-vapes-in-poland","11":"product_cat-flavor-adjustable-vape","12":"product_cat-rechargeable-disposable-vapes","13":"product_tag-bang-legend-150000","14":"product_tag-digital-disposable-vape","15":"product_tag-puff-150k","16":"product_tag-shop-vape-online","17":"product_tag-vape-eu-wholesale","18":"product_tag-vape-germany-wholesale","19":"product_tag-vapor-wholesale","20":"desktop-align-left","21":"tablet-align-left","22":"mobile-align-left","24":"first","25":"instock","26":"sale","27":"shipping-taxable","28":"purchasable","29":"product-type-simple"},"acf":[],"uagb_featured_image_src":{"full":["https:\/\/vapestornado.com\/wp-content\/uploads\/2025\/11\/Bang-Legend-150K-Puff-Disposable-Vape.webp",800,800,false],"thumbnail":["https:\/\/vapestornado.com\/wp-content\/uploads\/2025\/11\/Bang-Legend-150K-Puff-Disposable-Vape-150x150.webp",150,150,true],"medium":["https:\/\/vapestornado.com\/wp-content\/uploads\/2025\/11\/Bang-Legend-150K-Puff-Disposable-Vape-300x300.webp",300,300,true],"medium_large":["https:\/\/vapestornado.com\/wp-content\/uploads\/2025\/11\/Bang-Legend-150K-Puff-Disposable-Vape-768x768.webp",768,768,true],"large":["https:\/\/vapestornado.com\/wp-content\/uploads\/2025\/11\/Bang-Legend-150K-Puff-Disposable-Vape.webp",800,800,false],"1536x1536":["https:\/\/vapestornado.com\/wp-content\/uploads\/2025\/11\/Bang-Legend-150K-Puff-Disposable-Vape.webp",800,800,false],"2048x2048":["https:\/\/vapestornado.com\/wp-content\/uploads\/2025\/11\/Bang-Legend-150K-Puff-Disposable-Vape.webp",800,800,false],"trp-custom-language-flag":["https:\/\/vapestornado.com\/wp-content\/uploads\/2025\/11\/Bang-Legend-150K-Puff-Disposable-Vape-12x12.webp",12,12,true],"woocommerce_thumbnail":["https:\/\/vapestornado.com\/wp-content\/uploads\/2025\/11\/Bang-Legend-150K-Puff-Disposable-Vape-300x300.webp",300,300,true],"woocommerce_single":["https:\/\/vapestornado.com\/wp-content\/uploads\/2025\/11\/Bang-Legend-150K-Puff-Disposable-Vape-600x600.webp",600,600,true],"woocommerce_gallery_thumbnail":["https:\/\/vapestornado.com\/wp-content\/uploads\/2025\/11\/Bang-Legend-150K-Puff-Disposable-Vape-100x100.webp",100,100,true]},"uagb_author_info":{"display_name":"ESAMY","author_link":"https:\/\/vapestornado.com\/it\/author\/"},"uagb_comment_info":0,"uagb_excerpt":"Bang Legend 150000 Puffs 6 in 1 \u2014 Italy\u2019s Best-Selling Newest Disposable Vape Bang Legend 150K 6 in 1 Flavor Vape for EU Wholesalers \u2014 Powerful, Long-Lasting, Ready for Bulk Orders Bang Legend 150000 Puffs Disposable Vape \u2014 Premium 6-Flavor Rotation for Europe\u2019s Vape Market WhatsApp: +86 17776015835 &nbsp;","_links":{"self":[{"href":"https:\/\/vapestornado.com\/it\/wp-json\/wp\/v2\/product\/4566","targetHints":{"allow":["GET"]}}],"collection":[{"href":"https:\/\/vapestornado.com\/it\/wp-json\/wp\/v2\/product"}],"about":[{"href":"https:\/\/vapestornado.com\/it\/wp-json\/wp\/v2\/types\/product"}],"replies":[{"embeddable":true,"href":"https:\/\/vapestornado.com\/it\/wp-json\/wp\/v2\/comments?post=4566"}],"wp:featuredmedia":[{"embeddable":true,"href":"https:\/\/vapestornado.com\/it\/wp-json\/wp\/v2\/media\/4560"}],"wp:attachment":[{"href":"https:\/\/vapestornado.com\/it\/wp-json\/wp\/v2\/media?parent=4566"}],"wp:term":[{"taxonomy":"product_brand","embeddable":true,"href":"https:\/\/vapestornado.com\/it\/wp-json\/wp\/v2\/product_brand?post=4566"},{"taxonomy":"product_cat","embeddable":true,"href":"https:\/\/vapestornado.com\/it\/wp-json\/wp\/v2\/product_cat?post=4566"},{"taxonomy":"product_tag","embeddable":true,"href":"https:\/\/vapestornado.com\/it\/wp-json\/wp\/v2\/product_tag?post=4566"}],"curies":[{"name":"wp","href":"https:\/\/api.w.org\/{rel}","templated":true}]}}