{"id":4483,"date":"2025-10-30T06:42:12","date_gmt":"2025-10-30T06:42:12","guid":{"rendered":"https:\/\/vapestornado.com\/?post_type=product&#038;p=4483"},"modified":"2025-12-12T08:55:22","modified_gmt":"2025-12-12T08:55:22","slug":"jnr-falcon-pro-28k-28000-disposable-vape-puff-bar-rechargeable","status":"publish","type":"product","link":"https:\/\/vapestornado.com\/it\/product\/jnr-falcon-pro-28k-28000-disposable-vape-puff-bar-rechargeable\/","title":{"rendered":"JNR Falcon Pro 28k 28000 Vape usa e getta Puff Bar ricaricabile"},"content":{"rendered":"<h2 data-pm-slice=\"1 1 []\">JNR Falcon Pro 28K Puff Bar ricaricabile \u2013 Vape usa e getta da 28000 puff all'ingrosso<\/h2>\n<p data-start=\"73\" data-end=\"688\">La <strong data-start=\"97\" data-end=\"119\">JNR Falcon Pro 28K<\/strong> \u00e8 una ricaricabile usa e getta progettata per i vaper che si aspettano pi\u00f9 della semplice comodit\u00e0 a breve termine. Con <strong data-start=\"216\" data-end=\"238\">fino a 28.000 puff<\/strong>, una <strong data-start=\"242\" data-end=\"268\">capacit\u00e0 di e-liquid di 30 ml<\/strong>, e un <strong data-start=\"276\" data-end=\"294\">doppia mesh coil<\/strong>, \u00e8 progettata per offrire sapore e vaporizzazione stabili durante un uso prolungato. Aggiungi un <strong data-start=\"372\" data-end=\"410\">Batteria ricaricabile Type-C da 950mAh<\/strong> e una <strong data-start=\"418\" data-end=\"446\">schermo intelligente<\/strong>, e ottieni un dispositivo che si comporta pi\u00f9 come un compatto <strong data-start=\"500\" data-end=\"520\">mod di sigarette elettroniche<\/strong> che come una semplice usa e getta \u2014 senza configurazione o manutenzione.<\/p>\n<h3 data-start=\"791\" data-end=\"864\">Perch\u00e9 il JNR Falcon Pro 28k offre un valore migliore rispetto alle sigarette elettroniche usa e getta tipiche?<\/h3>\n<ul data-start=\"866\" data-end=\"2179\">\n<li data-start=\"866\" data-end=\"1161\">\n<p data-start=\"868\" data-end=\"1161\"><strong data-start=\"868\" data-end=\"906\">Resistenza che si adatta alle routine reali.<\/strong> La <strong data-start=\"911\" data-end=\"949\">sigaretta elettronica usa e getta JNR Falcon Pro 28K<\/strong> abbina una alta <strong data-start=\"963\" data-end=\"982\">valutazione di 28K puff<\/strong> con un <strong data-start=\"990\" data-end=\"1003\">Serbatoio da 30ml<\/strong>, rendendola adatta a utenti regolari in <strong data-start=\"1045\" data-end=\"1090\">Italia, Francia, Germania, Spagna e Polonia<\/strong> che desiderano meno sostituzioni e un uso quotidiano prevedibile da un solo dispositivo.<\/p>\n<\/li>\n<li data-start=\"1163\" data-end=\"1428\">\n<p data-start=\"1165\" data-end=\"1428\"><strong data-start=\"1165\" data-end=\"1202\">Bobina a doppia maglia per un output stabile.<\/strong> Dentro il <strong data-start=\"1214\" data-end=\"1243\">Vaper ricaricabile JNR 28K<\/strong> design, che <strong data-start=\"1256\" data-end=\"1274\">doppia mesh coil<\/strong> diffonde il calore in modo uniforme attraverso la wick. Questo aiuta il vapore a rimanere morbido e il sapore a rimanere pieno pi\u00f9 a lungo nel serbatoio, invece di assottigliarsi dopo un uso intenso.<\/p>\n<\/li>\n<li data-start=\"1430\" data-end=\"1649\">\n<p data-start=\"1432\" data-end=\"1649\"><strong data-start=\"1432\" data-end=\"1480\">Potenza ricaricabile che protegge il liquido.<\/strong> A <strong data-start=\"1483\" data-end=\"1521\">Batteria ricaricabile Type-C da 950mAh<\/strong> significa che puoi ricaricare l'energia quando necessario e continuare a svapare fino a quando il liquido non \u00e8 finito \u2014 niente smaltimento precoce, niente spreco di e-juice.<\/p>\n<\/li>\n<li data-start=\"1651\" data-end=\"1884\">\n<p data-start=\"1653\" data-end=\"1884\"><strong data-start=\"1653\" data-end=\"1689\">Lo schermo intelligente ti tiene informato.<\/strong> La <strong data-start=\"1694\" data-end=\"1747\">schermo LED intelligente sul JNR Falcon Pro 28K<\/strong> mostra i livelli di batteria e liquido in tempo reale, cos\u00ec sai se il dispositivo pu\u00f2 coprire una lunga giornata di lavoro o una serata senza indovinare.<\/p>\n<\/li>\n<li data-start=\"1886\" data-end=\"2179\">\n<p data-start=\"1888\" data-end=\"2179\"><strong data-start=\"1888\" data-end=\"1939\">Ottimo rapporto qualit\u00e0-prezzo per canali al dettaglio e all'ingrosso.<\/strong> Con caratteristiche solitamente viste su dispositivi pi\u00f9 complessi, il <strong data-start=\"1996\" data-end=\"2018\">JNR Falcon Pro 28000<\/strong>\u00a0si comporta bene in qualsiasi <strong data-start=\"2040\" data-end=\"2053\">negozio di svapo<\/strong> e si adatta agli acquirenti che confrontano i dispositivi usa e getta di alta gamma con <strong data-start=\"2108\" data-end=\"2138\">Sigarette economiche all'ingrosso<\/strong> alternative per un miglior valore a lungo termine.<\/p>\n<\/li>\n<\/ul>\n<p><strong><span style=\"color: #ff0000;\">Aggiungi il whatsapp di Amy per ottenere subito una risposta e un coupon per il vape!<\/span><\/strong><\/p>\n<p><img fetchpriority=\"high\" decoding=\"async\" class=\"size-full wp-image-2932\" src=\"https:\/\/vapestornado.com\/wp-content\/uploads\/2024\/12\/Vape-Wholesale.jpg\" alt=\"Vape all&#039;ingrosso\" width=\"229\" height=\"300\" \/><\/p>\n<h3><a href=\"https:\/\/wa.me\/8617776015835\" target=\"_blank\" rel=\"noopener\"><span style=\"color: #ff0000;\"><strong>WhatsApp: +86 17776015835<\/strong><\/span><\/a><\/h3>\n<p>&nbsp;<\/p>\n<h2><strong>Caratteristiche del prodotto JNR Falcon Pro 28k<\/strong><\/h2>\n<table>\n<thead>\n<tr>\n<th>Caratteristica<\/th>\n<th>specifiche<\/th>\n<th>dettagli<\/th>\n<\/tr>\n<\/thead>\n<tbody>\n<tr>\n<td>Nome del prodotto<\/td>\n<td>JNR Falcon Pro 28K<\/td>\n<td>Svapo usa e getta ricaricabile ad alta capacit\u00e0<\/td>\n<\/tr>\n<tr>\n<td>Capacit\u00e0 di tiri<\/td>\n<td>Fino a 28.000 puff<\/td>\n<td>Progettato per un uso prolungato, di pi\u00f9 settimane<\/td>\n<\/tr>\n<tr>\n<td>Volume di liquido elettronico<\/td>\n<td>Pre-riempito da 30ml<\/td>\n<td>Serbatoio grande supporta sessioni lunghe<\/td>\n<\/tr>\n<tr>\n<td>Tecnologia delle coil<\/td>\n<td>Doppia bobina a rete<\/td>\n<td>Riscaldamento uniforme per vapore morbido e sapore ricco<\/td>\n<\/tr>\n<tr>\n<td>Batteria<\/td>\n<td>950mAh ricaricabile<\/td>\n<td>Supporta la ricarica ripetuta durante tutta la vita del dispositivo<\/td>\n<\/tr>\n<tr>\n<td>Ricarica<\/td>\n<td>ricarica rapida di tipo C<\/td>\n<td>Ricarica rapida e moderna con cavi standard UE<\/td>\n<\/tr>\n<tr>\n<td>Espositore<\/td>\n<td>Schermo intelligente e smart<\/td>\n<td>Stato della batteria e del liquido in tempo reale<\/td>\n<\/tr>\n<tr>\n<td>Design<\/td>\n<td>Corpo in stile cristallo con logo Falcon<\/td>\n<td>Aspetto moderno con sensazione solida al tatto<\/td>\n<\/tr>\n<tr>\n<td>Opzioni di gusto<\/td>\n<td>Fino a 20 gusti<\/td>\n<td>Profili di frutta, ghiaccio e misti disponibili<\/td>\n<\/tr>\n<tr>\n<td>Posizionamento<\/td>\n<td>Vendita al dettaglio e all'ingrosso<\/td>\n<td>Adatto per negozi di svapo e distribuzione all'ingrosso<\/td>\n<\/tr>\n<\/tbody>\n<\/table>\n<figure id=\"attachment_4478\" aria-describedby=\"caption-attachment-4478\" style=\"width: 800px\" class=\"wp-caption alignnone\"><img decoding=\"async\" class=\"wp-image-4478 size-full\" src=\"https:\/\/vapestornado.com\/wp-content\/uploads\/2025\/10\/JNR-Falcon-Pro-28000-2-Nicotine-Disposable-Vapes.webp\" alt=\"JNR Falcon Pro 28000 2% Sigarette elettroniche usa e getta con nicotina\" width=\"800\" height=\"800\" srcset=\"https:\/\/vapestornado.com\/wp-content\/uploads\/2025\/10\/JNR-Falcon-Pro-28000-2-Nicotine-Disposable-Vapes.webp 800w, https:\/\/vapestornado.com\/wp-content\/uploads\/2025\/10\/JNR-Falcon-Pro-28000-2-Nicotine-Disposable-Vapes-300x300.webp 300w, https:\/\/vapestornado.com\/wp-content\/uploads\/2025\/10\/JNR-Falcon-Pro-28000-2-Nicotine-Disposable-Vapes-150x150.webp 150w, https:\/\/vapestornado.com\/wp-content\/uploads\/2025\/10\/JNR-Falcon-Pro-28000-2-Nicotine-Disposable-Vapes-768x768.webp 768w, https:\/\/vapestornado.com\/wp-content\/uploads\/2025\/10\/JNR-Falcon-Pro-28000-2-Nicotine-Disposable-Vapes-12x12.webp 12w, https:\/\/vapestornado.com\/wp-content\/uploads\/2025\/10\/JNR-Falcon-Pro-28000-2-Nicotine-Disposable-Vapes-600x600.webp 600w, https:\/\/vapestornado.com\/wp-content\/uploads\/2025\/10\/JNR-Falcon-Pro-28000-2-Nicotine-Disposable-Vapes-100x100.webp 100w\" sizes=\"(max-width: 800px) 100vw, 800px\" \/><figcaption id=\"caption-attachment-4478\" class=\"wp-caption-text\">JNR Falcon Pro 28000 2% Sigarette elettroniche usa e getta con nicotina<\/figcaption><\/figure>\n<h2 class=\"product-title\"><strong>Lista dei gusti delle sigarette elettroniche usa e getta JNR Falcon Pro 28k<\/strong><\/h2>\n<p>1 Fragola Ghiacciata<br \/>\n2 Ciliegia Cola<br \/>\n3 Anguria Ghiacciata<br \/>\n4 Blue Razz Ciliegia<br \/>\n5 Fragola Kiwi<br \/>\n6 Mirtillo Lamponi Ciliegia<br \/>\n7 Fragola Anguria Ghiacciata<br \/>\n8 Kiwi Anguria Ghiacciata<br \/>\n9 Frutti di Bosco Misti<br \/>\n10 Pesche Succose<br \/>\n11 Ghiaccio di Mirtillo<br \/>\n12 Mirtillo Raspberry Acido<br \/>\n13 Pesca Bianca Razz<br \/>\n14 Mango Frutto della Passione<br \/>\n15 Pesca Mango Anguria<br \/>\n16 Gomma da Masticare Anguria<br \/>\n17 Fragola Banana<br \/>\n18 Doppio Mela<br \/>\n19 Kiwi Passion Guava<br \/>\n20 Ciliegia Frutti di Bosco<\/p>\n<div class=\"flex-shrink-0 flex flex-col relative items-end\">\n<div class=\"pt-0\">\n<div class=\"gizmo-bot-avatar flex h-8 w-8 items-center justify-center overflow-hidden rounded-full\">\n<div class=\"relative p-1 rounded-sm flex items-center justify-center bg-token-main-surface-primary text-token-text-primary h-8 w-8\">\n<h2 data-start=\"1200\" data-end=\"1487\">Vapes Tornado \u2013 Il tuo negozio online all'ingrosso di vape per i migliori marchi di vape<\/h2>\n<p data-start=\"1200\" data-end=\"1487\">Vapes Tornado Online Smoke Store \u00e8 la tua destinazione affidabile per <strong data-start=\"66\" data-end=\"94\">vaporizzatori usa e getta premium<\/strong> e <strong data-start=\"99\" data-end=\"125\">sigarette elettroniche all'ingrosso<\/strong> in tutta Europa. Disponiamo di marchi di vape popolari come <a href=\"https:\/\/vapestornado.com\/it\/product\/elf-bar-raya-d3-25000-puffs-best-disposable-vape-wholesale-in-uk\/\">Vape Elf Bar<\/a>, <strong data-start=\"175\" data-end=\"228\"><a href=\"https:\/\/vapestornado.com\/it\/product\/fumot-randm-tornado-15000-puffs-rechargeable-disposable-vape-wholesale\/\">Fumot Vape<\/a>, <a href=\"https:\/\/vapestornado.com\/it\/product\/waspe-150k-150000-puff-6-in-1-disposable-vape-pen-cartridge-best-wholesale-price-in-poland\/\">Vape Waspe<\/a>, Vape Vozol Bar, <a href=\"https:\/\/vapestornado.com\/it\/product-category\/bang-vape\/\">Bang Vape<\/a><\/strong>, e molti altri\u2014offrendo qualit\u00e0 eccezionale, opzioni di gusti diversificati e design innovativi. Che tu sia un utente personale o un acquirente all'ingrosso, <strong data-start=\"372\" data-end=\"389\">Vape Tornado<\/strong> fornisce dispositivi ad alte prestazioni, stili eleganti e prezzi all'ingrosso imbattibili per soddisfare le tue esigenze di svapo.<\/p>\n<h2 data-start=\"2064\" data-end=\"2115\"><\/h2>\n<h2 data-start=\"2064\" data-end=\"2115\">Domande frequenti sulla JNR Falcon Pro 28k Vape Box<\/h2>\n<h3 data-start=\"3123\" data-end=\"3203\">1. Quanto dura lo svapo usa e getta JNR Falcon Pro 28K nell'uso quotidiano?<\/h3>\n<p data-start=\"3204\" data-end=\"3362\">Con <strong data-start=\"3209\" data-end=\"3225\">28.000 tiri<\/strong> e un <strong data-start=\"3232\" data-end=\"3245\">Serbatoio da 30ml<\/strong>, molti utenti abituali trovano il <strong data-start=\"3275\" data-end=\"3297\">JNR Falcon Pro 28K<\/strong> dura <strong data-start=\"3304\" data-end=\"3321\">diverse settimane<\/strong>, a seconda della lunghezza e della frequenza di inalazione.<\/p>\n<h3 data-start=\"3369\" data-end=\"3461\">2. Quale vantaggio offre la doppia coil a maglia nel JNR 28K ricaricabile usa e getta?<\/h3>\n<p data-start=\"3462\" data-end=\"3614\">La <strong data-start=\"3466\" data-end=\"3484\">doppia mesh coil<\/strong> si riscalda in modo pi\u00f9 uniforme rispetto alle coil singole, aiutando il vapore a rimanere denso e il sapore costante durante tutta la vita del dispositivo.<\/p>\n<h3 data-start=\"3621\" data-end=\"3722\">3. Il JNR Falcon Pro 28K \u00e8 pi\u00f9 simile a mod di sigarette elettroniche o a dispositivi usa e getta standard in termini di prestazioni?<\/h3>\n<p data-start=\"3723\" data-end=\"3861\">In termini di stabilit\u00e0 e controllo dell'output, si avvicina di pi\u00f9 a dispositivi compatti <strong data-start=\"3792\" data-end=\"3812\">mod di sigarette elettroniche<\/strong>, ma senza coil da sostituire o serbatoi da riempire.<\/p>\n<h3 data-start=\"3868\" data-end=\"3943\">4. Quanto \u00e8 utile lo schermo intelligente sul JNR Falcon Pro 28K Puff Bar?<\/h3>\n<p data-start=\"3944\" data-end=\"4092\">La <strong data-start=\"3948\" data-end=\"3964\">schermo intelligente<\/strong> mostra chiaramente i livelli di batteria e liquido, consentendo una migliore pianificazione della ricarica e riducendo interruzioni impreviste durante la giornata.<\/p>\n<h3 data-start=\"4099\" data-end=\"4232\">5. Il JNR Falcon Pro 28K \u00e8 una buona opzione per negozi di svapo o acquirenti all'ingrosso che confrontano alternative di sigarette economiche all'ingrosso?<\/h3>\n<p data-start=\"4233\" data-end=\"4467\">S\u00ec. Per <strong data-start=\"4242\" data-end=\"4255\">negozio di svapo<\/strong> proprietari e acquirenti all'ingrosso, il <strong data-start=\"4284\" data-end=\"4306\">JNR Falcon Pro 28K<\/strong> offre un alto numero di puff, design ricaricabile e caratteristiche premium che attraggono utenti alla ricerca di un valore a lungo termine oltre <strong data-start=\"4427\" data-end=\"4457\">Sigarette economiche all'ingrosso<\/strong> prodotti.<\/p>\n<\/div>\n<\/div>\n<\/div>\n<\/div>","protected":false},"excerpt":{"rendered":"<ul>\n<li data-start=\"2055\" data-end=\"2134\">\n<p data-start=\"2058\" data-end=\"2134\">Acquista JNR 28K Puff Bar Online \u2013 Vape usa e getta ricaricabile a lunga durata EU<\/p>\n<\/li>\n<li data-start=\"2055\" data-end=\"2134\">\n<p data-start=\"2058\" data-end=\"2134\">JNR Falcon 28000 Puffs Vape \u2013 Puff Bar a doppia coil mesh all'ingrosso<\/p>\n<\/li>\n<\/ul>\n<p><strong>Aggiungi il whatsapp di Amy per ottenere la risposta giusta e il prezzo scontato!<\/strong><\/p>\n<p><img fetchpriority=\"high\" decoding=\"async\" class=\"size-full wp-image-2932\" src=\"https:\/\/vapestornado.com\/wp-content\/uploads\/2024\/12\/Vape-Wholesale.jpg\" alt=\"Vape all&#039;ingrosso\" width=\"229\" height=\"300\" \/><\/p>\n<h3><a href=\"https:\/\/wa.me\/8617776015835\"><span style=\"color: #ff0000;\"><strong>WhatsApp: +86 17776015835<\/strong><\/span><\/a><\/h3>","protected":false},"featured_media":4477,"comment_status":"open","ping_status":"closed","template":"","meta":{"_acf_changed":false,"_uag_custom_page_level_css":"","_lmt_disableupdate":"no","_lmt_disable":"","_monsterinsights_skip_tracking":false,"_monsterinsights_sitenote_active":false,"_monsterinsights_sitenote_note":"","_monsterinsights_sitenote_category":0,"site-sidebar-layout":"default","site-content-layout":"","ast-site-content-layout":"default","site-content-style":"default","site-sidebar-style":"default","ast-global-header-display":"","ast-banner-title-visibility":"","ast-main-header-display":"","ast-hfb-above-header-display":"","ast-hfb-below-header-display":"","ast-hfb-mobile-header-display":"","site-post-title":"","ast-breadcrumbs-content":"","ast-featured-img":"","footer-sml-layout":"","ast-disable-related-posts":"","theme-transparent-header-meta":"default","adv-header-id-meta":"","stick-header-meta":"","header-above-stick-meta":"","header-main-stick-meta":"","header-below-stick-meta":"","astra-migrate-meta-layouts":"set","ast-page-background-enabled":"default","ast-page-background-meta":{"desktop":{"background-color":"","background-image":"","background-repeat":"repeat","background-position":"center center","background-size":"auto","background-attachment":"scroll","background-type":"","background-media":"","overlay-type":"","overlay-color":"","overlay-opacity":"","overlay-gradient":""},"tablet":{"background-color":"","background-image":"","background-repeat":"repeat","background-position":"center center","background-size":"auto","background-attachment":"scroll","background-type":"","background-media":"","overlay-type":"","overlay-color":"","overlay-opacity":"","overlay-gradient":""},"mobile":{"background-color":"","background-image":"","background-repeat":"repeat","background-position":"center center","background-size":"auto","background-attachment":"scroll","background-type":"","background-media":"","overlay-type":"","overlay-color":"","overlay-opacity":"","overlay-gradient":""}},"ast-content-background-meta":{"desktop":{"background-color":"var(--ast-global-color-5)","background-image":"","background-repeat":"repeat","background-position":"center center","background-size":"auto","background-attachment":"scroll","background-type":"","background-media":"","overlay-type":"","overlay-color":"","overlay-opacity":"","overlay-gradient":""},"tablet":{"background-color":"var(--ast-global-color-5)","background-image":"","background-repeat":"repeat","background-position":"center center","background-size":"auto","background-attachment":"scroll","background-type":"","background-media":"","overlay-type":"","overlay-color":"","overlay-opacity":"","overlay-gradient":""},"mobile":{"background-color":"var(--ast-global-color-5)","background-image":"","background-repeat":"repeat","background-position":"center center","background-size":"auto","background-attachment":"scroll","background-type":"","background-media":"","overlay-type":"","overlay-color":"","overlay-opacity":"","overlay-gradient":""}},"_joinchat":[]},"product_brand":[],"product_cat":[235,149,150,151,154,141,142,76,144],"product_tag":[403,406,411,412,410,390,397],"class_list":{"0":"post-4483","1":"product","2":"type-product","3":"status-publish","4":"has-post-thumbnail","6":"product_cat-28000-puff","7":"product_cat-buy-disposable-vapes-in-austria","8":"product_cat-buy-disposable-vapes-in-belgium","9":"product_cat-buy-disposable-vapes-in-france","10":"product_cat-buy-disposable-vapes-in-netherlands","11":"product_cat-crystal-disposable-vapes","12":"product_cat-digital-box-disposable-vapes","13":"product_cat-jnr-vape","14":"product_cat-low-nicotine-disposable-vapes","15":"product_tag-disposable-vape-box","16":"product_tag-disposable-vape-fast-shipping","17":"product_tag-jnr-28k","18":"product_tag-jnr-falcon-pro-280000","19":"product_tag-jnr-falcon-pro-28k","20":"product_tag-online-vape-shop","21":"product_tag-vapor","22":"desktop-align-left","23":"tablet-align-left","24":"mobile-align-left","26":"first","27":"instock","28":"sale","29":"shipping-taxable","30":"purchasable","31":"product-type-simple"},"acf":[],"uagb_featured_image_src":{"full":["https:\/\/vapestornado.com\/wp-content\/uploads\/2025\/10\/JNR-Falcon-Pro-28K-Puff-Dispsoable-Vape-Wholesale-Price.webp",800,800,false],"thumbnail":["https:\/\/vapestornado.com\/wp-content\/uploads\/2025\/10\/JNR-Falcon-Pro-28K-Puff-Dispsoable-Vape-Wholesale-Price-150x150.webp",150,150,true],"medium":["https:\/\/vapestornado.com\/wp-content\/uploads\/2025\/10\/JNR-Falcon-Pro-28K-Puff-Dispsoable-Vape-Wholesale-Price-300x300.webp",300,300,true],"medium_large":["https:\/\/vapestornado.com\/wp-content\/uploads\/2025\/10\/JNR-Falcon-Pro-28K-Puff-Dispsoable-Vape-Wholesale-Price-768x768.webp",768,768,true],"large":["https:\/\/vapestornado.com\/wp-content\/uploads\/2025\/10\/JNR-Falcon-Pro-28K-Puff-Dispsoable-Vape-Wholesale-Price.webp",800,800,false],"1536x1536":["https:\/\/vapestornado.com\/wp-content\/uploads\/2025\/10\/JNR-Falcon-Pro-28K-Puff-Dispsoable-Vape-Wholesale-Price.webp",800,800,false],"2048x2048":["https:\/\/vapestornado.com\/wp-content\/uploads\/2025\/10\/JNR-Falcon-Pro-28K-Puff-Dispsoable-Vape-Wholesale-Price.webp",800,800,false],"trp-custom-language-flag":["https:\/\/vapestornado.com\/wp-content\/uploads\/2025\/10\/JNR-Falcon-Pro-28K-Puff-Dispsoable-Vape-Wholesale-Price-12x12.webp",12,12,true],"woocommerce_thumbnail":["https:\/\/vapestornado.com\/wp-content\/uploads\/2025\/10\/JNR-Falcon-Pro-28K-Puff-Dispsoable-Vape-Wholesale-Price-300x300.webp",300,300,true],"woocommerce_single":["https:\/\/vapestornado.com\/wp-content\/uploads\/2025\/10\/JNR-Falcon-Pro-28K-Puff-Dispsoable-Vape-Wholesale-Price-600x600.webp",600,600,true],"woocommerce_gallery_thumbnail":["https:\/\/vapestornado.com\/wp-content\/uploads\/2025\/10\/JNR-Falcon-Pro-28K-Puff-Dispsoable-Vape-Wholesale-Price-100x100.webp",100,100,true]},"uagb_author_info":{"display_name":"ESAMY","author_link":"https:\/\/vapestornado.com\/it\/author\/"},"uagb_comment_info":1,"uagb_excerpt":"Buy JNR 28K Puff Bar Online \u2013 Long-Lasting Rechargeable Disposable Vape EU JNR Falcon 28000 Puffs Vape \u2013 Dual Mesh Coil Puff Bar at Wholesale Price Add Amy's whatsapp to get right reply and discount price! WhatsApp: +86 17776015835","_links":{"self":[{"href":"https:\/\/vapestornado.com\/it\/wp-json\/wp\/v2\/product\/4483","targetHints":{"allow":["GET"]}}],"collection":[{"href":"https:\/\/vapestornado.com\/it\/wp-json\/wp\/v2\/product"}],"about":[{"href":"https:\/\/vapestornado.com\/it\/wp-json\/wp\/v2\/types\/product"}],"replies":[{"embeddable":true,"href":"https:\/\/vapestornado.com\/it\/wp-json\/wp\/v2\/comments?post=4483"}],"wp:featuredmedia":[{"embeddable":true,"href":"https:\/\/vapestornado.com\/it\/wp-json\/wp\/v2\/media\/4477"}],"wp:attachment":[{"href":"https:\/\/vapestornado.com\/it\/wp-json\/wp\/v2\/media?parent=4483"}],"wp:term":[{"taxonomy":"product_brand","embeddable":true,"href":"https:\/\/vapestornado.com\/it\/wp-json\/wp\/v2\/product_brand?post=4483"},{"taxonomy":"product_cat","embeddable":true,"href":"https:\/\/vapestornado.com\/it\/wp-json\/wp\/v2\/product_cat?post=4483"},{"taxonomy":"product_tag","embeddable":true,"href":"https:\/\/vapestornado.com\/it\/wp-json\/wp\/v2\/product_tag?post=4483"}],"curies":[{"name":"wp","href":"https:\/\/api.w.org\/{rel}","templated":true}]}}