{"id":4475,"date":"2025-10-29T06:41:52","date_gmt":"2025-10-29T06:41:52","guid":{"rendered":"https:\/\/vapestornado.com\/?post_type=product&#038;p=4475"},"modified":"2025-12-12T09:08:28","modified_gmt":"2025-12-12T09:08:28","slug":"uzy-50000-puff-50k-disposable-vape-2-in-1-double-flaovr-best-wholesale-online","status":"publish","type":"product","link":"https:\/\/vapestornado.com\/it\/product\/uzy-50000-puff-50k-disposable-vape-2-in-1-double-flaovr-best-wholesale-online\/","title":{"rendered":"UZY 50000 Puff 50k Vape usa e getta 2 in 1 doppio aroma Miglior vendita all'ingrosso online"},"content":{"rendered":"<h2 data-pm-slice=\"1 1 []\">UZY 50000 Puff Vape usa e getta 2-in-1 Doppio Gusto, Dual Coil in Mesh &amp; Schermo LED Intelligente<\/h2>\n<p data-start=\"103\" data-end=\"597\"><strong data-start=\"103\" data-end=\"121\">UZY 50000 Puff<\/strong> \u00e8 un dispositivo ad alta capacit\u00e0 <strong data-start=\"141\" data-end=\"162\">usa e getta 2-in-1<\/strong> costruito per un uso prolungato e senza complicazioni. Offre <strong data-start=\"209\" data-end=\"231\">fino a 50.000 puff<\/strong> usando <strong data-start=\"238\" data-end=\"265\">due serbatoi di gusto da 20ml<\/strong> (40ml in totale) e <strong data-start=\"283\" data-end=\"307\">doppie coil mesh da 0,9\u03a9<\/strong> per vapori morbidi e ricchi di sapore. Il <strong data-start=\"348\" data-end=\"363\">corpo in stile Crytal vape<\/strong>lo mantiene elegante, mentre il <strong data-start=\"401\" data-end=\"422\">display intelligente a LED<\/strong> mostra chiaramente lo stato della batteria e del liquido. Un <strong data-start=\"469\" data-end=\"507\">Batteria ricaricabile Type-C da 850mAh<\/strong> mantiene il dispositivo in funzione fino a quando i serbatoi sono vuoti, non fino a quando la batteria si esaurisce prematuramente.<\/p>\n<h3 data-start=\"844\" data-end=\"895\">Perch\u00e9 scegliere l'UZY 50000 Puff se desideri affidabilit\u00e0 e prestazioni elevate?<\/h3>\n<ul data-start=\"897\" data-end=\"2254\">\n<li data-start=\"897\" data-end=\"1225\">\n<p data-start=\"899\" data-end=\"1225\"><strong data-start=\"899\" data-end=\"946\">Resistenza di 50K supportata da un design a doppio serbatoio.<\/strong> La <strong data-start=\"951\" data-end=\"989\">UZY 50000 Puff vape usa e getta da 50k<\/strong> utilizza <strong data-start=\"995\" data-end=\"1013\">2 \u00d7 serbatoi da 20ml<\/strong> per supportare la sua lunga durata. Per <strong data-start=\"1048\" data-end=\"1062\">svapatori 50k<\/strong> utenti in <strong data-start=\"1072\" data-end=\"1127\">Germania, Spagna, Polonia, Francia e Paesi Bassi<\/strong>, ci\u00f2 significa tipicamente meno sostituzioni e meno corse dell'ultimo minuto in un <strong data-start=\"1202\" data-end=\"1224\">negozio di sigarette elettroniche<\/strong>.<\/p>\n<\/li>\n<li data-start=\"1227\" data-end=\"1496\">\n<p data-start=\"1229\" data-end=\"1496\"><strong data-start=\"1229\" data-end=\"1280\">Due gusti in un unico dispositivo, cambiati istantaneamente.<\/strong> La <strong data-start=\"1285\" data-end=\"1323\">UZY 50K 2 in 1 vape a doppio gusto<\/strong> ti permette di cambiare profili di sapore ogni volta che il tuo palato cambia. Questo \u00e8 importante su un dispositivo a lunga durata\u2014la fatica del gusto \u00e8 la principale ragione per cui le persone abbandonano presto i dispositivi usa e getta ad alto numero di puff.<\/p>\n<\/li>\n<li data-start=\"1498\" data-end=\"1749\">\n<p data-start=\"1500\" data-end=\"1749\"><strong data-start=\"1500\" data-end=\"1554\">L'uscita con doppia coil a maglia rimane liscia e costante.<\/strong> Con <strong data-start=\"1560\" data-end=\"1591\">0,9\u03a9 + 0,9\u03a9 coil a doppia maglia<\/strong>, il <strong data-start=\"1597\" data-end=\"1615\">UZY 50000 Puff<\/strong> mantiene vapore denso e sapore stabile durante lunghe sessioni, riducendo il calo di intensit\u00e0 che molti grandi dispositivi usa e getta mostrano tardi nel serbatoio.<\/p>\n<\/li>\n<li data-start=\"1751\" data-end=\"1968\">\n<p data-start=\"1753\" data-end=\"1968\"><strong data-start=\"1753\" data-end=\"1793\">Lo schermo LED intelligente elimina le supposizioni.<\/strong> Lo schermo di questo <strong data-start=\"1813\" data-end=\"1828\">corpo in stile Crytal vape<\/strong> mostra i livelli di batteria e di liquido, cos\u00ec puoi pianificare la ricarica prima di uscire o di un turno lungo invece di essere sorpreso da un dispositivo scarico.<\/p>\n<\/li>\n<li data-start=\"1970\" data-end=\"2254\">\n<p data-start=\"1972\" data-end=\"2254\"><strong data-start=\"1972\" data-end=\"2020\">Valore che funziona per rivenditori al dettaglio e all'ingrosso.<\/strong> Con molteplici livelli di nicotina e un set di funzionalit\u00e0 avanzate, il <strong data-start=\"2084\" data-end=\"2123\">dispositivo usa e getta UZY 50K a prezzo conveniente<\/strong> ha senso sia per acquirenti personali che per negozi che competono su <strong data-start=\"2196\" data-end=\"2216\">prezzi bassi per lo svapo<\/strong> offre senza sacrificare l'usabilit\u00e0.<\/p>\n<\/li>\n<\/ul>\n<p><strong><span style=\"color: #ff0000;\">Aggiungi il whatsapp di Amy per ottenere subito una risposta e un coupon per il vape!<\/span><\/strong><\/p>\n<p><img fetchpriority=\"high\" decoding=\"async\" class=\"size-full wp-image-2932\" src=\"https:\/\/vapestornado.com\/wp-content\/uploads\/2024\/12\/Vape-Wholesale.jpg\" alt=\"Vape all&#039;ingrosso\" width=\"229\" height=\"300\" \/><\/p>\n<h3><a href=\"https:\/\/wa.me\/8617776015835\" target=\"_blank\" rel=\"noopener\"><span style=\"color: #ff0000;\"><strong>WhatsApp: +86 17776015835<\/strong><\/span><\/a><\/h3>\n<p>&nbsp;<\/p>\n<h2><strong>Caratteristiche del prodotto UZY 50000 Puff 50k<\/strong><\/h2>\n<table>\n<thead>\n<tr>\n<th>Caratteristica<\/th>\n<th>specifiche<\/th>\n<th>dettagli<\/th>\n<\/tr>\n<\/thead>\n<tbody>\n<tr>\n<td>Nome del prodotto<\/td>\n<td>UZY 50000 Puff \/ UZY 50K<\/td>\n<td>Vape usa e getta a doppio gusto 2-in-1<\/td>\n<\/tr>\n<tr>\n<td>Capacit\u00e0 di tiri<\/td>\n<td>Fino a 50.000 puff<\/td>\n<td>Dispositivo a lunga durata progettato per un uso quotidiano prolungato<\/td>\n<\/tr>\n<tr>\n<td>Sistema di liquido<\/td>\n<td>Serbatoi doppi: 2 \u00d7 20ml (40ml totali)<\/td>\n<td>Supporta la valutazione alta di puff e lunghe sessioni<\/td>\n<\/tr>\n<tr>\n<td>Tipo di bobina<\/td>\n<td>Bobine a doppia maglia 0,9\u03a9 + 0,9\u03a9<\/td>\n<td>Riscaldamento uniforme per vapore morbido e consegna di sapore intenso<\/td>\n<\/tr>\n<tr>\n<td>Batteria<\/td>\n<td>850mAh ricaricabile<\/td>\n<td>Ricarica per completare entrambi i serbatoi invece di scartarli prematuramente<\/td>\n<\/tr>\n<tr>\n<td>Ricarica<\/td>\n<td>Type-C<\/td>\n<td>Ricarica rapida con cavi EU moderni<\/td>\n<\/tr>\n<tr>\n<td>Espositore<\/td>\n<td>Schermo intelligente a LED<\/td>\n<td>Mostra i livelli di batteria e e-liquid in tempo reale<\/td>\n<\/tr>\n<tr>\n<td>Opzioni di nicotina<\/td>\n<td>0% \/ 2% \/ 3% \/ 5%<\/td>\n<td>Adatto a utenti senza nicotina, moderati e pesanti<\/td>\n<\/tr>\n<tr>\n<td>Design del corpo<\/td>\n<td>Corpo in cristallo di alta qualit\u00e0<\/td>\n<td>Design elegante \u201cCrytal vape\u201d con forma compatta da tasca<\/td>\n<\/tr>\n<\/tbody>\n<\/table>\n<figure id=\"attachment_4473\" aria-describedby=\"caption-attachment-4473\" style=\"width: 300px\" class=\"wp-caption alignnone\"><img decoding=\"async\" class=\"size-medium wp-image-4473\" src=\"https:\/\/vapestornado.com\/wp-content\/uploads\/2025\/10\/UZY-50000-Puffs-2-in-1-Disposable-Vapor-300x300.webp\" alt=\"UZY 50000 Puff 2 in 1 Vape usa e getta\" width=\"300\" height=\"300\" srcset=\"https:\/\/vapestornado.com\/wp-content\/uploads\/2025\/10\/UZY-50000-Puffs-2-in-1-Disposable-Vapor-300x300.webp 300w, https:\/\/vapestornado.com\/wp-content\/uploads\/2025\/10\/UZY-50000-Puffs-2-in-1-Disposable-Vapor-150x150.webp 150w, https:\/\/vapestornado.com\/wp-content\/uploads\/2025\/10\/UZY-50000-Puffs-2-in-1-Disposable-Vapor-768x768.webp 768w, https:\/\/vapestornado.com\/wp-content\/uploads\/2025\/10\/UZY-50000-Puffs-2-in-1-Disposable-Vapor-12x12.webp 12w, https:\/\/vapestornado.com\/wp-content\/uploads\/2025\/10\/UZY-50000-Puffs-2-in-1-Disposable-Vapor-600x600.webp 600w, https:\/\/vapestornado.com\/wp-content\/uploads\/2025\/10\/UZY-50000-Puffs-2-in-1-Disposable-Vapor-100x100.webp 100w, https:\/\/vapestornado.com\/wp-content\/uploads\/2025\/10\/UZY-50000-Puffs-2-in-1-Disposable-Vapor.webp 800w\" sizes=\"(max-width: 300px) 100vw, 300px\" \/><figcaption id=\"caption-attachment-4473\" class=\"wp-caption-text\">UZY 50000 Puff 2 in 1 Vape usa e getta<\/figcaption><\/figure>\n<h2 class=\"product-title\"><strong>Elenco dei gusti del Vape usa e getta UZY 50000 Puff 50k<\/strong><\/h2>\n<p>1. Mirtillo su ghiaccio &amp; Pesca estiva ghiacciata<br \/>\n2. Kiwi Frutto della Passione Guava &amp; Mirtillo Lampone<br \/>\n3. Fragola Kiwi &amp; Uva Ghiacciata<br \/>\n4. Kiwi, frutto della passione e guava<br \/>\n5. Fragola Watermelon &amp; Limone Lime<br \/>\n6. Mirtillo Lampone &amp; Ciliegia Ghiacciata<br \/>\n7. Fragola Lampone Ciliegia &amp; Mr Blue<br \/>\n8. Pesca Mango Ananas &amp; Red Bull<br \/>\n9. Watermelon Ice &amp; Frutti di Bosco Misti<br \/>\n10. Fragola Banana &amp; Love 66<\/p>\n<div class=\"flex-shrink-0 flex flex-col relative items-end\">\n<div class=\"pt-0\">\n<div class=\"gizmo-bot-avatar flex h-8 w-8 items-center justify-center overflow-hidden rounded-full\">\n<div class=\"relative p-1 rounded-sm flex items-center justify-center bg-token-main-surface-primary text-token-text-primary h-8 w-8\">\n<h2 data-start=\"1200\" data-end=\"1487\">Vapes Tornado \u2013 Il tuo negozio online all'ingrosso di vape per i migliori marchi di vape<\/h2>\n<p data-start=\"1200\" data-end=\"1487\">Vapes Tornado Online Smoke Store \u00e8 la tua destinazione affidabile per <strong data-start=\"66\" data-end=\"94\">vaporizzatori usa e getta premium<\/strong> e <strong data-start=\"99\" data-end=\"125\">sigarette elettroniche all'ingrosso<\/strong> in tutta Europa. Disponiamo di marchi di vape popolari come <a href=\"https:\/\/vapestornado.com\/it\/product\/elf-bar-raya-d3-25000-puffs-best-disposable-vape-wholesale-in-uk\/\">Vape Elf Bar<\/a>, <strong data-start=\"175\" data-end=\"228\"><a href=\"https:\/\/vapestornado.com\/it\/product\/fumot-randm-tornado-15000-puffs-rechargeable-disposable-vape-wholesale\/\">Fumot Vape<\/a>, <a href=\"https:\/\/vapestornado.com\/it\/product\/waspe-150k-150000-puff-6-in-1-disposable-vape-pen-cartridge-best-wholesale-price-in-poland\/\">Vape Waspe<\/a>, Vape Vozol Bar, <a href=\"https:\/\/vapestornado.com\/it\/product-category\/bang-vape\/\">Bang Vape<\/a><\/strong>, e molti altri\u2014offrendo qualit\u00e0 eccezionale, opzioni di gusti diversificati e design innovativi. Che tu sia un utente personale o un acquirente all'ingrosso, <strong data-start=\"372\" data-end=\"389\">Vape Tornado<\/strong> fornisce dispositivi ad alte prestazioni, stili eleganti e prezzi all'ingrosso imbattibili per soddisfare le tue esigenze di svapo.<\/p>\n<h2 data-start=\"2064\" data-end=\"2115\">Domande frequenti sul UZY 50000 Puff 50k Vape Box<\/h2>\n<ol data-start=\"3177\" data-end=\"4488\">\n<li data-start=\"3177\" data-end=\"3447\">\n<p data-start=\"3180\" data-end=\"3447\"><strong data-start=\"3180\" data-end=\"3271\">Come aiuta il design dei serbatoi UZY 50000 Puff 2\u00d720ml a raggiungere 50.000 puff in uso reale?<\/strong><br data-start=\"3271\" data-end=\"3274\" \/>Due serbatoi separati <strong data-start=\"3287\" data-end=\"3301\">Serbatoi da 20ml<\/strong> Forniscono una capacit\u00e0 totale maggiore e mantengono le prestazioni pi\u00f9 stabili nel lungo periodo, supportando una durata di vita superiore alla classe 50K rispetto a serbatoi singoli di piccole dimensioni.<\/p>\n<\/li>\n<li data-start=\"3449\" data-end=\"3695\">\n<p data-start=\"3452\" data-end=\"3695\"><strong data-start=\"3452\" data-end=\"3542\">Il setup a doppia bobina a maglia da 0,9\u03a9+0,9\u03a9 del UZY 50K migliora la coerenza del sapore nel tempo?<\/strong><br data-start=\"3542\" data-end=\"3545\" \/>S\u00ec. Le bobine a doppia maglia si riscaldano in modo uniforme, aiutando a mantenere il sapore pi\u00f9 pieno e il vapore pi\u00f9 morbido pi\u00f9 a lungo rispetto ai dispositivi usa e getta con bobina singola di base.<\/p>\n<\/li>\n<li data-start=\"3697\" data-end=\"3927\">\n<p data-start=\"3700\" data-end=\"3927\"><strong data-start=\"3700\" data-end=\"3780\">La funzione di ricarica Type-C del UZY 50000 Puff \u00e8 necessaria su un dispositivo da 50K?<\/strong><br data-start=\"3780\" data-end=\"3783\" \/>Assolutamente. I dispositivi usa e getta ad alta capacit\u00e0 possono durare pi\u00f9 a lungo della loro batteria; la ricarica Type-C previene lo smaltimento precoce e ti aiuta a completare entrambi i serbatoi.<\/p>\n<\/li>\n<li data-start=\"3929\" data-end=\"4194\">\n<p data-start=\"3932\" data-end=\"4194\"><strong data-start=\"3932\" data-end=\"4034\">Quale beneficio pratico offre lo schermo intelligente LED del UZY 50000 Puff rispetto ai dispositivi usa e getta senza display?<\/strong><br data-start=\"4034\" data-end=\"4037\" \/>Mostra i livelli di batteria e e-liquid, aiutandoti a pianificare la ricarica ed evitare interruzioni improvvise\u2014particolarmente utile durante i viaggi o affidandosi a un solo dispositivo quotidianamente.<\/p>\n<\/li>\n<li data-start=\"4196\" data-end=\"4488\">\n<p data-start=\"4199\" data-end=\"4488\"><strong data-start=\"4199\" data-end=\"4315\">Il vape di cristallo UZY 50K \u00e8 adatto a chi confronta opzioni di prezzo economico in un negozio di sigarette elettroniche?<\/strong><br data-start=\"4315\" data-end=\"4318\" \/>S\u00ec. Combina capacit\u00e0 di lunga durata, doppio sapore e usabilit\u00e0 ricaricabile\u2014caratteristiche che spesso giustificano il valore anche quando gli acquirenti si concentrano su <strong data-start=\"4461\" data-end=\"4481\">prezzi bassi per lo svapo<\/strong> offerte.<\/p>\n<\/li>\n<\/ol>\n<\/div>\n<\/div>\n<\/div>\n<\/div>","protected":false},"excerpt":{"rendered":"<p>UZY 50000 Puff (UZY 50K) vape usa e getta a doppio gusto 2-in-1 con due serbatoi da 20ml, doppie coil in mesh da 0,9\u03a9, batteria ricaricabile da 850mAh con Type-C e schermo intelligente LED. Vape in corpo cristallo \u201cCrytal vape\u201d per vapers con 50k che cercano lunga durata e grande valore a prezzo economico<\/p>\n<p><strong>Aggiungi il whatsapp di Amy per ottenere la risposta giusta e il prezzo scontato!<\/strong><\/p>\n<p><img fetchpriority=\"high\" decoding=\"async\" class=\"size-full wp-image-2932\" src=\"https:\/\/vapestornado.com\/wp-content\/uploads\/2024\/12\/Vape-Wholesale.jpg\" alt=\"Vape all&#039;ingrosso\" width=\"229\" height=\"300\" \/><\/p>\n<h3><a href=\"https:\/\/wa.me\/8617776015835\"><span style=\"color: #ff0000;\"><strong>WhatsApp: +86 17776015835<\/strong><\/span><\/a><\/h3>","protected":false},"featured_media":4474,"comment_status":"open","ping_status":"closed","template":"","meta":{"_acf_changed":false,"_uag_custom_page_level_css":"","_lmt_disableupdate":"no","_lmt_disable":"","_monsterinsights_skip_tracking":false,"_monsterinsights_sitenote_active":false,"_monsterinsights_sitenote_note":"","_monsterinsights_sitenote_category":0,"site-sidebar-layout":"default","site-content-layout":"","ast-site-content-layout":"default","site-content-style":"default","site-sidebar-style":"default","ast-global-header-display":"","ast-banner-title-visibility":"","ast-main-header-display":"","ast-hfb-above-header-display":"","ast-hfb-below-header-display":"","ast-hfb-mobile-header-display":"","site-post-title":"","ast-breadcrumbs-content":"","ast-featured-img":"","footer-sml-layout":"","ast-disable-related-posts":"","theme-transparent-header-meta":"default","adv-header-id-meta":"","stick-header-meta":"","header-above-stick-meta":"","header-main-stick-meta":"","header-below-stick-meta":"","astra-migrate-meta-layouts":"set","ast-page-background-enabled":"default","ast-page-background-meta":{"desktop":{"background-color":"","background-image":"","background-repeat":"repeat","background-position":"center center","background-size":"auto","background-attachment":"scroll","background-type":"","background-media":"","overlay-type":"","overlay-color":"","overlay-opacity":"","overlay-gradient":""},"tablet":{"background-color":"","background-image":"","background-repeat":"repeat","background-position":"center center","background-size":"auto","background-attachment":"scroll","background-type":"","background-media":"","overlay-type":"","overlay-color":"","overlay-opacity":"","overlay-gradient":""},"mobile":{"background-color":"","background-image":"","background-repeat":"repeat","background-position":"center center","background-size":"auto","background-attachment":"scroll","background-type":"","background-media":"","overlay-type":"","overlay-color":"","overlay-opacity":"","overlay-gradient":""}},"ast-content-background-meta":{"desktop":{"background-color":"var(--ast-global-color-5)","background-image":"","background-repeat":"repeat","background-position":"center center","background-size":"auto","background-attachment":"scroll","background-type":"","background-media":"","overlay-type":"","overlay-color":"","overlay-opacity":"","overlay-gradient":""},"tablet":{"background-color":"var(--ast-global-color-5)","background-image":"","background-repeat":"repeat","background-position":"center center","background-size":"auto","background-attachment":"scroll","background-type":"","background-media":"","overlay-type":"","overlay-color":"","overlay-opacity":"","overlay-gradient":""},"mobile":{"background-color":"var(--ast-global-color-5)","background-image":"","background-repeat":"repeat","background-position":"center center","background-size":"auto","background-attachment":"scroll","background-type":"","background-media":"","overlay-type":"","overlay-color":"","overlay-opacity":"","overlay-gradient":""}},"_joinchat":[]},"product_brand":[],"product_cat":[192,156,157,158,141,142,143,357,356],"product_tag":[403,406,390,408,397],"class_list":{"0":"post-4475","1":"product","2":"type-product","3":"status-publish","4":"has-post-thumbnail","6":"product_cat-50000-puff","7":"product_cat-buy-disposable-vapes-in-poland","8":"product_cat-buy-disposable-vapes-in-portugal","9":"product_cat-buy-disposable-vapes-in-spain","10":"product_cat-crystal-disposable-vapes","11":"product_cat-digital-box-disposable-vapes","12":"product_cat-dual-mesh-disposable-vapes","13":"product_cat-flavor-adjustable-vape","14":"product_cat-uzy-vape","15":"product_tag-disposable-vape-box","16":"product_tag-disposable-vape-fast-shipping","17":"product_tag-online-vape-shop","18":"product_tag-uzy-50000-puff","19":"product_tag-vapor","20":"desktop-align-left","21":"tablet-align-left","22":"mobile-align-left","24":"first","25":"instock","26":"sale","27":"shipping-taxable","28":"purchasable","29":"product-type-simple"},"acf":[],"uagb_featured_image_src":{"full":["https:\/\/vapestornado.com\/wp-content\/uploads\/2025\/10\/UZY-Crystal-Twin-50000-Puffs-Wholesale-Disposable-Vape.webp",800,800,false],"thumbnail":["https:\/\/vapestornado.com\/wp-content\/uploads\/2025\/10\/UZY-Crystal-Twin-50000-Puffs-Wholesale-Disposable-Vape-150x150.webp",150,150,true],"medium":["https:\/\/vapestornado.com\/wp-content\/uploads\/2025\/10\/UZY-Crystal-Twin-50000-Puffs-Wholesale-Disposable-Vape-300x300.webp",300,300,true],"medium_large":["https:\/\/vapestornado.com\/wp-content\/uploads\/2025\/10\/UZY-Crystal-Twin-50000-Puffs-Wholesale-Disposable-Vape-768x768.webp",768,768,true],"large":["https:\/\/vapestornado.com\/wp-content\/uploads\/2025\/10\/UZY-Crystal-Twin-50000-Puffs-Wholesale-Disposable-Vape.webp",800,800,false],"1536x1536":["https:\/\/vapestornado.com\/wp-content\/uploads\/2025\/10\/UZY-Crystal-Twin-50000-Puffs-Wholesale-Disposable-Vape.webp",800,800,false],"2048x2048":["https:\/\/vapestornado.com\/wp-content\/uploads\/2025\/10\/UZY-Crystal-Twin-50000-Puffs-Wholesale-Disposable-Vape.webp",800,800,false],"trp-custom-language-flag":["https:\/\/vapestornado.com\/wp-content\/uploads\/2025\/10\/UZY-Crystal-Twin-50000-Puffs-Wholesale-Disposable-Vape-12x12.webp",12,12,true],"woocommerce_thumbnail":["https:\/\/vapestornado.com\/wp-content\/uploads\/2025\/10\/UZY-Crystal-Twin-50000-Puffs-Wholesale-Disposable-Vape-300x300.webp",300,300,true],"woocommerce_single":["https:\/\/vapestornado.com\/wp-content\/uploads\/2025\/10\/UZY-Crystal-Twin-50000-Puffs-Wholesale-Disposable-Vape-600x600.webp",600,600,true],"woocommerce_gallery_thumbnail":["https:\/\/vapestornado.com\/wp-content\/uploads\/2025\/10\/UZY-Crystal-Twin-50000-Puffs-Wholesale-Disposable-Vape-100x100.webp",100,100,true]},"uagb_author_info":{"display_name":"ESAMY","author_link":"https:\/\/vapestornado.com\/it\/author\/"},"uagb_comment_info":1,"uagb_excerpt":"UZY 50000 Puff (UZY 50K) 2-in-1 double flavour disposable vape with dual 20ml tanks, dual 0.9\u03a9 mesh coils, 850mAh Type-C rechargeable battery and LED smart screen. Crystal-body \u201cCrytal vape\u201d for vapers 50k seeking long runtime and strong value at vape cheap price. Add Amy's whatsapp to get right reply and discount price! WhatsApp: +86 17776015835","_links":{"self":[{"href":"https:\/\/vapestornado.com\/it\/wp-json\/wp\/v2\/product\/4475","targetHints":{"allow":["GET"]}}],"collection":[{"href":"https:\/\/vapestornado.com\/it\/wp-json\/wp\/v2\/product"}],"about":[{"href":"https:\/\/vapestornado.com\/it\/wp-json\/wp\/v2\/types\/product"}],"replies":[{"embeddable":true,"href":"https:\/\/vapestornado.com\/it\/wp-json\/wp\/v2\/comments?post=4475"}],"wp:featuredmedia":[{"embeddable":true,"href":"https:\/\/vapestornado.com\/it\/wp-json\/wp\/v2\/media\/4474"}],"wp:attachment":[{"href":"https:\/\/vapestornado.com\/it\/wp-json\/wp\/v2\/media?parent=4475"}],"wp:term":[{"taxonomy":"product_brand","embeddable":true,"href":"https:\/\/vapestornado.com\/it\/wp-json\/wp\/v2\/product_brand?post=4475"},{"taxonomy":"product_cat","embeddable":true,"href":"https:\/\/vapestornado.com\/it\/wp-json\/wp\/v2\/product_cat?post=4475"},{"taxonomy":"product_tag","embeddable":true,"href":"https:\/\/vapestornado.com\/it\/wp-json\/wp\/v2\/product_tag?post=4475"}],"curies":[{"name":"wp","href":"https:\/\/api.w.org\/{rel}","templated":true}]}}