{"id":4422,"date":"2025-10-14T09:29:02","date_gmt":"2025-10-14T09:29:02","guid":{"rendered":"https:\/\/vapestornado.com\/?post_type=product&#038;p=4422"},"modified":"2025-12-16T09:53:51","modified_gmt":"2025-12-16T09:53:51","slug":"waspe-150k-150000-puff-6-in-1-disposable-vape-pen-cartridge-best-wholesale-price-in-poland","status":"publish","type":"product","link":"https:\/\/vapestornado.com\/it\/product\/waspe-150k-150000-puff-6-in-1-disposable-vape-pen-cartridge-best-wholesale-price-in-poland\/","title":{"rendered":"WASPE 150K 150000 Puff 6 in 1 Cartuccia per Sigaretta Elettronica Usa e Getta Miglior Prezzo all'Ingrosso in Italia"},"content":{"rendered":"<h2 data-pm-slice=\"1 1 []\">WASPE 150K 150000 Puff 6 in 1 Cartuccia per Sigaretta Elettronica Usa e Getta Miglior Prezzo all'Ingrosso in Italia<\/h2>\n<p data-start=\"112\" data-end=\"657\"><strong data-start=\"108\" data-end=\"134\">WASPE 150K 150000 Puff<\/strong> \u00e8 costruito per un solo scopo: <strong data-start=\"159\" data-end=\"204\">massima durata con vera variet\u00e0 di sapori<\/strong> in un'unica unit\u00e0. Offre fino a <strong data-start=\"236\" data-end=\"253\">150.000 puff<\/strong>, utilizza un <strong data-start=\"262\" data-end=\"300\">sistema di cartucce intercambiabili 6-in-1<\/strong>, e dispone di un <strong data-start=\"316\" data-end=\"350\">approvvigionamento di e-liquid pre-riempito da 64ml<\/strong>\u2014 cos\u00ec non devi sostituire i dispositivi ogni settimana. Un <strong data-start=\"397\" data-end=\"422\">bobina tripla mesh da 1.0\u03a9<\/strong> mantiene il vapore denso e il sapore pulito tra i cambi di gusto, mentre il <strong data-start=\"494\" data-end=\"515\">display intelligente a LED<\/strong> mostra chiaramente lo stato della batteria e dell'e-liquid. Con un <strong data-start=\"566\" data-end=\"604\">Batteria ricaricabile Type-C da 650 mAh<\/strong> e opzioni di nicotina <strong data-start=\"626\" data-end=\"640\">0%, 2%, 5%<\/strong>, si adatta sia agli utenti personali che agli acquirenti all'ingrosso che vogliono un prodotto ad alta domanda per <strong data-start=\"726\" data-end=\"737\">Vape PL<\/strong> e mercati pi\u00f9 ampi dell'UE.<\/p>\n<h3 data-start=\"996\" data-end=\"1043\">Perch\u00e9 il WASPE 150K 150000 Puff offre un valore migliore per ogni tiro?<\/h3>\n<ul data-start=\"1045\" data-end=\"2676\">\n<li data-start=\"1045\" data-end=\"1422\">\n<p data-start=\"1047\" data-end=\"1422\"><strong data-start=\"1047\" data-end=\"1096\">Resistenza di 150K supportata da una grande scorta di 64ml.<\/strong> La <strong data-start=\"1101\" data-end=\"1123\">WASPE 150000 Puff<\/strong> il formato \u00e8 progettato per ridurre le sostituzioni costanti, motivo per cui riceve attenzione in Italia e oltre. Per molti utenti che confrontano <strong data-start=\"1254\" data-end=\"1269\">Prezzo del vaporizzatore<\/strong> versus longevit\u00e0 in <strong data-start=\"1290\" data-end=\"1301\">Vape PL<\/strong>, un dispositivo con questa capacit\u00e0 pu\u00f2 offrire un costo per giorno molto pi\u00f9 basso rispetto ai pi\u00f9 piccoli \u201cDispositivi usa e getta migliori\u201d che si esauriscono rapidamente.<\/p>\n<\/li>\n<li data-start=\"1424\" data-end=\"1739\">\n<p data-start=\"1426\" data-end=\"1739\"><strong data-start=\"1426\" data-end=\"1482\">Il cambio di cartuccia 6-in-1 previene il burnout del sapore.<\/strong> Un dispositivo a lunga durata funziona solo se lo si apprezza ancora dopo due settimane. Le <strong data-start=\"1556\" data-end=\"1598\">cartuccia stile pod ecig 6-in-1<\/strong> ti permette di ruotare i sapori istantaneamente, rendendo pi\u00f9 facile rimanere con un'unit\u00e0 invece di acquistare pi\u00f9 vaporizzatori per inseguire un nuovo <strong data-start=\"1722\" data-end=\"1738\">gusto di svapo<\/strong>.<\/p>\n<\/li>\n<li data-start=\"1741\" data-end=\"2061\">\n<p data-start=\"1743\" data-end=\"2061\"><strong data-start=\"1743\" data-end=\"1807\">L'output della coil a tripla maglia rimane morbido durante i cambi di sapore.<\/strong> La <strong data-start=\"1812\" data-end=\"1837\">bobina tripla mesh da 1.0\u03a9<\/strong> diffonde il calore in modo uniforme e aiuta a mantenere vapore e gusto costanti. Questo \u00e8 importante quando si cambiano i sapori\u2014le coil economiche possono offuscare il gusto o risultare dure. La configurazione della coil di WASPE mira a transizioni pulite e a meno tiraggi secchi e ruvidi.<\/p>\n<\/li>\n<li data-start=\"2063\" data-end=\"2363\">\n<p data-start=\"2065\" data-end=\"2363\"><strong data-start=\"2065\" data-end=\"2111\">Alimentazione ricaricabile mantiene il valore onesto.<\/strong> Con <strong data-start=\"2117\" data-end=\"2143\">Ricarica Type-C da 650mAh<\/strong>, il dispositivo pu\u00f2 essere ricaricato rapidamente e utilizzato durante tutta la sua lunga durata. Questo riduce lo spreco di \u201cbatteria scarica per prima\u201d\u2014uno dei principali problemi che le persone affrontano quando acquistano <strong data-start=\"2306\" data-end=\"2328\">e-cigarette economiche<\/strong> che non sono progettate per un uso prolungato.<\/p>\n<\/li>\n<li data-start=\"2365\" data-end=\"2676\">\n<p data-start=\"2367\" data-end=\"2676\"><strong data-start=\"2367\" data-end=\"2422\">Realizzato sia per uso personale che per il commercio all'ingrosso.<\/strong> Le specifiche principali (150.000 puff, 6 gusti, 64ml, schermo LED) sono facili da vendere al dettaglio. Per i distributori, \u00e8 una storia semplice che funziona bene in Italia, in mercati come Germania, Spagna, Francia e Paesi Bassi\u2014mercati dove i dispositivi ad alta capacit\u00e0 possono muoversi rapidamente.<\/p>\n<\/li>\n<\/ul>\n<p><strong><span style=\"color: #ff0000;\">Aggiungi il whatsapp di Amy per ottenere subito una risposta e un coupon per il vape!<\/span><\/strong><\/p>\n<p><img fetchpriority=\"high\" decoding=\"async\" class=\"size-full wp-image-2932\" src=\"https:\/\/vapestornado.com\/wp-content\/uploads\/2024\/12\/Vape-Wholesale.jpg\" alt=\"Vape all&#039;ingrosso\" width=\"229\" height=\"300\" \/><\/p>\n<h3><a href=\"https:\/\/wa.me\/8617776015835\" target=\"_blank\" rel=\"noopener\"><span style=\"color: #ff0000;\"><strong>WhatsApp: +86 17776015835<\/strong><\/span><\/a><\/h3>\n<p>&nbsp;<\/p>\n<h2><strong>WASPE 150K 150000 Puff Caratteristiche del prodotto<\/strong><\/h2>\n<table>\n<thead>\n<tr>\n<th>Caratteristica<\/th>\n<th>specifiche<\/th>\n<th>come funziona<\/th>\n<\/tr>\n<\/thead>\n<tbody>\n<tr>\n<td>Nome del prodotto<\/td>\n<td>WASPE 150K 150000 Puff<\/td>\n<td>Vape usa e getta ad alta capacit\u00e0 con cambio di sapore<\/td>\n<\/tr>\n<tr>\n<td>Conteggio delle boccate<\/td>\n<td>Fino a 150.000 puff<\/td>\n<td>Progettato per ridurre la frequenza di sostituzione per routine intensive<\/td>\n<\/tr>\n<tr>\n<td>Sistema di Aromi<\/td>\n<td>sistema di cartucce intercambiabili 6-in-1<\/td>\n<td>Ruota i sapori istantaneamente all\u2019interno di un dispositivo<\/td>\n<\/tr>\n<tr>\n<td>Capacit\u00e0 di e-liquid<\/td>\n<td>64ml pre-riempiti<\/td>\n<td>Grande capacit\u00e0 di alimentazione supporta sessioni lunghe e alto punteggio di nuvola<\/td>\n<\/tr>\n<tr>\n<td>Resistenza<\/td>\n<td>bobina tripla mesh da 1.0\u03a9<\/td>\n<td>Riscaldamento uniforme per vapori densi e chiarezza di sapore costante<\/td>\n<\/tr>\n<tr>\n<td>Batteria<\/td>\n<td>Batteria ricaricabile da 650mAh<\/td>\n<td>Ricarica secondo necessit\u00e0 per continuare a usare tutta la scorta di liquido<\/td>\n<\/tr>\n<tr>\n<td>Ricarica<\/td>\n<td>ricarica rapida di tipo C<\/td>\n<td>Ricariche rapide con cavi EU comuni<\/td>\n<\/tr>\n<tr>\n<td>Espositore<\/td>\n<td>display intelligente a LED<\/td>\n<td>Mostra livello di batteria e di liquido per un uso quotidiano prevedibile<\/td>\n<\/tr>\n<tr>\n<td>Opzioni di nicotina<\/td>\n<td>0% \/ 2% \/ 5%<\/td>\n<td>Supporta preferenze senza nicotina, basse e pi\u00f9 forti<\/td>\n<\/tr>\n<\/tbody>\n<\/table>\n<figure id=\"attachment_4416\" aria-describedby=\"caption-attachment-4416\" style=\"width: 300px\" class=\"wp-caption alignnone\"><img decoding=\"async\" class=\"size-medium wp-image-4416\" src=\"https:\/\/vapestornado.com\/wp-content\/uploads\/2025\/10\/WASPE-150K-150000-Puff-Disposable-Vape-Wholesale-Factory-Price-300x300.webp\" alt=\"WASPE 150K 150000 Puff Vape usa e getta all&#039;ingrosso a prezzo di fabbrica\" width=\"300\" height=\"300\" srcset=\"https:\/\/vapestornado.com\/wp-content\/uploads\/2025\/10\/WASPE-150K-150000-Puff-Disposable-Vape-Wholesale-Factory-Price-300x300.webp 300w, https:\/\/vapestornado.com\/wp-content\/uploads\/2025\/10\/WASPE-150K-150000-Puff-Disposable-Vape-Wholesale-Factory-Price-150x150.webp 150w, https:\/\/vapestornado.com\/wp-content\/uploads\/2025\/10\/WASPE-150K-150000-Puff-Disposable-Vape-Wholesale-Factory-Price-768x768.webp 768w, https:\/\/vapestornado.com\/wp-content\/uploads\/2025\/10\/WASPE-150K-150000-Puff-Disposable-Vape-Wholesale-Factory-Price-12x12.webp 12w, https:\/\/vapestornado.com\/wp-content\/uploads\/2025\/10\/WASPE-150K-150000-Puff-Disposable-Vape-Wholesale-Factory-Price-600x600.webp 600w, https:\/\/vapestornado.com\/wp-content\/uploads\/2025\/10\/WASPE-150K-150000-Puff-Disposable-Vape-Wholesale-Factory-Price-100x100.webp 100w, https:\/\/vapestornado.com\/wp-content\/uploads\/2025\/10\/WASPE-150K-150000-Puff-Disposable-Vape-Wholesale-Factory-Price.webp 800w\" sizes=\"(max-width: 300px) 100vw, 300px\" \/><figcaption id=\"caption-attachment-4416\" class=\"wp-caption-text\">WASPE 150K 150000 Puff Vape usa e getta all'ingrosso a prezzo di fabbrica<\/figcaption><\/figure>\n<h2 class=\"product-title\"><strong>WASPE 150K 150000 Puff Lista dei gusti<\/strong><\/h2>\n<p data-start=\"2550\" data-end=\"2736\">1. Anguria ghiacciata &amp; Limone Lime &amp; Pesca al limone<br \/>\n2. Mirtillo ghiacciato &amp; Fragola Kiwi &amp; Ciliegia Fragola ghiacciata<br \/>\n3. Red Bull ghiacciato &amp; Lampone Pomp &amp; Mango acido Fragola<br \/>\n4. Fragola Anguria &amp; Pesca succosa ghiacciata &amp; Triple Berry ghiacciato<br \/>\n5. Ciliegia Cola ghiacciata &amp; Fragola Red Bull ghiacciata &amp; Anguria Lampone<br \/>\n6. Uva ghiacciata &amp; Ciliegia Blue Razz &amp; Fragola ghiacciata<br \/>\n7. Frutti di bosco misti &amp; Drago nero ghiacciato &amp; Cola ciliegia fragola<br \/>\n8. Cola frizzante ghiacciata &amp; Bevanda energetica &amp; Ciliegia ghiacciata<br \/>\n9. Fragola Banana &amp; Kiwi Watermelon &amp; Cocco Fragola<br \/>\n10. Red Bull Cola Ghiaccio &amp; Fragola Ribes Ciliegia &amp; Mora Frutto del Drago<br \/>\n11. Fragola Watermelon Bubblegum &amp; Mango Aspro Ghiaccio &amp; Uva Fragola Ghiaccio<br \/>\n12. Melone Frutto della Passione &amp; Mora Ghiaccio &amp; Mela Kiwi<\/p>\n<div class=\"flex-shrink-0 flex flex-col relative items-end\">\n<div class=\"pt-0\">\n<div class=\"gizmo-bot-avatar flex h-8 w-8 items-center justify-center overflow-hidden rounded-full\">\n<div class=\"relative p-1 rounded-sm flex items-center justify-center bg-token-main-surface-primary text-token-text-primary h-8 w-8\">\n<h2 data-start=\"1200\" data-end=\"1487\">Vapes Tornado \u2013 Il tuo negozio online all'ingrosso di vape per i migliori marchi di vape<\/h2>\n<p data-start=\"1200\" data-end=\"1487\"><strong data-start=\"141\" data-end=\"177\">Negozio online di sigarette elettroniche Vapes Tornado<\/strong> \u00e8 la tua fonte affidabile per <strong data-start=\"205\" data-end=\"270\">vaporizzatori usa e getta di alta qualit\u00e0 e sigarette elettroniche all'ingrosso in Europa<\/strong>. Presentiamo marchi di successo come <strong data-start=\"307\" data-end=\"362\"><a href=\"https:\/\/vapestornado.com\/it\/product\/randm-12000-puffs-fumot-digital-disposable-vape-wholesale-price\/\">Fumot VAPE<\/a>, <a href=\"https:\/\/vapestornado.com\/it\/product\/original-wga-ultra-35k-35000-puff-rechargeable-crystal-disposable-nicotine-vape-best-discount-price\/\">WGA VAPE<\/a>, <\/strong><strong data-start=\"307\" data-end=\"362\"><a href=\"https:\/\/vapestornado.com\/it\/product\/vozol-gear-shisha-25k-25000-puffs-best-dtl-disposable-vape-hookah-cheap-price\/\">VOZOL BAR VAPE<\/a>, \u00a0 Bang Vape<\/strong>, e altri, garantendo qualit\u00e0 e variet\u00e0 per ogni cliente. Che tu sia un vaper individuale o un acquirente all'ingrosso, consegniamo <strong data-start=\"481\" data-end=\"550\">dispositivi ad alte prestazioni, design eleganti e prezzi competitivi<\/strong> per soddisfare le tue esigenze.<\/p>\n<h2 data-start=\"2064\" data-end=\"2115\">Domande frequenti su WASPE 150K 150000 Puff Vape usa e getta<\/h2>\n<ol data-start=\"3648\" data-end=\"4929\">\n<li data-start=\"3648\" data-end=\"3906\">\n<p data-start=\"3651\" data-end=\"3906\"><strong data-start=\"3651\" data-end=\"3759\">Come fa il WASPE 150K 150000 Puff vape usa e getta da 64ml a gestire l'uso quotidiano a lungo termine senza sbiadire rapidamente?<\/strong><br data-start=\"3759\" data-end=\"3762\" \/>La capacit\u00e0 di 64ml supporta un uso prolungato, e la ricarica Type-C lo mantiene attivo cos\u00ec puoi raggiungere il potenziale di lunga durata del dispositivo.<\/p>\n<\/li>\n<li data-start=\"3908\" data-end=\"4121\">\n<p data-start=\"3911\" data-end=\"4121\"><strong data-start=\"3911\" data-end=\"3997\">Il sistema di cartucce da 150000 puff 6-in-1 del WASPE mantiene il sapore fresco per settimane?<\/strong><br data-start=\"3997\" data-end=\"4000\" \/>S\u00ec. Cambiare sapori riduce la \u201cfatica del gusto\u201d, che \u00e8 la ragione principale per cui molti utenti abbandonano i dispositivi ad alta capacit\u00e0 in modo precoce.<\/p>\n<\/li>\n<li data-start=\"4123\" data-end=\"4389\">\n<p data-start=\"4126\" data-end=\"4389\"><strong data-start=\"4126\" data-end=\"4227\">Quale differenza fa una coil tripla mesh da 1.0\u03a9 in un dispositivo usa e getta stile pod ecig come WASPE 150K?<\/strong><br data-start=\"4227\" data-end=\"4230\" \/>Il riscaldamento triplo mesh distribuisce il calore in modo pi\u00f9 uniforme, migliorando la morbidezza del vapore e aiutando i sapori a rimanere chiari\u2014particolarmente importante quando si ruotano pi\u00f9 gusti.<\/p>\n<\/li>\n<li data-start=\"4391\" data-end=\"4632\">\n<p data-start=\"4394\" data-end=\"4632\"><strong data-start=\"4394\" data-end=\"4493\">Il WASPE 150K offre un miglior rapporto qualit\u00e0-prezzo rispetto alle sigarette elettroniche economiche quando si confronta il prezzo del vapore in Vape PL?<\/strong><br data-start=\"4493\" data-end=\"4496\" \/>Spesso s\u00ec. Anche se il prezzo iniziale \u00e8 pi\u00f9 alto, il costo al giorno pu\u00f2 essere inferiore grazie a molte meno sostituzioni e alla riutilizzabilit\u00e0 ricaricabile.<\/p>\n<\/li>\n<li data-start=\"4634\" data-end=\"4929\">\n<p data-start=\"4637\" data-end=\"4929\"><strong data-start=\"4637\" data-end=\"4746\">A chi \u00e8 pi\u00f9 adatto il WASPE 150K 150000 Puff\u2014utenti leggeri o utenti intensi alla ricerca di un sapore forte di vapore?<\/strong><br data-start=\"4746\" data-end=\"4749\" \/>\u00c8 principalmente progettato per routine pi\u00f9 intense e utenti che desiderano variet\u00e0 senza portare pi\u00f9 dispositivi. Le opzioni di nicotina (0%, 2%, 5%) lo rendono adatto sia a preferenze pi\u00f9 leggere che pi\u00f9 forti.<\/p>\n<\/li>\n<\/ol>\n<\/div>\n<\/div>\n<\/div>\n<\/div>","protected":false},"excerpt":{"rendered":"<p data-start=\"3411\" data-end=\"3490\">WASPE 150K 150000 Puff vape usa e getta con sistema di cartucce a 6 in 1, 64ml di e-liquid pre-riempito, coil triple mesh da 1.0\u03a9, display intelligente LED e ricarica Type-C da 650mAh. Valore di lunga durata e forte per acquirenti di Vape PL confrontando il prezzo del vaporizzatore, i migliori dispositivi usa e getta e le sigarette elettroniche economiche, con cambio di gusto stile pod ecig.<\/p>\n<p><strong>Aggiungi il whatsapp di Amy per ottenere la risposta giusta e il prezzo scontato!<\/strong><\/p>\n<p><img fetchpriority=\"high\" decoding=\"async\" class=\"size-full wp-image-2932\" src=\"https:\/\/vapestornado.com\/wp-content\/uploads\/2024\/12\/Vape-Wholesale.jpg\" alt=\"Vape all&#039;ingrosso\" width=\"229\" height=\"300\" \/><\/p>\n<h3><a href=\"https:\/\/wa.me\/8617776015835\"><span style=\"color: #ff0000;\"><strong>WhatsApp: +86 17776015835<\/strong><\/span><\/a><\/h3>","protected":false},"featured_media":4421,"comment_status":"open","ping_status":"closed","template":"","meta":{"_acf_changed":false,"_uag_custom_page_level_css":"","_lmt_disableupdate":"no","_lmt_disable":"","_monsterinsights_skip_tracking":false,"_monsterinsights_sitenote_active":false,"_monsterinsights_sitenote_note":"","_monsterinsights_sitenote_category":0,"site-sidebar-layout":"default","site-content-layout":"","ast-site-content-layout":"default","site-content-style":"default","site-sidebar-style":"default","ast-global-header-display":"","ast-banner-title-visibility":"","ast-main-header-display":"","ast-hfb-above-header-display":"","ast-hfb-below-header-display":"","ast-hfb-mobile-header-display":"","site-post-title":"","ast-breadcrumbs-content":"","ast-featured-img":"","footer-sml-layout":"","ast-disable-related-posts":"","theme-transparent-header-meta":"default","adv-header-id-meta":"","stick-header-meta":"","header-above-stick-meta":"","header-main-stick-meta":"","header-below-stick-meta":"","astra-migrate-meta-layouts":"set","ast-page-background-enabled":"default","ast-page-background-meta":{"desktop":{"background-color":"","background-image":"","background-repeat":"repeat","background-position":"center center","background-size":"auto","background-attachment":"scroll","background-type":"","background-media":"","overlay-type":"","overlay-color":"","overlay-opacity":"","overlay-gradient":""},"tablet":{"background-color":"","background-image":"","background-repeat":"repeat","background-position":"center center","background-size":"auto","background-attachment":"scroll","background-type":"","background-media":"","overlay-type":"","overlay-color":"","overlay-opacity":"","overlay-gradient":""},"mobile":{"background-color":"","background-image":"","background-repeat":"repeat","background-position":"center center","background-size":"auto","background-attachment":"scroll","background-type":"","background-media":"","overlay-type":"","overlay-color":"","overlay-opacity":"","overlay-gradient":""}},"ast-content-background-meta":{"desktop":{"background-color":"var(--ast-global-color-5)","background-image":"","background-repeat":"repeat","background-position":"center center","background-size":"auto","background-attachment":"scroll","background-type":"","background-media":"","overlay-type":"","overlay-color":"","overlay-opacity":"","overlay-gradient":""},"tablet":{"background-color":"var(--ast-global-color-5)","background-image":"","background-repeat":"repeat","background-position":"center center","background-size":"auto","background-attachment":"scroll","background-type":"","background-media":"","overlay-type":"","overlay-color":"","overlay-opacity":"","overlay-gradient":""},"mobile":{"background-color":"var(--ast-global-color-5)","background-image":"","background-repeat":"repeat","background-position":"center center","background-size":"auto","background-attachment":"scroll","background-type":"","background-media":"","overlay-type":"","overlay-color":"","overlay-opacity":"","overlay-gradient":""}},"_joinchat":[]},"product_brand":[],"product_cat":[394,154,142,144,146,60],"product_tag":[387,287,388,390,393,386,392,391],"class_list":{"0":"post-4422","1":"product","2":"type-product","3":"status-publish","4":"has-post-thumbnail","6":"product_cat-150000-puff","7":"product_cat-buy-disposable-vapes-in-netherlands","8":"product_cat-digital-box-disposable-vapes","9":"product_cat-low-nicotine-disposable-vapes","10":"product_cat-rechargeable-disposable-vapes","11":"product_cat-waspe-fihp-vape","12":"product_tag-cigarette-vapor","13":"product_tag-disposable-vape-pen","14":"product_tag-e-vape","15":"product_tag-online-vape-shop","16":"product_tag-vape-cartridge","17":"product_tag-vape-pen","18":"product_tag-waspe-150000-puff","19":"product_tag-waspe-150k","20":"desktop-align-left","21":"tablet-align-left","22":"mobile-align-left","24":"first","25":"instock","26":"sale","27":"shipping-taxable","28":"purchasable","29":"product-type-simple"},"acf":[],"uagb_featured_image_src":{"full":["https:\/\/vapestornado.com\/wp-content\/uploads\/2025\/10\/WASPE-AIVIOU-150K-Disposable-Vape-Wholesale-Price.webp",800,800,false],"thumbnail":["https:\/\/vapestornado.com\/wp-content\/uploads\/2025\/10\/WASPE-AIVIOU-150K-Disposable-Vape-Wholesale-Price-150x150.webp",150,150,true],"medium":["https:\/\/vapestornado.com\/wp-content\/uploads\/2025\/10\/WASPE-AIVIOU-150K-Disposable-Vape-Wholesale-Price-300x300.webp",300,300,true],"medium_large":["https:\/\/vapestornado.com\/wp-content\/uploads\/2025\/10\/WASPE-AIVIOU-150K-Disposable-Vape-Wholesale-Price-768x768.webp",768,768,true],"large":["https:\/\/vapestornado.com\/wp-content\/uploads\/2025\/10\/WASPE-AIVIOU-150K-Disposable-Vape-Wholesale-Price.webp",800,800,false],"1536x1536":["https:\/\/vapestornado.com\/wp-content\/uploads\/2025\/10\/WASPE-AIVIOU-150K-Disposable-Vape-Wholesale-Price.webp",800,800,false],"2048x2048":["https:\/\/vapestornado.com\/wp-content\/uploads\/2025\/10\/WASPE-AIVIOU-150K-Disposable-Vape-Wholesale-Price.webp",800,800,false],"trp-custom-language-flag":["https:\/\/vapestornado.com\/wp-content\/uploads\/2025\/10\/WASPE-AIVIOU-150K-Disposable-Vape-Wholesale-Price-12x12.webp",12,12,true],"woocommerce_thumbnail":["https:\/\/vapestornado.com\/wp-content\/uploads\/2025\/10\/WASPE-AIVIOU-150K-Disposable-Vape-Wholesale-Price-300x300.webp",300,300,true],"woocommerce_single":["https:\/\/vapestornado.com\/wp-content\/uploads\/2025\/10\/WASPE-AIVIOU-150K-Disposable-Vape-Wholesale-Price-600x600.webp",600,600,true],"woocommerce_gallery_thumbnail":["https:\/\/vapestornado.com\/wp-content\/uploads\/2025\/10\/WASPE-AIVIOU-150K-Disposable-Vape-Wholesale-Price-100x100.webp",100,100,true]},"uagb_author_info":{"display_name":"ESAMY","author_link":"https:\/\/vapestornado.com\/it\/author\/"},"uagb_comment_info":1,"uagb_excerpt":"WASPE 150K 150000 Puff disposable vape with 6-in-1 flavour cartridge system, 64ml prefilled e-liquid, 1.0\u03a9 triple mesh coil, LED smart display and 650mAh Type-C recharge. Strong long-life value for Vape PL buyers comparing Vapor price, Best disposables and Cheap e-cigarettes, with pod ecig style flavour switching. Add Amy's whatsapp to get right reply and discount&hellip;","_links":{"self":[{"href":"https:\/\/vapestornado.com\/it\/wp-json\/wp\/v2\/product\/4422","targetHints":{"allow":["GET"]}}],"collection":[{"href":"https:\/\/vapestornado.com\/it\/wp-json\/wp\/v2\/product"}],"about":[{"href":"https:\/\/vapestornado.com\/it\/wp-json\/wp\/v2\/types\/product"}],"replies":[{"embeddable":true,"href":"https:\/\/vapestornado.com\/it\/wp-json\/wp\/v2\/comments?post=4422"}],"wp:featuredmedia":[{"embeddable":true,"href":"https:\/\/vapestornado.com\/it\/wp-json\/wp\/v2\/media\/4421"}],"wp:attachment":[{"href":"https:\/\/vapestornado.com\/it\/wp-json\/wp\/v2\/media?parent=4422"}],"wp:term":[{"taxonomy":"product_brand","embeddable":true,"href":"https:\/\/vapestornado.com\/it\/wp-json\/wp\/v2\/product_brand?post=4422"},{"taxonomy":"product_cat","embeddable":true,"href":"https:\/\/vapestornado.com\/it\/wp-json\/wp\/v2\/product_cat?post=4422"},{"taxonomy":"product_tag","embeddable":true,"href":"https:\/\/vapestornado.com\/it\/wp-json\/wp\/v2\/product_tag?post=4422"}],"curies":[{"name":"wp","href":"https:\/\/api.w.org\/{rel}","templated":true}]}}