{"id":4355,"date":"2025-09-19T03:35:21","date_gmt":"2025-09-19T03:35:21","guid":{"rendered":"https:\/\/vapestornado.com\/?post_type=product&#038;p=4355"},"modified":"2025-09-19T06:51:26","modified_gmt":"2025-09-19T06:51:26","slug":"uzy-60000-puff-60k-disposable-vapor-3-in-1-triple-flavor-bulk-buy-online","status":"publish","type":"product","link":"https:\/\/vapestornado.com\/it\/product\/uzy-60000-puff-60k-disposable-vapor-3-in-1-triple-flavor-bulk-buy-online\/","title":{"rendered":"UZY 60000 Puff 60k Vaporizzatore Usa e Getta 3 in 1 Triplo Gusto Acquisto All'Ingrosso Online"},"content":{"rendered":"<h2 data-pm-slice=\"1 1 []\">Vaporizzatore monouso UZY 60000 Puff 3-in-1 Triplo Gusto \u2013 Acquista all'ingrosso online al miglior prezzo<\/h2>\n<p data-start=\"312\" data-end=\"738\">La <strong data-start=\"316\" data-end=\"351\">Vaporizzatore monouso UZY 60000 Puff<\/strong> \u00e8 progettato per i vapers che desiderano variet\u00e0, potenza e affidabilit\u00e0 in un unico dispositivo. Con un impressionante <strong data-start=\"447\" data-end=\"468\">capacit\u00e0 di 60k tiri<\/strong> e un esclusivo <strong data-start=\"482\" data-end=\"513\">sistema di triplo gusto 3-in-1<\/strong>, ogni dispositivo pod offre <strong data-start=\"536\" data-end=\"556\">54 ml di liquido elettronico<\/strong> diviso in tre camere separate, mantenendo ogni sapore fresco e distinto. Il vaporizzatore UZY 60000 puff \u00e8 la scelta perfetta per<strong data-start=\"662\" data-end=\"702\"> i vapers <\/strong>che richiedono prestazioni e stile.<\/p>\n<p data-start=\"740\" data-end=\"1112\">Equipaggiato con <strong data-start=\"754\" data-end=\"785\">tecnologia a tripla bobina a rete<\/strong>, l'UZY 60k assicura un vapore uniforme e un gusto ricco ad ogni tiro. Il <strong data-start=\"854\" data-end=\"875\">display LED intelligente<\/strong> ti tiene aggiornato sui livelli della batteria e dell'e-liquid, cos\u00ec non rimarrai mai a secco inaspettatamente. Alimentato da una potente <strong data-start=\"984\" data-end=\"1041\">batteria ricaricabile da 850mAh con ricarica rapida Type-C<\/strong>, i tempi di inattivit\u00e0 sono minimi, rendendolo un dispositivo affidabile per l'uso quotidiano.<\/p>\n<p data-start=\"1114\" data-end=\"1403\">Disponibile in <strong data-start=\"1127\" data-end=\"1167\">0%, 2%, 3% e 5% di concentrazioni di nicotina<\/strong>, soddisfa ogni preferenza, dallo svapo leggero e occasionale a un tiro pi\u00f9 forte. Il <strong data-start=\"1248\" data-end=\"1282\">design moderno ispirato al cristallo<\/strong> non solo offre una sensazione premium al tatto, ma ha anche un aspetto elegante, attraente per i giovani adulti che apprezzano sia la funzionalit\u00e0 che l'estetica.<\/p>\n<p data-start=\"1405\" data-end=\"1739\">Per <strong data-start=\"1409\" data-end=\"1434\">acquirenti all'ingrosso<\/strong>, l'UZY 60000 Puff si distingue come un <strong data-start=\"1471\" data-end=\"1518\">best-seller nella categoria delle vape usa e getta<\/strong>, combinando <strong data-start=\"1530\" data-end=\"1612\">prestazioni di lunga durata, sapori autentici e prezzi all'ingrosso competitivi<\/strong> che assicurano forti margini di profitto. Se vuoi <strong data-start=\"1664\" data-end=\"1694\">acquistare vape usa e getta online<\/strong> per il tuo negozio, l'UZY 60k \u00e8 una scommessa sicura.<\/p>\n<p><strong><span style=\"color: #ff0000;\">Aggiungi il whatsapp di Amy per ottenere subito una risposta e un coupon per il vape!<\/span><\/strong><\/p>\n<p><img fetchpriority=\"high\" decoding=\"async\" class=\"size-full wp-image-2932\" src=\"https:\/\/vapestornado.com\/wp-content\/uploads\/2024\/12\/Vape-Wholesale.jpg\" alt=\"Vape all&#039;ingrosso\" width=\"229\" height=\"300\" \/><\/p>\n<h3><a href=\"https:\/\/wa.me\/8617776015835\" target=\"_blank\" rel=\"noopener\"><span style=\"color: #ff0000;\"><strong>WhatsApp: +86 17776015835<\/strong><\/span><\/a><\/h3>\n<p>&nbsp;<\/p>\n<h2><strong>Caratteristiche del prodotto UZY 60000 Puff<\/strong><\/h2>\n<p>Puff: 60000 Puff<br \/>\n3 in 1 Tripli Gusti<br \/>\nResistenza a doppia maglia<br \/>\nE-liquid: 54ml(18ml+18ml+18ml)<br \/>\nNicotina: 0%\/2%\/3%\/5%<br \/>\nBatteria: 850mah<br \/>\nRicaricabile: Porta di ricarica Type-C<br \/>\nDisplay LED (Schermo intelligente) indica il livello della batteria e dell'e-liquid<br \/>\nRegolazione della potenza: versioni Pro e Max<br \/>\nPeso del prodotto: 120g\/pezzo<\/p>\n<figure id=\"attachment_4354\" aria-describedby=\"caption-attachment-4354\" style=\"width: 800px\" class=\"wp-caption alignnone\"><img decoding=\"async\" class=\"wp-image-4354 size-full\" src=\"https:\/\/vapestornado.com\/wp-content\/uploads\/2025\/09\/UZY-Triple-Flavor-60000-60K-Puffs-Disposable-Vape.webp\" alt=\"UZY Triple Flavor 60000 60K Puff Vape usa e getta\" width=\"800\" height=\"800\" srcset=\"https:\/\/vapestornado.com\/wp-content\/uploads\/2025\/09\/UZY-Triple-Flavor-60000-60K-Puffs-Disposable-Vape.webp 800w, https:\/\/vapestornado.com\/wp-content\/uploads\/2025\/09\/UZY-Triple-Flavor-60000-60K-Puffs-Disposable-Vape-300x300.webp 300w, https:\/\/vapestornado.com\/wp-content\/uploads\/2025\/09\/UZY-Triple-Flavor-60000-60K-Puffs-Disposable-Vape-150x150.webp 150w, https:\/\/vapestornado.com\/wp-content\/uploads\/2025\/09\/UZY-Triple-Flavor-60000-60K-Puffs-Disposable-Vape-768x768.webp 768w, https:\/\/vapestornado.com\/wp-content\/uploads\/2025\/09\/UZY-Triple-Flavor-60000-60K-Puffs-Disposable-Vape-12x12.webp 12w, https:\/\/vapestornado.com\/wp-content\/uploads\/2025\/09\/UZY-Triple-Flavor-60000-60K-Puffs-Disposable-Vape-600x600.webp 600w, https:\/\/vapestornado.com\/wp-content\/uploads\/2025\/09\/UZY-Triple-Flavor-60000-60K-Puffs-Disposable-Vape-100x100.webp 100w\" sizes=\"(max-width: 800px) 100vw, 800px\" \/><figcaption id=\"caption-attachment-4354\" class=\"wp-caption-text\">UZY Triple Flavor 60000 60K Puff Vape usa e getta<\/figcaption><\/figure>\n<h2 class=\"product-title\"><strong> Elenco dei gusti UZY 60000 Puff<\/strong><\/h2>\n<p>1. Mirtillo Lampone \/ Fragola Kiwi \/ Limone Lime<br \/>\n2. Kiwi frutto della passione Guava \/ Ghiaccio al mirtillo \/ Pesca Mango<br \/>\n3. Anguria alla fragola \/ Ghiaccio alla cola \/ Cola alla ciliegia<br \/>\n4. Ghiaccio alla pesca \/ Ghiaccio alla fragola lampone ciliegia \/ Ghiaccio alle due mele<br \/>\n5. Ghiaccio all'uva \/ Love 666 (Melone frutto della passione) \/ Fragola Red Bull<br \/>\n6. Mr Blue \/ Orsetto Gommoso \/ Red Bull Ice<br \/>\n7. Pesca mango ananas \/ Blue Razz Ice \/ Lampone Anguria<br \/>\n8. Anguria Ice \/ Triplo melone Ice \/ Fragola Banana<br \/>\n9. Summer Peach Ice \/ Fragola Ice \/ Blue Razz Ice<br \/>\n10. Ciliegia Ice \/ Frutti di bosco misti \/ Black Dragon Ice<\/p>\n<div class=\"flex-shrink-0 flex flex-col relative items-end\">\n<div class=\"pt-0\">\n<div class=\"gizmo-bot-avatar flex h-8 w-8 items-center justify-center overflow-hidden rounded-full\">\n<div class=\"relative p-1 rounded-sm flex items-center justify-center bg-token-main-surface-primary text-token-text-primary h-8 w-8\">\n<h2 data-start=\"1200\" data-end=\"1487\">Vaporizzatori Tornado \u2013 Il Tuo Negozio Online All'Ingrosso di Vaporizzatori per le Migliori Marche di Vaporizzatori d'Europa<\/h2>\n<p data-start=\"1200\" data-end=\"1487\"><strong data-start=\"213\" data-end=\"248\">Negozio online di sigarette elettroniche Vapes Tornado<\/strong> \u00e8 la tua destinazione di fiducia per vape usa e getta di alta qualit\u00e0 e sigarette elettroniche all'ingrosso in tutta Europa. Siamo specializzati nell'offrire un'ampia selezione dei<strong data-start=\"403\" data-end=\"431\">\u00a0marchi di sigarette elettroniche pi\u00f9 popolari<\/strong>, tra cui <strong data-start=\"443\" data-end=\"502\"><a href=\"https:\/\/vapestornado.com\/it\/product\/waspe-aiviou-3-in-1-60000-puffs-disposable-vape-kit-best-price\/\">WASPE VAPE<\/a>, Vapme VAPE, <a href=\"https:\/\/vapestornado.com\/it\/product\/vozol-gear-power-20k-20000-puffs-vape-rechargeable-disposable-box-bulk-buy-cheap-price\/\">VOZOL VAPE<\/a><\/strong><strong data-start=\"443\" data-end=\"502\">e <a href=\"https:\/\/vapestornado.com\/it\/product-category\/fumot-vape\/\">FUMOT SVAPO<\/a><\/strong>. Il nostro negozio \u00e8 costruito per servire sia i singoli clienti che gli acquirenti all'ingrosso, fornendo prodotti affidabili che combinano prestazioni elevate, design elegante e prezzi competitivi.<\/p>\n<h2 data-start=\"2064\" data-end=\"2115\">Domande frequenti su UZY 60000 Puff Vape usa e getta<\/h2>\n<p data-start=\"152\" data-end=\"362\"><strong data-start=\"152\" data-end=\"223\">1. Quanti gusti offre il vaporizzatore usa e getta UZY 60000 Puff?<\/strong><br data-start=\"223\" data-end=\"226\" \/>Ogni dispositivo include un <strong data-start=\"249\" data-end=\"280\">sistema di triplo gusto 3-in-1<\/strong>, offrendoti tre distinte camere per e-liquid con un totale di <strong data-start=\"342\" data-end=\"359\">capacit\u00e0 di 54 ml<\/strong>.<\/p>\n<p data-start=\"364\" data-end=\"530\"><strong data-start=\"364\" data-end=\"404\">2. UZY 60k Puff \u00e8 ricaricabile?<\/strong><br data-start=\"404\" data-end=\"407\" \/>S\u00ec. Viene fornito con un <strong data-start=\"429\" data-end=\"447\">batteria da 850 mAh<\/strong> e supporta <strong data-start=\"461\" data-end=\"485\">ricarica rapida di tipo C<\/strong>, garantendo un uso pi\u00f9 lungo e tempi di inattivit\u00e0 minimi.<\/p>\n<p data-start=\"532\" data-end=\"731\"><strong data-start=\"532\" data-end=\"599\">3. Quali sono le gradazioni di nicotina disponibili per UZY 60000 Puff?<\/strong><br data-start=\"599\" data-end=\"602\" \/>UZY 60k Puff \u00e8 disponibile in <strong data-start=\"635\" data-end=\"675\">0%, 2%, 3% e 5% gradazioni di nicotina<\/strong>, rendendolo adatto a diverse preferenze di svapo.<\/p>\n<p data-start=\"733\" data-end=\"913\"><strong data-start=\"733\" data-end=\"776\">4. Come funziona il display intelligente a LED?<\/strong><br data-start=\"776\" data-end=\"779\" \/>Il <strong data-start=\"792\" data-end=\"806\">LED integrato<\/strong> mostra <strong data-start=\"813\" data-end=\"855\">percentuale della batteria e livelli di e-liquid<\/strong>, cos\u00ec sai sempre quando ricaricare o cambiare gusto.<\/p>\n<p data-start=\"915\" data-end=\"1149\"><strong data-start=\"915\" data-end=\"989\">5. Perch\u00e9 l'UZY 60000 Puff \u00e8 popolare per l'acquisto all'ingrosso in Europa?<\/strong><br data-start=\"989\" data-end=\"992\" \/>Suo <strong data-start=\"996\" data-end=\"1086\">elevato numero di puff, sistema a triplo gusto, batteria potente e prezzo all'ingrosso competitivo<\/strong> lo rendono una scelta di punta per distributori e rivenditori.<\/p>\n<\/div>\n<\/div>\n<\/div>\n<\/div>","protected":false},"excerpt":{"rendered":"<p><strong data-start=\"114\" data-end=\"149\">Vaporizzatore monouso UZY 60000 Puff<\/strong> offre <strong data-start=\"159\" data-end=\"184\">3-in-1 triplo gusto<\/strong>, fino a <strong data-start=\"192\" data-end=\"205\">60k tiri<\/strong>, e un <strong data-start=\"213\" data-end=\"234\">display LED intelligente<\/strong> con <strong data-start=\"240\" data-end=\"278\" data-is-only-node=\"\">Batteria ricaricabile Type-C da 850mAh<\/strong>. Ideale per <strong data-start=\"290\" data-end=\"325\">acquirenti all'ingrosso in Europa<\/strong> chi cerca prestazioni di lunga durata al <strong data-start=\"370\" data-end=\"384\">miglior prezzo<\/strong>.<\/p>\n<p><strong>Aggiungi il whatsapp di Amy per ottenere la risposta giusta e il prezzo scontato!<\/strong><\/p>\n<p><img fetchpriority=\"high\" decoding=\"async\" class=\"size-full wp-image-2932\" src=\"https:\/\/vapestornado.com\/wp-content\/uploads\/2024\/12\/Vape-Wholesale.jpg\" alt=\"Vape all&#039;ingrosso\" width=\"229\" height=\"300\" \/><\/p>\n<h3><a href=\"https:\/\/wa.me\/8617776015835\"><span style=\"color: #ff0000;\"><strong>WhatsApp: +86 17776015835<\/strong><\/span><\/a><\/h3>","protected":false},"featured_media":4353,"comment_status":"open","ping_status":"closed","template":"","meta":{"_acf_changed":false,"_uag_custom_page_level_css":"","_lmt_disableupdate":"no","_lmt_disable":"","_monsterinsights_skip_tracking":false,"_monsterinsights_sitenote_active":false,"_monsterinsights_sitenote_note":"","_monsterinsights_sitenote_category":0,"site-sidebar-layout":"default","site-content-layout":"","ast-site-content-layout":"default","site-content-style":"default","site-sidebar-style":"default","ast-global-header-display":"","ast-banner-title-visibility":"","ast-main-header-display":"","ast-hfb-above-header-display":"","ast-hfb-below-header-display":"","ast-hfb-mobile-header-display":"","site-post-title":"","ast-breadcrumbs-content":"","ast-featured-img":"","footer-sml-layout":"","ast-disable-related-posts":"","theme-transparent-header-meta":"default","adv-header-id-meta":"","stick-header-meta":"","header-above-stick-meta":"","header-main-stick-meta":"","header-below-stick-meta":"","astra-migrate-meta-layouts":"set","ast-page-background-enabled":"default","ast-page-background-meta":{"desktop":{"background-color":"","background-image":"","background-repeat":"repeat","background-position":"center center","background-size":"auto","background-attachment":"scroll","background-type":"","background-media":"","overlay-type":"","overlay-color":"","overlay-opacity":"","overlay-gradient":""},"tablet":{"background-color":"","background-image":"","background-repeat":"repeat","background-position":"center center","background-size":"auto","background-attachment":"scroll","background-type":"","background-media":"","overlay-type":"","overlay-color":"","overlay-opacity":"","overlay-gradient":""},"mobile":{"background-color":"","background-image":"","background-repeat":"repeat","background-position":"center center","background-size":"auto","background-attachment":"scroll","background-type":"","background-media":"","overlay-type":"","overlay-color":"","overlay-opacity":"","overlay-gradient":""}},"ast-content-background-meta":{"desktop":{"background-color":"var(--ast-global-color-5)","background-image":"","background-repeat":"repeat","background-position":"center center","background-size":"auto","background-attachment":"scroll","background-type":"","background-media":"","overlay-type":"","overlay-color":"","overlay-opacity":"","overlay-gradient":""},"tablet":{"background-color":"var(--ast-global-color-5)","background-image":"","background-repeat":"repeat","background-position":"center center","background-size":"auto","background-attachment":"scroll","background-type":"","background-media":"","overlay-type":"","overlay-color":"","overlay-opacity":"","overlay-gradient":""},"mobile":{"background-color":"var(--ast-global-color-5)","background-image":"","background-repeat":"repeat","background-position":"center center","background-size":"auto","background-attachment":"scroll","background-type":"","background-media":"","overlay-type":"","overlay-color":"","overlay-opacity":"","overlay-gradient":""}},"_joinchat":{"telephone":"17776015835"}},"product_brand":[],"product_cat":[343,152,156,158,142,357,144,146,356],"product_tag":[369,370,368,366,367,364],"class_list":{"0":"post-4355","1":"product","2":"type-product","3":"status-publish","4":"has-post-thumbnail","6":"product_cat-60000-puff","7":"product_cat-buy-disposable-vapes-in-cermany","8":"product_cat-buy-disposable-vapes-in-poland","9":"product_cat-buy-disposable-vapes-in-spain","10":"product_cat-digital-box-disposable-vapes","11":"product_cat-flavor-adjustable-vape","12":"product_cat-low-nicotine-disposable-vapes","13":"product_cat-rechargeable-disposable-vapes","14":"product_cat-uzy-vape","15":"product_tag-buy-disposable-vape-online","16":"product_tag-disposable-vape-bulk-buy","17":"product_tag-disposable-vapor","18":"product_tag-uzy-60000-puff","19":"product_tag-uzy-60k-puff","20":"product_tag-wholesale-cheap-price","21":"desktop-align-left","22":"tablet-align-left","23":"mobile-align-left","25":"first","26":"instock","27":"sale","28":"shipping-taxable","29":"purchasable","30":"product-type-simple"},"acf":[],"uagb_featured_image_src":{"full":["https:\/\/vapestornado.com\/wp-content\/uploads\/2025\/09\/UZY-Triple-Flavor-60000-60K-Puffs-Disposable-Vape-BOx.webp",800,800,false],"thumbnail":["https:\/\/vapestornado.com\/wp-content\/uploads\/2025\/09\/UZY-Triple-Flavor-60000-60K-Puffs-Disposable-Vape-BOx-150x150.webp",150,150,true],"medium":["https:\/\/vapestornado.com\/wp-content\/uploads\/2025\/09\/UZY-Triple-Flavor-60000-60K-Puffs-Disposable-Vape-BOx-300x300.webp",300,300,true],"medium_large":["https:\/\/vapestornado.com\/wp-content\/uploads\/2025\/09\/UZY-Triple-Flavor-60000-60K-Puffs-Disposable-Vape-BOx-768x768.webp",768,768,true],"large":["https:\/\/vapestornado.com\/wp-content\/uploads\/2025\/09\/UZY-Triple-Flavor-60000-60K-Puffs-Disposable-Vape-BOx.webp",800,800,false],"1536x1536":["https:\/\/vapestornado.com\/wp-content\/uploads\/2025\/09\/UZY-Triple-Flavor-60000-60K-Puffs-Disposable-Vape-BOx.webp",800,800,false],"2048x2048":["https:\/\/vapestornado.com\/wp-content\/uploads\/2025\/09\/UZY-Triple-Flavor-60000-60K-Puffs-Disposable-Vape-BOx.webp",800,800,false],"trp-custom-language-flag":["https:\/\/vapestornado.com\/wp-content\/uploads\/2025\/09\/UZY-Triple-Flavor-60000-60K-Puffs-Disposable-Vape-BOx-12x12.webp",12,12,true],"woocommerce_thumbnail":["https:\/\/vapestornado.com\/wp-content\/uploads\/2025\/09\/UZY-Triple-Flavor-60000-60K-Puffs-Disposable-Vape-BOx-300x300.webp",300,300,true],"woocommerce_single":["https:\/\/vapestornado.com\/wp-content\/uploads\/2025\/09\/UZY-Triple-Flavor-60000-60K-Puffs-Disposable-Vape-BOx-600x600.webp",600,600,true],"woocommerce_gallery_thumbnail":["https:\/\/vapestornado.com\/wp-content\/uploads\/2025\/09\/UZY-Triple-Flavor-60000-60K-Puffs-Disposable-Vape-BOx-100x100.webp",100,100,true]},"uagb_author_info":{"display_name":"ESAMY","author_link":"https:\/\/vapestornado.com\/it\/author\/"},"uagb_comment_info":1,"uagb_excerpt":"UZY 60000 Puff Disposable Vapor delivers 3-in-1 triple flavors, up to 60k puffs, and a smart LED display with 850mAh Type-C rechargeable battery. Ideal for bulk wholesale buyers in Europe looking for long-lasting performance at the best price. Add Amy's whatsapp to get right reply and discount price! WhatsApp: +86 17776015835","_links":{"self":[{"href":"https:\/\/vapestornado.com\/it\/wp-json\/wp\/v2\/product\/4355","targetHints":{"allow":["GET"]}}],"collection":[{"href":"https:\/\/vapestornado.com\/it\/wp-json\/wp\/v2\/product"}],"about":[{"href":"https:\/\/vapestornado.com\/it\/wp-json\/wp\/v2\/types\/product"}],"replies":[{"embeddable":true,"href":"https:\/\/vapestornado.com\/it\/wp-json\/wp\/v2\/comments?post=4355"}],"wp:featuredmedia":[{"embeddable":true,"href":"https:\/\/vapestornado.com\/it\/wp-json\/wp\/v2\/media\/4353"}],"wp:attachment":[{"href":"https:\/\/vapestornado.com\/it\/wp-json\/wp\/v2\/media?parent=4355"}],"wp:term":[{"taxonomy":"product_brand","embeddable":true,"href":"https:\/\/vapestornado.com\/it\/wp-json\/wp\/v2\/product_brand?post=4355"},{"taxonomy":"product_cat","embeddable":true,"href":"https:\/\/vapestornado.com\/it\/wp-json\/wp\/v2\/product_cat?post=4355"},{"taxonomy":"product_tag","embeddable":true,"href":"https:\/\/vapestornado.com\/it\/wp-json\/wp\/v2\/product_tag?post=4355"}],"curies":[{"name":"wp","href":"https:\/\/api.w.org\/{rel}","templated":true}]}}