{"id":4319,"date":"2025-08-29T08:39:13","date_gmt":"2025-08-29T08:39:13","guid":{"rendered":"https:\/\/vapestornado.com\/?post_type=product&#038;p=4319"},"modified":"2025-08-29T09:18:04","modified_gmt":"2025-08-29T09:18:04","slug":"buy-authentic-waspe-100000-puffs-low-nicotine-disposable-vape-pen-at-wholesale-price","status":"publish","type":"product","link":"https:\/\/vapestornado.com\/it\/product\/buy-authentic-waspe-100000-puffs-low-nicotine-disposable-vape-pen-at-wholesale-price\/","title":{"rendered":"Acquista Penna Vape Monouso Autentica WASPE 100000 Puff a Basso Contenuto di Nicotina a Prezzo All'Ingrosso"},"content":{"rendered":"<h2 data-pm-slice=\"1 1 []\">Acquista Penna Vape Monouso Autentica WASPE 100000 Puff a Basso Contenuto di Nicotina a Prezzo All'Ingrosso<\/h2>\n<p data-start=\"375\" data-end=\"654\">La <strong data-start=\"379\" data-end=\"421\">Penna Vaporizzatore Usa e Getta WASPE 100000 Puff<\/strong> \u00e8 costruito per coloro che richiedono grandi prestazioni in un design compatto. Con un incredibile <strong data-start=\"508\" data-end=\"530\">capacit\u00e0 di 100K puff<\/strong> e un <strong data-start=\"537\" data-end=\"559\">serbatoio e-liquid da 56mL<\/strong>, offre un valore ineguagliabile sia per l'uso personale che per la distribuzione all'ingrosso in tutta Europa.<\/p>\n<p data-start=\"656\" data-end=\"909\">Progettato con <strong data-start=\"672\" data-end=\"698\">bobine a maglia quadrupla (1.0\u03a9)<\/strong>, ogni tiro \u00e8 morbido, audace e coerente. Il <strong data-start=\"748\" data-end=\"782\">sistema di aromi intercambiabili 4-in-1<\/strong> mantiene il tuo svapo fresco ed eccitante, perfetto per i vaper pi\u00f9 giovani che desiderano variet\u00e0 senza portare con s\u00e9 pi\u00f9 dispositivi.<\/p>\n<p data-start=\"911\" data-end=\"1248\">La <strong data-start=\"915\" data-end=\"953\">Batteria ricaricabile Type-C da 650mAh<\/strong> assicura sessioni di lunga durata, mentre il <strong data-start=\"995\" data-end=\"1010\">display a LED<\/strong> fornisce aggiornamenti istantanei sui livelli di batteria e liquido, eliminando le congetture e aggiungendo il pieno controllo. Disponibile in <strong data-start=\"1118\" data-end=\"1149\">concentrazioni di nicotina del 2% e del 5%<\/strong>, il <strong data-start=\"1155\" data-end=\"1189\">WASPE 100K Penna Vape Monouso<\/strong> trova il giusto equilibrio tra potenza e praticit\u00e0.<\/p>\n<p><strong><span style=\"color: #ff0000;\">Aggiungi il whatsapp di Amy per ottenere subito una risposta e un coupon per il vape!<\/span><\/strong><\/p>\n<p><img fetchpriority=\"high\" decoding=\"async\" class=\"size-full wp-image-2932\" src=\"https:\/\/vapestornado.com\/wp-content\/uploads\/2024\/12\/Vape-Wholesale.jpg\" alt=\"Vape all&#039;ingrosso\" width=\"229\" height=\"300\" \/><\/p>\n<h3><a href=\"https:\/\/wa.me\/8617776015835\" target=\"_blank\" rel=\"noopener\"><span style=\"color: #ff0000;\"><strong>WhatsApp: +86 17776015835<\/strong><\/span><\/a><\/h3>\n<p>&nbsp;<\/p>\n<h2><strong>WASPE 100000 Tiri Caratteristiche del prodotto<\/strong><\/h2>\n<p><strong data-start=\"1252\" data-end=\"1280\">100.000 Tiri per dispositivo<\/strong><br data-start=\"1280\" data-end=\"1283\" \/><strong data-start=\"1285\" data-end=\"1316\">Sistema di commutazione del gusto 4-in-1<\/strong><br data-start=\"1316\" data-end=\"1319\" \/><strong data-start=\"1321\" data-end=\"1354\">Quad coil a mesh per un vapore ricco<\/strong><br data-start=\"1354\" data-end=\"1357\" \/><strong data-start=\"1359\" data-end=\"1403\">Capacit\u00e0 di e-liquid di 56 ml | 2% \/ 5% nicotina<\/strong><br data-start=\"1403\" data-end=\"1406\" \/><strong data-start=\"1408\" data-end=\"1446\">Batteria ricaricabile Type-C da 650 mAh<\/strong><br data-start=\"1446\" data-end=\"1449\" \/><strong data-start=\"1451\" data-end=\"1495\">Schermo LED per la batteria<\/strong><\/p>\n<h2 class=\"product-title\"><strong>WASPE 100000 Tiri Elenco dei gusti<\/strong><\/h2>\n<p>1. Ghiaccio all'anguria<br \/>\n2. Anguria alla fragola<br \/>\n3. Red Bull Ice<br \/>\n4. Ciliegia lampone fragola<br \/>\n5. Banana alla fragola<br \/>\n6. Ghiaccio ai mirtilli<br \/>\n7. Cherry Cola Ice<br \/>\nGomma da masticare all'anguria<br \/>\n8. Ghiaccio alla pesca succosa<br \/>\n9. Ghiaccio all'uva<br \/>\n10. Frutti di bosco misti<br \/>\n11. Red Bull alla fragola<br \/>\nCherry Cola Ghiaccio<br \/>\n12. Mirtillo e lampone<\/p>\n<figure id=\"attachment_4314\" aria-describedby=\"caption-attachment-4314\" style=\"width: 300px\" class=\"wp-caption alignnone\"><img decoding=\"async\" class=\"size-medium wp-image-4314\" src=\"https:\/\/vapestornado.com\/wp-content\/uploads\/2025\/08\/WASPE-100000-Puff-100k-Online-Vape-Shop-300x300.webp\" alt=\"WASPE 100000 Puff 100k Negozio di Vape Online\" width=\"300\" height=\"300\" srcset=\"https:\/\/vapestornado.com\/wp-content\/uploads\/2025\/08\/WASPE-100000-Puff-100k-Online-Vape-Shop-300x300.webp 300w, https:\/\/vapestornado.com\/wp-content\/uploads\/2025\/08\/WASPE-100000-Puff-100k-Online-Vape-Shop-150x150.webp 150w, https:\/\/vapestornado.com\/wp-content\/uploads\/2025\/08\/WASPE-100000-Puff-100k-Online-Vape-Shop-768x768.webp 768w, https:\/\/vapestornado.com\/wp-content\/uploads\/2025\/08\/WASPE-100000-Puff-100k-Online-Vape-Shop-12x12.webp 12w, https:\/\/vapestornado.com\/wp-content\/uploads\/2025\/08\/WASPE-100000-Puff-100k-Online-Vape-Shop-600x600.webp 600w, https:\/\/vapestornado.com\/wp-content\/uploads\/2025\/08\/WASPE-100000-Puff-100k-Online-Vape-Shop-100x100.webp 100w, https:\/\/vapestornado.com\/wp-content\/uploads\/2025\/08\/WASPE-100000-Puff-100k-Online-Vape-Shop.webp 800w\" sizes=\"(max-width: 300px) 100vw, 300px\" \/><figcaption id=\"caption-attachment-4314\" class=\"wp-caption-text\">WASPE 100000 Puff 100k Negozio di Vape Online<\/figcaption><\/figure>\n<div class=\"flex-shrink-0 flex flex-col relative items-end\">\n<div class=\"pt-0\">\n<div class=\"gizmo-bot-avatar flex h-8 w-8 items-center justify-center overflow-hidden rounded-full\">\n<div class=\"relative p-1 rounded-sm flex items-center justify-center bg-token-main-surface-primary text-token-text-primary h-8 w-8\">\n<h2 data-start=\"435\" data-end=\"491\"><strong data-start=\"439\" data-end=\"489\">Perch\u00e9 scegliere la penna vape usa e getta WASPE 100K?<\/strong><\/h2>\n<p data-start=\"492\" data-end=\"586\">Evidenziare la capacit\u00e0 di 100.000 puff, il design a lunga durata e l'attrattiva per il mercato giovanile in Italia.<\/p>\n<h3 data-start=\"588\" data-end=\"639\"><strong data-start=\"592\" data-end=\"637\">Sistema di aromi 4 in 1 per una variet\u00e0 non-stop<\/strong><\/h3>\n<p data-start=\"640\" data-end=\"708\">Spiegare gli aromi intercambiabili che fanno sembrare un dispositivo come quattro.<\/p>\n<h3 data-start=\"710\" data-end=\"757\"><strong data-start=\"714\" data-end=\"755\">Grande capacit\u00e0 con ingegneria premium<\/strong><\/h3>\n<p data-start=\"758\" data-end=\"835\">Enfatizzare i 56 ml di e-liquid, le coil a mesh quadrupla (1.0\u03a9) e il gusto audace e consistente.<\/p>\n<h3 data-start=\"837\" data-end=\"888\"><strong data-start=\"841\" data-end=\"886\">Potenza intelligente, progettata per il mercato italiano<\/strong><\/h3>\n<p data-start=\"889\" data-end=\"987\">Presenta la batteria ricaricabile di Tipo C da 650mAh e il display LED per la batteria<\/p>\n<h3 data-start=\"989\" data-end=\"1035\"><strong data-start=\"993\" data-end=\"1033\">Perfetto equilibrio delle concentrazioni di nicotina<\/strong><\/h3>\n<p data-start=\"1036\" data-end=\"1112\">Offri dettagli sulle opzioni di nicotina 2% e 5% per soddisfare diverse preferenze.<\/p>\n<h3 data-start=\"1114\" data-end=\"1171\"><strong data-start=\"1118\" data-end=\"1169\">WASPE 100000 Puff \u2013 Costruito per la domanda all'ingrosso<\/strong><\/h3>\n<p data-start=\"1172\" data-end=\"1260\">Rafforza il forte valore, l'affidabilit\u00e0 e l'attrattiva per i distributori nei mercati dell'UE.<\/p>\n<\/div>\n<h3><\/h3>\n<div class=\"relative p-1 rounded-sm flex items-center justify-center bg-token-main-surface-primary text-token-text-primary h-8 w-8\">\n<h2>FAQ per sigaretta elettronica usa e getta WASPE 100000 Puff<\/h2>\n<\/div>\n<\/div>\n<\/div>\n<\/div>\n<div class=\"flex-shrink-0 flex flex-col relative items-end\">\n<div class=\"pt-0\">\n<div class=\"gizmo-bot-avatar flex h-8 w-8 items-center justify-center overflow-hidden rounded-full\">\n<div class=\"relative p-1 rounded-sm flex items-center justify-center bg-token-main-surface-primary text-token-text-primary h-8 w-8\">\n<div class=\"mb-2 flex gap-3 empty:hidden -ml-2\">\n<p data-start=\"308\" data-end=\"562\"><strong data-start=\"308\" data-end=\"364\">1. Quanto dura un dispositivo WASPE 100000 Puff?<\/strong><br data-start=\"364\" data-end=\"367\" \/>Il WASPE 100K offre fino a <strong data-start=\"395\" data-end=\"412\">100.000 puff<\/strong>, che in genere dura diverse settimane a seconda della frequenza di utilizzo. Gli acquirenti all'ingrosso spesso evidenziano la sua lunga durata come un importante punto di forza.<\/p>\n<p data-start=\"564\" data-end=\"753\"><strong data-start=\"564\" data-end=\"614\">2. Posso ricaricare il vape WASPE 100000 Puff?<\/strong><br data-start=\"614\" data-end=\"617\" \/>S\u00ec. Viene fornito con un <strong data-start=\"638\" data-end=\"676\">Batteria ricaricabile Type-C da 650 mAh<\/strong>, assicurandoti di ottenere il pieno utilizzo dell'e-liquid da 56 ml senza interruzioni.<\/p>\n<p data-start=\"755\" data-end=\"1019\"><strong data-start=\"755\" data-end=\"830\">3. Cosa rende il WASPE 100K diverso dalle altre penne vape usa e getta?<\/strong><br data-start=\"830\" data-end=\"833\" \/>A differenza dei dispositivi usa e getta standard, il WASPE 100000 Puff combina <strong data-start=\"894\" data-end=\"964\">sapori intercambiabili 4-in-1, bobine a quad mesh e un display LED intelligente<\/strong>, rendendolo versatile e resistente per l'uso quotidiano.<\/p>\n<p data-start=\"1021\" data-end=\"1198\"><strong data-start=\"1021\" data-end=\"1081\">4. Il WASPE 100K \u00e8 disponibile in basse concentrazioni di nicotina?<\/strong><br data-start=\"1081\" data-end=\"1084\" \/>S\u00ec. \u00c8 offerto in <strong data-start=\"1105\" data-end=\"1133\">Livelli di nicotina 2% e 5%<\/strong>, per soddisfare le diverse preferenze nel mercato europeo.<\/p>\n<p data-start=\"1200\" data-end=\"1487\"><strong data-start=\"1200\" data-end=\"1278\">5. Perch\u00e9 il WASPE 100000 Puffs \u00e8 popolare tra gli acquirenti all'ingrosso nell'UE?<\/strong><br data-start=\"1278\" data-end=\"1281\" \/>La sua combinazione di <strong data-start=\"1300\" data-end=\"1386\">Capacit\u00e0 di 100K puff, design ricaricabile, molteplici aromi e sistema di coil premium<\/strong> offre un valore eccellente, rendendolo una scelta affidabile per i rivenditori che si rivolgono alla fascia di et\u00e0 25-35 anni.<\/p>\n<\/div>\n<h2 data-start=\"1200\" data-end=\"1487\">Vapes Tornado \u2013 Il tuo hub all'ingrosso per i migliori marchi di vape in Europa<\/h2>\n<p data-start=\"1200\" data-end=\"1487\"><strong data-start=\"213\" data-end=\"248\">Vapes Tornado Negozio di vape online<\/strong> \u00e8 la tua destinazione di fiducia per vape usa e getta di alta qualit\u00e0 e sigarette elettroniche all'ingrosso in tutta Europa. Siamo specializzati nell'offrire un'ampia selezione dei <strong data-start=\"403\" data-end=\"431\">marchi di vape pi\u00f9 popolari<\/strong>, tra cui <strong data-start=\"443\" data-end=\"502\"><a href=\"https:\/\/vapestornado.com\/it\/product-category\/aivono-vape\/\">AIVONO VAPE<\/a>, BANGBOX VAPE, <a href=\"https:\/\/vapestornado.com\/it\/product-category\/elf-bar-vape\/\">ELF BAR Vape<\/a>e <a href=\"https:\/\/vapestornado.com\/it\/product-category\/fumot-vape\/\">FUMOT SVAPO<\/a><\/strong>. Il nostro negozio \u00e8 costruito per servire sia i singoli clienti che gli acquirenti all'ingrosso, fornendo prodotti affidabili che combinano prestazioni elevate, design elegante e prezzi competitivi.<\/p>\n<\/div>\n<\/div>\n<\/div>\n<\/div>","protected":false},"excerpt":{"rendered":"<p>WASPE 100K \u2013 100.000 Puff, 4 Aromi, Una Potente Penna Vaporizzatore Usa e Getta.<\/p>\n<p>Cambia Aroma, Rimani Alimentato \u2013 WASPE 100000 Puff con Ricarica Type-C.<\/p>\n<p>La Penna Vaporizzatore Usa e Getta Costruita per l'Europa \u2013 WASPE 100K, Grandi Nuvole, Maggior Valore.<\/p>\n<p><strong>Aggiungi il whatsapp di Amy per ottenere la risposta giusta e il prezzo scontato!<\/strong><\/p>\n<p><img fetchpriority=\"high\" decoding=\"async\" class=\"size-full wp-image-2932\" src=\"https:\/\/vapestornado.com\/wp-content\/uploads\/2024\/12\/Vape-Wholesale.jpg\" alt=\"Vape all&#039;ingrosso\" width=\"229\" height=\"300\" \/><\/p>\n<h3><a href=\"https:\/\/wa.me\/8617776015835\"><span style=\"color: #ff0000;\"><strong>WhatsApp: +86 17776015835<\/strong><\/span><\/a><\/h3>\n<p>&nbsp;<\/p>","protected":false},"featured_media":4318,"comment_status":"open","ping_status":"closed","template":"","meta":{"_acf_changed":false,"_uag_custom_page_level_css":"","_lmt_disableupdate":"no","_lmt_disable":"","_monsterinsights_skip_tracking":false,"_monsterinsights_sitenote_active":false,"_monsterinsights_sitenote_note":"","_monsterinsights_sitenote_category":0,"site-sidebar-layout":"default","site-content-layout":"","ast-site-content-layout":"default","site-content-style":"default","site-sidebar-style":"default","ast-global-header-display":"","ast-banner-title-visibility":"","ast-main-header-display":"","ast-hfb-above-header-display":"","ast-hfb-below-header-display":"","ast-hfb-mobile-header-display":"","site-post-title":"","ast-breadcrumbs-content":"","ast-featured-img":"","footer-sml-layout":"","ast-disable-related-posts":"","theme-transparent-header-meta":"default","adv-header-id-meta":"","stick-header-meta":"","header-above-stick-meta":"","header-main-stick-meta":"","header-below-stick-meta":"","astra-migrate-meta-layouts":"set","ast-page-background-enabled":"default","ast-page-background-meta":{"desktop":{"background-color":"","background-image":"","background-repeat":"repeat","background-position":"center center","background-size":"auto","background-attachment":"scroll","background-type":"","background-media":"","overlay-type":"","overlay-color":"","overlay-opacity":"","overlay-gradient":""},"tablet":{"background-color":"","background-image":"","background-repeat":"repeat","background-position":"center center","background-size":"auto","background-attachment":"scroll","background-type":"","background-media":"","overlay-type":"","overlay-color":"","overlay-opacity":"","overlay-gradient":""},"mobile":{"background-color":"","background-image":"","background-repeat":"repeat","background-position":"center center","background-size":"auto","background-attachment":"scroll","background-type":"","background-media":"","overlay-type":"","overlay-color":"","overlay-opacity":"","overlay-gradient":""}},"ast-content-background-meta":{"desktop":{"background-color":"var(--ast-global-color-5)","background-image":"","background-repeat":"repeat","background-position":"center center","background-size":"auto","background-attachment":"scroll","background-type":"","background-media":"","overlay-type":"","overlay-color":"","overlay-opacity":"","overlay-gradient":""},"tablet":{"background-color":"var(--ast-global-color-5)","background-image":"","background-repeat":"repeat","background-position":"center center","background-size":"auto","background-attachment":"scroll","background-type":"","background-media":"","overlay-type":"","overlay-color":"","overlay-opacity":"","overlay-gradient":""},"mobile":{"background-color":"var(--ast-global-color-5)","background-image":"","background-repeat":"repeat","background-position":"center center","background-size":"auto","background-attachment":"scroll","background-type":"","background-media":"","overlay-type":"","overlay-color":"","overlay-opacity":"","overlay-gradient":""}},"_joinchat":{"telephone":"17776015835"}},"product_brand":[],"product_cat":[346,150,151,152,156,158,142,146,171,60],"product_tag":[350,348,349,163],"class_list":{"0":"post-4319","1":"product","2":"type-product","3":"status-publish","4":"has-post-thumbnail","6":"product_cat-100000-puff","7":"product_cat-buy-disposable-vapes-in-belgium","8":"product_cat-buy-disposable-vapes-in-france","9":"product_cat-buy-disposable-vapes-in-cermany","10":"product_cat-buy-disposable-vapes-in-poland","11":"product_cat-buy-disposable-vapes-in-spain","12":"product_cat-digital-box-disposable-vapes","13":"product_cat-rechargeable-disposable-vapes","14":"product_cat-vapsolo-disposable-vapes","15":"product_cat-waspe-fihp-vape","16":"product_tag-four-flavor-disposable-vape","17":"product_tag-waspe-100000-puffs","18":"product_tag-waspe-100k-4-in-1","19":"product_tag-waspe-vape","20":"desktop-align-left","21":"tablet-align-left","22":"mobile-align-left","24":"first","25":"instock","26":"sale","27":"shipping-taxable","28":"purchasable","29":"product-type-simple"},"acf":[],"uagb_featured_image_src":{"full":["https:\/\/vapestornado.com\/wp-content\/uploads\/2025\/08\/WASPE-100000-Puffs-4-Flavors-No-Nicotine-Vape.webp",800,800,false],"thumbnail":["https:\/\/vapestornado.com\/wp-content\/uploads\/2025\/08\/WASPE-100000-Puffs-4-Flavors-No-Nicotine-Vape-150x150.webp",150,150,true],"medium":["https:\/\/vapestornado.com\/wp-content\/uploads\/2025\/08\/WASPE-100000-Puffs-4-Flavors-No-Nicotine-Vape-300x300.webp",300,300,true],"medium_large":["https:\/\/vapestornado.com\/wp-content\/uploads\/2025\/08\/WASPE-100000-Puffs-4-Flavors-No-Nicotine-Vape-768x768.webp",768,768,true],"large":["https:\/\/vapestornado.com\/wp-content\/uploads\/2025\/08\/WASPE-100000-Puffs-4-Flavors-No-Nicotine-Vape.webp",800,800,false],"1536x1536":["https:\/\/vapestornado.com\/wp-content\/uploads\/2025\/08\/WASPE-100000-Puffs-4-Flavors-No-Nicotine-Vape.webp",800,800,false],"2048x2048":["https:\/\/vapestornado.com\/wp-content\/uploads\/2025\/08\/WASPE-100000-Puffs-4-Flavors-No-Nicotine-Vape.webp",800,800,false],"trp-custom-language-flag":["https:\/\/vapestornado.com\/wp-content\/uploads\/2025\/08\/WASPE-100000-Puffs-4-Flavors-No-Nicotine-Vape-12x12.webp",12,12,true],"woocommerce_thumbnail":["https:\/\/vapestornado.com\/wp-content\/uploads\/2025\/08\/WASPE-100000-Puffs-4-Flavors-No-Nicotine-Vape-300x300.webp",300,300,true],"woocommerce_single":["https:\/\/vapestornado.com\/wp-content\/uploads\/2025\/08\/WASPE-100000-Puffs-4-Flavors-No-Nicotine-Vape-600x600.webp",600,600,true],"woocommerce_gallery_thumbnail":["https:\/\/vapestornado.com\/wp-content\/uploads\/2025\/08\/WASPE-100000-Puffs-4-Flavors-No-Nicotine-Vape-100x100.webp",100,100,true]},"uagb_author_info":{"display_name":"ESAMY","author_link":"https:\/\/vapestornado.com\/it\/author\/"},"uagb_comment_info":2,"uagb_excerpt":"WASPE 100K \u2013 100,000 Puffs, 4 Flavors, One Powerful Disposable Vape Pen. Switch Flavors, Stay Powered \u2013 WASPE 100000 Puffs with Type-C Recharge. The Disposable Vape Pen Built for Europe \u2013 WASPE 100K, Big Clouds, Bigger Value. Add Amy's whatsapp to get right reply and discount price! WhatsApp: +86 17776015835 &nbsp;","_links":{"self":[{"href":"https:\/\/vapestornado.com\/it\/wp-json\/wp\/v2\/product\/4319","targetHints":{"allow":["GET"]}}],"collection":[{"href":"https:\/\/vapestornado.com\/it\/wp-json\/wp\/v2\/product"}],"about":[{"href":"https:\/\/vapestornado.com\/it\/wp-json\/wp\/v2\/types\/product"}],"replies":[{"embeddable":true,"href":"https:\/\/vapestornado.com\/it\/wp-json\/wp\/v2\/comments?post=4319"}],"wp:featuredmedia":[{"embeddable":true,"href":"https:\/\/vapestornado.com\/it\/wp-json\/wp\/v2\/media\/4318"}],"wp:attachment":[{"href":"https:\/\/vapestornado.com\/it\/wp-json\/wp\/v2\/media?parent=4319"}],"wp:term":[{"taxonomy":"product_brand","embeddable":true,"href":"https:\/\/vapestornado.com\/it\/wp-json\/wp\/v2\/product_brand?post=4319"},{"taxonomy":"product_cat","embeddable":true,"href":"https:\/\/vapestornado.com\/it\/wp-json\/wp\/v2\/product_cat?post=4319"},{"taxonomy":"product_tag","embeddable":true,"href":"https:\/\/vapestornado.com\/it\/wp-json\/wp\/v2\/product_tag?post=4319"}],"curies":[{"name":"wp","href":"https:\/\/api.w.org\/{rel}","templated":true}]}}