{"id":4126,"date":"2025-04-14T03:07:08","date_gmt":"2025-04-14T03:07:08","guid":{"rendered":"https:\/\/vapestornado.com\/?post_type=product&#038;p=4126"},"modified":"2025-12-05T06:58:11","modified_gmt":"2025-12-05T06:58:11","slug":"bang-box-50000-puff-50k-disposables-vape-pod-double-flavour","status":"publish","type":"product","link":"https:\/\/vapestornado.com\/it\/product\/bang-box-50000-puff-50k-disposables-vape-pod-double-flavour\/","title":{"rendered":"Bang Box 50000 Tiri 50k Vape Usa e Getta Pod Doppio Aroma"},"content":{"rendered":"<h2 data-pm-slice=\"1 1 []\">Bang Box 50000 Tiri 50k Vape Usa e Getta Pod Doppio Aroma<\/h2>\n<p data-start=\"1203\" data-end=\"1522\">Bang Box 50000 Puff racchiude un serbatoio dual-flavor da 45ml, batteria ricaricabile Type-C da 850mAh, coil in mesh e uno schermo intelligente in un dispositivo progettato per offrire fino a 50.000 puff senza sostituzioni frequenti.<\/p>\n<p data-start=\"568\" data-end=\"863\"><strong data-start=\"568\" data-end=\"608\">Fino a 50.000 puff con un serbatoio da 45ml:<\/strong><br data-start=\"608\" data-end=\"611\" \/>Bang Box 50k \u00e8 progettato per un uso quotidiano prolungato. Il <strong data-start=\"656\" data-end=\"684\">serbatoio pre-riempito da 45ml<\/strong> supporta la <strong data-start=\"698\" data-end=\"720\">valutazione di 50.000 puff<\/strong>, quindi gli utenti generalmente durano molto pi\u00f9 a lungo tra le sostituzioni del dispositivo rispetto ai dispositivi usa e getta da 10k\u201320k. Questo mantiene anche il costo per puff pi\u00f9 stabile nel tempo.<\/p>\n<p data-start=\"865\" data-end=\"1176\"><strong data-start=\"865\" data-end=\"916\">Sistema Vape a doppio gusto per switch istantaneo:<\/strong><br data-start=\"916\" data-end=\"919\" \/>Due profili di gusto sono integrati in un solo dispositivo. La <strong data-start=\"970\" data-end=\"991\">configurazione a doppio gusto<\/strong> consente agli utenti di cambiare sapori ogni volta che vogliono senza portare un secondo vape o aspettare il refill. \u00c8 pratico per chi alterna tra profili dolci e freschi durante il giorno.<\/p>\n<p data-start=\"1178\" data-end=\"1456\"><strong data-start=\"1178\" data-end=\"1220\">Coil in mesh per vapore e sapore stabili:<\/strong><br data-start=\"1220\" data-end=\"1223\" \/>Bang Box da 50000 puff utilizza <strong data-start=\"1237\" data-end=\"1261\">tecnologia della bobina a mesh<\/strong> per riscaldare uniformemente il liquido elettronico. Questo aiuta a evitare colpi secchi e duri e mantiene un'uscita di vapore morbida su un serbatoio di grandi dimensioni\u2014importante nei dispositivi ad alta capacit\u00e0 dove il decadimento del sapore pu\u00f2 manifestarsi tardi nel ciclo di vita.<\/p>\n<p data-start=\"1458\" data-end=\"1707\"><strong data-start=\"1458\" data-end=\"1507\">Display digitale intelligente per il monitoraggio in tempo reale:<\/strong><br data-start=\"1507\" data-end=\"1510\" \/>La <strong data-start=\"1514\" data-end=\"1530\">schermo intelligente<\/strong> mostra <strong data-start=\"1537\" data-end=\"1573\">livello della batteria e livello del liquido<\/strong> mentre vaporizzi. Questo elimina i dubbi, cos\u00ec gli utenti possono ricaricare prima che la batteria si scarichi e evitare colpi secchi imprevisti vicino alla fine del serbatoio.<\/p>\n<p data-start=\"1709\" data-end=\"1964\"><strong data-start=\"1709\" data-end=\"1748\">Batteria ricaricabile da 850mAh con Type-C:<\/strong><br data-start=\"1748\" data-end=\"1751\" \/>La <strong data-start=\"1755\" data-end=\"1773\">batteria da 850 mAh<\/strong> dimensionata per un grande serbatoio e un alto numero di puff. Con <strong data-start=\"1824\" data-end=\"1852\">Ricarica rapida USB Type-C<\/strong>, i tempi di inattivit\u00e0 rimangono brevi e gli utenti possono completare l'intera scorta di liquido invece di scartare prematuramente a causa della bassa carica.<\/p>\n<p data-start=\"666\" data-end=\"1235\"><strong style=\"font-size: 16px;\"><span style=\"color: #ff0000;\">Aggiungi il WhatsApp di Amy per ottenere una risposta immediata e un prezzo scontato!<\/span><\/strong><\/p>\n<p><img fetchpriority=\"high\" decoding=\"async\" class=\"size-full wp-image-2932\" src=\"https:\/\/vapestornado.com\/wp-content\/uploads\/2024\/12\/Vape-Wholesale.jpg\" alt=\"Vape all&#039;ingrosso\" width=\"229\" height=\"300\" \/><\/p>\n<h3><a href=\"https:\/\/wa.me\/8617776015835\" target=\"_blank\" rel=\"noopener\"><span style=\"color: #ff0000;\"><strong>WhatsApp: +86 17776015835<\/strong><\/span><\/a><\/h3>\n<h2><\/h2>\n<h2 data-start=\"1258\" data-end=\"1303\"><strong data-start=\"1265\" data-end=\"1303\">Perch\u00e9 il Bang Box 50k \u00e8 un must-try<\/strong><\/h2>\n<table>\n<thead>\n<tr>\n<th>Caratteristica \/ Parametro<\/th>\n<th align=\"right\">Spec<\/th>\n<th>Spiegazione<\/th>\n<\/tr>\n<\/thead>\n<tbody>\n<tr>\n<td>Nome del prodotto<\/td>\n<td align=\"right\">Bang Box 50000 Puff Vaporizzatore usa e getta<\/td>\n<td>Nome modello chiaro per ordini ripetuti e ricerca.<\/td>\n<\/tr>\n<tr>\n<td>Capacit\u00e0 di tiri<\/td>\n<td align=\"right\">Fino a 50.000 puff<\/td>\n<td>Dispositivo usa e getta ad alta durata; meno sostituzioni.<\/td>\n<\/tr>\n<tr>\n<td>Volume del liquido elettronico<\/td>\n<td align=\"right\">45ml pre-riempiti<\/td>\n<td>Serbatoio grande che supporta sessioni lunghe senza ricarica.<\/td>\n<\/tr>\n<tr>\n<td>Sistema di gusto<\/td>\n<td align=\"right\">Vaporizzatore a Doppio Aroma<\/td>\n<td>Due gusti in un solo dispositivo; cambia quando vuoi.<\/td>\n<\/tr>\n<tr>\n<td>Tipo di bobina<\/td>\n<td align=\"right\">Resistenza a mesh<\/td>\n<td>Riscaldamento uniforme = inalazioni pi\u00f9 morbide e sapore pi\u00f9 stabile.<\/td>\n<\/tr>\n<tr>\n<td>Batteria<\/td>\n<td align=\"right\">850mAh ricaricabile<\/td>\n<td>Ricarica per usare tutto il liquido invece di sprecare puff.<\/td>\n<\/tr>\n<tr>\n<td>Ricarica<\/td>\n<td align=\"right\">USB Tipo-C<\/td>\n<td>Standard di ricarica rapida comune; facile accesso al cavo.<\/td>\n<\/tr>\n<tr>\n<td>Espositore<\/td>\n<td align=\"right\">Schermo digitale intelligente<\/td>\n<td>Mostra in tempo reale il livello di batteria e di liquido.<\/td>\n<\/tr>\n<tr>\n<td>Utenti target<\/td>\n<td align=\"right\">Vaporizzatori occasionali e intensivi<\/td>\n<td>Grande capacit\u00e0 con operazione semplice adatta a entrambi i gruppi.<\/td>\n<\/tr>\n<tr>\n<td>Adattamento al mercato<\/td>\n<td align=\"right\">Vendita al dettaglio e all'ingrosso in Italia<\/td>\n<td>Alto numero di puff + doppio aroma supportano acquisti ripetuti.<\/td>\n<\/tr>\n<\/tbody>\n<\/table>\n<h2 class=\"product-title\"><strong>Recensione dei gusti dei dispositivi usa e getta Bang Box 50000 Puff<\/strong><\/h2>\n<article class=\"w-full text-token-text-primary focus-visible:outline-2 focus-visible:outline-offset-[-4px]\" dir=\"auto\" data-testid=\"conversation-turn-32\" data-scroll-anchor=\"false\">\n<div class=\"m-auto text-base py-[18px] px-6\">\n<div class=\"mx-auto flex flex-1 text-base gap-4 md:gap-5 lg:gap-6 md:max-w-3xl lg:max-w-[40rem] xl:max-w-[48rem]\">\n<div class=\"group\/conversation-turn relative flex w-full min-w-0 flex-col @xs\/thread:px-0 @sm\/thread:px-1.5 @md\/thread:px-4\">\n<div class=\"flex-col gap-1 md:gap-3\">\n<div class=\"flex max-w-full flex-col flex-grow\">\n<div class=\"min-h-8 text-message flex w-full flex-col items-end gap-2 whitespace-normal break-words text-start [.text-message+&amp;]:mt-5\" dir=\"auto\" data-message-author-role=\"user\" data-message-id=\"ffac41ca-1db4-431b-873a-32c4052956f1\">\n<div class=\"flex w-full flex-col gap-1 empty:hidden items-end rtl:items-start\">\n<div class=\"relative max-w-[var(--user-chat-width,70%)] rounded-3xl bg-token-message-surface px-5 py-2.5\">\n<div class=\"absolute bottom-0 right-full top-0 -mr-3.5 hidden pr-5 pt-2 [.group\/conversation-turn:hover_&amp;]:flex\">\n<div class=\"flex\">\n<article class=\"w-full text-token-text-primary focus-visible:outline-2 focus-visible:outline-offset-[-4px]\" dir=\"auto\" data-testid=\"conversation-turn-39\" data-scroll-anchor=\"true\">\n<div class=\"m-auto text-base py-[18px] px-6\">\n<div class=\"mx-auto flex flex-1 text-base gap-4 md:gap-5 lg:gap-6 md:max-w-3xl lg:max-w-[40rem] xl:max-w-[48rem]\">\n<div class=\"group\/conversation-turn relative flex w-full min-w-0 flex-col agent-turn @xs\/thread:px-0 @sm\/thread:px-1.5 @md\/thread:px-4\">\n<div class=\"flex-col gap-1 md:gap-3\">\n<div class=\"flex max-w-full flex-col flex-grow\">\n<div class=\"min-h-8 text-message flex w-full flex-col items-end gap-2 whitespace-normal break-words text-start [.text-message+&amp;]:mt-5\" dir=\"auto\" data-message-author-role=\"assistant\" data-message-id=\"55a23854-ec57-48dd-bd4f-6118f43d6241\" data-message-model-slug=\"gpt-4o\">\n<div class=\"flex w-full flex-col gap-1 empty:hidden first:pt-[3px]\">\n<div class=\"markdown prose w-full break-words dark:prose-invert light\">\n<p class=\"\" data-start=\"2451\" data-end=\"2502\">1. Fragola Kiwi<br \/>\n2. Gomma da masticare all'anguria<br \/>\n3. Ananas Mango Pesca<br \/>\n4. Red Bull<br \/>\n5. Succo di pesca<br \/>\n6. Mela e pera<br \/>\n7. Ghiaccio ai mirtilli<br \/>\n8. Ghiaccio al drago nero<br \/>\n9. Ghiaccio ai lamponi aspri e mirtilli<br \/>\n10. Caramella alla fragola e lampone<br \/>\n11. Ghiaccio al lampone blu<br \/>\n12. Ghiaccio alla fragola<\/p>\n<figure id=\"attachment_4121\" aria-describedby=\"caption-attachment-4121\" style=\"width: 851px\" class=\"wp-caption alignnone\"><img decoding=\"async\" class=\"wp-image-4121 size-full\" src=\"https:\/\/vapestornado.com\/wp-content\/uploads\/2025\/04\/Bang-Box-50000-Puff-50k-Vape.webp\" alt=\"Bang Box 50000 Puff Vape 50k\" width=\"851\" height=\"851\" srcset=\"https:\/\/vapestornado.com\/wp-content\/uploads\/2025\/04\/Bang-Box-50000-Puff-50k-Vape.webp 851w, https:\/\/vapestornado.com\/wp-content\/uploads\/2025\/04\/Bang-Box-50000-Puff-50k-Vape-300x300.webp 300w, https:\/\/vapestornado.com\/wp-content\/uploads\/2025\/04\/Bang-Box-50000-Puff-50k-Vape-150x150.webp 150w, https:\/\/vapestornado.com\/wp-content\/uploads\/2025\/04\/Bang-Box-50000-Puff-50k-Vape-768x768.webp 768w, https:\/\/vapestornado.com\/wp-content\/uploads\/2025\/04\/Bang-Box-50000-Puff-50k-Vape-600x600.webp 600w, https:\/\/vapestornado.com\/wp-content\/uploads\/2025\/04\/Bang-Box-50000-Puff-50k-Vape-100x100.webp 100w\" sizes=\"(max-width: 851px) 100vw, 851px\" \/><figcaption id=\"caption-attachment-4121\" class=\"wp-caption-text\">Bang Box 50000 Puff Vape 50k<\/figcaption><\/figure>\n<\/div>\n<\/div>\n<\/div>\n<\/div>\n<\/div>\n<\/div>\n<\/div>\n<\/div>\n<\/article>\n<\/div>\n<\/div>\n<\/div>\n<\/div>\n<\/div>\n<\/div>\n<\/div>\n<\/div>\n<\/div>\n<\/div>\n<\/article>\n<h2>Perch\u00e9 scegliere Vapestornado per l'acquisto all'ingrosso di Bang Box 50000 Puff?<\/h2>\n<div class=\"flex-shrink-0 flex flex-col relative items-end\">\n<div class=\"pt-0\">\n<div class=\"gizmo-bot-avatar flex h-8 w-8 items-center justify-center overflow-hidden rounded-full\">\n<div class=\"relative p-1 rounded-sm flex items-center justify-center bg-token-main-surface-primary text-token-text-primary h-8 w-8\">\n<p>Noi di Vapestornado non ci limitiamo a vendere vaporizzatori: offriamo valore, qualit\u00e0 e un servizio su cui puoi contare. In qualit\u00e0 di fornitore all'ingrosso di fiducia del <strong data-start=\"410\" data-end=\"449\">Bang Box 50000 Puff Vaporizzatore usa e getta<\/strong>, offriamo <strong data-start=\"460\" data-end=\"488\">prezzi competitivi all'ingrosso<\/strong>, garantendoti le <strong data-start=\"511\" data-end=\"537\">tariffe all'ingrosso pi\u00f9 basse<\/strong> senza compromettere l'autenticit\u00e0 del prodotto. Il nostro team seleziona solo <strong data-start=\"608\" data-end=\"634\">prodotti originali al 100%<\/strong> con prestazioni garantite e coerenza di sapore. Con <strong data-start=\"692\" data-end=\"716\">spedizione globale rapida<\/strong>, un dedicato <strong data-start=\"730\" data-end=\"766\">account manager per clienti all'ingrosso<\/strong>, e aggiornamenti dell'inventario in tempo reale, la tua attivit\u00e0 rimane all'avanguardia sul mercato. Che tu sia un negozio di vape, un distributore o un venditore online, <strong data-start=\"901\" data-end=\"917\">Vapestornado<\/strong> \u00e8 il tuo partner affidabile per <strong data-start=\"947\" data-end=\"994\">prodotti ad alta richiesta come Bang Box 50k Puff<\/strong>\u2014supportato da un servizio professionale e offerte imbattibili.<\/p>\n<p data-start=\"559\" data-end=\"933\" data-is-last-node=\"\" data-is-only-node=\"\">Abbiamo anche altri vape popolari con schermo come <a href=\"https:\/\/vapestornado.com\/it\/product\/solaris-25000-puff-solar-charging-dispsoable-vape-kit-usa\/\">SOLARIS 25000 PUFF<\/a>, <a href=\"https:\/\/vapestornado.com\/it\/product\/elfbar-planet-25000-wholesale-disposable-vape-kit-with-digital-screen\/\">ELF BAR Planet 25000<\/a>, <a href=\"https:\/\/vapestornado.com\/it\/product\/elfworld-ai22000-22k-puff-disposable-vape-pen-kit-best-seller-in-poland\/\">Elf WORLD AI 22000<\/a>, e altro ancora.<\/p>\n<\/div>\n<div class=\"relative p-1 rounded-sm flex items-center justify-center bg-token-main-surface-primary text-token-text-primary h-8 w-8\">\n<h2>FAQ<\/h2>\n<p data-start=\"3043\" data-end=\"3258\"><strong data-start=\"3043\" data-end=\"3118\">1. Le disposables necessitano di un caricatore speciale per Bang Box 50000 Puff?<\/strong><br data-start=\"3118\" data-end=\"3121\" \/>No. Il <strong data-start=\"3129\" data-end=\"3168\">Bang Box 50000 Puff Vaporizzatore usa e getta<\/strong> utilizza <strong data-start=\"3174\" data-end=\"3188\">USB Tipo-C<\/strong>, quindi qualsiasi cavo Type-C standard e un adattatore USB sicuro funzionano.<\/p>\n<p data-start=\"3260\" data-end=\"3561\"><strong data-start=\"3260\" data-end=\"3350\">2. Quale disposable dura di pi\u00f9: Bang Box 50000 Puff o dispositivo Bang box 30k?<\/strong><br data-start=\"3350\" data-end=\"3353\" \/>Nell'uso quotidiano, il <strong data-start=\"3374\" data-end=\"3397\">Bang Box 50000 Puff<\/strong> tipicamente dura pi\u00f9 a lungo perch\u00e9 combina <strong data-start=\"3441\" data-end=\"3500\">50.000 puff, 45ml di e-liquid, e una batteria ricaricabile<\/strong>, mentre la maggior parte dei modelli da 30k contiene meno liquido e si esaurisce prima.<\/p>\n<p data-start=\"3563\" data-end=\"3814\"><strong data-start=\"3563\" data-end=\"3627\">3. Vale la pena il sistema a doppio aroma Bang Box 50000 Puff?<\/strong><br data-start=\"3627\" data-end=\"3630\" \/>S\u00ec, se la variet\u00e0 di aromi \u00e8 importante. Il <strong data-start=\"3665\" data-end=\"3705\">vaporizzatore Bang Box 50000 Puff a doppio aroma<\/strong> formato offre due profili in un unico corpo, quindi cambiare gusto \u00e8 immediato e non richiede un secondo dispositivo.<\/p>\n<p data-start=\"3816\" data-end=\"4050\"><strong data-start=\"3816\" data-end=\"3886\">4. Il Bang Box 50000 Puff mantiene il sapore forte vicino alla fine?<\/strong><br data-start=\"3886\" data-end=\"3889\" \/>La <strong data-start=\"3893\" data-end=\"3906\">resistenza a mesh<\/strong> aiuta a mantenere un riscaldamento uniforme su un serbatoio grande, riducendo il calo di sapore nelle fasi finali e i colpi secchi che possono verificarsi nei dispositivi usa e getta ad alta capacit\u00e0.<\/p>\n<p data-start=\"4052\" data-end=\"4308\"><strong data-start=\"4052\" data-end=\"4122\">5. Posso portare un vaporizzatore usa e getta Bang Box 50000 Puff in aereo?<\/strong><br data-start=\"4122\" data-end=\"4125\" \/>La maggior parte delle compagnie aeree permette le sigarette elettroniche usa e getta <strong data-start=\"4157\" data-end=\"4185\">solo nel bagaglio a mano<\/strong>, non nei bagagli da stiva, perch\u00e9 contengono batterie. Mantieni il <strong data-start=\"4246\" data-end=\"4269\">Bang Box 50000 Puff<\/strong> sigillato e segui le regole della compagnia aerea\/locali.<\/p>\n<\/div>\n<\/div>\n<\/div>\n<\/div>","protected":false},"excerpt":{"rendered":"<p class=\"LC20lb MBeuO DKV0Md\">Bang Box 50000 Puff Vape usa e getta con serbatoio dual-flavor da 45ml<br \/>\nBang Box 50000 Puff Vape dual-flavor con display digitale intelligente<br \/>\nBang Box 50k Puff Dispositivo usa e getta ricaricabile con coil in mesh e porta Type-C<\/p>\n<p><strong>Aggiungi il whatsapp di Amy per ottenere la risposta giusta e il prezzo scontato!<\/strong><\/p>\n<p><img fetchpriority=\"high\" decoding=\"async\" class=\"size-full wp-image-2932\" src=\"https:\/\/vapestornado.com\/wp-content\/uploads\/2024\/12\/Vape-Wholesale.jpg\" alt=\"Vape all&#039;ingrosso\" width=\"229\" height=\"300\" \/><\/p>\n<h3><a href=\"https:\/\/wa.me\/8617776015835\"><span style=\"color: #ff0000;\"><strong>WhatsApp: +86 17776015835<\/strong><\/span><\/a><\/h3>\n<p>&nbsp;<\/p>","protected":false},"featured_media":4122,"comment_status":"open","ping_status":"closed","template":"","meta":{"_acf_changed":false,"_uag_custom_page_level_css":"","_lmt_disableupdate":"no","_lmt_disable":"","_monsterinsights_skip_tracking":false,"_monsterinsights_sitenote_active":false,"_monsterinsights_sitenote_note":"","_monsterinsights_sitenote_category":0,"site-sidebar-layout":"default","site-content-layout":"","ast-site-content-layout":"default","site-content-style":"default","site-sidebar-style":"default","ast-global-header-display":"","ast-banner-title-visibility":"","ast-main-header-display":"","ast-hfb-above-header-display":"","ast-hfb-below-header-display":"","ast-hfb-mobile-header-display":"","site-post-title":"","ast-breadcrumbs-content":"","ast-featured-img":"","footer-sml-layout":"","ast-disable-related-posts":"","theme-transparent-header-meta":"default","adv-header-id-meta":"","stick-header-meta":"","header-above-stick-meta":"","header-main-stick-meta":"","header-below-stick-meta":"","astra-migrate-meta-layouts":"set","ast-page-background-enabled":"default","ast-page-background-meta":{"desktop":{"background-color":"","background-image":"","background-repeat":"repeat","background-position":"center center","background-size":"auto","background-attachment":"scroll","background-type":"","background-media":"","overlay-type":"","overlay-color":"","overlay-opacity":"","overlay-gradient":""},"tablet":{"background-color":"","background-image":"","background-repeat":"repeat","background-position":"center center","background-size":"auto","background-attachment":"scroll","background-type":"","background-media":"","overlay-type":"","overlay-color":"","overlay-opacity":"","overlay-gradient":""},"mobile":{"background-color":"","background-image":"","background-repeat":"repeat","background-position":"center center","background-size":"auto","background-attachment":"scroll","background-type":"","background-media":"","overlay-type":"","overlay-color":"","overlay-opacity":"","overlay-gradient":""}},"ast-content-background-meta":{"desktop":{"background-color":"var(--ast-global-color-5)","background-image":"","background-repeat":"repeat","background-position":"center center","background-size":"auto","background-attachment":"scroll","background-type":"","background-media":"","overlay-type":"","overlay-color":"","overlay-opacity":"","overlay-gradient":""},"tablet":{"background-color":"var(--ast-global-color-5)","background-image":"","background-repeat":"repeat","background-position":"center center","background-size":"auto","background-attachment":"scroll","background-type":"","background-media":"","overlay-type":"","overlay-color":"","overlay-opacity":"","overlay-gradient":""},"mobile":{"background-color":"var(--ast-global-color-5)","background-image":"","background-repeat":"repeat","background-position":"center center","background-size":"auto","background-attachment":"scroll","background-type":"","background-media":"","overlay-type":"","overlay-color":"","overlay-opacity":"","overlay-gradient":""}},"_joinchat":{"telephone":"17776015835"}},"product_brand":[],"product_cat":[192,64,150,151,142,146],"product_tag":[332,333,474,105,195,189],"class_list":{"0":"post-4126","1":"product","2":"type-product","3":"status-publish","4":"has-post-thumbnail","6":"product_cat-50000-puff","7":"product_cat-bangbox-vape","8":"product_cat-buy-disposable-vapes-in-belgium","9":"product_cat-buy-disposable-vapes-in-france","10":"product_cat-digital-box-disposable-vapes","11":"product_cat-rechargeable-disposable-vapes","12":"product_tag-bang-box-50000","13":"product_tag-bang-box-50k","14":"product_tag-bang-hot-sale-vape","15":"product_tag-digital-disposable-vape","16":"product_tag-dual-flavor-disposable-vape","17":"product_tag-puff-50k","18":"desktop-align-left","19":"tablet-align-left","20":"mobile-align-left","22":"first","23":"instock","24":"sale","25":"shipping-taxable","26":"purchasable","27":"product-type-simple"},"acf":[],"uagb_featured_image_src":{"full":["https:\/\/vapestornado.com\/wp-content\/uploads\/2025\/04\/Bang-Box-50000-Puff-Best-Double-Flavor-Vape-scaled.webp",2560,2560,false],"thumbnail":["https:\/\/vapestornado.com\/wp-content\/uploads\/2025\/04\/Bang-Box-50000-Puff-Best-Double-Flavor-Vape-150x150.webp",150,150,true],"medium":["https:\/\/vapestornado.com\/wp-content\/uploads\/2025\/04\/Bang-Box-50000-Puff-Best-Double-Flavor-Vape-300x300.webp",300,300,true],"medium_large":["https:\/\/vapestornado.com\/wp-content\/uploads\/2025\/04\/Bang-Box-50000-Puff-Best-Double-Flavor-Vape-768x768.webp",768,768,true],"large":["https:\/\/vapestornado.com\/wp-content\/uploads\/2025\/04\/Bang-Box-50000-Puff-Best-Double-Flavor-Vape-1024x1024.webp",1024,1024,true],"1536x1536":["https:\/\/vapestornado.com\/wp-content\/uploads\/2025\/04\/Bang-Box-50000-Puff-Best-Double-Flavor-Vape-1536x1536.webp",1536,1536,true],"2048x2048":["https:\/\/vapestornado.com\/wp-content\/uploads\/2025\/04\/Bang-Box-50000-Puff-Best-Double-Flavor-Vape-2048x2048.webp",2048,2048,true],"trp-custom-language-flag":["https:\/\/vapestornado.com\/wp-content\/uploads\/2025\/04\/Bang-Box-50000-Puff-Best-Double-Flavor-Vape-scaled.webp",12,12,false],"woocommerce_thumbnail":["https:\/\/vapestornado.com\/wp-content\/uploads\/2025\/04\/Bang-Box-50000-Puff-Best-Double-Flavor-Vape-300x300.webp",300,300,true],"woocommerce_single":["https:\/\/vapestornado.com\/wp-content\/uploads\/2025\/04\/Bang-Box-50000-Puff-Best-Double-Flavor-Vape-600x600.webp",600,600,true],"woocommerce_gallery_thumbnail":["https:\/\/vapestornado.com\/wp-content\/uploads\/2025\/04\/Bang-Box-50000-Puff-Best-Double-Flavor-Vape-100x100.webp",100,100,true]},"uagb_author_info":{"display_name":"ESAMY","author_link":"https:\/\/vapestornado.com\/it\/author\/"},"uagb_comment_info":0,"uagb_excerpt":"Bang Box 50000 Puff Disposable Vape with 45ml Dual-Flavor Tank Bang Box 50000 Puff Dual Flavour Vape with Smart Digital Display Bang Box 50k Puff Type-C Rechargeable Mesh Coil Disposable Device Add Amy's whatsapp to get right reply and discount price! WhatsApp: +86 17776015835 &nbsp;","_links":{"self":[{"href":"https:\/\/vapestornado.com\/it\/wp-json\/wp\/v2\/product\/4126","targetHints":{"allow":["GET"]}}],"collection":[{"href":"https:\/\/vapestornado.com\/it\/wp-json\/wp\/v2\/product"}],"about":[{"href":"https:\/\/vapestornado.com\/it\/wp-json\/wp\/v2\/types\/product"}],"replies":[{"embeddable":true,"href":"https:\/\/vapestornado.com\/it\/wp-json\/wp\/v2\/comments?post=4126"}],"wp:featuredmedia":[{"embeddable":true,"href":"https:\/\/vapestornado.com\/it\/wp-json\/wp\/v2\/media\/4122"}],"wp:attachment":[{"href":"https:\/\/vapestornado.com\/it\/wp-json\/wp\/v2\/media?parent=4126"}],"wp:term":[{"taxonomy":"product_brand","embeddable":true,"href":"https:\/\/vapestornado.com\/it\/wp-json\/wp\/v2\/product_brand?post=4126"},{"taxonomy":"product_cat","embeddable":true,"href":"https:\/\/vapestornado.com\/it\/wp-json\/wp\/v2\/product_cat?post=4126"},{"taxonomy":"product_tag","embeddable":true,"href":"https:\/\/vapestornado.com\/it\/wp-json\/wp\/v2\/product_tag?post=4126"}],"curies":[{"name":"wp","href":"https:\/\/api.w.org\/{rel}","templated":true}]}}