{"id":3999,"date":"2025-03-25T07:33:36","date_gmt":"2025-03-25T07:33:36","guid":{"rendered":"https:\/\/vapestornado.com\/?post_type=product&#038;p=3999"},"modified":"2025-12-11T07:26:08","modified_gmt":"2025-12-11T07:26:08","slug":"wholesale-bang-beach-38000-puff-38k-vape-disposable-vaporizer-e-cig-at-cheap-prices","status":"publish","type":"product","link":"https:\/\/vapestornado.com\/it\/product\/wholesale-bang-beach-38000-puff-38k-vape-disposable-vaporizer-e-cig-at-cheap-prices\/","title":{"rendered":"Vaporizzatore Monouso Bang Beach 38000 Puff 38k Vape e Sigaretta a Prezzi Economici all'Ingrosso"},"content":{"rendered":"<h1 data-pm-slice=\"1 1 []\">Vaporizzatore Monouso Bang Beach 38000 Puff 38k Vape e Sigaretta a Prezzi Economici all'Ingrosso<\/h1>\n<p><strong data-start=\"94\" data-end=\"114\">Spiaggia Bang 38000<\/strong> \u00e8 una sigaretta elettronica usa e getta ad alta capacit\u00e0 costruita per vaper che desiderano lunga durata, informazioni chiare sul dispositivo e sapore intenso dall'inizio alla fine. Con <strong data-start=\"277\" data-end=\"299\">fino a 38.000 puff<\/strong>, una <strong data-start=\"303\" data-end=\"325\">serbatoio di e-liquid da 38 ml<\/strong>, e un <strong data-start=\"334\" data-end=\"372\">Batteria ricaricabile Type-C da 850mAh<\/strong>, \u00e8 progettata per funzionare a lungo senza sostituzioni frequenti. Un <strong data-start=\"447\" data-end=\"470\">display a doppio schermo<\/strong> mostra i livelli di batteria e di e-juice, mentre il <strong data-start=\"511\" data-end=\"538\">schermo con blocco a impronte digitali<\/strong> aggiunge un livello di sicurezza per tasche, borse e viaggi.<\/p>\n<h3 data-start=\"825\" data-end=\"880\">Perch\u00e9 scegliere Bang Beach 38000 Puff<\/h3>\n<ul data-start=\"882\" data-end=\"2354\">\n<li data-start=\"882\" data-end=\"1213\">\n<p data-start=\"884\" data-end=\"1213\"><strong data-start=\"884\" data-end=\"935\">Capacit\u00e0 reale che cambia la tua routine settimanale.<\/strong> La <strong data-start=\"940\" data-end=\"969\">Barvaporizzatore Bang Beach 38000 Puff<\/strong> combina un <strong data-start=\"981\" data-end=\"1000\">Valutazione di 38K puff<\/strong> con un pieno di <strong data-start=\"1013\" data-end=\"1032\">38ml di e-juice<\/strong>, cos\u00ec gli utenti regolari in Italia, Spagna o Polonia possono passare <strong data-start=\"1086\" data-end=\"1119\">settimane prima di cambiare dispositivo<\/strong>. Ci\u00f2 significa meno acquisti d'emergenza e un costo molto pi\u00f9 basso \u201cal giorno\u201d rispetto alla maggior parte delle sigarette usa e getta di piccole dimensioni.<\/p>\n<\/li>\n<li data-start=\"1215\" data-end=\"1490\">\n<p data-start=\"1217\" data-end=\"1490\"><strong data-start=\"1217\" data-end=\"1262\">Sapore con coil in mesh che non si affloscia.<\/strong> Alimentato da avanzate <strong data-start=\"1283\" data-end=\"1307\">tecnologia della bobina a mesh<\/strong>, questo <strong data-start=\"1314\" data-end=\"1344\">Sigaretta elettronica Bang Beach 38K<\/strong> offre vapori pi\u00f9 morbidi, sapore pi\u00f9 intenso e tirate pi\u00f9 coerenti, invece del gusto secco e pungente che si ottiene quando le coil di base iniziano a bruciarsi.<\/p>\n<\/li>\n<li data-start=\"1492\" data-end=\"1773\">\n<p data-start=\"1494\" data-end=\"1773\"><strong data-start=\"1494\" data-end=\"1537\">Ricarica Type-C per evitare sprechi di liquido.<\/strong> La <strong data-start=\"1542\" data-end=\"1589\">850mAh Bang Beach ricaricabile Type-C 38000<\/strong> \u00e8 progettato per essere ricaricato pi\u00f9 volte. Quando la batteria si scarica, lo si collega per un rapido rifornimento e si continua fino a quando il serbatoio \u00e8 effettivamente vuoto, invece di buttare via liquido usato a met\u00e0.<\/p>\n<\/li>\n<li data-start=\"1775\" data-end=\"2092\">\n<p data-start=\"1777\" data-end=\"2092\"><strong data-start=\"1777\" data-end=\"1841\">Display a doppio schermo e blocco con impronta digitale per un uso reale.<\/strong> La <strong data-start=\"1846\" data-end=\"1890\">dispositivo Pod a doppio schermo<\/strong> mostra liquido elettronico e batteria in tempo reale, e il blocco con impronta digitale aiuta a prevenire attivazioni accidentali in tasca o nella borsa \u2014 utile durante i tragitti, le serate fuori o i viaggi in Italia e nei Paesi Bassi.<\/p>\n<\/li>\n<li data-start=\"2094\" data-end=\"2354\">\n<p data-start=\"2096\" data-end=\"2354\"><strong data-start=\"2096\" data-end=\"2153\">Compatibile con vendite all'ingrosso per qualsiasi negozio di vaporizzatori o distributore.<\/strong> Con <strong data-start=\"2159\" data-end=\"2190\">Prezzi all'ingrosso per tabaccherie<\/strong> e forte domanda nel <strong data-start=\"2216\" data-end=\"2230\">canale dei negozi di vaporizzatori<\/strong> Bang Beach 38000 funziona sia per gli utenti finali che per gli acquirenti all'ingrosso che desiderano un dispositivo a lunga durata che effettivamente si vende.<\/p>\n<\/li>\n<\/ul>\n<p data-start=\"666\" data-end=\"1235\"><strong style=\"font-size: 16px;\"><span style=\"color: #ff0000;\">Aggiungi il WhatsApp di Amy per ottenere una risposta immediata e un prezzo scontato!<\/span><\/strong><\/p>\n<p><img fetchpriority=\"high\" decoding=\"async\" class=\"size-full wp-image-2932\" src=\"https:\/\/vapestornado.com\/wp-content\/uploads\/2024\/12\/Vape-Wholesale.jpg\" alt=\"Vape all&#039;ingrosso\" width=\"229\" height=\"300\" \/><\/p>\n<h3><a href=\"https:\/\/wa.me\/8617776015835\" target=\"_blank\" rel=\"noopener\"><span style=\"color: #ff0000;\"><strong>WhatsApp: +86 17776015835<\/strong><\/span><\/a><\/h3>\n<p>&nbsp;<\/p>\n<h2><strong>Bang Beach 38000 Puff Caratteristiche principali del prodotto<\/strong><\/h2>\n<table>\n<thead>\n<tr>\n<th>Caratteristica<\/th>\n<th>specifiche<\/th>\n<th>dettagli<\/th>\n<\/tr>\n<\/thead>\n<tbody>\n<tr>\n<td>Marca<\/td>\n<td>Bang Beach<\/td>\n<td>Linea monouso ad alta capacit\u00e0 per mercati europei<\/td>\n<\/tr>\n<tr>\n<td>Modello<\/td>\n<td>Bang Beach 38000 Puff Bar<\/td>\n<td>Sigaretta elettronica ricaricabile da 38.000 puff<\/td>\n<\/tr>\n<tr>\n<td>Capacit\u00e0 di tiri<\/td>\n<td>Fino a 38.000 puff<\/td>\n<td>Progettato per un uso quotidiano multi-settimana<\/td>\n<\/tr>\n<tr>\n<td>Volume di liquido elettronico<\/td>\n<td>38ml e-juice<\/td>\n<td>Grande serbatoio abbinato a un alto numero di puff<\/td>\n<\/tr>\n<tr>\n<td>Livelli di nicotina<\/td>\n<td>0% \/ 2% \/ 3% \/ 5%<\/td>\n<td>Adatto a preferenze di gusto solo, moderate e pi\u00f9 forti<\/td>\n<\/tr>\n<tr>\n<td>Batteria<\/td>\n<td>850mAh ricaricabile<\/td>\n<td>Supporta ricariche ripetute durante tutta la vita del dispositivo<\/td>\n<\/tr>\n<tr>\n<td>Ricarica<\/td>\n<td>Ricaricabile tramite Type-C<\/td>\n<td>Ricarica rapida con cavi moderni standard<\/td>\n<\/tr>\n<tr>\n<td>Tipo di bobina<\/td>\n<td>Resistenza a mesh<\/td>\n<td>Vapore morbido e consegna stabile del sapore<\/td>\n<\/tr>\n<tr>\n<td>Espositore<\/td>\n<td>Schermo doppio (olio + batteria)<\/td>\n<td>Stato in tempo reale su e-liquid e batteria<\/td>\n<\/tr>\n<tr>\n<td>Sicurezza<\/td>\n<td>Schermo di blocco con impronta digitale<\/td>\n<td>Riduce il fuoco accidentale e aumenta la privacy<\/td>\n<\/tr>\n<tr>\n<td>Posizionamento<\/td>\n<td>All'ingrosso e al dettaglio<\/td>\n<td>Ottimizzato per prezzi all'ingrosso di sigarette e vendite in negozi di vaporizzatori<\/td>\n<\/tr>\n<\/tbody>\n<\/table>\n<h2 class=\"product-title\"><strong>Bang Beach 38000 Puff Lista dei gusti pi\u00f9 venduti<\/strong><\/h2>\n<article class=\"w-full text-token-text-primary focus-visible:outline-2 focus-visible:outline-offset-[-4px]\" dir=\"auto\" data-testid=\"conversation-turn-32\" data-scroll-anchor=\"false\">\n<div class=\"m-auto text-base py-[18px] px-6\">\n<div class=\"mx-auto flex flex-1 text-base gap-4 md:gap-5 lg:gap-6 md:max-w-3xl lg:max-w-[40rem] xl:max-w-[48rem]\">\n<div class=\"group\/conversation-turn relative flex w-full min-w-0 flex-col @xs\/thread:px-0 @sm\/thread:px-1.5 @md\/thread:px-4\">\n<div class=\"flex-col gap-1 md:gap-3\">\n<div class=\"flex max-w-full flex-col flex-grow\">\n<div class=\"min-h-8 text-message flex w-full flex-col items-end gap-2 whitespace-normal break-words text-start [.text-message+&amp;]:mt-5\" dir=\"auto\" data-message-author-role=\"user\" data-message-id=\"ffac41ca-1db4-431b-873a-32c4052956f1\">\n<div class=\"flex w-full flex-col gap-1 empty:hidden items-end rtl:items-start\">\n<div class=\"relative max-w-[var(--user-chat-width,70%)] rounded-3xl bg-token-message-surface px-5 py-2.5\">\n<div class=\"absolute bottom-0 right-full top-0 -mr-3.5 hidden pr-5 pt-2 [.group\/conversation-turn:hover_&amp;]:flex\">\n<div class=\"flex\">\n<article class=\"w-full text-token-text-primary focus-visible:outline-2 focus-visible:outline-offset-[-4px]\" dir=\"auto\" data-testid=\"conversation-turn-39\" data-scroll-anchor=\"true\">\n<div class=\"m-auto text-base py-[18px] px-6\">\n<div class=\"mx-auto flex flex-1 text-base gap-4 md:gap-5 lg:gap-6 md:max-w-3xl lg:max-w-[40rem] xl:max-w-[48rem]\">\n<div class=\"group\/conversation-turn relative flex w-full min-w-0 flex-col agent-turn @xs\/thread:px-0 @sm\/thread:px-1.5 @md\/thread:px-4\">\n<div class=\"flex-col gap-1 md:gap-3\">\n<div class=\"flex max-w-full flex-col flex-grow\">\n<div class=\"min-h-8 text-message flex w-full flex-col items-end gap-2 whitespace-normal break-words text-start [.text-message+&amp;]:mt-5\" dir=\"auto\" data-message-author-role=\"assistant\" data-message-id=\"55a23854-ec57-48dd-bd4f-6118f43d6241\" data-message-model-slug=\"gpt-4o\">\n<div class=\"flex w-full flex-col gap-1 empty:hidden first:pt-[3px]\">\n<div class=\"markdown prose w-full break-words dark:prose-invert light\">\n<p>1.Ghiaccio ai frutti di bosco<br \/>\n2.Limonata rosa<br \/>\n3.Mirtillo Lampone<br \/>\n4.Frutti di Bosco Misti<br \/>\n5.Fragola Anguria<br \/>\n6.Ghiaccio alla Fragola<br \/>\n7.Uva Ghiaccio<br \/>\n8.Pesca Mango<br \/>\n9.Ghiaccio Mirtillo Azzurro<br \/>\n10.Bomba di Ciliegie<br \/>\n11.Ghiaccio Anguria<br \/>\n12. Ghiaccio alla Pesca<\/p>\n<figure id=\"attachment_4000\" aria-describedby=\"caption-attachment-4000\" style=\"width: 596px\" class=\"wp-caption alignnone\"><img decoding=\"async\" class=\"wp-image-4000 size-full\" src=\"https:\/\/vapestornado.com\/wp-content\/uploads\/2025\/03\/Wholesale-Bang-38000-Puffs.png\" alt=\"Ingrosso Bang 38000 Puffs\" width=\"596\" height=\"596\" srcset=\"https:\/\/vapestornado.com\/wp-content\/uploads\/2025\/03\/Wholesale-Bang-38000-Puffs.png 596w, https:\/\/vapestornado.com\/wp-content\/uploads\/2025\/03\/Wholesale-Bang-38000-Puffs-300x300.png 300w, https:\/\/vapestornado.com\/wp-content\/uploads\/2025\/03\/Wholesale-Bang-38000-Puffs-150x150.png 150w, https:\/\/vapestornado.com\/wp-content\/uploads\/2025\/03\/Wholesale-Bang-38000-Puffs-100x100.png 100w\" sizes=\"(max-width: 596px) 100vw, 596px\" \/><figcaption id=\"caption-attachment-4000\" class=\"wp-caption-text\">Ingrosso Bang 38000 Puffs<\/figcaption><\/figure>\n<\/div>\n<\/div>\n<\/div>\n<\/div>\n<\/div>\n<\/div>\n<\/div>\n<\/div>\n<\/article>\n<\/div>\n<\/div>\n<\/div>\n<\/div>\n<\/div>\n<\/div>\n<\/div>\n<\/div>\n<\/div>\n<\/div>\n<\/article>\n<h2>Perch\u00e9 Scegliere Vapestornado per l'Acquisto di Bang Beach 38000 Puff?<\/h2>\n<div class=\"flex-shrink-0 flex flex-col relative items-end\">\n<div class=\"pt-0\">\n<div class=\"gizmo-bot-avatar flex h-8 w-8 items-center justify-center overflow-hidden rounded-full\">\n<div class=\"relative p-1 rounded-sm flex items-center justify-center bg-token-main-surface-primary text-token-text-primary h-8 w-8\">\n<p data-start=\"88\" data-end=\"557\">Quando si tratta di <strong data-start=\"105\" data-end=\"154\">\u00a0acquistare vaporizzatori usa e getta di alta qualit\u00e0<\/strong>, <strong data-start=\"156\" data-end=\"172\">Vapestornado<\/strong> \u00e8 la fonte ideale per imbattibili <strong data-start=\"208\" data-end=\"271\">prezzi di fabbrica, spedizione veloce e servizio clienti premium<\/strong>. L'acquisto del Bang Beach 38000 Puff da Vapestornado significa che ottieni <strong data-start=\"363\" data-end=\"400\">prodotti autentici e originali al 100%<\/strong> con le ultime<strong data-start=\"417\" data-end=\"515\"> schermo, praticit\u00e0 ricaricabile Type-C e capacit\u00e0 di 38000 tiri<\/strong>\u2014tutto al meglio<strong data-start=\"527\" data-end=\"554\">\u00a0prezzi all'ingrosso<\/strong>.<\/p>\n<p data-start=\"559\" data-end=\"933\" data-is-last-node=\"\" data-is-only-node=\"\">Abbiamo anche altri vape popolari con schermo come <a href=\"https:\/\/vapestornado.com\/it\/product\/mesii-couple-50k-disposable-shisha-hookah-50000-puffs-vape-with-digital-display\/\">Mesii coppia 50000<\/a>, <a href=\"https:\/\/vapestornado.com\/it\/product\/vopk-ultra-40000-puffs-2-in-1-digital-screen-rechargeable-disposable-vape\/\">Vaporizzatore usa e getta VOPK 40000 Puff<\/a>, <a href=\"https:\/\/vapestornado.com\/it\/product\/bang-beach-22000-20k-puff-disposable-vape-pen-with-screen-reddit-hot\/\">Bang Beach 22000<\/a>, e altro ancora.<\/p>\n<\/div>\n<div class=\"relative p-1 rounded-sm flex items-center justify-center bg-token-main-surface-primary text-token-text-primary h-8 w-8\">\n<h2>FAQS su Bang 38000<\/h2>\n<p data-start=\"3372\" data-end=\"3465\">1. Quanto dura di solito la sigaretta elettronica Bang Beach da 38000 puff per gli utenti quotidiani?<\/p>\n<p data-start=\"3466\" data-end=\"3738\">La <strong data-start=\"3470\" data-end=\"3507\">Sigaretta elettronica Bang Beach da 38000 puff<\/strong> abbinamento di <strong data-start=\"3516\" data-end=\"3529\">serbatoio da 38ml<\/strong> con fino a <strong data-start=\"3541\" data-end=\"3557\">38.000 boccate<\/strong>, cos\u00ec tanti utenti quotidiani possono ottenere <strong data-start=\"3590\" data-end=\"3625\">diversi settimane di utilizzo per dispositivo<\/strong>1. Il tempo effettivo dipende dalla frequenza e dalla lunghezza del tiro, ma chiaramente supera i tipici dispositivi usa e getta da 5K\u201310K.<\/p>\n<p data-start=\"3745\" data-end=\"3859\">2. Cosa cambia la coil mesh nel vape ad alta capacit\u00e0 Bang Beach 38000 in termini di sapore e vapore?<\/p>\n<p data-start=\"3860\" data-end=\"4084\">La <strong data-start=\"3864\" data-end=\"3906\">Sigaretta elettronica con coil mesh Bang Beach 38000<\/strong> distribuisce il calore uniformemente attraverso lo stoppino, il che mantiene il vapore denso e il sapore costante. Questo design aiuta a evitare tiri aspri e dal sapore di bruciato, specialmente verso la fine del liquido.<\/p>\n<p data-start=\"4091\" data-end=\"4184\">3. In che modo il display a doppio schermo sulla Bang Beach 38000 Puff bar aiuta nell'uso quotidiano?<\/p>\n<p data-start=\"4185\" data-end=\"4462\">La <strong data-start=\"4189\" data-end=\"4230\">Bang Beach 38000 Puff bar a doppio schermo<\/strong> mostra separatamente il livello di e-liquid e lo stato della batteria, cos\u00ec sai sempre se devi ricaricare o sei vicino a finire il serbatoio. Elimina le congetture, il che \u00e8 importante quando fai affidamento su un dispositivo durante i giorni lavorativi o in viaggio.<\/p>\n<p data-start=\"4469\" data-end=\"4582\">4. Il Bang Beach 38000 \u00e8 adatto agli acquirenti che confrontano i dispositivi dei negozi di vaporizzatori ai prezzi dei grossisti di sigarette?<\/p>\n<p data-start=\"4583\" data-end=\"4884\">S\u00ec. Per <strong data-start=\"4592\" data-end=\"4606\">canale dei negozi di vaporizzatori<\/strong> proprietari e distributori, la <strong data-start=\"4636\" data-end=\"4678\">sigaretta elettronica all'ingrosso Bang Beach 38000<\/strong> offre un elevato numero di puff, funzionalit\u00e0 avanzate (schermi + blocco con impronta digitale) e un prezzo competitivo <strong data-start=\"4767\" data-end=\"4798\">Prezzi all'ingrosso per tabaccherie<\/strong>, che insieme creano una forte proposta di valore rispetto ad altri dispositivi usa e getta a lunga durata.<\/p>\n<p data-start=\"4891\" data-end=\"5003\">5. Il blocco con impronta digitale sulla sigaretta elettronica Bang Beach 38000 Puff influisce sulle prestazioni o solo sulla sicurezza?<\/p>\n<p data-start=\"5004\" data-end=\"5262\">La <strong data-start=\"5008\" data-end=\"5052\">Il sistema di blocco con impronta digitale Bang Beach 38000<\/strong> riguarda esclusivamente la sicurezza e la comodit\u00e0. Aiuta a prevenire l'attivazione accidentale e l'uso non autorizzato, ma una volta sbloccato, le prestazioni rimangono invariate: si ottiene comunque la piena potenza dalla coil mesh e dalla batteria da 850 mAh.<\/p>\n<\/div>\n<\/div>\n<\/div>\n<\/div>","protected":false},"excerpt":{"rendered":"<p class=\"LC20lb MBeuO DKV0Md\">Bang Beach 38000 Puff sigaretta elettronica usa e getta con 38ml di e-juice, coil in mesh, batteria ricaricabile Type-C da 850mAh, display a doppio schermo e blocco tramite impronta digitale. Barvaporizzatore ad alta capacit\u00e0 da 38K progettato per un uso prolungato, vendite in negozio di vaporizzatori e prezzi all'ingrosso competitivi di sigarette in tutta Europa.<\/p>\n<p><strong>Aggiungi il whatsapp di Amy per ottenere la risposta giusta e il prezzo scontato!<\/strong><\/p>\n<p><img fetchpriority=\"high\" decoding=\"async\" class=\"size-full wp-image-2932\" src=\"https:\/\/vapestornado.com\/wp-content\/uploads\/2024\/12\/Vape-Wholesale.jpg\" alt=\"Vape all&#039;ingrosso\" width=\"229\" height=\"300\" \/><\/p>\n<h3><a href=\"https:\/\/wa.me\/8617776015835\"><span style=\"color: #ff0000;\"><strong>WhatsApp: +86 17776015835<\/strong><\/span><\/a><\/h3>\n<p>&nbsp;<\/p>","protected":false},"featured_media":3998,"comment_status":"open","ping_status":"closed","template":"","meta":{"_acf_changed":false,"_uag_custom_page_level_css":"","_lmt_disableupdate":"no","_lmt_disable":"","_monsterinsights_skip_tracking":false,"_monsterinsights_sitenote_active":false,"_monsterinsights_sitenote_note":"","_monsterinsights_sitenote_category":0,"site-sidebar-layout":"default","site-content-layout":"","ast-site-content-layout":"default","site-content-style":"default","site-sidebar-style":"default","ast-global-header-display":"","ast-banner-title-visibility":"","ast-main-header-display":"","ast-hfb-above-header-display":"","ast-hfb-below-header-display":"","ast-hfb-mobile-header-display":"","site-post-title":"","ast-breadcrumbs-content":"","ast-featured-img":"","footer-sml-layout":"","ast-disable-related-posts":"","theme-transparent-header-meta":"default","adv-header-id-meta":"","stick-header-meta":"","header-above-stick-meta":"","header-main-stick-meta":"","header-below-stick-meta":"","astra-migrate-meta-layouts":"set","ast-page-background-enabled":"default","ast-page-background-meta":{"desktop":{"background-color":"","background-image":"","background-repeat":"repeat","background-position":"center center","background-size":"auto","background-attachment":"scroll","background-type":"","background-media":"","overlay-type":"","overlay-color":"","overlay-opacity":"","overlay-gradient":""},"tablet":{"background-color":"","background-image":"","background-repeat":"repeat","background-position":"center center","background-size":"auto","background-attachment":"scroll","background-type":"","background-media":"","overlay-type":"","overlay-color":"","overlay-opacity":"","overlay-gradient":""},"mobile":{"background-color":"","background-image":"","background-repeat":"repeat","background-position":"center center","background-size":"auto","background-attachment":"scroll","background-type":"","background-media":"","overlay-type":"","overlay-color":"","overlay-opacity":"","overlay-gradient":""}},"ast-content-background-meta":{"desktop":{"background-color":"var(--ast-global-color-5)","background-image":"","background-repeat":"repeat","background-position":"center center","background-size":"auto","background-attachment":"scroll","background-type":"","background-media":"","overlay-type":"","overlay-color":"","overlay-opacity":"","overlay-gradient":""},"tablet":{"background-color":"var(--ast-global-color-5)","background-image":"","background-repeat":"repeat","background-position":"center center","background-size":"auto","background-attachment":"scroll","background-type":"","background-media":"","overlay-type":"","overlay-color":"","overlay-opacity":"","overlay-gradient":""},"mobile":{"background-color":"var(--ast-global-color-5)","background-image":"","background-repeat":"repeat","background-position":"center center","background-size":"auto","background-attachment":"scroll","background-type":"","background-media":"","overlay-type":"","overlay-color":"","overlay-opacity":"","overlay-gradient":""}},"_joinchat":{"telephone":"17776015835"}},"product_brand":[],"product_cat":[62,153,158,142],"product_tag":[295,297,296,491,269],"class_list":{"0":"post-3999","1":"product","2":"type-product","3":"status-publish","4":"has-post-thumbnail","6":"product_cat-bang-vape","7":"product_cat-buy-disposable-vapes-in-italy","8":"product_cat-buy-disposable-vapes-in-spain","9":"product_cat-digital-box-disposable-vapes","10":"product_tag-bang-beach-38000","11":"product_tag-fingerprint-vape","12":"product_tag-puff-bar","13":"product_tag-vape-with-digital-dispaly","14":"product_tag-vape-with-screen","15":"desktop-align-left","16":"tablet-align-left","17":"mobile-align-left","19":"first","20":"instock","21":"sale","22":"shipping-taxable","23":"purchasable","24":"product-type-simple"},"acf":[],"uagb_featured_image_src":{"full":["https:\/\/vapestornado.com\/wp-content\/uploads\/2025\/03\/Wholesale-Bang-Vape-at-Cheap-Prices.webp",800,800,false],"thumbnail":["https:\/\/vapestornado.com\/wp-content\/uploads\/2025\/03\/Wholesale-Bang-Vape-at-Cheap-Prices-150x150.webp",150,150,true],"medium":["https:\/\/vapestornado.com\/wp-content\/uploads\/2025\/03\/Wholesale-Bang-Vape-at-Cheap-Prices-300x300.webp",300,300,true],"medium_large":["https:\/\/vapestornado.com\/wp-content\/uploads\/2025\/03\/Wholesale-Bang-Vape-at-Cheap-Prices-768x768.webp",768,768,true],"large":["https:\/\/vapestornado.com\/wp-content\/uploads\/2025\/03\/Wholesale-Bang-Vape-at-Cheap-Prices.webp",800,800,false],"1536x1536":["https:\/\/vapestornado.com\/wp-content\/uploads\/2025\/03\/Wholesale-Bang-Vape-at-Cheap-Prices.webp",800,800,false],"2048x2048":["https:\/\/vapestornado.com\/wp-content\/uploads\/2025\/03\/Wholesale-Bang-Vape-at-Cheap-Prices.webp",800,800,false],"trp-custom-language-flag":["https:\/\/vapestornado.com\/wp-content\/uploads\/2025\/03\/Wholesale-Bang-Vape-at-Cheap-Prices.webp",12,12,false],"woocommerce_thumbnail":["https:\/\/vapestornado.com\/wp-content\/uploads\/2025\/03\/Wholesale-Bang-Vape-at-Cheap-Prices-300x300.webp",300,300,true],"woocommerce_single":["https:\/\/vapestornado.com\/wp-content\/uploads\/2025\/03\/Wholesale-Bang-Vape-at-Cheap-Prices-600x600.webp",600,600,true],"woocommerce_gallery_thumbnail":["https:\/\/vapestornado.com\/wp-content\/uploads\/2025\/03\/Wholesale-Bang-Vape-at-Cheap-Prices-100x100.webp",100,100,true]},"uagb_author_info":{"display_name":"ESAMY","author_link":"https:\/\/vapestornado.com\/it\/author\/"},"uagb_comment_info":1,"uagb_excerpt":"Bang Beach 38000 Puff disposable E-cigarette with 38ml e-juice, mesh coil, 850mAh Type-C rechargeable battery, dual-screen display and fingerprint lock. High-capacity 38K vape bar designed for long use, vapor shop sales, and competitive Cigarette wholesaler prices across Europe. Add Amy's whatsapp to get right reply and discount price! WhatsApp: +86 17776015835 &nbsp;","_links":{"self":[{"href":"https:\/\/vapestornado.com\/it\/wp-json\/wp\/v2\/product\/3999","targetHints":{"allow":["GET"]}}],"collection":[{"href":"https:\/\/vapestornado.com\/it\/wp-json\/wp\/v2\/product"}],"about":[{"href":"https:\/\/vapestornado.com\/it\/wp-json\/wp\/v2\/types\/product"}],"replies":[{"embeddable":true,"href":"https:\/\/vapestornado.com\/it\/wp-json\/wp\/v2\/comments?post=3999"}],"wp:featuredmedia":[{"embeddable":true,"href":"https:\/\/vapestornado.com\/it\/wp-json\/wp\/v2\/media\/3998"}],"wp:attachment":[{"href":"https:\/\/vapestornado.com\/it\/wp-json\/wp\/v2\/media?parent=3999"}],"wp:term":[{"taxonomy":"product_brand","embeddable":true,"href":"https:\/\/vapestornado.com\/it\/wp-json\/wp\/v2\/product_brand?post=3999"},{"taxonomy":"product_cat","embeddable":true,"href":"https:\/\/vapestornado.com\/it\/wp-json\/wp\/v2\/product_cat?post=3999"},{"taxonomy":"product_tag","embeddable":true,"href":"https:\/\/vapestornado.com\/it\/wp-json\/wp\/v2\/product_tag?post=3999"}],"curies":[{"name":"wp","href":"https:\/\/api.w.org\/{rel}","templated":true}]}}