{"id":3974,"date":"2025-03-24T07:31:30","date_gmt":"2025-03-24T07:31:30","guid":{"rendered":"https:\/\/vapestornado.com\/?post_type=product&#038;p=3974"},"modified":"2025-08-23T10:38:02","modified_gmt":"2025-08-23T10:38:02","slug":"vopk-shisha-hookah-20000-puffs-disposable-vapes-bar-best-flavor-wholesale","status":"publish","type":"product","link":"https:\/\/vapestornado.com\/it\/product\/vopk-shisha-hookah-20000-puffs-disposable-vapes-bar-best-flavor-wholesale\/","title":{"rendered":"Vopk Shisha Narghil\u00e8 20000 Puff Vaporizzatori Usa e Getta Bar Miglior Sapore All'Ingrosso"},"content":{"rendered":"<h1 data-pm-slice=\"1 1 []\">Vopk Shisha Narghil\u00e8 20000 Puff Vaporizzatori Usa e Getta Bar Miglior Sapore All'Ingrosso<\/h1>\n<p data-start=\"272\" data-end=\"577\">La <strong data-start=\"276\" data-end=\"319\">Vopk Shisha Hookah 20000 Puff Vape Bar<\/strong> \u00e8 progettato per grossisti e rivenditori alla ricerca di un dispositivo ad alta capacit\u00e0 con un forte appeal per gli appassionati di shisha e narghil\u00e8. Offrendo fino a <strong data-start=\"467\" data-end=\"483\">20.000 puff<\/strong> da un <strong data-start=\"491\" data-end=\"513\">serbatoio di e-liquid da 28 ml<\/strong>, fornisce un uso duraturo e un eccellente potenziale di rivendita.<\/p>\n<p data-start=\"579\" data-end=\"910\">Costruito con un <strong data-start=\"592\" data-end=\"610\">bobina mesh da 0.6\u03a9<\/strong>, il dispositivo produce vapore denso e un sapore potenziato, rendendolo ideale per <strong data-start=\"685\" data-end=\"706\">stili di svapo DTL<\/strong>. Il <strong data-start=\"712\" data-end=\"738\">schermo digitale<\/strong> mantiene gli utenti aggiornati sia sulla durata della batteria che sui livelli di e-liquid, mentre il <strong data-start=\"811\" data-end=\"842\">batteria ricaricabile da 850 mAh<\/strong> con <strong data-start=\"848\" data-end=\"867\">ricarica di tipo C<\/strong> garantisce una potenza costante per tutto il giorno.<\/p>\n<p data-start=\"912\" data-end=\"1205\">La <strong data-start=\"916\" data-end=\"953\">design bicolore ispirato alla shisha<\/strong> conferisce al Vopk 20K un aspetto unico che si distingue nei negozi, mentre un'ampia variet\u00e0 di opzioni di sapore, dal fruttato al ghiacciato, garantisce qualcosa per ogni cliente. Compatto e facile da trasportare, \u00e8 una scelta versatile per l'uso quotidiano o la distribuzione all'ingrosso.<\/p>\n<p data-start=\"1207\" data-end=\"1393\">Per i distributori europei, il <strong data-start=\"1238\" data-end=\"1271\">Vopk Shisha Narghil\u00e8 20000 Vape<\/strong> combina durata, prestazioni e <strong data-start=\"1310\" data-end=\"1343\">prezzi all'ingrosso competitivi<\/strong>, rendendolo un'opzione redditizia per gli ordini all'ingrosso.<\/p>\n<p data-start=\"666\" data-end=\"1235\"><strong style=\"font-size: 16px;\"><span style=\"color: #ff0000;\">Aggiungi il WhatsApp di Amy per ottenere una risposta immediata e un prezzo scontato!<\/span><\/strong><\/p>\n<p><img fetchpriority=\"high\" decoding=\"async\" class=\"size-full wp-image-2932\" src=\"https:\/\/vapestornado.com\/wp-content\/uploads\/2024\/12\/Vape-Wholesale.jpg\" alt=\"Vape all&#039;ingrosso\" width=\"229\" height=\"300\" \/><\/p>\n<h3><a href=\"https:\/\/wa.me\/8617776015835\" target=\"_blank\" rel=\"noopener\"><span style=\"color: #ff0000;\"><strong>WhatsApp: +86 17776015835<\/strong><\/span><\/a><\/h3>\n<p>&nbsp;<\/p>\n<h2><strong>Caratteristiche principali del prodotto Vopk Shisha Hookah 20000 Vape Bar<\/strong><\/h2>\n<p>Marca: VOPK BAR<br \/>\nPuff: 20000 Puff<br \/>\nAdatto a: Tutti &gt;18<br \/>\nCapacit\u00e0: 28ml<br \/>\nPuff: 20000 puff<br \/>\nBatteria: 850mAh<br \/>\nNicotina: 0%\/2%\/3%\/5% Sale di nicotina<br \/>\nResistenza: Resistenza a mesh da 1.0ohm<br \/>\nDisplay digitale per liquido e batteria<br \/>\nConfezione: Confezione singola<\/p>\n<h2 class=\"product-title\"><strong>Elenco dei gusti della penna usa e getta Vopk Shisha Hookah 20000<\/strong><\/h2>\n<article class=\"w-full text-token-text-primary focus-visible:outline-2 focus-visible:outline-offset-[-4px]\" dir=\"auto\" data-testid=\"conversation-turn-32\" data-scroll-anchor=\"false\">\n<div class=\"m-auto text-base py-[18px] px-6\">\n<div class=\"mx-auto flex flex-1 text-base gap-4 md:gap-5 lg:gap-6 md:max-w-3xl lg:max-w-[40rem] xl:max-w-[48rem]\">\n<div class=\"group\/conversation-turn relative flex w-full min-w-0 flex-col @xs\/thread:px-0 @sm\/thread:px-1.5 @md\/thread:px-4\">\n<div class=\"flex-col gap-1 md:gap-3\">\n<div class=\"flex max-w-full flex-col flex-grow\">\n<div class=\"min-h-8 text-message flex w-full flex-col items-end gap-2 whitespace-normal break-words text-start [.text-message+&amp;]:mt-5\" dir=\"auto\" data-message-author-role=\"user\" data-message-id=\"ffac41ca-1db4-431b-873a-32c4052956f1\">\n<div class=\"flex w-full flex-col gap-1 empty:hidden items-end rtl:items-start\">\n<div class=\"relative max-w-[var(--user-chat-width,70%)] rounded-3xl bg-token-message-surface px-5 py-2.5\">\n<div class=\"absolute bottom-0 right-full top-0 -mr-3.5 hidden pr-5 pt-2 [.group\/conversation-turn:hover_&amp;]:flex\">\n<div class=\"flex\">\n<article class=\"w-full text-token-text-primary focus-visible:outline-2 focus-visible:outline-offset-[-4px]\" dir=\"auto\" data-testid=\"conversation-turn-39\" data-scroll-anchor=\"true\">\n<div class=\"m-auto text-base py-[18px] px-6\">\n<div class=\"mx-auto flex flex-1 text-base gap-4 md:gap-5 lg:gap-6 md:max-w-3xl lg:max-w-[40rem] xl:max-w-[48rem]\">\n<div class=\"group\/conversation-turn relative flex w-full min-w-0 flex-col agent-turn @xs\/thread:px-0 @sm\/thread:px-1.5 @md\/thread:px-4\">\n<div class=\"flex-col gap-1 md:gap-3\">\n<div class=\"flex max-w-full flex-col flex-grow\">\n<div class=\"min-h-8 text-message flex w-full flex-col items-end gap-2 whitespace-normal break-words text-start [.text-message+&amp;]:mt-5\" dir=\"auto\" data-message-author-role=\"assistant\" data-message-id=\"55a23854-ec57-48dd-bd4f-6118f43d6241\" data-message-model-slug=\"gpt-4o\">\n<div class=\"flex w-full flex-col gap-1 empty:hidden first:pt-[3px]\">\n<div class=\"markdown prose w-full break-words dark:prose-invert light\">\n<p>1. Mirtillo ghiacciato<br \/>\n2. Kiwi alla fragola<br \/>\n3. Frutti di bosco misti<br \/>\n4. Anguria e fragola<br \/>\n5. Ghiaccio all'anguria<br \/>\n6. Ananas pesca e mango<br \/>\n7. Mirtillo e lampone<br \/>\n8. Caramella alla fragola e lampone<br \/>\n9. Ciliegia e anguria<br \/>\n10. Ghiaccio al ribes nero<\/p>\n<\/div>\n<figure id=\"attachment_3966\" aria-describedby=\"caption-attachment-3966\" style=\"width: 800px\" class=\"wp-caption alignnone\"><img decoding=\"async\" class=\"wp-image-3966 size-full\" src=\"https:\/\/vapestornado.com\/wp-content\/uploads\/2025\/03\/VOPK-Shisha-Hookah-BAR-Disposable-Vape-Wholesale.jpg\" alt=\"VOPK Shisha Hookah BAR Vaporizzatore usa e getta all&#039;ingrosso\" width=\"800\" height=\"957\" srcset=\"https:\/\/vapestornado.com\/wp-content\/uploads\/2025\/03\/VOPK-Shisha-Hookah-BAR-Disposable-Vape-Wholesale.jpg 800w, https:\/\/vapestornado.com\/wp-content\/uploads\/2025\/03\/VOPK-Shisha-Hookah-BAR-Disposable-Vape-Wholesale-251x300.jpg 251w, https:\/\/vapestornado.com\/wp-content\/uploads\/2025\/03\/VOPK-Shisha-Hookah-BAR-Disposable-Vape-Wholesale-768x919.jpg 768w, https:\/\/vapestornado.com\/wp-content\/uploads\/2025\/03\/VOPK-Shisha-Hookah-BAR-Disposable-Vape-Wholesale-600x718.jpg 600w\" sizes=\"(max-width: 800px) 100vw, 800px\" \/><figcaption id=\"caption-attachment-3966\" class=\"wp-caption-text\">VOPK Shisha Hookah BAR Vaporizzatore usa e getta all'ingrosso<\/figcaption><\/figure>\n<\/div>\n<\/div>\n<\/div>\n<\/div>\n<\/div>\n<\/div>\n<\/div>\n<\/article>\n<\/div>\n<\/div>\n<\/div>\n<\/div>\n<\/div>\n<\/div>\n<\/div>\n<\/div>\n<\/div>\n<\/div>\n<\/article>\n<h2 data-start=\"86\" data-end=\"129\">Confronto serie Vopk (Guida all'ingrosso)<\/h2>\n<p data-start=\"131\" data-end=\"155\"><strong data-start=\"131\" data-end=\"153\">Vopk Bar Fresco 9000<\/strong><\/p>\n<ul data-start=\"156\" data-end=\"462\">\n<li data-start=\"156\" data-end=\"172\">\n<p data-start=\"158\" data-end=\"172\">Puffs: 9.000<\/p>\n<\/li>\n<li data-start=\"173\" data-end=\"205\">\n<p data-start=\"175\" data-end=\"205\">Batteria: 600mAh ricaricabile<\/p>\n<\/li>\n<li data-start=\"206\" data-end=\"233\">\n<p data-start=\"208\" data-end=\"233\">Capacit\u00e0 E-liquid: 16ml<\/p>\n<\/li>\n<li data-start=\"234\" data-end=\"258\">\n<p data-start=\"236\" data-end=\"258\">Tipo di resistenza: Mesh da 1.0\u03a9<\/p>\n<\/li>\n<li data-start=\"259\" data-end=\"322\">\n<p data-start=\"261\" data-end=\"322\">Caratteristiche principali: Flusso d'aria regolabile, supporta MTL<\/p>\n<\/li>\n<li data-start=\"323\" data-end=\"395\">\n<p data-start=\"325\" data-end=\"395\">Clienti target: Utenti giornalieri occasionali, acquirenti di prova, piccoli negozi<\/p>\n<\/li>\n<li data-start=\"396\" data-end=\"462\">\n<p data-start=\"398\" data-end=\"462\">Parole chiave all'ingrosso: Vape usa e getta 9K, kit penna vape all'ingrosso<\/p>\n<\/li>\n<\/ul>\n<hr data-start=\"464\" data-end=\"467\" \/>\n<p data-start=\"469\" data-end=\"499\"><strong data-start=\"469\" data-end=\"497\">Narghil\u00e8 Vopk Shisha 20000<\/strong><\/p>\n<ul data-start=\"500\" data-end=\"814\">\n<li data-start=\"500\" data-end=\"517\">\n<p data-start=\"502\" data-end=\"517\">Tiri: 20.000<\/p>\n<\/li>\n<li data-start=\"518\" data-end=\"550\">\n<p data-start=\"520\" data-end=\"550\">Batteria: 850mAh ricaricabile<\/p>\n<\/li>\n<li data-start=\"551\" data-end=\"578\">\n<p data-start=\"553\" data-end=\"578\">Capacit\u00e0 dell'e-liquid: 28 ml<\/p>\n<\/li>\n<li data-start=\"579\" data-end=\"603\">\n<p data-start=\"581\" data-end=\"603\">Tipo di resistenza: Mesh da 0.6\u03a9<\/p>\n<\/li>\n<li data-start=\"604\" data-end=\"680\">\n<p data-start=\"606\" data-end=\"680\">Caratteristiche principali: Design in stile shisha, display digitale, ideale per vaping DTL<\/p>\n<\/li>\n<li data-start=\"681\" data-end=\"746\">\n<p data-start=\"683\" data-end=\"746\">Clienti target: Appassionati di narghil\u00e8, negozi di vape di medie dimensioni<\/p>\n<\/li>\n<li data-start=\"747\" data-end=\"814\">\n<p data-start=\"749\" data-end=\"814\">Parole chiave all'ingrosso: Vape bar shisha 20K, narghil\u00e8 all'ingrosso<\/p>\n<\/li>\n<\/ul>\n<hr data-start=\"816\" data-end=\"819\" \/>\n<p data-start=\"821\" data-end=\"840\"><strong data-start=\"821\" data-end=\"838\">Vopk 60K 3in1<\/strong><\/p>\n<ul data-start=\"841\" data-end=\"1208\">\n<li data-start=\"841\" data-end=\"866\">\n<p data-start=\"843\" data-end=\"866\">Tiri: 60.000 (3\u00d720K)<\/p>\n<\/li>\n<li data-start=\"867\" data-end=\"899\">\n<p data-start=\"869\" data-end=\"899\">Batteria: 950mAh ricaricabile<\/p>\n<\/li>\n<li data-start=\"900\" data-end=\"948\">\n<p data-start=\"902\" data-end=\"948\">Capacit\u00e0 E-liquid: 3 serbatoi separati (20ml\u00d73)<\/p>\n<\/li>\n<li data-start=\"949\" data-end=\"973\">\n<p data-start=\"951\" data-end=\"973\">Tipo di resistenza: Dual Mesh<\/p>\n<\/li>\n<li data-start=\"974\" data-end=\"1059\">\n<p data-start=\"976\" data-end=\"1059\">Caratteristiche principali: Sistema di commutazione a 3 gusti, progettato per un uso a lungo termine<\/p>\n<\/li>\n<li data-start=\"1060\" data-end=\"1135\">\n<p data-start=\"1062\" data-end=\"1135\">Clienti target: Utenti assidui, grandi distributori, canali ad alto margine<\/p>\n<\/li>\n<li data-start=\"1136\" data-end=\"1208\">\n<p data-start=\"1138\" data-end=\"1208\">Parole chiave all'ingrosso: Vape 60K 3in1 all'ingrosso, vape ricaricabili all'ingrosso<\/p>\n<\/li>\n<\/ul>\n<div class=\"flex-shrink-0 flex flex-col relative items-end\">\n<div class=\"pt-0\">\n<div class=\"gizmo-bot-avatar flex h-8 w-8 items-center justify-center overflow-hidden rounded-full\">\n<div class=\"relative p-1 rounded-sm flex items-center justify-center bg-token-main-surface-primary text-token-text-primary h-8 w-8\">\n<p data-start=\"559\" data-end=\"933\" data-is-last-node=\"\" data-is-only-node=\"\">Abbiamo anche altri vape popolari con schermo come<em> <a href=\"https:\/\/vapestornado.com\/it\/product\/mesii-couple-50k-disposable-shisha-hookah-50000-puffs-vape-with-digital-display\/\">Mesii coppia 50000<\/a>, <a href=\"https:\/\/vapestornado.com\/it\/product\/vopk-ultra-40000-puffs-2-in-1-digital-screen-rechargeable-disposable-vape\/\">Vaporizzatore usa e getta VOPK 40000 Puff<\/a>, <a href=\"https:\/\/vapestornado.com\/it\/product\/bang-beach-22000-20k-puff-disposable-vape-pen-with-screen-reddit-hot\/\">Bang Beach 22000<\/a>,<\/em> e altro ancora.<\/p>\n<\/div>\n<div class=\"relative p-1 rounded-sm flex items-center justify-center bg-token-main-surface-primary text-token-text-primary h-8 w-8\">\n<h3>FAQ<\/h3>\n<p><strong>1. Quanto tempo ci vuole per diventare dipendenti da una vape usa e getta?<\/strong><br \/>\nLa dipendenza da nicotina dipende da fattori come la frequenza d'uso, la concentrazione di nicotina e la fisiologia individuale. Le vape usa e getta con nicotina (come la\u00a0<strong>Vopk Shisha Narghil\u00e8 20000 Puff<\/strong>) possono portare alla dipendenza se usate regolarmente. Per ridurre al minimo i rischi, considera l'utilizzo di livelli di nicotina pi\u00f9 bassi (0%, 2% o 3%) o opzioni senza nicotina. Svapa sempre in modo responsabile.<\/p>\n<p><strong>2. Quanto tempo ci vuole per caricare una vape usa e getta con 20000 tiri?<\/strong><br \/>\nPer le vape usa e getta ricaricabili come la\u00a0<strong>Vopk Shisha Narghil\u00e8 20000 Puff<\/strong>, il tempo di ricarica dipende dalla capacit\u00e0 della batteria. Con una\u00a0<strong>batteria da 850 mAh<\/strong>\u00a0e\u00a0<strong>ricarica di tipo C<\/strong>, in genere ci vogliono circa\u00a0<strong>60-90 minuti<\/strong>\u00a0per caricarsi completamente. La\u00a0<strong>display digitale a schermo<\/strong>\u00a0mostrer\u00e0 lo stato di avanzamento della ricarica, quindi saprai quando \u00e8 pronta.<\/p>\n<p><strong>3. Posso portare una vape su un aereo in Italia?<\/strong><br \/>\nS\u00ec, puoi portare una vape su un aereo in Italia, ma deve essere riposta nel tuo\u00a0<strong>bagaglio a mano<\/strong>. Le vape sono\u00a0<strong>non consentite nel bagaglio da stiva<\/strong>\u00a0a causa delle norme di sicurezza per le batterie agli ioni di litio. Assicurati che il dispositivo sia spento e riposto in modo sicuro. Verifica con la tua compagnia aerea per linee guida specifiche, poich\u00e9 alcune potrebbero avere ulteriori restrizioni.<\/p>\n<p><strong>4. Come faccio a sapere quando la mia vape usa e getta \u00e8 vuota?<\/strong><br \/>\nSaprai che il tuo vaporizzatore usa e getta \u00e8 vuoto quando:<\/p>\n<ul>\n<li><strong>Produzione di vapore diminuisce:<\/strong>\u00a0Noterai significativamente meno vapore durante l'inalazione.<\/li>\n<li><strong>Sapore di bruciato:<\/strong>\u00a0Un sapore bruciato o sgradevole indica che l'e-liquid \u00e8 esaurito.<\/li>\n<li><strong>Nessun sapore:<\/strong>\u00a0Se il sapore diminuisce o scompare, \u00e8 un segno che la cartuccia \u00e8 vuota.<\/li>\n<li><strong>Schermo display:<\/strong>\u00a0Dispositivi come il\u00a0<strong>Vopk Shisha Narghil\u00e8 20000 Puff<\/strong>\u00a0hanno uno\u00a0<strong>display digitale a schermo<\/strong>\u00a0che mostra i livelli di e-liquid, rendendo facile monitorare quando il dispositivo si sta esaurendo.<\/li>\n<\/ul>\n<p>Una volta che il dispositivo smette di produrre vapore o il sapore scompare, \u00e8 il momento di smaltirlo responsabilmente.<\/p>\n<\/div>\n<\/div>\n<\/div>\n<\/div>","protected":false},"excerpt":{"rendered":"<p data-start=\"1433\" data-end=\"1606\">La <strong data-start=\"1437\" data-end=\"1480\">Vopk Shisha Hookah 20000 Puff Vape Bar<\/strong> offre vapore DTL, 28 ml di e-liquid e uno schermo digitale. Un'opzione elegante e ricaricabile per <strong data-start=\"1573\" data-end=\"1603\">acquirenti all'ingrosso in Europa<\/strong>.<\/p>\n<p><strong>Aggiungi il whatsapp di Amy per ottenere la risposta giusta e il prezzo scontato!<\/strong><\/p>\n<p><img fetchpriority=\"high\" decoding=\"async\" class=\"size-full wp-image-2932\" src=\"https:\/\/vapestornado.com\/wp-content\/uploads\/2024\/12\/Vape-Wholesale.jpg\" alt=\"Vape all&#039;ingrosso\" width=\"229\" height=\"300\" \/><\/p>\n<h3><a href=\"https:\/\/wa.me\/8617776015835\"><span style=\"color: #ff0000;\"><strong>WhatsApp: +86 17776015835<\/strong><\/span><\/a><\/h3>\n<p>&nbsp;<\/p>","protected":false},"featured_media":3965,"comment_status":"open","ping_status":"closed","template":"","meta":{"_acf_changed":false,"_uag_custom_page_level_css":"","_lmt_disableupdate":"no","_lmt_disable":"","_monsterinsights_skip_tracking":false,"_monsterinsights_sitenote_active":false,"_monsterinsights_sitenote_note":"","_monsterinsights_sitenote_category":0,"site-sidebar-layout":"default","site-content-layout":"","ast-site-content-layout":"default","site-content-style":"default","site-sidebar-style":"default","ast-global-header-display":"","ast-banner-title-visibility":"","ast-main-header-display":"","ast-hfb-above-header-display":"","ast-hfb-below-header-display":"","ast-hfb-mobile-header-display":"","site-post-title":"","ast-breadcrumbs-content":"","ast-featured-img":"","footer-sml-layout":"","ast-disable-related-posts":"","theme-transparent-header-meta":"default","adv-header-id-meta":"","stick-header-meta":"","header-above-stick-meta":"","header-main-stick-meta":"","header-below-stick-meta":"","astra-migrate-meta-layouts":"set","ast-page-background-enabled":"default","ast-page-background-meta":{"desktop":{"background-color":"","background-image":"","background-repeat":"repeat","background-position":"center center","background-size":"auto","background-attachment":"scroll","background-type":"","background-media":"","overlay-type":"","overlay-color":"","overlay-opacity":"","overlay-gradient":""},"tablet":{"background-color":"","background-image":"","background-repeat":"repeat","background-position":"center center","background-size":"auto","background-attachment":"scroll","background-type":"","background-media":"","overlay-type":"","overlay-color":"","overlay-opacity":"","overlay-gradient":""},"mobile":{"background-color":"","background-image":"","background-repeat":"repeat","background-position":"center center","background-size":"auto","background-attachment":"scroll","background-type":"","background-media":"","overlay-type":"","overlay-color":"","overlay-opacity":"","overlay-gradient":""}},"ast-content-background-meta":{"desktop":{"background-color":"var(--ast-global-color-5)","background-image":"","background-repeat":"repeat","background-position":"center center","background-size":"auto","background-attachment":"scroll","background-type":"","background-media":"","overlay-type":"","overlay-color":"","overlay-opacity":"","overlay-gradient":""},"tablet":{"background-color":"var(--ast-global-color-5)","background-image":"","background-repeat":"repeat","background-position":"center center","background-size":"auto","background-attachment":"scroll","background-type":"","background-media":"","overlay-type":"","overlay-color":"","overlay-opacity":"","overlay-gradient":""},"mobile":{"background-color":"var(--ast-global-color-5)","background-image":"","background-repeat":"repeat","background-position":"center center","background-size":"auto","background-attachment":"scroll","background-type":"","background-media":"","overlay-type":"","overlay-color":"","overlay-opacity":"","overlay-gradient":""}},"_joinchat":{"telephone":"17776015835"}},"product_brand":[],"product_cat":[69,152,158,142,147,290],"product_tag":[165,291,287,94,292],"class_list":{"0":"post-3974","1":"product","2":"type-product","3":"status-publish","4":"has-post-thumbnail","6":"product_cat-20000-puff","7":"product_cat-buy-disposable-vapes-in-cermany","8":"product_cat-buy-disposable-vapes-in-spain","9":"product_cat-digital-box-disposable-vapes","10":"product_cat-shisha-hookah-disposable-vapes","11":"product_cat-vopk-vape","12":"product_tag-cheap-vapes","13":"product_tag-disposable-shisha-hookah","14":"product_tag-disposable-vape-pen","15":"product_tag-rechargeable-disposable-vape","16":"product_tag-vopk-shisha-bar-20000","17":"desktop-align-left","18":"tablet-align-left","19":"mobile-align-left","21":"first","22":"instock","23":"sale","24":"shipping-taxable","25":"purchasable","26":"product-type-simple"},"acf":[],"uagb_featured_image_src":{"full":["https:\/\/vapestornado.com\/wp-content\/uploads\/2025\/03\/VOPK-Shisha-Hookah-Bar-20000-Puffs.png",800,800,false],"thumbnail":["https:\/\/vapestornado.com\/wp-content\/uploads\/2025\/03\/VOPK-Shisha-Hookah-Bar-20000-Puffs-150x150.png",150,150,true],"medium":["https:\/\/vapestornado.com\/wp-content\/uploads\/2025\/03\/VOPK-Shisha-Hookah-Bar-20000-Puffs-300x300.png",300,300,true],"medium_large":["https:\/\/vapestornado.com\/wp-content\/uploads\/2025\/03\/VOPK-Shisha-Hookah-Bar-20000-Puffs-768x768.png",768,768,true],"large":["https:\/\/vapestornado.com\/wp-content\/uploads\/2025\/03\/VOPK-Shisha-Hookah-Bar-20000-Puffs.png",800,800,false],"1536x1536":["https:\/\/vapestornado.com\/wp-content\/uploads\/2025\/03\/VOPK-Shisha-Hookah-Bar-20000-Puffs.png",800,800,false],"2048x2048":["https:\/\/vapestornado.com\/wp-content\/uploads\/2025\/03\/VOPK-Shisha-Hookah-Bar-20000-Puffs.png",800,800,false],"trp-custom-language-flag":["https:\/\/vapestornado.com\/wp-content\/uploads\/2025\/03\/VOPK-Shisha-Hookah-Bar-20000-Puffs.png",12,12,false],"woocommerce_thumbnail":["https:\/\/vapestornado.com\/wp-content\/uploads\/2025\/03\/VOPK-Shisha-Hookah-Bar-20000-Puffs-300x300.png",300,300,true],"woocommerce_single":["https:\/\/vapestornado.com\/wp-content\/uploads\/2025\/03\/VOPK-Shisha-Hookah-Bar-20000-Puffs-600x600.png",600,600,true],"woocommerce_gallery_thumbnail":["https:\/\/vapestornado.com\/wp-content\/uploads\/2025\/03\/VOPK-Shisha-Hookah-Bar-20000-Puffs-100x100.png",100,100,true]},"uagb_author_info":{"display_name":"ESAMY","author_link":"https:\/\/vapestornado.com\/it\/author\/"},"uagb_comment_info":0,"uagb_excerpt":"The Vopk Shisha Hookah 20000 Puffs Vape Bar delivers DTL vapor, 28ml e-liquid, and a digital screen. A stylish, rechargeable option for wholesale buyers in Europe. Add Amy's whatsapp to get right reply and discount price! WhatsApp: +86 17776015835 &nbsp;","_links":{"self":[{"href":"https:\/\/vapestornado.com\/it\/wp-json\/wp\/v2\/product\/3974","targetHints":{"allow":["GET"]}}],"collection":[{"href":"https:\/\/vapestornado.com\/it\/wp-json\/wp\/v2\/product"}],"about":[{"href":"https:\/\/vapestornado.com\/it\/wp-json\/wp\/v2\/types\/product"}],"replies":[{"embeddable":true,"href":"https:\/\/vapestornado.com\/it\/wp-json\/wp\/v2\/comments?post=3974"}],"wp:featuredmedia":[{"embeddable":true,"href":"https:\/\/vapestornado.com\/it\/wp-json\/wp\/v2\/media\/3965"}],"wp:attachment":[{"href":"https:\/\/vapestornado.com\/it\/wp-json\/wp\/v2\/media?parent=3974"}],"wp:term":[{"taxonomy":"product_brand","embeddable":true,"href":"https:\/\/vapestornado.com\/it\/wp-json\/wp\/v2\/product_brand?post=3974"},{"taxonomy":"product_cat","embeddable":true,"href":"https:\/\/vapestornado.com\/it\/wp-json\/wp\/v2\/product_cat?post=3974"},{"taxonomy":"product_tag","embeddable":true,"href":"https:\/\/vapestornado.com\/it\/wp-json\/wp\/v2\/product_tag?post=3974"}],"curies":[{"name":"wp","href":"https:\/\/api.w.org\/{rel}","templated":true}]}}