{"id":3939,"date":"2025-03-21T03:03:23","date_gmt":"2025-03-21T03:03:23","guid":{"rendered":"https:\/\/vapestornado.com\/?post_type=product&#038;p=3939"},"modified":"2025-12-04T07:55:19","modified_gmt":"2025-12-04T07:55:19","slug":"wholesale-vape-zooy-firzen-35000-puffs-fast-shipping-eu-warehouse","status":"publish","type":"product","link":"https:\/\/vapestornado.com\/it\/product\/wholesale-vape-zooy-firzen-35000-puffs-fast-shipping-eu-warehouse\/","title":{"rendered":"Vape ZOOY Firzen 35000 Puffs Spedizione Veloce Magazzino UE all'Ingrosso"},"content":{"rendered":"<h1 data-pm-slice=\"1 1 []\">Vape ZOOY Firzen 35000 Puffs Spedizione Veloce Magazzino UE all'Ingrosso<\/h1>\n<p>Se desideri un usa e getta ad alta capacit\u00e0 che duri a lungo, ti permetta di regolare l'intensit\u00e0 del ghiaccio e della nicotina e venga spedito rapidamente da un magazzino UE, lo ZOOY Firzen 35000 offre fino a 35.000 puff con doppie resistenze a mesh, Controllo Ghiaccio &amp; Nic a 3 livelli e ricarica Type-C.<\/p>\n<p><strong>Perch\u00e9 gli utenti scelgono la penna vaporizzatore ZOOY Firzen 35000 Puff regolabile per nicotina e ghiaccio?<\/strong><\/p>\n<ul>\n<li data-start=\"772\" data-end=\"970\">\n<p data-start=\"774\" data-end=\"970\"><strong data-start=\"774\" data-end=\"820\">Durata massiccia senza riacquisti costanti:<\/strong> Questo <strong data-start=\"826\" data-end=\"857\">Vaporizzatore usa e getta da 35.000 puff<\/strong> \u00e8 costruito per un uso prolungato con un <strong data-start=\"891\" data-end=\"915\">serbatoio pre-riempito da 30 ml<\/strong>, quindi lo sostituisci molto meno spesso rispetto ai dispositivi da 10k\u201320k.<\/p>\n<\/li>\n<li data-start=\"971\" data-end=\"1150\">\n<p data-start=\"973\" data-end=\"1150\"><strong data-start=\"973\" data-end=\"1022\">Controllo Regolabile di Ghiaccio &amp; Nicotina (3 livelli):<\/strong> Imposta una leggera freschezza o un colpo di ghiaccio profondo e scegli la tua intensit\u00e0 di nicotina: ottimo per gli utenti che desiderano il controllo in un usa e getta.<\/p>\n<\/li>\n<li data-start=\"1151\" data-end=\"1281\">\n<p data-start=\"1153\" data-end=\"1281\"><strong data-start=\"1153\" data-end=\"1181\">Il sapore rimane costante:<\/strong> <strong data-start=\"1182\" data-end=\"1206\">Doppie resistenze a mesh da 1.0\u03a9<\/strong> si riscaldano uniformemente per un flusso d'aria fluido e un gusto stabile dal primo all'ultimo puff.<\/p>\n<\/li>\n<li data-start=\"1282\" data-end=\"1434\">\n<p data-start=\"1284\" data-end=\"1434\"><strong data-start=\"1284\" data-end=\"1316\">Ricaricabile per un valore completo:<\/strong> A <strong data-start=\"1319\" data-end=\"1360\">Vaporizzatore usa e getta ricaricabile Type-C da 650mAh<\/strong> la batteria ti aiuta a finire ogni goccia di e-liquid invece di esaurirsi prematuramente.<\/p>\n<\/li>\n<li data-start=\"1435\" data-end=\"1568\">\n<p data-start=\"1437\" data-end=\"1568\"><strong data-start=\"1437\" data-end=\"1468\">Spedizione rapida dal magazzino dell'UE:<\/strong> Le scorte arrivano rapidamente per rivenditori e rivenditori all'ingrosso che necessitano di affidabilit\u00e0 <strong data-start=\"1537\" data-end=\"1567\">consegna all'ingrosso di vape nell'UE<\/strong>.<\/p>\n<\/li>\n<\/ul>\n<p>Abbiamo anche altri vape popolari con schermo come <a href=\"https:\/\/vapestornado.com\/it\/product\/bang-leader-50000-puffs-50k-2-in-1-double-flavor-digital-disposable-vape-bulk-price\/\">Leader BANG 50k<\/a>, <a href=\"https:\/\/vapestornado.com\/it\/product\/vopk-ultra-40000-puffs-2-in-1-digital-screen-rechargeable-disposable-vape\/\">VOPK 40k Puff sigaretta elettronica usa e getta<\/a>, <a href=\"https:\/\/vapestornado.com\/it\/product\/vozol-gear-shisha-25k-25000-puffs-best-dtl-disposable-vape-hookah-cheap-price\/\">Vozol Gear Shisha 25000<\/a>, e altro ancora.<\/p>\n<p data-start=\"666\" data-end=\"1235\"><strong style=\"font-size: 16px;\"><span style=\"color: #ff0000;\">Aggiungi il WhatsApp di Amy per ottenere una risposta immediata e un prezzo scontato!<\/span><\/strong><\/p>\n<p><img fetchpriority=\"high\" decoding=\"async\" class=\"size-full wp-image-2932\" src=\"https:\/\/vapestornado.com\/wp-content\/uploads\/2024\/12\/Vape-Wholesale.jpg\" alt=\"Vape all&#039;ingrosso\" width=\"229\" height=\"300\" \/><\/p>\n<h3><a href=\"https:\/\/wa.me\/8617776015835\" target=\"_blank\" rel=\"noopener\"><span style=\"color: #ff0000;\"><strong>WhatsApp: +86 17776015835<\/strong><\/span><\/a><\/h3>\n<p>&nbsp;<\/p>\n<h2><strong>ZOOY Firzen 35000 Caratteristiche principali del prodotto<\/strong><\/h2>\n<table>\n<thead>\n<tr>\n<th>Parametro<\/th>\n<th align=\"right\">Spec<\/th>\n<th>Spiegazione umana<\/th>\n<\/tr>\n<\/thead>\n<tbody>\n<tr>\n<td>Marca<\/td>\n<td align=\"right\">ZOOY<\/td>\n<td>Linea riconoscibile per acquisti ripetuti.<\/td>\n<\/tr>\n<tr>\n<td>Capacit\u00e0 di tiri<\/td>\n<td align=\"right\">Fino a 35.000 tiri<\/td>\n<td>Vape usa e getta ad alta capacit\u00e0 che dura molto pi\u00f9 a lungo dei modelli standard.<\/td>\n<\/tr>\n<tr>\n<td>Volume del liquido elettronico<\/td>\n<td align=\"right\">Pre-riempito da 30ml<\/td>\n<td>Serbatoio grande che supporta una lunga durata senza ricarica.<\/td>\n<\/tr>\n<tr>\n<td>Tipo di bobina<\/td>\n<td align=\"right\">Doppie resistenze a mesh da 1.0\u03a9<\/td>\n<td>Riscaldamento uniforme = flusso d'aria pi\u00f9 morbido, sapore pi\u00f9 ricco, meno sbiadimento.<\/td>\n<\/tr>\n<tr>\n<td>Batteria<\/td>\n<td align=\"right\">Batteria ricaricabile da 650mAh<\/td>\n<td>Ricarica per terminare tutto il liquido invece di sprecare puff.<\/td>\n<\/tr>\n<tr>\n<td>Ricarica<\/td>\n<td align=\"right\">USB Tipo-C<\/td>\n<td>Standard di ricarica moderno, veloce e ampiamente compatibile.<\/td>\n<\/tr>\n<tr>\n<td>Controllo ghiaccio &amp; nicotina<\/td>\n<td align=\"right\">3 livelli regolabili<\/td>\n<td>Scegli freschezza leggera o ghiaccio intenso, e regola la sensazione di intensit\u00e0 della nicotina.<\/td>\n<\/tr>\n<tr>\n<td>Illuminazione<\/td>\n<td align=\"right\">Design con luce RGB (3 colori)<\/td>\n<td>Effetto visivo elegante che si distingue in mano e sugli scaffali.<\/td>\n<\/tr>\n<tr>\n<td>Peso del corpo<\/td>\n<td align=\"right\">90g<\/td>\n<td>Leggero abbastanza per il trasporto quotidiano.<\/td>\n<\/tr>\n<tr>\n<td>Dimensione<\/td>\n<td align=\"right\">103,5 \u00d7 45 \u00d7 21mm<\/td>\n<td>Forma compatta, adatta alla tasca.<\/td>\n<\/tr>\n<tr>\n<td>Opzioni di gusto<\/td>\n<td align=\"right\">10 gusti<\/td>\n<td>Variet\u00e0 per diverse preferenze dei clienti.<\/td>\n<\/tr>\n<tr>\n<td>Spedizione<\/td>\n<td align=\"right\">Magazzino UE, spedizione rapida<\/td>\n<td>Consegna pi\u00f9 veloce e rifornimento all'ingrosso pi\u00f9 affidabile in Europa.<\/td>\n<\/tr>\n<\/tbody>\n<\/table>\n<h2 class=\"product-title\"><strong>Elenco dei gusti ZOOY Firzen 35000<\/strong><\/h2>\n<article class=\"w-full text-token-text-primary focus-visible:outline-2 focus-visible:outline-offset-[-4px]\" dir=\"auto\" data-testid=\"conversation-turn-32\" data-scroll-anchor=\"false\">\n<div class=\"m-auto text-base py-[18px] px-6\">\n<div class=\"mx-auto flex flex-1 text-base gap-4 md:gap-5 lg:gap-6 md:max-w-3xl lg:max-w-[40rem] xl:max-w-[48rem]\">\n<div class=\"group\/conversation-turn relative flex w-full min-w-0 flex-col @xs\/thread:px-0 @sm\/thread:px-1.5 @md\/thread:px-4\">\n<div class=\"flex-col gap-1 md:gap-3\">\n<div class=\"flex max-w-full flex-col flex-grow\">\n<div class=\"min-h-8 text-message flex w-full flex-col items-end gap-2 whitespace-normal break-words text-start [.text-message+&amp;]:mt-5\" dir=\"auto\" data-message-author-role=\"user\" data-message-id=\"ffac41ca-1db4-431b-873a-32c4052956f1\">\n<div class=\"flex w-full flex-col gap-1 empty:hidden items-end rtl:items-start\">\n<div class=\"relative max-w-[var(--user-chat-width,70%)] rounded-3xl bg-token-message-surface px-5 py-2.5\">\n<div class=\"absolute bottom-0 right-full top-0 -mr-3.5 hidden pr-5 pt-2 [.group\/conversation-turn:hover_&amp;]:flex\">\n<div class=\"flex\">\n<article class=\"w-full text-token-text-primary focus-visible:outline-2 focus-visible:outline-offset-[-4px]\" dir=\"auto\" data-testid=\"conversation-turn-39\" data-scroll-anchor=\"true\">\n<div class=\"m-auto text-base py-[18px] px-6\">\n<div class=\"mx-auto flex flex-1 text-base gap-4 md:gap-5 lg:gap-6 md:max-w-3xl lg:max-w-[40rem] xl:max-w-[48rem]\">\n<div class=\"group\/conversation-turn relative flex w-full min-w-0 flex-col agent-turn @xs\/thread:px-0 @sm\/thread:px-1.5 @md\/thread:px-4\">\n<div class=\"flex-col gap-1 md:gap-3\">\n<div class=\"flex max-w-full flex-col flex-grow\">\n<div class=\"min-h-8 text-message flex w-full flex-col items-end gap-2 whitespace-normal break-words text-start [.text-message+&amp;]:mt-5\" dir=\"auto\" data-message-author-role=\"assistant\" data-message-id=\"55a23854-ec57-48dd-bd4f-6118f43d6241\" data-message-model-slug=\"gpt-4o\">\n<div class=\"flex w-full flex-col gap-1 empty:hidden first:pt-[3px]\">\n<div class=\"markdown prose w-full break-words dark:prose-invert light\">\n<p>1.Ghiaccio all'anguria<br \/>\n2.Uva e Aloe<br \/>\n3.Fragola e Banana<br \/>\n4.Fragola, Lampone e Kiwi<br \/>\n5.Limonata, Mirtillo e Lampone<br \/>\n6.Ananas e Cocco<br \/>\n7.Mentolo<br \/>\n8. Anguria e fragola<br \/>\n9.Frutti di Bosco Misti<br \/>\n10.Mirtillo Nero e Mirtillo Rosso<\/p>\n<\/div>\n<\/div>\n<\/div>\n<\/div>\n<\/div>\n<\/div>\n<\/div>\n<\/div>\n<\/article>\n<\/div>\n<\/div>\n<\/div>\n<\/div>\n<\/div>\n<\/div>\n<\/div>\n<\/div>\n<\/div>\n<\/div>\n<\/article>\n<div class=\"flex-shrink-0 flex flex-col relative items-end\">\n<div class=\"pt-0\">\n<div class=\"gizmo-bot-avatar flex h-8 w-8 items-center justify-center overflow-hidden rounded-full\">\n<div class=\"relative p-1 rounded-sm flex items-center justify-center bg-token-main-surface-primary text-token-text-primary h-8 w-8\">\n<figure id=\"attachment_3936\" aria-describedby=\"caption-attachment-3936\" style=\"width: 800px\" class=\"wp-caption alignnone\"><img decoding=\"async\" class=\"wp-image-3936 size-full\" src=\"https:\/\/vapestornado.com\/wp-content\/uploads\/2025\/03\/Zooy-Firzen-35000-Puffs-Vape-Pen-Low-Pirce.webp\" alt=\"Penna da svapo Zooy Firzen 35000 Puffs Prezzo Basso\" width=\"800\" height=\"800\" srcset=\"https:\/\/vapestornado.com\/wp-content\/uploads\/2025\/03\/Zooy-Firzen-35000-Puffs-Vape-Pen-Low-Pirce.webp 800w, https:\/\/vapestornado.com\/wp-content\/uploads\/2025\/03\/Zooy-Firzen-35000-Puffs-Vape-Pen-Low-Pirce-300x300.webp 300w, https:\/\/vapestornado.com\/wp-content\/uploads\/2025\/03\/Zooy-Firzen-35000-Puffs-Vape-Pen-Low-Pirce-150x150.webp 150w, https:\/\/vapestornado.com\/wp-content\/uploads\/2025\/03\/Zooy-Firzen-35000-Puffs-Vape-Pen-Low-Pirce-768x768.webp 768w, https:\/\/vapestornado.com\/wp-content\/uploads\/2025\/03\/Zooy-Firzen-35000-Puffs-Vape-Pen-Low-Pirce-600x600.webp 600w, https:\/\/vapestornado.com\/wp-content\/uploads\/2025\/03\/Zooy-Firzen-35000-Puffs-Vape-Pen-Low-Pirce-100x100.webp 100w\" sizes=\"(max-width: 800px) 100vw, 800px\" \/><figcaption id=\"caption-attachment-3936\" class=\"wp-caption-text\">Penna da svapo Zooy Firzen 35000 Puffs Prezzo Basso<\/figcaption><\/figure>\n<\/div>\n<div class=\"relative p-1 rounded-sm flex items-center justify-center bg-token-main-surface-primary text-token-text-primary h-8 w-8\">\n<h3>FAQ<\/h3>\n<p data-start=\"1639\" data-end=\"1956\"><strong data-start=\"1639\" data-end=\"1734\">D: \u201cSono stanco che i disposabili si esauriscano troppo in fretta. Il ZOOY Firzen 35000 durer\u00e0 davvero?\u201d<\/strong><br data-start=\"1734\" data-end=\"1737\" \/><strong data-start=\"1737\" data-end=\"1743\">A:<\/strong> S\u00ec. Il <strong data-start=\"1753\" data-end=\"1796\">ZOOY Firzen 35000 Puff Dispositivo Vape usa e getta<\/strong> \u00e8 progettato per sessioni lunghe con <strong data-start=\"1834\" data-end=\"1856\">fino a 35.000 puff<\/strong> e un <strong data-start=\"1863\" data-end=\"1900\">Capacit\u00e0 di e-liquid pre-riempito di 30ml<\/strong>. Per la maggior parte degli utenti, ci\u00f2 significa <strong data-start=\"1929\" data-end=\"1945\">settimane di utilizzo<\/strong>, non giorni.<\/p>\n<p data-start=\"1958\" data-end=\"2202\"><strong data-start=\"1958\" data-end=\"2020\">D: \u201cI disposabili ad alto numero di puff perdono sapore a met\u00e0?\u201d<\/strong><br data-start=\"2020\" data-end=\"2023\" \/><strong data-start=\"2023\" data-end=\"2029\">A:<\/strong> Molti s\u00ec, ma il Firzen \u00e8 progettato per evitarlo. Il <strong data-start=\"2081\" data-end=\"2111\">sistema di doppia coil in mesh da 1.0\u03a9<\/strong> riscalda uniformemente l'e-liquid, mantenendo il vapore denso e il sapore morbido per tutta la durata del serbatoio.<\/p>\n<p data-start=\"2204\" data-end=\"2546\"><strong data-start=\"2204\" data-end=\"2289\">D: \u201cVoglio il controllo sulla sensazione di ghiaccio e sulla botta di nicotina. Un usa e getta pu\u00f2 farlo?\u201d<\/strong><br data-start=\"2289\" data-end=\"2292\" \/><strong data-start=\"2292\" data-end=\"2298\">A:<\/strong> Esattamente a questo serve Firzen. La sua <strong data-start=\"2338\" data-end=\"2364\">Controllo Ghiaccio &amp; Nicotina<\/strong> offre <strong data-start=\"2371\" data-end=\"2398\">tre livelli di regolazione<\/strong>, permettendoti di scegliere una freschezza leggera o una forte sensazione di ghiaccio, e di adattare la sensazione di nicotina alle tue preferenze. \u00c8 una caratteristica rara in questa fascia di capacit\u00e0.<\/p>\n<p data-start=\"2548\" data-end=\"2800\"><strong data-start=\"2548\" data-end=\"2605\">D: \u201cLa batteria durer\u00e0 abbastanza a lungo per 35.000 puff?\u201d<\/strong><br data-start=\"2605\" data-end=\"2608\" \/><strong data-start=\"2608\" data-end=\"2614\">A:<\/strong> Il dispositivo utilizza un <strong data-start=\"2633\" data-end=\"2664\">batteria ricaricabile integrata da 650mAh<\/strong>, cos\u00ec puoi ricaricare ogni volta che necessario e continuare a svapare finch\u00e9 il serbatoio \u00e8 vuoto. Con <strong data-start=\"2751\" data-end=\"2779\">Ricarica rapida USB Type-C<\/strong>, i tempi di inattivit\u00e0 sono bassi.<\/p>\n<p data-start=\"2802\" data-end=\"3024\"><strong data-start=\"2802\" data-end=\"2856\">D: \u201c\u00c8 portatile, o troppo ingombrante per l\u2019uso quotidiano?\u201d<\/strong><br data-start=\"2856\" data-end=\"2859\" \/><strong data-start=\"2859\" data-end=\"2865\">A:<\/strong> \u00c8 progettato per essere pratico. Con <strong data-start=\"2898\" data-end=\"2905\">90g<\/strong> e un corpo compatto <strong data-start=\"2920\" data-end=\"2941\">103,5 \u00d7 45 \u00d7 21mm<\/strong> , \u00e8 leggero e facile da mettere in tasca per spostamenti, viaggi e uso tutto il giorno.<\/p>\n<p data-start=\"3026\" data-end=\"3299\"><strong data-start=\"3026\" data-end=\"3083\">D: \u201cQuali gusti sono disponibili e sono davvero popolari?\u201d<\/strong><br data-start=\"3083\" data-end=\"3086\" \/><strong data-start=\"3086\" data-end=\"3092\">A:<\/strong> Firzen \u00e8 disponibile in <strong data-start=\"3109\" data-end=\"3139\">10 profili preferiti dal pubblico<\/strong>, tra cui <strong data-start=\"3151\" data-end=\"3204\">Anguria Ghiacciata, Aloe Uva, e Fragola Banana<\/strong>. Questi sono desi<\/p>\n<\/div>\n<\/div>\n<\/div>\n<\/div>","protected":false},"excerpt":{"rendered":"<p>ZOOY Firzen 35000 Puff Vaporizzatore Usa e Getta per Sessioni di Lunga Durata<br \/>\nZOOY Firzen 35000 con Controllo Ghiaccio &amp; Nicotina (3 Livelli) e Doppie Resistenze a Mesh<br \/>\nZOOY Firzen 35000 Vaporizzatore Usa e Getta Ricaricabile Type-C con Spedizione Rapida dal Magazzino UE<\/p>\n<p><strong>Aggiungi il whatsapp di Amy per ottenere la risposta giusta e il prezzo scontato!<\/strong><\/p>\n<p><img fetchpriority=\"high\" decoding=\"async\" class=\"size-full wp-image-2932\" src=\"https:\/\/vapestornado.com\/wp-content\/uploads\/2024\/12\/Vape-Wholesale.jpg\" alt=\"Vape all&#039;ingrosso\" width=\"229\" height=\"300\" \/><\/p>\n<h3><a href=\"https:\/\/wa.me\/8617776015835\"><span style=\"color: #ff0000;\"><strong>WhatsApp: +86 17776015835<\/strong><\/span><\/a><\/h3>\n<p>&nbsp;<\/p>","protected":false},"featured_media":3935,"comment_status":"open","ping_status":"closed","template":"","meta":{"_acf_changed":false,"_uag_custom_page_level_css":"","_lmt_disableupdate":"no","_lmt_disable":"","_monsterinsights_skip_tracking":false,"_monsterinsights_sitenote_active":false,"_monsterinsights_sitenote_note":"","_monsterinsights_sitenote_category":0,"site-sidebar-layout":"default","site-content-layout":"","ast-site-content-layout":"default","site-content-style":"default","site-sidebar-style":"default","ast-global-header-display":"","ast-banner-title-visibility":"","ast-main-header-display":"","ast-hfb-above-header-display":"","ast-hfb-below-header-display":"","ast-hfb-mobile-header-display":"","site-post-title":"","ast-breadcrumbs-content":"","ast-featured-img":"","footer-sml-layout":"","ast-disable-related-posts":"","theme-transparent-header-meta":"default","adv-header-id-meta":"","stick-header-meta":"","header-above-stick-meta":"","header-main-stick-meta":"","header-below-stick-meta":"","astra-migrate-meta-layouts":"set","ast-page-background-enabled":"default","ast-page-background-meta":{"desktop":{"background-color":"","background-image":"","background-repeat":"repeat","background-position":"center center","background-size":"auto","background-attachment":"scroll","background-type":"","background-media":"","overlay-type":"","overlay-color":"","overlay-opacity":"","overlay-gradient":""},"tablet":{"background-color":"","background-image":"","background-repeat":"repeat","background-position":"center center","background-size":"auto","background-attachment":"scroll","background-type":"","background-media":"","overlay-type":"","overlay-color":"","overlay-opacity":"","overlay-gradient":""},"mobile":{"background-color":"","background-image":"","background-repeat":"repeat","background-position":"center center","background-size":"auto","background-attachment":"scroll","background-type":"","background-media":"","overlay-type":"","overlay-color":"","overlay-opacity":"","overlay-gradient":""}},"ast-content-background-meta":{"desktop":{"background-color":"var(--ast-global-color-5)","background-image":"","background-repeat":"repeat","background-position":"center center","background-size":"auto","background-attachment":"scroll","background-type":"","background-media":"","overlay-type":"","overlay-color":"","overlay-opacity":"","overlay-gradient":""},"tablet":{"background-color":"var(--ast-global-color-5)","background-image":"","background-repeat":"repeat","background-position":"center center","background-size":"auto","background-attachment":"scroll","background-type":"","background-media":"","overlay-type":"","overlay-color":"","overlay-opacity":"","overlay-gradient":""},"mobile":{"background-color":"var(--ast-global-color-5)","background-image":"","background-repeat":"repeat","background-position":"center center","background-size":"auto","background-attachment":"scroll","background-type":"","background-media":"","overlay-type":"","overlay-color":"","overlay-opacity":"","overlay-gradient":""}},"_joinchat":{"telephone":"17776015835"}},"product_brand":[],"product_cat":[19,175,140,152,153,143,144,283],"product_tag":[471,282,281,94,93,280],"class_list":{"0":"post-3939","1":"product","2":"type-product","3":"status-publish","4":"has-post-thumbnail","6":"product_cat-vapes","7":"product_cat-35000-puff","8":"product_cat-big-puffs-disposable-vapes","9":"product_cat-buy-disposable-vapes-in-cermany","10":"product_cat-buy-disposable-vapes-in-italy","11":"product_cat-dual-mesh-disposable-vapes","12":"product_cat-low-nicotine-disposable-vapes","13":"product_cat-zooy-vape","14":"product_tag-35k-puff-vape","15":"product_tag-ice-adjustable","16":"product_tag-nicotine-adjustable","17":"product_tag-rechargeable-disposable-vape","18":"product_tag-vape-wholesale","19":"product_tag-zooy-firzen-35000","20":"desktop-align-left","21":"tablet-align-left","22":"mobile-align-left","24":"first","25":"instock","26":"sale","27":"shipping-taxable","28":"purchasable","29":"product-type-simple"},"acf":[],"uagb_featured_image_src":{"full":["https:\/\/vapestornado.com\/wp-content\/uploads\/2025\/03\/Zooy-Firzen-35000-Puffs-Vape-Near-Me.webp",800,800,false],"thumbnail":["https:\/\/vapestornado.com\/wp-content\/uploads\/2025\/03\/Zooy-Firzen-35000-Puffs-Vape-Near-Me-150x150.webp",150,150,true],"medium":["https:\/\/vapestornado.com\/wp-content\/uploads\/2025\/03\/Zooy-Firzen-35000-Puffs-Vape-Near-Me-300x300.webp",300,300,true],"medium_large":["https:\/\/vapestornado.com\/wp-content\/uploads\/2025\/03\/Zooy-Firzen-35000-Puffs-Vape-Near-Me-768x768.webp",768,768,true],"large":["https:\/\/vapestornado.com\/wp-content\/uploads\/2025\/03\/Zooy-Firzen-35000-Puffs-Vape-Near-Me.webp",800,800,false],"1536x1536":["https:\/\/vapestornado.com\/wp-content\/uploads\/2025\/03\/Zooy-Firzen-35000-Puffs-Vape-Near-Me.webp",800,800,false],"2048x2048":["https:\/\/vapestornado.com\/wp-content\/uploads\/2025\/03\/Zooy-Firzen-35000-Puffs-Vape-Near-Me.webp",800,800,false],"trp-custom-language-flag":["https:\/\/vapestornado.com\/wp-content\/uploads\/2025\/03\/Zooy-Firzen-35000-Puffs-Vape-Near-Me.webp",12,12,false],"woocommerce_thumbnail":["https:\/\/vapestornado.com\/wp-content\/uploads\/2025\/03\/Zooy-Firzen-35000-Puffs-Vape-Near-Me-300x300.webp",300,300,true],"woocommerce_single":["https:\/\/vapestornado.com\/wp-content\/uploads\/2025\/03\/Zooy-Firzen-35000-Puffs-Vape-Near-Me-600x600.webp",600,600,true],"woocommerce_gallery_thumbnail":["https:\/\/vapestornado.com\/wp-content\/uploads\/2025\/03\/Zooy-Firzen-35000-Puffs-Vape-Near-Me-100x100.webp",100,100,true]},"uagb_author_info":{"display_name":"ESAMY","author_link":"https:\/\/vapestornado.com\/it\/author\/"},"uagb_comment_info":0,"uagb_excerpt":"ZOOY Firzen 35000 Puffs Disposable Vape for Long-Lasting Sessions ZOOY Firzen 35000 with Ice &amp; Nicotine Control (3 Levels) and Dual Mesh Coils ZOOY Firzen 35000 Type-C Rechargeable Disposable with Fast EU Warehouse Shipping Add Amy's whatsapp to get right reply and discount price! WhatsApp: +86 17776015835 &nbsp;","_links":{"self":[{"href":"https:\/\/vapestornado.com\/it\/wp-json\/wp\/v2\/product\/3939","targetHints":{"allow":["GET"]}}],"collection":[{"href":"https:\/\/vapestornado.com\/it\/wp-json\/wp\/v2\/product"}],"about":[{"href":"https:\/\/vapestornado.com\/it\/wp-json\/wp\/v2\/types\/product"}],"replies":[{"embeddable":true,"href":"https:\/\/vapestornado.com\/it\/wp-json\/wp\/v2\/comments?post=3939"}],"wp:featuredmedia":[{"embeddable":true,"href":"https:\/\/vapestornado.com\/it\/wp-json\/wp\/v2\/media\/3935"}],"wp:attachment":[{"href":"https:\/\/vapestornado.com\/it\/wp-json\/wp\/v2\/media?parent=3939"}],"wp:term":[{"taxonomy":"product_brand","embeddable":true,"href":"https:\/\/vapestornado.com\/it\/wp-json\/wp\/v2\/product_brand?post=3939"},{"taxonomy":"product_cat","embeddable":true,"href":"https:\/\/vapestornado.com\/it\/wp-json\/wp\/v2\/product_cat?post=3939"},{"taxonomy":"product_tag","embeddable":true,"href":"https:\/\/vapestornado.com\/it\/wp-json\/wp\/v2\/product_tag?post=3939"}],"curies":[{"name":"wp","href":"https:\/\/api.w.org\/{rel}","templated":true}]}}