{"id":3932,"date":"2025-03-21T07:53:01","date_gmt":"2025-03-21T07:53:01","guid":{"rendered":"https:\/\/vapestornado.com\/?post_type=product&#038;p=3932"},"modified":"2025-12-04T07:38:02","modified_gmt":"2025-12-04T07:38:02","slug":"uwin-twins-crystal-40000-40k-puff-double-taste-best-disposable-vapes-2025","status":"publish","type":"product","link":"https:\/\/vapestornado.com\/it\/product\/uwin-twins-crystal-40000-40k-puff-double-taste-best-disposable-vapes-2025\/","title":{"rendered":"Uwin Twins Crystal 40000 40k Tiri Doppio Gusto Migliori Sigarette Elettroniche Monouso 2025"},"content":{"rendered":"<h2 data-pm-slice=\"1 1 []\">Uwin Twins Crystal 40000 Puff Vape usa e getta a doppio gusto, Schermo intelligente, Ricaricabile Type-C<\/h2>\n<p data-start=\"395\" data-end=\"690\"><span data-start=\"409\" data-end=\"458\">Vuoi un prodotto di alta qualit\u00e0 <\/span><strong data-start=\"409\" data-end=\"458\">vaporizzatore usa e getta da 40000 puff<\/strong> che duri settimane e non diventi noioso a met\u00e0 strada? La <strong data-start=\"524\" data-end=\"573\">Uwin Twins Crystal 40000 Puff Vaporizzatore Usa e Getta<\/strong> \u00e8 progettato per i vapers che desiderano <strong data-start=\"603\" data-end=\"623\">durata di vita seria<\/strong> pi\u00f9 <strong data-start=\"629\" data-end=\"652\">vera variet\u00e0 di gusti<\/strong> in un dispositivo pulito, dall'aspetto premium.<\/p>\n<h3 data-start=\"692\" data-end=\"734\">Perch\u00e9 questo dispositivo da 40K puff ne vale la pena<\/h3>\n<p data-start=\"735\" data-end=\"1079\"><strong data-start=\"735\" data-end=\"770\">1) Vera lunga durata ad alta capacit\u00e0<\/strong><br data-start=\"770\" data-end=\"773\" \/>Con <strong data-start=\"778\" data-end=\"800\">fino a 40.000 puff<\/strong>, questo \u00e8 un prodotto di livello superiore <strong data-start=\"821\" data-end=\"851\">vaporizzatore usa e getta<\/strong> progettato per un uso a lungo termine. Rispetto ai modelli da 10k\u201320k, riduce drasticamente le sostituzioni, rendendolo una scelta ideale per chi cerca il <strong data-start=\"1004\" data-end=\"1026\">migliore <\/strong><strong data-start=\"1032\" data-end=\"1071\">vaporizzatore usa e getta pi\u00f9 duraturo da 40k puff<\/strong> opzione.<\/p>\n<p data-start=\"1081\" data-end=\"1493\"><strong data-start=\"1081\" data-end=\"1131\">2) Commutazione duale di gusto (2-in-1 Double Taste)<\/strong><br data-start=\"1131\" data-end=\"1134\" \/>Questo \u00e8 un <strong data-start=\"1144\" data-end=\"1187\">Uwin Twins Crystal vape a doppio gusto da 40K<\/strong> con sistema a doppio gusto 2-in-1. Puoi passare da un gusto all'altro quando vuoi \u2014 perfetto per gli utenti che desiderano variet\u00e0 durante tutta la giornata senza portare due dispositivi. Se hai cercato un <strong data-start=\"1397\" data-end=\"1442\">sigaretta elettronica usa e getta a doppio gusto<\/strong>, questo dispositivo \u00e8 progettato appositamente per quell'esperienza.<\/p>\n<p data-start=\"1495\" data-end=\"1815\"><strong data-start=\"1495\" data-end=\"1543\">3) Gusto costante dalla prima boccata all'ultima<\/strong><br data-start=\"1543\" data-end=\"1546\" \/>Le disposables a lunga durata spesso faticano con il calo del sapore. Uwin Twins Crystal evita questo usando <strong data-start=\"1645\" data-end=\"1674\">tecnologia dual mesh coil<\/strong>, mantenendo il vapore morbido e il gusto stabile anche in profondit\u00e0 nel serbatoio. Ecco perch\u00e9 gli utenti pi\u00f9 assidui lo valutano tra i modelli ad alta capacit\u00e0 pi\u00f9 affidabili.<\/p>\n<p data-start=\"1817\" data-end=\"2065\"><strong data-start=\"1817\" data-end=\"1857\">4) Schermo LED intelligente per il controllo completo<\/strong><br data-start=\"1857\" data-end=\"1860\" \/>Non pi\u00f9 supposizioni. Questo \u00e8 un <strong data-start=\"1888\" data-end=\"1935\">svapatore usa e getta con schermo LED 40000 tiri<\/strong>, che mostra la durata della batteria in tempo reale e il livello di liquido. Sai sempre quando sei a corto, quando ricaricare e quanto rimane di vita.<\/p>\n<p data-start=\"2067\" data-end=\"2337\"><strong data-start=\"2067\" data-end=\"2118\">5) Ricaricabile Type-C per finire ogni goccia<\/strong><br data-start=\"2118\" data-end=\"2121\" \/>La <strong data-start=\"2125\" data-end=\"2143\">batteria da 850 mAh<\/strong> pi\u00f9 <strong data-start=\"2149\" data-end=\"2173\">ricarica rapida di tipo C<\/strong> garantisce l'uso fino all'ultima goccia. Come un <strong data-start=\"2215\" data-end=\"2274\">disposable ricaricabile<\/strong>, <strong data-start=\"2215\" data-end=\"2274\">Uwin Crystal 40000\u00a0 <\/strong>ti permette di usare tutta la capacit\u00e0 di 32ml senza sprecare tiri.<\/p>\n<p data-start=\"666\" data-end=\"1235\"><strong style=\"font-size: 16px;\"><span style=\"color: #ff0000;\">Aggiungi il WhatsApp di Amy per ottenere una risposta immediata e un prezzo scontato!<\/span><\/strong><\/p>\n<p><img fetchpriority=\"high\" decoding=\"async\" class=\"size-full wp-image-2932\" src=\"https:\/\/vapestornado.com\/wp-content\/uploads\/2024\/12\/Vape-Wholesale.jpg\" alt=\"Vape all&#039;ingrosso\" width=\"229\" height=\"300\" \/><\/p>\n<h3><a href=\"https:\/\/wa.me\/8617776015835\" target=\"_blank\" rel=\"noopener\"><span style=\"color: #ff0000;\"><strong>WhatsApp: +86 17776015835<\/strong><\/span><\/a><\/h3>\n<p>&nbsp;<\/p>\n<h2><strong>Caratteristiche principali di Uwin Twins Crystal 40000<\/strong><\/h2>\n<table>\n<thead>\n<tr>\n<th>Parametro<\/th>\n<th align=\"right\">Spec<\/th>\n<th>Spiegazione umana<\/th>\n<\/tr>\n<\/thead>\n<tbody>\n<tr>\n<td>Nome del prodotto<\/td>\n<td align=\"right\">Uwin Twins Crystal 40000 Puff Vaporizzatore Usa e Getta<\/td>\n<td>Facile da identificare nelle ricerche e sugli scaffali dei negozi.<\/td>\n<\/tr>\n<tr>\n<td>Capacit\u00e0 di tiri<\/td>\n<td align=\"right\">Fino a 40.000 puff<\/td>\n<td>Svapatore usa e getta durevole che richiede meno sostituzioni.<\/td>\n<\/tr>\n<tr>\n<td>Volume del liquido elettronico<\/td>\n<td align=\"right\">32ml<\/td>\n<td>Serbatoio grande che supporta il conteggio completo di tiri senza ricariche.<\/td>\n<\/tr>\n<tr>\n<td>Sistema di gusto<\/td>\n<td align=\"right\">Double Taste 2-in-1<\/td>\n<td>Due gusti in un unico dispositivo; passa da uno all'altro in qualsiasi momento per variet\u00e0.<\/td>\n<\/tr>\n<tr>\n<td>Tipo di bobina<\/td>\n<td align=\"right\">Resistenze a doppia maglia<\/td>\n<td>Riscaldamento uniforme = sapore pi\u00f9 ricco, flusso d'aria pi\u00f9 morbido, meno note di bruciato.<\/td>\n<\/tr>\n<tr>\n<td>Batteria<\/td>\n<td align=\"right\">850mAh Ricaricabile<\/td>\n<td>Sufficientemente grande per un uso ad alto numero di puff; ricarica invece di sprecare la batteria.<\/td>\n<\/tr>\n<tr>\n<td>Ricarica<\/td>\n<td align=\"right\">Ricarica Rapida USB Type-C<\/td>\n<td>Porta moderna con ricarica pi\u00f9 veloce e accesso facile al cavo.<\/td>\n<\/tr>\n<tr>\n<td>Espositore<\/td>\n<td align=\"right\">Schermo LED intelligente<\/td>\n<td>Mostra il livello di batteria + e-liquid cos\u00ec sai sempre quanto rimane.<\/td>\n<\/tr>\n<tr>\n<td>Opzioni di nicotina<\/td>\n<td align=\"right\">2% \/ 5%<\/td>\n<td>Adatto sia a utenti occasionali che a vapers intensi in cerca di hit pi\u00f9 forti.<\/td>\n<\/tr>\n<tr>\n<td>Stile di svapo<\/td>\n<td align=\"right\">Inspirazione morbida, vapore equilibrato<\/td>\n<td>Progettato per sessioni quotidiane confortevoli e utilizzi prolungati.<\/td>\n<\/tr>\n<\/tbody>\n<\/table>\n<figure id=\"attachment_3903\" aria-describedby=\"caption-attachment-3903\" style=\"width: 800px\" class=\"wp-caption alignnone\"><img decoding=\"async\" class=\"wp-image-3903 size-full\" src=\"https:\/\/vapestornado.com\/wp-content\/uploads\/2025\/03\/Best-Uwin-Twins-Crystal-40000-Puffs-Disposable-Vape.webp\" alt=\"Miglior Svapo Monouso Uwin Twins Crystal 40000 Puffs\" width=\"800\" height=\"800\" srcset=\"https:\/\/vapestornado.com\/wp-content\/uploads\/2025\/03\/Best-Uwin-Twins-Crystal-40000-Puffs-Disposable-Vape.webp 800w, https:\/\/vapestornado.com\/wp-content\/uploads\/2025\/03\/Best-Uwin-Twins-Crystal-40000-Puffs-Disposable-Vape-300x300.webp 300w, https:\/\/vapestornado.com\/wp-content\/uploads\/2025\/03\/Best-Uwin-Twins-Crystal-40000-Puffs-Disposable-Vape-150x150.webp 150w, https:\/\/vapestornado.com\/wp-content\/uploads\/2025\/03\/Best-Uwin-Twins-Crystal-40000-Puffs-Disposable-Vape-768x768.webp 768w, https:\/\/vapestornado.com\/wp-content\/uploads\/2025\/03\/Best-Uwin-Twins-Crystal-40000-Puffs-Disposable-Vape-600x600.webp 600w, https:\/\/vapestornado.com\/wp-content\/uploads\/2025\/03\/Best-Uwin-Twins-Crystal-40000-Puffs-Disposable-Vape-100x100.webp 100w\" sizes=\"(max-width: 800px) 100vw, 800px\" \/><figcaption id=\"caption-attachment-3903\" class=\"wp-caption-text\">Miglior Svapo Monouso Uwin Twins Crystal 40000 Puffs<\/figcaption><\/figure>\n<h2 class=\"product-title\"><strong>Elenco dei gusti di svapo a doppio gusto Uwin Twins Crystal 40000<\/strong><\/h2>\n<article class=\"w-full text-token-text-primary focus-visible:outline-2 focus-visible:outline-offset-[-4px]\" dir=\"auto\" data-testid=\"conversation-turn-32\" data-scroll-anchor=\"false\">\n<div class=\"m-auto text-base py-[18px] px-6\">\n<div class=\"mx-auto flex flex-1 text-base gap-4 md:gap-5 lg:gap-6 md:max-w-3xl lg:max-w-[40rem] xl:max-w-[48rem]\">\n<div class=\"group\/conversation-turn relative flex w-full min-w-0 flex-col @xs\/thread:px-0 @sm\/thread:px-1.5 @md\/thread:px-4\">\n<div class=\"flex-col gap-1 md:gap-3\">\n<div class=\"flex max-w-full flex-col flex-grow\">\n<div class=\"min-h-8 text-message flex w-full flex-col items-end gap-2 whitespace-normal break-words text-start [.text-message+&amp;]:mt-5\" dir=\"auto\" data-message-author-role=\"user\" data-message-id=\"ffac41ca-1db4-431b-873a-32c4052956f1\">\n<div class=\"flex w-full flex-col gap-1 empty:hidden items-end rtl:items-start\">\n<div class=\"relative max-w-[var(--user-chat-width,70%)] rounded-3xl bg-token-message-surface px-5 py-2.5\">\n<div class=\"absolute bottom-0 right-full top-0 -mr-3.5 hidden pr-5 pt-2 [.group\/conversation-turn:hover_&amp;]:flex\">\n<div class=\"flex\">\n<article class=\"w-full text-token-text-primary focus-visible:outline-2 focus-visible:outline-offset-[-4px]\" dir=\"auto\" data-testid=\"conversation-turn-39\" data-scroll-anchor=\"true\">\n<div class=\"m-auto text-base py-[18px] px-6\">\n<div class=\"mx-auto flex flex-1 text-base gap-4 md:gap-5 lg:gap-6 md:max-w-3xl lg:max-w-[40rem] xl:max-w-[48rem]\">\n<div class=\"group\/conversation-turn relative flex w-full min-w-0 flex-col agent-turn @xs\/thread:px-0 @sm\/thread:px-1.5 @md\/thread:px-4\">\n<div class=\"flex-col gap-1 md:gap-3\">\n<div class=\"flex max-w-full flex-col flex-grow\">\n<div class=\"min-h-8 text-message flex w-full flex-col items-end gap-2 whitespace-normal break-words text-start [.text-message+&amp;]:mt-5\" dir=\"auto\" data-message-author-role=\"assistant\" data-message-id=\"55a23854-ec57-48dd-bd4f-6118f43d6241\" data-message-model-slug=\"gpt-4o\">\n<div class=\"flex w-full flex-col gap-1 empty:hidden first:pt-[3px]\">\n<div class=\"markdown prose w-full break-words dark:prose-invert light\">\n<p>1.Mirtillo su ghiaccio \/ Pesca estiva ghiaccio<br \/>\n2.Kiwi Frutto della passione Guava \/ Mirtillo Lampone<br \/>\n3.Fragola Kiwi \/ Uva Ghiaccio<br \/>\n4.Kiwi Frutto della Passione Guava \/ Mela Rossa<br \/>\n5.Fragola Anguria \/ Limone Lime<br \/>\n6.Mirtillo Lampone \/ Ghiaccio alla Ciliegia<br \/>\n7.Fragola Lampone Ciliegia \/ Mr Blu<br \/>\n8.Pesca Mango Ananas \/ Bevanda energetica<br \/>\n9.Anguria Ghiacciata \/ Frutti di Bosco Misti<br \/>\n10.Fragola Banana \/ Amore 66 (Frutto della Passione Melone Ghiacciato)<\/p>\n<\/div>\n<\/div>\n<\/div>\n<\/div>\n<\/div>\n<\/div>\n<\/div>\n<\/div>\n<\/article>\n<\/div>\n<\/div>\n<\/div>\n<\/div>\n<\/div>\n<\/div>\n<\/div>\n<\/div>\n<\/div>\n<\/div>\n<\/article>\n<h3>Perch\u00e9 scegliere Vapestornado per l'acquisto all'ingrosso di Vapes Uwin Twins Crystal 40000?<\/h3>\n<div class=\"flex-shrink-0 flex flex-col relative items-end\">\n<div class=\"pt-0\">\n<div class=\"gizmo-bot-avatar flex h-8 w-8 items-center justify-center overflow-hidden rounded-full\">\n<div class=\"relative p-1 rounded-sm flex items-center justify-center bg-token-main-surface-primary text-token-text-primary h-8 w-8\">\n<p data-start=\"88\" data-end=\"557\">Quando si tratta di <strong data-start=\"105\" data-end=\"154\">\u00a0acquistare vaporizzatori usa e getta di alta qualit\u00e0<\/strong>, <strong data-start=\"156\" data-end=\"172\">Vapestornado<\/strong> \u00e8 la fonte ideale per imbattibili <strong data-start=\"208\" data-end=\"271\">prezzi di fabbrica, spedizione veloce e servizio clienti premium<\/strong>. Acquistare Uwin Twins Crystal 40k da Vapestornado significa ottenere <strong data-start=\"363\" data-end=\"400\">prodotti autentici e originali al 100%<\/strong> con le ultime <strong data-start=\"417\" data-end=\"515\">tecnologia con display digitale, la comodit\u00e0 di una ricarica di tipo C e un'enorme capacit\u00e0 di 40000 tiri<\/strong>\u2014tutto al <strong data-start=\"527\" data-end=\"554\">prezzo all'ingrosso pi\u00f9 basso<\/strong>.<\/p>\n<p data-start=\"559\" data-end=\"933\" data-is-last-node=\"\" data-is-only-node=\"\">Abbiamo anche altri vape popolari con schermo come <a href=\"https:\/\/vapestornado.com\/it\/product\/bang-leader-50000-puffs-50k-2-in-1-double-flavor-digital-disposable-vape-bulk-price\/\">BANG Leader 50000<\/a>, <a href=\"https:\/\/vapestornado.com\/it\/product\/vopk-ultra-40000-puffs-2-in-1-digital-screen-rechargeable-disposable-vape\/\">Vaporizzatore usa e getta VOPK 40000 Puff<\/a>, <a href=\"https:\/\/vapestornado.com\/it\/product\/vozol-gear-shisha-25k-25000-puffs-best-dtl-disposable-vape-hookah-cheap-price\/\">Vozol Gear Shisha 25000<\/a>, e altro ancora.<\/p>\n<\/div>\n<div class=\"relative p-1 rounded-sm flex items-center justify-center bg-token-main-surface-primary text-token-text-primary h-8 w-8\">\n<h3>FAQ<\/h3>\n<p data-start=\"1631\" data-end=\"2011\"><strong data-start=\"1631\" data-end=\"1735\">D: Ho bisogno di un dispositivo usa e getta che duri davvero\u2014il vape usa e getta Uwin Crystal 40000 con doppio gusto, 40000 puff, far\u00e0 il suo lavoro?<\/strong><br data-start=\"1735\" data-end=\"1738\" \/><strong data-start=\"1738\" data-end=\"1744\">A:<\/strong> S\u00ec. Il <strong data-start=\"1754\" data-end=\"1803\">Uwin Twins Crystal 40000 Puff Vaporizzatore Usa e Getta<\/strong> \u00e8 costruito per un uso prolungato con <strong data-start=\"1835\" data-end=\"1857\">fino a 40.000 puff<\/strong> e un <strong data-start=\"1864\" data-end=\"1892\">Capacit\u00e0 pre-riempita di 32ml<\/strong>. Per la maggior parte dei vapers, ci\u00f2 significa <strong data-start=\"1922\" data-end=\"1954\">settimane di sessioni costanti<\/strong> invece di sostituire dispositivi pi\u00f9 piccoli ogni pochi giorni.<\/p>\n<p data-start=\"2013\" data-end=\"2266\"><strong data-start=\"2013\" data-end=\"2073\">D: Un dispositivo da 40k puff perde sapore a met\u00e0 strada?<\/strong><br data-start=\"2073\" data-end=\"2076\" \/><strong data-start=\"2076\" data-end=\"2082\">A:<\/strong> Questo \u00e8 comune con le bobine di base, ma questo dispositivo utilizza <strong data-start=\"2136\" data-end=\"2155\">doppie bobine a mesh<\/strong> che riscalda uniformemente l'e-liquid. Il risultato \u00e8 <strong data-start=\"2197\" data-end=\"2241\">densit\u00e0 di vapore stabile e sapore pi\u00f9 morbido<\/strong> dalla prima tirata all'ultima.<\/p>\n<p data-start=\"2268\" data-end=\"2578\"><strong data-start=\"2268\" data-end=\"2326\">D: Mi annoio di un gusto. Ho bisogno di due dispositivi?<\/strong><br data-start=\"2326\" data-end=\"2329\" \/><strong data-start=\"2329\" data-end=\"2335\">A:<\/strong> No. Il <strong data-start=\"2344\" data-end=\"2374\">sistema a doppio gusto 2-in-1<\/strong> ti offre <strong data-start=\"2385\" data-end=\"2412\">due gusti in una sola sigaretta elettronica<\/strong>, e puoi passare facilmente da uno all'altro ogni volta che cambia la tua preferenza. \u00c8 ideale per variet\u00e0 tutto il giorno, viaggi o utenti che amano abbinare un profilo dolce a uno ghiacciato.<\/p>\n<p data-start=\"2580\" data-end=\"2830\"><strong data-start=\"2580\" data-end=\"2641\">D: Come faccio a sapere quando \u00e8 il momento di ricaricare o sostituire?<\/strong><br data-start=\"2641\" data-end=\"2644\" \/><strong data-start=\"2644\" data-end=\"2650\">A:<\/strong> Questo \u00e8 un <strong data-start=\"2661\" data-end=\"2696\">sigaretta elettronica usa e getta con schermo LED<\/strong> che mostra <strong data-start=\"2708\" data-end=\"2752\">livelli di batteria e liquido in tempo reale<\/strong>. Saprai sempre cosa resta\u2014niente batteria scarica a sorpresa, niente colpi secchi improvvisi.<\/p>\n<p data-start=\"2832\" data-end=\"3096\"><strong data-start=\"2832\" data-end=\"2901\">D: La batteria durer\u00e0 abbastanza per un numero cos\u00ec elevato di puff?<\/strong><br data-start=\"2901\" data-end=\"2904\" \/><strong data-start=\"2904\" data-end=\"2910\">A:<\/strong> S\u00ec. Il <strong data-start=\"2920\" data-end=\"2951\">batteria ricaricabile da 850 mAh<\/strong> \u00e8 progettata per supportare dispositivi ad alta capacit\u00e0. E con <strong data-start=\"3007\" data-end=\"3031\">ricarica rapida di tipo C<\/strong>, puoi ricaricare rapidamente e continuare a usare tutta la scorta di liquido.<\/p>\n<p data-start=\"3364\" data-end=\"3670\"><strong data-start=\"3364\" data-end=\"3418\">D: Perch\u00e9 questa sigaretta elettronica usa e getta 2 in 1 Uwin Crystal 40000 \u00e8 una scelta forte all'ingrosso per il 2025?<\/strong><br data-start=\"3418\" data-end=\"3421\" \/><strong data-start=\"3421\" data-end=\"3427\">A:<\/strong> La domanda di <strong data-start=\"3439\" data-end=\"3471\">sigarette elettroniche usa e getta da 40.000 puff<\/strong> sta crescendo in Europa perch\u00e9 gli utenti vogliono una durata pi\u00f9 lunga, la comodit\u00e0 di gusti doppi e un tracciamento pi\u00f9 intelligente. Uwin Crystal combina tutti e tre, rendendola affidabile per vendite ripetute e posizionamento premium.<\/p>\n<\/div>\n<\/div>\n<\/div>\n<\/div>","protected":false},"excerpt":{"rendered":"<p>Uwin Twins Crystal 40000 40k Puff Vape Digitale Prezzo all'ingrosso<br \/>\nUwin Twins Crystal 40k Puff Miglior Sigaretta Elettronica Usa e Getta in Italia<br \/>\nUwin Crystal 40000 40k Puff Prezzo Economico Acquista online<\/p>\n<p><strong>Aggiungi il whatsapp di Amy per ottenere la risposta giusta e il prezzo scontato!<\/strong><\/p>\n<p><img fetchpriority=\"high\" decoding=\"async\" class=\"size-full wp-image-2932\" src=\"https:\/\/vapestornado.com\/wp-content\/uploads\/2024\/12\/Vape-Wholesale.jpg\" alt=\"Vape all&#039;ingrosso\" width=\"229\" height=\"300\" \/><\/p>\n<h3><a href=\"https:\/\/wa.me\/8617776015835\"><span style=\"color: #ff0000;\"><strong>WhatsApp: +86 17776015835<\/strong><\/span><\/a><\/h3>\n<p>&nbsp;<\/p>","protected":false},"featured_media":3908,"comment_status":"open","ping_status":"closed","template":"","meta":{"_acf_changed":false,"_uag_custom_page_level_css":"","_lmt_disableupdate":"no","_lmt_disable":"","_monsterinsights_skip_tracking":false,"_monsterinsights_sitenote_active":false,"_monsterinsights_sitenote_note":"","_monsterinsights_sitenote_category":0,"site-sidebar-layout":"default","site-content-layout":"","ast-site-content-layout":"default","site-content-style":"default","site-sidebar-style":"default","ast-global-header-display":"","ast-banner-title-visibility":"","ast-main-header-display":"","ast-hfb-above-header-display":"","ast-hfb-below-header-display":"","ast-hfb-mobile-header-display":"","site-post-title":"","ast-breadcrumbs-content":"","ast-featured-img":"","footer-sml-layout":"","ast-disable-related-posts":"","theme-transparent-header-meta":"default","adv-header-id-meta":"","stick-header-meta":"","header-above-stick-meta":"","header-main-stick-meta":"","header-below-stick-meta":"","astra-migrate-meta-layouts":"set","ast-page-background-enabled":"default","ast-page-background-meta":{"desktop":{"background-color":"","background-image":"","background-repeat":"repeat","background-position":"center center","background-size":"auto","background-attachment":"scroll","background-type":"","background-media":"","overlay-type":"","overlay-color":"","overlay-opacity":"","overlay-gradient":""},"tablet":{"background-color":"","background-image":"","background-repeat":"repeat","background-position":"center center","background-size":"auto","background-attachment":"scroll","background-type":"","background-media":"","overlay-type":"","overlay-color":"","overlay-opacity":"","overlay-gradient":""},"mobile":{"background-color":"","background-image":"","background-repeat":"repeat","background-position":"center center","background-size":"auto","background-attachment":"scroll","background-type":"","background-media":"","overlay-type":"","overlay-color":"","overlay-opacity":"","overlay-gradient":""}},"ast-content-background-meta":{"desktop":{"background-color":"var(--ast-global-color-5)","background-image":"","background-repeat":"repeat","background-position":"center center","background-size":"auto","background-attachment":"scroll","background-type":"","background-media":"","overlay-type":"","overlay-color":"","overlay-opacity":"","overlay-gradient":""},"tablet":{"background-color":"var(--ast-global-color-5)","background-image":"","background-repeat":"repeat","background-position":"center center","background-size":"auto","background-attachment":"scroll","background-type":"","background-media":"","overlay-type":"","overlay-color":"","overlay-opacity":"","overlay-gradient":""},"mobile":{"background-color":"var(--ast-global-color-5)","background-image":"","background-repeat":"repeat","background-position":"center center","background-size":"auto","background-attachment":"scroll","background-type":"","background-media":"","overlay-type":"","overlay-color":"","overlay-opacity":"","overlay-gradient":""}},"_joinchat":{"telephone":"17776015835"}},"product_brand":[],"product_cat":[19,65,151,154,141,142,233],"product_tag":[261,120,105,94,273,279,269],"class_list":{"0":"post-3932","1":"product","2":"type-product","3":"status-publish","4":"has-post-thumbnail","6":"product_cat-vapes","7":"product_cat-40000-puff","8":"product_cat-buy-disposable-vapes-in-france","9":"product_cat-buy-disposable-vapes-in-netherlands","10":"product_cat-crystal-disposable-vapes","11":"product_cat-digital-box-disposable-vapes","12":"product_cat-uwin-vape","13":"product_tag-2-in-1-double-flavor-vape","14":"product_tag-crystal-vape","15":"product_tag-digital-disposable-vape","16":"product_tag-rechargeable-disposable-vape","17":"product_tag-twins-flavor-vape-pod","18":"product_tag-uwin-twins-crystal-40000","19":"product_tag-vape-with-screen","20":"desktop-align-left","21":"tablet-align-left","22":"mobile-align-left","24":"first","25":"instock","26":"sale","27":"shipping-taxable","28":"purchasable","29":"product-type-simple"},"acf":[],"uagb_featured_image_src":{"full":["https:\/\/vapestornado.com\/wp-content\/uploads\/2025\/03\/Uwin-Twins-Crystal-40000-Puffs-Two-Flavors-in-Vape.webp",800,800,false],"thumbnail":["https:\/\/vapestornado.com\/wp-content\/uploads\/2025\/03\/Uwin-Twins-Crystal-40000-Puffs-Two-Flavors-in-Vape-150x150.webp",150,150,true],"medium":["https:\/\/vapestornado.com\/wp-content\/uploads\/2025\/03\/Uwin-Twins-Crystal-40000-Puffs-Two-Flavors-in-Vape-300x300.webp",300,300,true],"medium_large":["https:\/\/vapestornado.com\/wp-content\/uploads\/2025\/03\/Uwin-Twins-Crystal-40000-Puffs-Two-Flavors-in-Vape-768x768.webp",768,768,true],"large":["https:\/\/vapestornado.com\/wp-content\/uploads\/2025\/03\/Uwin-Twins-Crystal-40000-Puffs-Two-Flavors-in-Vape.webp",800,800,false],"1536x1536":["https:\/\/vapestornado.com\/wp-content\/uploads\/2025\/03\/Uwin-Twins-Crystal-40000-Puffs-Two-Flavors-in-Vape.webp",800,800,false],"2048x2048":["https:\/\/vapestornado.com\/wp-content\/uploads\/2025\/03\/Uwin-Twins-Crystal-40000-Puffs-Two-Flavors-in-Vape.webp",800,800,false],"trp-custom-language-flag":["https:\/\/vapestornado.com\/wp-content\/uploads\/2025\/03\/Uwin-Twins-Crystal-40000-Puffs-Two-Flavors-in-Vape.webp",12,12,false],"woocommerce_thumbnail":["https:\/\/vapestornado.com\/wp-content\/uploads\/2025\/03\/Uwin-Twins-Crystal-40000-Puffs-Two-Flavors-in-Vape-300x300.webp",300,300,true],"woocommerce_single":["https:\/\/vapestornado.com\/wp-content\/uploads\/2025\/03\/Uwin-Twins-Crystal-40000-Puffs-Two-Flavors-in-Vape-600x600.webp",600,600,true],"woocommerce_gallery_thumbnail":["https:\/\/vapestornado.com\/wp-content\/uploads\/2025\/03\/Uwin-Twins-Crystal-40000-Puffs-Two-Flavors-in-Vape-100x100.webp",100,100,true]},"uagb_author_info":{"display_name":"ESAMY","author_link":"https:\/\/vapestornado.com\/it\/author\/"},"uagb_comment_info":0,"uagb_excerpt":"Uwin Twins Crystal 40000 40k Puff Digital Vape Wholesale Price Uwin Twins Crystal 40k Puff Best Disposable Vape in Netherlands Uwin Crystal 40000 40k Puff Cheap\u00a0Price Buy online Add Amy's whatsapp to get right reply and discount price! WhatsApp: +86 17776015835 &nbsp;","_links":{"self":[{"href":"https:\/\/vapestornado.com\/it\/wp-json\/wp\/v2\/product\/3932","targetHints":{"allow":["GET"]}}],"collection":[{"href":"https:\/\/vapestornado.com\/it\/wp-json\/wp\/v2\/product"}],"about":[{"href":"https:\/\/vapestornado.com\/it\/wp-json\/wp\/v2\/types\/product"}],"replies":[{"embeddable":true,"href":"https:\/\/vapestornado.com\/it\/wp-json\/wp\/v2\/comments?post=3932"}],"wp:featuredmedia":[{"embeddable":true,"href":"https:\/\/vapestornado.com\/it\/wp-json\/wp\/v2\/media\/3908"}],"wp:attachment":[{"href":"https:\/\/vapestornado.com\/it\/wp-json\/wp\/v2\/media?parent=3932"}],"wp:term":[{"taxonomy":"product_brand","embeddable":true,"href":"https:\/\/vapestornado.com\/it\/wp-json\/wp\/v2\/product_brand?post=3932"},{"taxonomy":"product_cat","embeddable":true,"href":"https:\/\/vapestornado.com\/it\/wp-json\/wp\/v2\/product_cat?post=3932"},{"taxonomy":"product_tag","embeddable":true,"href":"https:\/\/vapestornado.com\/it\/wp-json\/wp\/v2\/product_tag?post=3932"}],"curies":[{"name":"wp","href":"https:\/\/api.w.org\/{rel}","templated":true}]}}