{"id":3859,"date":"2025-03-14T08:36:08","date_gmt":"2025-03-14T08:36:08","guid":{"rendered":"https:\/\/vapestornado.com\/?post_type=product&#038;p=3859"},"modified":"2025-08-23T12:40:31","modified_gmt":"2025-08-23T12:40:31","slug":"vapsolo-galaxy-30000-vapers-30k-puff-disposable-vape-e-cigarette-with-smart-screen","status":"publish","type":"product","link":"https:\/\/vapestornado.com\/it\/product\/vapsolo-galaxy-30000-vapers-30k-puff-disposable-vape-e-cigarette-with-smart-screen\/","title":{"rendered":"Vapsolo Galaxy 30000 Vapers 30K Puff Vaporizzatore usa e getta E-Cigarette con schermo intelligente"},"content":{"rendered":"<h1 data-pm-slice=\"1 1 []\">Vapsolo Galaxy 30000 Vapers 30K Puff Vaporizzatore usa e getta E-Cigarette con schermo intelligente<\/h1>\n<p>&nbsp;<\/p>\n<p>La <strong data-start=\"343\" data-end=\"389\">Vapsolo Galaxy 30000 Puff Vape Monouso<\/strong> definisce un nuovo standard per le sigarette elettroniche premium, combinando <strong data-start=\"447\" data-end=\"517\">capacit\u00e0 di lunga durata, un touchscreen intelligente e flusso d'aria regolabile<\/strong> in un unico dispositivo compatto. Offrendo fino a <strong data-start=\"556\" data-end=\"572\">30.000 puff<\/strong>, questo vaporizzatore \u00e8 progettato per i vapers che desiderano sia durata che diversit\u00e0 di sapore.<\/p>\n<p>Suo <strong data-start=\"663\" data-end=\"691\">display intelligente a colori<\/strong> fornisce informazioni in tempo reale sulla durata della batteria e sui livelli di e-liquid, mentre il <strong data-start=\"769\" data-end=\"806\">Sistema di flusso d'aria regolabile a 4 livelli<\/strong> consente tiri personalizzati, che vanno da tiri MTL stretti a nuvole DTL fluide. Alimentato da un <strong data-start=\"901\" data-end=\"932\">batteria ricaricabile da 850 mAh<\/strong> con ricarica rapida di tipo C, il Galaxy 30K garantisce tempi di inattivit\u00e0 minimi e massima comodit\u00e0.<\/p>\n<p>Caratterizzato da <strong data-start=\"1044\" data-end=\"1077\">design unici a colori in stile inchiostro<\/strong> per ogni sapore, questo vaporizzatore non solo offre prestazioni eccellenti, ma ha anche un aspetto straordinario. Pre-caricato con <strong data-start=\"1172\" data-end=\"1192\">e-liquid premium<\/strong> e disponibile in diverse gradazioni di nicotina, si rivolge sia agli utenti occasionali che ai vapers accaniti.<\/p>\n<p>Per rivenditori e distributori, il Galaxy 30K offre un valore imbattibile a <strong data-start=\"1371\" data-end=\"1400\">prezzi di acquisto all'ingrosso<\/strong>, rendendolo un must-have in qualsiasi inventario di vaporizzatori europeo.<\/p>\n<p><strong><span style=\"color: #ff0000;\">Aggiungi il whatsapp di Amy per ottenere subito una risposta e un coupon per il vape!<\/span><\/strong><\/p>\n<p><img fetchpriority=\"high\" decoding=\"async\" class=\"size-full wp-image-2932\" src=\"https:\/\/vapestornado.com\/wp-content\/uploads\/2024\/12\/Vape-Wholesale.jpg\" alt=\"Vape all&#039;ingrosso\" width=\"229\" height=\"300\" \/><\/p>\n<h3><a href=\"https:\/\/wa.me\/8617776015835\" target=\"_blank\" rel=\"noopener\"><span style=\"color: #ff0000;\"><strong>WhatsApp: +86 17776015835<\/strong><\/span><\/a><\/h3>\n<p>&nbsp;<\/p>\n<h2><strong>Caratteristiche del prodotto Vapsolo Galaxy 30000 Digital Box<\/strong><\/h2>\n<p>Tiri: 30000 tiri<br \/>\nDoppia resistenza a mesh da 1,0ohm<br \/>\nBatteria: 850mAh<br \/>\nE-juice: 40ml<br \/>\nNicotina: 2%\/5% Nicotina<br \/>\nRicaricabile di tipo C<br \/>\nSchermo con indicazione del livello dell'olio e della batteria<\/p>\n<figure id=\"attachment_3854\" aria-describedby=\"caption-attachment-3854\" style=\"width: 800px\" class=\"wp-caption alignnone\"><img decoding=\"async\" class=\"wp-image-3854 size-full\" src=\"https:\/\/vapestornado.com\/wp-content\/uploads\/2025\/03\/Original-Vapsolo-30000-Puffs-Best-Flavor.webp\" alt=\"Vapsolo originale 30000 tiri Miglior sapore\" width=\"800\" height=\"800\" srcset=\"https:\/\/vapestornado.com\/wp-content\/uploads\/2025\/03\/Original-Vapsolo-30000-Puffs-Best-Flavor.webp 800w, https:\/\/vapestornado.com\/wp-content\/uploads\/2025\/03\/Original-Vapsolo-30000-Puffs-Best-Flavor-300x300.webp 300w, https:\/\/vapestornado.com\/wp-content\/uploads\/2025\/03\/Original-Vapsolo-30000-Puffs-Best-Flavor-150x150.webp 150w, https:\/\/vapestornado.com\/wp-content\/uploads\/2025\/03\/Original-Vapsolo-30000-Puffs-Best-Flavor-768x768.webp 768w, https:\/\/vapestornado.com\/wp-content\/uploads\/2025\/03\/Original-Vapsolo-30000-Puffs-Best-Flavor-600x600.webp 600w, https:\/\/vapestornado.com\/wp-content\/uploads\/2025\/03\/Original-Vapsolo-30000-Puffs-Best-Flavor-100x100.webp 100w\" sizes=\"(max-width: 800px) 100vw, 800px\" \/><figcaption id=\"caption-attachment-3854\" class=\"wp-caption-text\">Vapsolo originale 30000 tiri Miglior sapore<\/figcaption><\/figure>\n<h2 class=\"product-title\"><strong>Elenco dei gusti Vapsolo Galaxy 30k<\/strong><\/h2>\n<p>&nbsp;<\/p>\n<p>1. Lampone Anguria <strong><span style=\"color: #ff0000;\">&gt;&gt;&gt;&gt; Caldo!<\/span><\/strong><\/p>\n<p>2. Blue Razz <strong><span style=\"color: #ff0000;\">&gt;&gt;&gt;&gt; Il migliore!<\/span><\/strong><\/p>\n<p>3. Ananas Cocco<\/p>\n<p>4. Ghiaccio all'anguria<\/p>\n<p>5. Lime e Limone<\/p>\n<p>6. Frutto del Drago Ghiaccio Nero<strong><span style=\"color: #ff0000;\">&gt;&gt;&gt;&gt; Caldo!<\/span><\/strong><\/p>\n<p>7. Limone e Pesca<\/p>\n<p>8. Ghiaccio alla Fragola, Lampone e Ciliegia <strong><span style=\"color: #ff0000;\">&gt;&gt;&gt;&gt; Caldo!<\/span><\/strong><\/p>\n<p>9. Fragola e Kiwi<\/p>\n<p>10. Fragola Redbull <strong><span style=\"color: #ff0000;\">&gt;&gt;&gt;&gt; Caldo!<\/span><\/strong><\/p>\n<p>11. Banana alla Fragola<\/p>\n<p>12. Triplo Melone <strong><span style=\"color: #ff0000;\">&gt;&gt;&gt;&gt; Caldo!<\/span><\/strong><\/p>\n<article class=\"w-full text-token-text-primary focus-visible:outline-2 focus-visible:outline-offset-[-4px]\" dir=\"auto\" data-testid=\"conversation-turn-32\" data-scroll-anchor=\"false\">\n<div class=\"m-auto text-base py-[18px] px-6\">\n<div class=\"mx-auto flex flex-1 text-base gap-4 md:gap-5 lg:gap-6 md:max-w-3xl lg:max-w-[40rem] xl:max-w-[48rem]\">\n<div class=\"group\/conversation-turn relative flex w-full min-w-0 flex-col @xs\/thread:px-0 @sm\/thread:px-1.5 @md\/thread:px-4\">\n<div class=\"flex-col gap-1 md:gap-3\">\n<div class=\"flex max-w-full flex-col flex-grow\">\n<div class=\"min-h-8 text-message flex w-full flex-col items-end gap-2 whitespace-normal break-words text-start [.text-message+&amp;]:mt-5\" dir=\"auto\" data-message-author-role=\"user\" data-message-id=\"ffac41ca-1db4-431b-873a-32c4052956f1\">\n<div class=\"flex w-full flex-col gap-1 empty:hidden items-end rtl:items-start\">\n<div class=\"relative max-w-[var(--user-chat-width,70%)] rounded-3xl bg-token-message-surface px-5 py-2.5\">\n<div class=\"absolute bottom-0 right-full top-0 -mr-3.5 hidden pr-5 pt-2 [.group\/conversation-turn:hover_&amp;]:flex\">\n<div class=\"flex\">\n<article class=\"w-full text-token-text-primary focus-visible:outline-2 focus-visible:outline-offset-[-4px]\" dir=\"auto\" data-testid=\"conversation-turn-39\" data-scroll-anchor=\"true\">\n<div class=\"m-auto text-base py-[18px] px-6\">\n<div class=\"mx-auto flex flex-1 text-base gap-4 md:gap-5 lg:gap-6 md:max-w-3xl lg:max-w-[40rem] xl:max-w-[48rem]\">\n<div class=\"group\/conversation-turn relative flex w-full min-w-0 flex-col agent-turn @xs\/thread:px-0 @sm\/thread:px-1.5 @md\/thread:px-4\">\n<div class=\"flex-col gap-1 md:gap-3\">\n<div class=\"flex max-w-full flex-col flex-grow\">\n<div class=\"min-h-8 text-message flex w-full flex-col items-end gap-2 whitespace-normal break-words text-start [.text-message+&amp;]:mt-5\" dir=\"auto\" data-message-author-role=\"assistant\" data-message-id=\"55a23854-ec57-48dd-bd4f-6118f43d6241\" data-message-model-slug=\"gpt-4o\">\n<div class=\"flex w-full flex-col gap-1 empty:hidden first:pt-[3px]\">\n<div class=\"markdown prose w-full break-words dark:prose-invert light\"><\/div>\n<\/div>\n<\/div>\n<\/div>\n<\/div>\n<\/div>\n<\/div>\n<\/div>\n<\/article>\n<\/div>\n<\/div>\n<\/div>\n<\/div>\n<\/div>\n<\/div>\n<\/div>\n<\/div>\n<\/div>\n<\/div>\n<\/article>\n<h2>Perch\u00e9 scegliere vapestornado per l'acquisto all'ingrosso di Vapsolo Galaxy 30000 Vape?<\/h2>\n<div class=\"flex-shrink-0 flex flex-col relative items-end\">\n<div class=\"pt-0\">\n<div class=\"gizmo-bot-avatar flex h-8 w-8 items-center justify-center overflow-hidden rounded-full\">\n<div class=\"relative p-1 rounded-sm flex items-center justify-center bg-token-main-surface-primary text-token-text-primary h-8 w-8\">\n<p>Benvenuti su vapestornado, il vostro negozio di vape online di fiducia per vaporizzatori usa e getta premium. Con pi\u00f9 di 5 anni di esperienza, vi offriamo marchi popolari di vaporizzatori usa e getta come Fumot RandM Vape, Vapme, Bang Vape, Waspe Vape e WGA Vape, ecc.<\/p>\n<p>La nostra gamma include vaporizzatori usa e getta a doppio gusto di grande successo come il <a href=\"https:\/\/vapestornado.com\/it\/product\/waspe-fihp-36000-36k-puff-twins-flavor-rechargeable-disposable-vape-bulk-buy-at-wholesale-prices\/\">FIHP 36K Puff Twins Gusto<\/a>, <a href=\"https:\/\/vapestornado.com\/it\/product\/waspe-crystal-40000-puffs-40k-double-flavor-rechargeable-disposable-vapes-cheap-price\/\">WASPE Crystal 40k Doppio Gusto<\/a> e scelte ricche di sapore come il <a href=\"https:\/\/vapestornado.com\/it\/product\/razzbar-15000-puffs-rechargeable-disposable-vape-bulk-buy-at-cheap-prices\/\">RAZZBAR 15000 Puff<\/a>. Ogni prodotto \u00e8 scelto con un focus su qualit\u00e0, valore e variet\u00e0, assicurandoti di trovare la corrispondenza perfetta per le tue esigenze. Scopri un servizio eccezionale e una vasta gamma di prodotti di alta qualit\u00e0 con prezzi all'ingrosso su vapestornado.<\/p>\n<\/div>\n<h3><\/h3>\n<div class=\"relative p-1 rounded-sm flex items-center justify-center bg-token-main-surface-primary text-token-text-primary h-8 w-8\">\n<h2>FAQ per sigaretta elettronica usa e getta Vapsolo Galaxy 30000<\/h2>\n<\/div>\n<\/div>\n<\/div>\n<\/div>\n<div class=\"flex-shrink-0 flex flex-col relative items-end\">\n<div class=\"pt-0\">\n<div class=\"gizmo-bot-avatar flex h-8 w-8 items-center justify-center overflow-hidden rounded-full\">\n<div class=\"relative p-1 rounded-sm flex items-center justify-center bg-token-main-surface-primary text-token-text-primary h-8 w-8\">\n<div class=\"mb-2 flex gap-3 empty:hidden -ml-2\">\n<ol data-start=\"1890\" data-end=\"2794\">\n<li data-start=\"1890\" data-end=\"2083\">\n<p data-start=\"1893\" data-end=\"1966\"><strong data-start=\"1893\" data-end=\"1964\">Dove posso acquistare Vapsolo Galaxy 30000 Puffs a prezzi all'ingrosso?<\/strong><\/p>\n<ul data-start=\"1970\" data-end=\"2083\">\n<li data-start=\"1970\" data-end=\"2083\">Puoi ottenere <strong data-start=\"1984\" data-end=\"2008\">offerte esclusive all'ingrosso<\/strong> su Vapestornado<strong data-start=\"2012\" data-end=\"2040\">\u00a0negozio di vape online<\/strong>, la fonte affidabile per i vaporizzatori all'ingrosso.<\/li>\n<\/ul>\n<\/li>\n<li data-start=\"2085\" data-end=\"2278\">\n<p data-start=\"2088\" data-end=\"2125\"><strong data-start=\"2088\" data-end=\"2123\">Come funziona lo schermo intelligente?<\/strong><\/p>\n<ul data-start=\"2129\" data-end=\"2278\">\n<li data-start=\"2129\" data-end=\"2278\">La <strong data-start=\"2135\" data-end=\"2164\">touchscreen con display intelligente<\/strong> fornisce <strong data-start=\"2174\" data-end=\"2231\">aggiornamenti in tempo reale sulla durata della batteria e sui livelli di e-liquid<\/strong>, offrendoti il controllo completo sul tuo vaporizzatore.<\/li>\n<\/ul>\n<\/li>\n<li data-start=\"2280\" data-end=\"2442\">\n<p data-start=\"2283\" data-end=\"2324\"><strong data-start=\"2283\" data-end=\"2322\">Vapsolo Galaxy \u00e8 ricaricabile?<\/strong><\/p>\n<ul data-start=\"2328\" data-end=\"2442\">\n<li data-start=\"2328\" data-end=\"2442\">S\u00ec! Il <strong data-start=\"2339\" data-end=\"2357\">batteria da 850 mAh<\/strong> is <strong data-start=\"2361\" data-end=\"2384\">Ricaricabile tramite Type-C<\/strong>, garantendo prestazioni di lunga durata con ricarica rapida.<\/li>\n<\/ul>\n<\/li>\n<li data-start=\"2444\" data-end=\"2614\">\n<p data-start=\"2447\" data-end=\"2491\"><strong data-start=\"2447\" data-end=\"2489\">Posso regolare il flusso d'aria su questo vape?<\/strong><\/p>\n<ul data-start=\"2495\" data-end=\"2614\">\n<li data-start=\"2495\" data-end=\"2614\">Assolutamente! Il <strong data-start=\"2513\" data-end=\"2543\">Regolazione del flusso d'aria a 4 livelli<\/strong> ti permette di personalizzare il tuo tiro per un'esperienza di vaping perfetta.<\/li>\n<\/ul>\n<\/li>\n<li data-start=\"2616\" data-end=\"2794\">\n<p data-start=\"2619\" data-end=\"2666\"><strong data-start=\"2619\" data-end=\"2664\">Questo vape \u00e8 disponibile per l'acquisto all'ingrosso?<\/strong><\/p>\n<ul data-start=\"2670\" data-end=\"2794\">\n<li data-start=\"2670\" data-end=\"2794\">S\u00ec! Il <strong data-start=\"2681\" data-end=\"2711\">Vapsolo Galaxy 30000 Puff<\/strong> \u00e8 ideale per <strong data-start=\"2725\" data-end=\"2745\">acquirenti all'ingrosso<\/strong>, offrendo <strong data-start=\"2756\" data-end=\"2791\">caratteristiche di alto livello a prezzi bassi<\/strong>.<\/li>\n<\/ul>\n<\/li>\n<\/ol>\n<h4>Come ordinare?<\/h4>\n<p><strong>1. Quali metodi di pagamento accettate?<\/strong><br \/>\nAccettiamo bonifico IBAN e <span style=\"font-size: 16px;\">Western Union<\/span>\u00a0per transazioni sicure e convenienti.<\/p>\n<p><strong>2. Come posso tracciare il mio ordine?<\/strong><br \/>\nDopo che il tuo ordine \u00e8 stato spedito, <span class=\"selectable-text copyable-text false\">manterremo aggiornato il tracciamento del carico fino a quando non avrai ricevuto il carico<\/span>.<\/p>\n<p><strong>3. Qual \u00e8 il tempo di spedizione stimato?<\/strong><\/p>\n<ul>\n<li>Spedizione da <strong>Magazzini in Cina<\/strong> richiede approssimativamente <strong>7-14 giorni lavorativi<\/strong>.<\/li>\n<li>Spedizione da <strong>Magazzini europei<\/strong> di solito richiede <strong>3-6 giorni lavorativi<\/strong>.<\/li>\n<\/ul>\n<p><strong>4. Come posso ottenere una consegna pi\u00f9 rapida?<\/strong><br \/>\nPer una consegna pi\u00f9 rapida, consigliamo di ordinare dal nostro <strong>Magazzino europeo<\/strong>, che offre tempi di spedizione pi\u00f9 rapidi.<\/p>\n<p><strong>5. Come posso restituire un articolo?<\/strong><br \/>\nPer restituire un articolo, contatta il nostro servizio clienti per istruzioni dettagliate sulla procedura di reso.<\/p>\n<p><strong>6. Offrite spedizioni internazionali?<\/strong><br \/>\nS\u00ec, spediamo nella maggior parte dei paesi e gestiamo lo <strong>sdoganamento<\/strong> per un'esperienza di consegna senza problemi.<\/p>\n<p><strong>7. Cosa succede se ricevo un prodotto danneggiato o difettoso?<\/strong><br \/>\nSe il tuo articolo \u00e8 danneggiato o difettoso, contatta il servizio clienti per una <strong>sostituzione o rimborso<\/strong>.<\/p>\n<p><strong>8. Come posso contattare il servizio clienti?<\/strong><br \/>\nPuoi contattarci tramite <strong>e-mail, WhatsApp o chat dal vivo<\/strong> sul nostro sito web per qualsiasi assistenza.<\/p>\n<\/div>\n<\/div>\n<\/div>\n<\/div>\n<\/div>","protected":false},"excerpt":{"rendered":"<p>Vapsolo 30000 Puff Originale Migliori Vaporizzatori a Schermo Vape<br \/>\nVapsolo Galaxy Vapers 30K Puff Vape Monouso all'Ingrosso dalla Fabbrica<br \/>\nVapsolo Galaxy 30000 Puff Smart Disposables Vape Prezzo all'Ingrosso<\/p>\n<p><strong>Aggiungi il whatsapp di Amy per ottenere la risposta giusta e il prezzo scontato!<\/strong><\/p>\n<p><img fetchpriority=\"high\" decoding=\"async\" class=\"size-full wp-image-2932\" src=\"https:\/\/vapestornado.com\/wp-content\/uploads\/2024\/12\/Vape-Wholesale.jpg\" alt=\"Vape all&#039;ingrosso\" width=\"229\" height=\"300\" \/><\/p>\n<h3><a href=\"https:\/\/wa.me\/8617776015835\"><span style=\"color: #ff0000;\"><strong>WhatsApp: +86 17776015835<\/strong><\/span><\/a><\/h3>\n<p>&nbsp;<\/p>","protected":false},"featured_media":3855,"comment_status":"open","ping_status":"closed","template":"","meta":{"_acf_changed":false,"_uag_custom_page_level_css":"","_lmt_disableupdate":"no","_lmt_disable":"","_monsterinsights_skip_tracking":false,"_monsterinsights_sitenote_active":false,"_monsterinsights_sitenote_note":"","_monsterinsights_sitenote_category":0,"site-sidebar-layout":"default","site-content-layout":"","ast-site-content-layout":"default","site-content-style":"default","site-sidebar-style":"default","ast-global-header-display":"","ast-banner-title-visibility":"","ast-main-header-display":"","ast-hfb-above-header-display":"","ast-hfb-below-header-display":"","ast-hfb-mobile-header-display":"","site-post-title":"","ast-breadcrumbs-content":"","ast-featured-img":"","footer-sml-layout":"","ast-disable-related-posts":"","theme-transparent-header-meta":"default","adv-header-id-meta":"","stick-header-meta":"","header-above-stick-meta":"","header-main-stick-meta":"","header-below-stick-meta":"","astra-migrate-meta-layouts":"set","ast-page-background-enabled":"default","ast-page-background-meta":{"desktop":{"background-color":"","background-image":"","background-repeat":"repeat","background-position":"center center","background-size":"auto","background-attachment":"scroll","background-type":"","background-media":"","overlay-type":"","overlay-color":"","overlay-opacity":"","overlay-gradient":""},"tablet":{"background-color":"","background-image":"","background-repeat":"repeat","background-position":"center center","background-size":"auto","background-attachment":"scroll","background-type":"","background-media":"","overlay-type":"","overlay-color":"","overlay-opacity":"","overlay-gradient":""},"mobile":{"background-color":"","background-image":"","background-repeat":"repeat","background-position":"center center","background-size":"auto","background-attachment":"scroll","background-type":"","background-media":"","overlay-type":"","overlay-color":"","overlay-opacity":"","overlay-gradient":""}},"ast-content-background-meta":{"desktop":{"background-color":"var(--ast-global-color-5)","background-image":"","background-repeat":"repeat","background-position":"center center","background-size":"auto","background-attachment":"scroll","background-type":"","background-media":"","overlay-type":"","overlay-color":"","overlay-opacity":"","overlay-gradient":""},"tablet":{"background-color":"var(--ast-global-color-5)","background-image":"","background-repeat":"repeat","background-position":"center center","background-size":"auto","background-attachment":"scroll","background-type":"","background-media":"","overlay-type":"","overlay-color":"","overlay-opacity":"","overlay-gradient":""},"mobile":{"background-color":"var(--ast-global-color-5)","background-image":"","background-repeat":"repeat","background-position":"center center","background-size":"auto","background-attachment":"scroll","background-type":"","background-media":"","overlay-type":"","overlay-color":"","overlay-opacity":"","overlay-gradient":""}},"_joinchat":{"telephone":"17776015835"}},"product_brand":[],"product_cat":[19,67,149,158,143,146,171],"product_tag":[105,97,250,94,241,93,249],"class_list":{"0":"post-3859","1":"product","2":"type-product","3":"status-publish","4":"has-post-thumbnail","6":"product_cat-vapes","7":"product_cat-30000-puff","8":"product_cat-buy-disposable-vapes-in-austria","9":"product_cat-buy-disposable-vapes-in-spain","10":"product_cat-dual-mesh-disposable-vapes","11":"product_cat-rechargeable-disposable-vapes","12":"product_cat-vapsolo-disposable-vapes","13":"product_tag-digital-disposable-vape","14":"product_tag-hot-sale-disposable-vape","15":"product_tag-puff-30k","16":"product_tag-rechargeable-disposable-vape","17":"product_tag-smart-screen-disposable-vape","18":"product_tag-vape-wholesale","19":"product_tag-vapsolo-galaxy-30000","20":"desktop-align-left","21":"tablet-align-left","22":"mobile-align-left","24":"first","25":"instock","26":"sale","27":"shipping-taxable","28":"purchasable","29":"product-type-simple"},"acf":[],"uagb_featured_image_src":{"full":["https:\/\/vapestornado.com\/wp-content\/uploads\/2025\/03\/Vapsolo-Galaxy-30k-30000-Puffs-Disposable-Vape.webp",800,800,false],"thumbnail":["https:\/\/vapestornado.com\/wp-content\/uploads\/2025\/03\/Vapsolo-Galaxy-30k-30000-Puffs-Disposable-Vape-150x150.webp",150,150,true],"medium":["https:\/\/vapestornado.com\/wp-content\/uploads\/2025\/03\/Vapsolo-Galaxy-30k-30000-Puffs-Disposable-Vape-300x300.webp",300,300,true],"medium_large":["https:\/\/vapestornado.com\/wp-content\/uploads\/2025\/03\/Vapsolo-Galaxy-30k-30000-Puffs-Disposable-Vape-768x768.webp",768,768,true],"large":["https:\/\/vapestornado.com\/wp-content\/uploads\/2025\/03\/Vapsolo-Galaxy-30k-30000-Puffs-Disposable-Vape.webp",800,800,false],"1536x1536":["https:\/\/vapestornado.com\/wp-content\/uploads\/2025\/03\/Vapsolo-Galaxy-30k-30000-Puffs-Disposable-Vape.webp",800,800,false],"2048x2048":["https:\/\/vapestornado.com\/wp-content\/uploads\/2025\/03\/Vapsolo-Galaxy-30k-30000-Puffs-Disposable-Vape.webp",800,800,false],"trp-custom-language-flag":["https:\/\/vapestornado.com\/wp-content\/uploads\/2025\/03\/Vapsolo-Galaxy-30k-30000-Puffs-Disposable-Vape.webp",12,12,false],"woocommerce_thumbnail":["https:\/\/vapestornado.com\/wp-content\/uploads\/2025\/03\/Vapsolo-Galaxy-30k-30000-Puffs-Disposable-Vape-300x300.webp",300,300,true],"woocommerce_single":["https:\/\/vapestornado.com\/wp-content\/uploads\/2025\/03\/Vapsolo-Galaxy-30k-30000-Puffs-Disposable-Vape-600x600.webp",600,600,true],"woocommerce_gallery_thumbnail":["https:\/\/vapestornado.com\/wp-content\/uploads\/2025\/03\/Vapsolo-Galaxy-30k-30000-Puffs-Disposable-Vape-100x100.webp",100,100,true]},"uagb_author_info":{"display_name":"ESAMY","author_link":"https:\/\/vapestornado.com\/it\/author\/"},"uagb_comment_info":0,"uagb_excerpt":"Original Vapsolo 30000 Puffs Best Screen Vaporizers Vape Factory Wholesale Vapsolo Galaxy Vapers 30K Puff Disposable Vape Vapsolo Galaxy 30000 Puff Smart Disposables Vape Bulk Price Add Amy's whatsapp to get right reply and discount price! WhatsApp: +86 17776015835 &nbsp;","_links":{"self":[{"href":"https:\/\/vapestornado.com\/it\/wp-json\/wp\/v2\/product\/3859","targetHints":{"allow":["GET"]}}],"collection":[{"href":"https:\/\/vapestornado.com\/it\/wp-json\/wp\/v2\/product"}],"about":[{"href":"https:\/\/vapestornado.com\/it\/wp-json\/wp\/v2\/types\/product"}],"replies":[{"embeddable":true,"href":"https:\/\/vapestornado.com\/it\/wp-json\/wp\/v2\/comments?post=3859"}],"wp:featuredmedia":[{"embeddable":true,"href":"https:\/\/vapestornado.com\/it\/wp-json\/wp\/v2\/media\/3855"}],"wp:attachment":[{"href":"https:\/\/vapestornado.com\/it\/wp-json\/wp\/v2\/media?parent=3859"}],"wp:term":[{"taxonomy":"product_brand","embeddable":true,"href":"https:\/\/vapestornado.com\/it\/wp-json\/wp\/v2\/product_brand?post=3859"},{"taxonomy":"product_cat","embeddable":true,"href":"https:\/\/vapestornado.com\/it\/wp-json\/wp\/v2\/product_cat?post=3859"},{"taxonomy":"product_tag","embeddable":true,"href":"https:\/\/vapestornado.com\/it\/wp-json\/wp\/v2\/product_tag?post=3859"}],"curies":[{"name":"wp","href":"https:\/\/api.w.org\/{rel}","templated":true}]}}