{"id":3796,"date":"2025-02-19T07:21:03","date_gmt":"2025-02-19T07:21:03","guid":{"rendered":"https:\/\/vapestornado.com\/?post_type=product&#038;p=3796"},"modified":"2025-08-23T09:18:00","modified_gmt":"2025-08-23T09:18:00","slug":"waspe-12000-digital-box-12k-puff-vapes-disposable-wholesale-price","status":"publish","type":"product","link":"https:\/\/vapestornado.com\/it\/product\/waspe-12000-digital-box-12k-puff-vapes-disposable-wholesale-price\/","title":{"rendered":"Waspe 12000 Digital Box 12k Puff Vape Monouso Prezzo All'Ingrosso"},"content":{"rendered":"<h1 data-pm-slice=\"1 1 []\">Waspe 12000 Digital Box 12k Puff Vape Monouso Prezzo All'Ingrosso<del><br \/>\n<\/del><\/h1>\n<p data-start=\"235\" data-end=\"489\">La <strong data-start=\"239\" data-end=\"282\">Waspe 12000 Digital Box Sigaretta Elettronica Usa e Getta<\/strong> combina capacit\u00e0, prestazioni e praticit\u00e0 in un unico dispositivo elegante. Con fino a <strong data-start=\"363\" data-end=\"379\">12.000 puff<\/strong> e un <strong data-start=\"386\" data-end=\"408\">serbatoio di e-liquid da 25ml<\/strong>, offre sessioni di lunga durata che piacciono sia agli utenti occasionali che a quelli abituali.<\/p>\n<p data-start=\"491\" data-end=\"721\">Dotato di una <strong data-start=\"508\" data-end=\"538\">display digitale integrato<\/strong>, gli utenti possono monitorare facilmente il numero di tiri e la durata della batteria in tempo reale. Il <strong data-start=\"611\" data-end=\"642\">batteria ricaricabile integrata da 650mAh<\/strong> con <strong data-start=\"648\" data-end=\"672\">ricarica rapida di tipo C<\/strong> garantisce un uso efficiente senza sprechi di liquido.<\/p>\n<p data-start=\"723\" data-end=\"948\">Utilizzando <strong data-start=\"729\" data-end=\"758\">tecnologia dual mesh coil<\/strong>, il Waspe 12K fornisce una produzione di vapore fluida e un sapore ricco su un'ampia selezione di miscele. Disponibile in livelli di nicotina di <strong data-start=\"890\" data-end=\"908\">0%, 2% e 5%<\/strong>, soddisfa tutte le preferenze di svapo.<\/p>\n<p data-start=\"950\" data-end=\"1150\">Per grossisti e rivenditori, il <strong data-start=\"985\" data-end=\"1017\">La Sigaretta Elettronica Usa e Getta Waspe 12000 Digital Box<\/strong> offre un forte potenziale di rivendita grazie alla sua combinazione di alto numero di tiri, funzionalit\u00e0 avanzate e prezzi all'ingrosso competitivi.<\/p>\n<p><strong><span style=\"color: #ff0000;\">Aggiungi il whatsapp di Amy per ottenere subito una risposta e un coupon per il vape!<\/span><\/strong><\/p>\n<p><img fetchpriority=\"high\" decoding=\"async\" class=\"size-full wp-image-2932\" src=\"https:\/\/vapestornado.com\/wp-content\/uploads\/2024\/12\/Vape-Wholesale.jpg\" alt=\"Vape all&#039;ingrosso\" width=\"229\" height=\"300\" \/><\/p>\n<h3><a href=\"https:\/\/wa.me\/8617776015835\" target=\"_blank\" rel=\"noopener\"><span style=\"color: #ff0000;\"><strong>WhatsApp: +86 17776015835<\/strong><\/span><\/a><\/h3>\n<p>&nbsp;<\/p>\n<h2><strong>Waspe 12000 Digital Box 12k Caratteristiche del prodotto<\/strong><\/h2>\n<p>Tiri: 12000 tiri<br \/>\nDoppia resistenza a mesh da 1,0ohm<br \/>\nBatteria: A650mAh<br \/>\nE-juice: 20ml<br \/>\nNicotina: 2%\/5% Nicotina<br \/>\nRicaricabile di tipo C<br \/>\nSchermo con indicazione del livello dell'olio e della batteria<\/p>\n<h2 class=\"product-title\"><strong>Waspe Digital Box 12k Elenco dei gusti<\/strong><\/h2>\n<p>1 Ghiaccio all'anguria<strong> <span style=\"color: #ff0000;\">&gt;&gt;&gt;&gt; Caldo!<\/span><\/strong><br \/>\n2 Ghiaccio al lampone blu <strong><span style=\"color: #ff0000;\">&gt;&gt;&gt;&gt; Caldo!<\/span><\/strong><br \/>\n3 Ghiaccio all'Uva<br \/>\n4 Anguria e fragola <strong><span style=\"color: #ff0000;\">&gt;&gt;&gt;&gt; Caldo!<\/span><\/strong><br \/>\n5 Frutti di bosco misti <strong><span style=\"color: #ff0000;\">&gt;&gt;&gt;&gt; Il migliore!<\/span><\/strong><br \/>\n6 Ciambelle alla fragola<br \/>\n7 Mirtillo e lampone <strong><span style=\"color: #ff0000;\">&gt;&gt;&gt;&gt; Caldo!<\/span><\/strong><br \/>\n8 Ciliegia, lampone e fragola <strong><span style=\"color: #ff0000;\">&gt;&gt;&gt;&gt; Caldo!<\/span><\/strong><br \/>\n9 Anguria Mango Pesca<br \/>\n10 Succo di Pera al Vino Rosso<\/p>\n<article class=\"w-full text-token-text-primary focus-visible:outline-2 focus-visible:outline-offset-[-4px]\" dir=\"auto\" data-testid=\"conversation-turn-32\" data-scroll-anchor=\"false\">\n<div class=\"m-auto text-base py-[18px] px-6\">\n<div class=\"mx-auto flex flex-1 text-base gap-4 md:gap-5 lg:gap-6 md:max-w-3xl lg:max-w-[40rem] xl:max-w-[48rem]\">\n<div class=\"group\/conversation-turn relative flex w-full min-w-0 flex-col @xs\/thread:px-0 @sm\/thread:px-1.5 @md\/thread:px-4\">\n<div class=\"flex-col gap-1 md:gap-3\">\n<div class=\"flex max-w-full flex-col flex-grow\">\n<div class=\"min-h-8 text-message flex w-full flex-col items-end gap-2 whitespace-normal break-words text-start [.text-message+&amp;]:mt-5\" dir=\"auto\" data-message-author-role=\"user\" data-message-id=\"ffac41ca-1db4-431b-873a-32c4052956f1\">\n<div class=\"flex w-full flex-col gap-1 empty:hidden items-end rtl:items-start\">\n<div class=\"relative max-w-[var(--user-chat-width,70%)] rounded-3xl bg-token-message-surface px-5 py-2.5\">\n<div class=\"absolute bottom-0 right-full top-0 -mr-3.5 hidden pr-5 pt-2 [.group\/conversation-turn:hover_&amp;]:flex\">\n<div class=\"flex\">\n<article class=\"w-full text-token-text-primary focus-visible:outline-2 focus-visible:outline-offset-[-4px]\" dir=\"auto\" data-testid=\"conversation-turn-39\" data-scroll-anchor=\"true\">\n<div class=\"m-auto text-base py-[18px] px-6\">\n<div class=\"mx-auto flex flex-1 text-base gap-4 md:gap-5 lg:gap-6 md:max-w-3xl lg:max-w-[40rem] xl:max-w-[48rem]\">\n<div class=\"group\/conversation-turn relative flex w-full min-w-0 flex-col agent-turn @xs\/thread:px-0 @sm\/thread:px-1.5 @md\/thread:px-4\">\n<div class=\"flex-col gap-1 md:gap-3\">\n<div class=\"flex max-w-full flex-col flex-grow\">\n<div class=\"min-h-8 text-message flex w-full flex-col items-end gap-2 whitespace-normal break-words text-start [.text-message+&amp;]:mt-5\" dir=\"auto\" data-message-author-role=\"assistant\" data-message-id=\"55a23854-ec57-48dd-bd4f-6118f43d6241\" data-message-model-slug=\"gpt-4o\">\n<div class=\"flex w-full flex-col gap-1 empty:hidden first:pt-[3px]\">\n<div class=\"markdown prose w-full break-words dark:prose-invert light\">\n<figure id=\"attachment_3816\" aria-describedby=\"caption-attachment-3816\" style=\"width: 800px\" class=\"wp-caption alignnone\"><img decoding=\"async\" class=\"wp-image-3816 size-full\" src=\"https:\/\/vapestornado.com\/wp-content\/uploads\/2025\/03\/Waspe-12k-Puffs-Digital-Box.webp\" alt=\"Waspe 12k Puffs Scatola Digitale\" width=\"800\" height=\"800\" srcset=\"https:\/\/vapestornado.com\/wp-content\/uploads\/2025\/03\/Waspe-12k-Puffs-Digital-Box.webp 800w, https:\/\/vapestornado.com\/wp-content\/uploads\/2025\/03\/Waspe-12k-Puffs-Digital-Box-300x300.webp 300w, https:\/\/vapestornado.com\/wp-content\/uploads\/2025\/03\/Waspe-12k-Puffs-Digital-Box-150x150.webp 150w, https:\/\/vapestornado.com\/wp-content\/uploads\/2025\/03\/Waspe-12k-Puffs-Digital-Box-768x768.webp 768w, https:\/\/vapestornado.com\/wp-content\/uploads\/2025\/03\/Waspe-12k-Puffs-Digital-Box-600x600.webp 600w, https:\/\/vapestornado.com\/wp-content\/uploads\/2025\/03\/Waspe-12k-Puffs-Digital-Box-100x100.webp 100w\" sizes=\"(max-width: 800px) 100vw, 800px\" \/><figcaption id=\"caption-attachment-3816\" class=\"wp-caption-text\">Waspe 12k Puffs Scatola Digitale<\/figcaption><\/figure>\n<\/div>\n<\/div>\n<\/div>\n<\/div>\n<\/div>\n<\/div>\n<\/div>\n<\/div>\n<\/article>\n<\/div>\n<\/div>\n<\/div>\n<\/div>\n<\/div>\n<\/div>\n<\/div>\n<\/div>\n<\/div>\n<\/div>\n<\/article>\n<h3>Perch\u00e9 scegliere vapestornado per la vendita all'ingrosso di vaporizzatori usa e getta Waspe Digital Box 12000 Puff?<\/h3>\n<div class=\"flex-shrink-0 flex flex-col relative items-end\">\n<div class=\"pt-0\">\n<div class=\"gizmo-bot-avatar flex h-8 w-8 items-center justify-center overflow-hidden rounded-full\">\n<div class=\"relative p-1 rounded-sm flex items-center justify-center bg-token-main-surface-primary text-token-text-primary h-8 w-8\">\n<p>Benvenuti su vapestornado, il vostro negozio di vape online di fiducia per vaporizzatori usa e getta premium. Con pi\u00f9 di 5 anni di esperienza, vi offriamo marchi popolari di vaporizzatori usa e getta come Fumot RandM Vape, Vapme, Bang Vape, Waspe Vape e WGA Vape, ecc.<\/p>\n<p>La nostra gamma include vaporizzatori usa e getta a doppio gusto di grande successo come il <a href=\"https:\/\/vapestornado.com\/it\/product\/waspe-fihp-36000-36k-puff-twins-flavor-rechargeable-disposable-vape-bulk-buy-at-wholesale-prices\/\">FIHP 36K Puff Twins Gusto<\/a>, <a href=\"https:\/\/vapestornado.com\/it\/product\/waspe-crystal-40000-puffs-40k-double-flavor-rechargeable-disposable-vapes-cheap-price\/\">WASPE Crystal 40k Doppio Gusto<\/a> e scelte ricche di sapore come il <a href=\"https:\/\/vapestornado.com\/it\/product\/razzbar-15000-puffs-rechargeable-disposable-vape-bulk-buy-at-cheap-prices\/\">RAZZBAR 15000 Puff<\/a>. Ogni prodotto \u00e8 scelto con un focus su qualit\u00e0, valore e variet\u00e0, assicurandoti di trovare la corrispondenza perfetta per le tue esigenze. Scopri un servizio eccezionale e una vasta gamma di prodotti di alta qualit\u00e0 con prezzi all'ingrosso su vapestornado.<\/p>\n<\/div>\n<h3><\/h3>\n<div class=\"relative p-1 rounded-sm flex items-center justify-center bg-token-main-surface-primary text-token-text-primary h-8 w-8\">\n<h3>FAQ per Waspe 12000 Puffs Vaporizzatore Usa e Getta<\/h3>\n<\/div>\n<\/div>\n<\/div>\n<\/div>\n<div class=\"flex-shrink-0 flex flex-col relative items-end\">\n<div class=\"pt-0\">\n<div class=\"gizmo-bot-avatar flex h-8 w-8 items-center justify-center overflow-hidden rounded-full\">\n<div class=\"relative p-1 rounded-sm flex items-center justify-center bg-token-main-surface-primary text-token-text-primary h-8 w-8\">\n<div class=\"mb-2 flex gap-3 empty:hidden -ml-2\">\n<p data-pm-slice=\"1 1 []\"><strong>1. Quanto dura il Waspe 12000?<\/strong><\/p>\n<p data-pm-slice=\"1 1 []\">Il Waspe 12000 fornisce <strong>fino a 12.000 puff<\/strong>, rendendolo uno dei vaporizzatori usa e getta pi\u00f9 duraturi sul mercato. Con il suo <strong>batteria ricaricabile<\/strong>, puoi goderti un vaping ininterrotto per un periodo prolungato.<\/p>\n<p><strong>2. Il Waspe 12000 ha un display digitale?<\/strong><\/p>\n<p>S\u00ec! Il <strong>display digitale<\/strong> integrato ti consente di monitorare la durata della batteria e il conteggio dei puff in tempo reale, offrendo un'esperienza di vaping senza interruzioni.<\/p>\n<p><strong>3. Quali gusti sono disponibili per il Waspe 12000?<\/strong><\/p>\n<p>Questo vape \u00e8 disponibile in una <strong>ampia variet\u00e0 di gusti<\/strong>, tra cui opzioni fruttate, mentolate e di tabacco classico. Ce n'\u00e8 per tutti i gusti!<\/p>\n<p><strong>4. Il Waspe 12000 \u00e8 ricaricabile?<\/strong><\/p>\n<p>Assolutamente! Il Waspe 12000 \u00e8 dotato di una porta <strong>ricarica rapida di tipo C<\/strong> , quindi puoi ricaricare rapidamente e continuare a svapare senza lunghi tempi di attesa.<\/p>\n<p><strong>5. Dove posso acquistare il Waspe 12000 a prezzi all'ingrosso?<\/strong><\/p>\n<p>Per i migliori <strong>prezzi all'ingrosso<\/strong>, dai un'occhiata a <strong>Vapestornado negozio di vape online<\/strong>, la tua fonte affidabile per <strong>vapes usa e getta economici<\/strong> e acquisti all'ingrosso.<\/p>\n<h4>Come ordinare?<\/h4>\n<p><strong>1. Quali metodi di pagamento accettate?<\/strong><br \/>\nAccettiamo bonifico IBAN e <span style=\"font-size: 16px;\">Western Union<\/span>\u00a0per transazioni sicure e convenienti.<\/p>\n<p><strong>2. Come posso tracciare il mio ordine?<\/strong><br \/>\nDopo che il tuo ordine \u00e8 stato spedito, <span class=\"selectable-text copyable-text false\">manterremo aggiornato il tracciamento del carico fino a quando non avrai ricevuto il carico<\/span>.<\/p>\n<p><strong>3. Qual \u00e8 il tempo di spedizione stimato?<\/strong><\/p>\n<ul>\n<li>Spedizione da <strong>Magazzini in Cina<\/strong> richiede approssimativamente <strong>7-14 giorni lavorativi<\/strong>.<\/li>\n<li>Spedizione da <strong>Magazzini europei<\/strong> di solito richiede <strong>3-6 giorni lavorativi<\/strong>.<\/li>\n<\/ul>\n<p><strong>4. Come posso ottenere una consegna pi\u00f9 rapida?<\/strong><br \/>\nPer una consegna pi\u00f9 rapida, consigliamo di ordinare dal nostro <strong>Magazzino europeo<\/strong>, che offre tempi di spedizione pi\u00f9 rapidi.<\/p>\n<p><strong>5. Come posso restituire un articolo?<\/strong><br \/>\nPer restituire un articolo, contatta il nostro servizio clienti per istruzioni dettagliate sulla procedura di reso.<\/p>\n<p><strong>6. Offrite spedizioni internazionali?<\/strong><br \/>\nS\u00ec, spediamo nella maggior parte dei paesi e gestiamo lo <strong>sdoganamento<\/strong> per un'esperienza di consegna senza problemi.<\/p>\n<p><strong>7. Cosa succede se ricevo un prodotto danneggiato o difettoso?<\/strong><br \/>\nSe il tuo articolo \u00e8 danneggiato o difettoso, contatta il servizio clienti per una <strong>sostituzione o rimborso<\/strong>.<\/p>\n<p><strong>8. Come posso contattare il servizio clienti?<\/strong><br \/>\nPuoi contattarci tramite <strong>e-mail, WhatsApp o chat dal vivo<\/strong> sul nostro sito web per qualsiasi assistenza.<\/p>\n<\/div>\n<\/div>\n<\/div>\n<\/div>\n<\/div>","protected":false},"excerpt":{"rendered":"<p><strong>Massicci 12000 puff<\/strong> per un utilizzo prolungato \u2714 <strong>Ricaricabile<\/strong> con <strong>porta Type-C a ricarica rapida<\/strong> \u2714 <strong>Display digitale<\/strong> per il monitoraggio in tempo reale della batteria <strong>Variet\u00e0 di gusti<\/strong> per soddisfare tutte le preferenze di gusto \u2714 <strong>Resistenza a doppia mesh di alta qualit\u00e0<\/strong> per una maggiore produzione di vapore \u2714 <strong>Prezzi all'ingrosso bassi<\/strong> per acquirenti all'ingrosso<\/p>\n<p>Ottieni le migliori offerte su <strong>Waspe 12000 Digital Box 12K Puff Vape<\/strong> adesso! <strong>Vape usa e getta all'ingrosso<\/strong> non sono mai stati cos\u00ec convenienti!<\/p>\n<p><strong>Aggiungi il whatsapp di Amy per ottenere subito una risposta e un coupon per il vape!<\/strong><\/p>\n<p><img fetchpriority=\"high\" decoding=\"async\" class=\"size-full wp-image-2932\" src=\"https:\/\/vapestornado.com\/wp-content\/uploads\/2024\/12\/Vape-Wholesale.jpg\" alt=\"Vape all&#039;ingrosso\" width=\"229\" height=\"300\" \/><\/p>\n<h3><a href=\"https:\/\/wa.me\/8617776015835\"><span style=\"color: #ff0000;\"><strong>WhatsApp: +86 17776015835<\/strong><\/span><\/a><\/h3>\n<p>&nbsp;<\/p>","protected":false},"featured_media":3815,"comment_status":"open","ping_status":"closed","template":"","meta":{"_acf_changed":false,"_uag_custom_page_level_css":"","_lmt_disableupdate":"no","_lmt_disable":"","_monsterinsights_skip_tracking":false,"_monsterinsights_sitenote_active":false,"_monsterinsights_sitenote_note":"","_monsterinsights_sitenote_category":0,"site-sidebar-layout":"default","site-content-layout":"","ast-site-content-layout":"default","site-content-style":"default","site-sidebar-style":"default","ast-global-header-display":"","ast-banner-title-visibility":"","ast-main-header-display":"","ast-hfb-above-header-display":"","ast-hfb-below-header-display":"","ast-hfb-mobile-header-display":"","site-post-title":"","ast-breadcrumbs-content":"","ast-featured-img":"","footer-sml-layout":"","ast-disable-related-posts":"","theme-transparent-header-meta":"default","adv-header-id-meta":"","stick-header-meta":"","header-above-stick-meta":"","header-main-stick-meta":"","header-below-stick-meta":"","astra-migrate-meta-layouts":"set","ast-page-background-enabled":"default","ast-page-background-meta":{"desktop":{"background-color":"","background-image":"","background-repeat":"repeat","background-position":"center center","background-size":"auto","background-attachment":"scroll","background-type":"","background-media":"","overlay-type":"","overlay-color":"","overlay-opacity":"","overlay-gradient":""},"tablet":{"background-color":"","background-image":"","background-repeat":"repeat","background-position":"center center","background-size":"auto","background-attachment":"scroll","background-type":"","background-media":"","overlay-type":"","overlay-color":"","overlay-opacity":"","overlay-gradient":""},"mobile":{"background-color":"","background-image":"","background-repeat":"repeat","background-position":"center center","background-size":"auto","background-attachment":"scroll","background-type":"","background-media":"","overlay-type":"","overlay-color":"","overlay-opacity":"","overlay-gradient":""}},"ast-content-background-meta":{"desktop":{"background-color":"var(--ast-global-color-5)","background-image":"","background-repeat":"repeat","background-position":"center center","background-size":"auto","background-attachment":"scroll","background-type":"","background-media":"","overlay-type":"","overlay-color":"","overlay-opacity":"","overlay-gradient":""},"tablet":{"background-color":"var(--ast-global-color-5)","background-image":"","background-repeat":"repeat","background-position":"center center","background-size":"auto","background-attachment":"scroll","background-type":"","background-media":"","overlay-type":"","overlay-color":"","overlay-opacity":"","overlay-gradient":""},"mobile":{"background-color":"var(--ast-global-color-5)","background-image":"","background-repeat":"repeat","background-position":"center center","background-size":"auto","background-attachment":"scroll","background-type":"","background-media":"","overlay-type":"","overlay-color":"","overlay-opacity":"","overlay-gradient":""}},"_joinchat":{"telephone":"17776015835"}},"product_brand":[],"product_cat":[19,72,151,155,160,142,146,60],"product_tag":[247,105,97,94,241,93,248],"class_list":{"0":"post-3796","1":"product","2":"type-product","3":"status-publish","4":"has-post-thumbnail","6":"product_cat-vapes","7":"product_cat-12000-puff","8":"product_cat-buy-disposable-vapes-in-france","9":"product_cat-buy-disposable-vapes-in-norway","10":"product_cat-buy-disposable-vapes-in-switzerland","11":"product_cat-digital-box-disposable-vapes","12":"product_cat-rechargeable-disposable-vapes","13":"product_cat-waspe-fihp-vape","14":"product_tag-12k-puff","15":"product_tag-digital-disposable-vape","16":"product_tag-hot-sale-disposable-vape","17":"product_tag-rechargeable-disposable-vape","18":"product_tag-smart-screen-disposable-vape","19":"product_tag-vape-wholesale","20":"product_tag-waspe-12000-digital-box","21":"desktop-align-left","22":"tablet-align-left","23":"mobile-align-left","25":"first","26":"instock","27":"sale","28":"shipping-taxable","29":"purchasable","30":"product-type-simple"},"acf":[],"uagb_featured_image_src":{"full":["https:\/\/vapestornado.com\/wp-content\/uploads\/2025\/03\/WASPE-12k-Puff-Disposable-Vape-Bulk-Buy.webp",800,800,false],"thumbnail":["https:\/\/vapestornado.com\/wp-content\/uploads\/2025\/03\/WASPE-12k-Puff-Disposable-Vape-Bulk-Buy-150x150.webp",150,150,true],"medium":["https:\/\/vapestornado.com\/wp-content\/uploads\/2025\/03\/WASPE-12k-Puff-Disposable-Vape-Bulk-Buy-300x300.webp",300,300,true],"medium_large":["https:\/\/vapestornado.com\/wp-content\/uploads\/2025\/03\/WASPE-12k-Puff-Disposable-Vape-Bulk-Buy-768x768.webp",768,768,true],"large":["https:\/\/vapestornado.com\/wp-content\/uploads\/2025\/03\/WASPE-12k-Puff-Disposable-Vape-Bulk-Buy.webp",800,800,false],"1536x1536":["https:\/\/vapestornado.com\/wp-content\/uploads\/2025\/03\/WASPE-12k-Puff-Disposable-Vape-Bulk-Buy.webp",800,800,false],"2048x2048":["https:\/\/vapestornado.com\/wp-content\/uploads\/2025\/03\/WASPE-12k-Puff-Disposable-Vape-Bulk-Buy.webp",800,800,false],"trp-custom-language-flag":["https:\/\/vapestornado.com\/wp-content\/uploads\/2025\/03\/WASPE-12k-Puff-Disposable-Vape-Bulk-Buy.webp",12,12,false],"woocommerce_thumbnail":["https:\/\/vapestornado.com\/wp-content\/uploads\/2025\/03\/WASPE-12k-Puff-Disposable-Vape-Bulk-Buy-300x300.webp",300,300,true],"woocommerce_single":["https:\/\/vapestornado.com\/wp-content\/uploads\/2025\/03\/WASPE-12k-Puff-Disposable-Vape-Bulk-Buy-600x600.webp",600,600,true],"woocommerce_gallery_thumbnail":["https:\/\/vapestornado.com\/wp-content\/uploads\/2025\/03\/WASPE-12k-Puff-Disposable-Vape-Bulk-Buy-100x100.webp",100,100,true]},"uagb_author_info":{"display_name":"ESAMY","author_link":"https:\/\/vapestornado.com\/it\/author\/"},"uagb_comment_info":0,"uagb_excerpt":"Massive 12000 puffs for extended usage \u2714 Rechargeable with fast-charging Type-C port \u2714 Digital display for real-time monitoring of battery &amp; puffs \u2714 Variety of flavors to suit all taste preferences \u2714 High-quality dual mesh coil for enhanced vapor production \u2714 Low wholesale prices for bulk buyers Get the best deals on Waspe 12000 Digital&hellip;","_links":{"self":[{"href":"https:\/\/vapestornado.com\/it\/wp-json\/wp\/v2\/product\/3796","targetHints":{"allow":["GET"]}}],"collection":[{"href":"https:\/\/vapestornado.com\/it\/wp-json\/wp\/v2\/product"}],"about":[{"href":"https:\/\/vapestornado.com\/it\/wp-json\/wp\/v2\/types\/product"}],"replies":[{"embeddable":true,"href":"https:\/\/vapestornado.com\/it\/wp-json\/wp\/v2\/comments?post=3796"}],"wp:featuredmedia":[{"embeddable":true,"href":"https:\/\/vapestornado.com\/it\/wp-json\/wp\/v2\/media\/3815"}],"wp:attachment":[{"href":"https:\/\/vapestornado.com\/it\/wp-json\/wp\/v2\/media?parent=3796"}],"wp:term":[{"taxonomy":"product_brand","embeddable":true,"href":"https:\/\/vapestornado.com\/it\/wp-json\/wp\/v2\/product_brand?post=3796"},{"taxonomy":"product_cat","embeddable":true,"href":"https:\/\/vapestornado.com\/it\/wp-json\/wp\/v2\/product_cat?post=3796"},{"taxonomy":"product_tag","embeddable":true,"href":"https:\/\/vapestornado.com\/it\/wp-json\/wp\/v2\/product_tag?post=3796"}],"curies":[{"name":"wp","href":"https:\/\/api.w.org\/{rel}","templated":true}]}}