{"id":3788,"date":"2025-02-18T03:50:57","date_gmt":"2025-02-18T03:50:57","guid":{"rendered":"https:\/\/vapestornado.com\/?post_type=product&#038;p=3788"},"modified":"2025-08-23T09:28:52","modified_gmt":"2025-08-23T09:28:52","slug":"jnr-nicotine-pouches-25mg-15-flavours-shop-online-lower-price","status":"publish","type":"product","link":"https:\/\/vapestornado.com\/it\/product\/jnr-nicotine-pouches-25mg-15-flavours-shop-online-lower-price\/","title":{"rendered":"JNR Sacchetti di Nicotina 25mg 15+ Gusti Acquista Online Prezzo Pi\u00f9 Basso"},"content":{"rendered":"<h1 class=\"product-title\">JNR Sacchetti di Nicotina 25mg 15+ Gusti Acquista Online Prezzo Pi\u00f9 Basso<\/h1>\n<p data-start=\"263\" data-end=\"535\">La <strong data-start=\"267\" data-end=\"296\">Bustine di nicotina JNR 25mg<\/strong> sono progettati per utenti che desiderano un'esperienza di nicotina forte ed efficace senza fumare o utilizzare vaporizzatori. Ogni bustina contiene <strong data-start=\"419\" data-end=\"439\">25 mg di nicotina<\/strong>, fornendo un rilascio rapido e potente, ideale per utenti esperti che cercano intensit\u00e0 e concentrazione.<\/p>\n<p data-start=\"537\" data-end=\"781\">Realizzati con <strong data-start=\"547\" data-end=\"583\">fibre a base vegetale senza tabacco<\/strong>, queste bustine sottili si adattano comodamente sotto il labbro superiore senza sporcare, senza bisogno di sputare e senza odori persistenti. Il design discreto le rende facili da usare in qualsiasi momento: al lavoro, in viaggio o in contesti sociali.<\/p>\n<p data-start=\"783\" data-end=\"1056\">Disponibile in <strong data-start=\"796\" data-end=\"811\">Oltre 15 gusti<\/strong> tra cui Menta, Agrumi e Frutti di Bosco, le <strong data-start=\"851\" data-end=\"880\">JNR Bustine di Nicotina da 25 mg<\/strong> combinano forza e gusto rinfrescante. Offrono un'alternativa comoda e senza fumo per chiunque cerchi un'opzione di nicotina potente e di alta qualit\u00e0 a un prezzo competitivo.<\/p>\n<p><strong>Aggiungi il whatsapp di Amy per ottenere la risposta giusta e il prezzo scontato!<\/strong><\/p>\n<p><img fetchpriority=\"high\" decoding=\"async\" class=\"size-full wp-image-2932\" src=\"https:\/\/vapestornado.com\/wp-content\/uploads\/2024\/12\/Vape-Wholesale.jpg\" alt=\"Vape all&#039;ingrosso\" width=\"229\" height=\"300\" \/><\/p>\n<h3><a href=\"https:\/\/wa.me\/8617776015835\" target=\"_blank\" rel=\"noopener\"><span style=\"color: #ff0000;\"><strong>WhatsApp: +86 17776015835<\/strong><\/span><\/a><\/h3>\n<p>&nbsp;<\/p>\n<h2><strong>Caratteristiche del prodotto bustine di nicotina JNR 25mg<\/strong><\/h2>\n<p>Marchio: JNR<br \/>\nConcentrazione di nicotina: 25 mg per bustina<br \/>\nNumero di bustine: 20 pezzi per lattina<\/p>\n<figure id=\"attachment_3773\" aria-describedby=\"caption-attachment-3773\" style=\"width: 1000px\" class=\"wp-caption alignnone\"><img decoding=\"async\" class=\"wp-image-3773 size-full\" src=\"https:\/\/vapestornado.com\/wp-content\/uploads\/2025\/02\/Hot-Selling-JNR-Nicotine-Pouches-25mg.webp\" alt=\"Bustine di nicotina JNR 25mg pi\u00f9 vendute\" width=\"1000\" height=\"1000\" srcset=\"https:\/\/vapestornado.com\/wp-content\/uploads\/2025\/02\/Hot-Selling-JNR-Nicotine-Pouches-25mg.webp 1000w, https:\/\/vapestornado.com\/wp-content\/uploads\/2025\/02\/Hot-Selling-JNR-Nicotine-Pouches-25mg-300x300.webp 300w, https:\/\/vapestornado.com\/wp-content\/uploads\/2025\/02\/Hot-Selling-JNR-Nicotine-Pouches-25mg-150x150.webp 150w, https:\/\/vapestornado.com\/wp-content\/uploads\/2025\/02\/Hot-Selling-JNR-Nicotine-Pouches-25mg-768x768.webp 768w, https:\/\/vapestornado.com\/wp-content\/uploads\/2025\/02\/Hot-Selling-JNR-Nicotine-Pouches-25mg-600x600.webp 600w, https:\/\/vapestornado.com\/wp-content\/uploads\/2025\/02\/Hot-Selling-JNR-Nicotine-Pouches-25mg-100x100.webp 100w\" sizes=\"(max-width: 1000px) 100vw, 1000px\" \/><figcaption id=\"caption-attachment-3773\" class=\"wp-caption-text\">Bustine di nicotina JNR 25mg pi\u00f9 vendute<\/figcaption><\/figure>\n<h2 class=\"product-title\"><strong>Lista gusti bustine di nicotina JNR 25mg<\/strong><\/h2>\n<ol data-start=\"59\" data-end=\"318\" data-is-last-node=\"\">\n<li data-start=\"59\" data-end=\"76\">Amarena<\/li>\n<li data-start=\"77\" data-end=\"95\">Ghiaccio al lampone blu<\/li>\n<li data-start=\"96\" data-end=\"115\">Mirtillo Menta<\/li>\n<li data-start=\"116\" data-end=\"135\">Agrumi rinfrescanti<\/li>\n<li data-start=\"136\" data-end=\"151\">Cola frizzante<\/li>\n<li data-start=\"152\" data-end=\"163\">Ghiaccio<\/li>\n<li data-start=\"164\" data-end=\"177\">Ghiaccio fresco<\/li>\n<li data-start=\"178\" data-end=\"191\">Menta glaciale<\/li>\n<li data-start=\"192\" data-end=\"210\">Menta verde glaciale<\/li>\n<li data-start=\"211\" data-end=\"228\">Frutti di Bosco Misti<\/li>\n<li data-start=\"229\" data-end=\"246\">Morbido toffee<\/li>\n<li data-start=\"247\" data-end=\"267\">Ghiaccio alla fragola<\/li>\n<li data-start=\"268\" data-end=\"282\">Tropicale<\/li>\n<li data-start=\"283\" data-end=\"299\">Doppia Mela<\/li>\n<li data-start=\"300\" data-end=\"318\" data-is-last-node=\"\">Ghiaccio all'anguria<\/li>\n<\/ol>\n<h3 class=\"product-title\">Le bustine di nicotina sono utili?<\/h3>\n<article class=\"w-full text-token-text-primary focus-visible:outline-2 focus-visible:outline-offset-[-4px]\" dir=\"auto\" data-testid=\"conversation-turn-32\" data-scroll-anchor=\"false\">\n<div class=\"m-auto text-base py-[18px] px-6\">\n<div class=\"mx-auto flex flex-1 text-base gap-4 md:gap-5 lg:gap-6 md:max-w-3xl lg:max-w-[40rem] xl:max-w-[48rem]\">\n<div class=\"group\/conversation-turn relative flex w-full min-w-0 flex-col @xs\/thread:px-0 @sm\/thread:px-1.5 @md\/thread:px-4\">\n<div class=\"flex-col gap-1 md:gap-3\">\n<div class=\"flex max-w-full flex-col flex-grow\">\n<div class=\"min-h-8 text-message flex w-full flex-col items-end gap-2 whitespace-normal break-words text-start [.text-message+&amp;]:mt-5\" dir=\"auto\" data-message-author-role=\"user\" data-message-id=\"ffac41ca-1db4-431b-873a-32c4052956f1\">\n<div class=\"flex w-full flex-col gap-1 empty:hidden items-end rtl:items-start\">\n<div class=\"relative max-w-[var(--user-chat-width,70%)] rounded-3xl bg-token-message-surface px-5 py-2.5\">\n<div class=\"absolute bottom-0 right-full top-0 -mr-3.5 hidden pr-5 pt-2 [.group\/conversation-turn:hover_&amp;]:flex\">\n<div class=\"flex\"><\/div>\n<\/div>\n<\/div>\n<\/div>\n<\/div>\n<\/div>\n<\/div>\n<\/div>\n<\/div>\n<\/div>\n<\/article>\n<article class=\"w-full text-token-text-primary focus-visible:outline-2 focus-visible:outline-offset-[-4px]\" dir=\"auto\" data-testid=\"conversation-turn-33\" data-scroll-anchor=\"true\">\n<div class=\"m-auto text-base py-[18px] px-6\">\n<div class=\"mx-auto flex flex-1 text-base gap-4 md:gap-5 lg:gap-6 md:max-w-3xl lg:max-w-[40rem] xl:max-w-[48rem]\">\n<div class=\"group\/conversation-turn relative flex w-full min-w-0 flex-col agent-turn @xs\/thread:px-0 @sm\/thread:px-1.5 @md\/thread:px-4\">\n<div class=\"flex-col gap-1 md:gap-3\">\n<div class=\"flex max-w-full flex-col flex-grow\">\n<div class=\"min-h-8 text-message flex w-full flex-col items-end gap-2 whitespace-normal break-words text-start [.text-message+&amp;]:mt-5\" dir=\"auto\" data-message-author-role=\"assistant\" data-message-id=\"e542e950-e3a5-4b1a-98f8-7584a2f9bc41\" data-message-model-slug=\"gpt-4o\">\n<div class=\"flex w-full flex-col gap-1 empty:hidden first:pt-[3px]\">\n<div class=\"markdown prose w-full break-words dark:prose-invert light\">\n<article class=\"w-full text-token-text-primary focus-visible:outline-2 focus-visible:outline-offset-[-4px]\" dir=\"auto\" data-testid=\"conversation-turn-35\" data-scroll-anchor=\"true\">\n<div class=\"m-auto text-base py-[18px] px-6\">\n<div class=\"mx-auto flex flex-1 text-base gap-4 md:gap-5 lg:gap-6 md:max-w-3xl lg:max-w-[40rem] xl:max-w-[48rem]\">\n<div class=\"group\/conversation-turn relative flex w-full min-w-0 flex-col agent-turn @xs\/thread:px-0 @sm\/thread:px-1.5 @md\/thread:px-4\">\n<div class=\"flex-col gap-1 md:gap-3\">\n<div class=\"flex max-w-full flex-col flex-grow\">\n<div class=\"min-h-8 text-message flex w-full flex-col items-end gap-2 whitespace-normal break-words text-start [.text-message+&amp;]:mt-5\" dir=\"auto\" data-message-author-role=\"assistant\" data-message-id=\"19ad7ab6-95d5-4367-834a-f160e402f0d6\" data-message-model-slug=\"gpt-4o\">\n<div class=\"flex w-full flex-col gap-1 empty:hidden first:pt-[3px]\">\n<div class=\"markdown prose w-full break-words dark:prose-invert light\">\n<p>Per i fumatori che cercano di smettere, le bustine di nicotina offrono un'alternativa pi\u00f9 pulita e senza tabacco. Sebbene la nicotina in s\u00e9 possa comportare rischi per la salute, le bustine eliminano gli effetti dannosi del fumo, rendendole un'opzione pi\u00f9 sana per i fumatori che desiderano ridurre i danni. Il fumo \u00e8 considerato il modo pi\u00f9 malsano di consumare nicotina, quindi passare alle bustine di nicotina pu\u00f2 essere un passo positivo per gli utenti attenti alla propria salute.<\/p>\n<\/div>\n<\/div>\n<\/div>\n<\/div>\n<\/div>\n<\/div>\n<\/div>\n<\/div>\n<\/article>\n<\/div>\n<\/div>\n<\/div>\n<\/div>\n<\/div>\n<\/div>\n<\/div>\n<\/div>\n<\/article>\n<h3>Perch\u00e9 scegliere vapestornado per la vendita all'ingrosso di bustine di nicotina JNR?<\/h3>\n<div class=\"flex-shrink-0 flex flex-col relative items-end\">\n<div class=\"pt-0\">\n<div class=\"gizmo-bot-avatar flex h-8 w-8 items-center justify-center overflow-hidden rounded-full\">\n<div class=\"relative p-1 rounded-sm flex items-center justify-center bg-token-main-surface-primary text-token-text-primary h-8 w-8\">\n<p>Benvenuti su vapestornado, il vostro negozio di vape online di fiducia per vaporizzatori usa e getta premium. Con pi\u00f9 di 5 anni di esperienza, vi offriamo marchi popolari di vaporizzatori usa e getta come Fumot RandM Vape, Vapme, Bang Vape, Waspe Vape e WGA Vape, ecc.<\/p>\n<p>La nostra gamma include vaporizzatori usa e getta a doppio gusto di grande successo come il <a href=\"https:\/\/vapestornado.com\/it\/product\/bang-king-35k-35000-puffs-2-in-1-dual-flavour-disposable-vape-wholesale-cheap-price\/\">Bang King 35k 35000 boccate<\/a>, <a href=\"https:\/\/vapestornado.com\/it\/product\/waspe-crystal-40000-puffs-40k-double-flavor-rechargeable-disposable-vapes-cheap-price\/\">WASPE Crystal 40k Doppio Gusto<\/a> e scelte ricche di sapore come il <a href=\"https:\/\/vapestornado.com\/it\/product\/razzbar-15000-puffs-rechargeable-disposable-vape-bulk-buy-at-cheap-prices\/\">RAZZBAR 15000 Puff<\/a>. Ogni prodotto \u00e8 scelto con un focus su qualit\u00e0, valore e variet\u00e0, assicurandoti di trovare la corrispondenza perfetta per le tue esigenze. Scopri un servizio eccezionale e una vasta gamma di prodotti di alta qualit\u00e0 con prezzi all'ingrosso su vapestornado.<\/p>\n<\/div>\n<h3><\/h3>\n<div class=\"relative p-1 rounded-sm flex items-center justify-center bg-token-main-surface-primary text-token-text-primary h-8 w-8\">\n<h3>Domande frequenti sulle bustine di nicotina JNR<\/h3>\n<\/div>\n<\/div>\n<\/div>\n<\/div>\n<div class=\"flex-shrink-0 flex flex-col relative items-end\">\n<div class=\"pt-0\">\n<div class=\"gizmo-bot-avatar flex h-8 w-8 items-center justify-center overflow-hidden rounded-full\">\n<div class=\"relative p-1 rounded-sm flex items-center justify-center bg-token-main-surface-primary text-token-text-primary h-8 w-8\">\n<div class=\"mb-2 flex gap-3 empty:hidden -ml-2\">\n<p data-start=\"42\" data-end=\"510\"><strong data-start=\"42\" data-end=\"152\">1. Quali sono i principali vantaggi dell'uso delle bustine di nicotina JNR 25mg rispetto al fumo o allo svapo tradizionali?<\/strong><br data-start=\"152\" data-end=\"155\" \/>Le bustine di nicotina JNR 25mg offrono un'esperienza di nicotina pi\u00f9 pulita e discreta, senza la necessit\u00e0 di fumare o svapare. Realizzate con ingredienti senza tabacco, offrono un'opzione senza fumo e senza odore per il consumo di nicotina. Le bustine sottili e portatili possono essere utilizzate sempre e ovunque, rendendole una comoda alternativa ai prodotti del tabacco tradizionali.<\/p>\n<p data-start=\"512\" data-end=\"893\"><strong data-start=\"512\" data-end=\"625\">2. Quanto dura la sensazione di formicolio quando si usa una bustina di nicotina JNR e cosa indica?<\/strong><br data-start=\"625\" data-end=\"628\" \/>Quando si posiziona una bustina di nicotina JNR 25mg sotto il labbro, si avverte una sensazione di formicolio che in genere dura circa 15 minuti. Questa sensazione indica il rilascio di nicotina ed \u00e8 un segnale che la bustina sta funzionando come previsto, offrendo un forte apporto di nicotina.<\/p>\n<p data-start=\"895\" data-end=\"1290\"><strong data-start=\"895\" data-end=\"995\">3. Le bustine di nicotina JNR 25mg possono aiutare i fumatori a smettere e cosa le rende un'alternativa pi\u00f9 sana?<\/strong><br data-start=\"995\" data-end=\"998\" \/>S\u00ec, le bustine di nicotina JNR possono aiutare i fumatori a smettere fornendo un'opzione senza tabacco e senza fumo per l'assunzione di nicotina. Poich\u00e9 non contengono tabacco, eliminano gli effetti dannosi del fumo, rendendole un'alternativa pi\u00f9 sana per coloro che cercano di ridurre o smettere di usare il tabacco.<\/p>\n<p data-start=\"1292\" data-end=\"1826\"><strong data-start=\"1292\" data-end=\"1409\">4. Quali gusti sono disponibili per le bustine di nicotina JNR 25mg e quale offre l'esperienza pi\u00f9 rinfrescante?<\/strong><br data-start=\"1409\" data-end=\"1412\" \/>Le bustine di nicotina JNR sono disponibili in una variet\u00e0 di gusti rinfrescanti, tra cui ciliegia nera, ghiaccio al lampone blu, menta e mirtillo, agrume rinfrescante, frutti di bosco misti, fragola ghiacciata e altro ancora. Per un'esperienza rinfrescante, molti utenti apprezzano la sensazione rinfrescante di gusti come menta ghiacciata, ghiaccio al lampone blu e fragola ghiacciata.<\/p>\n<p data-start=\"1828\" data-end=\"2274\" data-is-last-node=\"\"><strong data-start=\"1828\" data-end=\"1932\">5. Come devo posizionare correttamente una bustina di nicotina JNR per un uso pi\u00f9 comodo ed efficace?<\/strong><br data-start=\"1932\" data-end=\"1935\" \/>Per utilizzare una bustina di nicotina JNR, \u00e8 sufficiente posizionarla sotto il labbro superiore o inferiore. E inizierai a sentire gli effetti entro pochi minuti. Il design discreto ti consente di goderti la tua esperienza con la nicotina senza sporcare o sentire un forte odore.<\/p>\n<h2>Come ordinare?<\/h2>\n<p><strong>1. Quali metodi di pagamento accettate?<\/strong><br \/>\nAccettiamo bonifico IBAN e <span style=\"font-size: 16px;\">Western Union<\/span>\u00a0per transazioni sicure e convenienti.<\/p>\n<p><strong>2. Come posso tracciare il mio ordine?<\/strong><br \/>\nDopo che il tuo ordine \u00e8 stato spedito, <span class=\"selectable-text copyable-text false\">manterremo aggiornato il tracciamento del carico fino a quando non avrai ricevuto il carico<\/span>.<\/p>\n<p><strong>3. Qual \u00e8 il tempo di spedizione stimato?<\/strong><\/p>\n<ul>\n<li>Spedizione da <strong>Magazzini in Cina<\/strong> richiede approssimativamente <strong>7-14 giorni lavorativi<\/strong>.<\/li>\n<li>Spedizione da <strong>Magazzini europei<\/strong> di solito richiede <strong>3-6 giorni lavorativi<\/strong>.<\/li>\n<\/ul>\n<p><strong>4. Come posso ottenere una consegna pi\u00f9 rapida?<\/strong><br \/>\nPer una consegna pi\u00f9 rapida, consigliamo di ordinare dal nostro <strong>Magazzino europeo<\/strong>, che offre tempi di spedizione pi\u00f9 rapidi.<\/p>\n<p><strong>5. Come posso restituire un articolo?<\/strong><br \/>\nPer restituire un articolo, contatta il nostro servizio clienti per istruzioni dettagliate sulla procedura di reso.<\/p>\n<p><strong>6. Offrite spedizioni internazionali?<\/strong><br \/>\nS\u00ec, spediamo nella maggior parte dei paesi e gestiamo lo <strong>sdoganamento<\/strong> per un'esperienza di consegna senza problemi.<\/p>\n<p><strong>7. Cosa succede se ricevo un prodotto danneggiato o difettoso?<\/strong><br \/>\nSe il tuo articolo \u00e8 danneggiato o difettoso, contatta il servizio clienti per una <strong>sostituzione o rimborso<\/strong>.<\/p>\n<p><strong>8. Come posso contattare il servizio clienti?<\/strong><br \/>\nPuoi contattarci tramite <strong>e-mail, WhatsApp o chat dal vivo<\/strong> sul nostro sito web per qualsiasi assistenza.<\/p>\n<\/div>\n<\/div>\n<\/div>\n<\/div>\n<\/div>","protected":false},"excerpt":{"rendered":"<p>JNR bustine di nicotina 25mg all'ingrosso<br \/>\nBustine di nicotina JNR 25mg pi\u00f9 vendute acquisto all'ingrosso<br \/>\nMiglior prezzo economico bustine di nicotina JNR 25mg<\/p>\n<p><strong>Aggiungi il whatsapp di Amy per ottenere subito una risposta e un coupon per il vape!<\/strong><\/p>\n<p><img fetchpriority=\"high\" decoding=\"async\" class=\"size-full wp-image-2932\" src=\"https:\/\/vapestornado.com\/wp-content\/uploads\/2024\/12\/Vape-Wholesale.jpg\" alt=\"Vape all&#039;ingrosso\" width=\"229\" height=\"300\" \/><\/p>\n<h3><a href=\"https:\/\/wa.me\/8617776015835\"><span style=\"color: #ff0000;\"><strong>WhatsApp: +86 17776015835<\/strong><\/span><\/a><\/h3>\n<p>&nbsp;<\/p>","protected":false},"featured_media":3777,"comment_status":"open","ping_status":"closed","template":"","meta":{"_acf_changed":false,"_uag_custom_page_level_css":"","_lmt_disableupdate":"no","_lmt_disable":"","_monsterinsights_skip_tracking":false,"_monsterinsights_sitenote_active":false,"_monsterinsights_sitenote_note":"","_monsterinsights_sitenote_category":0,"site-sidebar-layout":"default","site-content-layout":"","ast-site-content-layout":"default","site-content-style":"default","site-sidebar-style":"default","ast-global-header-display":"","ast-banner-title-visibility":"","ast-main-header-display":"","ast-hfb-above-header-display":"","ast-hfb-below-header-display":"","ast-hfb-mobile-header-display":"","site-post-title":"","ast-breadcrumbs-content":"","ast-featured-img":"","footer-sml-layout":"","ast-disable-related-posts":"","theme-transparent-header-meta":"default","adv-header-id-meta":"","stick-header-meta":"","header-above-stick-meta":"","header-main-stick-meta":"","header-below-stick-meta":"","astra-migrate-meta-layouts":"set","ast-page-background-enabled":"default","ast-page-background-meta":{"desktop":{"background-color":"","background-image":"","background-repeat":"repeat","background-position":"center center","background-size":"auto","background-attachment":"scroll","background-type":"","background-media":"","overlay-type":"","overlay-color":"","overlay-opacity":"","overlay-gradient":""},"tablet":{"background-color":"","background-image":"","background-repeat":"repeat","background-position":"center center","background-size":"auto","background-attachment":"scroll","background-type":"","background-media":"","overlay-type":"","overlay-color":"","overlay-opacity":"","overlay-gradient":""},"mobile":{"background-color":"","background-image":"","background-repeat":"repeat","background-position":"center center","background-size":"auto","background-attachment":"scroll","background-type":"","background-media":"","overlay-type":"","overlay-color":"","overlay-opacity":"","overlay-gradient":""}},"ast-content-background-meta":{"desktop":{"background-color":"var(--ast-global-color-5)","background-image":"","background-repeat":"repeat","background-position":"center center","background-size":"auto","background-attachment":"scroll","background-type":"","background-media":"","overlay-type":"","overlay-color":"","overlay-opacity":"","overlay-gradient":""},"tablet":{"background-color":"var(--ast-global-color-5)","background-image":"","background-repeat":"repeat","background-position":"center center","background-size":"auto","background-attachment":"scroll","background-type":"","background-media":"","overlay-type":"","overlay-color":"","overlay-opacity":"","overlay-gradient":""},"mobile":{"background-color":"var(--ast-global-color-5)","background-image":"","background-repeat":"repeat","background-position":"center center","background-size":"auto","background-attachment":"scroll","background-type":"","background-media":"","overlay-type":"","overlay-color":"","overlay-opacity":"","overlay-gradient":""}},"_joinchat":{"telephone":"17776015835"}},"product_brand":[],"product_cat":[19,140,149,150,152,157],"product_tag":[244,242,243],"class_list":{"0":"post-3788","1":"product","2":"type-product","3":"status-publish","4":"has-post-thumbnail","6":"product_cat-vapes","7":"product_cat-big-puffs-disposable-vapes","8":"product_cat-buy-disposable-vapes-in-austria","9":"product_cat-buy-disposable-vapes-in-belgium","10":"product_cat-buy-disposable-vapes-in-cermany","11":"product_cat-buy-disposable-vapes-in-portugal","12":"product_tag-jnr-nicotine-pouches","13":"product_tag-jnr-nicotine-pouches-25mg","14":"product_tag-nicotine-pouches","15":"desktop-align-left","16":"tablet-align-left","17":"mobile-align-left","19":"first","20":"instock","21":"sale","22":"shipping-taxable","23":"purchasable","24":"product-type-simple"},"acf":[],"uagb_featured_image_src":{"full":["https:\/\/vapestornado.com\/wp-content\/uploads\/2025\/02\/JNR-Nicotine-Pouches-Wholesale.webp",1000,1000,false],"thumbnail":["https:\/\/vapestornado.com\/wp-content\/uploads\/2025\/02\/JNR-Nicotine-Pouches-Wholesale-150x150.webp",150,150,true],"medium":["https:\/\/vapestornado.com\/wp-content\/uploads\/2025\/02\/JNR-Nicotine-Pouches-Wholesale-300x300.webp",300,300,true],"medium_large":["https:\/\/vapestornado.com\/wp-content\/uploads\/2025\/02\/JNR-Nicotine-Pouches-Wholesale-768x768.webp",768,768,true],"large":["https:\/\/vapestornado.com\/wp-content\/uploads\/2025\/02\/JNR-Nicotine-Pouches-Wholesale.webp",1000,1000,false],"1536x1536":["https:\/\/vapestornado.com\/wp-content\/uploads\/2025\/02\/JNR-Nicotine-Pouches-Wholesale.webp",1000,1000,false],"2048x2048":["https:\/\/vapestornado.com\/wp-content\/uploads\/2025\/02\/JNR-Nicotine-Pouches-Wholesale.webp",1000,1000,false],"trp-custom-language-flag":["https:\/\/vapestornado.com\/wp-content\/uploads\/2025\/02\/JNR-Nicotine-Pouches-Wholesale.webp",12,12,false],"woocommerce_thumbnail":["https:\/\/vapestornado.com\/wp-content\/uploads\/2025\/02\/JNR-Nicotine-Pouches-Wholesale-300x300.webp",300,300,true],"woocommerce_single":["https:\/\/vapestornado.com\/wp-content\/uploads\/2025\/02\/JNR-Nicotine-Pouches-Wholesale-600x600.webp",600,600,true],"woocommerce_gallery_thumbnail":["https:\/\/vapestornado.com\/wp-content\/uploads\/2025\/02\/JNR-Nicotine-Pouches-Wholesale-100x100.webp",100,100,true]},"uagb_author_info":{"display_name":"ESAMY","author_link":"https:\/\/vapestornado.com\/it\/author\/"},"uagb_comment_info":0,"uagb_excerpt":"JNR Nicotine Pouches 25mg Wholesale Hot Selling JNR Nicotine Pouches 25mg Bulk Buy Best JNR Nicotine Pouches 25mg Cheap Price Add Amy's whatsapp get right reply and vape vape coupon! WhatsApp: +86 17776015835 &nbsp;","_links":{"self":[{"href":"https:\/\/vapestornado.com\/it\/wp-json\/wp\/v2\/product\/3788","targetHints":{"allow":["GET"]}}],"collection":[{"href":"https:\/\/vapestornado.com\/it\/wp-json\/wp\/v2\/product"}],"about":[{"href":"https:\/\/vapestornado.com\/it\/wp-json\/wp\/v2\/types\/product"}],"replies":[{"embeddable":true,"href":"https:\/\/vapestornado.com\/it\/wp-json\/wp\/v2\/comments?post=3788"}],"wp:featuredmedia":[{"embeddable":true,"href":"https:\/\/vapestornado.com\/it\/wp-json\/wp\/v2\/media\/3777"}],"wp:attachment":[{"href":"https:\/\/vapestornado.com\/it\/wp-json\/wp\/v2\/media?parent=3788"}],"wp:term":[{"taxonomy":"product_brand","embeddable":true,"href":"https:\/\/vapestornado.com\/it\/wp-json\/wp\/v2\/product_brand?post=3788"},{"taxonomy":"product_cat","embeddable":true,"href":"https:\/\/vapestornado.com\/it\/wp-json\/wp\/v2\/product_cat?post=3788"},{"taxonomy":"product_tag","embeddable":true,"href":"https:\/\/vapestornado.com\/it\/wp-json\/wp\/v2\/product_tag?post=3788"}],"curies":[{"name":"wp","href":"https:\/\/api.w.org\/{rel}","templated":true}]}}