{"id":3753,"date":"2025-01-17T08:42:15","date_gmt":"2025-01-17T08:42:15","guid":{"rendered":"https:\/\/vapestornado.com\/?post_type=product&#038;p=3753"},"modified":"2025-08-23T09:30:14","modified_gmt":"2025-08-23T09:30:14","slug":"bang-tornado-40000-puffs-disposable-vape-big-smart-screen-vapor","status":"publish","type":"product","link":"https:\/\/vapestornado.com\/it\/product\/bang-tornado-40000-puffs-disposable-vape-big-smart-screen-vapor\/","title":{"rendered":"Bang Tornado 40000 Puffs Vape Usa e Getta Grande Schermo Intelligente"},"content":{"rendered":"<h1>\u00a0Bang Tornado 40000 Puffs Vape Usa e Getta Grande Schermo Intelligente<\/h1>\n<p>&nbsp;<\/p>\n<div role=\"article\" data-tabster=\"{&quot;groupper&quot;:{&quot;tabbability&quot;:2},&quot;focusable&quot;:{}}\" data-content=\"ai-message\" aria-labelledby=\"64JRvXrTnY7mRmPkEQLLT-author 64JRvXrTnY7mRmPkEQLLT-content\">\n<div id=\"64JRvXrTnY7mRmPkEQLLT-content\">\n<p data-start=\"328\" data-end=\"622\">La <strong data-start=\"332\" data-end=\"376\">Vaporizzatore usa e getta Bang Tornado 40000 Puffs<\/strong> \u00e8 costruito per capacit\u00e0 e prestazioni avanzate, rendendolo un'opzione valida per acquirenti all'ingrosso e negozi di vaporizzatori. Con un <strong data-start=\"495\" data-end=\"528\">serbatoio di e-liquid pre-riempito da 40 ml<\/strong> e fino a <strong data-start=\"539\" data-end=\"555\">40.000 boccate<\/strong>, garantisce sessioni di lunga durata senza sostituzioni frequenti.<\/p>\n<p data-start=\"624\" data-end=\"892\">Alimentato da un <strong data-start=\"638\" data-end=\"669\">batteria ricaricabile da 850 mAh<\/strong> con <strong data-start=\"675\" data-end=\"699\">ricarica rapida di tipo C<\/strong>, il Bang Tornado 40K fornisce potenza costante per un uso prolungato. La sua <strong data-start=\"770\" data-end=\"795\">resistenza a tripla mesh da 0.5\u03a9<\/strong> migliora la densit\u00e0 del vapore e la ricchezza del sapore fornendo un riscaldamento uniforme e fluido ad ogni tiro.<\/p>\n<p data-start=\"894\" data-end=\"1089\">Progettato con un <strong data-start=\"910\" data-end=\"940\">ampio schermo smart display<\/strong>, gli utenti possono monitorare la potenza e l'utilizzo in tempo reale. La struttura ergonomica e il design elegante lo rendono portatile, affidabile e comodo per l'uso quotidiano.<\/p>\n<p data-start=\"1091\" data-end=\"1294\">Per grossisti e distributori, il <strong data-start=\"1129\" data-end=\"1162\">Vaporizzatore Bang Tornado 40000 Puffs<\/strong> combina un'elevata capacit\u00e0 di puff, efficienza ricaricabile e qualit\u00e0 costruttiva premium, offrendo un forte appeal di mercato e redditivit\u00e0.<\/p>\n<p><img fetchpriority=\"high\" decoding=\"async\" class=\"size-medium wp-image-2951\" src=\"https:\/\/vapestornado.com\/wp-content\/uploads\/2024\/12\/Wholesale-Disposable-Vape-265x300.jpg\" alt=\"Vaporizzatore usa e getta all&#039;ingrosso\" width=\"265\" height=\"300\" srcset=\"https:\/\/vapestornado.com\/wp-content\/uploads\/2024\/12\/Wholesale-Disposable-Vape-265x300.jpg 265w, https:\/\/vapestornado.com\/wp-content\/uploads\/2024\/12\/Wholesale-Disposable-Vape-768x871.jpg 768w, https:\/\/vapestornado.com\/wp-content\/uploads\/2024\/12\/Wholesale-Disposable-Vape-600x680.jpg 600w, https:\/\/vapestornado.com\/wp-content\/uploads\/2024\/12\/Wholesale-Disposable-Vape.jpg 823w\" sizes=\"(max-width: 265px) 100vw, 265px\" \/><\/p>\n<h5>Si prega di contattare Mandy su WhatsApp per il prezzo scontato:<a href=\"https:\/\/wa.me\/8618077105796\" target=\"_blank\" rel=\"noopener\">+8618077105796<\/a><\/h5>\n<p>&nbsp;<\/p>\n<\/div>\n<\/div>\n<div class=\"mb-2 flex gap-3 empty:hidden -ml-2\">\n<h2 class=\"sr-proMainInfo-baseInfoH1 J-baseInfo-name\">\u00a0Caratteristiche principali dei vaporizzatori ricaricabili Bang 40000 Puffs:<\/h2>\n<ul>\n<li><strong>Capacit\u00e0 di e-liquid di 40 ml<\/strong> fino a <strong>40.000 boccate<\/strong><\/li>\n<li><strong>batteria ricaricabile da 850 mAh<\/strong> con <strong>porta di ricarica Type-C<\/strong><\/li>\n<li><strong>Resistenza a tre mesh da 0,5ohm<\/strong> per un vapore morbido e un sapore migliorato<\/li>\n<li><strong>Potenza regolabile<\/strong> per un'esperienza di svapo personalizzata<\/li>\n<li><strong>Di lunga durata<\/strong> e conveniente per un uso prolungato<\/li>\n<li>Elegante, <strong>design ergonomico<\/strong> per la portabilit\u00e0<\/li>\n<li>Ideale sia per i vapers occasionali che per quelli esperti<\/li>\n<\/ul>\n<\/div>\n<h2 class=\"sr-proMainInfo-baseInfoH1 J-baseInfo-name\">Bang Tornado 40000 Puff Vape all'ingrosso Gusto:<\/h2>\n<p>1. Fragola Anguria<br \/>\n2. Anguria<br \/>\n3. LOVE 66<br \/>\n4. Energy Drink<br \/>\n5. Fragola Kiwi<br \/>\n6. Mirtillo Limone<br \/>\n7. Mirtillo Uva<br \/>\n8. Mirtillo e lampone<br \/>\n9. Mango e Pesca<br \/>\n10. Frutti di Bosco Tripli<br \/>\n11. Mela Doppia<br \/>\n12. Ghiaccio alla Pesca<\/p>\n<div role=\"article\" data-tabster=\"{&quot;groupper&quot;:{&quot;tabbability&quot;:2},&quot;focusable&quot;:{}}\" data-content=\"ai-message\" aria-labelledby=\"dARUyEWDoEYhnSPXFwx5A-author dARUyEWDoEYhnSPXFwx5A-content\">\n<div id=\"dARUyEWDoEYhnSPXFwx5A-content\">\n<h3><strong>Perch\u00e9 Acquistare <\/strong>Bang Tornado 40k Puff vaporizzatore <strong>da vapestornado?<\/strong><\/h3>\n<div class=\"flex max-w-full flex-col flex-grow\">\n<div class=\"min-h-8 text-message flex w-full flex-col items-end gap-2 whitespace-normal break-words text-start [.text-message+&amp;]:mt-5\" dir=\"auto\" data-message-author-role=\"assistant\" data-message-id=\"8ec0866b-3616-4b38-8c41-2e75d00fce2d\" data-message-model-slug=\"gpt-4o-mini\">\n<div class=\"flex w-full flex-col gap-1 empty:hidden first:pt-[3px]\">\n<div class=\"markdown prose w-full break-words dark:prose-invert light\">\n<ul>\n<li><strong>Qualit\u00e0 Premium<\/strong>: vapestornado offre autentici Bang Tornado 40000 Puffs di alta qualit\u00e0, garantendo un'esperienza di vaping di alto livello con vapore morbido e sapore ricco.<\/li>\n<li><strong>Prezzi competitivi<\/strong>: Goditi tariffe all'ingrosso competitive per acquisti in blocco, rendendolo ideale sia per i singoli utenti che per le aziende.<\/li>\n<li><strong>Spedizione veloce<\/strong>: vapestornado garantisce una consegna rapida e affidabile, cos\u00ec puoi iniziare a goderti il tuo prodotto senza ritardi.<\/li>\n<li><strong>Servizio clienti eccellente<\/strong>: Team di supporto dedicato pronto ad assisterti per qualsiasi domanda o dubbio, garantendo un'esperienza di acquisto senza problemi.<\/li>\n<li><strong>Ampia selezione<\/strong>: vapestornado offre una variet\u00e0 di aromi e opzioni, permettendoti di scegliere la combinazione perfetta per le tue preferenze.<\/li>\n<li><strong>Acquisti sicuri<\/strong>: Con un impegno per la sicurezza dei clienti, vapestornado garantisce opzioni di pagamento e transazioni sicure.<\/li>\n<\/ul>\n<\/div>\n<\/div>\n<\/div>\n<\/div>\n<div class=\"mb-2 flex gap-3 empty:hidden -ml-2\">\n<div class=\"items-center justify-start rounded-xl p-1 flex\"><\/div>\n<\/div>\n<\/div>\n<\/div>\n<h3>Domande frequenti sui vaporizzatori usa e getta Bang Tornado puff 40000<\/h3>\n<ul>\n<li><strong>Quanto dura il vaporizzatore Bang tornado 40.000 Puff?<\/strong><br \/>\nIl Bang Tornado 40.000 Puff dura fino a 40.000 puff, a seconda dell'utilizzo. Con una grande capacit\u00e0 di e-liquid di 40 ml, offre uno svapo prolungato senza frequenti sostituzioni.<\/li>\n<li><strong>Come si ricaricano i vaporizzatori Bang Tornado 40.000 Puff?<\/strong><br \/>\nIl dispositivo \u00e8 dotato di un <strong>batteria ricaricabile da 850 mAh<\/strong> e un <strong>porta di ricarica Type-C<\/strong>, consentendo una ricarica rapida ed efficiente quando la batteria si scarica.<\/li>\n<li><strong>Qual \u00e8 la resistenza della coil nel Bang vape Tornado 40.000 Puff?<\/strong><br \/>\nIl dispositivo utilizza un <strong>Resistenza a tre mesh da 0,5ohm<\/strong> per una produzione di vapore pi\u00f9 fluida e un sapore migliorato, offrendo un'esperienza di svapo premium.<\/li>\n<li><strong>Qual \u00e8 la gradazione di nicotina del Bang Tornado 40.000 Puff a prezzo economico?<\/strong><br \/>\nIl Bang Tornado 40.000 Puff \u00e8 disponibile in genere in una variet\u00e0 di gradazioni di nicotina (solitamente 2% o 5%) per soddisfare diverse preferenze.<\/li>\n<\/ul>","protected":false},"excerpt":{"rendered":"<ul>\n<li><strong>Vaporizzatore usa e getta di fascia alta Bang Tornado 40K Puff<\/strong><\/li>\n<li><strong>Dispositivo di vaporizzazione ricaricabile resistente Bang Tornado 40K Puffs<\/strong><\/li>\n<li><strong>E-Cig Bang Tornado 40K Puffs con pod di sapore di ghiaccio personalizzabili<\/strong><\/li>\n<\/ul>\n<figure id=\"attachment_2951\" aria-describedby=\"caption-attachment-2951\" style=\"width: 265px\" class=\"wp-caption alignnone\"><img fetchpriority=\"high\" decoding=\"async\" class=\"size-medium wp-image-2951\" src=\"https:\/\/vapestornado.com\/wp-content\/uploads\/2024\/12\/Wholesale-Disposable-Vape-265x300.jpg\" alt=\"Vaporizzatore usa e getta all&#039;ingrosso\" width=\"265\" height=\"300\" srcset=\"https:\/\/vapestornado.com\/wp-content\/uploads\/2024\/12\/Wholesale-Disposable-Vape-265x300.jpg 265w, https:\/\/vapestornado.com\/wp-content\/uploads\/2024\/12\/Wholesale-Disposable-Vape-768x871.jpg 768w, https:\/\/vapestornado.com\/wp-content\/uploads\/2024\/12\/Wholesale-Disposable-Vape-600x680.jpg 600w, https:\/\/vapestornado.com\/wp-content\/uploads\/2024\/12\/Wholesale-Disposable-Vape.jpg 823w\" sizes=\"(max-width: 265px) 100vw, 265px\" \/><figcaption id=\"caption-attachment-2951\" class=\"wp-caption-text\">Si prega di contattare il WhatsApp di Mandy per il prezzo scontato\u00a0 <a href=\"https:\/\/wa.me\/8618077105796\">+8618077105796<\/a><\/figcaption><\/figure>\n<p>&nbsp;<\/p>","protected":false},"featured_media":3746,"comment_status":"open","ping_status":"closed","template":"","meta":{"_acf_changed":false,"_uag_custom_page_level_css":"","_lmt_disableupdate":"no","_lmt_disable":"","_monsterinsights_skip_tracking":false,"_monsterinsights_sitenote_active":false,"_monsterinsights_sitenote_note":"","_monsterinsights_sitenote_category":0,"site-sidebar-layout":"default","site-content-layout":"","ast-site-content-layout":"default","site-content-style":"default","site-sidebar-style":"default","ast-global-header-display":"","ast-banner-title-visibility":"","ast-main-header-display":"","ast-hfb-above-header-display":"","ast-hfb-below-header-display":"","ast-hfb-mobile-header-display":"","site-post-title":"","ast-breadcrumbs-content":"","ast-featured-img":"","footer-sml-layout":"","ast-disable-related-posts":"","theme-transparent-header-meta":"default","adv-header-id-meta":"","stick-header-meta":"","header-above-stick-meta":"","header-main-stick-meta":"","header-below-stick-meta":"","astra-migrate-meta-layouts":"set","ast-page-background-enabled":"default","ast-page-background-meta":{"desktop":{"background-color":"","background-image":"","background-repeat":"repeat","background-position":"center center","background-size":"auto","background-attachment":"scroll","background-type":"","background-media":"","overlay-type":"","overlay-color":"","overlay-opacity":"","overlay-gradient":""},"tablet":{"background-color":"","background-image":"","background-repeat":"repeat","background-position":"center center","background-size":"auto","background-attachment":"scroll","background-type":"","background-media":"","overlay-type":"","overlay-color":"","overlay-opacity":"","overlay-gradient":""},"mobile":{"background-color":"","background-image":"","background-repeat":"repeat","background-position":"center center","background-size":"auto","background-attachment":"scroll","background-type":"","background-media":"","overlay-type":"","overlay-color":"","overlay-opacity":"","overlay-gradient":""}},"ast-content-background-meta":{"desktop":{"background-color":"var(--ast-global-color-5)","background-image":"","background-repeat":"repeat","background-position":"center center","background-size":"auto","background-attachment":"scroll","background-type":"","background-media":"","overlay-type":"","overlay-color":"","overlay-opacity":"","overlay-gradient":""},"tablet":{"background-color":"var(--ast-global-color-5)","background-image":"","background-repeat":"repeat","background-position":"center center","background-size":"auto","background-attachment":"scroll","background-type":"","background-media":"","overlay-type":"","overlay-color":"","overlay-opacity":"","overlay-gradient":""},"mobile":{"background-color":"var(--ast-global-color-5)","background-image":"","background-repeat":"repeat","background-position":"center center","background-size":"auto","background-attachment":"scroll","background-type":"","background-media":"","overlay-type":"","overlay-color":"","overlay-opacity":"","overlay-gradient":""}},"_joinchat":[]},"product_brand":[],"product_cat":[140,65,62,151,154,159,146,148],"product_tag":[212,97,98],"class_list":{"0":"post-3753","1":"product","2":"type-product","3":"status-publish","4":"has-post-thumbnail","6":"product_cat-big-puffs-disposable-vapes","7":"product_cat-40000-puff","8":"product_cat-bang-vape","9":"product_cat-buy-disposable-vapes-in-france","10":"product_cat-buy-disposable-vapes-in-netherlands","11":"product_cat-buy-disposable-vapes-in-sweden","12":"product_cat-rechargeable-disposable-vapes","13":"product_cat-tornado-disposable-vapes","14":"product_tag-bang-vape-40000","15":"product_tag-hot-sale-disposable-vape","16":"product_tag-wholesale-price-disposable-vape","17":"desktop-align-left","18":"tablet-align-left","19":"mobile-align-left","21":"first","22":"instock","23":"sale","24":"shipping-taxable","25":"purchasable","26":"product-type-simple"},"acf":[],"uagb_featured_image_src":{"full":["https:\/\/vapestornado.com\/wp-content\/uploads\/2025\/01\/Bang-Tornado-40K-Puff-Adjustable-Power-Disposable-Vape.webp",800,800,false],"thumbnail":["https:\/\/vapestornado.com\/wp-content\/uploads\/2025\/01\/Bang-Tornado-40K-Puff-Adjustable-Power-Disposable-Vape-150x150.webp",150,150,true],"medium":["https:\/\/vapestornado.com\/wp-content\/uploads\/2025\/01\/Bang-Tornado-40K-Puff-Adjustable-Power-Disposable-Vape-300x300.webp",300,300,true],"medium_large":["https:\/\/vapestornado.com\/wp-content\/uploads\/2025\/01\/Bang-Tornado-40K-Puff-Adjustable-Power-Disposable-Vape-768x768.webp",768,768,true],"large":["https:\/\/vapestornado.com\/wp-content\/uploads\/2025\/01\/Bang-Tornado-40K-Puff-Adjustable-Power-Disposable-Vape.webp",800,800,false],"1536x1536":["https:\/\/vapestornado.com\/wp-content\/uploads\/2025\/01\/Bang-Tornado-40K-Puff-Adjustable-Power-Disposable-Vape.webp",800,800,false],"2048x2048":["https:\/\/vapestornado.com\/wp-content\/uploads\/2025\/01\/Bang-Tornado-40K-Puff-Adjustable-Power-Disposable-Vape.webp",800,800,false],"trp-custom-language-flag":["https:\/\/vapestornado.com\/wp-content\/uploads\/2025\/01\/Bang-Tornado-40K-Puff-Adjustable-Power-Disposable-Vape.webp",12,12,false],"woocommerce_thumbnail":["https:\/\/vapestornado.com\/wp-content\/uploads\/2025\/01\/Bang-Tornado-40K-Puff-Adjustable-Power-Disposable-Vape-300x300.webp",300,300,true],"woocommerce_single":["https:\/\/vapestornado.com\/wp-content\/uploads\/2025\/01\/Bang-Tornado-40K-Puff-Adjustable-Power-Disposable-Vape-600x600.webp",600,600,true],"woocommerce_gallery_thumbnail":["https:\/\/vapestornado.com\/wp-content\/uploads\/2025\/01\/Bang-Tornado-40K-Puff-Adjustable-Power-Disposable-Vape-100x100.webp",100,100,true]},"uagb_author_info":{"display_name":"ESMANDY","author_link":"https:\/\/vapestornado.com\/it\/author\/"},"uagb_comment_info":0,"uagb_excerpt":"High-End Bang Tornado 40K Puff Disposable Vape Pen Durable Bang Tornado 40K Puffs Rechargeable Vape Device Bang Tornado 40K Puffs E-Cig with Customizable Ice Flavor Pods [caption id=\"attachment_2951\" align=\"alignnone\" width=\"265\"] Pls Contact Mandy's WhatsApp For Discount Price\u00a0 +8618077105796[\/caption] &nbsp;","_links":{"self":[{"href":"https:\/\/vapestornado.com\/it\/wp-json\/wp\/v2\/product\/3753","targetHints":{"allow":["GET"]}}],"collection":[{"href":"https:\/\/vapestornado.com\/it\/wp-json\/wp\/v2\/product"}],"about":[{"href":"https:\/\/vapestornado.com\/it\/wp-json\/wp\/v2\/types\/product"}],"replies":[{"embeddable":true,"href":"https:\/\/vapestornado.com\/it\/wp-json\/wp\/v2\/comments?post=3753"}],"wp:featuredmedia":[{"embeddable":true,"href":"https:\/\/vapestornado.com\/it\/wp-json\/wp\/v2\/media\/3746"}],"wp:attachment":[{"href":"https:\/\/vapestornado.com\/it\/wp-json\/wp\/v2\/media?parent=3753"}],"wp:term":[{"taxonomy":"product_brand","embeddable":true,"href":"https:\/\/vapestornado.com\/it\/wp-json\/wp\/v2\/product_brand?post=3753"},{"taxonomy":"product_cat","embeddable":true,"href":"https:\/\/vapestornado.com\/it\/wp-json\/wp\/v2\/product_cat?post=3753"},{"taxonomy":"product_tag","embeddable":true,"href":"https:\/\/vapestornado.com\/it\/wp-json\/wp\/v2\/product_tag?post=3753"}],"curies":[{"name":"wp","href":"https:\/\/api.w.org\/{rel}","templated":true}]}}