{"id":3726,"date":"2025-01-13T07:22:44","date_gmt":"2025-01-13T07:22:44","guid":{"rendered":"https:\/\/vapestornado.com\/?post_type=product&#038;p=3726"},"modified":"2025-08-23T12:33:57","modified_gmt":"2025-08-23T12:33:57","slug":"bang-king-35k-35000-puffs-2-in-1-dual-flavour-disposable-vape-wholesale-cheap-price","status":"publish","type":"product","link":"https:\/\/vapestornado.com\/it\/product\/bang-king-35k-35000-puffs-2-in-1-dual-flavour-disposable-vape-wholesale-cheap-price\/","title":{"rendered":"Bang King 35K 35000 Puffs 2 in 1 Vaporizzatore usa e getta a doppio gusto Prezzo economico all'ingrosso"},"content":{"rendered":"<h1 class=\"product-title\">Bang King 35K 35000 Puffs 2 in 1 Vaporizzatore usa e getta a doppio gusto Prezzo economico all'ingrosso<\/h1>\n<p>&nbsp;<\/p>\n<p>Perch\u00e9 il <strong>Bang King 35K 35000 Puff 2 in 1 Vape Monouso a Doppio Aroma<\/strong> sta diventando popolare? Questo dispositivo combina convenienza, sapore e convenienza economica tutti insieme. Con un elegante display digitale, un impressionante numero di puff e due sapori distinti in un unico dispositivo, questo vape ridefinisce ci\u00f2 che i vape usa e getta possono offrire.<\/p>\n<p>D\u00ec addio alle sostituzioni frequenti! Con ben <strong>35.000 puff<\/strong>, il Bang King 35K garantisce una soddisfazione duratura, rendendolo uno dei pi\u00f9 <strong>vapes usa e getta popolari<\/strong> sul mercato. Perch\u00e9 accontentarsi di un solo sapore quando puoi averne due? Goditi il <strong>design dell'aroma 2 in 1<\/strong>, che ti consente di passare da due incredibili sapori in un unico dispositivo. Assapora il doppio del gusto, tutto in un unico elegante pacchetto. Mantieni il controllo con il <strong>touchscreen LED<\/strong>. Mostra la durata della batteria, i livelli di e-liquid e ti consente di regolare il flusso d'aria e le impostazioni di potenza per un'esperienza personalizzabile.<\/p>\n<p>Con tre modalit\u00e0 di flusso d'aria, puoi facilmente modificare il tiraggio in base alle tue preferenze. Che tu preferisca tiri fluidi o robusti, questo vape si adatta a te. Il <strong>batteria ricaricabile da 700mAh<\/strong> e <strong>ricarica di tipo C<\/strong> garantisce ricariche rapide ed efficienti, mantenendo il tuo dispositivo alimentato per tutto il giorno. Il <strong>serbatoio di e-liquid da 35ML<\/strong> riduce la necessit\u00e0 di ricariche frequenti, offrendo uno svapo pi\u00f9 ininterrotto. Perfetto per gli acquirenti all'ingrosso, il <strong>prezzo all'ingrosso<\/strong> lo rende ideale per i rivenditori e gli appassionati di vape alla ricerca della migliore offerta.<\/p>\n<p><span style=\"color: #ff0000;\"><strong>Aggiungi la risposta immediata di Amy su Whatsapp e il coupon per vaporizzatori!<\/strong><\/span><\/p>\n<p><img fetchpriority=\"high\" decoding=\"async\" class=\"size-full wp-image-2932\" src=\"https:\/\/vapestornado.com\/wp-content\/uploads\/2024\/12\/Vape-Wholesale.jpg\" alt=\"Vape all&#039;ingrosso\" width=\"229\" height=\"300\" \/><\/p>\n<h3><a href=\"https:\/\/wa.me\/8617776015835\" target=\"_blank\" rel=\"noopener\"><span style=\"color: #ff0000;\"><strong>WhatsApp: +86 17776015835<\/strong><\/span><\/a><\/h3>\n<p>&nbsp;<\/p>\n<h2 class=\"product-title\"><strong>Caratteristiche del prodotto Bang King 35K<\/strong><\/h2>\n<div role=\"article\" data-tabster=\"{&quot;groupper&quot;:{&quot;tabbability&quot;:2},&quot;focusable&quot;:{}}\" data-content=\"ai-message\" aria-labelledby=\"juhNTJ6o7Gk1cgwZMJgv2-author juhNTJ6o7Gk1cgwZMJgv2-content\">\n<div id=\"juhNTJ6o7Gk1cgwZMJgv2-content\">\n<div role=\"article\" data-tabster=\"{&quot;groupper&quot;:{&quot;tabbability&quot;:2},&quot;focusable&quot;:{}}\" data-content=\"ai-message\" aria-labelledby=\"x4EZuCZWrTbh3weWUt7CU-author x4EZuCZWrTbh3weWUt7CU-content\">\n<div id=\"x4EZuCZWrTbh3weWUt7CU-content\">\n<div class=\"flex max-w-full flex-col flex-grow\">\n<div class=\"min-h-8 text-message flex w-full flex-col items-end gap-2 whitespace-normal break-words text-start [.text-message+&amp;]:mt-5\" dir=\"auto\" data-message-author-role=\"assistant\" data-message-id=\"52c6e00a-252f-4104-805d-2f1a84739c71\" data-message-model-slug=\"gpt-4o\">\n<div class=\"flex w-full flex-col gap-1 empty:hidden first:pt-[3px]\">\n<div class=\"markdown prose w-full break-words dark:prose-invert light\">\n<div class=\"flex max-w-full flex-col flex-grow\">\n<div class=\"min-h-8 text-message flex w-full flex-col items-end gap-2 whitespace-normal break-words text-start [.text-message+&amp;]:mt-5\" dir=\"auto\" data-message-author-role=\"assistant\" data-message-id=\"3c321776-aace-4a97-95f3-35c104de1c0a\" data-message-model-slug=\"gpt-4o\">\n<div class=\"flex w-full flex-col gap-1 empty:hidden first:pt-[3px]\">\n<div class=\"markdown prose w-full break-words dark:prose-invert light\">\n<h3><\/h3>\n<ul>\n<li><strong>Puff:<\/strong> Fino a 35.000<\/li>\n<li><strong>Batteria:<\/strong> 700mAh ricaricabile con ricarica Type-C<\/li>\n<li><strong>Gusti:<\/strong> Doppio gusto in un unico dispositivo<\/li>\n<li><strong>Flusso d'aria:<\/strong> Personalizzabile con tre modalit\u00e0<\/li>\n<li><strong>Capacit\u00e0 E-Liquid:<\/strong> 35ML<\/li>\n<li><strong>Display digitale:<\/strong> Touchscreen LED per monitoraggio e regolazioni<\/li>\n<li><strong>Portabilit\u00e0:<\/strong> Design leggero, perfetto per gli spostamenti<\/li>\n<\/ul>\n<\/div>\n<\/div>\n<\/div>\n<\/div>\n<\/div>\n<\/div>\n<\/div>\n<\/div>\n<div class=\"mb-2 flex gap-3 empty:hidden -ml-2\">\n<figure id=\"attachment_3733\" aria-describedby=\"caption-attachment-3733\" style=\"width: 800px\" class=\"wp-caption alignnone\"><img decoding=\"async\" class=\"wp-image-3733 size-full\" src=\"https:\/\/vapestornado.com\/wp-content\/uploads\/2025\/01\/Bangking-Vape-36000-Disposable-Vape-Wholesale.webp\" alt=\"Bangking Vape 35000 Vaporizzatore usa e getta all&#039;ingrosso\" width=\"800\" height=\"800\" srcset=\"https:\/\/vapestornado.com\/wp-content\/uploads\/2025\/01\/Bangking-Vape-36000-Disposable-Vape-Wholesale.webp 800w, https:\/\/vapestornado.com\/wp-content\/uploads\/2025\/01\/Bangking-Vape-36000-Disposable-Vape-Wholesale-300x300.webp 300w, https:\/\/vapestornado.com\/wp-content\/uploads\/2025\/01\/Bangking-Vape-36000-Disposable-Vape-Wholesale-150x150.webp 150w, https:\/\/vapestornado.com\/wp-content\/uploads\/2025\/01\/Bangking-Vape-36000-Disposable-Vape-Wholesale-768x768.webp 768w, https:\/\/vapestornado.com\/wp-content\/uploads\/2025\/01\/Bangking-Vape-36000-Disposable-Vape-Wholesale-600x600.webp 600w, https:\/\/vapestornado.com\/wp-content\/uploads\/2025\/01\/Bangking-Vape-36000-Disposable-Vape-Wholesale-100x100.webp 100w\" sizes=\"(max-width: 800px) 100vw, 800px\" \/><figcaption id=\"caption-attachment-3733\" class=\"wp-caption-text\">Bangking Vape 35000 Vaporizzatore usa e getta all'ingrosso<\/figcaption><\/figure>\n<\/div>\n<\/div>\n<\/div>\n<\/div>\n<\/div>\n<h2 class=\"product-title\"><strong>Gusto popolare per Bang King 35K<\/strong><strong>\u00a0<\/strong><strong>Vaporizzatori usa e getta<\/strong><\/h2>\n<p>Sia che tu preferisca una fuga tropicale o una delizia gelida, <strong>Bangking 35000 Puff Vaporizzatore usa e getta a doppio gusto<\/strong> ha la combinazione perfetta per mantenere le tue papille gustative soddisfatte! Qual \u00e8 il gusto popolare per BANG KING 35000 Vape? Scopri cosa dicono i nostri clienti.<\/p>\n<p>1.Blue Razz Ice + Juicy Peach Ice<br \/>\n2.Strawberry Watermelon + Watermelon Ice <span style=\"color: #ff0000;\"><strong>&gt;&gt;&gt;&gt; Caldo!<\/strong><\/span><br \/>\n3. Fragola Banana + Mela Doppia<br \/>\n4. Triple Berry Ice + Frutta Tropicale<br \/>\n5. Cherry Bomb + Ghiaccio all'Uva <span style=\"color: #ff0000;\"><strong>&gt;&gt;&gt;&gt; Caldo!<\/strong><\/span><br \/>\n6. Pesca Mango + Fragola Mango<br \/>\n7. Mango Lime + Menta Fresca<br \/>\n8. Cherry Pop + Mr Blue<br \/>\n9. Black Dragon Ice + Fragola Kiwi<br \/>\n10. Red Bull + Pesca e Frutti di Bosco <span style=\"color: #ff0000;\"><strong>&gt;&gt;&gt;&gt; Caldo!<\/strong><\/span><br \/>\n11. Limone Rosa + Mr Blue<br \/>\n12. Kiwi, frutto della passione, guava + Limone e ciliegia blu<\/p>\n<div class=\"flex-shrink-0 flex flex-col relative items-end\">\n<div class=\"pt-0\">\n<div class=\"gizmo-bot-avatar flex h-8 w-8 items-center justify-center overflow-hidden rounded-full\">\n<div class=\"relative p-1 rounded-sm flex items-center justify-center bg-token-main-surface-primary text-token-text-primary h-8 w-8\">\n<h3>FAQ per Bang King 35K Puffs Ricaricabile<strong>\u00a0<\/strong>Vaporizzatore usa e getta<\/h3>\n<h3><\/h3>\n<p><strong>1. Dove posso acquistare Bang King 35K a prezzi all'ingrosso in Germania?<\/strong><br \/>\nPuoi acquistarlo da Vapestornado<strong>\u00a0negozio di vape online<\/strong> oppure verifica con il tuo distributore locale per le migliori offerte.<\/p>\n<p><strong>2. Come faccio a sapere quando il liquido sta per finire?<\/strong><br \/>\nLa <strong>display digitale<\/strong> mostra i livelli del liquido, tenendoti sempre informato.<\/p>\n<p><strong>3. Come ricarico il Bang King 35000?<\/strong><br \/>\nUsa semplicemente il <strong>porta di ricarica Type-C<\/strong> per una ricarica rapida e senza problemi.<\/p>\n<p><strong>4. Cosa distingue questo vape Bang King 35k dagli altri marchi di vape usa e getta?<\/strong><br \/>\nLa <strong>design a doppio gusto<\/strong>, <strong>flusso d'aria personalizzabile<\/strong>, e massiccio <strong>35.000 puff<\/strong> lo distinguono, rendendolo uno dei <strong>vape usa e getta pi\u00f9 popolari<\/strong>.<\/p>\n<p><strong>5. Posso regolare il flusso d'aria in base alle mie preferenze?<\/strong><br \/>\nS\u00ec! Il dispositivo offre <strong>tre modalit\u00e0 di flusso d'aria<\/strong> per assicurarti di ottenere il tiro perfetto ogni volta.<\/p>\n<p><strong>6. I gusti sono adatti per le preferenze a basso contenuto di nicotina?<\/strong><br \/>\nAssolutamente. Il Bang King 35K offre <strong>livelli di nicotina personalizzabili<\/strong> in 0%, 2% e 5%.<\/p>\n<div class=\"flex max-w-full flex-col flex-grow\">\n<div class=\"min-h-8 text-message flex w-full flex-col items-end gap-2 whitespace-normal break-words text-start [.text-message+&amp;]:mt-5\" dir=\"auto\" data-message-author-role=\"assistant\" data-message-id=\"4dc48248-df95-45bd-b800-6dedb43cf7f1\" data-message-model-slug=\"gpt-4o\">\n<div class=\"flex w-full flex-col gap-1 empty:hidden first:pt-[3px]\"><\/div>\n<\/div>\n<\/div>\n<\/div>\n<\/div>\n<\/div>\n<\/div>\n<div class=\"flex-shrink-0 flex flex-col relative items-end\">\n<div class=\"pt-0\">\n<div class=\"gizmo-bot-avatar flex h-8 w-8 items-center justify-center overflow-hidden rounded-full\">\n<div class=\"relative p-1 rounded-sm flex items-center justify-center bg-token-main-surface-primary text-token-text-primary h-8 w-8\">\n<div class=\"mb-2 flex gap-3 empty:hidden -ml-2\">\n<div role=\"article\" data-tabster=\"{&quot;groupper&quot;:{&quot;tabbability&quot;:2},&quot;focusable&quot;:{}}\" data-content=\"ai-message\" aria-labelledby=\"Vdt5ez4X7Tg813x6rFVha-author Vdt5ez4X7Tg813x6rFVha-content\">\n<div id=\"Vdt5ez4X7Tg813x6rFVha-content\">\n<div role=\"article\" data-tabster=\"{&quot;groupper&quot;:{&quot;tabbability&quot;:2},&quot;focusable&quot;:{}}\" data-content=\"ai-message\" aria-labelledby=\"o968oC7CEo2fGHsGdsRYC-author o968oC7CEo2fGHsGdsRYC-content\">\n<div id=\"o968oC7CEo2fGHsGdsRYC-content\">\n<h3>Perch\u00e9 scegliere vapestornado per la vendita all'ingrosso di vaporizzatori usa e getta Uwin Crystal 20000 Shisha Hookah?<\/h3>\n<div class=\"flex-shrink-0 flex flex-col relative items-end\">\n<div class=\"pt-0\">\n<div class=\"gizmo-bot-avatar flex h-8 w-8 items-center justify-center overflow-hidden rounded-full\">\n<div class=\"relative p-1 rounded-sm flex items-center justify-center bg-token-main-surface-primary text-token-text-primary h-8 w-8\">\n<p>Nella crescente competizione nel settore dei vaporizzatori usa e getta, vapestornado, una piattaforma globale leader per soluzioni di sigarette elettroniche all'ingrosso, ha introdotto l'innovativo vaporizzatore usa e getta Bang King 35K Puffs. Con il suo accattivante design in cristallo e le caratteristiche multifunzionali, questo prodotto innovativo combina stile e funzionalit\u00e0. Offrendo un'ampia selezione di gusti fruttati, mira a soddisfare i diversi gusti dei vapers.<\/p>\n<p>vapestornado \u00e8 il tuo negozio di vaporizzatori online di fiducia per vaporizzatori usa e getta di alta qualit\u00e0. Ti offriamo marchi di vaporizzatori usa e getta di successo come Waspe Vape e WGA Vape, Fumot RandM Vape, Vozol Vape, Bang Vape, ecc.<\/p>\n<p>La nostra gamma include i vaporizzatori usa e getta pi\u00f9 popolari come il <a href=\"https:\/\/vapestornado.com\/it\/product\/randm-tornado-30000-puffs-music-rechargeable-disposable-vape-pen-wholesale\/\">Randm Tornado 30000<\/a>, e scelte ricche di sapore come il <a href=\"https:\/\/vapestornado.com\/it\/product\/uwin-crystal-20000-shisha-hookah-20k-puffs-disposable-vape-factory-cheap-price\/\"> Uwin Crystal 20000 Puff<\/a> . Ogni prodotto \u00e8 scelto con un focus su qualit\u00e0, valore e variet\u00e0, assicurandoti di trovare la corrispondenza perfetta per le tue esigenze. Scopri un servizio eccezionale e una vasta gamma di prodotti di alta qualit\u00e0 con prezzi all'ingrosso su vapestornado.<\/p>\n<\/div>\n<p>&nbsp;<\/p>\n<p><strong>Altri vaporizzatori usa e getta in vendita<\/strong><\/p>\n<p><a href=\"https:\/\/vapestornado.com\/it\/product\/fumot-randm-tornado-25000-puffs-touch-disposable-vape-wholesale-online\/\">Fumot 25000 Puff <span style=\"color: #ff0000;\"><strong>&gt;&gt;&gt;&gt; Vai !<\/strong><\/span><\/a><\/p>\n<p><a href=\"https:\/\/vapestornado.com\/it\/product\/bang-36000-smart-disposable-vape-wholesale-shop-online\/\">Bang 36000 Puff<span style=\"color: #ff0000;\"><strong>&gt;&gt;&gt;&gt; Vai !<\/strong><\/span><\/a><\/p>\n<p><a href=\"https:\/\/vapestornado.com\/it\/product\/randm-tornado-9000-puffs-rechargeable-disposable-vape-wholesale-online\/\">RandM Tornado 9000 <span style=\"color: #ff0000;\"><strong>&gt;&gt;&gt;&gt; Vai !<\/strong><\/span><\/a><\/p>\n<\/div>\n<\/div>\n<\/div>\n<p>&nbsp;<\/p>\n<\/div>\n<\/div>\n<\/div>\n<\/div>\n<\/div>\n<\/div>\n<\/div>\n<\/div>\n<\/div>","protected":false},"excerpt":{"rendered":"<p>Bang King 35000 Puff Monouso all'Ingrosso con Schermo Intelligente<br \/>\nBang King 35000 Puff Sigaretta elettronica usa e getta Acquisto all'ingrosso<br \/>\nBang King Tornado 35000 35K Puff Penna Vape Monouso<\/p>\n<p><strong>Aggiungi il whatsapp di Amy per ottenere subito una risposta e un coupon per il vape!<\/strong><\/p>\n<p><img fetchpriority=\"high\" decoding=\"async\" class=\"size-full wp-image-2932\" src=\"https:\/\/vapestornado.com\/wp-content\/uploads\/2024\/12\/Vape-Wholesale.jpg\" alt=\"Vape all&#039;ingrosso\" width=\"229\" height=\"300\" \/><\/p>\n<h3><a href=\"https:\/\/wa.me\/8617776015835\"><span style=\"color: #ff0000;\"><strong>WhatsApp: +86 17776015835<\/strong><\/span><\/a><\/h3>\n<p>&nbsp;<\/p>","protected":false},"featured_media":3731,"comment_status":"open","ping_status":"closed","template":"","meta":{"_acf_changed":false,"_uag_custom_page_level_css":"","_lmt_disableupdate":"no","_lmt_disable":"","_monsterinsights_skip_tracking":false,"_monsterinsights_sitenote_active":false,"_monsterinsights_sitenote_note":"","_monsterinsights_sitenote_category":0,"site-sidebar-layout":"default","site-content-layout":"","ast-site-content-layout":"default","site-content-style":"default","site-sidebar-style":"default","ast-global-header-display":"","ast-banner-title-visibility":"","ast-main-header-display":"","ast-hfb-above-header-display":"","ast-hfb-below-header-display":"","ast-hfb-mobile-header-display":"","site-post-title":"","ast-breadcrumbs-content":"","ast-featured-img":"","footer-sml-layout":"","ast-disable-related-posts":"","theme-transparent-header-meta":"default","adv-header-id-meta":"","stick-header-meta":"","header-above-stick-meta":"","header-main-stick-meta":"","header-below-stick-meta":"","astra-migrate-meta-layouts":"set","ast-page-background-enabled":"default","ast-page-background-meta":{"desktop":{"background-color":"","background-image":"","background-repeat":"repeat","background-position":"center center","background-size":"auto","background-attachment":"scroll","background-type":"","background-media":"","overlay-type":"","overlay-color":"","overlay-opacity":"","overlay-gradient":""},"tablet":{"background-color":"","background-image":"","background-repeat":"repeat","background-position":"center center","background-size":"auto","background-attachment":"scroll","background-type":"","background-media":"","overlay-type":"","overlay-color":"","overlay-opacity":"","overlay-gradient":""},"mobile":{"background-color":"","background-image":"","background-repeat":"repeat","background-position":"center center","background-size":"auto","background-attachment":"scroll","background-type":"","background-media":"","overlay-type":"","overlay-color":"","overlay-opacity":"","overlay-gradient":""}},"ast-content-background-meta":{"desktop":{"background-color":"var(--ast-global-color-5)","background-image":"","background-repeat":"repeat","background-position":"center center","background-size":"auto","background-attachment":"scroll","background-type":"","background-media":"","overlay-type":"","overlay-color":"","overlay-opacity":"","overlay-gradient":""},"tablet":{"background-color":"var(--ast-global-color-5)","background-image":"","background-repeat":"repeat","background-position":"center center","background-size":"auto","background-attachment":"scroll","background-type":"","background-media":"","overlay-type":"","overlay-color":"","overlay-opacity":"","overlay-gradient":""},"mobile":{"background-color":"var(--ast-global-color-5)","background-image":"","background-repeat":"repeat","background-position":"center center","background-size":"auto","background-attachment":"scroll","background-type":"","background-media":"","overlay-type":"","overlay-color":"","overlay-opacity":"","overlay-gradient":""}},"_joinchat":{"telephone":"+8617776015835"}},"product_brand":[],"product_cat":[175,63,153,155,159,143,146],"product_tag":[196,234,165,198,97,166,94],"class_list":{"0":"post-3726","1":"product","2":"type-product","3":"status-publish","4":"has-post-thumbnail","6":"product_cat-35000-puff","7":"product_cat-bangking","8":"product_cat-buy-disposable-vapes-in-italy","9":"product_cat-buy-disposable-vapes-in-norway","10":"product_cat-buy-disposable-vapes-in-sweden","11":"product_cat-dual-mesh-disposable-vapes","12":"product_cat-rechargeable-disposable-vapes","13":"product_tag-bang-vape","14":"product_tag-bangking-35000","15":"product_tag-cheap-vapes","16":"product_tag-double-flavor-disposable-vape","17":"product_tag-hot-sale-disposable-vape","18":"product_tag-low-nicotine-vape","19":"product_tag-rechargeable-disposable-vape","20":"desktop-align-left","21":"tablet-align-left","22":"mobile-align-left","24":"first","25":"instock","26":"sale","27":"shipping-taxable","28":"purchasable","29":"product-type-simple"},"acf":[],"uagb_featured_image_src":{"full":["https:\/\/vapestornado.com\/wp-content\/uploads\/2025\/01\/Bang-Vape-Bangking-36k-Disposable-Vape-Bulk-Price.webp",800,800,false],"thumbnail":["https:\/\/vapestornado.com\/wp-content\/uploads\/2025\/01\/Bang-Vape-Bangking-36k-Disposable-Vape-Bulk-Price-150x150.webp",150,150,true],"medium":["https:\/\/vapestornado.com\/wp-content\/uploads\/2025\/01\/Bang-Vape-Bangking-36k-Disposable-Vape-Bulk-Price-300x300.webp",300,300,true],"medium_large":["https:\/\/vapestornado.com\/wp-content\/uploads\/2025\/01\/Bang-Vape-Bangking-36k-Disposable-Vape-Bulk-Price-768x768.webp",768,768,true],"large":["https:\/\/vapestornado.com\/wp-content\/uploads\/2025\/01\/Bang-Vape-Bangking-36k-Disposable-Vape-Bulk-Price.webp",800,800,false],"1536x1536":["https:\/\/vapestornado.com\/wp-content\/uploads\/2025\/01\/Bang-Vape-Bangking-36k-Disposable-Vape-Bulk-Price.webp",800,800,false],"2048x2048":["https:\/\/vapestornado.com\/wp-content\/uploads\/2025\/01\/Bang-Vape-Bangking-36k-Disposable-Vape-Bulk-Price.webp",800,800,false],"trp-custom-language-flag":["https:\/\/vapestornado.com\/wp-content\/uploads\/2025\/01\/Bang-Vape-Bangking-36k-Disposable-Vape-Bulk-Price.webp",12,12,false],"woocommerce_thumbnail":["https:\/\/vapestornado.com\/wp-content\/uploads\/2025\/01\/Bang-Vape-Bangking-36k-Disposable-Vape-Bulk-Price-300x300.webp",300,300,true],"woocommerce_single":["https:\/\/vapestornado.com\/wp-content\/uploads\/2025\/01\/Bang-Vape-Bangking-36k-Disposable-Vape-Bulk-Price-600x600.webp",600,600,true],"woocommerce_gallery_thumbnail":["https:\/\/vapestornado.com\/wp-content\/uploads\/2025\/01\/Bang-Vape-Bangking-36k-Disposable-Vape-Bulk-Price-100x100.webp",100,100,true]},"uagb_author_info":{"display_name":"ESAMY","author_link":"https:\/\/vapestornado.com\/it\/author\/"},"uagb_comment_info":0,"uagb_excerpt":"Bang King 35000 Puffs Smart Screen Wholesale Disposable Bang King 35000 Puffs Disposable Vape Bulk Buy Bang King Tornado 35000 35K Puffs Disposable Vape Pen Add Amy's whatsapp get right reply and vape coupon! WhatsApp: +86 17776015835 &nbsp;","_links":{"self":[{"href":"https:\/\/vapestornado.com\/it\/wp-json\/wp\/v2\/product\/3726","targetHints":{"allow":["GET"]}}],"collection":[{"href":"https:\/\/vapestornado.com\/it\/wp-json\/wp\/v2\/product"}],"about":[{"href":"https:\/\/vapestornado.com\/it\/wp-json\/wp\/v2\/types\/product"}],"replies":[{"embeddable":true,"href":"https:\/\/vapestornado.com\/it\/wp-json\/wp\/v2\/comments?post=3726"}],"wp:featuredmedia":[{"embeddable":true,"href":"https:\/\/vapestornado.com\/it\/wp-json\/wp\/v2\/media\/3731"}],"wp:attachment":[{"href":"https:\/\/vapestornado.com\/it\/wp-json\/wp\/v2\/media?parent=3726"}],"wp:term":[{"taxonomy":"product_brand","embeddable":true,"href":"https:\/\/vapestornado.com\/it\/wp-json\/wp\/v2\/product_brand?post=3726"},{"taxonomy":"product_cat","embeddable":true,"href":"https:\/\/vapestornado.com\/it\/wp-json\/wp\/v2\/product_cat?post=3726"},{"taxonomy":"product_tag","embeddable":true,"href":"https:\/\/vapestornado.com\/it\/wp-json\/wp\/v2\/product_tag?post=3726"}],"curies":[{"name":"wp","href":"https:\/\/api.w.org\/{rel}","templated":true}]}}