{"id":3724,"date":"2025-01-11T02:00:22","date_gmt":"2025-01-11T02:00:22","guid":{"rendered":"https:\/\/vapestornado.com\/?post_type=product&#038;p=3724"},"modified":"2025-08-23T12:33:40","modified_gmt":"2025-08-23T12:33:40","slug":"uwin-crystal-20000-shisha-hookah-20k-puffs-disposable-vape-factory-cheap-price","status":"publish","type":"product","link":"https:\/\/vapestornado.com\/it\/product\/uwin-crystal-20000-shisha-hookah-20k-puffs-disposable-vape-factory-cheap-price\/","title":{"rendered":"Uwin Crystal 20000 Shisha Narghil\u00e8 20K Puff Vaporizzatore Usa e Getta Prezzo Economico di Fabbrica"},"content":{"rendered":"<h1 class=\"product-title\">Uwin Crystal 20000 Shisha Narghil\u00e8 20K Puff Vaporizzatore Usa e Getta Prezzo Economico di Fabbrica<\/h1>\n<p>La <strong>Uwin Crystal 20000<\/strong> Puffs \u00e8 la tua soluzione di svapo definitiva, che offre prestazioni incredibili, convenienza e variet\u00e0. Con un design elegante <strong>design in cristallo<\/strong> e <strong>prezzo economico di fabbrica<\/strong>, questo <strong>vaporizzatore usa e getta<\/strong> \u00e8 perfetto per chi cerca qualit\u00e0 premium a un costo contenuto. Ottieni <strong>20.000 puff<\/strong> per dispositivo, garantendo una soddisfazione a lungo termine senza la necessit\u00e0 di frequenti sostituzioni. Ideale per gli utenti che desiderano il massimo valore e il minimo sforzo.<\/p>\n<p>Cerchi <strong>svapo a buon mercato<\/strong> con una qualit\u00e0 di prim'ordine? L'Uwin Shisha Hookah 20K \u00e8 disponibile a <strong>prezzi diretti di fabbrica<\/strong>, il che lo rende un'ottima scelta per i grossisti e gli acquirenti individuali. L'avanzata <strong>bobina a rete da 0,8\u03a9<\/strong> garantisce un'esperienza di svapo saporita e fluida. Abbinato a 12 opzioni di sapore, \u00e8 perfetto per gli appassionati di sapore.<\/p>\n<p>Scegli la tua forza di nicotina ideale, Uwin Crystal 20000 sono disponibili con opzioni di nicotina che vanno da <strong>0%, 2% e 5%<\/strong>, rendendo questo dispositivo versatile per qualsiasi vaper. Il suo design portatile ed ergonomico <strong>design in cristallo<\/strong> \u00e8 perfetto per gli utenti che apprezzano sia la forma che la funzione, rendendolo uno dei migliori <strong>vape usa e getta pi\u00f9 popolari<\/strong> oggi. Metti le mani sul <strong>Uwin Crystal 20000 Puffs Narghil\u00e8 <\/strong>\u00a0oggi e goditi la perfetta fusione di stile, sapore e valore!<\/p>\n<p><span style=\"color: #ff0000;\"><strong>Aggiungi la risposta immediata di Amy su Whatsapp e il coupon per vaporizzatori!<\/strong><\/span><\/p>\n<p><img fetchpriority=\"high\" decoding=\"async\" class=\"size-full wp-image-2932\" src=\"https:\/\/vapestornado.com\/wp-content\/uploads\/2024\/12\/Vape-Wholesale.jpg\" alt=\"Vape all&#039;ingrosso\" width=\"229\" height=\"300\" \/><\/p>\n<h3><a href=\"https:\/\/wa.me\/8617776015835\" target=\"_blank\" rel=\"noopener\"><span style=\"color: #ff0000;\"><strong>WhatsApp: +86 17776015835<\/strong><\/span><\/a><\/h3>\n<p>&nbsp;<\/p>\n<h2 class=\"product-title\"><strong>Caratteristiche del prodotto Uwin Crystal 20000<\/strong><\/h2>\n<div role=\"article\" data-tabster=\"{&quot;groupper&quot;:{&quot;tabbability&quot;:2},&quot;focusable&quot;:{}}\" data-content=\"ai-message\" aria-labelledby=\"juhNTJ6o7Gk1cgwZMJgv2-author juhNTJ6o7Gk1cgwZMJgv2-content\">\n<div id=\"juhNTJ6o7Gk1cgwZMJgv2-content\">\n<div role=\"article\" data-tabster=\"{&quot;groupper&quot;:{&quot;tabbability&quot;:2},&quot;focusable&quot;:{}}\" data-content=\"ai-message\" aria-labelledby=\"x4EZuCZWrTbh3weWUt7CU-author x4EZuCZWrTbh3weWUt7CU-content\">\n<div id=\"x4EZuCZWrTbh3weWUt7CU-content\">\n<div class=\"flex max-w-full flex-col flex-grow\">\n<div class=\"min-h-8 text-message flex w-full flex-col items-end gap-2 whitespace-normal break-words text-start [.text-message+&amp;]:mt-5\" dir=\"auto\" data-message-author-role=\"assistant\" data-message-id=\"52c6e00a-252f-4104-805d-2f1a84739c71\" data-message-model-slug=\"gpt-4o\">\n<div class=\"flex w-full flex-col gap-1 empty:hidden first:pt-[3px]\">\n<div class=\"markdown prose w-full break-words dark:prose-invert light\">\n<div class=\"flex max-w-full flex-col flex-grow\">\n<div class=\"min-h-8 text-message flex w-full flex-col items-end gap-2 whitespace-normal break-words text-start [.text-message+&amp;]:mt-5\" dir=\"auto\" data-message-author-role=\"assistant\" data-message-id=\"3c321776-aace-4a97-95f3-35c104de1c0a\" data-message-model-slug=\"gpt-4o\">\n<div class=\"flex w-full flex-col gap-1 empty:hidden first:pt-[3px]\">\n<div class=\"markdown prose w-full break-words dark:prose-invert light\">\n<h3><\/h3>\n<ol>\n<li><strong>Alto Numero di Puff<\/strong>: Fornisce fino a 20.000 tiri per un utilizzo prolungato.<\/li>\n<li><strong>Opzioni di nicotina<\/strong>: Disponibile con livelli di nicotina dello 0%, 2%, 3% e 5%.<\/li>\n<li><strong>Design di cristallo<\/strong>: Struttura ergonomica, elegante, leggera e portatile.<\/li>\n<li><strong>Tecnologia Mesh Coil<\/strong>: La bobina a rete da 0,8\u03a9 garantisce vapore morbido e sapore ricco.<\/li>\n<li><strong>Variet\u00e0 di sapori<\/strong>: Offre 12 gusti unici per soddisfare i diversi palati.<\/li>\n<li><strong>Grande capacit\u00e0 di e-liquid<\/strong>: Il liquido da 22 ml pre-riempito riduce le ricariche frequenti.<\/li>\n<li><strong>Batteria Ricaricabile<\/strong>: Batteria al cobalto da 650 mAh con ricarica rapida Type-C.<\/li>\n<li><strong>Prezzi all'ingrosso convenienti<\/strong>: Perfetto per acquisti in grandi quantit\u00e0 con un ottimo rapporto qualit\u00e0-prezzo.<\/li>\n<\/ol>\n<\/div>\n<\/div>\n<\/div>\n<\/div>\n<div class=\"mb-2 flex gap-3 empty:hidden -ml-2\">\n<div class=\"items-center justify-start rounded-xl p-1 flex\"><\/div>\n<\/div>\n<\/div>\n<\/div>\n<\/div>\n<\/div>\n<div class=\"mb-2 flex gap-3 empty:hidden -ml-2\">\n<figure id=\"attachment_3719\" aria-describedby=\"caption-attachment-3719\" style=\"width: 800px\" class=\"wp-caption alignnone\"><img decoding=\"async\" class=\"wp-image-3719 size-full\" src=\"https:\/\/vapestornado.com\/wp-content\/uploads\/2025\/01\/Hookah-Shisha-20k-20000-Puffs-E-Disposable-Vape.webp\" alt=\"Hookah Shisha 20k 20000 Tiri Sigaretta Elettronica Monouso\" width=\"800\" height=\"800\" srcset=\"https:\/\/vapestornado.com\/wp-content\/uploads\/2025\/01\/Hookah-Shisha-20k-20000-Puffs-E-Disposable-Vape.webp 800w, https:\/\/vapestornado.com\/wp-content\/uploads\/2025\/01\/Hookah-Shisha-20k-20000-Puffs-E-Disposable-Vape-300x300.webp 300w, https:\/\/vapestornado.com\/wp-content\/uploads\/2025\/01\/Hookah-Shisha-20k-20000-Puffs-E-Disposable-Vape-150x150.webp 150w, https:\/\/vapestornado.com\/wp-content\/uploads\/2025\/01\/Hookah-Shisha-20k-20000-Puffs-E-Disposable-Vape-768x768.webp 768w, https:\/\/vapestornado.com\/wp-content\/uploads\/2025\/01\/Hookah-Shisha-20k-20000-Puffs-E-Disposable-Vape-600x600.webp 600w, https:\/\/vapestornado.com\/wp-content\/uploads\/2025\/01\/Hookah-Shisha-20k-20000-Puffs-E-Disposable-Vape-100x100.webp 100w\" sizes=\"(max-width: 800px) 100vw, 800px\" \/><figcaption id=\"caption-attachment-3719\" class=\"wp-caption-text\">Hookah Shisha 20k 20000 Tiri Sigaretta Elettronica Monouso<\/figcaption><\/figure>\n<\/div>\n<\/div>\n<\/div>\n<\/div>\n<\/div>\n<h2 class=\"product-title\"><strong>Gusti popolari per Uwin Crystal 20k<\/strong><strong>\u00a0<\/strong><strong>Vaporizzatori usa e getta<\/strong><\/h2>\n<p>Uwin Crystal 20000 offre una selezione impressionante di 12 gusti distinti, per soddisfare ogni preferenza di gusto. Quali sono i gusti pi\u00f9 popolari per Uwin Crystal 20k? Ogni gusto offre un'esperienza di svapo unica, ma Frutti di Bosco Misti e Menta Limone si classificano costantemente tra le scelte migliori per i loro profili vivaci, ben bilanciati e soddisfacenti. Questi gusti rendono Uwin Crystal 20000 un prodotto eccezionale nel mondo delle sigarette elettroniche usa e getta. Esplora tutti i 12 gusti e trova il tuo preferito oggi stesso!<\/p>\n<ol>\n<li>Anguria<\/li>\n<li>Mango Ghiacciato<\/li>\n<li>Mirtillo Blu Raspberry <span style=\"color: #ff0000;\"><strong>&gt;&gt;&gt;&gt; Caldo!<\/strong><\/span><\/li>\n<li>Menta Uva<\/li>\n<li>Frutto della Passione<\/li>\n<li>Fragola Kiwi<\/li>\n<li>Doppia Mela<\/li>\n<li>Ghiaccio alla pesca<\/li>\n<li>Ananas Cocco<\/li>\n<li>Frutti di bosco misti<span style=\"color: #ff0000;\"><strong>&gt;&gt;&gt;&gt; Il migliore!<\/strong><\/span><\/li>\n<li>Menta e Limone <span style=\"color: #ff0000;\"><strong>&gt;&gt;&gt;&gt; Caldo!<\/strong><\/span><\/li>\n<li>Schiacciata all'arancia<\/li>\n<\/ol>\n<div class=\"flex-shrink-0 flex flex-col relative items-end\">\n<div class=\"pt-0\">\n<div class=\"gizmo-bot-avatar flex h-8 w-8 items-center justify-center overflow-hidden rounded-full\">\n<div class=\"relative p-1 rounded-sm flex items-center justify-center bg-token-main-surface-primary text-token-text-primary h-8 w-8\">\n<h3>Domande frequenti per Uwin Crystal 20000 Narghil\u00e8 ricaricabile<strong>\u00a0<\/strong>Vaporizzatore usa e getta<\/h3>\n<h3><\/h3>\n<h4><strong>1. Perch\u00e9 scegliere il Narghil\u00e8 Uwin Shisha 20K?<\/strong><\/h4>\n<p>Con <strong>20.000 puff<\/strong>livelli di nicotina personalizzabili e un elegante design in cristallo, questo dispositivo \u00e8 sia pratico che elegante.<\/p>\n<h4><strong>2. Questa sigaretta elettronica \u00e8 economica?<\/strong><\/h4>\n<p>S\u00ec! \u00c8 disponibile a <strong>prezzi economici di fabbrica<\/strong>perfetta per chi cerca <strong>svapo a buon mercato<\/strong> senza sacrificare la qualit\u00e0.<\/p>\n<h4><strong>3. Quali gusti sono disponibili?<\/strong><\/h4>\n<p>L'Uwin Shisha Hookah 20K offre 12 gusti unici, come <strong>Mango Ghiacciato<\/strong>, <strong>Ghiaccio alla pesca<\/strong>e <strong>Limonata Rosa<\/strong>.<\/p>\n<h4><strong>4. Per chi \u00e8 ideale questo dispositivo?<\/strong><\/h4>\n<p>\u00c8 perfetto per tutti gli utenti, dai vaper occasionali agli appassionati esperti, grazie al suo alto numero di tiri, all'ampia gamma di gusti e al prezzo conveniente.<\/p>\n<h4><strong>5. Dove acquistare sigarette elettroniche usa e getta come questa?<\/strong><\/h4>\n<p>Acquista su <strong><a href=\"https:\/\/vapestornado.com\/it\/\" target=\"_new\" rel=\"noopener\">vapestornado negozio di vape online<\/a><\/strong>, uno dei <strong>siti di sigarette elettroniche usa e getta pi\u00f9 popolari<\/strong>, per ottenere le migliori offerte sull'Uwin Shisha Hookah 20K.<\/p>\n<div class=\"flex max-w-full flex-col flex-grow\">\n<div class=\"min-h-8 text-message flex w-full flex-col items-end gap-2 whitespace-normal break-words text-start [.text-message+&amp;]:mt-5\" dir=\"auto\" data-message-author-role=\"assistant\" data-message-id=\"4dc48248-df95-45bd-b800-6dedb43cf7f1\" data-message-model-slug=\"gpt-4o\">\n<div class=\"flex w-full flex-col gap-1 empty:hidden first:pt-[3px]\"><\/div>\n<\/div>\n<\/div>\n<\/div>\n<\/div>\n<\/div>\n<\/div>\n<div class=\"flex-shrink-0 flex flex-col relative items-end\">\n<div class=\"pt-0\">\n<div class=\"gizmo-bot-avatar flex h-8 w-8 items-center justify-center overflow-hidden rounded-full\">\n<div class=\"relative p-1 rounded-sm flex items-center justify-center bg-token-main-surface-primary text-token-text-primary h-8 w-8\">\n<div class=\"mb-2 flex gap-3 empty:hidden -ml-2\">\n<div role=\"article\" data-tabster=\"{&quot;groupper&quot;:{&quot;tabbability&quot;:2},&quot;focusable&quot;:{}}\" data-content=\"ai-message\" aria-labelledby=\"Vdt5ez4X7Tg813x6rFVha-author Vdt5ez4X7Tg813x6rFVha-content\">\n<div id=\"Vdt5ez4X7Tg813x6rFVha-content\">\n<div role=\"article\" data-tabster=\"{&quot;groupper&quot;:{&quot;tabbability&quot;:2},&quot;focusable&quot;:{}}\" data-content=\"ai-message\" aria-labelledby=\"o968oC7CEo2fGHsGdsRYC-author o968oC7CEo2fGHsGdsRYC-content\">\n<div id=\"o968oC7CEo2fGHsGdsRYC-content\">\n<h3>Perch\u00e9 scegliere vapestornado per la vendita all'ingrosso di vaporizzatori usa e getta Uwin Crystal 20000 Shisha Hookah?<\/h3>\n<div class=\"flex-shrink-0 flex flex-col relative items-end\">\n<div class=\"pt-0\">\n<div class=\"gizmo-bot-avatar flex h-8 w-8 items-center justify-center overflow-hidden rounded-full\">\n<div class=\"relative p-1 rounded-sm flex items-center justify-center bg-token-main-surface-primary text-token-text-primary h-8 w-8\">\n<p>Nella crescente concorrenza nel settore delle sigarette elettroniche usa e getta, vapestornado, una piattaforma globale leader per soluzioni all'ingrosso di sigarette elettroniche, ha introdotto la rivoluzionaria sigaretta elettronica usa e getta Uwin Shisha Hookah Crystal 20000 Puffs. Con il suo accattivante design in cristallo e le sue caratteristiche multifunzionali, questo prodotto innovativo unisce perfettamente stile e funzionalit\u00e0. Offrendo una vasta selezione di gusti fruttati, mira a soddisfare i gusti diversi dei vaper.<\/p>\n<p>vapestornado \u00e8 il tuo fidato negozio di sigarette elettroniche online per sigarette elettroniche usa e getta di alta qualit\u00e0. Con pi\u00f9 di 5 anni di esperienza, ti offriamo marchi di sigarette elettroniche usa e getta di successo come Waspe Vape, WGA Vape, Fumot RandM Vape, Vozol Vape, Bang Vape, ecc.<\/p>\n<p>La nostra gamma include i vaporizzatori usa e getta pi\u00f9 popolari come il <a href=\"https:\/\/vapestornado.com\/it\/product\/vapsolo-viking-12000-puffs-2-5-low-nicotine-bulk-buy-rechargeable-disposable-vapes-pen-wholesale-price\/\">VapSolo Viking 12000<\/a>, e scelte ricche di sapore come il <a href=\"https:\/\/vapestornado.com\/it\/product\/uwin-crystal-10000-puffs-wholesale-disposable-vape-puff-10k-low-nicotine-rechargeable-vapes-pen-bulk-buy-wholesalepuffs-disposable-vape-wholesale-price-copy\/\"> Uwin Crystal 10000 Puff<\/a> . Ogni prodotto \u00e8 scelto con un focus su qualit\u00e0, valore e variet\u00e0, assicurandoti di trovare la corrispondenza perfetta per le tue esigenze. Scopri un servizio eccezionale e una vasta gamma di prodotti di alta qualit\u00e0 con prezzi all'ingrosso su vapestornado.<\/p>\n<\/div>\n<p>&nbsp;<\/p>\n<p><strong>Altri vaporizzatori usa e getta in vendita<\/strong><\/p>\n<p><a href=\"https:\/\/vapestornado.com\/it\/product\/china-factory-vapsolo-super-15000-puffs-disposable-wholesale-price-disposable-vape-rechargeable-disposable-vapes-pen-bulk-buy-wholesale\/\">Vapsolo Super 15000 Tiri <span style=\"color: #ff0000;\"><strong>&gt;&gt;&gt;&gt; Vai !<\/strong><\/span><\/a><\/p>\n<p><a href=\"https:\/\/vapestornado.com\/it\/product\/jnr-falcon-x-18000-puffs-disposable-vape-wholesale-price\/\">JNR Falcon X 18000 Tiri<span style=\"color: #ff0000;\"><strong>&gt;&gt;&gt;&gt; Vai !<\/strong><\/span><\/a><\/p>\n<p><a href=\"https:\/\/vapestornado.com\/it\/product\/tornado-vape-uwin-35000-puff-35k-music-wholesale-price\/\">Tornado Vape Uwin 35000 <span style=\"color: #ff0000;\"><strong>&gt;&gt;&gt;&gt; Vai !<\/strong><\/span><\/a><\/p>\n<\/div>\n<\/div>\n<\/div>\n<p>&nbsp;<\/p>\n<\/div>\n<\/div>\n<\/div>\n<\/div>\n<\/div>\n<\/div>\n<\/div>\n<\/div>\n<\/div>","protected":false},"excerpt":{"rendered":"<p>Miglior svapo usa e getta Uwin Shisha Hookah Crystal 20000 Puffs<br \/>\nUwin Crystal 20k Puff usa e getta Narghil\u00e8 Prezzo all'ingrosso<br \/>\nUwin crystal 20000 Puffs Fornitore all'ingrosso a basso costo<\/p>\n<p><strong>Aggiungi il whatsapp di Amy per ottenere subito una risposta e un coupon per il vape!<\/strong><\/p>\n<p><img fetchpriority=\"high\" decoding=\"async\" class=\"size-full wp-image-2932\" src=\"https:\/\/vapestornado.com\/wp-content\/uploads\/2024\/12\/Vape-Wholesale.jpg\" alt=\"Vape all&#039;ingrosso\" width=\"229\" height=\"300\" \/><\/p>\n<h3><a href=\"https:\/\/wa.me\/8617776015835\"><span style=\"color: #ff0000;\"><strong>WhatsApp: +86 17776015835<\/strong><\/span><\/a><\/h3>\n<p>&nbsp;<\/p>","protected":false},"featured_media":3723,"comment_status":"open","ping_status":"closed","template":"","meta":{"_acf_changed":false,"_uag_custom_page_level_css":"","_lmt_disableupdate":"no","_lmt_disable":"","_monsterinsights_skip_tracking":false,"_monsterinsights_sitenote_active":false,"_monsterinsights_sitenote_note":"","_monsterinsights_sitenote_category":0,"site-sidebar-layout":"default","site-content-layout":"","ast-site-content-layout":"default","site-content-style":"default","site-sidebar-style":"default","ast-global-header-display":"","ast-banner-title-visibility":"","ast-main-header-display":"","ast-hfb-above-header-display":"","ast-hfb-below-header-display":"","ast-hfb-mobile-header-display":"","site-post-title":"","ast-breadcrumbs-content":"","ast-featured-img":"","footer-sml-layout":"","ast-disable-related-posts":"","theme-transparent-header-meta":"default","adv-header-id-meta":"","stick-header-meta":"","header-above-stick-meta":"","header-main-stick-meta":"","header-below-stick-meta":"","astra-migrate-meta-layouts":"set","ast-page-background-enabled":"default","ast-page-background-meta":{"desktop":{"background-color":"","background-image":"","background-repeat":"repeat","background-position":"center center","background-size":"auto","background-attachment":"scroll","background-type":"","background-media":"","overlay-type":"","overlay-color":"","overlay-opacity":"","overlay-gradient":""},"tablet":{"background-color":"","background-image":"","background-repeat":"repeat","background-position":"center center","background-size":"auto","background-attachment":"scroll","background-type":"","background-media":"","overlay-type":"","overlay-color":"","overlay-opacity":"","overlay-gradient":""},"mobile":{"background-color":"","background-image":"","background-repeat":"repeat","background-position":"center center","background-size":"auto","background-attachment":"scroll","background-type":"","background-media":"","overlay-type":"","overlay-color":"","overlay-opacity":"","overlay-gradient":""}},"ast-content-background-meta":{"desktop":{"background-color":"var(--ast-global-color-5)","background-image":"","background-repeat":"repeat","background-position":"center center","background-size":"auto","background-attachment":"scroll","background-type":"","background-media":"","overlay-type":"","overlay-color":"","overlay-opacity":"","overlay-gradient":""},"tablet":{"background-color":"var(--ast-global-color-5)","background-image":"","background-repeat":"repeat","background-position":"center center","background-size":"auto","background-attachment":"scroll","background-type":"","background-media":"","overlay-type":"","overlay-color":"","overlay-opacity":"","overlay-gradient":""},"mobile":{"background-color":"var(--ast-global-color-5)","background-image":"","background-repeat":"repeat","background-position":"center center","background-size":"auto","background-attachment":"scroll","background-type":"","background-media":"","overlay-type":"","overlay-color":"","overlay-opacity":"","overlay-gradient":""}},"_joinchat":{"telephone":"+8617776015835"}},"product_brand":[],"product_cat":[69,157,141,143,147,233],"product_tag":[165,120,97,166,94,232],"class_list":{"0":"post-3724","1":"product","2":"type-product","3":"status-publish","4":"has-post-thumbnail","6":"product_cat-20000-puff","7":"product_cat-buy-disposable-vapes-in-portugal","8":"product_cat-crystal-disposable-vapes","9":"product_cat-dual-mesh-disposable-vapes","10":"product_cat-shisha-hookah-disposable-vapes","11":"product_cat-uwin-vape","12":"product_tag-cheap-vapes","13":"product_tag-crystal-vape","14":"product_tag-hot-sale-disposable-vape","15":"product_tag-low-nicotine-vape","16":"product_tag-rechargeable-disposable-vape","17":"product_tag-uwin-crystal-20000","18":"desktop-align-left","19":"tablet-align-left","20":"mobile-align-left","22":"first","23":"instock","24":"sale","25":"shipping-taxable","26":"purchasable","27":"product-type-simple"},"acf":[],"uagb_featured_image_src":{"full":["https:\/\/vapestornado.com\/wp-content\/uploads\/2025\/01\/Uwin-Shisha-Hookah-Crystal-20000-Puffs-Disposable-Vape.webp",800,800,false],"thumbnail":["https:\/\/vapestornado.com\/wp-content\/uploads\/2025\/01\/Uwin-Shisha-Hookah-Crystal-20000-Puffs-Disposable-Vape-150x150.webp",150,150,true],"medium":["https:\/\/vapestornado.com\/wp-content\/uploads\/2025\/01\/Uwin-Shisha-Hookah-Crystal-20000-Puffs-Disposable-Vape-300x300.webp",300,300,true],"medium_large":["https:\/\/vapestornado.com\/wp-content\/uploads\/2025\/01\/Uwin-Shisha-Hookah-Crystal-20000-Puffs-Disposable-Vape-768x768.webp",768,768,true],"large":["https:\/\/vapestornado.com\/wp-content\/uploads\/2025\/01\/Uwin-Shisha-Hookah-Crystal-20000-Puffs-Disposable-Vape.webp",800,800,false],"1536x1536":["https:\/\/vapestornado.com\/wp-content\/uploads\/2025\/01\/Uwin-Shisha-Hookah-Crystal-20000-Puffs-Disposable-Vape.webp",800,800,false],"2048x2048":["https:\/\/vapestornado.com\/wp-content\/uploads\/2025\/01\/Uwin-Shisha-Hookah-Crystal-20000-Puffs-Disposable-Vape.webp",800,800,false],"trp-custom-language-flag":["https:\/\/vapestornado.com\/wp-content\/uploads\/2025\/01\/Uwin-Shisha-Hookah-Crystal-20000-Puffs-Disposable-Vape.webp",12,12,false],"woocommerce_thumbnail":["https:\/\/vapestornado.com\/wp-content\/uploads\/2025\/01\/Uwin-Shisha-Hookah-Crystal-20000-Puffs-Disposable-Vape-300x300.webp",300,300,true],"woocommerce_single":["https:\/\/vapestornado.com\/wp-content\/uploads\/2025\/01\/Uwin-Shisha-Hookah-Crystal-20000-Puffs-Disposable-Vape-600x600.webp",600,600,true],"woocommerce_gallery_thumbnail":["https:\/\/vapestornado.com\/wp-content\/uploads\/2025\/01\/Uwin-Shisha-Hookah-Crystal-20000-Puffs-Disposable-Vape-100x100.webp",100,100,true]},"uagb_author_info":{"display_name":"ESAMY","author_link":"https:\/\/vapestornado.com\/it\/author\/"},"uagb_comment_info":0,"uagb_excerpt":"Best Uwin Shisha Hookah Crystal 20000 Puffs Disposable Vape Uwin Crystal 20k Puff Disoisable Shisha Hookah Bulk Price Uwin crystal 20000 Puffs Cheap Price Wholesale Supplier Add Amy's whatsapp get right reply and vape coupon! WhatsApp: +86 17776015835 &nbsp;","_links":{"self":[{"href":"https:\/\/vapestornado.com\/it\/wp-json\/wp\/v2\/product\/3724","targetHints":{"allow":["GET"]}}],"collection":[{"href":"https:\/\/vapestornado.com\/it\/wp-json\/wp\/v2\/product"}],"about":[{"href":"https:\/\/vapestornado.com\/it\/wp-json\/wp\/v2\/types\/product"}],"replies":[{"embeddable":true,"href":"https:\/\/vapestornado.com\/it\/wp-json\/wp\/v2\/comments?post=3724"}],"wp:featuredmedia":[{"embeddable":true,"href":"https:\/\/vapestornado.com\/it\/wp-json\/wp\/v2\/media\/3723"}],"wp:attachment":[{"href":"https:\/\/vapestornado.com\/it\/wp-json\/wp\/v2\/media?parent=3724"}],"wp:term":[{"taxonomy":"product_brand","embeddable":true,"href":"https:\/\/vapestornado.com\/it\/wp-json\/wp\/v2\/product_brand?post=3724"},{"taxonomy":"product_cat","embeddable":true,"href":"https:\/\/vapestornado.com\/it\/wp-json\/wp\/v2\/product_cat?post=3724"},{"taxonomy":"product_tag","embeddable":true,"href":"https:\/\/vapestornado.com\/it\/wp-json\/wp\/v2\/product_tag?post=3724"}],"curies":[{"name":"wp","href":"https:\/\/api.w.org\/{rel}","templated":true}]}}