{"id":3716,"date":"2025-01-08T09:49:40","date_gmt":"2025-01-08T09:49:40","guid":{"rendered":"https:\/\/vapestornado.com\/?post_type=product&#038;p=3716"},"modified":"2025-08-23T09:33:37","modified_gmt":"2025-08-23T09:33:37","slug":"bood-twins-46000-puff-display-disposable-vape-cheap-price","status":"publish","type":"product","link":"https:\/\/vapestornado.com\/it\/product\/bood-twins-46000-puff-display-disposable-vape-cheap-price\/","title":{"rendered":"Bood Twins 46000 Puff Vape monouso con display a prezzo economico"},"content":{"rendered":"<h1>Bood Twins 46000 Puff Vape monouso con display a prezzo economico<\/h1>\n<p>&nbsp;<\/p>\n<div role=\"article\" data-tabster=\"{&quot;groupper&quot;:{&quot;tabbability&quot;:2},&quot;focusable&quot;:{}}\" data-content=\"ai-message\" aria-labelledby=\"64JRvXrTnY7mRmPkEQLLT-author 64JRvXrTnY7mRmPkEQLLT-content\">\n<div id=\"64JRvXrTnY7mRmPkEQLLT-content\">\n<p>La <strong data-start=\"341\" data-end=\"383\">Vaporizzatore usa e getta Bood Twins 46000 Puffs<\/strong> \u00e8 costruito per capacit\u00e0, prestazioni e versatilit\u00e0. Con fino a <strong data-start=\"448\" data-end=\"464\">46.000 tiri<\/strong> e un <strong data-start=\"471\" data-end=\"493\">sistema a doppio aroma<\/strong>, consente agli utenti di passare da due miscele in un unico dispositivo, offrendo variet\u00e0 e un divertimento duraturo<\/p>\n<p>Dotato di una <strong>resistenza a mesh avanzata<\/strong>, il Bood Twins offre un vapore consistente, morbido e saporito a ogni tiro. Il suo <strong>elegante display a schermo intero<\/strong> aggiunge un tocco di raffinatezza e fornisce dettagli essenziali sull'utilizzo, rendendolo ideale per i vapers attenti allo stile. La batteria ricaricabile assicura che il dispositivo possa erogare la sua piena capacit\u00e0 di tiri senza compromessi, eliminando la necessit\u00e0 di frequenti sostituzioni.<\/p>\n<p>Questo vape monouso premium \u00e8 perfetto per gli acquirenti all'ingrosso che desiderano offrire prodotti all'avanguardia ai loro clienti. <strong>Bood Twins 46000 puffvape <\/strong>combina tecnologia innovativa, design elegante e prestazioni ineguagliabili, rendendolo una scelta ambita nel settore dello svapo. Per le migliori offerte all'ingrosso su Bood Twins 46000 Puffs, visita vapestornado<strong>.com<\/strong> e migliora il tuo inventario di svapo oggi stesso!<\/p>\n<\/div>\n<\/div>\n<p><img fetchpriority=\"high\" decoding=\"async\" class=\"alignleft wp-image-2951 size-medium\" src=\"https:\/\/vapestornado.com\/wp-content\/uploads\/2024\/12\/Wholesale-Disposable-Vape-265x300.jpg\" alt=\"Vaporizzatore usa e getta all&#039;ingrosso\" width=\"265\" height=\"300\" srcset=\"https:\/\/vapestornado.com\/wp-content\/uploads\/2024\/12\/Wholesale-Disposable-Vape-265x300.jpg 265w, https:\/\/vapestornado.com\/wp-content\/uploads\/2024\/12\/Wholesale-Disposable-Vape-768x871.jpg 768w, https:\/\/vapestornado.com\/wp-content\/uploads\/2024\/12\/Wholesale-Disposable-Vape-600x680.jpg 600w, https:\/\/vapestornado.com\/wp-content\/uploads\/2024\/12\/Wholesale-Disposable-Vape.jpg 823w\" sizes=\"(max-width: 265px) 100vw, 265px\" \/><\/p>\n<h5>Si prega di contattare Mandy su WhatsApp per il prezzo scontato:<a href=\"https:\/\/wa.me\/8618077105796\" target=\"_blank\" rel=\"noopener\">+8618077105796<\/a><\/h5>\n<div class=\"flex max-w-full flex-col flex-grow\">\n<div class=\"min-h-8 text-message flex w-full flex-col items-end gap-2 whitespace-normal break-words text-start [.text-message+&amp;]:mt-5\" dir=\"auto\" data-message-author-role=\"assistant\" data-message-id=\"cdb991c0-f594-4bff-b2d5-fbbdd7ce9e54\" data-message-model-slug=\"gpt-4o-mini\">\n<div class=\"flex w-full flex-col gap-1 empty:hidden first:pt-[3px]\">\n<div class=\"markdown prose w-full break-words dark:prose-invert light\"><\/div>\n<\/div>\n<\/div>\n<\/div>\n<div class=\"mb-2 flex gap-3 empty:hidden -ml-2\">\n<h2 class=\"sr-proMainInfo-baseInfoH1 J-baseInfo-name\">Caratteristiche Principali del Vape All'Ingrosso Bood Twins 46000 Puff:<\/h2>\n<ul>\n<li><strong>Numero Elevato di Tiri<\/strong>: Goditi fino a 46.000 tiri, perfetti per un uso di lunga durata.<\/li>\n<li><strong>Doppi gusti<\/strong>: Design innovativo a doppio gusto in un unico dispositivo per un'esperienza di svapo versatile.<\/li>\n<li><strong>Tecnologia Mesh Coil<\/strong>: Fornisce una produzione di vapore morbida e consistente con una migliore erogazione del gusto.<\/li>\n<li><strong>Display a schermo intero<\/strong>: Design elegante e moderno con uno schermo di facile lettura per le informazioni essenziali.<\/li>\n<li><strong>Vantaggio all'ingrosso<\/strong>: Ideale per acquisti in grandi quantit\u00e0 per soddisfare in modo efficiente le richieste dei clienti.<\/li>\n<\/ul>\n<\/div>\n<h2 class=\"sr-proMainInfo-baseInfoH1 J-baseInfo-name\">Gusto Bood Twins 46000Puff:<\/h2>\n<p>1.Anguria<br \/>\n2.Mela<br \/>\n3.Lime<br \/>\n4.Mela verde<br \/>\n5.Lampone aspro e mirtillo<br \/>\n6.Ribes nero e lampone<br \/>\n7.Pesca Mango<br \/>\n8.Uva<br \/>\n9.Limonata Rosa<br \/>\n10.Uva Verde<\/p>\n<div role=\"article\" data-tabster=\"{&quot;groupper&quot;:{&quot;tabbability&quot;:2},&quot;focusable&quot;:{}}\" data-content=\"ai-message\" aria-labelledby=\"dARUyEWDoEYhnSPXFwx5A-author dARUyEWDoEYhnSPXFwx5A-content\">\n<div id=\"dARUyEWDoEYhnSPXFwx5A-content\">\n<h2><strong>Perch\u00e9 Acquistare <\/strong>Vape Bood Twins 46000puff <strong>da vapestornado?<\/strong><\/h2>\n<ul>\n<li><strong>Qualit\u00e0 imbattibile<\/strong>: Noi di vapestornado, garantiamo che ogni vape usa e getta Bood Twins 46000 Puff soddisfi i pi\u00f9 elevati standard di qualit\u00e0, offrendo un'esperienza di svapo premium con doppi gusti e tecnologia avanzata a doppia coil a rete.<\/li>\n<li><strong>Prezzi competitivi<\/strong>: Goditi prezzi all'ingrosso esclusivi per ordini di grandi quantit\u00e0, che rendono vapestornado la scelta ideale per rivenditori e appassionati di svapo.<\/li>\n<li><strong>Spedizione a livello globale<\/strong>: vapestornado offre una spedizione internazionale affidabile ed efficiente in tutta Europa, garantendo la consegna puntuale dei tuoi prodotti preferiti.<\/li>\n<li><strong>Autenticit\u00e0 garantita<\/strong>: Tutti i prodotti venduti su vapestornado sono autentici al 100% e verificati per la qualit\u00e0, offrendoti tranquillit\u00e0 ad ogni acquisto.<\/li>\n<li><strong>Supporto clienti dedicato<\/strong>: Il nostro team di supporto competente e cordiale \u00e8 disponibile ad assisterti con qualsiasi domanda, garantendo un'esperienza di acquisto fluida e soddisfacente.<\/li>\n<\/ul>\n<\/div>\n<\/div>\n<h2>Domande frequenti sull'acquisto all'ingrosso di vape usa e getta Bood Twins 46000 puffs in EUR<\/h2>\n<ul>\n<li><strong>Cos'\u00e8 il Vape Usa e Getta Bood Twins 46000 Puffs?<\/strong><br \/>\nIl Bood Twins 46000 Puffs \u00e8 un vape usa e getta premium con un'incredibile capacit\u00e0 di 46.000 puff, doppi gusti in un unico dispositivo, una doppia coil a rete per un gusto superiore e un elegante display a schermo intero.<\/li>\n<li><strong>Quanto costa l'acquisto all'ingrosso di Bood Twins 46000 Puffs in EUR?<\/strong><br \/>\nIl prezzo per gli ordini all'ingrosso dipende dalla quantit\u00e0 acquistata. vapestornado offre prezzi all'ingrosso competitivi in EUR per fornire il miglior valore per i rivenditori e gli acquirenti di grandi quantit\u00e0.<\/li>\n<li><strong>Posso pagare gli ordini all'ingrosso in EUR?<\/strong><br \/>\nS\u00ec, vapestornado accetta pagamenti in EUR per gli acquisti all'ingrosso, rendendolo comodo per i clienti europei.<\/li>\n<li><strong>Quali sono i vantaggi dell'acquisto all'ingrosso del box vape Bood Vape 46k Puffs?<\/strong><br \/>\nL'acquisto all'ingrosso garantisce un notevole risparmio sui costi, una disponibilit\u00e0 costante dei prodotti e margini di profitto migliori per le aziende.<\/li>\n<li><strong>vapestornado spedisce nei paesi europei?<\/strong><br \/>\nCertamente! vapestornado offre spedizioni veloci e affidabili in tutta Europa, inclusi Germania, Francia, Spagna e Paesi Bassi.<\/li>\n<li><strong>Sono disponibili sconti per ordini consistenti?<\/strong><br \/>\nS\u00ec, vapestornado offre prezzi a fasce e sconti per quantit\u00e0 maggiori, garantendo il massimo risparmio per gli acquirenti all'ingrosso.<\/li>\n<li><strong>Qual \u00e8 la quantit\u00e0 minima ordinabile per l'ingrosso?<\/strong><br \/>\nLa quantit\u00e0 minima ordinabile \u00e8 di 50 pezzi. Contatta il team di assistenza clienti di vapestornado per i dettagli sui requisiti per gli acquisti all'ingrosso.<\/li>\n<\/ul>","protected":false},"excerpt":{"rendered":"<p><strong>Bood Twins 46000 Puffs Vape Monouso con Display a LED<\/strong> a prezzi imbattibili. Goditi doppi gusti, un elegante display a schermo intero e una tecnologia avanzata a mesh coil per un'esperienza di svapo premium.<\/p>\n<figure id=\"attachment_2951\" aria-describedby=\"caption-attachment-2951\" style=\"width: 265px\" class=\"wp-caption alignnone\"><img decoding=\"async\" class=\"size-medium wp-image-2951\" src=\"https:\/\/vapestornado.com\/wp-content\/uploads\/2024\/12\/Wholesale-Disposable-Vape-265x300.jpg\" alt=\"Vaporizzatore usa e getta all&#039;ingrosso\" width=\"265\" height=\"300\" srcset=\"https:\/\/vapestornado.com\/wp-content\/uploads\/2024\/12\/Wholesale-Disposable-Vape-265x300.jpg 265w, https:\/\/vapestornado.com\/wp-content\/uploads\/2024\/12\/Wholesale-Disposable-Vape-768x871.jpg 768w, https:\/\/vapestornado.com\/wp-content\/uploads\/2024\/12\/Wholesale-Disposable-Vape-600x680.jpg 600w, https:\/\/vapestornado.com\/wp-content\/uploads\/2024\/12\/Wholesale-Disposable-Vape.jpg 823w\" sizes=\"(max-width: 265px) 100vw, 265px\" \/><figcaption id=\"caption-attachment-2951\" class=\"wp-caption-text\">Si prega di contattare il WhatsApp di Mandy per il prezzo scontato\u00a0 <a href=\"https:\/\/wa.me\/8618077105796\">+8618077105796<\/a><\/figcaption><\/figure>\n<p>&nbsp;<\/p>","protected":false},"featured_media":3713,"comment_status":"open","ping_status":"closed","template":"","meta":{"_acf_changed":false,"_uag_custom_page_level_css":"","_lmt_disableupdate":"no","_lmt_disable":"","_monsterinsights_skip_tracking":false,"_monsterinsights_sitenote_active":false,"_monsterinsights_sitenote_note":"","_monsterinsights_sitenote_category":0,"site-sidebar-layout":"default","site-content-layout":"","ast-site-content-layout":"default","site-content-style":"default","site-sidebar-style":"default","ast-global-header-display":"","ast-banner-title-visibility":"","ast-main-header-display":"","ast-hfb-above-header-display":"","ast-hfb-below-header-display":"","ast-hfb-mobile-header-display":"","site-post-title":"","ast-breadcrumbs-content":"","ast-featured-img":"","footer-sml-layout":"","ast-disable-related-posts":"","theme-transparent-header-meta":"default","adv-header-id-meta":"","stick-header-meta":"","header-above-stick-meta":"","header-main-stick-meta":"","header-below-stick-meta":"","astra-migrate-meta-layouts":"set","ast-page-background-enabled":"default","ast-page-background-meta":{"desktop":{"background-color":"","background-image":"","background-repeat":"repeat","background-position":"center center","background-size":"auto","background-attachment":"scroll","background-type":"","background-media":"","overlay-type":"","overlay-color":"","overlay-opacity":"","overlay-gradient":""},"tablet":{"background-color":"","background-image":"","background-repeat":"repeat","background-position":"center center","background-size":"auto","background-attachment":"scroll","background-type":"","background-media":"","overlay-type":"","overlay-color":"","overlay-opacity":"","overlay-gradient":""},"mobile":{"background-color":"","background-image":"","background-repeat":"repeat","background-position":"center center","background-size":"auto","background-attachment":"scroll","background-type":"","background-media":"","overlay-type":"","overlay-color":"","overlay-opacity":"","overlay-gradient":""}},"ast-content-background-meta":{"desktop":{"background-color":"var(--ast-global-color-5)","background-image":"","background-repeat":"repeat","background-position":"center center","background-size":"auto","background-attachment":"scroll","background-type":"","background-media":"","overlay-type":"","overlay-color":"","overlay-opacity":"","overlay-gradient":""},"tablet":{"background-color":"var(--ast-global-color-5)","background-image":"","background-repeat":"repeat","background-position":"center center","background-size":"auto","background-attachment":"scroll","background-type":"","background-media":"","overlay-type":"","overlay-color":"","overlay-opacity":"","overlay-gradient":""},"mobile":{"background-color":"var(--ast-global-color-5)","background-image":"","background-repeat":"repeat","background-position":"center center","background-size":"auto","background-attachment":"scroll","background-type":"","background-media":"","overlay-type":"","overlay-color":"","overlay-opacity":"","overlay-gradient":""}},"_joinchat":{"telephone":"+8618077105796"}},"product_brand":[],"product_cat":[230,193,149,160,146],"product_tag":[231,97,98],"class_list":{"0":"post-3716","1":"product","2":"type-product","3":"status-publish","4":"has-post-thumbnail","6":"product_cat-46000-puff","7":"product_cat-bood-disposable-vapes","8":"product_cat-buy-disposable-vapes-in-austria","9":"product_cat-buy-disposable-vapes-in-switzerland","10":"product_cat-rechargeable-disposable-vapes","11":"product_tag-bood-twins-46000-puff","12":"product_tag-hot-sale-disposable-vape","13":"product_tag-wholesale-price-disposable-vape","14":"desktop-align-left","15":"tablet-align-left","16":"mobile-align-left","18":"first","19":"instock","20":"sale","21":"shipping-taxable","22":"purchasable","23":"product-type-simple"},"acf":[],"uagb_featured_image_src":{"full":["https:\/\/vapestornado.com\/wp-content\/uploads\/2025\/01\/Bood-Twins-46000-Puffs-Top-Sale-Vape-In-Poland.webp",800,800,false],"thumbnail":["https:\/\/vapestornado.com\/wp-content\/uploads\/2025\/01\/Bood-Twins-46000-Puffs-Top-Sale-Vape-In-Poland-150x150.webp",150,150,true],"medium":["https:\/\/vapestornado.com\/wp-content\/uploads\/2025\/01\/Bood-Twins-46000-Puffs-Top-Sale-Vape-In-Poland-300x300.webp",300,300,true],"medium_large":["https:\/\/vapestornado.com\/wp-content\/uploads\/2025\/01\/Bood-Twins-46000-Puffs-Top-Sale-Vape-In-Poland-768x768.webp",768,768,true],"large":["https:\/\/vapestornado.com\/wp-content\/uploads\/2025\/01\/Bood-Twins-46000-Puffs-Top-Sale-Vape-In-Poland.webp",800,800,false],"1536x1536":["https:\/\/vapestornado.com\/wp-content\/uploads\/2025\/01\/Bood-Twins-46000-Puffs-Top-Sale-Vape-In-Poland.webp",800,800,false],"2048x2048":["https:\/\/vapestornado.com\/wp-content\/uploads\/2025\/01\/Bood-Twins-46000-Puffs-Top-Sale-Vape-In-Poland.webp",800,800,false],"trp-custom-language-flag":["https:\/\/vapestornado.com\/wp-content\/uploads\/2025\/01\/Bood-Twins-46000-Puffs-Top-Sale-Vape-In-Poland.webp",12,12,false],"woocommerce_thumbnail":["https:\/\/vapestornado.com\/wp-content\/uploads\/2025\/01\/Bood-Twins-46000-Puffs-Top-Sale-Vape-In-Poland-300x300.webp",300,300,true],"woocommerce_single":["https:\/\/vapestornado.com\/wp-content\/uploads\/2025\/01\/Bood-Twins-46000-Puffs-Top-Sale-Vape-In-Poland-600x600.webp",600,600,true],"woocommerce_gallery_thumbnail":["https:\/\/vapestornado.com\/wp-content\/uploads\/2025\/01\/Bood-Twins-46000-Puffs-Top-Sale-Vape-In-Poland-100x100.webp",100,100,true]},"uagb_author_info":{"display_name":"ESMANDY","author_link":"https:\/\/vapestornado.com\/it\/author\/"},"uagb_comment_info":0,"uagb_excerpt":"Bood Twins 46000 Puffs LED Display Disposable Vape at unbeatable prices. Enjoy dual flavors, a sleek full-screen display, and advanced mesh coil technology for a premium vaping experience. [caption id=\"attachment_2951\" align=\"alignnone\" width=\"265\"] Pls Contact Mandy's WhatsApp For Discount Price\u00a0 +8618077105796[\/caption] &nbsp;","_links":{"self":[{"href":"https:\/\/vapestornado.com\/it\/wp-json\/wp\/v2\/product\/3716","targetHints":{"allow":["GET"]}}],"collection":[{"href":"https:\/\/vapestornado.com\/it\/wp-json\/wp\/v2\/product"}],"about":[{"href":"https:\/\/vapestornado.com\/it\/wp-json\/wp\/v2\/types\/product"}],"replies":[{"embeddable":true,"href":"https:\/\/vapestornado.com\/it\/wp-json\/wp\/v2\/comments?post=3716"}],"wp:featuredmedia":[{"embeddable":true,"href":"https:\/\/vapestornado.com\/it\/wp-json\/wp\/v2\/media\/3713"}],"wp:attachment":[{"href":"https:\/\/vapestornado.com\/it\/wp-json\/wp\/v2\/media?parent=3716"}],"wp:term":[{"taxonomy":"product_brand","embeddable":true,"href":"https:\/\/vapestornado.com\/it\/wp-json\/wp\/v2\/product_brand?post=3716"},{"taxonomy":"product_cat","embeddable":true,"href":"https:\/\/vapestornado.com\/it\/wp-json\/wp\/v2\/product_cat?post=3716"},{"taxonomy":"product_tag","embeddable":true,"href":"https:\/\/vapestornado.com\/it\/wp-json\/wp\/v2\/product_tag?post=3716"}],"curies":[{"name":"wp","href":"https:\/\/api.w.org\/{rel}","templated":true}]}}