{"id":3661,"date":"2025-01-03T08:52:12","date_gmt":"2025-01-03T08:52:12","guid":{"rendered":"https:\/\/vapestornado.com\/?post_type=product&#038;p=3661"},"modified":"2025-08-23T09:37:36","modified_gmt":"2025-08-23T09:37:36","slug":"cheap-price-razz-bar-25000-puffs-wholesale-vape","status":"publish","type":"product","link":"https:\/\/vapestornado.com\/it\/product\/cheap-price-razz-bar-25000-puffs-wholesale-vape\/","title":{"rendered":"Prezzo economico RAZZ BAR 25000 Puff Vape all'ingrosso"},"content":{"rendered":"<h1>Prezzo economico RAZZ BAR 25000 Puff Vape all'ingrosso<\/h1>\n<div role=\"article\" data-tabster=\"{&quot;groupper&quot;:{&quot;tabbability&quot;:2},&quot;focusable&quot;:{}}\" data-content=\"ai-message\" aria-labelledby=\"64JRvXrTnY7mRmPkEQLLT-author 64JRvXrTnY7mRmPkEQLLT-content\">\n<div id=\"64JRvXrTnY7mRmPkEQLLT-content\">\n<div role=\"article\" data-tabster=\"{&quot;groupper&quot;:{&quot;tabbability&quot;:2},&quot;focusable&quot;:{}}\" data-content=\"ai-message\" aria-labelledby=\"64JRvXrTnY7mRmPkEQLLT-author 64JRvXrTnY7mRmPkEQLLT-content\">\n<div id=\"64JRvXrTnY7mRmPkEQLLT-content\">\n<p>La <strong>RAZZ BAR 25000 Tiri Vape Monouso<\/strong> \u00e8 un punto di svolta sia per gli appassionati di vaping che per i grossisti. Progettato con l'innovazione al centro, questo dispositivo ad alta capacit\u00e0 offre una perfetta combinazione di qualit\u00e0, stile e convenienza. Con un impressionante <strong>conteggio di 25.000 tiri<\/strong>, garantisce un divertimento prolungato, rendendolo perfetto per chi cerca valore a lungo termine.<\/p>\n<p>Ogni unit\u00e0 \u00e8 dotata di una <strong>batteria ricaricabile integrata da 650mAh<\/strong>, completata da una tecnologia di ricarica <strong>Type-C<\/strong>, veloce e affidabile, assicurandoti di rimanere carico ovunque tu vada. Il suo <strong>tecnologia della bobina a mesh<\/strong> amplifica ogni sapore, offrendo nuvole lisce e dense che migliorano la tua soddisfazione di vaping.<\/p>\n<p>Disponibile in <strong>16 sapori irresistibili<\/strong> e infuso con <strong>2% o 5% di nicotina salina<\/strong>, il RAZZ BAR soddisfa diverse preferenze di gusto. Il suo design leggero e portatile lo rende ideale sia per gli utenti occasionali che per i vapers impegnati.<\/p>\n<p>Per le aziende, il RAZZ BAR \u00e8 un sogno all'ingrosso, confezionato in <strong>200 pezzi per cartone<\/strong> per un'efficiente distribuzione all'ingrosso. Con i suoi prezzi competitivi e le caratteristiche premium, questo prodotto \u00e8 un must-have per espandere il tuo inventario.<\/p>\n<p>Migliora il tuo gioco di vaping o rifornisci i tuoi scaffali con il <strong>RAZZ BAR 25000 Tiri<\/strong>, il perfetto equilibrio tra prestazioni e convenienza. Non perdere l'opportunit\u00e0 di offrire un prodotto che ridefinisce il mercato dei vape usa e getta!<\/p>\n<\/div>\n<\/div>\n<figure id=\"attachment_3686\" aria-describedby=\"caption-attachment-3686\" style=\"width: 531px\" class=\"wp-caption alignnone\"><img fetchpriority=\"high\" decoding=\"async\" class=\"wp-image-3686\" src=\"https:\/\/vapestornado.com\/wp-content\/uploads\/2025\/01\/RAZZ-BAR-25000-Puffs-Lemon-Lime.webp\" alt=\"RAZZ BAR 25000 Puff Limone e Lime\" width=\"531\" height=\"531\" srcset=\"https:\/\/vapestornado.com\/wp-content\/uploads\/2025\/01\/RAZZ-BAR-25000-Puffs-Lemon-Lime.webp 800w, https:\/\/vapestornado.com\/wp-content\/uploads\/2025\/01\/RAZZ-BAR-25000-Puffs-Lemon-Lime-300x300.webp 300w, https:\/\/vapestornado.com\/wp-content\/uploads\/2025\/01\/RAZZ-BAR-25000-Puffs-Lemon-Lime-150x150.webp 150w, https:\/\/vapestornado.com\/wp-content\/uploads\/2025\/01\/RAZZ-BAR-25000-Puffs-Lemon-Lime-768x768.webp 768w, https:\/\/vapestornado.com\/wp-content\/uploads\/2025\/01\/RAZZ-BAR-25000-Puffs-Lemon-Lime-600x600.webp 600w, https:\/\/vapestornado.com\/wp-content\/uploads\/2025\/01\/RAZZ-BAR-25000-Puffs-Lemon-Lime-100x100.webp 100w\" sizes=\"(max-width: 531px) 100vw, 531px\" \/><figcaption id=\"caption-attachment-3686\" class=\"wp-caption-text\">RAZZ BAR 25000 Puff Limone e Lime<\/figcaption><\/figure>\n<\/div>\n<\/div>\n<p><img decoding=\"async\" class=\"alignleft wp-image-2951 size-medium\" src=\"https:\/\/vapestornado.com\/wp-content\/uploads\/2024\/12\/Wholesale-Disposable-Vape-265x300.jpg\" alt=\"Vaporizzatore usa e getta all&#039;ingrosso\" width=\"265\" height=\"300\" srcset=\"https:\/\/vapestornado.com\/wp-content\/uploads\/2024\/12\/Wholesale-Disposable-Vape-265x300.jpg 265w, https:\/\/vapestornado.com\/wp-content\/uploads\/2024\/12\/Wholesale-Disposable-Vape-768x871.jpg 768w, https:\/\/vapestornado.com\/wp-content\/uploads\/2024\/12\/Wholesale-Disposable-Vape-600x680.jpg 600w, https:\/\/vapestornado.com\/wp-content\/uploads\/2024\/12\/Wholesale-Disposable-Vape.jpg 823w\" sizes=\"(max-width: 265px) 100vw, 265px\" \/><\/p>\n<h5>Si prega di contattare Mandy su WhatsApp per il prezzo scontato:<a href=\"https:\/\/wa.me\/8618077105796\" target=\"_blank\" rel=\"noopener\">+8618077105796<\/a><\/h5>\n<div class=\"flex max-w-full flex-col flex-grow\">\n<div class=\"min-h-8 text-message flex w-full flex-col items-end gap-2 whitespace-normal break-words text-start [.text-message+&amp;]:mt-5\" dir=\"auto\" data-message-author-role=\"assistant\" data-message-id=\"cdb991c0-f594-4bff-b2d5-fbbdd7ce9e54\" data-message-model-slug=\"gpt-4o-mini\">\n<div class=\"flex w-full flex-col gap-1 empty:hidden first:pt-[3px]\">\n<div class=\"markdown prose w-full break-words dark:prose-invert light\"><\/div>\n<\/div>\n<\/div>\n<\/div>\n<div class=\"mb-2 flex gap-3 empty:hidden -ml-2\">\n<h2>Razz bar 25000puff Caratteristiche principali dei vaporizzatori:<\/h2>\n<ul>\n<li><strong>Gradazione di nicotina:<\/strong> Disponibile in nicotina salina da 2% e 5% per un'esperienza di svapo su misura.<\/li>\n<li><strong>Numero di Puff:<\/strong> Fino a <strong>25.000 puff<\/strong>, garantendo una longevit\u00e0 senza pari.<\/li>\n<li><strong>Gusti:<\/strong> Scegli tra <strong>16 gusti premium<\/strong>, ognuno realizzato per la massima soddisfazione.<\/li>\n<li><strong>Batteria:<\/strong> <strong>batteria ricaricabile integrata da 650mAh<\/strong> con efficiente <strong>ricarica rapida di tipo C<\/strong> per un utilizzo senza interruzioni.<\/li>\n<li><strong>Tecnologia:<\/strong> Integrato <strong>tecnologia della bobina a mesh<\/strong> offre un vapore uniforme e morbido e un sapore intensificato.<\/li>\n<li><strong>Confezione:<\/strong> Confezionato in modo conveniente con <strong>200 pezzi per cartone<\/strong> per ordini all'ingrosso.<\/li>\n<\/ul>\n<\/div>\n<h2>RAZZBAR 25000 Puff Pod di vaporizzazione in offerta speciale Gusto:<\/h2>\n<p>1. Ghiaccio alla pesca succosa<br \/>\n2. Banana alla fragola<br \/>\n3. Uva Red Bull<br \/>\n4. Ghiaccio al mirtillo<br \/>\n5. Ghiaccio all'anguria<br \/>\n6. Ghiaccio lussureggiante<br \/>\n7. Frutta tropicale<br \/>\n8. Kiwi alla fragola<br \/>\n9. Ghiaccio alla fragola<br \/>\n10. Frutti di bosco misti<br \/>\n11. Ghiaccio alla fragola, lampone e ciliegia<br \/>\n12. Love 66<br \/>\n13. Ghiaccio al drago nero<br \/>\n14. Lime limone<br \/>\n15. Lampone aspro al mirtillo<br \/>\n16. Gomma da masticare al gusto di fragola e anguria<\/p>\n<div role=\"article\" data-tabster=\"{&quot;groupper&quot;:{&quot;tabbability&quot;:2},&quot;focusable&quot;:{}}\" data-content=\"ai-message\" aria-labelledby=\"dARUyEWDoEYhnSPXFwx5A-author dARUyEWDoEYhnSPXFwx5A-content\">\n<div id=\"dARUyEWDoEYhnSPXFwx5A-content\">\n<h2>Perch\u00e9 scegliere RAZZ BAR 25000 Puff <strong>\u00a0<\/strong>at <a href=\"https:\/\/vapestornado.com\/it\/product\/bang-box-35k-puffs-high-capacity-long-lasting-disposable-vape\/\">vapestornado.com?<\/a><\/h2>\n<h4><strong>*Longevit\u00e0 imbattibile<\/strong><\/h4>\n<p>La <strong>RAZZ BAR 25000 Tiri<\/strong> \u00e8 progettato per la resistenza, offrendo fino a <strong>25.000 puff<\/strong> puff per dispositivo. Questo lo rende la scelta ideale per i vapers che danno priorit\u00e0 a prestazioni di lunga durata senza sostituzioni costanti.<\/p>\n<h4><strong>*Qualit\u00e0 superiore a prezzi competitivi<\/strong><\/h4>\n<p>At <strong>vapestornado.it<\/strong>, offriamo RAZZ BAR a prezzi all'ingrosso imbattibili, rendendolo un'opzione conveniente sia per i rivenditori che per i singoli acquirenti. Goditi la tecnologia di svapo premium senza spendere troppo.<\/p>\n<h4><strong>*Diverse opzioni di gusto<\/strong><\/h4>\n<p>Con <strong>16 gusti vivaci<\/strong> disponibili, ce n'\u00e8 per tutti i gusti. Dalle miscele fruttate al mentolo rinfrescante, ogni sapore \u00e8 realizzato per offrire un'esperienza ricca e soddisfacente.<\/p>\n<h4><strong>*Funzionalit\u00e0 avanzate<\/strong><\/h4>\n<p>La <strong>batteria ricaricabile integrata da 650mAh<\/strong>, combinato con <strong>ricarica rapida di tipo C<\/strong> e <strong>tecnologia della bobina a mesh<\/strong>, garantisce prestazioni costanti, una produzione di vapore fluida e un'intensa intensit\u00e0 di sapore a ogni boccata.<\/p>\n<h4><strong>*Partner all'ingrosso di fiducia<\/strong><\/h4>\n<p>vapestornado.com \u00e8 un fornitore di fiducia nel settore dello svapo, che offre <strong>transazioni sicure<\/strong>, <strong>spedizione veloce<\/strong>, e un supporto clienti dedicato. Con confezioni multiple di <strong>200 pezzi per cartone<\/strong>, fare scorta del tuo inventario non \u00e8 mai stato cos\u00ec facile.<\/p>\n<h4><strong>*Design ecologico<\/strong><\/h4>\n<p>RAZZ BAR \u00e8 dotato di tecnologia ricaricabile, che riduce gli sprechi e supporta uno stile di vita di svapo pi\u00f9 sostenibile.<\/p>\n<p>Scegli il <strong>RAZZ BAR 25000 Tiri<\/strong> at <strong>vapestornado.it<\/strong> per una soluzione di vaping premium che offre valore, innovazione e sapore eccezionali in ogni boccata!<\/p>\n<\/div>\n<\/div>\n<h2>Domande frequenti su RAZZ BAR VAPE 25000 Puff<\/h2>\n<p><strong>1. Quanto dura il RAZZ BAR 25000 Puff?<\/strong><br \/>\nIl RAZZ BAR 25000 Puff offre fino a 25.000 boccate, rendendolo uno dei vaporizzatori usa e getta pi\u00f9 resistenti disponibili. La sua longevit\u00e0 dipende dalle abitudini di utilizzo individuali, ma in genere dura diverse settimane o anche mesi per gli utenti moderati.<\/p>\n<p><strong>2. Posso ricaricare il RAZZ BAR 25000 puffvape pi\u00f9 volte?<\/strong><br \/>\nS\u00ec, il RAZZ BAR \u00e8 dotato di una batteria ricaricabile da 650 mAh che pu\u00f2 essere ricaricata pi\u00f9 volte. \u00c8 progettato per garantire prestazioni costanti per tutta la sua durata, quindi puoi usarlo fino a quando l'e-liquid non \u00e8 completamente terminato.<\/p>\n<p><strong>3. La porta di ricarica di tipo C \u00e8 inclusa con il RAZZ BAR 25k puff?<\/strong><br \/>\nIl RAZZ BAR \u00e8 dotato di una porta di ricarica di tipo C integrata, che consente una ricarica comoda e veloce. Tuttavia, la confezione non include un cavo di ricarica, quindi dovrai utilizzare un cavo di tipo C standard per la ricarica.<\/p>\n<p><strong>4. Qual \u00e8 il modo migliore per mantenere prestazioni ottimali per il 25000 Puffs Vape For RAZZ BAR?<\/strong><br \/>\nPer mantenere il RAZZ BAR al meglio delle sue prestazioni, caricalo regolarmente utilizzando un cavo di tipo C ed evita di sovraccaricare la batteria. Conserva il dispositivo in un luogo fresco e asciutto, lontano da fonti di calore o luce solare diretta. Assicurati che la porta di ricarica rimanga pulita e priva di polvere. Inoltre, lascia riposare il dispositivo tra lunghe sessioni di svapo per evitare il surriscaldamento.<\/p>","protected":false},"excerpt":{"rendered":"<p><strong>RAZZ BAR 25000 Tiri Vape all'Ingrosso<\/strong> a prezzi imbattibili. Offre 16 gusti premium, batteria ricaricabile da 650mAh e 25.000 tiri per una soddisfazione duratura!<\/p>\n<figure id=\"attachment_2951\" aria-describedby=\"caption-attachment-2951\" style=\"width: 265px\" class=\"wp-caption alignnone\"><img decoding=\"async\" class=\"size-medium wp-image-2951\" src=\"https:\/\/vapestornado.com\/wp-content\/uploads\/2024\/12\/Wholesale-Disposable-Vape-265x300.jpg\" alt=\"Vaporizzatore usa e getta all&#039;ingrosso\" width=\"265\" height=\"300\" srcset=\"https:\/\/vapestornado.com\/wp-content\/uploads\/2024\/12\/Wholesale-Disposable-Vape-265x300.jpg 265w, https:\/\/vapestornado.com\/wp-content\/uploads\/2024\/12\/Wholesale-Disposable-Vape-768x871.jpg 768w, https:\/\/vapestornado.com\/wp-content\/uploads\/2024\/12\/Wholesale-Disposable-Vape-600x680.jpg 600w, https:\/\/vapestornado.com\/wp-content\/uploads\/2024\/12\/Wholesale-Disposable-Vape.jpg 823w\" sizes=\"(max-width: 265px) 100vw, 265px\" \/><figcaption id=\"caption-attachment-2951\" class=\"wp-caption-text\">Si prega di contattare il WhatsApp di Mandy per il prezzo scontato\u00a0 <a href=\"https:\/\/wa.me\/8618077105796\">+8618077105796<\/a><\/figcaption><\/figure>\n<p>&nbsp;<\/p>","protected":false},"featured_media":3687,"comment_status":"open","ping_status":"closed","template":"","meta":{"_acf_changed":false,"_uag_custom_page_level_css":"","_lmt_disableupdate":"no","_lmt_disable":"","_monsterinsights_skip_tracking":false,"_monsterinsights_sitenote_active":false,"_monsterinsights_sitenote_note":"","_monsterinsights_sitenote_category":0,"site-sidebar-layout":"default","site-content-layout":"","ast-site-content-layout":"default","site-content-style":"default","site-sidebar-style":"default","ast-global-header-display":"","ast-banner-title-visibility":"","ast-main-header-display":"","ast-hfb-above-header-display":"","ast-hfb-below-header-display":"","ast-hfb-mobile-header-display":"","site-post-title":"","ast-breadcrumbs-content":"","ast-featured-img":"","footer-sml-layout":"","ast-disable-related-posts":"","theme-transparent-header-meta":"default","adv-header-id-meta":"","stick-header-meta":"","header-above-stick-meta":"","header-main-stick-meta":"","header-below-stick-meta":"","astra-migrate-meta-layouts":"set","ast-page-background-enabled":"default","ast-page-background-meta":{"desktop":{"background-color":"","background-image":"","background-repeat":"repeat","background-position":"center center","background-size":"auto","background-attachment":"scroll","background-type":"","background-media":"","overlay-type":"","overlay-color":"","overlay-opacity":"","overlay-gradient":""},"tablet":{"background-color":"","background-image":"","background-repeat":"repeat","background-position":"center center","background-size":"auto","background-attachment":"scroll","background-type":"","background-media":"","overlay-type":"","overlay-color":"","overlay-opacity":"","overlay-gradient":""},"mobile":{"background-color":"","background-image":"","background-repeat":"repeat","background-position":"center center","background-size":"auto","background-attachment":"scroll","background-type":"","background-media":"","overlay-type":"","overlay-color":"","overlay-opacity":"","overlay-gradient":""}},"ast-content-background-meta":{"desktop":{"background-color":"var(--ast-global-color-5)","background-image":"","background-repeat":"repeat","background-position":"center center","background-size":"auto","background-attachment":"scroll","background-type":"","background-media":"","overlay-type":"","overlay-color":"","overlay-opacity":"","overlay-gradient":""},"tablet":{"background-color":"var(--ast-global-color-5)","background-image":"","background-repeat":"repeat","background-position":"center center","background-size":"auto","background-attachment":"scroll","background-type":"","background-media":"","overlay-type":"","overlay-color":"","overlay-opacity":"","overlay-gradient":""},"mobile":{"background-color":"var(--ast-global-color-5)","background-image":"","background-repeat":"repeat","background-position":"center center","background-size":"auto","background-attachment":"scroll","background-type":"","background-media":"","overlay-type":"","overlay-color":"","overlay-opacity":"","overlay-gradient":""}},"_joinchat":{"telephone":"+8618077105796"}},"product_brand":[],"product_cat":[68,149,153,158,146],"product_tag":[97,228],"class_list":{"0":"post-3661","1":"product","2":"type-product","3":"status-publish","4":"has-post-thumbnail","6":"product_cat-25000-puff","7":"product_cat-buy-disposable-vapes-in-austria","8":"product_cat-buy-disposable-vapes-in-italy","9":"product_cat-buy-disposable-vapes-in-spain","10":"product_cat-rechargeable-disposable-vapes","11":"product_tag-hot-sale-disposable-vape","12":"product_tag-razz-bar-25000-puffs","13":"desktop-align-left","14":"tablet-align-left","15":"mobile-align-left","17":"first","18":"instock","19":"sale","20":"shipping-taxable","21":"purchasable","22":"product-type-simple"},"acf":[],"uagb_featured_image_src":{"full":["https:\/\/vapestornado.com\/wp-content\/uploads\/2025\/01\/RAZZ-BAR-25000-Puffs-Black-Dragon-ice-GEEK-BAR.webp",800,800,false],"thumbnail":["https:\/\/vapestornado.com\/wp-content\/uploads\/2025\/01\/RAZZ-BAR-25000-Puffs-Black-Dragon-ice-GEEK-BAR-150x150.webp",150,150,true],"medium":["https:\/\/vapestornado.com\/wp-content\/uploads\/2025\/01\/RAZZ-BAR-25000-Puffs-Black-Dragon-ice-GEEK-BAR-300x300.webp",300,300,true],"medium_large":["https:\/\/vapestornado.com\/wp-content\/uploads\/2025\/01\/RAZZ-BAR-25000-Puffs-Black-Dragon-ice-GEEK-BAR-768x768.webp",768,768,true],"large":["https:\/\/vapestornado.com\/wp-content\/uploads\/2025\/01\/RAZZ-BAR-25000-Puffs-Black-Dragon-ice-GEEK-BAR.webp",800,800,false],"1536x1536":["https:\/\/vapestornado.com\/wp-content\/uploads\/2025\/01\/RAZZ-BAR-25000-Puffs-Black-Dragon-ice-GEEK-BAR.webp",800,800,false],"2048x2048":["https:\/\/vapestornado.com\/wp-content\/uploads\/2025\/01\/RAZZ-BAR-25000-Puffs-Black-Dragon-ice-GEEK-BAR.webp",800,800,false],"trp-custom-language-flag":["https:\/\/vapestornado.com\/wp-content\/uploads\/2025\/01\/RAZZ-BAR-25000-Puffs-Black-Dragon-ice-GEEK-BAR.webp",12,12,false],"woocommerce_thumbnail":["https:\/\/vapestornado.com\/wp-content\/uploads\/2025\/01\/RAZZ-BAR-25000-Puffs-Black-Dragon-ice-GEEK-BAR-300x300.webp",300,300,true],"woocommerce_single":["https:\/\/vapestornado.com\/wp-content\/uploads\/2025\/01\/RAZZ-BAR-25000-Puffs-Black-Dragon-ice-GEEK-BAR-600x600.webp",600,600,true],"woocommerce_gallery_thumbnail":["https:\/\/vapestornado.com\/wp-content\/uploads\/2025\/01\/RAZZ-BAR-25000-Puffs-Black-Dragon-ice-GEEK-BAR-100x100.webp",100,100,true]},"uagb_author_info":{"display_name":"ESMANDY","author_link":"https:\/\/vapestornado.com\/it\/author\/"},"uagb_comment_info":0,"uagb_excerpt":"RAZZ BAR 25000 Puffs Wholesale Vape at unbeatable prices. Offering 16 premium flavors, 650mAh rechargeable battery, and 25,000 puffs for long-lasting satisfaction! [caption id=\"attachment_2951\" align=\"alignnone\" width=\"265\"] Pls Contact Mandy's WhatsApp For Discount Price\u00a0 +8618077105796[\/caption] &nbsp;","_links":{"self":[{"href":"https:\/\/vapestornado.com\/it\/wp-json\/wp\/v2\/product\/3661","targetHints":{"allow":["GET"]}}],"collection":[{"href":"https:\/\/vapestornado.com\/it\/wp-json\/wp\/v2\/product"}],"about":[{"href":"https:\/\/vapestornado.com\/it\/wp-json\/wp\/v2\/types\/product"}],"replies":[{"embeddable":true,"href":"https:\/\/vapestornado.com\/it\/wp-json\/wp\/v2\/comments?post=3661"}],"wp:featuredmedia":[{"embeddable":true,"href":"https:\/\/vapestornado.com\/it\/wp-json\/wp\/v2\/media\/3687"}],"wp:attachment":[{"href":"https:\/\/vapestornado.com\/it\/wp-json\/wp\/v2\/media?parent=3661"}],"wp:term":[{"taxonomy":"product_brand","embeddable":true,"href":"https:\/\/vapestornado.com\/it\/wp-json\/wp\/v2\/product_brand?post=3661"},{"taxonomy":"product_cat","embeddable":true,"href":"https:\/\/vapestornado.com\/it\/wp-json\/wp\/v2\/product_cat?post=3661"},{"taxonomy":"product_tag","embeddable":true,"href":"https:\/\/vapestornado.com\/it\/wp-json\/wp\/v2\/product_tag?post=3661"}],"curies":[{"name":"wp","href":"https:\/\/api.w.org\/{rel}","templated":true}]}}