{"id":3639,"date":"2025-01-03T01:54:34","date_gmt":"2025-01-03T01:54:34","guid":{"rendered":"https:\/\/vapestornado.com\/?post_type=product&#038;p=3639"},"modified":"2025-08-28T07:39:36","modified_gmt":"2025-08-28T07:39:36","slug":"bang-king-vape-35000-puff-smart-digital-display-wholesale-disposable-electronic-cigarette-wholesale","status":"publish","type":"product","link":"https:\/\/vapestornado.com\/it\/product\/bang-king-vape-35000-puff-smart-digital-display-wholesale-disposable-electronic-cigarette-wholesale\/","title":{"rendered":"Bang King Vape 35000 Puff Sigaretta elettronica usa e getta all'ingrosso con display digitale intelligente all'ingrosso"},"content":{"rendered":"<h1 class=\"product-title\">Bang King Vape 35000 Puff Sigaretta elettronica usa e getta all'ingrosso con display digitale intelligente all'ingrosso<\/h1>\n<p data-start=\"389\" data-end=\"758\">Se stai cercando un vaporizzatore usa e getta che bilanci prestazioni di lunga durata, funzionalit\u00e0 moderne e scelte di sapori audaci, il <strong data-start=\"517\" data-end=\"546\">Bang King Vape 35000 Puff<\/strong> \u00e8 costruito per impressionare. Progettato con un <strong data-start=\"584\" data-end=\"609\">display digitale intelligente<\/strong> e alimentato da una <strong data-start=\"627\" data-end=\"659\">batteria ricaricabile da 1000 mAh<\/strong>, questo dispositivo porta la comodit\u00e0 del vaping a un livello superiore pur rimanendo elegante e tascabile.<\/p>\n<h4 data-start=\"760\" data-end=\"797\">35.000 Puff di Puro Piacere<\/h4>\n<p data-start=\"798\" data-end=\"1171\">Con la sua <strong data-start=\"807\" data-end=\"829\">serbatoio di e-liquid da 23 ml<\/strong> e avanzato <strong data-start=\"843\" data-end=\"863\">sistema di bobina a mesh<\/strong>, il Bang King Vape garantisce consistenza dal primo all'ultimo tiro. Ogni tiro offre vapore morbido e gusto ricco senza i colpi secchi di cui soffrono molti altri usa e getta. Offrendo fino a <strong data-start=\"1060\" data-end=\"1076\">35.000 puff<\/strong>, \u00e8 la scelta perfetta per gli uomini che apprezzano la durata e le prestazioni premium in un unico dispositivo.<\/p>\n<h4 data-start=\"1173\" data-end=\"1204\">Opzioni di Nicotina Flessibili<\/h4>\n<p data-start=\"1205\" data-end=\"1495\">Adattandosi a diverse preferenze, questo vaporizzatore usa e getta \u00e8 dotato di <strong data-start=\"1272\" data-end=\"1312\">0%, 2%, 3% e 5% di concentrazioni di nicotina<\/strong>. Che tu stia riducendo gradualmente o preferisca un colpo pi\u00f9 forte, il Bang King Vape si adatta alle tue esigenze, rendendolo un'eccellente opzione all'ingrosso per diversi mercati in tutta Europa.<\/p>\n<h4 data-start=\"1497\" data-end=\"1542\">Display Digitale Intelligente per il Pieno Controllo<\/h4>\n<p data-start=\"1543\" data-end=\"1881\">Niente pi\u00f9 congetture. Lo schermo integrato mostra il tuo <strong data-start=\"1593\" data-end=\"1632\">livello della batteria e capacit\u00e0 dell'e-liquid<\/strong> in tempo reale, cos\u00ec sai sempre quando \u00e8 il momento di ricaricare o cambiare. Questa caratteristica lo distingue dai tradizionali vaporizzatori usa e getta e lo pone nella stessa classe premium di modelli popolari come il <strong data-start=\"1830\" data-end=\"1878\">Elf Bar GH23000 Nicotina Vaporizzatore Usa e Getta Pod<\/strong>.<\/p>\n<h4 data-start=\"1883\" data-end=\"1915\">Ricarica Rapida con Tipo-C<\/h4>\n<p data-start=\"1916\" data-end=\"2180\">Equipaggiato con <strong data-start=\"1930\" data-end=\"1953\">Ricarica rapida USB-C<\/strong>, la batteria da 1000 mAh \u00e8 pronta per l'uso in breve tempo. Questo lo rende particolarmente interessante per gli acquirenti all'ingrosso alla ricerca di un vaporizzatore usa e getta che unisca la comodit\u00e0 della riutilizzabilit\u00e0 alla semplicit\u00e0 delle pod pre-riempite.<\/p>\n<p>&nbsp;<\/p>\n<p><span style=\"color: #ff0000;\"><strong>Aggiungi la risposta immediata di Amy su Whatsapp e il coupon per vaporizzatori!<\/strong><\/span><\/p>\n<p><img fetchpriority=\"high\" decoding=\"async\" class=\"size-full wp-image-2932\" src=\"https:\/\/vapestornado.com\/wp-content\/uploads\/2024\/12\/Vape-Wholesale.jpg\" alt=\"Vape all&#039;ingrosso\" width=\"229\" height=\"300\" \/><\/p>\n<h3><a href=\"https:\/\/wa.me\/8617776015835\" target=\"_blank\" rel=\"noopener\"><span style=\"color: #ff0000;\"><strong>WhatsApp: +86 17776015835<\/strong><\/span><\/a><\/h3>\n<p>&nbsp;<\/p>\n<h2 class=\"product-title\"><strong>Caratteristiche del Prodotto Bang King Vape 35000<\/strong><\/h2>\n<div role=\"article\" data-tabster=\"{&quot;groupper&quot;:{&quot;tabbability&quot;:2},&quot;focusable&quot;:{}}\" data-content=\"ai-message\" aria-labelledby=\"juhNTJ6o7Gk1cgwZMJgv2-author juhNTJ6o7Gk1cgwZMJgv2-content\">\n<div id=\"juhNTJ6o7Gk1cgwZMJgv2-content\">\n<div role=\"article\" data-tabster=\"{&quot;groupper&quot;:{&quot;tabbability&quot;:2},&quot;focusable&quot;:{}}\" data-content=\"ai-message\" aria-labelledby=\"x4EZuCZWrTbh3weWUt7CU-author x4EZuCZWrTbh3weWUt7CU-content\">\n<div id=\"x4EZuCZWrTbh3weWUt7CU-content\">\n<div class=\"flex max-w-full flex-col flex-grow\">\n<div class=\"min-h-8 text-message flex w-full flex-col items-end gap-2 whitespace-normal break-words text-start [.text-message+&amp;]:mt-5\" dir=\"auto\" data-message-author-role=\"assistant\" data-message-id=\"52c6e00a-252f-4104-805d-2f1a84739c71\" data-message-model-slug=\"gpt-4o\">\n<div class=\"flex w-full flex-col gap-1 empty:hidden first:pt-[3px]\">\n<div class=\"markdown prose w-full break-words dark:prose-invert light\">\n<ol>\n<li><strong>35.000 Tiri<\/strong>: Numero eccezionale di tiri per una soddisfazione duratura.<\/li>\n<li><strong>Display Digitale Intelligente<\/strong>: Mostra i livelli di batteria e di e-liquid per facilit\u00e0 d'uso.<\/li>\n<li><strong>Capacit\u00e0 E-liquid da 23ml<\/strong>: Capacit\u00e0 generosa per sessioni di svapo prolungate.<\/li>\n<li><strong>Tecnologia Mesh Coil<\/strong>: Migliora il sapore e garantisce prestazioni costanti.<\/li>\n<li><strong>Batteria Ricaricabile da 1000mAh<\/strong>: Alimentazione affidabile con ricarica veloce USB-C.<\/li>\n<li><strong>Protezione Anti-Bruciatura a Secco<\/strong>: Garantisce tiri fluidi e soddisfacenti.<\/li>\n<\/ol>\n<\/div>\n<\/div>\n<\/div>\n<\/div>\n<div class=\"mb-2 flex gap-3 empty:hidden -ml-2\"><img decoding=\"async\" class=\"wp-image-3635 size-full\" src=\"https:\/\/vapestornado.com\/wp-content\/uploads\/2025\/01\/Bang-King-35000-Puffs-Disposable-Vapes-Wholesale.jpg\" alt=\"Bang King 35000 Puffs sigarette elettroniche usa e getta all&#039;ingrosso\" width=\"800\" height=\"800\" srcset=\"https:\/\/vapestornado.com\/wp-content\/uploads\/2025\/01\/Bang-King-35000-Puffs-Disposable-Vapes-Wholesale.jpg 800w, https:\/\/vapestornado.com\/wp-content\/uploads\/2025\/01\/Bang-King-35000-Puffs-Disposable-Vapes-Wholesale-300x300.jpg 300w, https:\/\/vapestornado.com\/wp-content\/uploads\/2025\/01\/Bang-King-35000-Puffs-Disposable-Vapes-Wholesale-150x150.jpg 150w, https:\/\/vapestornado.com\/wp-content\/uploads\/2025\/01\/Bang-King-35000-Puffs-Disposable-Vapes-Wholesale-768x768.jpg 768w, https:\/\/vapestornado.com\/wp-content\/uploads\/2025\/01\/Bang-King-35000-Puffs-Disposable-Vapes-Wholesale-600x600.jpg 600w, https:\/\/vapestornado.com\/wp-content\/uploads\/2025\/01\/Bang-King-35000-Puffs-Disposable-Vapes-Wholesale-100x100.jpg 100w\" sizes=\"(max-width: 800px) 100vw, 800px\" \/><\/div>\n<\/div>\n<\/div>\n<\/div>\n<\/div>\n<h2 class=\"product-title\"><strong>Gusto Popolare per Bang King Vape 35000<\/strong><strong>\u00a0<\/strong><strong>Vaporizzatori usa e getta<\/strong><\/h2>\n<p>Bang King Vape 35000 offre una gamma diversificata ed entusiasmante di opzioni per la tua linea di prodotti, soddisfacendo varie preferenze di gusto! Trova il gusto pi\u00f9 popolare in base ai nostri dati di vendita e al feedback dei clienti.<\/p>\n<p>1.Fragola Mango <strong><span style=\"color: #ff0000;\">&gt;&gt;&gt; Piccante!<\/span><\/strong><br \/>\n2.Amore66<br \/>\n3. Ghiaccio al lampone blu <strong><span style=\"color: #ff0000;\">&gt;&gt;&gt; Piccante!<\/span><\/strong><br \/>\n4.Fragola Anguria<br \/>\n5.Limone Menta<br \/>\n6.Doppia Mela<br \/>\n7.Bevanda Energetica<br \/>\n8.Pesca Ghiaccio<br \/>\n9. Fragola e Kiwi <strong><span style=\"color: #ff0000;\">&gt;&gt;&gt; Migliore!<\/span><\/strong><br \/>\n10.Ghiaccio all'Uva<br \/>\n11.Ghiaccio al Mirtillo <strong><span style=\"color: #ff0000;\">&gt;&gt;&gt; Piccante!<\/span><\/strong><br \/>\n12.Anguria<\/p>\n<div class=\"flex-shrink-0 flex flex-col relative items-end\">\n<div class=\"pt-0\">\n<div class=\"gizmo-bot-avatar flex h-8 w-8 items-center justify-center overflow-hidden rounded-full\">\n<div class=\"relative p-1 rounded-sm flex items-center justify-center bg-token-main-surface-primary text-token-text-primary h-8 w-8\">\n<h2>FAQ per BangKing Vape 35000 Smart<strong>\u00a0<\/strong>Vaporizzatore usa e getta<\/h2>\n<h3><\/h3>\n<ol>\n<li><strong>Quanti tiri offre il Bang King 35000?<\/strong><br \/>\nLa <strong>Bang King 35000<\/strong> offre un incredibile <strong>35.000 puff<\/strong>, rendendolo uno dei vaporizzatori usa e getta pi\u00f9 duraturi disponibili.<\/li>\n<li><strong>Qual \u00e8 la capacit\u00e0 di e-liquid del Bang King 35000 Vape?<\/strong><br \/>\n\u00c8 dotato di un <strong>capacit\u00e0 di 23ml di e-liquid<\/strong>, garantendo un uso prolungato senza ricariche frequenti.<\/li>\n<li><strong>Il BangKing 35000 ha una batteria ricaricabile?<\/strong><br \/>\nS\u00ec, include una <strong>batteria ricaricabile da 1000 mAh<\/strong> con <strong>ricarica USB-C<\/strong>, offrendo un uso sostenibile e conveniente.<\/li>\n<li><strong>Cosa rende unico il display digitale intelligente?<\/strong><br \/>\nLa <strong>display digitale<\/strong> mostra dettagli vitali come <strong>percentuale della batteria<\/strong> e <strong>livelli di e-liquid<\/strong>, rendendo facile tenere traccia del tuo utilizzo.<\/li>\n<li><strong>Dove posso acquistare il Bang King Vape 35000 Puff a prezzi all'ingrosso?<\/strong><br \/>\nPer i migliori <strong>prezzi all'ingrosso<\/strong>, visita <strong>vapestornado Negozio di svapo online<\/strong>, offrendo ottimi affari e una vasta gamma di prodotti.<\/li>\n<\/ol>\n<div class=\"flex max-w-full flex-col flex-grow\">\n<div class=\"min-h-8 text-message flex w-full flex-col items-end gap-2 whitespace-normal break-words text-start [.text-message+&amp;]:mt-5\" dir=\"auto\" data-message-author-role=\"assistant\" data-message-id=\"4dc48248-df95-45bd-b800-6dedb43cf7f1\" data-message-model-slug=\"gpt-4o\">\n<div class=\"flex w-full flex-col gap-1 empty:hidden first:pt-[3px]\"><\/div>\n<\/div>\n<\/div>\n<\/div>\n<\/div>\n<\/div>\n<\/div>\n<div class=\"flex-shrink-0 flex flex-col relative items-end\">\n<div class=\"pt-0\">\n<div class=\"gizmo-bot-avatar flex h-8 w-8 items-center justify-center overflow-hidden rounded-full\">\n<div class=\"relative p-1 rounded-sm flex items-center justify-center bg-token-main-surface-primary text-token-text-primary h-8 w-8\">\n<div class=\"mb-2 flex gap-3 empty:hidden -ml-2\">\n<div role=\"article\" data-tabster=\"{&quot;groupper&quot;:{&quot;tabbability&quot;:2},&quot;focusable&quot;:{}}\" data-content=\"ai-message\" aria-labelledby=\"Vdt5ez4X7Tg813x6rFVha-author Vdt5ez4X7Tg813x6rFVha-content\">\n<div id=\"Vdt5ez4X7Tg813x6rFVha-content\">\n<div role=\"article\" data-tabster=\"{&quot;groupper&quot;:{&quot;tabbability&quot;:2},&quot;focusable&quot;:{}}\" data-content=\"ai-message\" aria-labelledby=\"o968oC7CEo2fGHsGdsRYC-author o968oC7CEo2fGHsGdsRYC-content\">\n<div id=\"o968oC7CEo2fGHsGdsRYC-content\">\n<h2>Perch\u00e9 scegliere vapestornado per la vendita all'ingrosso di Bang King Vape 35k Puff?<\/h2>\n<div class=\"flex-shrink-0 flex flex-col relative items-end\">\n<div class=\"pt-0\">\n<div class=\"gizmo-bot-avatar flex h-8 w-8 items-center justify-center overflow-hidden rounded-full\">\n<div class=\"relative p-1 rounded-sm flex items-center justify-center bg-token-main-surface-primary text-token-text-primary h-8 w-8\">\n<p>Benvenuti in vapestornado, il tuo negozio di vape online di fiducia per vape usa e getta premium. Con pi\u00f9 di 5 anni di esperienza, ti offriamo marchi di vape usa e getta popolari come Fumot RandM Vape, <a href=\"https:\/\/vapestornado.com\/it\/product-category\/vapme-shisha\/\">Vapme<\/a>, Bang Vape, Waspe Vape e WGA Vape, ecc.<\/p>\n<p>La nostra gamma include vape di vendita calda come il <a href=\"https:\/\/vapestornado.com\/it\/product\/randm-12000-puffs-fumot-digital-disposable-vape-wholesale-price\/\">RandM Tornado 12000<\/a>, e scelte ricche di sapore come il <a href=\"https:\/\/vapestornado.com\/it\/product\/wga-crystal-pro-max-extra-15000-puffs-rechargeable-disposable-vape-wholesale-bulk-buy\/\">\u00a0WGA Crystal 15k Puff<\/a> . Ogni prodotto \u00e8 scelto con un focus su qualit\u00e0, valore e variet\u00e0, assicurandoti di trovare la corrispondenza perfetta per le tue esigenze. Scopri un servizio eccezionale e una vasta gamma di prodotti di alta qualit\u00e0 con prezzi all'ingrosso su vapestornado.<\/p>\n<\/div>\n<p>&nbsp;<\/p>\n<p><strong>Altri vaporizzatori usa e getta in vendita<\/strong><\/p>\n<p><a href=\"https:\/\/vapestornado.com\/it\/product\/vozol-star-20000-puffs-disposable-vape-2-low-nicotine-bulk-buy-wholesale-cheap-price\/\">VOZOL Star 20000 Puff <span style=\"color: #ff0000;\"><strong>&gt;&gt;&gt;&gt; Vai !<\/strong><\/span><\/a><\/p>\n<p><a href=\"https:\/\/vapestornado.com\/it\/product\/refillable-disposable-vape-bang-40000-puffs-with-smart-screen-display-wholesale\/\">Bang 40000 Puff<span style=\"color: #ff0000;\"><strong>&gt;&gt;&gt;&gt; Vai !<\/strong><\/span><\/a><\/p>\n<p><a href=\"https:\/\/vapestornado.com\/it\/product\/puff-25k-bang-king-25000-puffs-rechargeable-disposable-vape-wholesale-bulk-buy\/\">Bang King 25000 <span style=\"color: #ff0000;\"><strong>&gt;&gt;&gt;&gt; Vai !<\/strong><\/span><\/a><\/p>\n<\/div>\n<\/div>\n<\/div>\n<p>&nbsp;<\/p>\n<\/div>\n<\/div>\n<\/div>\n<\/div>\n<\/div>\n<\/div>\n<\/div>\n<\/div>\n<\/div>","protected":false},"excerpt":{"rendered":"<p>BangKing Vape 35000 Tiri 2% Bassa Nicotina Svapo Monouso all'Ingrosso<br \/>\nBang King 35000 Tiri Display Digitale Svapo Monouso Acquisto all'Ingrosso<br \/>\nBang King Vape 35k Svapo Monouso Ricaricabile Prezzo Basso<\/p>\n<p><strong>Aggiungi il whatsapp di Amy per ottenere subito una risposta e un coupon per il vape!<\/strong><\/p>\n<p><img fetchpriority=\"high\" decoding=\"async\" class=\"size-full wp-image-2932\" src=\"https:\/\/vapestornado.com\/wp-content\/uploads\/2024\/12\/Vape-Wholesale.jpg\" alt=\"Vape all&#039;ingrosso\" width=\"229\" height=\"300\" \/><\/p>\n<h3><a href=\"https:\/\/wa.me\/8617776015835\"><span style=\"color: #ff0000;\"><strong>WhatsApp: +86 17776015835<\/strong><\/span><\/a><\/h3>\n<p>&nbsp;<\/p>","protected":false},"featured_media":3636,"comment_status":"open","ping_status":"closed","template":"","meta":{"_acf_changed":false,"_uag_custom_page_level_css":"","_lmt_disableupdate":"no","_lmt_disable":"","_monsterinsights_skip_tracking":false,"_monsterinsights_sitenote_active":false,"_monsterinsights_sitenote_note":"","_monsterinsights_sitenote_category":0,"site-sidebar-layout":"default","site-content-layout":"","ast-site-content-layout":"default","site-content-style":"default","site-sidebar-style":"default","ast-global-header-display":"","ast-banner-title-visibility":"","ast-main-header-display":"","ast-hfb-above-header-display":"","ast-hfb-below-header-display":"","ast-hfb-mobile-header-display":"","site-post-title":"","ast-breadcrumbs-content":"","ast-featured-img":"","footer-sml-layout":"","ast-disable-related-posts":"","theme-transparent-header-meta":"default","adv-header-id-meta":"","stick-header-meta":"","header-above-stick-meta":"","header-main-stick-meta":"","header-below-stick-meta":"","astra-migrate-meta-layouts":"set","ast-page-background-enabled":"default","ast-page-background-meta":{"desktop":{"background-color":"","background-image":"","background-repeat":"repeat","background-position":"center center","background-size":"auto","background-attachment":"scroll","background-type":"","background-media":"","overlay-type":"","overlay-color":"","overlay-opacity":"","overlay-gradient":""},"tablet":{"background-color":"","background-image":"","background-repeat":"repeat","background-position":"center center","background-size":"auto","background-attachment":"scroll","background-type":"","background-media":"","overlay-type":"","overlay-color":"","overlay-opacity":"","overlay-gradient":""},"mobile":{"background-color":"","background-image":"","background-repeat":"repeat","background-position":"center center","background-size":"auto","background-attachment":"scroll","background-type":"","background-media":"","overlay-type":"","overlay-color":"","overlay-opacity":"","overlay-gradient":""}},"ast-content-background-meta":{"desktop":{"background-color":"var(--ast-global-color-5)","background-image":"","background-repeat":"repeat","background-position":"center center","background-size":"auto","background-attachment":"scroll","background-type":"","background-media":"","overlay-type":"","overlay-color":"","overlay-opacity":"","overlay-gradient":""},"tablet":{"background-color":"var(--ast-global-color-5)","background-image":"","background-repeat":"repeat","background-position":"center center","background-size":"auto","background-attachment":"scroll","background-type":"","background-media":"","overlay-type":"","overlay-color":"","overlay-opacity":"","overlay-gradient":""},"mobile":{"background-color":"var(--ast-global-color-5)","background-image":"","background-repeat":"repeat","background-position":"center center","background-size":"auto","background-attachment":"scroll","background-type":"","background-media":"","overlay-type":"","overlay-color":"","overlay-opacity":"","overlay-gradient":""}},"_joinchat":{"telephone":"+8617776015835"}},"product_brand":[],"product_cat":[175,63,152,157,160,143,144],"product_tag":[224,223,165,105,97,166,94],"class_list":{"0":"post-3639","1":"product","2":"type-product","3":"status-publish","4":"has-post-thumbnail","6":"product_cat-35000-puff","7":"product_cat-bangking","8":"product_cat-buy-disposable-vapes-in-cermany","9":"product_cat-buy-disposable-vapes-in-portugal","10":"product_cat-buy-disposable-vapes-in-switzerland","11":"product_cat-dual-mesh-disposable-vapes","12":"product_cat-low-nicotine-disposable-vapes","13":"product_tag-bang-king-35000","14":"product_tag-bang-king-vape-35000","15":"product_tag-cheap-vapes","16":"product_tag-digital-disposable-vape","17":"product_tag-hot-sale-disposable-vape","18":"product_tag-low-nicotine-vape","19":"product_tag-rechargeable-disposable-vape","20":"desktop-align-left","21":"tablet-align-left","22":"mobile-align-left","24":"first","25":"instock","26":"sale","27":"shipping-taxable","28":"purchasable","29":"product-type-simple"},"acf":[],"uagb_featured_image_src":{"full":["https:\/\/vapestornado.com\/wp-content\/uploads\/2025\/01\/Bang-King-Vape-35000-Puffs-Wholesale.webp",800,800,false],"thumbnail":["https:\/\/vapestornado.com\/wp-content\/uploads\/2025\/01\/Bang-King-Vape-35000-Puffs-Wholesale-150x150.webp",150,150,true],"medium":["https:\/\/vapestornado.com\/wp-content\/uploads\/2025\/01\/Bang-King-Vape-35000-Puffs-Wholesale-300x300.webp",300,300,true],"medium_large":["https:\/\/vapestornado.com\/wp-content\/uploads\/2025\/01\/Bang-King-Vape-35000-Puffs-Wholesale-768x768.webp",768,768,true],"large":["https:\/\/vapestornado.com\/wp-content\/uploads\/2025\/01\/Bang-King-Vape-35000-Puffs-Wholesale.webp",800,800,false],"1536x1536":["https:\/\/vapestornado.com\/wp-content\/uploads\/2025\/01\/Bang-King-Vape-35000-Puffs-Wholesale.webp",800,800,false],"2048x2048":["https:\/\/vapestornado.com\/wp-content\/uploads\/2025\/01\/Bang-King-Vape-35000-Puffs-Wholesale.webp",800,800,false],"trp-custom-language-flag":["https:\/\/vapestornado.com\/wp-content\/uploads\/2025\/01\/Bang-King-Vape-35000-Puffs-Wholesale.webp",12,12,false],"woocommerce_thumbnail":["https:\/\/vapestornado.com\/wp-content\/uploads\/2025\/01\/Bang-King-Vape-35000-Puffs-Wholesale-300x300.webp",300,300,true],"woocommerce_single":["https:\/\/vapestornado.com\/wp-content\/uploads\/2025\/01\/Bang-King-Vape-35000-Puffs-Wholesale-600x600.webp",600,600,true],"woocommerce_gallery_thumbnail":["https:\/\/vapestornado.com\/wp-content\/uploads\/2025\/01\/Bang-King-Vape-35000-Puffs-Wholesale-100x100.webp",100,100,true]},"uagb_author_info":{"display_name":"ESAMY","author_link":"https:\/\/vapestornado.com\/it\/author\/"},"uagb_comment_info":0,"uagb_excerpt":"BangKing Vape 35000 Puffs 2% Low Nicotine Disposable Vape Wholesale Bang King 35000 Puff \u00a0Digital Display Disposable Vape Bulk Buy Bang King Vape 35k Rechargeable Disposable Vape Cheap Price Add Amy's whatsapp get right reply and vape coupon! WhatsApp: +86 17776015835 &nbsp;","_links":{"self":[{"href":"https:\/\/vapestornado.com\/it\/wp-json\/wp\/v2\/product\/3639","targetHints":{"allow":["GET"]}}],"collection":[{"href":"https:\/\/vapestornado.com\/it\/wp-json\/wp\/v2\/product"}],"about":[{"href":"https:\/\/vapestornado.com\/it\/wp-json\/wp\/v2\/types\/product"}],"replies":[{"embeddable":true,"href":"https:\/\/vapestornado.com\/it\/wp-json\/wp\/v2\/comments?post=3639"}],"wp:featuredmedia":[{"embeddable":true,"href":"https:\/\/vapestornado.com\/it\/wp-json\/wp\/v2\/media\/3636"}],"wp:attachment":[{"href":"https:\/\/vapestornado.com\/it\/wp-json\/wp\/v2\/media?parent=3639"}],"wp:term":[{"taxonomy":"product_brand","embeddable":true,"href":"https:\/\/vapestornado.com\/it\/wp-json\/wp\/v2\/product_brand?post=3639"},{"taxonomy":"product_cat","embeddable":true,"href":"https:\/\/vapestornado.com\/it\/wp-json\/wp\/v2\/product_cat?post=3639"},{"taxonomy":"product_tag","embeddable":true,"href":"https:\/\/vapestornado.com\/it\/wp-json\/wp\/v2\/product_tag?post=3639"}],"curies":[{"name":"wp","href":"https:\/\/api.w.org\/{rel}","templated":true}]}}