{"id":3598,"date":"2024-12-31T09:02:37","date_gmt":"2024-12-31T09:02:37","guid":{"rendered":"https:\/\/vapestornado.com\/?post_type=product&#038;p=3598"},"modified":"2025-08-23T12:23:15","modified_gmt":"2025-08-23T12:23:15","slug":"vozol-vista-20000-vape-rechargeable-disposable-vape-wholesale-cheap-price","status":"publish","type":"product","link":"https:\/\/vapestornado.com\/it\/product\/vozol-vista-20000-vape-rechargeable-disposable-vape-wholesale-cheap-price\/","title":{"rendered":"Vozol Vista 20000 Vape Ricaricabile Scatola Usa e Getta Prezzo Economico all'Ingrosso"},"content":{"rendered":"<h1 class=\"product-title\">Vozol Vista 20000 Svapo Monouso Ricaricabile all'Ingrosso Prezzo Economico<\/h1>\n<p>La <strong data-start=\"324\" data-end=\"374\">Vozol Vista 20000 Vaporizzatore Usa e Getta Ricaricabile<\/strong> offre prestazioni di alta qualit\u00e0 con tecnologia avanzata e design elegante, rendendolo un must-have per gli acquirenti all'ingrosso in tutta Europa. Offrendo fino a <strong data-start=\"522\" data-end=\"538\">20.000 puff<\/strong>, questo dispositivo \u00e8 costruito con un <strong data-start=\"568\" data-end=\"599\">batteria ricaricabile integrata da 650mAh<\/strong> e <strong data-start=\"604\" data-end=\"628\">ricarica rapida di tipo C<\/strong>, garantendo sessioni ininterrotte e tempi di inattivit\u00e0 minimi.<\/p>\n<p>Caratterizzato da <strong data-start=\"703\" data-end=\"732\">tecnologia dual mesh coil<\/strong>, ogni boccata \u00e8 liscia, saporita e coerente. Il <strong data-start=\"787\" data-end=\"814\">controllo di potenza a 6 livelli<\/strong> e <strong data-start=\"819\" data-end=\"848\">sistema di flusso d'aria regolabile<\/strong> consente agli utenti di personalizzare l'emissione di vapore, da nuvole forti a un'aspirazione pi\u00f9 delicata. Un moderno <strong data-start=\"934\" data-end=\"958\">schermo a colori<\/strong> mostra la durata della batteria e le impostazioni di potenza in tempo reale, offrendo agli utenti il controllo totale sulla loro esperienza di vaping.<\/p>\n<p>Compatto, portatile e visivamente sorprendente, il Vozol Vista 20K \u00e8 progettato per comodit\u00e0 e stile. Disponibile in diversi gusti e opzioni di nicotina, si rivolge a diverse preferenze pur mantenendo una qualit\u00e0 premium. Con <strong data-start=\"1305\" data-end=\"1337\">prezzi all'ingrosso di vaporizzatori economici<\/strong>, \u00e8 perfetto per rivenditori, distributori e proprietari di negozi di vaporizzatori che desiderano offrire ai clienti la migliore combinazione di prestazioni, design e valore.<\/p>\n<p><span style=\"color: #ff0000;\"><strong>Aggiungi la risposta immediata di Amy su Whatsapp e il coupon per vaporizzatori!<\/strong><\/span><\/p>\n<p><img fetchpriority=\"high\" decoding=\"async\" class=\"size-full wp-image-2932\" src=\"https:\/\/vapestornado.com\/wp-content\/uploads\/2024\/12\/Vape-Wholesale.jpg\" alt=\"Vape all&#039;ingrosso\" width=\"229\" height=\"300\" \/><\/p>\n<h3><a href=\"https:\/\/wa.me\/8617776015835\" target=\"_blank\" rel=\"noopener\"><span style=\"color: #ff0000;\"><strong>WhatsApp: +86 17776015835<\/strong><\/span><\/a><\/h3>\n<p>&nbsp;<\/p>\n<h2 class=\"product-title\"><strong>Caratteristiche del prodotto Vozol Vista 20000<\/strong><\/h2>\n<div role=\"article\" data-tabster=\"{&quot;groupper&quot;:{&quot;tabbability&quot;:2},&quot;focusable&quot;:{}}\" data-content=\"ai-message\" aria-labelledby=\"juhNTJ6o7Gk1cgwZMJgv2-author juhNTJ6o7Gk1cgwZMJgv2-content\">\n<div id=\"juhNTJ6o7Gk1cgwZMJgv2-content\">\n<div role=\"article\" data-tabster=\"{&quot;groupper&quot;:{&quot;tabbability&quot;:2},&quot;focusable&quot;:{}}\" data-content=\"ai-message\" aria-labelledby=\"x4EZuCZWrTbh3weWUt7CU-author x4EZuCZWrTbh3weWUt7CU-content\">\n<div id=\"x4EZuCZWrTbh3weWUt7CU-content\">\n<div class=\"flex max-w-full flex-col flex-grow\">\n<div class=\"min-h-8 text-message flex w-full flex-col items-end gap-2 whitespace-normal break-words text-start [.text-message+&amp;]:mt-5\" dir=\"auto\" data-message-author-role=\"assistant\" data-message-id=\"52c6e00a-252f-4104-805d-2f1a84739c71\" data-message-model-slug=\"gpt-4o\">\n<div class=\"flex w-full flex-col gap-1 empty:hidden first:pt-[3px]\">\n<div class=\"markdown prose w-full break-words dark:prose-invert light\">\n<h4><\/h4>\n<ul>\n<li><strong>Alto Numero di Puff<\/strong>: Goditi fino a <strong>14,000<\/strong> e <strong>20.000 puff<\/strong> per un uso prolungato.<\/li>\n<li><strong>Controllo della potenza a 6 livelli<\/strong>: Personalizza la tua esperienza di svapo con la potenza regolabile.<\/li>\n<li><strong>Tiri fluidi<\/strong>: La tecnologia avanzata del flusso d'aria garantisce un tiro fluido e costante.<\/li>\n<li><strong>Portatile<\/strong>: Un design compatto ed elegante, facile da trasportare e perfetto per la mobilit\u00e0.<\/li>\n<li><strong>Resistenza a doppia maglia<\/strong>: Sperimenta un sapore potenziato e una produzione di vapore superiore.<\/li>\n<li><strong>Schermo a colori<\/strong>: Il display facile da leggere garantisce un'esperienza utente ottimale.<\/li>\n<\/ul>\n<\/div>\n<\/div>\n<\/div>\n<\/div>\n<div class=\"mb-2 flex gap-3 empty:hidden -ml-2\">\n<p>&nbsp;<\/p>\n<\/div>\n<\/div>\n<\/div>\n<\/div>\n<\/div>\n<h2 class=\"product-title\"><strong>Gusto popolare per Vozol Vista 20000<\/strong><strong>\u00a0<\/strong><strong>Vaporizzatori usa e getta<\/strong><\/h2>\n<p>Vozol Vista 20000 offre una gamma diversificata ed entusiasmante di opzioni per la tua linea di prodotti, soddisfacendo varie preferenze di gusto! Trova il gusto popolare in base alla nostra data di vendita e al feedback dei clienti.<\/p>\n<ol>\n<li><strong>Cola alla Ciliegia<\/strong><br \/>\nUna miscela perfetta del classico sapore di ciliegia e della rinfrescante cola, che offre un gusto dolce ma non eccessivamente zuccherino che evoca un'atmosfera nostalgica da bevanda.<\/li>\n<li><strong>Ghiaccio alla pesca <span style=\"color: #ff0000;\">&gt;&gt;&gt;&gt; Caldo!<\/span><\/strong><br \/>\nIl sapore dolce e succoso delle pesche mature combinato con una rinfrescante sensazione di ghiaccio, creando un'esperienza liscia e rinfrescante, perfetta per le giornate calde.<\/li>\n<li><strong>Mela acida e ghiaccio<\/strong><br \/>\nSapore aspro di mela verde abbinato a un rinfrescante effetto ghiaccio, che offre un equilibrio croccante, aspro-dolce che rinfresca a ogni boccata.<\/li>\n<li><strong>Menta Miami<\/strong><br \/>\nUn sapore di menta fresco e tonificante, che offre una brezza rinfrescante come l'aria dell'oceano a Miami, perfetta per uno svapo rinfrescante ed energizzante.<\/li>\n<li><strong>Ghiaccio all'Uva<\/strong><br \/>\nSapore d'uva ricco e dolce con un tocco di ghiaccio, che offre un gusto corposo, saporito e rinfrescante, ideale per chi ama le esperienze di svapo fruttate.<\/li>\n<li><strong>Ghiaccio all'anguria <span style=\"color: #ff0000;\">&gt;&gt;&gt;&gt; Caldo!<\/span><\/strong><br \/>\nUn succoso sapore di anguria combinato con un rinfrescante effetto ghiaccio, che offre un'esperienza estiva dolce e rinfrescante a ogni boccata.<\/li>\n<li><strong>Ghiaccio al lampone blu <span style=\"color: #ff0000;\">&gt;&gt;&gt;&gt; Il migliore!<\/span><\/strong><br \/>\nUn mix di mirtilli dolci e lamponi aspri con un rinfrescante effetto ghiaccio, che offre un sapore di frutti di bosco vibrante e rinfrescante, dolce e aspro allo stesso tempo.<\/li>\n<li><strong>Pesca Mango Anguria<\/strong><br \/>\nUn trio tropicale di pesche mature, succosi manghi e rinfrescante anguria, che offre un sapore fruttato, dolce e stratificato, perfetto per gli amanti della frutta.<\/li>\n<li><strong>Mango alla fragola<\/strong><br \/>\nLa dolcezza naturale delle fragole mature combinata con la ricchezza esotica del mango, che offre un'esperienza di frutta equilibrata e liscia.<\/li>\n<li><strong>Lampone e Anguria<\/strong><br \/>\nUna rinfrescante combinazione di lamponi aspri e anguria dolce e succosa, che crea un'esperienza di svapo fruttata e idratante con un perfetto equilibrio di sapori.<\/li>\n<li><strong>VZBull <span style=\"color: #ff0000;\">&gt;&gt;&gt;&gt; Caldo!<\/span><\/strong><br \/>\nUn sapore audace ispirato alle bevande energetiche, dolce con una leggera acidit\u00e0, che offre il gusto rinfrescante ed energizzante di una classica bevanda energetica.<\/li>\n<li><strong>Gomma da masticare all'anguria<\/strong><br \/>\nUna miscela nostalgica di anguria succosa e dolce gomma da masticare, che offre un sapore giocoso e simile a una caramella, fruttato e divertente allo stesso tempo.<\/li>\n<li><strong>Frutti di bosco misti <span style=\"color: #ff0000;\">&gt;&gt;&gt;&gt; Caldo!<\/span><\/strong><br \/>\nUn mix di vari frutti di bosco, che offre un'esperienza di frutta ricca, aspra e dolce, con strati di sapore perfetti per chi ama le miscele di frutti di bosco.<\/li>\n<li><strong>Lime al limone<\/strong><br \/>\nUn mix deciso e aspro di limone e lime, che offre uno svapo rinfrescante e agrumato, aspro e rinfrescante allo stesso tempo, perfetto per gli amanti degli agrumi.<\/li>\n<li><strong>Fragola Lampone Ciliegia Mango Ghiaccio<\/strong><br \/>\nUna miscela complessa di fragola, lampone, ciliegia e mango, con un effetto ghiaccio rinfrescante, che offre un'esperienza fruttata, dolce e rinfrescante a ogni boccata.<\/li>\n<li><strong>Frutto del Drago Banana Ciliegia<\/strong><br \/>\nUna combinazione unica di frutto del drago, banana e ciliegia, che offre un profilo aromatico tropicale ed esotico che \u00e8 dolce, morbido e cremoso con un tocco di acidit\u00e0.<\/li>\n<li><strong>Fior di Sambuco Pompelmo<\/strong><br \/>\nUn delicato sapore di fior di sambuco abbinato all'asprezza del pompelmo, creando un gusto rinfrescante, floreale e agrumato che \u00e8 allo stesso tempo unico e lenitivo.<\/li>\n<li><strong>LavaFuoco<\/strong><br \/>\nUn sapore ardente e audace con un leggero tocco speziato, che offre un'esperienza di svapo intensa e ricca di calore, perfetta per coloro che amano i sapori audaci e avventurosi.<\/li>\n<\/ol>\n<figure id=\"attachment_3586\" aria-describedby=\"caption-attachment-3586\" style=\"width: 1024px\" class=\"wp-caption alignnone\"><img decoding=\"async\" class=\"wp-image-3586 size-large\" src=\"https:\/\/vapestornado.com\/wp-content\/uploads\/2024\/12\/Vozol-Vista-20000-Disposable-Pod-Device-1024x1024.jpg\" alt=\"Dispositivo Pod Monouso Vozol Vista 20000\" width=\"1024\" height=\"1024\" srcset=\"https:\/\/vapestornado.com\/wp-content\/uploads\/2024\/12\/Vozol-Vista-20000-Disposable-Pod-Device-1024x1024.jpg 1024w, https:\/\/vapestornado.com\/wp-content\/uploads\/2024\/12\/Vozol-Vista-20000-Disposable-Pod-Device-300x300.jpg 300w, https:\/\/vapestornado.com\/wp-content\/uploads\/2024\/12\/Vozol-Vista-20000-Disposable-Pod-Device-150x150.jpg 150w, https:\/\/vapestornado.com\/wp-content\/uploads\/2024\/12\/Vozol-Vista-20000-Disposable-Pod-Device-768x768.jpg 768w, https:\/\/vapestornado.com\/wp-content\/uploads\/2024\/12\/Vozol-Vista-20000-Disposable-Pod-Device-600x600.jpg 600w, https:\/\/vapestornado.com\/wp-content\/uploads\/2024\/12\/Vozol-Vista-20000-Disposable-Pod-Device-100x100.jpg 100w, https:\/\/vapestornado.com\/wp-content\/uploads\/2024\/12\/Vozol-Vista-20000-Disposable-Pod-Device.jpg 1126w\" sizes=\"(max-width: 1024px) 100vw, 1024px\" \/><figcaption id=\"caption-attachment-3586\" class=\"wp-caption-text\">Dispositivo Pod Monouso Vozol Vista 20000<\/figcaption><\/figure>\n<div class=\"flex-shrink-0 flex flex-col relative items-end\">\n<div class=\"pt-0\">\n<div class=\"gizmo-bot-avatar flex h-8 w-8 items-center justify-center overflow-hidden rounded-full\">\n<div class=\"relative p-1 rounded-sm flex items-center justify-center bg-token-main-surface-primary text-token-text-primary h-8 w-8\">\n<h2>Domande frequenti su Vozol Vista 20000<strong>\u00a0<\/strong>Vaporizzatore usa e getta<\/h2>\n<div class=\"flex max-w-full flex-col flex-grow\">\n<div class=\"min-h-8 text-message flex w-full flex-col items-end gap-2 whitespace-normal break-words text-start [.text-message+&amp;]:mt-5\" dir=\"auto\" data-message-author-role=\"assistant\" data-message-id=\"4dc48248-df95-45bd-b800-6dedb43cf7f1\" data-message-model-slug=\"gpt-4o\">\n<div class=\"flex w-full flex-col gap-1 empty:hidden first:pt-[3px]\">\n<div class=\"markdown prose w-full break-words dark:prose-invert light\">\n<p><strong>1. Cosa rende la serie Vozol Vista 20000 diversa dagli altri vaporizzatori usa e getta?<\/strong><br \/>\nLa serie Vozol Vista si distingue per il suo elevato numero di boccate (fino a 14.000-20.000 boccate), il controllo della potenza a 6 livelli e la tecnologia a doppia bobina mesh, garantendo un'estrazione pi\u00f9 fluida e coerente con un sapore e una produzione di vapore migliorati. Inoltre, il design elegante e portatile lo rende ideale per svapare in movimento.<\/p>\n<p><strong>2. Quanto durano i dispositivi della serie Vozol Vista 20k?<\/strong><br \/>\nA seconda del modello che scegli, i dispositivi Vozol Vista offrono un'impressionante quantit\u00e0 di 14.000-20.000 boccate, garantendo un uso a lungo termine. Ci\u00f2 significa che puoi goderti il tuo dispositivo per un periodo significativo prima di aver bisogno di una sostituzione.<\/p>\n<p><strong>3. Posso personalizzare l'esperienza di svapo con il Vozol Vista 20k?<\/strong><br \/>\nS\u00ec! La serie Vozol Vista dispone di un controllo della potenza a 6 livelli, che ti consente di regolare le impostazioni di potenza per adattarle al tuo stile di svapo preferito. Sia che tu preferisca un'estrazione pi\u00f9 fluida e leggera o un tiro pi\u00f9 intenso e saporito.<\/p>\n<p><strong>4. Quali gusti sono disponibili nel Vozol Vista 20000?<\/strong><br \/>\nLa serie Vozol Vista offre una vasta gamma di gusti entusiasmanti, tra cui opzioni come Cherry Cola, Pesca Ghiaccio, Mela Acida Ghiaccio, Frutti di Bosco Misti, Gomma da Masticare Anguria e molti altri. Che tu preferisca gusti fruttati, alla menta o anche ispirati alle bevande energetiche, c'\u00e8 qualcosa per tutti.<\/p>\n<p><strong>5. I dispositivi Vozol Vista sono portatili e facili da usare?<\/strong><br \/>\nAssolutamente! La serie Vozol Vista presenta un design elegante e portatile, che lo rende facile da portare con te ovunque tu vada. Inoltre, con il suo schermo a colori per display di facile lettura, il dispositivo offre un'esperienza utente intuitiva, rendendolo ideale sia per i principianti che per gli svapatori esperti.<\/p>\n<\/div>\n<\/div>\n<\/div>\n<\/div>\n<\/div>\n<\/div>\n<\/div>\n<\/div>\n<div class=\"flex-shrink-0 flex flex-col relative items-end\">\n<div class=\"pt-0\">\n<div class=\"gizmo-bot-avatar flex h-8 w-8 items-center justify-center overflow-hidden rounded-full\">\n<div class=\"relative p-1 rounded-sm flex items-center justify-center bg-token-main-surface-primary text-token-text-primary h-8 w-8\">\n<div class=\"mb-2 flex gap-3 empty:hidden -ml-2\">\n<div role=\"article\" data-tabster=\"{&quot;groupper&quot;:{&quot;tabbability&quot;:2},&quot;focusable&quot;:{}}\" data-content=\"ai-message\" aria-labelledby=\"Vdt5ez4X7Tg813x6rFVha-author Vdt5ez4X7Tg813x6rFVha-content\">\n<div id=\"Vdt5ez4X7Tg813x6rFVha-content\">\n<div role=\"article\" data-tabster=\"{&quot;groupper&quot;:{&quot;tabbability&quot;:2},&quot;focusable&quot;:{}}\" data-content=\"ai-message\" aria-labelledby=\"o968oC7CEo2fGHsGdsRYC-author o968oC7CEo2fGHsGdsRYC-content\">\n<div id=\"o968oC7CEo2fGHsGdsRYC-content\">\n<p>&nbsp;<\/p>\n<h2>Perch\u00e9 scegliere vapestornado per FIHP 15000 Puffs Vape all'ingrosso?<\/h2>\n<div class=\"flex-shrink-0 flex flex-col relative items-end\">\n<div class=\"pt-0\">\n<div class=\"gizmo-bot-avatar flex h-8 w-8 items-center justify-center overflow-hidden rounded-full\">\n<div class=\"relative p-1 rounded-sm flex items-center justify-center bg-token-main-surface-primary text-token-text-primary h-8 w-8\">\n<p>Benvenuti in vapestornado, il tuo negozio di vape online di fiducia per vape usa e getta premium. Con pi\u00f9 di 5 anni di esperienza, ti offriamo marchi di vape usa e getta popolari come Fumot RandM Vape, <a href=\"https:\/\/vapestornado.com\/it\/product-category\/vapme-shisha\/\">Vapme<\/a>, Bang Vape, Waspe Vape e WGA Vape, ecc.<\/p>\n<p>La nostra gamma include vape di vendita calda come il <a href=\"https:\/\/vapestornado.com\/it\/product\/randm-12000-puffs-fumot-digital-disposable-vape-wholesale-price\/\">RandM Tornado 12000<\/a>, e scelte ricche di sapore come il <a href=\"https:\/\/vapestornado.com\/it\/product\/wga-crystal-pro-max-extra-15000-puffs-rechargeable-disposable-vape-wholesale-bulk-buy\/\">\u00a0WGA Crystal 15k Puff<\/a> . Ogni prodotto \u00e8 scelto con un focus su qualit\u00e0, valore e variet\u00e0, assicurandoti di trovare la corrispondenza perfetta per le tue esigenze. Scopri un servizio eccezionale e una vasta gamma di prodotti di alta qualit\u00e0 con prezzi all'ingrosso su vapestornado.<\/p>\n<\/div>\n<p>&nbsp;<\/p>\n<p><strong>Altri vaporizzatori usa e getta in vendita<\/strong><\/p>\n<p><a href=\"https:\/\/vapestornado.com\/it\/product\/bang-vape-35000-puffs-low-nicotine-bulk-buy-rechargeable-disposable-vapes-box-wholesale-price\/\">Bang Vape 40000 Tiri <span style=\"color: #ff0000;\"><strong>&gt;&gt;&gt;&gt; Vai !<\/strong><\/span><\/a><\/p>\n<p><a href=\"https:\/\/vapestornado.com\/it\/product\/vopk-ultra-40000-puffs-2-in-1-digital-screen-rechargeable-disposable-vape\/\">VOPK 40000 Doppio Gusto<span style=\"color: #ff0000;\"><strong>&gt;&gt;&gt;&gt; Vai !<\/strong><\/span><\/a><\/p>\n<p><a href=\"https:\/\/vapestornado.com\/it\/product\/puff-25k-bang-king-25000-puffs-rechargeable-disposable-vape-wholesale-bulk-buy\/\">Bang King 25000 <span style=\"color: #ff0000;\"><strong>&gt;&gt;&gt;&gt; Vai !<\/strong><\/span><\/a><\/p>\n<\/div>\n<\/div>\n<\/div>\n<p>&nbsp;<\/p>\n<\/div>\n<\/div>\n<\/div>\n<\/div>\n<\/div>\n<\/div>\n<\/div>\n<\/div>\n<\/div>","protected":false},"excerpt":{"rendered":"<p>Vozol Vista 20000 Puffs Svapo Monouso all'Ingrosso<br \/>\nVozol Vista 20000 Svapo Monouso Ricaricabile<br \/>\nVozol Vista 20000 Puffs Pod Monouso Acquisto all'Ingrosso<\/p>\n<p><strong>Aggiungi il whatsapp di Amy per ottenere subito una risposta e un coupon per il vape!<\/strong><\/p>\n<p><img fetchpriority=\"high\" decoding=\"async\" class=\"size-full wp-image-2932\" src=\"https:\/\/vapestornado.com\/wp-content\/uploads\/2024\/12\/Vape-Wholesale.jpg\" alt=\"Vape all&#039;ingrosso\" width=\"229\" height=\"300\" \/><\/p>\n<h3><a href=\"https:\/\/wa.me\/8617776015835\"><span style=\"color: #ff0000;\"><strong>WhatsApp: +86 17776015835<\/strong><\/span><\/a><\/h3>\n<p>&nbsp;<\/p>","protected":false},"featured_media":3588,"comment_status":"open","ping_status":"closed","template":"","meta":{"_acf_changed":false,"_uag_custom_page_level_css":"","_lmt_disableupdate":"no","_lmt_disable":"","_monsterinsights_skip_tracking":false,"_monsterinsights_sitenote_active":false,"_monsterinsights_sitenote_note":"","_monsterinsights_sitenote_category":0,"site-sidebar-layout":"default","site-content-layout":"","ast-site-content-layout":"default","site-content-style":"default","site-sidebar-style":"default","ast-global-header-display":"","ast-banner-title-visibility":"","ast-main-header-display":"","ast-hfb-above-header-display":"","ast-hfb-below-header-display":"","ast-hfb-mobile-header-display":"","site-post-title":"","ast-breadcrumbs-content":"","ast-featured-img":"","footer-sml-layout":"","ast-disable-related-posts":"","theme-transparent-header-meta":"default","adv-header-id-meta":"","stick-header-meta":"","header-above-stick-meta":"","header-main-stick-meta":"","header-below-stick-meta":"","astra-migrate-meta-layouts":"set","ast-page-background-enabled":"default","ast-page-background-meta":{"desktop":{"background-color":"","background-image":"","background-repeat":"repeat","background-position":"center center","background-size":"auto","background-attachment":"scroll","background-type":"","background-media":"","overlay-type":"","overlay-color":"","overlay-opacity":"","overlay-gradient":""},"tablet":{"background-color":"","background-image":"","background-repeat":"repeat","background-position":"center center","background-size":"auto","background-attachment":"scroll","background-type":"","background-media":"","overlay-type":"","overlay-color":"","overlay-opacity":"","overlay-gradient":""},"mobile":{"background-color":"","background-image":"","background-repeat":"repeat","background-position":"center center","background-size":"auto","background-attachment":"scroll","background-type":"","background-media":"","overlay-type":"","overlay-color":"","overlay-opacity":"","overlay-gradient":""}},"ast-content-background-meta":{"desktop":{"background-color":"var(--ast-global-color-5)","background-image":"","background-repeat":"repeat","background-position":"center center","background-size":"auto","background-attachment":"scroll","background-type":"","background-media":"","overlay-type":"","overlay-color":"","overlay-opacity":"","overlay-gradient":""},"tablet":{"background-color":"var(--ast-global-color-5)","background-image":"","background-repeat":"repeat","background-position":"center center","background-size":"auto","background-attachment":"scroll","background-type":"","background-media":"","overlay-type":"","overlay-color":"","overlay-opacity":"","overlay-gradient":""},"mobile":{"background-color":"var(--ast-global-color-5)","background-image":"","background-repeat":"repeat","background-position":"center center","background-size":"auto","background-attachment":"scroll","background-type":"","background-media":"","overlay-type":"","overlay-color":"","overlay-opacity":"","overlay-gradient":""}},"_joinchat":{"telephone":"+8617776015835"}},"product_brand":[],"product_cat":[69,152,153,143,144,57],"product_tag":[165,105,97,166,94,220,219],"class_list":{"0":"post-3598","1":"product","2":"type-product","3":"status-publish","4":"has-post-thumbnail","6":"product_cat-20000-puff","7":"product_cat-buy-disposable-vapes-in-cermany","8":"product_cat-buy-disposable-vapes-in-italy","9":"product_cat-dual-mesh-disposable-vapes","10":"product_cat-low-nicotine-disposable-vapes","11":"product_cat-vozol-vape","12":"product_tag-cheap-vapes","13":"product_tag-digital-disposable-vape","14":"product_tag-hot-sale-disposable-vape","15":"product_tag-low-nicotine-vape","16":"product_tag-rechargeable-disposable-vape","17":"product_tag-vozol-vape","18":"product_tag-vozol-vista-20000","19":"desktop-align-left","20":"tablet-align-left","21":"mobile-align-left","23":"first","24":"instock","25":"sale","26":"shipping-taxable","27":"purchasable","28":"product-type-simple"},"acf":[],"uagb_featured_image_src":{"full":["https:\/\/vapestornado.com\/wp-content\/uploads\/2024\/12\/Vozol-Vista-20000-Disposable-Vape-Wholesale.jpg",1126,1126,false],"thumbnail":["https:\/\/vapestornado.com\/wp-content\/uploads\/2024\/12\/Vozol-Vista-20000-Disposable-Vape-Wholesale-150x150.jpg",150,150,true],"medium":["https:\/\/vapestornado.com\/wp-content\/uploads\/2024\/12\/Vozol-Vista-20000-Disposable-Vape-Wholesale-300x300.jpg",300,300,true],"medium_large":["https:\/\/vapestornado.com\/wp-content\/uploads\/2024\/12\/Vozol-Vista-20000-Disposable-Vape-Wholesale-768x768.jpg",768,768,true],"large":["https:\/\/vapestornado.com\/wp-content\/uploads\/2024\/12\/Vozol-Vista-20000-Disposable-Vape-Wholesale-1024x1024.jpg",1024,1024,true],"1536x1536":["https:\/\/vapestornado.com\/wp-content\/uploads\/2024\/12\/Vozol-Vista-20000-Disposable-Vape-Wholesale.jpg",1126,1126,false],"2048x2048":["https:\/\/vapestornado.com\/wp-content\/uploads\/2024\/12\/Vozol-Vista-20000-Disposable-Vape-Wholesale.jpg",1126,1126,false],"trp-custom-language-flag":["https:\/\/vapestornado.com\/wp-content\/uploads\/2024\/12\/Vozol-Vista-20000-Disposable-Vape-Wholesale.jpg",12,12,false],"woocommerce_thumbnail":["https:\/\/vapestornado.com\/wp-content\/uploads\/2024\/12\/Vozol-Vista-20000-Disposable-Vape-Wholesale-300x300.jpg",300,300,true],"woocommerce_single":["https:\/\/vapestornado.com\/wp-content\/uploads\/2024\/12\/Vozol-Vista-20000-Disposable-Vape-Wholesale-600x600.jpg",600,600,true],"woocommerce_gallery_thumbnail":["https:\/\/vapestornado.com\/wp-content\/uploads\/2024\/12\/Vozol-Vista-20000-Disposable-Vape-Wholesale-100x100.jpg",100,100,true]},"uagb_author_info":{"display_name":"ESAMY","author_link":"https:\/\/vapestornado.com\/it\/author\/"},"uagb_comment_info":0,"uagb_excerpt":"Vozol Vista 20000 Puffs Disposable Vape Wholesale Vozol Vista 20000 Vape Rechargeable Disposable Vape Vozol Vista 20000 Puffs Disposable Pod Device Bulk Buy Add Amy's whatsapp get right reply and vape coupon! WhatsApp: +86 17776015835 &nbsp;","_links":{"self":[{"href":"https:\/\/vapestornado.com\/it\/wp-json\/wp\/v2\/product\/3598","targetHints":{"allow":["GET"]}}],"collection":[{"href":"https:\/\/vapestornado.com\/it\/wp-json\/wp\/v2\/product"}],"about":[{"href":"https:\/\/vapestornado.com\/it\/wp-json\/wp\/v2\/types\/product"}],"replies":[{"embeddable":true,"href":"https:\/\/vapestornado.com\/it\/wp-json\/wp\/v2\/comments?post=3598"}],"wp:featuredmedia":[{"embeddable":true,"href":"https:\/\/vapestornado.com\/it\/wp-json\/wp\/v2\/media\/3588"}],"wp:attachment":[{"href":"https:\/\/vapestornado.com\/it\/wp-json\/wp\/v2\/media?parent=3598"}],"wp:term":[{"taxonomy":"product_brand","embeddable":true,"href":"https:\/\/vapestornado.com\/it\/wp-json\/wp\/v2\/product_brand?post=3598"},{"taxonomy":"product_cat","embeddable":true,"href":"https:\/\/vapestornado.com\/it\/wp-json\/wp\/v2\/product_cat?post=3598"},{"taxonomy":"product_tag","embeddable":true,"href":"https:\/\/vapestornado.com\/it\/wp-json\/wp\/v2\/product_tag?post=3598"}],"curies":[{"name":"wp","href":"https:\/\/api.w.org\/{rel}","templated":true}]}}