{"id":3533,"date":"2024-12-28T09:56:42","date_gmt":"2024-12-28T09:56:42","guid":{"rendered":"https:\/\/vapestornado.com\/?post_type=product&#038;p=3533"},"modified":"2025-08-23T09:46:04","modified_gmt":"2025-08-23T09:46:04","slug":"vapme-spacex-22000-puffs-disposable-vape","status":"publish","type":"product","link":"https:\/\/vapestornado.com\/it\/product\/vapme-spacex-22000-puffs-disposable-vape\/","title":{"rendered":"Vapme Spacex 22000 Tiri Svapo Monouso"},"content":{"rendered":"<h1>Vapme Spacex 22000 Tiri Svapo Monouso<\/h1>\n<p data-start=\"397\" data-end=\"648\">La <strong data-start=\"401\" data-end=\"445\">Vapme Spacex 22000 Tiri Svapo Monouso<\/strong> offre capacit\u00e0, prestazioni e design intuitivo in un unico dispositivo. Con fino a <strong data-start=\"529\" data-end=\"545\">22.000 puff<\/strong> e un <strong data-start=\"552\" data-end=\"585\">serbatoio di e-liquid pre-riempito da 28 ml<\/strong>, garantisce un utilizzo duraturo senza frequenti sostituzioni.<\/p>\n<p data-start=\"650\" data-end=\"962\">Alimentato da un <strong data-start=\"664\" data-end=\"695\">batteria ricaricabile da 850 mAh<\/strong> con <strong data-start=\"701\" data-end=\"725\">ricarica rapida di tipo C<\/strong>, il Vapme Spacex 22K assicura prestazioni costanti per sessioni prolungate. Il suo <strong data-start=\"806\" data-end=\"824\">doppia mesh coil<\/strong> migliora l'erogazione dell'aroma e la densit\u00e0 del vapore, mentre il <strong data-start=\"879\" data-end=\"908\">sistema di flusso d'aria regolabile<\/strong> consente agli utenti di personalizzare ogni tiro in base alle proprie preferenze.<\/p>\n<p data-start=\"964\" data-end=\"1368\">Disponibile in <strong data-start=\"977\" data-end=\"1009\">Gradazioni di nicotina 2% e 5%<\/strong>, questo vaporizzatore usa e getta \u00e8 adatto sia agli utenti moderati che a quelli assidui. Un <strong data-start=\"1084\" data-end=\"1099\">display a LED<\/strong> integrato mostra la durata della batteria e i livelli di e-liquid in tempo reale, aggiungendo praticit\u00e0 e controllo. Compatto e affidabile, il <strong data-start=\"1211\" data-end=\"1244\">Vapme Spacex 22000 Puff Vape<\/strong> \u00e8 adatto sia ai principianti che ai vapers esperti, cos\u00ec come ai grossisti che cercano dispositivi di grande capacit\u00e0 ad alta richiesta.<\/p>\n<h1><img fetchpriority=\"high\" decoding=\"async\" class=\"alignnone size-large wp-image-3536\" style=\"font-size: 16px; font-style: inherit; font-weight: inherit;\" src=\"https:\/\/vapestornado.com\/wp-content\/uploads\/2024\/12\/Real-Pictures-of-Vapme-Spacex-22000-Puffs-Disposable-Vape-Authentic-Product-Gallery-1024x576.jpg\" alt=\"Foto reali del vaporizzatore usa e getta Vapme Spacex 22000 Puffs Galleria di prodotti autentici\" width=\"1024\" height=\"576\" srcset=\"https:\/\/vapestornado.com\/wp-content\/uploads\/2024\/12\/Real-Pictures-of-Vapme-Spacex-22000-Puffs-Disposable-Vape-Authentic-Product-Gallery-1024x576.jpg 1024w, https:\/\/vapestornado.com\/wp-content\/uploads\/2024\/12\/Real-Pictures-of-Vapme-Spacex-22000-Puffs-Disposable-Vape-Authentic-Product-Gallery-300x169.jpg 300w, https:\/\/vapestornado.com\/wp-content\/uploads\/2024\/12\/Real-Pictures-of-Vapme-Spacex-22000-Puffs-Disposable-Vape-Authentic-Product-Gallery-768x432.jpg 768w, https:\/\/vapestornado.com\/wp-content\/uploads\/2024\/12\/Real-Pictures-of-Vapme-Spacex-22000-Puffs-Disposable-Vape-Authentic-Product-Gallery-1536x864.jpg 1536w, https:\/\/vapestornado.com\/wp-content\/uploads\/2024\/12\/Real-Pictures-of-Vapme-Spacex-22000-Puffs-Disposable-Vape-Authentic-Product-Gallery-2048x1152.jpg 2048w, https:\/\/vapestornado.com\/wp-content\/uploads\/2024\/12\/Real-Pictures-of-Vapme-Spacex-22000-Puffs-Disposable-Vape-Authentic-Product-Gallery-600x338.jpg 600w\" sizes=\"(max-width: 1024px) 100vw, 1024px\" \/><\/h1>\n<h3>Caratteristiche del prodotto<\/h3>\n<ol>\n<li><strong>Capacit\u00e0 di 22.000 tiri<\/strong> per uno svapo di lunga durata senza frequenti sostituzioni.<\/li>\n<li><strong>Resistenza a doppia maglia<\/strong> assicura una produzione di vapore omogenea e un migliore rilascio dell'aroma.<\/li>\n<li><strong>Batteria ricaricabile da 850mAh<\/strong> con porta di tipo C per una ricarica rapida ed efficiente.<\/li>\n<li><strong>Sistema di flusso d'aria regolabile<\/strong> consente preferenze di inalazione personalizzabili.<\/li>\n<li><strong>display a LED<\/strong> tiene traccia dei tiri e della durata della batteria per la comodit\u00e0 dell'utente<\/li>\n<\/ol>\n<p><img decoding=\"async\" class=\"alignnone size-large wp-image-3535\" src=\"https:\/\/vapestornado.com\/wp-content\/uploads\/2024\/12\/Bulk-Buy-Vapme-Spacex-22000-Puffs-Save-Big-on-Large-Quantities-1024x576.jpg\" alt=\"Acquisto all&#039;ingrosso Vapme Spacex 22000 Puffs Risparmia molto sulle grandi quantit\u00e0\" width=\"1024\" height=\"576\" srcset=\"https:\/\/vapestornado.com\/wp-content\/uploads\/2024\/12\/Bulk-Buy-Vapme-Spacex-22000-Puffs-Save-Big-on-Large-Quantities-1024x576.jpg 1024w, https:\/\/vapestornado.com\/wp-content\/uploads\/2024\/12\/Bulk-Buy-Vapme-Spacex-22000-Puffs-Save-Big-on-Large-Quantities-300x169.jpg 300w, https:\/\/vapestornado.com\/wp-content\/uploads\/2024\/12\/Bulk-Buy-Vapme-Spacex-22000-Puffs-Save-Big-on-Large-Quantities-768x432.jpg 768w, https:\/\/vapestornado.com\/wp-content\/uploads\/2024\/12\/Bulk-Buy-Vapme-Spacex-22000-Puffs-Save-Big-on-Large-Quantities-1536x864.jpg 1536w, https:\/\/vapestornado.com\/wp-content\/uploads\/2024\/12\/Bulk-Buy-Vapme-Spacex-22000-Puffs-Save-Big-on-Large-Quantities-2048x1152.jpg 2048w, https:\/\/vapestornado.com\/wp-content\/uploads\/2024\/12\/Bulk-Buy-Vapme-Spacex-22000-Puffs-Save-Big-on-Large-Quantities-600x338.jpg 600w\" sizes=\"(max-width: 1024px) 100vw, 1024px\" \/><\/p>\n<p><img decoding=\"async\" class=\"size-large wp-image-3541\" src=\"https:\/\/vapestornado.com\/wp-content\/uploads\/2024\/12\/Vapme-Spacex-22000-Puffs-Disposable-Vape-Review-Honest-Feedback-and-Real-Insights-1024x576.jpg\" alt=\"Recensione Vapme Spacex 22000 Puffs Vapore usa e getta Opinioni oneste e approfondimenti reali\" width=\"1024\" height=\"576\" srcset=\"https:\/\/vapestornado.com\/wp-content\/uploads\/2024\/12\/Vapme-Spacex-22000-Puffs-Disposable-Vape-Review-Honest-Feedback-and-Real-Insights-1024x576.jpg 1024w, https:\/\/vapestornado.com\/wp-content\/uploads\/2024\/12\/Vapme-Spacex-22000-Puffs-Disposable-Vape-Review-Honest-Feedback-and-Real-Insights-300x169.jpg 300w, https:\/\/vapestornado.com\/wp-content\/uploads\/2024\/12\/Vapme-Spacex-22000-Puffs-Disposable-Vape-Review-Honest-Feedback-and-Real-Insights-768x432.jpg 768w, https:\/\/vapestornado.com\/wp-content\/uploads\/2024\/12\/Vapme-Spacex-22000-Puffs-Disposable-Vape-Review-Honest-Feedback-and-Real-Insights-1536x864.jpg 1536w, https:\/\/vapestornado.com\/wp-content\/uploads\/2024\/12\/Vapme-Spacex-22000-Puffs-Disposable-Vape-Review-Honest-Feedback-and-Real-Insights-2048x1152.jpg 2048w, https:\/\/vapestornado.com\/wp-content\/uploads\/2024\/12\/Vapme-Spacex-22000-Puffs-Disposable-Vape-Review-Honest-Feedback-and-Real-Insights-600x338.jpg 600w\" sizes=\"(max-width: 1024px) 100vw, 1024px\" \/><\/p>\n<p><img loading=\"lazy\" decoding=\"async\" class=\"size-large wp-image-3542\" src=\"https:\/\/vapestornado.com\/wp-content\/uploads\/2024\/12\/Vapme-Spacex-22000-Puffs-Flavor-List-Explore-16-Unique-and-Delicious-Flavors-1024x576.jpg\" alt=\"Elenco gusti Vapme Spacex 22000 Puffs Esplora 16 gusti unici e deliziosi\" width=\"1024\" height=\"576\" srcset=\"https:\/\/vapestornado.com\/wp-content\/uploads\/2024\/12\/Vapme-Spacex-22000-Puffs-Flavor-List-Explore-16-Unique-and-Delicious-Flavors-1024x576.jpg 1024w, https:\/\/vapestornado.com\/wp-content\/uploads\/2024\/12\/Vapme-Spacex-22000-Puffs-Flavor-List-Explore-16-Unique-and-Delicious-Flavors-300x169.jpg 300w, https:\/\/vapestornado.com\/wp-content\/uploads\/2024\/12\/Vapme-Spacex-22000-Puffs-Flavor-List-Explore-16-Unique-and-Delicious-Flavors-768x432.jpg 768w, https:\/\/vapestornado.com\/wp-content\/uploads\/2024\/12\/Vapme-Spacex-22000-Puffs-Flavor-List-Explore-16-Unique-and-Delicious-Flavors-1536x864.jpg 1536w, https:\/\/vapestornado.com\/wp-content\/uploads\/2024\/12\/Vapme-Spacex-22000-Puffs-Flavor-List-Explore-16-Unique-and-Delicious-Flavors-2048x1152.jpg 2048w, https:\/\/vapestornado.com\/wp-content\/uploads\/2024\/12\/Vapme-Spacex-22000-Puffs-Flavor-List-Explore-16-Unique-and-Delicious-Flavors-600x338.jpg 600w\" sizes=\"(max-width: 1024px) 100vw, 1024px\" \/><\/p>\n<p><img loading=\"lazy\" decoding=\"async\" class=\"size-large wp-image-3543\" src=\"https:\/\/vapestornado.com\/wp-content\/uploads\/2024\/12\/Vapme-Spacex-22000-Puffs-Price-Comparison-Affordable-Premium-Disposable-Vape-1024x576.jpg\" alt=\"Confronto prezzi Vapme Spacex 22000 Puffs Vapore usa e getta premium a prezzi accessibili\" width=\"1024\" height=\"576\" srcset=\"https:\/\/vapestornado.com\/wp-content\/uploads\/2024\/12\/Vapme-Spacex-22000-Puffs-Price-Comparison-Affordable-Premium-Disposable-Vape-1024x576.jpg 1024w, https:\/\/vapestornado.com\/wp-content\/uploads\/2024\/12\/Vapme-Spacex-22000-Puffs-Price-Comparison-Affordable-Premium-Disposable-Vape-300x169.jpg 300w, https:\/\/vapestornado.com\/wp-content\/uploads\/2024\/12\/Vapme-Spacex-22000-Puffs-Price-Comparison-Affordable-Premium-Disposable-Vape-768x432.jpg 768w, https:\/\/vapestornado.com\/wp-content\/uploads\/2024\/12\/Vapme-Spacex-22000-Puffs-Price-Comparison-Affordable-Premium-Disposable-Vape-1536x864.jpg 1536w, https:\/\/vapestornado.com\/wp-content\/uploads\/2024\/12\/Vapme-Spacex-22000-Puffs-Price-Comparison-Affordable-Premium-Disposable-Vape-2048x1152.jpg 2048w, https:\/\/vapestornado.com\/wp-content\/uploads\/2024\/12\/Vapme-Spacex-22000-Puffs-Price-Comparison-Affordable-Premium-Disposable-Vape-600x338.jpg 600w\" sizes=\"(max-width: 1024px) 100vw, 1024px\" \/><\/p>\n<p><img loading=\"lazy\" decoding=\"async\" class=\"size-large wp-image-3544\" src=\"https:\/\/vapestornado.com\/wp-content\/uploads\/2024\/12\/Wholesale-Vapme-Spacex-22000-Puffs-Best-Bulk-Deals-for-Retailers-1024x576.jpg\" alt=\"Vapme Spacex 22000 Puffs all&#039;ingrosso Le migliori offerte all&#039;ingrosso per i rivenditori in Italia\" width=\"1024\" height=\"576\" srcset=\"https:\/\/vapestornado.com\/wp-content\/uploads\/2024\/12\/Wholesale-Vapme-Spacex-22000-Puffs-Best-Bulk-Deals-for-Retailers-1024x576.jpg 1024w, https:\/\/vapestornado.com\/wp-content\/uploads\/2024\/12\/Wholesale-Vapme-Spacex-22000-Puffs-Best-Bulk-Deals-for-Retailers-300x169.jpg 300w, https:\/\/vapestornado.com\/wp-content\/uploads\/2024\/12\/Wholesale-Vapme-Spacex-22000-Puffs-Best-Bulk-Deals-for-Retailers-768x432.jpg 768w, https:\/\/vapestornado.com\/wp-content\/uploads\/2024\/12\/Wholesale-Vapme-Spacex-22000-Puffs-Best-Bulk-Deals-for-Retailers-1536x864.jpg 1536w, https:\/\/vapestornado.com\/wp-content\/uploads\/2024\/12\/Wholesale-Vapme-Spacex-22000-Puffs-Best-Bulk-Deals-for-Retailers-2048x1152.jpg 2048w, https:\/\/vapestornado.com\/wp-content\/uploads\/2024\/12\/Wholesale-Vapme-Spacex-22000-Puffs-Best-Bulk-Deals-for-Retailers-600x338.jpg 600w\" sizes=\"(max-width: 1024px) 100vw, 1024px\" \/><\/p>\n<h3>Elenco degli aromi<\/h3>\n<ol>\n<li>Mango alla fragola<\/li>\n<li>Frutti di Bosco Misti<\/li>\n<li>Ghiaccio all'anguria<\/li>\n<li>Anguria e Fragola<\/li>\n<li>Red Bull alla Fragola<\/li>\n<li>Guava frutto della passione e kiwi<\/li>\n<li>Ghiaccio all'Uva<\/li>\n<li>Ghiaccio alla doppia mela<\/li>\n<li>Mirtillo Blu Raspberry<\/li>\n<li>Ghiaccio Anguria Mango<\/li>\n<li>Ghiaccio ai mirtilli<\/li>\n<li>Pesca e Frutti di Bosco<\/li>\n<li>Fragola Kiwi<\/li>\n<li>Ciliegia Ghiacciata<\/li>\n<li>Ciliegia Fragola Superburst<\/li>\n<li>Gomma da masticare all'anguria<\/li>\n<\/ol>\n<h3>I 10 migliori gusti di Vapme Spacex 22000 Puffs<\/h3>\n<ol>\n<li style=\"list-style-type: none;\">\n<ol>\n<li><strong>Mango alla fragola<\/strong>: Una miscela tropicale di mango maturo e fragole fresche.<\/li>\n<li><strong>Frutti di Bosco Misti<\/strong>: Un succoso medley di mirtilli, more e lamponi.<\/li>\n<li><strong>Ghiaccio all'anguria<\/strong>: Anguria dolce con un tocco rinfrescante di ghiaccio.<\/li>\n<li><strong>Anguria e Fragola<\/strong>: Una fusione di fragole deliziose e anguria fresca.<\/li>\n<li><strong>Red Bull alla Fragola<\/strong>: Sapore deciso di fragola con un tocco da energy drink.<\/li>\n<li><strong>Guava frutto della passione e kiwi<\/strong>: Kiwi esotico, frutto della passione e guava per una fuga tropicale.<\/li>\n<li><strong>Ghiaccio all'Uva<\/strong>: Uva croccante e succosa con un fresco finale al mentolo.<\/li>\n<li><strong>Ghiaccio alla doppia mela<\/strong>: Mele rosse e verdi dolci abbinate a una sensazione di gelo.<\/li>\n<li><strong>Mirtillo Blu Raspberry<\/strong>: Lamponi aciduli e mirtilli dolci perfettamente combinati.<\/li>\n<li><strong>Ghiaccio Anguria Mango<\/strong>: Mango e anguria succulenti con un tocco di gelo.<\/li>\n<\/ol>\n<\/li>\n<\/ol>\n<h3><strong>Perch\u00e9 scegliere Vapme Spacex 22000 Puffs?<\/strong><\/h3>\n<p>La sigaretta usa e getta Vapme Spacex 22000 Puffs si distingue per la sua praticit\u00e0, affidabilit\u00e0 e l'eccezionale resa aromatica. La sua enorme capacit\u00e0 di 22.000 tiri garantisce un uso prolungato, facendoti risparmiare denaro sui frequenti ricambi. La tecnologia a doppia bobina a rete (Dual Mesh Coil) migliora sia la produzione di vapore che il gusto, rendendo ogni tiro soddisfacente. Con il suo sistema di flusso d'aria regolabile, puoi personalizzare la tua esperienza di svapo in base alle tue preferenze. Il dispositivo \u00e8 ricaricabile tramite una porta di tipo C, garantendo ricariche rapide ed efficienti, mentre il display a LED ti tiene informato sullo stato della batteria e sul numero di tiri. L'ampia gamma di gusti si adatta a diversi palati, rendendola un'opzione versatile per tutti gli svapatori.<\/p>\n<h3><strong>FAQ<\/strong><\/h3>\n<ol>\n<li><strong>Quanto dura la Vapme Spacex 22000 Puffs?<\/strong><br \/>\nFornisce fino a 22.000 tiri, il che la rende ideale per un uso prolungato.<\/li>\n<li><strong>La Vapme Spacex \u00e8 ricaricabile?<\/strong><br \/>\nS\u00ec, \u00e8 dotata di una batteria ricaricabile da 850 mAh con ricarica di tipo C.<\/li>\n<li><strong>Quali sono le gradazioni di nicotina disponibili?<\/strong><br \/>\nScegli tra nicotina al 2% o 5% per soddisfare le tue preferenze.<\/li>\n<li><strong>Ha il flusso d'aria regolabile?<\/strong><br \/>\nS\u00ec, il sistema di flusso d'aria regolabile ti consente di personalizzare la tua esperienza di inalazione.<\/li>\n<li><strong>Come faccio a conoscere lo stato della batteria?<\/strong><br \/>\nIl display a LED integrato mostra in tempo reale la durata della batteria e il numero di tiri.<\/li>\n<\/ol>\n<h4>Vapme vape vendita all'ingrosso Contattaci e ottieni subito uno sconto!<\/h4>\n<p><img loading=\"lazy\" decoding=\"async\" class=\"size-large wp-image-2921\" src=\"https:\/\/vapestornado.com\/wp-content\/uploads\/2024\/11\/20062b3a285f900e79520aad496b94d-887x1024.jpg\" alt=\"vapestornado Vicky\" width=\"887\" height=\"1024\" srcset=\"https:\/\/vapestornado.com\/wp-content\/uploads\/2024\/11\/20062b3a285f900e79520aad496b94d-887x1024.jpg 887w, https:\/\/vapestornado.com\/wp-content\/uploads\/2024\/11\/20062b3a285f900e79520aad496b94d-260x300.jpg 260w, https:\/\/vapestornado.com\/wp-content\/uploads\/2024\/11\/20062b3a285f900e79520aad496b94d-768x887.jpg 768w, https:\/\/vapestornado.com\/wp-content\/uploads\/2024\/11\/20062b3a285f900e79520aad496b94d-600x693.jpg 600w, https:\/\/vapestornado.com\/wp-content\/uploads\/2024\/11\/20062b3a285f900e79520aad496b94d.jpg 1080w\" sizes=\"(max-width: 887px) 100vw, 887px\" \/><\/p>","protected":false},"excerpt":{"rendered":"<p>Vapme Spacex 22000 Puffs Disposable Vape offre prestazioni ineguagliabili con 22.000 tiri, doppia bobina a rete, flusso d'aria regolabile e batteria ricaricabile di tipo C.<\/p>\n<p><strong><span style=\"color: #ff0000;\">(il prezzo sul nostro sito web non include i costi di spedizione, contattami per ottenere il prezzo intero e il tuo sconto!)<\/span><\/strong><\/p>\n<p><img loading=\"lazy\" decoding=\"async\" class=\"size-medium wp-image-2921\" src=\"https:\/\/vapestornado.com\/wp-content\/uploads\/2024\/11\/20062b3a285f900e79520aad496b94d-260x300.jpg\" alt=\"vapestornado Vicky\" width=\"260\" height=\"300\" srcset=\"https:\/\/vapestornado.com\/wp-content\/uploads\/2024\/11\/20062b3a285f900e79520aad496b94d-260x300.jpg 260w, https:\/\/vapestornado.com\/wp-content\/uploads\/2024\/11\/20062b3a285f900e79520aad496b94d-887x1024.jpg 887w, https:\/\/vapestornado.com\/wp-content\/uploads\/2024\/11\/20062b3a285f900e79520aad496b94d-768x887.jpg 768w, https:\/\/vapestornado.com\/wp-content\/uploads\/2024\/11\/20062b3a285f900e79520aad496b94d-600x693.jpg 600w, https:\/\/vapestornado.com\/wp-content\/uploads\/2024\/11\/20062b3a285f900e79520aad496b94d.jpg 1080w\" sizes=\"(max-width: 260px) 100vw, 260px\" \/><\/p>","protected":false},"featured_media":3534,"comment_status":"open","ping_status":"closed","template":"","meta":{"_acf_changed":false,"_uag_custom_page_level_css":"","_lmt_disableupdate":"no","_lmt_disable":"","_monsterinsights_skip_tracking":false,"_monsterinsights_sitenote_active":false,"_monsterinsights_sitenote_note":"","_monsterinsights_sitenote_category":0,"site-sidebar-layout":"default","site-content-layout":"","ast-site-content-layout":"default","site-content-style":"default","site-sidebar-style":"default","ast-global-header-display":"","ast-banner-title-visibility":"","ast-main-header-display":"","ast-hfb-above-header-display":"","ast-hfb-below-header-display":"","ast-hfb-mobile-header-display":"","site-post-title":"","ast-breadcrumbs-content":"","ast-featured-img":"","footer-sml-layout":"","ast-disable-related-posts":"","theme-transparent-header-meta":"default","adv-header-id-meta":"","stick-header-meta":"","header-above-stick-meta":"","header-main-stick-meta":"","header-below-stick-meta":"","astra-migrate-meta-layouts":"set","ast-page-background-enabled":"default","ast-page-background-meta":{"desktop":{"background-color":"","background-image":"","background-repeat":"repeat","background-position":"center center","background-size":"auto","background-attachment":"scroll","background-type":"","background-media":"","overlay-type":"","overlay-color":"","overlay-opacity":"","overlay-gradient":""},"tablet":{"background-color":"","background-image":"","background-repeat":"repeat","background-position":"center center","background-size":"auto","background-attachment":"scroll","background-type":"","background-media":"","overlay-type":"","overlay-color":"","overlay-opacity":"","overlay-gradient":""},"mobile":{"background-color":"","background-image":"","background-repeat":"repeat","background-position":"center center","background-size":"auto","background-attachment":"scroll","background-type":"","background-media":"","overlay-type":"","overlay-color":"","overlay-opacity":"","overlay-gradient":""}},"ast-content-background-meta":{"desktop":{"background-color":"var(--ast-global-color-5)","background-image":"","background-repeat":"repeat","background-position":"center center","background-size":"auto","background-attachment":"scroll","background-type":"","background-media":"","overlay-type":"","overlay-color":"","overlay-opacity":"","overlay-gradient":""},"tablet":{"background-color":"var(--ast-global-color-5)","background-image":"","background-repeat":"repeat","background-position":"center center","background-size":"auto","background-attachment":"scroll","background-type":"","background-media":"","overlay-type":"","overlay-color":"","overlay-opacity":"","overlay-gradient":""},"mobile":{"background-color":"var(--ast-global-color-5)","background-image":"","background-repeat":"repeat","background-position":"center center","background-size":"auto","background-attachment":"scroll","background-type":"","background-media":"","overlay-type":"","overlay-color":"","overlay-opacity":"","overlay-gradient":""}},"_joinchat":{"telephone":"+8618077105750"}},"product_brand":[],"product_cat":[149,152,153,157,142,146],"product_tag":[],"class_list":{"0":"post-3533","1":"product","2":"type-product","3":"status-publish","4":"has-post-thumbnail","6":"product_cat-buy-disposable-vapes-in-austria","7":"product_cat-buy-disposable-vapes-in-cermany","8":"product_cat-buy-disposable-vapes-in-italy","9":"product_cat-buy-disposable-vapes-in-portugal","10":"product_cat-digital-box-disposable-vapes","11":"product_cat-rechargeable-disposable-vapes","12":"desktop-align-left","13":"tablet-align-left","14":"mobile-align-left","16":"first","17":"instock","18":"sale","19":"shipping-taxable","20":"purchasable","21":"product-type-simple"},"acf":[],"uagb_featured_image_src":{"full":["https:\/\/vapestornado.com\/wp-content\/uploads\/2024\/12\/Affordable-VAPME-Disposable-Vape-SPACEX-22k.jpg",900,1125,false],"thumbnail":["https:\/\/vapestornado.com\/wp-content\/uploads\/2024\/12\/Affordable-VAPME-Disposable-Vape-SPACEX-22k-150x150.jpg",150,150,true],"medium":["https:\/\/vapestornado.com\/wp-content\/uploads\/2024\/12\/Affordable-VAPME-Disposable-Vape-SPACEX-22k-240x300.jpg",240,300,true],"medium_large":["https:\/\/vapestornado.com\/wp-content\/uploads\/2024\/12\/Affordable-VAPME-Disposable-Vape-SPACEX-22k-768x960.jpg",768,960,true],"large":["https:\/\/vapestornado.com\/wp-content\/uploads\/2024\/12\/Affordable-VAPME-Disposable-Vape-SPACEX-22k-819x1024.jpg",819,1024,true],"1536x1536":["https:\/\/vapestornado.com\/wp-content\/uploads\/2024\/12\/Affordable-VAPME-Disposable-Vape-SPACEX-22k.jpg",900,1125,false],"2048x2048":["https:\/\/vapestornado.com\/wp-content\/uploads\/2024\/12\/Affordable-VAPME-Disposable-Vape-SPACEX-22k.jpg",900,1125,false],"trp-custom-language-flag":["https:\/\/vapestornado.com\/wp-content\/uploads\/2024\/12\/Affordable-VAPME-Disposable-Vape-SPACEX-22k.jpg",10,12,false],"woocommerce_thumbnail":["https:\/\/vapestornado.com\/wp-content\/uploads\/2024\/12\/Affordable-VAPME-Disposable-Vape-SPACEX-22k-300x300.jpg",300,300,true],"woocommerce_single":["https:\/\/vapestornado.com\/wp-content\/uploads\/2024\/12\/Affordable-VAPME-Disposable-Vape-SPACEX-22k-600x750.jpg",600,750,true],"woocommerce_gallery_thumbnail":["https:\/\/vapestornado.com\/wp-content\/uploads\/2024\/12\/Affordable-VAPME-Disposable-Vape-SPACEX-22k-100x100.jpg",100,100,true]},"uagb_author_info":{"display_name":"ESvicky","author_link":"https:\/\/vapestornado.com\/it\/author\/"},"uagb_comment_info":0,"uagb_excerpt":"Vapme Spacex 22000 Puffs Disposable Vape offers unmatched performance with 22,000 puffs, Dual Mesh Coil, adjustable airflow, and rechargeable Type-C battery. (our website price not include shipping cost, please contact me to get whole price and your disccount!)","_links":{"self":[{"href":"https:\/\/vapestornado.com\/it\/wp-json\/wp\/v2\/product\/3533","targetHints":{"allow":["GET"]}}],"collection":[{"href":"https:\/\/vapestornado.com\/it\/wp-json\/wp\/v2\/product"}],"about":[{"href":"https:\/\/vapestornado.com\/it\/wp-json\/wp\/v2\/types\/product"}],"replies":[{"embeddable":true,"href":"https:\/\/vapestornado.com\/it\/wp-json\/wp\/v2\/comments?post=3533"}],"wp:featuredmedia":[{"embeddable":true,"href":"https:\/\/vapestornado.com\/it\/wp-json\/wp\/v2\/media\/3534"}],"wp:attachment":[{"href":"https:\/\/vapestornado.com\/it\/wp-json\/wp\/v2\/media?parent=3533"}],"wp:term":[{"taxonomy":"product_brand","embeddable":true,"href":"https:\/\/vapestornado.com\/it\/wp-json\/wp\/v2\/product_brand?post=3533"},{"taxonomy":"product_cat","embeddable":true,"href":"https:\/\/vapestornado.com\/it\/wp-json\/wp\/v2\/product_cat?post=3533"},{"taxonomy":"product_tag","embeddable":true,"href":"https:\/\/vapestornado.com\/it\/wp-json\/wp\/v2\/product_tag?post=3533"}],"curies":[{"name":"wp","href":"https:\/\/api.w.org\/{rel}","templated":true}]}}