{"id":3429,"date":"2024-12-27T08:28:48","date_gmt":"2024-12-27T08:28:48","guid":{"rendered":"https:\/\/vapestornado.com\/?post_type=product&#038;p=3429"},"modified":"2025-08-23T12:20:11","modified_gmt":"2025-08-23T12:20:11","slug":"fumot-randm-tornado-9000-puffs-disposable-vape","status":"publish","type":"product","link":"https:\/\/vapestornado.com\/it\/product\/fumot-randm-tornado-9000-puffs-disposable-vape\/","title":{"rendered":"Fumot RandM Tornado 9000 Puffs Vape Usa e Getta"},"content":{"rendered":"<h1>Fumot RandM Tornado 9000 Puffs Vape Usa e Getta<\/h1>\n<p>La <strong data-start=\"312\" data-end=\"362\">Fumot RandM Tornado 9000 Puffs Vape Usa e Getta<\/strong> \u00e8 progettato per i vapers che desiderano affidabilit\u00e0 e un sapore ricco in un design elegante. Alimentato da un <strong data-start=\"459\" data-end=\"490\">batteria ricaricabile da 600 mAh<\/strong> con <strong data-start=\"496\" data-end=\"520\">ricarica rapida di tipo C<\/strong>, questo dispositivo supporta <strong data-start=\"543\" data-end=\"563\">fino a 9000 puff<\/strong> dal suo <strong data-start=\"573\" data-end=\"610\">capacit\u00e0 di e-liquid pre-riempito da 18 ml<\/strong>.<\/p>\n<p>Dotato di <strong data-start=\"637\" data-end=\"655\">bobina a rete da 0,8\u03a9<\/strong>, offre tiri fluidi, una produzione di vapore costante e un'intensit\u00e0 di sapore migliorata. Con <strong data-start=\"748\" data-end=\"786\">opzioni di sale di nicotina del 2% e del 5%<\/strong>, \u00e8 adatto sia agli utenti leggeri che a quelli pesanti.<\/p>\n<p>La <strong data-start=\"838\" data-end=\"861\">Effetto di illuminazione RGB<\/strong> aggiunge un tocco divertente e moderno, rendendolo una scelta popolare tra i clienti europei pi\u00f9 giovani. Con un impressionante <strong data-start=\"968\" data-end=\"982\">43 gusti<\/strong> disponibili, dalle miscele fruttate al mentolo ghiacciato, il RandM Tornado 9K garantisce un ampio appeal. Compatto, portatile e visivamente sorprendente, \u00e8 un must-have per <strong data-start=\"1132\" data-end=\"1182\">fornitori all'ingrosso di vape e distributori all'ingrosso<\/strong> alla ricerca di prodotti ad alta richiesta.<\/p>\n<figure id=\"attachment_3443\" aria-describedby=\"caption-attachment-3443\" style=\"width: 1000px\" class=\"wp-caption alignnone\"><img fetchpriority=\"high\" decoding=\"async\" class=\"size-full wp-image-3443\" src=\"https:\/\/vapestornado.com\/wp-content\/uploads\/2024\/12\/Mesh-Coil-Disposable-Vape-9000-Puffs.jpg\" alt=\"Vaporizzatore usa e getta a mesh coil 9000 Puffs\" width=\"1000\" height=\"520\" srcset=\"https:\/\/vapestornado.com\/wp-content\/uploads\/2024\/12\/Mesh-Coil-Disposable-Vape-9000-Puffs.jpg 1000w, https:\/\/vapestornado.com\/wp-content\/uploads\/2024\/12\/Mesh-Coil-Disposable-Vape-9000-Puffs-300x156.jpg 300w, https:\/\/vapestornado.com\/wp-content\/uploads\/2024\/12\/Mesh-Coil-Disposable-Vape-9000-Puffs-768x399.jpg 768w, https:\/\/vapestornado.com\/wp-content\/uploads\/2024\/12\/Mesh-Coil-Disposable-Vape-9000-Puffs-600x312.jpg 600w\" sizes=\"(max-width: 1000px) 100vw, 1000px\" \/><figcaption id=\"caption-attachment-3443\" class=\"wp-caption-text\">Vaporizzatore usa e getta a mesh coil 9000 Puffs<\/figcaption><\/figure>\n<h3>Caratteristiche del prodotto<\/h3>\n<ol>\n<li><strong>Utilizzo esteso<\/strong>: 9000 tiri con 18ml di e-liquid per prestazioni di lunga durata.<\/li>\n<li><strong>Batteria Ricaricabile<\/strong>: Batteria da 600mAh con supporto per la ricarica rapida Type-C.<\/li>\n<li><strong>Coil in Mesh<\/strong>: Resistenza da 0,8ohm per un aroma costante e un vapore denso.<\/li>\n<li><strong>Luce RGB<\/strong>: Illuminazione elegante che migliora l'esperienza di svapo.<\/li>\n<li><strong>43 Aromi disponibili<\/strong>: Un'ampia gamma di opzioni di aromi entusiasmanti.<\/li>\n<\/ol>\n<h3>Elenco degli aromi<\/h3>\n<ol>\n<li>Mirtillo Blu Raspberry<\/li>\n<li>Signor Blu<\/li>\n<li>Anguria e Fragola<\/li>\n<li>Aranciata<\/li>\n<li>Gomma da masticare all'anguria<\/li>\n<li>Caramelle arcobaleno<\/li>\n<li>Limonata Rosa<\/li>\n<li>Pesca, Mango e Ananas<\/li>\n<li>Fragola e Banana<\/li>\n<li>Ghiaccio Lussureggiante<\/li>\n<li>Ghiaccio al Drago Nero<\/li>\n<li>Aloe e Uva<\/li>\n<li>Ghiaccio al lampone blu<\/li>\n<li>Guava frutto della passione e kiwi<\/li>\n<li>Orsetto Gommoso<\/li>\n<li>Frutti di bosco misti<\/li>\n<li>Menta Fresca<\/li>\n<li>Lampone e Anguria<\/li>\n<li>Limonata alla Pesca<\/li>\n<li>Ghiaccio alla Guava<\/li>\n<li>Limonata alla Fragola<\/li>\n<li>Ghiaccio Anguria e Lampone Blu<\/li>\n<li>Crema Pasticcera alla Banana<\/li>\n<li>Pesca e Frutti di Bosco<\/li>\n<li>Crema di Fragole<\/li>\n<li>Caramelle Acide<\/li>\n<li>Limone<\/li>\n<li>Ciliegia<\/li>\n<li>Ciliegia Frizzante<\/li>\n<li>Mirtillo, Ciliegia e Mirtillo Rosso<\/li>\n<li>Vimto<\/li>\n<li>Skittles<\/li>\n<li>Ghiaccio Nero<\/li>\n<li>Uva<\/li>\n<li>Ghiaccio Bluelicious<\/li>\n<li>Ghiaccio alla fragola<\/li>\n<li>Blue Razz Kush<\/li>\n<li>Ghiacciolo<\/li>\n<li>Lampone Acido al Mirtillo<\/li>\n<li>Ananas<\/li>\n<li>Limonata alla Ciliegia e Pesca<\/li>\n<li>Fragola Lampone Ciliegia<\/li>\n<li>Triplo Mango<\/li>\n<\/ol>\n<h3>RandM Tornado 9000 Puff I 5 Migliori Gusti<\/h3>\n<ol>\n<li><strong>Ghiaccio al lampone blu<\/strong>: Lampone blu dolce e aspro con un finale rinfrescante.<\/li>\n<li><strong>Pesca, Mango e Ananas<\/strong>: Un trio tropicale che esplode di dolcezza succosa.<\/li>\n<li><strong>Gomma da masticare all'anguria<\/strong>: Classico gusto di bubble gum con un rinfrescante tocco di anguria.<\/li>\n<li><strong>Caramelle arcobaleno<\/strong>: Un mix di caramelle fruttate per una coccola nostalgica.<\/li>\n<li><strong>Ghiaccio al Drago Nero<\/strong>: Ribes nero audace con un tocco di mentolo ghiacciato.<\/li>\n<\/ol>\n<h3>Perch\u00e9 Scegliere Fumot RandM Tornado 9000 Puff?<\/h3>\n<ul>\n<li><strong>Alto Numero di Puff<\/strong>: Goditi fino a 9000 puff con 18 ml di e-liquid.<\/li>\n<li><strong>Prestazioni Premium<\/strong>: La coil a mesh e la batteria ricaricabile assicurano un sapore e una praticit\u00e0 costanti.<\/li>\n<li><strong>Design Elegante<\/strong>: L'illuminazione RGB aggiunge un tocco moderno e divertente.<\/li>\n<li><strong>Ampia Variet\u00e0 di Gusti<\/strong>: 43 gusti entusiasmanti soddisfano ogni preferenza.<\/li>\n<li><strong>Portatile e Resistente<\/strong>: Compatto ma potente, perfetto per lo svapo quotidiano.<\/li>\n<\/ul>\n<h3>FAQ<\/h3>\n<p><strong>D1: Quanto dura la batteria da 600mAh con una singola carica?<\/strong><br \/>\nLa batteria ricaricabile da 600mAh offre ore di svapo continuo e pu\u00f2 essere ricaricata tramite cavo Type-C.<\/p>\n<p><strong>D2: Tutti i 43 gusti sono disponibili per l'acquisto all'ingrosso?<\/strong><br \/>\nS\u00ec, tutti i 43 gusti sono disponibili per la vendita all'ingrosso e l'acquisto in grandi quantit\u00e0.<\/p>\n<p><strong>D3: Quali livelli di nicotina sono disponibili?<\/strong><br \/>\nIl Fumot RandM Tornado 9000 Puffs \u00e8 disponibile nelle opzioni di sale di nicotina da 2% e 5%.<\/p>\n<p><strong>D4: Qual \u00e8 il vantaggio della coil a mesh?<\/strong><br \/>\nLa coil a mesh da 0,8ohm assicura una produzione di vapore pi\u00f9 fluida e una migliore erogazione del sapore.<\/p>\n<p><strong>D5: Il RandM Vape 9k include un cavo di ricarica?<\/strong><br \/>\nS\u00ec, il RandM 9k \u00e8 compatibile con i cavi di ricarica Type-C, anche se il cavo \u00e8 venduto separatamente.<\/p>\n<h4>Contatta il grossista di Fumot Vape 9k e ottieni subito uno sconto!<\/h4>\n<p><img decoding=\"async\" class=\"size-large wp-image-2921\" src=\"https:\/\/vapestornado.com\/wp-content\/uploads\/2024\/11\/20062b3a285f900e79520aad496b94d-887x1024.jpg\" alt=\"vapestornado Vicky\" width=\"887\" height=\"1024\" srcset=\"https:\/\/vapestornado.com\/wp-content\/uploads\/2024\/11\/20062b3a285f900e79520aad496b94d-887x1024.jpg 887w, https:\/\/vapestornado.com\/wp-content\/uploads\/2024\/11\/20062b3a285f900e79520aad496b94d-260x300.jpg 260w, https:\/\/vapestornado.com\/wp-content\/uploads\/2024\/11\/20062b3a285f900e79520aad496b94d-768x887.jpg 768w, https:\/\/vapestornado.com\/wp-content\/uploads\/2024\/11\/20062b3a285f900e79520aad496b94d-600x693.jpg 600w, https:\/\/vapestornado.com\/wp-content\/uploads\/2024\/11\/20062b3a285f900e79520aad496b94d.jpg 1080w\" sizes=\"(max-width: 887px) 100vw, 887px\" \/><\/p>","protected":false},"excerpt":{"rendered":"<p><strong>Vaporizzatore usa e getta RandM Tornado 9000 Puffs<\/strong> offre 9000 tiri, batteria da 600mAh, illuminazione RGB, resistenza a mesh e 43 vivaci aromi per un'esperienza di svapo eccezionale.<\/p>\n<p><strong><span style=\"color: #ff0000;\">(il prezzo sul nostro sito web non include i costi di spedizione, contattami per ottenere il prezzo intero e il tuo sconto!)<\/span><\/strong><\/p>\n<p><img decoding=\"async\" class=\"size-medium wp-image-2921\" src=\"https:\/\/vapestornado.com\/wp-content\/uploads\/2024\/11\/20062b3a285f900e79520aad496b94d-260x300.jpg\" alt=\"vapestornado Vicky\" width=\"260\" height=\"300\" srcset=\"https:\/\/vapestornado.com\/wp-content\/uploads\/2024\/11\/20062b3a285f900e79520aad496b94d-260x300.jpg 260w, https:\/\/vapestornado.com\/wp-content\/uploads\/2024\/11\/20062b3a285f900e79520aad496b94d-887x1024.jpg 887w, https:\/\/vapestornado.com\/wp-content\/uploads\/2024\/11\/20062b3a285f900e79520aad496b94d-768x887.jpg 768w, https:\/\/vapestornado.com\/wp-content\/uploads\/2024\/11\/20062b3a285f900e79520aad496b94d-600x693.jpg 600w, https:\/\/vapestornado.com\/wp-content\/uploads\/2024\/11\/20062b3a285f900e79520aad496b94d.jpg 1080w\" sizes=\"(max-width: 260px) 100vw, 260px\" \/><\/p>","protected":false},"featured_media":3439,"comment_status":"open","ping_status":"closed","template":"","meta":{"_acf_changed":false,"_uag_custom_page_level_css":"","_lmt_disableupdate":"no","_lmt_disable":"","_monsterinsights_skip_tracking":false,"_monsterinsights_sitenote_active":false,"_monsterinsights_sitenote_note":"","_monsterinsights_sitenote_category":0,"site-sidebar-layout":"default","site-content-layout":"","ast-site-content-layout":"default","site-content-style":"default","site-sidebar-style":"default","ast-global-header-display":"","ast-banner-title-visibility":"","ast-main-header-display":"","ast-hfb-above-header-display":"","ast-hfb-below-header-display":"","ast-hfb-mobile-header-display":"","site-post-title":"","ast-breadcrumbs-content":"","ast-featured-img":"","footer-sml-layout":"","ast-disable-related-posts":"","theme-transparent-header-meta":"default","adv-header-id-meta":"","stick-header-meta":"","header-above-stick-meta":"","header-main-stick-meta":"","header-below-stick-meta":"","astra-migrate-meta-layouts":"set","ast-page-background-enabled":"default","ast-page-background-meta":{"desktop":{"background-color":"","background-image":"","background-repeat":"repeat","background-position":"center center","background-size":"auto","background-attachment":"scroll","background-type":"","background-media":"","overlay-type":"","overlay-color":"","overlay-opacity":"","overlay-gradient":""},"tablet":{"background-color":"","background-image":"","background-repeat":"repeat","background-position":"center center","background-size":"auto","background-attachment":"scroll","background-type":"","background-media":"","overlay-type":"","overlay-color":"","overlay-opacity":"","overlay-gradient":""},"mobile":{"background-color":"","background-image":"","background-repeat":"repeat","background-position":"center center","background-size":"auto","background-attachment":"scroll","background-type":"","background-media":"","overlay-type":"","overlay-color":"","overlay-opacity":"","overlay-gradient":""}},"ast-content-background-meta":{"desktop":{"background-color":"var(--ast-global-color-5)","background-image":"","background-repeat":"repeat","background-position":"center center","background-size":"auto","background-attachment":"scroll","background-type":"","background-media":"","overlay-type":"","overlay-color":"","overlay-opacity":"","overlay-gradient":""},"tablet":{"background-color":"var(--ast-global-color-5)","background-image":"","background-repeat":"repeat","background-position":"center center","background-size":"auto","background-attachment":"scroll","background-type":"","background-media":"","overlay-type":"","overlay-color":"","overlay-opacity":"","overlay-gradient":""},"mobile":{"background-color":"var(--ast-global-color-5)","background-image":"","background-repeat":"repeat","background-position":"center center","background-size":"auto","background-attachment":"scroll","background-type":"","background-media":"","overlay-type":"","overlay-color":"","overlay-opacity":"","overlay-gradient":""}},"_joinchat":{"telephone":"+8618077105750"}},"product_brand":[],"product_cat":[73,151,152,157,58,144,148],"product_tag":[112],"class_list":{"0":"post-3429","1":"product","2":"type-product","3":"status-publish","4":"has-post-thumbnail","6":"product_cat-9000-puff","7":"product_cat-buy-disposable-vapes-in-france","8":"product_cat-buy-disposable-vapes-in-cermany","9":"product_cat-buy-disposable-vapes-in-portugal","10":"product_cat-fumot-vape","11":"product_cat-low-nicotine-disposable-vapes","12":"product_cat-tornado-disposable-vapes","13":"product_tag-randm-tornado-9000","14":"desktop-align-left","15":"tablet-align-left","16":"mobile-align-left","18":"first","19":"instock","20":"sale","21":"shipping-taxable","22":"purchasable","23":"product-type-simple"},"acf":[],"uagb_featured_image_src":{"full":["https:\/\/vapestornado.com\/wp-content\/uploads\/2024\/12\/Fumot-RandM-Tornado-9000-Puffs-Real-Pictures.jpg",1000,1000,false],"thumbnail":["https:\/\/vapestornado.com\/wp-content\/uploads\/2024\/12\/Fumot-RandM-Tornado-9000-Puffs-Real-Pictures-150x150.jpg",150,150,true],"medium":["https:\/\/vapestornado.com\/wp-content\/uploads\/2024\/12\/Fumot-RandM-Tornado-9000-Puffs-Real-Pictures-300x300.jpg",300,300,true],"medium_large":["https:\/\/vapestornado.com\/wp-content\/uploads\/2024\/12\/Fumot-RandM-Tornado-9000-Puffs-Real-Pictures-768x768.jpg",768,768,true],"large":["https:\/\/vapestornado.com\/wp-content\/uploads\/2024\/12\/Fumot-RandM-Tornado-9000-Puffs-Real-Pictures.jpg",1000,1000,false],"1536x1536":["https:\/\/vapestornado.com\/wp-content\/uploads\/2024\/12\/Fumot-RandM-Tornado-9000-Puffs-Real-Pictures.jpg",1000,1000,false],"2048x2048":["https:\/\/vapestornado.com\/wp-content\/uploads\/2024\/12\/Fumot-RandM-Tornado-9000-Puffs-Real-Pictures.jpg",1000,1000,false],"trp-custom-language-flag":["https:\/\/vapestornado.com\/wp-content\/uploads\/2024\/12\/Fumot-RandM-Tornado-9000-Puffs-Real-Pictures.jpg",12,12,false],"woocommerce_thumbnail":["https:\/\/vapestornado.com\/wp-content\/uploads\/2024\/12\/Fumot-RandM-Tornado-9000-Puffs-Real-Pictures-300x300.jpg",300,300,true],"woocommerce_single":["https:\/\/vapestornado.com\/wp-content\/uploads\/2024\/12\/Fumot-RandM-Tornado-9000-Puffs-Real-Pictures-600x600.jpg",600,600,true],"woocommerce_gallery_thumbnail":["https:\/\/vapestornado.com\/wp-content\/uploads\/2024\/12\/Fumot-RandM-Tornado-9000-Puffs-Real-Pictures-100x100.jpg",100,100,true]},"uagb_author_info":{"display_name":"ESvicky","author_link":"https:\/\/vapestornado.com\/it\/author\/"},"uagb_comment_info":0,"uagb_excerpt":"RandM Tornado 9000 Puffs Disposable Vape offers 9000 puffs, 600mAh battery, RGB lighting, mesh coil, and 43 vibrant flavors for an exceptional vaping experience. (our website price not include shipping cost, please contact me to get whole price and your disccount!)","_links":{"self":[{"href":"https:\/\/vapestornado.com\/it\/wp-json\/wp\/v2\/product\/3429","targetHints":{"allow":["GET"]}}],"collection":[{"href":"https:\/\/vapestornado.com\/it\/wp-json\/wp\/v2\/product"}],"about":[{"href":"https:\/\/vapestornado.com\/it\/wp-json\/wp\/v2\/types\/product"}],"replies":[{"embeddable":true,"href":"https:\/\/vapestornado.com\/it\/wp-json\/wp\/v2\/comments?post=3429"}],"wp:featuredmedia":[{"embeddable":true,"href":"https:\/\/vapestornado.com\/it\/wp-json\/wp\/v2\/media\/3439"}],"wp:attachment":[{"href":"https:\/\/vapestornado.com\/it\/wp-json\/wp\/v2\/media?parent=3429"}],"wp:term":[{"taxonomy":"product_brand","embeddable":true,"href":"https:\/\/vapestornado.com\/it\/wp-json\/wp\/v2\/product_brand?post=3429"},{"taxonomy":"product_cat","embeddable":true,"href":"https:\/\/vapestornado.com\/it\/wp-json\/wp\/v2\/product_cat?post=3429"},{"taxonomy":"product_tag","embeddable":true,"href":"https:\/\/vapestornado.com\/it\/wp-json\/wp\/v2\/product_tag?post=3429"}],"curies":[{"name":"wp","href":"https:\/\/api.w.org\/{rel}","templated":true}]}}