{"id":3418,"date":"2024-12-27T07:53:46","date_gmt":"2024-12-27T07:53:46","guid":{"rendered":"https:\/\/vapestornado.com\/?post_type=product&#038;p=3418"},"modified":"2025-08-23T12:06:26","modified_gmt":"2025-08-23T12:06:26","slug":"refillable-disposable-vape-bang-40000-puffs-with-smart-screen-display-wholesale","status":"publish","type":"product","link":"https:\/\/vapestornado.com\/it\/product\/refillable-disposable-vape-bang-40000-puffs-with-smart-screen-display-wholesale\/","title":{"rendered":"Vaporizzatore usa e getta ricaricabile Bang 40000 Puff con display intelligente all'ingrosso"},"content":{"rendered":"<h1 class=\"product-title\">Vaporizzatore usa e getta ricaricabile Bang 40000 Puff con display intelligente all'ingrosso<\/h1>\n<p>La <strong data-start=\"325\" data-end=\"372\">Bang 40000 Puffs Vaporizzatore usa e getta ricaricabile<\/strong> \u00e8 una svolta nel mercato all'ingrosso, combinando <strong data-start=\"426\" data-end=\"454\">prestazioni di lunga durata<\/strong> con la flessibilit\u00e0 di un <strong data-start=\"482\" data-end=\"504\">sistema di ricarica aperto<\/strong>. Offrendo fino a <strong data-start=\"521\" data-end=\"548\">40.000 boccate per dispositivo<\/strong>, riduce i costi di sostituzione garantendo al contempo ai clienti una soddisfazione prolungata. <span id=\"3\" class=\"notranslate immersive-translate-target-wrapper\" lang=\"zh-CN\" translate=\"no\" data-immersive-translate-loading-id=\"\">\u00a0 <\/span><\/p>\n<p>Suo <strong data-start=\"646\" data-end=\"670\">schermo digitale intelligente<\/strong> mantiene gli utenti aggiornati sul conteggio delle boccate, sullo stato della batteria e sui livelli di e-liquid, mentre il <strong data-start=\"753\" data-end=\"771\">doppia mesh coil<\/strong> garantisce un vapore ricco e saporito ad ogni tiro. Con <strong data-start=\"827\" data-end=\"849\">flusso d'aria regolabile<\/strong> e <strong data-start=\"854\" data-end=\"885\">due modalit\u00e0 di alimentazione (12W<\/strong>, i vapers possono personalizzare la loro esperienza da tiri quotidiani fluidi a nuvole potenti. <span id=\"4\" class=\"notranslate immersive-translate-target-wrapper\" lang=\"zh-CN\" translate=\"no\" data-immersive-translate-loading-id=\"\">\u00a0 <\/span><\/p>\n<p>Alimentato da una <strong data-start=\"990\" data-end=\"1040\">batteria ricaricabile con ricarica rapida Type-C<\/strong>, il Bang 40K non \u00e8 solo ecologico ma anche economico. Perfetto per <strong data-start=\"1117\" data-end=\"1132\">ordini all'ingrosso<\/strong>, questo vaporizzatore usa e getta ricaricabile \u00e8 un investimento intelligente per rivenditori e distributori in tutta Europa.<span id=\"5\" class=\"notranslate immersive-translate-target-wrapper\" lang=\"zh-CN\" translate=\"no\" data-immersive-translate-loading-id=\"\">\u00a0 <\/span><\/p>\n<p><span style=\"color: #ff0000;\"><strong>Aggiungi la risposta immediata di Amy su Whatsapp e il coupon per vaporizzatori!<\/strong><\/span><\/p>\n<p><img fetchpriority=\"high\" decoding=\"async\" class=\"size-full wp-image-2932\" src=\"https:\/\/vapestornado.com\/wp-content\/uploads\/2024\/12\/Vape-Wholesale.jpg\" alt=\"Vape all&#039;ingrosso\" width=\"229\" height=\"300\" \/><\/p>\n<h3><a href=\"https:\/\/wa.me\/8617776015835\" target=\"_blank\" rel=\"noopener\"><span style=\"color: #ff0000;\"><strong>WhatsApp: +86 17776015835<\/strong><\/span><\/a><\/h3>\n<p>&nbsp;<\/p>\n<h2 class=\"product-title\">Vaporizzatore usa e getta Bang 40000<strong>\u00a0Caratteristiche del prodotto<\/strong><\/h2>\n<div role=\"article\" data-tabster=\"{&quot;groupper&quot;:{&quot;tabbability&quot;:2},&quot;focusable&quot;:{}}\" data-content=\"ai-message\" aria-labelledby=\"juhNTJ6o7Gk1cgwZMJgv2-author juhNTJ6o7Gk1cgwZMJgv2-content\">\n<div id=\"juhNTJ6o7Gk1cgwZMJgv2-content\">\n<div role=\"article\" data-tabster=\"{&quot;groupper&quot;:{&quot;tabbability&quot;:2},&quot;focusable&quot;:{}}\" data-content=\"ai-message\" aria-labelledby=\"x4EZuCZWrTbh3weWUt7CU-author x4EZuCZWrTbh3weWUt7CU-content\">\n<div id=\"x4EZuCZWrTbh3weWUt7CU-content\">\n<div class=\"flex max-w-full flex-col flex-grow\">\n<div class=\"min-h-8 text-message flex w-full flex-col items-end gap-2 whitespace-normal break-words text-start [.text-message+&amp;]:mt-5\" dir=\"auto\" data-message-author-role=\"assistant\" data-message-id=\"52c6e00a-252f-4104-805d-2f1a84739c71\" data-message-model-slug=\"gpt-4o\">\n<div class=\"flex w-full flex-col gap-1 empty:hidden first:pt-[3px]\">\n<div class=\"markdown prose w-full break-words dark:prose-invert light\">\n<div class=\"flex max-w-full flex-col flex-grow\">\n<div class=\"min-h-8 text-message flex w-full flex-col items-end gap-2 whitespace-normal break-words text-start [.text-message+&amp;]:mt-5\" dir=\"auto\" data-message-author-role=\"assistant\" data-message-id=\"d3382d71-de90-4719-8ad8-700b383ac952\" data-message-model-slug=\"gpt-4o\">\n<div class=\"flex w-full flex-col gap-1 empty:hidden first:pt-[3px]\">\n<div class=\"markdown prose w-full break-words dark:prose-invert light\">\n<ul>\n<li><strong>Puff<\/strong>: 40,000<\/li>\n<li><strong>Capacit\u00e0 dell'e-liquid<\/strong>: 10 ml<\/li>\n<li><strong>Schermo intelligente<\/strong>: Visualizza il conteggio dei puff, la batteria e il livello dell'e-liquid.<\/li>\n<li><strong>Resistenza a doppia maglia<\/strong>: Sapore ricco e produzione di vapore uniforme.<\/li>\n<li><strong>Batteria<\/strong>: 650 mAh, ricaricabile con porta Type-C.<\/li>\n<li><strong>Caratteristiche di sicurezza<\/strong>: Blocco bambini per una maggiore sicurezza.<\/li>\n<\/ul>\n<p>&nbsp;<\/p>\n<\/div>\n<\/div>\n<\/div>\n<\/div>\n<div class=\"mb-2 flex gap-3 empty:hidden -ml-2\">\n<div class=\"items-center justify-start rounded-xl p-1 flex\"><\/div>\n<\/div>\n<\/div>\n<\/div>\n<\/div>\n<\/div>\n<\/div>\n<\/div>\n<\/div>\n<\/div>\n<h2 class=\"product-title\"><strong>Gusto popolare per Bang\u00a0<\/strong><strong>Svapo\u00a0<\/strong><strong>40000<\/strong><\/h2>\n<p>Assapora una vasta selezione di <strong>11 deliziosi gusti<\/strong>, dalle miscele fruttate a quelle ghiacciate, assicurando che ogni vaper trovi l'abbinamento perfetto. Trova i gusti pi\u00f9 popolari per il vaporizzatore usa e getta ricaricabile Bang King 25000 Puffs in base ai nostri dati di vendita e ai feedback dei clienti.<\/p>\n<p>1. Ghiaccio all'anguria<\/p>\n<p>2. Fragola e Mango<span style=\"color: #ff0000;\"><strong>&gt;&gt;&gt;&gt; Caldo!<\/strong><\/span><\/p>\n<p>3. Anguria Fragola<\/p>\n<p>4. Uva ghiaccio<\/p>\n<p>5. Anguria Mango Pesca<span style=\"color: #ff0000;\"><strong>&gt;&gt;&gt;&gt; Caldo!<\/strong><\/span><\/p>\n<p>6. Lampone Mirtillo <span style=\"color: #ff0000;\"><strong>&gt;&gt;&gt;&gt; Il migliore!<\/strong><\/span><\/p>\n<p>7. Ghiaccio al Mirtillo<\/p>\n<p>8. Banana Fragola<\/p>\n<p>9. Anguria Mirtillo<\/p>\n<p>10. Red Bull<\/p>\n<p>11. Kiwi Fragola<\/p>\n<div class=\"flex-shrink-0 flex flex-col relative items-end\">\n<div class=\"pt-0\">\n<div class=\"gizmo-bot-avatar flex h-8 w-8 items-center justify-center overflow-hidden rounded-full\">\n<div class=\"relative p-1 rounded-sm flex items-center justify-center bg-token-main-surface-primary text-token-text-primary h-8 w-8\">\n<figure id=\"attachment_3551\" aria-describedby=\"caption-attachment-3551\" style=\"width: 1024px\" class=\"wp-caption alignnone\"><img decoding=\"async\" class=\"wp-image-3551 size-large\" src=\"https:\/\/vapestornado.com\/wp-content\/uploads\/2024\/12\/Bang-Vape-40000-Puffs-Disposable-Vape-1024x576.webp\" alt=\"Bang Vape 40000 Puff Vaporizzatore Usa e Getta\" width=\"1024\" height=\"576\" srcset=\"https:\/\/vapestornado.com\/wp-content\/uploads\/2024\/12\/Bang-Vape-40000-Puffs-Disposable-Vape-1024x576.webp 1024w, https:\/\/vapestornado.com\/wp-content\/uploads\/2024\/12\/Bang-Vape-40000-Puffs-Disposable-Vape-300x169.webp 300w, https:\/\/vapestornado.com\/wp-content\/uploads\/2024\/12\/Bang-Vape-40000-Puffs-Disposable-Vape-768x432.webp 768w, https:\/\/vapestornado.com\/wp-content\/uploads\/2024\/12\/Bang-Vape-40000-Puffs-Disposable-Vape-1536x864.webp 1536w, https:\/\/vapestornado.com\/wp-content\/uploads\/2024\/12\/Bang-Vape-40000-Puffs-Disposable-Vape-2048x1152.webp 2048w, https:\/\/vapestornado.com\/wp-content\/uploads\/2024\/12\/Bang-Vape-40000-Puffs-Disposable-Vape-600x338.webp 600w\" sizes=\"(max-width: 1024px) 100vw, 1024px\" \/><figcaption id=\"caption-attachment-3551\" class=\"wp-caption-text\">Bang Vape 40000 Puff Vaporizzatore Usa e Getta<\/figcaption><\/figure>\n<h3>FAQ per i Vaporizzatori Usa e Getta Bang 40k<\/h3>\n<h4><\/h4>\n<ol>\n<li><strong>Come faccio a ricaricare il vape Bang 40000?<\/strong><br \/>\nApri la porta di ricarica, riempila con il tuo e-liquid preferito e chiudila saldamente.<\/li>\n<li><strong>Cosa rende il Bang 40000 ecologico?<\/strong><br \/>\nIl suo design ricaricabile riduce gli sprechi, rendendolo pi\u00f9 sostenibile rispetto ai tradizionali vape usa e getta.<\/li>\n<li><strong>Il Bang 40000 supporta la potenza regolabile?<\/strong><br \/>\nS\u00ec! Passa da <strong>12W per l'uso regolare<\/strong> e <strong>24W per un vaping pi\u00f9 intenso<\/strong>.<\/li>\n<li><strong>Posso usare e-liquid senza nicotina con questo dispositivo?<\/strong><br \/>\nAssolutamente! Il design ricaricabile aperto supporta e-liquid con <strong>0%, 2%, 3% o 5% nicotina<\/strong>.<\/li>\n<li><strong>Dove posso acquistare il Bang 40000 a un prezzo all'ingrosso?<\/strong><br \/>\nVisita <strong>vapestornado negozio di vape online<\/strong> per le migliori offerte sul <strong>Vape usa e getta ricaricabile Bang 40000<\/strong>.<\/li>\n<\/ol>\n<div class=\"flex max-w-full flex-col flex-grow\">\n<div class=\"min-h-8 text-message flex w-full flex-col items-end gap-2 whitespace-normal break-words text-start [.text-message+&amp;]:mt-5\" dir=\"auto\" data-message-author-role=\"assistant\" data-message-id=\"4dc48248-df95-45bd-b800-6dedb43cf7f1\" data-message-model-slug=\"gpt-4o\">\n<div class=\"flex w-full flex-col gap-1 empty:hidden first:pt-[3px]\">\n<div class=\"markdown prose w-full break-words dark:prose-invert light\">\n<p>&nbsp;<\/p>\n<\/div>\n<\/div>\n<\/div>\n<\/div>\n<\/div>\n<\/div>\n<\/div>\n<\/div>\n<div class=\"flex-shrink-0 flex flex-col relative items-end\">\n<div class=\"pt-0\">\n<div class=\"gizmo-bot-avatar flex h-8 w-8 items-center justify-center overflow-hidden rounded-full\">\n<div class=\"relative p-1 rounded-sm flex items-center justify-center bg-token-main-surface-primary text-token-text-primary h-8 w-8\">\n<div class=\"mb-2 flex gap-3 empty:hidden -ml-2\">\n<div role=\"article\" data-tabster=\"{&quot;groupper&quot;:{&quot;tabbability&quot;:2},&quot;focusable&quot;:{}}\" data-content=\"ai-message\" aria-labelledby=\"Vdt5ez4X7Tg813x6rFVha-author Vdt5ez4X7Tg813x6rFVha-content\">\n<div id=\"Vdt5ez4X7Tg813x6rFVha-content\">\n<div role=\"article\" data-tabster=\"{&quot;groupper&quot;:{&quot;tabbability&quot;:2},&quot;focusable&quot;:{}}\" data-content=\"ai-message\" aria-labelledby=\"o968oC7CEo2fGHsGdsRYC-author o968oC7CEo2fGHsGdsRYC-content\">\n<div id=\"o968oC7CEo2fGHsGdsRYC-content\">\n<h3>Perch\u00e9 scegliere vapestornado per la vendita all'ingrosso di vape usa e getta Bang 40000?<\/h3>\n<div class=\"flex-shrink-0 flex flex-col relative items-end\">\n<div class=\"pt-0\">\n<div class=\"gizmo-bot-avatar flex h-8 w-8 items-center justify-center overflow-hidden rounded-full\">\n<div class=\"relative p-1 rounded-sm flex items-center justify-center bg-token-main-surface-primary text-token-text-primary h-8 w-8\">\n<p>Benvenuti in vapestornado, il tuo negozio di vape online di fiducia per vape usa e getta premium. Con pi\u00f9 di 5 anni di esperienza, ti offriamo marchi di vape usa e getta popolari come Fumot RandM Vape, <a href=\"https:\/\/vapestornado.com\/it\/product-category\/vapme-shisha\/\">Vapme<\/a>, Bang Vape, Waspe Vape e WGA Vape, ecc.<\/p>\n<p>La nostra gamma include vape di vendita calda come il <a href=\"https:\/\/vapestornado.com\/it\/product\/randm-12000-puffs-fumot-digital-disposable-vape-wholesale-price\/\">RandM Tornado 12000<\/a>, e scelte ricche di sapore come il <a href=\"https:\/\/vapestornado.com\/it\/product\/wga-crystal-pro-max-extra-15000-puffs-rechargeable-disposable-vape-wholesale-bulk-buy\/\">\u00a0WGA Crystal 15k Puff<\/a> . Ogni prodotto \u00e8 scelto con un focus su qualit\u00e0, valore e variet\u00e0, assicurandoti di trovare la corrispondenza perfetta per le tue esigenze. Scopri un servizio eccezionale e una vasta gamma di prodotti di alta qualit\u00e0 con prezzi all'ingrosso su vapestornado.<\/p>\n<\/div>\n<p>&nbsp;<\/p>\n<p><strong>Altri vaporizzatori usa e getta in vendita<\/strong><\/p>\n<p><a href=\"https:\/\/vapestornado.com\/it\/product\/bang-box-20000-puffs-0-2-5-low-nicotine-rechargeable-digital-display-disposable-vape-pen-wholesale-bulk-buy\/\">Bang Vape 20000 Puff <span style=\"color: #ff0000;\"><strong>&gt;&gt;&gt;&gt; Vai !<\/strong><\/span><\/a><\/p>\n<p><a href=\"https:\/\/vapestornado.com\/it\/product\/vapsolo-triple-30000-puffs-3-flavors-in-1-rechargeable-disposable-vapes-pen-bulk-buy-wholesale\/\">Vapsolo Triplo 30000 <span style=\"color: #ff0000;\"><strong>&gt;&gt;&gt;&gt; Vai !<\/strong><\/span><\/a><\/p>\n<p><a href=\"https:\/\/vapestornado.com\/it\/product\/bood-twins-46000-puff-double-flavour-low-nicotine-disposable-vape-wholesale-bulk-buy-price\/\">Bood Twins 46000<span style=\"color: #ff0000;\"><strong>&gt;&gt;&gt;&gt; Vai !<\/strong><\/span><\/a><\/p>\n<\/div>\n<\/div>\n<\/div>\n<p>&nbsp;<\/p>\n<\/div>\n<\/div>\n<\/div>\n<\/div>\n<\/div>\n<\/div>\n<\/div>\n<\/div>\n<\/div>","protected":false},"excerpt":{"rendered":"<p>La <strong data-start=\"1240\" data-end=\"1268\">Vaporizzatore ricaricabile Bang 40K<\/strong> offre 40.000 boccate, schermo intelligente, doppie resistenze a mesh e flessibilit\u00e0 di ricarica, ideale per <strong data-start=\"1354\" data-end=\"1378\">vendite all'ingrosso in grandi quantit\u00e0<\/strong>.<br \/>\nBang Vape 40000 Puffs Vaporizzatore usa e getta ricaricabile all'ingrosso<\/p>\n<p><strong>Aggiungi il whatsapp di Amy per ottenere subito una risposta e un coupon per il vape!<\/strong><\/p>\n<p><img fetchpriority=\"high\" decoding=\"async\" class=\"size-full wp-image-2932\" src=\"https:\/\/vapestornado.com\/wp-content\/uploads\/2024\/12\/Vape-Wholesale.jpg\" alt=\"Vape all&#039;ingrosso\" width=\"229\" height=\"300\" \/><\/p>\n<h3><a href=\"https:\/\/wa.me\/8617776015835\"><span style=\"color: #ff0000;\"><strong>WhatsApp: +86 17776015835<\/strong><\/span><\/a><\/h3>\n<p>&nbsp;<\/p>","protected":false},"featured_media":3553,"comment_status":"open","ping_status":"closed","template":"","meta":{"_acf_changed":false,"_uag_custom_page_level_css":"","_lmt_disableupdate":"no","_lmt_disable":"","_monsterinsights_skip_tracking":false,"_monsterinsights_sitenote_active":false,"_monsterinsights_sitenote_note":"","_monsterinsights_sitenote_category":0,"site-sidebar-layout":"default","site-content-layout":"","ast-site-content-layout":"default","site-content-style":"default","site-sidebar-style":"default","ast-global-header-display":"","ast-banner-title-visibility":"","ast-main-header-display":"","ast-hfb-above-header-display":"","ast-hfb-below-header-display":"","ast-hfb-mobile-header-display":"","site-post-title":"","ast-breadcrumbs-content":"","ast-featured-img":"","footer-sml-layout":"","ast-disable-related-posts":"","theme-transparent-header-meta":"default","adv-header-id-meta":"","stick-header-meta":"","header-above-stick-meta":"","header-main-stick-meta":"","header-below-stick-meta":"","astra-migrate-meta-layouts":"set","ast-page-background-enabled":"default","ast-page-background-meta":{"desktop":{"background-color":"","background-image":"","background-repeat":"repeat","background-position":"center center","background-size":"auto","background-attachment":"scroll","background-type":"","background-media":"","overlay-type":"","overlay-color":"","overlay-opacity":"","overlay-gradient":""},"tablet":{"background-color":"","background-image":"","background-repeat":"repeat","background-position":"center center","background-size":"auto","background-attachment":"scroll","background-type":"","background-media":"","overlay-type":"","overlay-color":"","overlay-opacity":"","overlay-gradient":""},"mobile":{"background-color":"","background-image":"","background-repeat":"repeat","background-position":"center center","background-size":"auto","background-attachment":"scroll","background-type":"","background-media":"","overlay-type":"","overlay-color":"","overlay-opacity":"","overlay-gradient":""}},"ast-content-background-meta":{"desktop":{"background-color":"var(--ast-global-color-5)","background-image":"","background-repeat":"repeat","background-position":"center center","background-size":"auto","background-attachment":"scroll","background-type":"","background-media":"","overlay-type":"","overlay-color":"","overlay-opacity":"","overlay-gradient":""},"tablet":{"background-color":"var(--ast-global-color-5)","background-image":"","background-repeat":"repeat","background-position":"center center","background-size":"auto","background-attachment":"scroll","background-type":"","background-media":"","overlay-type":"","overlay-color":"","overlay-opacity":"","overlay-gradient":""},"mobile":{"background-color":"var(--ast-global-color-5)","background-image":"","background-repeat":"repeat","background-position":"center center","background-size":"auto","background-attachment":"scroll","background-type":"","background-media":"","overlay-type":"","overlay-color":"","overlay-opacity":"","overlay-gradient":""}},"_joinchat":{"telephone":"+8617776015835"}},"product_brand":[],"product_cat":[140,65,150,152,158,142,146],"product_tag":[196,212,165,105,97,166,94,213],"class_list":{"0":"post-3418","1":"product","2":"type-product","3":"status-publish","4":"has-post-thumbnail","6":"product_cat-big-puffs-disposable-vapes","7":"product_cat-40000-puff","8":"product_cat-buy-disposable-vapes-in-belgium","9":"product_cat-buy-disposable-vapes-in-cermany","10":"product_cat-buy-disposable-vapes-in-spain","11":"product_cat-digital-box-disposable-vapes","12":"product_cat-rechargeable-disposable-vapes","13":"product_tag-bang-vape","14":"product_tag-bang-vape-40000","15":"product_tag-cheap-vapes","16":"product_tag-digital-disposable-vape","17":"product_tag-hot-sale-disposable-vape","18":"product_tag-low-nicotine-vape","19":"product_tag-rechargeable-disposable-vape","20":"product_tag-refillable-disposable-vape","21":"desktop-align-left","22":"tablet-align-left","23":"mobile-align-left","25":"first","26":"instock","27":"sale","28":"shipping-taxable","29":"purchasable","30":"product-type-simple"},"acf":[],"uagb_featured_image_src":{"full":["https:\/\/vapestornado.com\/wp-content\/uploads\/2024\/12\/PUFF-40K-40000-LED-Display-Disposable-Vape.webp",1000,1000,false],"thumbnail":["https:\/\/vapestornado.com\/wp-content\/uploads\/2024\/12\/PUFF-40K-40000-LED-Display-Disposable-Vape-150x150.webp",150,150,true],"medium":["https:\/\/vapestornado.com\/wp-content\/uploads\/2024\/12\/PUFF-40K-40000-LED-Display-Disposable-Vape-300x300.webp",300,300,true],"medium_large":["https:\/\/vapestornado.com\/wp-content\/uploads\/2024\/12\/PUFF-40K-40000-LED-Display-Disposable-Vape-768x768.webp",768,768,true],"large":["https:\/\/vapestornado.com\/wp-content\/uploads\/2024\/12\/PUFF-40K-40000-LED-Display-Disposable-Vape.webp",1000,1000,false],"1536x1536":["https:\/\/vapestornado.com\/wp-content\/uploads\/2024\/12\/PUFF-40K-40000-LED-Display-Disposable-Vape.webp",1000,1000,false],"2048x2048":["https:\/\/vapestornado.com\/wp-content\/uploads\/2024\/12\/PUFF-40K-40000-LED-Display-Disposable-Vape.webp",1000,1000,false],"trp-custom-language-flag":["https:\/\/vapestornado.com\/wp-content\/uploads\/2024\/12\/PUFF-40K-40000-LED-Display-Disposable-Vape.webp",12,12,false],"woocommerce_thumbnail":["https:\/\/vapestornado.com\/wp-content\/uploads\/2024\/12\/PUFF-40K-40000-LED-Display-Disposable-Vape-300x300.webp",300,300,true],"woocommerce_single":["https:\/\/vapestornado.com\/wp-content\/uploads\/2024\/12\/PUFF-40K-40000-LED-Display-Disposable-Vape-600x600.webp",600,600,true],"woocommerce_gallery_thumbnail":["https:\/\/vapestornado.com\/wp-content\/uploads\/2024\/12\/PUFF-40K-40000-LED-Display-Disposable-Vape-100x100.webp",100,100,true]},"uagb_author_info":{"display_name":"ESAMY","author_link":"https:\/\/vapestornado.com\/it\/author\/"},"uagb_comment_info":0,"uagb_excerpt":"The Bang 40K Refillable Vape offers 40,000 puffs, smart screen, dual mesh coils, and refill flexibility\u2014ideal for wholesale bulk sales. Bang Vape 40000 Puffs\u00a0Rechargeable Disposable Vape Wholesale Add Amy's whatsapp get right reply and vape coupon! WhatsApp: +86 17776015835 &nbsp;","_links":{"self":[{"href":"https:\/\/vapestornado.com\/it\/wp-json\/wp\/v2\/product\/3418","targetHints":{"allow":["GET"]}}],"collection":[{"href":"https:\/\/vapestornado.com\/it\/wp-json\/wp\/v2\/product"}],"about":[{"href":"https:\/\/vapestornado.com\/it\/wp-json\/wp\/v2\/types\/product"}],"replies":[{"embeddable":true,"href":"https:\/\/vapestornado.com\/it\/wp-json\/wp\/v2\/comments?post=3418"}],"wp:featuredmedia":[{"embeddable":true,"href":"https:\/\/vapestornado.com\/it\/wp-json\/wp\/v2\/media\/3553"}],"wp:attachment":[{"href":"https:\/\/vapestornado.com\/it\/wp-json\/wp\/v2\/media?parent=3418"}],"wp:term":[{"taxonomy":"product_brand","embeddable":true,"href":"https:\/\/vapestornado.com\/it\/wp-json\/wp\/v2\/product_brand?post=3418"},{"taxonomy":"product_cat","embeddable":true,"href":"https:\/\/vapestornado.com\/it\/wp-json\/wp\/v2\/product_cat?post=3418"},{"taxonomy":"product_tag","embeddable":true,"href":"https:\/\/vapestornado.com\/it\/wp-json\/wp\/v2\/product_tag?post=3418"}],"curies":[{"name":"wp","href":"https:\/\/api.w.org\/{rel}","templated":true}]}}